{"id":12227,"date":"2023-08-18T10:44:32","date_gmt":"2023-08-18T05:14:32","guid":{"rendered":"https:\/\/conexmetals.com\/?post_type=product&#038;p=12227"},"modified":"2024-12-19T12:41:18","modified_gmt":"2024-12-19T07:11:18","slug":"conectores-en-linea-y-empalmes","status":"publish","type":"product","link":"https:\/\/conexmetals.com\/es\/producto\/conectores-en-linea-y-empalmes\/","title":{"rendered":"Conectores en l\u00ednea y empalmes"},"content":{"rendered":"","protected":false},"excerpt":{"rendered":"<p><img decoding=\"async\" class=\"alignnone size-medium wp-image-12174 lazy loaded\" src=\"https:\/\/conexmetals.com\/wp-content\/uploads\/2023\/08\/Inline-Connectors-Splices-300x155.webp\" alt=\"Empalmes de conectores en l\u00ednea\" width=\"300\" height=\"155\" data-src=\"https:\/\/conexmetals.com\/wp-content\/uploads\/2023\/08\/Inline-Connectors-Splices-300x155.webp\" data-was-processed=\"true\" srcset=\"https:\/\/conexmetals.com\/wp-content\/uploads\/2023\/08\/Inline-Connectors-Splices-300x155.webp 300w, https:\/\/conexmetals.com\/wp-content\/uploads\/2023\/08\/Inline-Connectors-Splices.webp 610w\" sizes=\"(max-width: 300px) 100vw, 300px\" \/><\/p>\n<table id=\"tablepress-386\" class=\"tablepress tablepress-id-386\">\n<caption>\u00a0<\/caption>\n<thead>\n<tr class=\"row-1 odd\">\n<th class=\"column-1\"><strong><span>N\u00famero de serie<\/span><\/strong><\/th>\n<th class=\"column-2\"><strong><span>\u00c1rea\u00a0<\/span><sup><span>mm2<\/span><\/sup><\/strong><\/th>\n<th class=\"column-3\" colspan=\"3\"><span>Dimensiones en mm<\/span><\/th>\n<\/tr>\n<\/thead>\n<tbody class=\"row-hover\">\n<tr class=\"row-2 even\">\n<td class=\"column-1\" colspan=\"2\"><\/td>\n<td class=\"column-3\"><strong><span>O Un<\/span><\/strong><\/td>\n<td class=\"column-4\"><strong><span>JEFE<\/span><\/strong><\/td>\n<td class=\"column-5\"><strong><span>yo<\/span><\/strong><\/td>\n<\/tr>\n<tr class=\"row-3 odd\">\n<td class=\"column-1\"><span>1<\/span><\/td>\n<td class=\"column-2\"><span>1.5<\/span><\/td>\n<td class=\"column-3\"><span>1.6<\/span><\/td>\n<td class=\"column-4\"><span>3.2<\/span><\/td>\n<td class=\"column-5\"><span>7<\/span><\/td>\n<\/tr>\n<tr class=\"row-4 even\">\n<td class=\"column-1\"><span>2<\/span><\/td>\n<td class=\"column-2\"><span>1.5<\/span><\/td>\n<td class=\"column-3\"><span>1.8<\/span><\/td>\n<td class=\"column-4\"><span>3.7<\/span><\/td>\n<td class=\"column-5\"><span>12<\/span><\/td>\n<\/tr>\n<tr class=\"row-5 odd\">\n<td class=\"column-1\"><span>3<\/span><\/td>\n<td class=\"column-2\"><span>1.5<\/span><\/td>\n<td class=\"column-3\"><span>1.8<\/span><\/td>\n<td class=\"column-4\"><span>2.6<\/span><\/td>\n<td class=\"column-5\"><span>10<\/span><\/td>\n<\/tr>\n<tr class=\"row-6 even\">\n<td class=\"column-1\"><span>4<\/span><\/td>\n<td class=\"column-2\"><span>2.5<\/span><\/td>\n<td class=\"column-3\"><span>2.4<\/span><\/td>\n<td class=\"column-4\"><span>4<\/span><\/td>\n<td class=\"column-5\"><span>15<\/span><\/td>\n<\/tr>\n<tr class=\"row-7 odd\">\n<td class=\"column-1\"><span>5<\/span><\/td>\n<td class=\"column-2\"><span>2.5<\/span><\/td>\n<td class=\"column-3\"><span>2.4<\/span><\/td>\n<td class=\"column-4\"><span>4<\/span><\/td>\n<td class=\"column-5\"><span>7<\/span><\/td>\n<\/tr>\n<tr class=\"row-8 even\">\n<td class=\"column-1\"><span>6<\/span><\/td>\n<td class=\"column-2\"><span>2.5<\/span><\/td>\n<td class=\"column-3\"><span>2<\/span><\/td>\n<td class=\"column-4\"><span>3.7<\/span><\/td>\n<td class=\"column-5\"><span>15<\/span><\/td>\n<\/tr>\n<tr class=\"row-9 odd\">\n<td class=\"column-1\"><span>7<\/span><\/td>\n<td class=\"column-2\"><span>4<\/span><\/td>\n<td class=\"column-3\"><span>3.1<\/span><\/td>\n<td class=\"column-4\"><span>4.8<\/span><\/td>\n<td class=\"column-5\"><span>15<\/span><\/td>\n<\/tr>\n<tr class=\"row-10 even\">\n<td class=\"column-1\"><span>8<\/span><\/td>\n<td class=\"column-2\"><span>4-6<\/span><\/td>\n<td class=\"column-3\"><span>3.5<\/span><\/td>\n<td class=\"column-4\"><span>5.5<\/span><\/td>\n<td class=\"column-5\"><span>15<\/span><\/td>\n<\/tr>\n<tr class=\"row-11 odd\">\n<td class=\"column-1\"><span>9<\/span><\/td>\n<td class=\"column-2\"><span>4-6<\/span><\/td>\n<td class=\"column-3\"><span>3.5<\/span><\/td>\n<td class=\"column-4\"><span>5.5<\/span><\/td>\n<td class=\"column-5\"><span>7<\/span><\/td>\n<\/tr>\n<tr class=\"row-12 even\">\n<td class=\"column-1\"><span>10<\/span><\/td>\n<td class=\"column-2\"><span>6<\/span><\/td>\n<td class=\"column-3\"><span>3.8<\/span><\/td>\n<td class=\"column-4\"><span>5.5<\/span><\/td>\n<td class=\"column-5\"><span>15<\/span><\/td>\n<\/tr>\n<tr class=\"row-13 odd\">\n<td class=\"column-1\"><span>11<\/span><\/td>\n<td class=\"column-2\"><span>10<\/span><\/td>\n<td class=\"column-3\"><span>4.4<\/span><\/td>\n<td class=\"column-4\"><span>6.2<\/span><\/td>\n<td class=\"column-5\"><span>9<\/span><\/td>\n<\/tr>\n<tr class=\"row-14 even\">\n<td class=\"column-1\"><span>12<\/span><\/td>\n<td class=\"column-2\"><span>16<\/span><\/td>\n<td class=\"column-3\"><span>5.6<\/span><\/td>\n<td class=\"column-4\"><span>8<\/span><\/td>\n<td class=\"column-5\"><span>23<\/span><\/td>\n<\/tr>\n<tr class=\"row-15 odd\">\n<td class=\"column-1\"><span>13<\/span><\/td>\n<td class=\"column-2\"><span>16<\/span><\/td>\n<td class=\"column-3\"><span>5.6<\/span><\/td>\n<td class=\"column-4\"><span>8<\/span><\/td>\n<td class=\"column-5\"><span>10<\/span><\/td>\n<\/tr>\n<tr class=\"row-16 even\">\n<td class=\"column-1\"><span>14<\/span><\/td>\n<td class=\"column-2\"><span>16<\/span><\/td>\n<td class=\"column-3\"><span>5.3<\/span><\/td>\n<td class=\"column-4\"><span>7.1<\/span><\/td>\n<td class=\"column-5\"><span>20<\/span><\/td>\n<\/tr>\n<tr class=\"row-17 odd\">\n<td class=\"column-1\"><span>15<\/span><\/td>\n<td class=\"column-2\"><span>25<\/span><\/td>\n<td class=\"column-3\"><span>7.5<\/span><\/td>\n<td class=\"column-4\"><span>11.1<\/span><\/td>\n<td class=\"column-5\"><span>25<\/span><\/td>\n<\/tr>\n<tr class=\"row-18 even\">\n<td class=\"column-1\"><span>16<\/span><\/td>\n<td class=\"column-2\"><span>25<\/span><\/td>\n<td class=\"column-3\"><span>7.5<\/span><\/td>\n<td class=\"column-4\"><span>11.1<\/span><\/td>\n<td class=\"column-5\"><span>11<\/span><\/td>\n<\/tr>\n<tr class=\"row-19 odd\">\n<td class=\"column-1\"><span>17<\/span><\/td>\n<td class=\"column-2\"><span>25<\/span><\/td>\n<td class=\"column-3\"><span>7<\/span><\/td>\n<td class=\"column-4\"><span>9<\/span><\/td>\n<td class=\"column-5\"><span>25<\/span><\/td>\n<\/tr>\n<tr class=\"row-20 even\">\n<td class=\"column-1\"><span>18<\/span><\/td>\n<td class=\"column-2\"><span>25<\/span><\/td>\n<td class=\"column-3\"><span>6.8<\/span><\/td>\n<td class=\"column-4\"><span>8.8<\/span><\/td>\n<td class=\"column-5\"><span>32<\/span><\/td>\n<\/tr>\n<tr class=\"row-21 odd\">\n<td class=\"column-1\"><span>19<\/span><\/td>\n<td class=\"column-2\"><span>35<\/span><\/td>\n<td class=\"column-3\"><span>9<\/span><\/td>\n<td class=\"column-4\"><span>12.6<\/span><\/td>\n<td class=\"column-5\"><span>27<\/span><\/td>\n<\/tr>\n<tr class=\"row-22 even\">\n<td class=\"column-1\"><span>20<\/span><\/td>\n<td class=\"column-2\"><span>35<\/span><\/td>\n<td class=\"column-3\"><span>9<\/span><\/td>\n<td class=\"column-4\"><span>12.6<\/span><\/td>\n<td class=\"column-5\"><span>12<\/span><\/td>\n<\/tr>\n<tr class=\"row-23 odd\">\n<td class=\"column-1\"><span>21<\/span><\/td>\n<td class=\"column-2\"><span>35<\/span><\/td>\n<td class=\"column-3\"><span>8<\/span><\/td>\n<td class=\"column-4\"><span>10<\/span><\/td>\n<td class=\"column-5\"><span>30<\/span><\/td>\n<\/tr>\n<tr class=\"row-24 even\">\n<td class=\"column-1\"><span>22<\/span><\/td>\n<td class=\"column-2\"><span>35<\/span><\/td>\n<td class=\"column-3\"><span>8.2<\/span><\/td>\n<td class=\"column-4\"><span>10.6<\/span><\/td>\n<td class=\"column-5\"><span>36<\/span><\/td>\n<\/tr>\n<tr class=\"row-25 odd\">\n<td class=\"column-1\"><span>23<\/span><\/td>\n<td class=\"column-2\"><span>50<\/span><\/td>\n<td class=\"column-3\"><span>9.2<\/span><\/td>\n<td class=\"column-4\"><span>11.2<\/span><\/td>\n<td class=\"column-5\"><span>35<\/span><\/td>\n<\/tr>\n<tr class=\"row-26 even\">\n<td class=\"column-1\"><span>24<\/span><\/td>\n<td class=\"column-2\"><span>50<\/span><\/td>\n<td class=\"column-3\"><span>9.2<\/span><\/td>\n<td class=\"column-4\"><span>12.4<\/span><\/td>\n<td class=\"column-5\"><span>40<\/span><\/td>\n<\/tr>\n<tr class=\"row-27 odd\">\n<td class=\"column-1\"><span>25<\/span><\/td>\n<td class=\"column-2\"><span>70<\/span><\/td>\n<td class=\"column-3\"><span>12<\/span><\/td>\n<td class=\"column-4\"><span>16<\/span><\/td>\n<td class=\"column-5\"><span>42<\/span><\/td>\n<\/tr>\n<tr class=\"row-28 even\">\n<td class=\"column-1\"><span>26<\/span><\/td>\n<td class=\"column-2\"><span>70<\/span><\/td>\n<td class=\"column-3\"><span>12<\/span><\/td>\n<td class=\"column-4\"><span>16<\/span><\/td>\n<td class=\"column-5\"><span>18<\/span><\/td>\n<\/tr>\n<tr class=\"row-29 odd\">\n<td class=\"column-1\"><span>27<\/span><\/td>\n<td class=\"column-2\"><span>70<\/span><\/td>\n<td class=\"column-3\"><span>11.5<\/span><\/td>\n<td class=\"column-4\"><span>13.8<\/span><\/td>\n<td class=\"column-5\"><span>40<\/span><\/td>\n<\/tr>\n<tr class=\"row-30 even\">\n<td class=\"column-1\"><span>28<\/span><\/td>\n<td class=\"column-2\"><span>70<\/span><\/td>\n<td class=\"column-3\"><span>11.2<\/span><\/td>\n<td class=\"column-4\"><span>14.7<\/span><\/td>\n<td class=\"column-5\"><span>50<\/span><\/td>\n<\/tr>\n<tr class=\"row-31 odd\">\n<td class=\"column-1\"><span>29<\/span><\/td>\n<td class=\"column-2\"><span>70<\/span><\/td>\n<td class=\"column-3\"><span>11.2<\/span><\/td>\n<td class=\"column-4\"><span>14.7<\/span><\/td>\n<td class=\"column-5\"><span>40<\/span><\/td>\n<\/tr>\n<tr class=\"row-32 even\">\n<td class=\"column-1\"><span>30<\/span><\/td>\n<td class=\"column-2\"><span>95<\/span><\/td>\n<td class=\"column-3\"><span>12.8<\/span><\/td>\n<td class=\"column-4\"><span>15.6<\/span><\/td>\n<td class=\"column-5\"><span>45<\/span><\/td>\n<\/tr>\n<\/tbody>\n<\/table>\n<p><span>Los conectores y empalmes en l\u00ednea son componentes el\u00e9ctricos especializados que se utilizan para unir o conectar dos o m\u00e1s conductores el\u00e9ctricos en l\u00ednea recta o \u201cen l\u00ednea\u201d. Estos conectores y empalmes proporcionan una conexi\u00f3n segura y aislada, lo que garantiza una continuidad el\u00e9ctrica confiable y reduce el riesgo de fallas o peligros el\u00e9ctricos.<\/span><\/p>\n<p>&nbsp;<\/p>\n<p><span>Las caracter\u00edsticas y usos clave de los conectores y empalmes en l\u00ednea incluyen:<\/span><\/p>\n<ol>\n<li><span>Dise\u00f1o: Los conectores y empalmes en l\u00ednea est\u00e1n dise\u00f1ados para acomodar m\u00faltiples conductores en una sola conexi\u00f3n, lo que permite la fusi\u00f3n de cables en una configuraci\u00f3n de l\u00ednea recta.<\/span><\/li>\n<li><span>Material: Normalmente est\u00e1n fabricados con materiales con buena conductividad el\u00e9ctrica, como cobre o aluminio, para garantizar conexiones de baja resistencia.<\/span><\/li>\n<li><span>Aislamiento: Muchos conectores y empalmes en l\u00ednea vienen con cubiertas o mangas aislantes hechas de materiales como PVC o nailon para proporcionar aislamiento el\u00e9ctrico y proteger la conexi\u00f3n de la humedad, el polvo y el da\u00f1o f\u00edsico.<\/span><\/li>\n<li><span>Tipos: Los conectores y empalmes en l\u00ednea vienen en varios tipos, como empalmes a tope, conectores de cables en l\u00ednea y conectores en l\u00ednea aislados, para adaptarse a diferentes aplicaciones y tama\u00f1os de cables.<\/span><\/li>\n<li><span>Terminaci\u00f3n: Se unen a los conductores mediante m\u00e9todos de engarce, soldadura o compresi\u00f3n, seg\u00fan el tipo de conector y la aplicaci\u00f3n.<\/span><\/li>\n<li><span>Aplicaciones: Los conectores y empalmes en l\u00ednea se utilizan en una amplia gama de sistemas el\u00e9ctricos, incluido el cableado automotriz, instalaciones el\u00e9ctricas dom\u00e9sticas, cableado industrial y circuitos de control.<\/span><\/li>\n<li><span>F\u00e1cil instalaci\u00f3n: Los conectores y empalmes en l\u00ednea ofrecen una soluci\u00f3n conveniente y f\u00e1cil de instalar para unir m\u00faltiples conductores, eliminando la necesidad de realizar torsiones y encintados complicados.<\/span><\/li>\n<li><span>Seguridad el\u00e9ctrica: Los conectores y empalmes en l\u00ednea instalados correctamente mantienen la seguridad el\u00e9ctrica al proporcionar conexiones seguras y evitar el contacto accidental con conductores activos.<\/span><\/li>\n<li><span>Reutilizaci\u00f3n: algunos tipos de conectores y empalmes en l\u00ednea son reutilizables, lo que permite la desconexi\u00f3n y reconexi\u00f3n cuando sea necesario.<\/span><\/li>\n<\/ol>\n<p><span>Los conectores y empalmes en l\u00ednea son componentes valiosos en proyectos de instalaci\u00f3n y cableado el\u00e9ctrico, donde es necesario unir varios conductores de manera ordenada y prolija. Ofrecen una soluci\u00f3n m\u00e1s organizada y confiable en comparaci\u00f3n con los m\u00e9todos tradicionales, como las tuercas para cables y el trenzado.<\/span><\/p>\n<p><span>Al utilizar conectores y empalmes en l\u00ednea, es fundamental seleccionar el tipo y el tama\u00f1o de conector adecuados en funci\u00f3n del calibre del cable y los requisitos de la aplicaci\u00f3n. Las t\u00e9cnicas de instalaci\u00f3n adecuadas, como el engarce o la compresi\u00f3n, son fundamentales para lograr conexiones seguras y duraderas.<\/span><\/p>\n","protected":false},"featured_media":7307,"template":"","meta":[],"product_brand":[],"product_cat":[407],"product_tag":[],"class_list":{"0":"post-12227","1":"product","2":"type-product","3":"status-publish","4":"has-post-thumbnail","6":"product_cat-terminales-y-anillas-de-cable","8":"first","9":"instock","10":"shipping-taxable","11":"product-type-simple"},"yoast_head":"<!-- This site is optimized with the Yoast SEO plugin v27.3 - https:\/\/yoast.com\/product\/yoast-seo-wordpress\/ -->\n<title>Conectores en l\u00ednea y empalmes<\/title>\n<meta name=\"description\" content=\"Conex Metals se especializa en conectores en l\u00ednea y empalmes, que incluyen empalmes el\u00e9ctricos y conectores de cobre. Nuestros conectores aislados con PVC y empalmes de aluminio garantizan conexiones eficientes y duraderas. Principal fabricante, exportador y proveedor de India.\" \/>\n<meta name=\"robots\" content=\"index, follow, max-snippet:-1, max-image-preview:large, max-video-preview:-1\" \/>\n<link rel=\"canonical\" href=\"https:\/\/conexmetals.com\/es\/producto\/conectores-en-linea-y-empalmes\/\" \/>\n<script type=\"application\/ld+json\" class=\"yoast-schema-graph\">{\"@context\":\"https:\\\/\\\/schema.org\",\"@graph\":[{\"@type\":\"WebPage\",\"@id\":\"https:\\\/\\\/conexmetals.com\\\/es\\\/producto\\\/conectores-en-linea-y-empalmes\\\/\",\"url\":\"https:\\\/\\\/conexmetals.com\\\/es\\\/producto\\\/conectores-en-linea-y-empalmes\\\/\",\"name\":\"Conectores en l\u00ednea y empalmes\",\"isPartOf\":{\"@id\":\"https:\\\/\\\/conexmetals.com\\\/es\\\/#website\"},\"primaryImageOfPage\":{\"@id\":\"https:\\\/\\\/conexmetals.com\\\/es\\\/producto\\\/conectores-en-linea-y-empalmes\\\/#primaryimage\"},\"image\":{\"@id\":\"https:\\\/\\\/conexmetals.com\\\/es\\\/producto\\\/conectores-en-linea-y-empalmes\\\/#primaryimage\"},\"thumbnailUrl\":\"https:\\\/\\\/conexmetals.com\\\/wp-content\\\/uploads\\\/2024\\\/12\\\/Conectores-en-linea-y-empalmes.webp\",\"datePublished\":\"2023-08-18T05:14:32+00:00\",\"dateModified\":\"2024-12-19T07:11:18+00:00\",\"description\":\"Conex Metals se especializa en conectores en l\u00ednea y empalmes, que incluyen empalmes el\u00e9ctricos y conectores de cobre. Nuestros conectores aislados con PVC y empalmes de aluminio garantizan conexiones eficientes y duraderas. Principal fabricante, exportador y proveedor de India.\",\"breadcrumb\":{\"@id\":\"https:\\\/\\\/conexmetals.com\\\/es\\\/producto\\\/conectores-en-linea-y-empalmes\\\/#breadcrumb\"},\"inLanguage\":\"es\",\"potentialAction\":[{\"@type\":\"ReadAction\",\"target\":[\"https:\\\/\\\/conexmetals.com\\\/es\\\/producto\\\/conectores-en-linea-y-empalmes\\\/\"]}]},{\"@type\":\"ImageObject\",\"inLanguage\":\"es\",\"@id\":\"https:\\\/\\\/conexmetals.com\\\/es\\\/producto\\\/conectores-en-linea-y-empalmes\\\/#primaryimage\",\"url\":\"https:\\\/\\\/conexmetals.com\\\/wp-content\\\/uploads\\\/2024\\\/12\\\/Conectores-en-linea-y-empalmes.webp\",\"contentUrl\":\"https:\\\/\\\/conexmetals.com\\\/wp-content\\\/uploads\\\/2024\\\/12\\\/Conectores-en-linea-y-empalmes.webp\",\"width\":350,\"height\":350,\"caption\":\"Conectores en l\u00ednea y empalmes\"},{\"@type\":\"BreadcrumbList\",\"@id\":\"https:\\\/\\\/conexmetals.com\\\/es\\\/producto\\\/conectores-en-linea-y-empalmes\\\/#breadcrumb\",\"itemListElement\":[{\"@type\":\"ListItem\",\"position\":1,\"name\":\"Home\",\"item\":\"https:\\\/\\\/conexmetals.com\\\/es\\\/hogar\\\/\"},{\"@type\":\"ListItem\",\"position\":2,\"name\":\"Products\",\"item\":\"https:\\\/\\\/conexmetals.com\\\/products\\\/\"},{\"@type\":\"ListItem\",\"position\":3,\"name\":\"Conectores en l\u00ednea y empalmes\"}]},{\"@type\":\"WebSite\",\"@id\":\"https:\\\/\\\/conexmetals.com\\\/es\\\/#website\",\"url\":\"https:\\\/\\\/conexmetals.com\\\/es\\\/\",\"name\":\"Conex Metals Brass Fittings Brass Parts Copper Parts Brass Components Brass Plumbing Fittings India\",\"description\":\"Manufacturer of Bronze Fittings casting Copper Brass parts components\",\"publisher\":{\"@id\":\"https:\\\/\\\/conexmetals.com\\\/es\\\/#organization\"},\"potentialAction\":[{\"@type\":\"SearchAction\",\"target\":{\"@type\":\"EntryPoint\",\"urlTemplate\":\"https:\\\/\\\/conexmetals.com\\\/es\\\/?s={search_term_string}\"},\"query-input\":{\"@type\":\"PropertyValueSpecification\",\"valueRequired\":true,\"valueName\":\"search_term_string\"}}],\"inLanguage\":\"es\"},{\"@type\":\"Organization\",\"@id\":\"https:\\\/\\\/conexmetals.com\\\/es\\\/#organization\",\"name\":\"Conex Metals Brass Fittings Brass Parts Copper Parts Brass Components Brass Plumbing Fittings India\",\"url\":\"https:\\\/\\\/conexmetals.com\\\/es\\\/\",\"logo\":{\"@type\":\"ImageObject\",\"inLanguage\":\"es\",\"@id\":\"https:\\\/\\\/conexmetals.com\\\/es\\\/#\\\/schema\\\/logo\\\/image\\\/\",\"url\":\"https:\\\/\\\/conexmetals.com\\\/wp-content\\\/uploads\\\/2024\\\/03\\\/conex-metals-logo.webp\",\"contentUrl\":\"https:\\\/\\\/conexmetals.com\\\/wp-content\\\/uploads\\\/2024\\\/03\\\/conex-metals-logo.webp\",\"width\":300,\"height\":121,\"caption\":\"Conex Metals Brass Fittings Brass Parts Copper Parts Brass Components Brass Plumbing Fittings India\"},\"image\":{\"@id\":\"https:\\\/\\\/conexmetals.com\\\/es\\\/#\\\/schema\\\/logo\\\/image\\\/\"},\"sameAs\":[\"https:\\\/\\\/www.facebook.com\\\/conexbrass\",\"https:\\\/\\\/x.com\\\/conexindia\",\"https:\\\/\\\/www.linkedin.com\\\/company\\\/conex-metals-india\\\/\",\"https:\\\/\\\/www.instagram.com\\\/conexindia\\\/\"]}]}<\/script>\n<!-- \/ Yoast SEO plugin. -->","yoast_head_json":{"title":"Conectores en l\u00ednea y empalmes","description":"Conex Metals se especializa en conectores en l\u00ednea y empalmes, que incluyen empalmes el\u00e9ctricos y conectores de cobre. Nuestros conectores aislados con PVC y empalmes de aluminio garantizan conexiones eficientes y duraderas. Principal fabricante, exportador y proveedor de India.","robots":{"index":"index","follow":"follow","max-snippet":"max-snippet:-1","max-image-preview":"max-image-preview:large","max-video-preview":"max-video-preview:-1"},"canonical":"https:\/\/conexmetals.com\/es\/producto\/conectores-en-linea-y-empalmes\/","schema":{"@context":"https:\/\/schema.org","@graph":[{"@type":"WebPage","@id":"https:\/\/conexmetals.com\/es\/producto\/conectores-en-linea-y-empalmes\/","url":"https:\/\/conexmetals.com\/es\/producto\/conectores-en-linea-y-empalmes\/","name":"Conectores en l\u00ednea y empalmes","isPartOf":{"@id":"https:\/\/conexmetals.com\/es\/#website"},"primaryImageOfPage":{"@id":"https:\/\/conexmetals.com\/es\/producto\/conectores-en-linea-y-empalmes\/#primaryimage"},"image":{"@id":"https:\/\/conexmetals.com\/es\/producto\/conectores-en-linea-y-empalmes\/#primaryimage"},"thumbnailUrl":"https:\/\/conexmetals.com\/wp-content\/uploads\/2024\/12\/Conectores-en-linea-y-empalmes.webp","datePublished":"2023-08-18T05:14:32+00:00","dateModified":"2024-12-19T07:11:18+00:00","description":"Conex Metals se especializa en conectores en l\u00ednea y empalmes, que incluyen empalmes el\u00e9ctricos y conectores de cobre. Nuestros conectores aislados con PVC y empalmes de aluminio garantizan conexiones eficientes y duraderas. Principal fabricante, exportador y proveedor de India.","breadcrumb":{"@id":"https:\/\/conexmetals.com\/es\/producto\/conectores-en-linea-y-empalmes\/#breadcrumb"},"inLanguage":"es","potentialAction":[{"@type":"ReadAction","target":["https:\/\/conexmetals.com\/es\/producto\/conectores-en-linea-y-empalmes\/"]}]},{"@type":"ImageObject","inLanguage":"es","@id":"https:\/\/conexmetals.com\/es\/producto\/conectores-en-linea-y-empalmes\/#primaryimage","url":"https:\/\/conexmetals.com\/wp-content\/uploads\/2024\/12\/Conectores-en-linea-y-empalmes.webp","contentUrl":"https:\/\/conexmetals.com\/wp-content\/uploads\/2024\/12\/Conectores-en-linea-y-empalmes.webp","width":350,"height":350,"caption":"Conectores en l\u00ednea y empalmes"},{"@type":"BreadcrumbList","@id":"https:\/\/conexmetals.com\/es\/producto\/conectores-en-linea-y-empalmes\/#breadcrumb","itemListElement":[{"@type":"ListItem","position":1,"name":"Home","item":"https:\/\/conexmetals.com\/es\/hogar\/"},{"@type":"ListItem","position":2,"name":"Products","item":"https:\/\/conexmetals.com\/products\/"},{"@type":"ListItem","position":3,"name":"Conectores en l\u00ednea y empalmes"}]},{"@type":"WebSite","@id":"https:\/\/conexmetals.com\/es\/#website","url":"https:\/\/conexmetals.com\/es\/","name":"Conex Metals Brass Fittings Brass Parts Copper Parts Brass Components Brass Plumbing Fittings India","description":"Manufacturer of Bronze Fittings casting Copper Brass parts components","publisher":{"@id":"https:\/\/conexmetals.com\/es\/#organization"},"potentialAction":[{"@type":"SearchAction","target":{"@type":"EntryPoint","urlTemplate":"https:\/\/conexmetals.com\/es\/?s={search_term_string}"},"query-input":{"@type":"PropertyValueSpecification","valueRequired":true,"valueName":"search_term_string"}}],"inLanguage":"es"},{"@type":"Organization","@id":"https:\/\/conexmetals.com\/es\/#organization","name":"Conex Metals Brass Fittings Brass Parts Copper Parts Brass Components Brass Plumbing Fittings India","url":"https:\/\/conexmetals.com\/es\/","logo":{"@type":"ImageObject","inLanguage":"es","@id":"https:\/\/conexmetals.com\/es\/#\/schema\/logo\/image\/","url":"https:\/\/conexmetals.com\/wp-content\/uploads\/2024\/03\/conex-metals-logo.webp","contentUrl":"https:\/\/conexmetals.com\/wp-content\/uploads\/2024\/03\/conex-metals-logo.webp","width":300,"height":121,"caption":"Conex Metals Brass Fittings Brass Parts Copper Parts Brass Components Brass Plumbing Fittings India"},"image":{"@id":"https:\/\/conexmetals.com\/es\/#\/schema\/logo\/image\/"},"sameAs":["https:\/\/www.facebook.com\/conexbrass","https:\/\/x.com\/conexindia","https:\/\/www.linkedin.com\/company\/conex-metals-india\/","https:\/\/www.instagram.com\/conexindia\/"]}]}},"_links":{"self":[{"href":"https:\/\/conexmetals.com\/es\/wp-json\/wp\/v2\/product\/12227","targetHints":{"allow":["GET"]}}],"collection":[{"href":"https:\/\/conexmetals.com\/es\/wp-json\/wp\/v2\/product"}],"about":[{"href":"https:\/\/conexmetals.com\/es\/wp-json\/wp\/v2\/types\/product"}],"wp:featuredmedia":[{"embeddable":true,"href":"https:\/\/conexmetals.com\/es\/wp-json\/wp\/v2\/media\/7307"}],"wp:attachment":[{"href":"https:\/\/conexmetals.com\/es\/wp-json\/wp\/v2\/media?parent=12227"}],"wp:term":[{"taxonomy":"product_brand","embeddable":true,"href":"https:\/\/conexmetals.com\/es\/wp-json\/wp\/v2\/product_brand?post=12227"},{"taxonomy":"product_cat","embeddable":true,"href":"https:\/\/conexmetals.com\/es\/wp-json\/wp\/v2\/product_cat?post=12227"},{"taxonomy":"product_tag","embeddable":true,"href":"https:\/\/conexmetals.com\/es\/wp-json\/wp\/v2\/product_tag?post=12227"}],"curies":[{"name":"wp","href":"https:\/\/api.w.org\/{rel}","templated":true}]}}