{"id":12231,"date":"2023-08-18T10:43:05","date_gmt":"2023-08-18T05:13:05","guid":{"rendered":"https:\/\/conexmetals.com\/?post_type=product&#038;p=12231"},"modified":"2024-12-19T12:55:43","modified_gmt":"2024-12-19T07:25:43","slug":"terminales-de-cobre-preaislados","status":"publish","type":"product","link":"https:\/\/conexmetals.com\/es\/producto\/terminales-de-cobre-preaislados\/","title":{"rendered":"Terminales de cobre preaislados"},"content":{"rendered":"","protected":false},"excerpt":{"rendered":"<p><img fetchpriority=\"high\" decoding=\"async\" width=\"1000\" height=\"339\" class=\"alignnone size-medium wp-image-12182 lazy loaded\" src=\"https:\/\/conexmetals.com\/wp-content\/uploads\/2023\/08\/Pre-Insulated-Copper-Terminals.jpg\" alt=\"Terminales de cobre preaislados\" data-src=\"https:\/\/conexmetals.com\/wp-content\/uploads\/2023\/08\/Pre-Insulated-Copper-Terminals.jpg\" data-was-processed=\"true\" srcset=\"https:\/\/conexmetals.com\/wp-content\/uploads\/2023\/08\/Pre-Insulated-Copper-Terminals.jpg 1000w, https:\/\/conexmetals.com\/wp-content\/uploads\/2023\/08\/Pre-Insulated-Copper-Terminals-300x102.jpg 300w, https:\/\/conexmetals.com\/wp-content\/uploads\/2023\/08\/Pre-Insulated-Copper-Terminals-768x260.jpg 768w, https:\/\/conexmetals.com\/wp-content\/uploads\/2023\/08\/Pre-Insulated-Copper-Terminals-700x237.jpg 700w\" sizes=\"(max-width: 1000px) 100vw, 1000px\" \/><\/p>\n<table id=\"tablepress-387\" class=\"tablepress tablepress-id-387\">\n<caption>\u00a0<\/caption>\n<thead>\n<tr class=\"row-1 odd\">\n<th class=\"column-1\" colspan=\"12\"><strong><span>Terminales de cobre preaislados<\/span><\/strong><\/th>\n<\/tr>\n<\/thead>\n<tbody class=\"row-hover\">\n<tr class=\"row-2 even\">\n<td class=\"column-1\" rowspan=\"2\"><strong><span>N\u00famero de serie<\/span><\/strong><\/td>\n<td class=\"column-2\" rowspan=\"2\"><strong><span>\u00c1rea mm2<\/span><\/strong><\/td>\n<td class=\"column-3\" colspan=\"10\"><strong><span>Dimensiones en mm<\/span><\/strong><\/td>\n<\/tr>\n<tr class=\"row-3 odd\">\n<td class=\"column-3\"><strong><span>\u00d8E<\/span><\/strong><\/td>\n<td class=\"column-4\"><strong><span>O Un<\/span><\/strong><\/td>\n<td class=\"column-5\"><strong><span>JEFE<\/span><\/strong><\/td>\n<td class=\"column-6\"><strong><span>D<\/span><\/strong><\/td>\n<td class=\"column-7\"><strong><span>F<\/span><\/strong><\/td>\n<td class=\"column-8\"><strong><span>B<\/span><\/strong><\/td>\n<td class=\"column-9\"><strong><span>Yo<\/span><\/strong><\/td>\n<td class=\"column-10\"><strong><span>L-1<\/span><\/strong><\/td>\n<td class=\"column-11\"><strong><span>J-1<\/span><\/strong><\/td>\n<td class=\"column-12\"><strong><span>L-3<\/span><\/strong><\/td>\n<\/tr>\n<tr class=\"row-4 even\">\n<td class=\"column-1\"><span>1<\/span><\/td>\n<td class=\"column-2\"><span>1.5<\/span><\/td>\n<td class=\"column-3\"><span>5.1<\/span><\/td>\n<td class=\"column-4\"><span>1.6<\/span><\/td>\n<td class=\"column-5\"><span>3.2<\/span><\/td>\n<td class=\"column-6\"><span>8<\/span><\/td>\n<td class=\"column-7\"><span>0,8<\/span><\/td>\n<td class=\"column-8\"><span>5<\/span><\/td>\n<td class=\"column-9\"><span>21<\/span><\/td>\n<td class=\"column-10\"><span>17<\/span><\/td>\n<td class=\"column-11\"><span>10<\/span><\/td>\n<td class=\"column-12\"><span>22<\/span><\/td>\n<\/tr>\n<tr class=\"row-5 odd\">\n<td class=\"column-1\"><span>2<\/span><\/td>\n<td class=\"column-2\"><span>1.5<\/span><\/td>\n<td class=\"column-3\"><span>3.5<\/span><\/td>\n<td class=\"column-4\"><span>1.6<\/span><\/td>\n<td class=\"column-5\"><span>3.2<\/span><\/td>\n<td class=\"column-6\"><span>6.8<\/span><\/td>\n<td class=\"column-7\"><span>0,8<\/span><\/td>\n<td class=\"column-8\"><span>4<\/span><\/td>\n<td class=\"column-9\"><span>13<\/span><\/td>\n<td class=\"column-10\"><span>8.8<\/span><\/td>\n<td class=\"column-11\"><span>10<\/span><\/td>\n<td class=\"column-12\"><span>14.8<\/span><\/td>\n<\/tr>\n<tr class=\"row-6 even\">\n<td class=\"column-1\"><span>3<\/span><\/td>\n<td class=\"column-2\"><span>1.5<\/span><\/td>\n<td class=\"column-3\"><span>3<\/span><\/td>\n<td class=\"column-4\"><span>2<\/span><\/td>\n<td class=\"column-5\"><span>2.8<\/span><\/td>\n<td class=\"column-6\"><span>6.2<\/span><\/td>\n<td class=\"column-7\"><span>0,4<\/span><\/td>\n<td class=\"column-8\"><span>5<\/span><\/td>\n<td class=\"column-9\"><span>13<\/span><\/td>\n<td class=\"column-10\"><span>10.5<\/span><\/td>\n<td class=\"column-11\"><span>10<\/span><\/td>\n<td class=\"column-12\"><span>15.5<\/span><\/td>\n<\/tr>\n<tr class=\"row-7 odd\">\n<td class=\"column-1\"><span>4<\/span><\/td>\n<td class=\"column-2\"><span>2.5<\/span><\/td>\n<td class=\"column-3\"><span>3.5<\/span><\/td>\n<td class=\"column-4\"><span>2.3<\/span><\/td>\n<td class=\"column-5\"><span>3.9<\/span><\/td>\n<td class=\"column-6\"><span>6.5<\/span><\/td>\n<td class=\"column-7\"><span>0,8<\/span><\/td>\n<td class=\"column-8\"><span>5<\/span><\/td>\n<td class=\"column-9\"><span>15<\/span><\/td>\n<td class=\"column-10\"><span>11.8<\/span><\/td>\n<td class=\"column-11\"><span>10<\/span><\/td>\n<td class=\"column-12\"><span>16.6<\/span><\/td>\n<\/tr>\n<tr class=\"row-8 even\">\n<td class=\"column-1\"><span>5<\/span><\/td>\n<td class=\"column-2\"><span>2.5<\/span><\/td>\n<td class=\"column-3\"><span>5<\/span><\/td>\n<td class=\"column-4\"><span>26<\/span><\/td>\n<td class=\"column-5\"><span>4.6<\/span><\/td>\n<td class=\"column-6\"><span>10.6<\/span><\/td>\n<td class=\"column-7\"><span>1<\/span><\/td>\n<td class=\"column-8\"><span>6<\/span><\/td>\n<td class=\"column-9\"><span>21<\/span><\/td>\n<td class=\"column-10\"><span>12.4<\/span><\/td>\n<td class=\"column-11\"><span>10<\/span><\/td>\n<td class=\"column-12\"><span>16.2<\/span><\/td>\n<\/tr>\n<tr class=\"row-9 odd\">\n<td class=\"column-1\"><span>6<\/span><\/td>\n<td class=\"column-2\"><span>4-6<\/span><\/td>\n<td class=\"column-3\"><span>3.1<\/span><\/td>\n<td class=\"column-4\"><span>3.5<\/span><\/td>\n<td class=\"column-5\"><span>5.5<\/span><\/td>\n<td class=\"column-6\"><span>6<\/span><\/td>\n<td class=\"column-7\"><span>1<\/span><\/td>\n<td class=\"column-8\"><span>6<\/span><\/td>\n<td class=\"column-9\"><span>15<\/span><\/td>\n<td class=\"column-10\"><span>11.5<\/span><\/td>\n<td class=\"column-11\"><span>14<\/span><\/td>\n<td class=\"column-12\"><span>19.5<\/span><\/td>\n<\/tr>\n<tr class=\"row-10 even\">\n<td class=\"column-1\"><span>7<\/span><\/td>\n<td class=\"column-2\"><span>4-6<\/span><\/td>\n<td class=\"column-3\"><span>3.5<\/span><\/td>\n<td class=\"column-4\"><span>3.58<\/span><\/td>\n<td class=\"column-5\"><span>5.5<\/span><\/td>\n<td class=\"column-6\"><span>6<\/span><\/td>\n<td class=\"column-7\"><span>1<\/span><\/td>\n<td class=\"column-8\"><span>6<\/span><\/td>\n<td class=\"column-9\"><span>15<\/span><\/td>\n<td class=\"column-10\"><span>11<\/span><\/td>\n<td class=\"column-11\"><span>14<\/span><\/td>\n<td class=\"column-12\"><span>19<\/span><\/td>\n<\/tr>\n<tr class=\"row-11 odd\">\n<td class=\"column-1\"><span>8<\/span><\/td>\n<td class=\"column-2\"><span>10<\/span><\/td>\n<td class=\"column-3\"><span>6.5<\/span><\/td>\n<td class=\"column-4\"><span>4.5<\/span><\/td>\n<td class=\"column-5\"><span>6.9<\/span><\/td>\n<td class=\"column-6\"><span>16<\/span><\/td>\n<td class=\"column-7\"><span>1.2<\/span><\/td>\n<td class=\"column-8\"><span>8<\/span><\/td>\n<td class=\"column-9\"><span>27<\/span><\/td>\n<td class=\"column-10\"><span>19<\/span><\/td>\n<td class=\"column-11\"><span>16<\/span><\/td>\n<td class=\"column-12\"><span>27<\/span><\/td>\n<\/tr>\n<tr class=\"row-12 even\">\n<td class=\"column-1\"><span>9<\/span><\/td>\n<td class=\"column-2\"><span>10<\/span><\/td>\n<td class=\"column-3\"><span>8.2<\/span><\/td>\n<td class=\"column-4\"><span>4.5<\/span><\/td>\n<td class=\"column-5\"><span>6.9<\/span><\/td>\n<td class=\"column-6\"><span>16<\/span><\/td>\n<td class=\"column-7\"><span>1.2<\/span><\/td>\n<td class=\"column-8\"><span>8<\/span><\/td>\n<td class=\"column-9\"><span>27<\/span><\/td>\n<td class=\"column-10\"><span>19<\/span><\/td>\n<td class=\"column-11\"><span>16<\/span><\/td>\n<td class=\"column-12\"><span>27<\/span><\/td>\n<\/tr>\n<\/tbody>\n<\/table>\n<p><span>Los terminales de cobre preaislados, tambi\u00e9n conocidos como terminales de cobre preaislados o conectores de cobre preaislados, son conectores el\u00e9ctricos especializados dise\u00f1ados para terminar cables de cobre y proporcionar una conexi\u00f3n el\u00e9ctrica aislada y segura. Estos terminales vienen con una funda o cubierta aislante integrada, que ayuda a proteger la conexi\u00f3n de factores ambientales y evita el contacto accidental con conductores activos.<\/span><\/p>\n<p>&nbsp;<\/p>\n<p><span>Las caracter\u00edsticas y usos clave de los terminales de cobre preaislados incluyen:<\/span><\/p>\n<ol>\n<li><span>Material: Los terminales de cobre preaislados est\u00e1n hechos de cobre de alta conductividad para un flujo de corriente eficiente y un rendimiento el\u00e9ctrico.<\/span><\/li>\n<li><span>Manga aislante: Los terminales preaislados tienen una manga aislante hecha de materiales como PVC o nailon que proporciona aislamiento el\u00e9ctrico y protecci\u00f3n contra la humedad, los productos qu\u00edmicos y los da\u00f1os f\u00edsicos.<\/span><\/li>\n<li><span>Terminaci\u00f3n: Generalmente se utilizan para terminar cables de cobre y se unen mediante m\u00e9todos de compresi\u00f3n o engarce, asegurando una conexi\u00f3n el\u00e9ctrica confiable y permanente.<\/span><\/li>\n<li><span>Tama\u00f1o del cable: Los terminales de cobre preaislados vienen en varios tama\u00f1os para adaptarse a diferentes di\u00e1metros de cable, lo que los hace adecuados para una amplia gama de aplicaciones de terminaci\u00f3n de cables.<\/span><\/li>\n<li><span>Aplicaciones: Se utilizan en diversos sistemas el\u00e9ctricos, incluida la distribuci\u00f3n de energ\u00eda, paneles de control, gabinetes el\u00e9ctricos y cableado de equipos.<\/span><\/li>\n<li><span>Seguridad el\u00e9ctrica: Los terminales de cobre preaislados proporcionan una capa adicional de seguridad el\u00e9ctrica al aislar la conexi\u00f3n, lo que reduce el riesgo de contacto accidental y peligros el\u00e9ctricos.<\/span><\/li>\n<li><span>Conveniencia: El dise\u00f1o preaislado elimina la necesidad de materiales aislantes adicionales o tubos termorretr\u00e1ctiles, lo que ahorra tiempo y mano de obra de instalaci\u00f3n.<\/span><\/li>\n<li><span>Durabilidad: Las fundas aislantes utilizadas en los terminales de cobre preaislados son duraderas y est\u00e1n dise\u00f1adas para soportar diversas condiciones ambientales.<\/span><\/li>\n<\/ol>\n<p><span>Los terminales de cobre preaislados son particularmente \u00fatiles en situaciones en las que las conexiones el\u00e9ctricas deben protegerse de la humedad, el polvo y otros factores ambientales. El aislamiento tambi\u00e9n reduce el riesgo de cortocircuitos y fallas el\u00e9ctricas causadas por el contacto accidental con conductores activos.<\/span><\/p>\n","protected":false},"featured_media":7387,"template":"","meta":[],"product_brand":[],"product_cat":[407],"product_tag":[],"class_list":{"0":"post-12231","1":"product","2":"type-product","3":"status-publish","4":"has-post-thumbnail","6":"product_cat-terminales-y-anillas-de-cable","8":"first","9":"instock","10":"shipping-taxable","11":"product-type-simple"},"yoast_head":"<!-- This site is optimized with the Yoast SEO plugin v27.3 - https:\/\/yoast.com\/product\/yoast-seo-wordpress\/ -->\n<title>Terminales de cobre preaislados<\/title>\n<meta name=\"description\" content=\"Conex Metals ofrece terminales de cobre preaislados, conectores de crimpado, terminales de crimpado, conectores tipo pala y conectores el\u00e9ctricos de crimpado. Nuestra gama incluye terminales aislados, conectores y terminales, garantizando conexiones el\u00e9ctricas seguras. Principal fabricante, exportador y proveedor de India.\" \/>\n<meta name=\"robots\" content=\"index, follow, max-snippet:-1, max-image-preview:large, max-video-preview:-1\" \/>\n<link rel=\"canonical\" href=\"https:\/\/conexmetals.com\/es\/producto\/terminales-de-cobre-preaislados\/\" \/>\n<script type=\"application\/ld+json\" class=\"yoast-schema-graph\">{\"@context\":\"https:\\\/\\\/schema.org\",\"@graph\":[{\"@type\":\"WebPage\",\"@id\":\"https:\\\/\\\/conexmetals.com\\\/es\\\/producto\\\/terminales-de-cobre-preaislados\\\/\",\"url\":\"https:\\\/\\\/conexmetals.com\\\/es\\\/producto\\\/terminales-de-cobre-preaislados\\\/\",\"name\":\"Terminales de cobre preaislados\",\"isPartOf\":{\"@id\":\"https:\\\/\\\/conexmetals.com\\\/es\\\/#website\"},\"primaryImageOfPage\":{\"@id\":\"https:\\\/\\\/conexmetals.com\\\/es\\\/producto\\\/terminales-de-cobre-preaislados\\\/#primaryimage\"},\"image\":{\"@id\":\"https:\\\/\\\/conexmetals.com\\\/es\\\/producto\\\/terminales-de-cobre-preaislados\\\/#primaryimage\"},\"thumbnailUrl\":\"https:\\\/\\\/conexmetals.com\\\/wp-content\\\/uploads\\\/2024\\\/12\\\/Terminales-de-cobre-preaislados.webp\",\"datePublished\":\"2023-08-18T05:13:05+00:00\",\"dateModified\":\"2024-12-19T07:25:43+00:00\",\"description\":\"Conex Metals ofrece terminales de cobre preaislados, conectores de crimpado, terminales de crimpado, conectores tipo pala y conectores el\u00e9ctricos de crimpado. Nuestra gama incluye terminales aislados, conectores y terminales, garantizando conexiones el\u00e9ctricas seguras. Principal fabricante, exportador y proveedor de India.\",\"breadcrumb\":{\"@id\":\"https:\\\/\\\/conexmetals.com\\\/es\\\/producto\\\/terminales-de-cobre-preaislados\\\/#breadcrumb\"},\"inLanguage\":\"es\",\"potentialAction\":[{\"@type\":\"ReadAction\",\"target\":[\"https:\\\/\\\/conexmetals.com\\\/es\\\/producto\\\/terminales-de-cobre-preaislados\\\/\"]}]},{\"@type\":\"ImageObject\",\"inLanguage\":\"es\",\"@id\":\"https:\\\/\\\/conexmetals.com\\\/es\\\/producto\\\/terminales-de-cobre-preaislados\\\/#primaryimage\",\"url\":\"https:\\\/\\\/conexmetals.com\\\/wp-content\\\/uploads\\\/2024\\\/12\\\/Terminales-de-cobre-preaislados.webp\",\"contentUrl\":\"https:\\\/\\\/conexmetals.com\\\/wp-content\\\/uploads\\\/2024\\\/12\\\/Terminales-de-cobre-preaislados.webp\",\"width\":350,\"height\":350},{\"@type\":\"BreadcrumbList\",\"@id\":\"https:\\\/\\\/conexmetals.com\\\/es\\\/producto\\\/terminales-de-cobre-preaislados\\\/#breadcrumb\",\"itemListElement\":[{\"@type\":\"ListItem\",\"position\":1,\"name\":\"Home\",\"item\":\"https:\\\/\\\/conexmetals.com\\\/es\\\/hogar\\\/\"},{\"@type\":\"ListItem\",\"position\":2,\"name\":\"Products\",\"item\":\"https:\\\/\\\/conexmetals.com\\\/products\\\/\"},{\"@type\":\"ListItem\",\"position\":3,\"name\":\"Terminales de cobre preaislados\"}]},{\"@type\":\"WebSite\",\"@id\":\"https:\\\/\\\/conexmetals.com\\\/es\\\/#website\",\"url\":\"https:\\\/\\\/conexmetals.com\\\/es\\\/\",\"name\":\"Conex Metals Brass Fittings Brass Parts Copper Parts Brass Components Brass Plumbing Fittings India\",\"description\":\"Manufacturer of Bronze Fittings casting Copper Brass parts components\",\"publisher\":{\"@id\":\"https:\\\/\\\/conexmetals.com\\\/es\\\/#organization\"},\"potentialAction\":[{\"@type\":\"SearchAction\",\"target\":{\"@type\":\"EntryPoint\",\"urlTemplate\":\"https:\\\/\\\/conexmetals.com\\\/es\\\/?s={search_term_string}\"},\"query-input\":{\"@type\":\"PropertyValueSpecification\",\"valueRequired\":true,\"valueName\":\"search_term_string\"}}],\"inLanguage\":\"es\"},{\"@type\":\"Organization\",\"@id\":\"https:\\\/\\\/conexmetals.com\\\/es\\\/#organization\",\"name\":\"Conex Metals Brass Fittings Brass Parts Copper Parts Brass Components Brass Plumbing Fittings India\",\"url\":\"https:\\\/\\\/conexmetals.com\\\/es\\\/\",\"logo\":{\"@type\":\"ImageObject\",\"inLanguage\":\"es\",\"@id\":\"https:\\\/\\\/conexmetals.com\\\/es\\\/#\\\/schema\\\/logo\\\/image\\\/\",\"url\":\"https:\\\/\\\/conexmetals.com\\\/wp-content\\\/uploads\\\/2024\\\/03\\\/conex-metals-logo.webp\",\"contentUrl\":\"https:\\\/\\\/conexmetals.com\\\/wp-content\\\/uploads\\\/2024\\\/03\\\/conex-metals-logo.webp\",\"width\":300,\"height\":121,\"caption\":\"Conex Metals Brass Fittings Brass Parts Copper Parts Brass Components Brass Plumbing Fittings India\"},\"image\":{\"@id\":\"https:\\\/\\\/conexmetals.com\\\/es\\\/#\\\/schema\\\/logo\\\/image\\\/\"},\"sameAs\":[\"https:\\\/\\\/www.facebook.com\\\/conexbrass\",\"https:\\\/\\\/x.com\\\/conexindia\",\"https:\\\/\\\/www.linkedin.com\\\/company\\\/conex-metals-india\\\/\",\"https:\\\/\\\/www.instagram.com\\\/conexindia\\\/\"]}]}<\/script>\n<!-- \/ Yoast SEO plugin. -->","yoast_head_json":{"title":"Terminales de cobre preaislados","description":"Conex Metals ofrece terminales de cobre preaislados, conectores de crimpado, terminales de crimpado, conectores tipo pala y conectores el\u00e9ctricos de crimpado. Nuestra gama incluye terminales aislados, conectores y terminales, garantizando conexiones el\u00e9ctricas seguras. Principal fabricante, exportador y proveedor de India.","robots":{"index":"index","follow":"follow","max-snippet":"max-snippet:-1","max-image-preview":"max-image-preview:large","max-video-preview":"max-video-preview:-1"},"canonical":"https:\/\/conexmetals.com\/es\/producto\/terminales-de-cobre-preaislados\/","schema":{"@context":"https:\/\/schema.org","@graph":[{"@type":"WebPage","@id":"https:\/\/conexmetals.com\/es\/producto\/terminales-de-cobre-preaislados\/","url":"https:\/\/conexmetals.com\/es\/producto\/terminales-de-cobre-preaislados\/","name":"Terminales de cobre preaislados","isPartOf":{"@id":"https:\/\/conexmetals.com\/es\/#website"},"primaryImageOfPage":{"@id":"https:\/\/conexmetals.com\/es\/producto\/terminales-de-cobre-preaislados\/#primaryimage"},"image":{"@id":"https:\/\/conexmetals.com\/es\/producto\/terminales-de-cobre-preaislados\/#primaryimage"},"thumbnailUrl":"https:\/\/conexmetals.com\/wp-content\/uploads\/2024\/12\/Terminales-de-cobre-preaislados.webp","datePublished":"2023-08-18T05:13:05+00:00","dateModified":"2024-12-19T07:25:43+00:00","description":"Conex Metals ofrece terminales de cobre preaislados, conectores de crimpado, terminales de crimpado, conectores tipo pala y conectores el\u00e9ctricos de crimpado. Nuestra gama incluye terminales aislados, conectores y terminales, garantizando conexiones el\u00e9ctricas seguras. Principal fabricante, exportador y proveedor de India.","breadcrumb":{"@id":"https:\/\/conexmetals.com\/es\/producto\/terminales-de-cobre-preaislados\/#breadcrumb"},"inLanguage":"es","potentialAction":[{"@type":"ReadAction","target":["https:\/\/conexmetals.com\/es\/producto\/terminales-de-cobre-preaislados\/"]}]},{"@type":"ImageObject","inLanguage":"es","@id":"https:\/\/conexmetals.com\/es\/producto\/terminales-de-cobre-preaislados\/#primaryimage","url":"https:\/\/conexmetals.com\/wp-content\/uploads\/2024\/12\/Terminales-de-cobre-preaislados.webp","contentUrl":"https:\/\/conexmetals.com\/wp-content\/uploads\/2024\/12\/Terminales-de-cobre-preaislados.webp","width":350,"height":350},{"@type":"BreadcrumbList","@id":"https:\/\/conexmetals.com\/es\/producto\/terminales-de-cobre-preaislados\/#breadcrumb","itemListElement":[{"@type":"ListItem","position":1,"name":"Home","item":"https:\/\/conexmetals.com\/es\/hogar\/"},{"@type":"ListItem","position":2,"name":"Products","item":"https:\/\/conexmetals.com\/products\/"},{"@type":"ListItem","position":3,"name":"Terminales de cobre preaislados"}]},{"@type":"WebSite","@id":"https:\/\/conexmetals.com\/es\/#website","url":"https:\/\/conexmetals.com\/es\/","name":"Conex Metals Brass Fittings Brass Parts Copper Parts Brass Components Brass Plumbing Fittings India","description":"Manufacturer of Bronze Fittings casting Copper Brass parts components","publisher":{"@id":"https:\/\/conexmetals.com\/es\/#organization"},"potentialAction":[{"@type":"SearchAction","target":{"@type":"EntryPoint","urlTemplate":"https:\/\/conexmetals.com\/es\/?s={search_term_string}"},"query-input":{"@type":"PropertyValueSpecification","valueRequired":true,"valueName":"search_term_string"}}],"inLanguage":"es"},{"@type":"Organization","@id":"https:\/\/conexmetals.com\/es\/#organization","name":"Conex Metals Brass Fittings Brass Parts Copper Parts Brass Components Brass Plumbing Fittings India","url":"https:\/\/conexmetals.com\/es\/","logo":{"@type":"ImageObject","inLanguage":"es","@id":"https:\/\/conexmetals.com\/es\/#\/schema\/logo\/image\/","url":"https:\/\/conexmetals.com\/wp-content\/uploads\/2024\/03\/conex-metals-logo.webp","contentUrl":"https:\/\/conexmetals.com\/wp-content\/uploads\/2024\/03\/conex-metals-logo.webp","width":300,"height":121,"caption":"Conex Metals Brass Fittings Brass Parts Copper Parts Brass Components Brass Plumbing Fittings India"},"image":{"@id":"https:\/\/conexmetals.com\/es\/#\/schema\/logo\/image\/"},"sameAs":["https:\/\/www.facebook.com\/conexbrass","https:\/\/x.com\/conexindia","https:\/\/www.linkedin.com\/company\/conex-metals-india\/","https:\/\/www.instagram.com\/conexindia\/"]}]}},"_links":{"self":[{"href":"https:\/\/conexmetals.com\/es\/wp-json\/wp\/v2\/product\/12231","targetHints":{"allow":["GET"]}}],"collection":[{"href":"https:\/\/conexmetals.com\/es\/wp-json\/wp\/v2\/product"}],"about":[{"href":"https:\/\/conexmetals.com\/es\/wp-json\/wp\/v2\/types\/product"}],"wp:featuredmedia":[{"embeddable":true,"href":"https:\/\/conexmetals.com\/es\/wp-json\/wp\/v2\/media\/7387"}],"wp:attachment":[{"href":"https:\/\/conexmetals.com\/es\/wp-json\/wp\/v2\/media?parent=12231"}],"wp:term":[{"taxonomy":"product_brand","embeddable":true,"href":"https:\/\/conexmetals.com\/es\/wp-json\/wp\/v2\/product_brand?post=12231"},{"taxonomy":"product_cat","embeddable":true,"href":"https:\/\/conexmetals.com\/es\/wp-json\/wp\/v2\/product_cat?post=12231"},{"taxonomy":"product_tag","embeddable":true,"href":"https:\/\/conexmetals.com\/es\/wp-json\/wp\/v2\/product_tag?post=12231"}],"curies":[{"name":"wp","href":"https:\/\/api.w.org\/{rel}","templated":true}]}}