{"id":12237,"date":"2023-08-17T12:21:50","date_gmt":"2023-08-17T06:51:50","guid":{"rendered":"https:\/\/conexmetals.com\/?post_type=product&#038;p=12237"},"modified":"2024-12-19T14:32:15","modified_gmt":"2024-12-19T09:02:15","slug":"pines-de-laton-para-cargadores","status":"publish","type":"product","link":"https:\/\/conexmetals.com\/es\/producto\/pines-de-laton-para-cargadores\/","title":{"rendered":"Pines de lat\u00f3n para cargadores"},"content":{"rendered":"","protected":false},"excerpt":{"rendered":"<p><strong><span>Datos t\u00e9cnicos<\/span><\/strong><\/p>\n<p><strong><span>Tipos de pines:<\/span><\/strong><\/p>\n<ul>\n<li><span>Clavijas de lat\u00f3n (planas)<\/span><\/li>\n<li><span>Pasadores de cargador de lat\u00f3n<\/span><\/li>\n<li><span>Pines de tierra<\/span><\/li>\n<li><span>Clavijas de lat\u00f3n (redondas)<\/span><\/li>\n<li><span>Pasadores de lat\u00f3n con casquillo cuadrado<\/span><\/li>\n<\/ul>\n<p>&nbsp;<\/p>\n<p><strong><span>Opciones de materiales:<\/span><\/strong><\/p>\n<ul>\n<li><span>Lat\u00f3n de f\u00e1cil mecanizaci\u00f3n (IS: CuZn39Pb3) Tipo ISO (I)<\/span><\/li>\n<li><span>Lat\u00f3n de f\u00e1cil mecanizaci\u00f3n seg\u00fan BS 249 Tipo (I)<\/span><\/li>\n<li><span>Lat\u00f3n de alta calidad de f\u00e1cil mecanizaci\u00f3n<\/span><\/li>\n<li><span>Composici\u00f3n de material de lat\u00f3n personalizada seg\u00fan especificaciones del cliente<\/span><\/li>\n<\/ul>\n<p>&nbsp;<\/p>\n<p><strong><span>Est\u00e1ndares de hilo:<\/span><\/strong><\/p>\n<ul>\n<li><span>ISO M\u00e9trico, MM, PG, BSW, BSP, BSB, BSF, BA, NPT, NPTF, UNC, UNF, UNEF, etc.<\/span><\/li>\n<li><span>Hilos personalizados basados \u200b\u200ben dise\u00f1os de clientes<\/span><\/li>\n<\/ul>\n<p>&nbsp;<\/p>\n<p><strong><span>Opciones de acabado y revestimiento:<\/span><\/strong><\/p>\n<ul>\n<li><span>Acabado natural<\/span><\/li>\n<li><span>Recubrimiento de n\u00edquel<\/span><\/li>\n<li><span>Acabado en lat\u00f3n<\/span><\/li>\n<li><span>N\u00edquel-lat\u00f3n<\/span><\/li>\n<li><span>Recubrimiento de cobre o zinc<\/span><\/li>\n<li><span>Recubrimiento personalizado seg\u00fan especificaciones<\/span><\/li>\n<\/ul>\n<p>&nbsp;<\/p>\n<p><span>Los pines de lat\u00f3n para cargadores son conectores el\u00e9ctricos especializados que se utilizan en la construcci\u00f3n de cables de carga y adaptadores para diversos dispositivos electr\u00f3nicos. Estos pines desempe\u00f1an un papel crucial a la hora de establecer la conexi\u00f3n el\u00e9ctrica entre el cargador y el dispositivo que se est\u00e1 cargando. El lat\u00f3n es un material com\u00fan que se utiliza para estos pines debido a su excelente conductividad el\u00e9ctrica y resistencia a la corrosi\u00f3n.<\/span><\/p>\n<p><span>El dise\u00f1o de los pines de lat\u00f3n para cargadores var\u00eda seg\u00fan la interfaz de carga espec\u00edfica para la que est\u00e1n destinados. Algunos tipos comunes de pines de lat\u00f3n para cargadores incluyen:<\/span><\/p>\n<ol>\n<li><b><\/b><strong><b><span>Pines USB tipo A:<\/span><\/b><\/strong><span>\u00a0se utilizan en conectores USB tipo A, que se encuentran com\u00fanmente en cables de carga para tel\u00e9fonos inteligentes, tabletas y otros dispositivos electr\u00f3nicos.<\/span><\/li>\n<li><b><\/b><strong><b><span>Pines USB tipo C:<\/span><\/b><\/strong><span>\u00a0los conectores USB tipo C son cada vez m\u00e1s populares para la carga debido a su dise\u00f1o reversible y sus capacidades de carga m\u00e1s r\u00e1pidas. Los pines de lat\u00f3n se utilizan en los conectores USB tipo C para cables y adaptadores de carga.<\/span><\/li>\n<li><b><\/b><strong><b><span>Pines del conector Lightning:<\/span><\/b><\/strong><span>\u00a0se utilizan en los conectores Lightning patentados de Apple, que se encuentran en iPhones, iPads y otros dispositivos Apple.<\/span><\/li>\n<li><b><\/b><strong><b><span>Pines micro USB:<\/span><\/b><\/strong><span>\u00a0los conectores micro USB todav\u00eda se utilizan en algunos dispositivos, en particular en los tel\u00e9fonos inteligentes m\u00e1s antiguos y otros dispositivos electr\u00f3nicos. Los pines de lat\u00f3n se utilizan en los conectores micro USB para los cables de carga.<\/span><\/li>\n<\/ol>\n<p><span>Las principales caracter\u00edsticas y ventajas de los pasadores de lat\u00f3n para cargadores incluyen:<\/span><\/p>\n<ol>\n<li><b><\/b><strong><b><span>Conductividad el\u00e9ctrica:<\/span><\/b><\/strong><span>\u00a0El lat\u00f3n es un excelente conductor de electricidad, lo que garantiza una transferencia de energ\u00eda eficiente y confiable durante la carga.<\/span><\/li>\n<li><b><\/b><strong><b><span>Resistencia a la corrosi\u00f3n:<\/span><\/b><\/strong><span>\u00a0los pines de lat\u00f3n est\u00e1n dise\u00f1ados para resistir la corrosi\u00f3n, lo que ayuda a mantener una conexi\u00f3n el\u00e9ctrica estable y prolongar la vida \u00fatil del cable o adaptador de carga.<\/span><\/li>\n<li><b><\/b><strong><b><span>Resistencia mec\u00e1nica:<\/span><\/b><\/strong><span>\u00a0El lat\u00f3n proporciona clavijas duraderas que pueden soportar conexiones y desconexiones frecuentes durante la carga.<\/span><\/li>\n<li><b><\/b><strong><b><span>Compatibilidad:<\/span><\/b><\/strong><span>\u00a0Los pines del cargador de lat\u00f3n est\u00e1n dise\u00f1ados para ser compatibles con varias interfaces de carga, lo que garantiza que se puedan usar con una amplia gama de dispositivos electr\u00f3nicos.<\/span><\/li>\n<\/ol>\n<p><span>La selecci\u00f3n e instalaci\u00f3n adecuadas de pines de lat\u00f3n para cargadores son esenciales para garantizar una experiencia de carga segura y eficiente.<\/span><\/p>\n","protected":false},"featured_media":8177,"template":"","meta":[],"product_brand":[],"product_cat":[403],"product_tag":[],"class_list":{"0":"post-12237","1":"product","2":"type-product","3":"status-publish","4":"has-post-thumbnail","6":"product_cat-pines-electricos-de-laton","8":"first","9":"instock","10":"shipping-taxable","11":"product-type-simple"},"yoast_head":"<!-- This site is optimized with the Yoast SEO plugin v27.3 - https:\/\/yoast.com\/product\/yoast-seo-wordpress\/ -->\n<title>Pines de lat\u00f3n para cargadores<\/title>\n<meta name=\"description\" content=\"Conex es un fabricante y exportador l\u00edder de Pines de lat\u00f3n para cargadores. Nuestros pines de alta calidad son adecuados para diversas aplicaciones el\u00e9ctricas, incluidos los pines de enchufes el\u00e9ctricos, pines de enchufes industriales y pines de enchufes de 15 amperios y tipo UK. Ofrecemos pines macho y hembra, pines en vivo, pines neutros y pines de tierra para una conectividad confiable.\" \/>\n<meta name=\"robots\" content=\"index, follow, max-snippet:-1, max-image-preview:large, max-video-preview:-1\" \/>\n<link rel=\"canonical\" href=\"https:\/\/conexmetals.com\/es\/producto\/pines-de-laton-para-cargadores\/\" \/>\n<script type=\"application\/ld+json\" class=\"yoast-schema-graph\">{\"@context\":\"https:\\\/\\\/schema.org\",\"@graph\":[{\"@type\":\"WebPage\",\"@id\":\"https:\\\/\\\/conexmetals.com\\\/es\\\/producto\\\/pines-de-laton-para-cargadores\\\/\",\"url\":\"https:\\\/\\\/conexmetals.com\\\/es\\\/producto\\\/pines-de-laton-para-cargadores\\\/\",\"name\":\"Pines de lat\u00f3n para cargadores\",\"isPartOf\":{\"@id\":\"https:\\\/\\\/conexmetals.com\\\/es\\\/#website\"},\"primaryImageOfPage\":{\"@id\":\"https:\\\/\\\/conexmetals.com\\\/es\\\/producto\\\/pines-de-laton-para-cargadores\\\/#primaryimage\"},\"image\":{\"@id\":\"https:\\\/\\\/conexmetals.com\\\/es\\\/producto\\\/pines-de-laton-para-cargadores\\\/#primaryimage\"},\"thumbnailUrl\":\"https:\\\/\\\/conexmetals.com\\\/wp-content\\\/uploads\\\/2024\\\/12\\\/Pines-de-laton-para-cargadores.webp\",\"datePublished\":\"2023-08-17T06:51:50+00:00\",\"dateModified\":\"2024-12-19T09:02:15+00:00\",\"description\":\"Conex es un fabricante y exportador l\u00edder de Pines de lat\u00f3n para cargadores. Nuestros pines de alta calidad son adecuados para diversas aplicaciones el\u00e9ctricas, incluidos los pines de enchufes el\u00e9ctricos, pines de enchufes industriales y pines de enchufes de 15 amperios y tipo UK. Ofrecemos pines macho y hembra, pines en vivo, pines neutros y pines de tierra para una conectividad confiable.\",\"breadcrumb\":{\"@id\":\"https:\\\/\\\/conexmetals.com\\\/es\\\/producto\\\/pines-de-laton-para-cargadores\\\/#breadcrumb\"},\"inLanguage\":\"es\",\"potentialAction\":[{\"@type\":\"ReadAction\",\"target\":[\"https:\\\/\\\/conexmetals.com\\\/es\\\/producto\\\/pines-de-laton-para-cargadores\\\/\"]}]},{\"@type\":\"ImageObject\",\"inLanguage\":\"es\",\"@id\":\"https:\\\/\\\/conexmetals.com\\\/es\\\/producto\\\/pines-de-laton-para-cargadores\\\/#primaryimage\",\"url\":\"https:\\\/\\\/conexmetals.com\\\/wp-content\\\/uploads\\\/2024\\\/12\\\/Pines-de-laton-para-cargadores.webp\",\"contentUrl\":\"https:\\\/\\\/conexmetals.com\\\/wp-content\\\/uploads\\\/2024\\\/12\\\/Pines-de-laton-para-cargadores.webp\",\"width\":350,\"height\":350,\"caption\":\"Pines de lat\u00f3n para cargadores\"},{\"@type\":\"BreadcrumbList\",\"@id\":\"https:\\\/\\\/conexmetals.com\\\/es\\\/producto\\\/pines-de-laton-para-cargadores\\\/#breadcrumb\",\"itemListElement\":[{\"@type\":\"ListItem\",\"position\":1,\"name\":\"Home\",\"item\":\"https:\\\/\\\/conexmetals.com\\\/es\\\/hogar\\\/\"},{\"@type\":\"ListItem\",\"position\":2,\"name\":\"Products\",\"item\":\"https:\\\/\\\/conexmetals.com\\\/products\\\/\"},{\"@type\":\"ListItem\",\"position\":3,\"name\":\"Pines de lat\u00f3n para cargadores\"}]},{\"@type\":\"WebSite\",\"@id\":\"https:\\\/\\\/conexmetals.com\\\/es\\\/#website\",\"url\":\"https:\\\/\\\/conexmetals.com\\\/es\\\/\",\"name\":\"Conex Metals Brass Fittings Brass Parts Copper Parts Brass Components Brass Plumbing Fittings India\",\"description\":\"Manufacturer of Bronze Fittings casting Copper Brass parts components\",\"publisher\":{\"@id\":\"https:\\\/\\\/conexmetals.com\\\/es\\\/#organization\"},\"potentialAction\":[{\"@type\":\"SearchAction\",\"target\":{\"@type\":\"EntryPoint\",\"urlTemplate\":\"https:\\\/\\\/conexmetals.com\\\/es\\\/?s={search_term_string}\"},\"query-input\":{\"@type\":\"PropertyValueSpecification\",\"valueRequired\":true,\"valueName\":\"search_term_string\"}}],\"inLanguage\":\"es\"},{\"@type\":\"Organization\",\"@id\":\"https:\\\/\\\/conexmetals.com\\\/es\\\/#organization\",\"name\":\"Conex Metals Brass Fittings Brass Parts Copper Parts Brass Components Brass Plumbing Fittings India\",\"url\":\"https:\\\/\\\/conexmetals.com\\\/es\\\/\",\"logo\":{\"@type\":\"ImageObject\",\"inLanguage\":\"es\",\"@id\":\"https:\\\/\\\/conexmetals.com\\\/es\\\/#\\\/schema\\\/logo\\\/image\\\/\",\"url\":\"https:\\\/\\\/conexmetals.com\\\/wp-content\\\/uploads\\\/2024\\\/03\\\/conex-metals-logo.webp\",\"contentUrl\":\"https:\\\/\\\/conexmetals.com\\\/wp-content\\\/uploads\\\/2024\\\/03\\\/conex-metals-logo.webp\",\"width\":300,\"height\":121,\"caption\":\"Conex Metals Brass Fittings Brass Parts Copper Parts Brass Components Brass Plumbing Fittings India\"},\"image\":{\"@id\":\"https:\\\/\\\/conexmetals.com\\\/es\\\/#\\\/schema\\\/logo\\\/image\\\/\"},\"sameAs\":[\"https:\\\/\\\/www.facebook.com\\\/conexbrass\",\"https:\\\/\\\/x.com\\\/conexindia\",\"https:\\\/\\\/www.linkedin.com\\\/company\\\/conex-metals-india\\\/\",\"https:\\\/\\\/www.instagram.com\\\/conexindia\\\/\"]}]}<\/script>\n<!-- \/ Yoast SEO plugin. -->","yoast_head_json":{"title":"Pines de lat\u00f3n para cargadores","description":"Conex es un fabricante y exportador l\u00edder de Pines de lat\u00f3n para cargadores. Nuestros pines de alta calidad son adecuados para diversas aplicaciones el\u00e9ctricas, incluidos los pines de enchufes el\u00e9ctricos, pines de enchufes industriales y pines de enchufes de 15 amperios y tipo UK. Ofrecemos pines macho y hembra, pines en vivo, pines neutros y pines de tierra para una conectividad confiable.","robots":{"index":"index","follow":"follow","max-snippet":"max-snippet:-1","max-image-preview":"max-image-preview:large","max-video-preview":"max-video-preview:-1"},"canonical":"https:\/\/conexmetals.com\/es\/producto\/pines-de-laton-para-cargadores\/","schema":{"@context":"https:\/\/schema.org","@graph":[{"@type":"WebPage","@id":"https:\/\/conexmetals.com\/es\/producto\/pines-de-laton-para-cargadores\/","url":"https:\/\/conexmetals.com\/es\/producto\/pines-de-laton-para-cargadores\/","name":"Pines de lat\u00f3n para cargadores","isPartOf":{"@id":"https:\/\/conexmetals.com\/es\/#website"},"primaryImageOfPage":{"@id":"https:\/\/conexmetals.com\/es\/producto\/pines-de-laton-para-cargadores\/#primaryimage"},"image":{"@id":"https:\/\/conexmetals.com\/es\/producto\/pines-de-laton-para-cargadores\/#primaryimage"},"thumbnailUrl":"https:\/\/conexmetals.com\/wp-content\/uploads\/2024\/12\/Pines-de-laton-para-cargadores.webp","datePublished":"2023-08-17T06:51:50+00:00","dateModified":"2024-12-19T09:02:15+00:00","description":"Conex es un fabricante y exportador l\u00edder de Pines de lat\u00f3n para cargadores. Nuestros pines de alta calidad son adecuados para diversas aplicaciones el\u00e9ctricas, incluidos los pines de enchufes el\u00e9ctricos, pines de enchufes industriales y pines de enchufes de 15 amperios y tipo UK. Ofrecemos pines macho y hembra, pines en vivo, pines neutros y pines de tierra para una conectividad confiable.","breadcrumb":{"@id":"https:\/\/conexmetals.com\/es\/producto\/pines-de-laton-para-cargadores\/#breadcrumb"},"inLanguage":"es","potentialAction":[{"@type":"ReadAction","target":["https:\/\/conexmetals.com\/es\/producto\/pines-de-laton-para-cargadores\/"]}]},{"@type":"ImageObject","inLanguage":"es","@id":"https:\/\/conexmetals.com\/es\/producto\/pines-de-laton-para-cargadores\/#primaryimage","url":"https:\/\/conexmetals.com\/wp-content\/uploads\/2024\/12\/Pines-de-laton-para-cargadores.webp","contentUrl":"https:\/\/conexmetals.com\/wp-content\/uploads\/2024\/12\/Pines-de-laton-para-cargadores.webp","width":350,"height":350,"caption":"Pines de lat\u00f3n para cargadores"},{"@type":"BreadcrumbList","@id":"https:\/\/conexmetals.com\/es\/producto\/pines-de-laton-para-cargadores\/#breadcrumb","itemListElement":[{"@type":"ListItem","position":1,"name":"Home","item":"https:\/\/conexmetals.com\/es\/hogar\/"},{"@type":"ListItem","position":2,"name":"Products","item":"https:\/\/conexmetals.com\/products\/"},{"@type":"ListItem","position":3,"name":"Pines de lat\u00f3n para cargadores"}]},{"@type":"WebSite","@id":"https:\/\/conexmetals.com\/es\/#website","url":"https:\/\/conexmetals.com\/es\/","name":"Conex Metals Brass Fittings Brass Parts Copper Parts Brass Components Brass Plumbing Fittings India","description":"Manufacturer of Bronze Fittings casting Copper Brass parts components","publisher":{"@id":"https:\/\/conexmetals.com\/es\/#organization"},"potentialAction":[{"@type":"SearchAction","target":{"@type":"EntryPoint","urlTemplate":"https:\/\/conexmetals.com\/es\/?s={search_term_string}"},"query-input":{"@type":"PropertyValueSpecification","valueRequired":true,"valueName":"search_term_string"}}],"inLanguage":"es"},{"@type":"Organization","@id":"https:\/\/conexmetals.com\/es\/#organization","name":"Conex Metals Brass Fittings Brass Parts Copper Parts Brass Components Brass Plumbing Fittings India","url":"https:\/\/conexmetals.com\/es\/","logo":{"@type":"ImageObject","inLanguage":"es","@id":"https:\/\/conexmetals.com\/es\/#\/schema\/logo\/image\/","url":"https:\/\/conexmetals.com\/wp-content\/uploads\/2024\/03\/conex-metals-logo.webp","contentUrl":"https:\/\/conexmetals.com\/wp-content\/uploads\/2024\/03\/conex-metals-logo.webp","width":300,"height":121,"caption":"Conex Metals Brass Fittings Brass Parts Copper Parts Brass Components Brass Plumbing Fittings India"},"image":{"@id":"https:\/\/conexmetals.com\/es\/#\/schema\/logo\/image\/"},"sameAs":["https:\/\/www.facebook.com\/conexbrass","https:\/\/x.com\/conexindia","https:\/\/www.linkedin.com\/company\/conex-metals-india\/","https:\/\/www.instagram.com\/conexindia\/"]}]}},"_links":{"self":[{"href":"https:\/\/conexmetals.com\/es\/wp-json\/wp\/v2\/product\/12237","targetHints":{"allow":["GET"]}}],"collection":[{"href":"https:\/\/conexmetals.com\/es\/wp-json\/wp\/v2\/product"}],"about":[{"href":"https:\/\/conexmetals.com\/es\/wp-json\/wp\/v2\/types\/product"}],"wp:featuredmedia":[{"embeddable":true,"href":"https:\/\/conexmetals.com\/es\/wp-json\/wp\/v2\/media\/8177"}],"wp:attachment":[{"href":"https:\/\/conexmetals.com\/es\/wp-json\/wp\/v2\/media?parent=12237"}],"wp:term":[{"taxonomy":"product_brand","embeddable":true,"href":"https:\/\/conexmetals.com\/es\/wp-json\/wp\/v2\/product_brand?post=12237"},{"taxonomy":"product_cat","embeddable":true,"href":"https:\/\/conexmetals.com\/es\/wp-json\/wp\/v2\/product_cat?post=12237"},{"taxonomy":"product_tag","embeddable":true,"href":"https:\/\/conexmetals.com\/es\/wp-json\/wp\/v2\/product_tag?post=12237"}],"curies":[{"name":"wp","href":"https:\/\/api.w.org\/{rel}","templated":true}]}}