{"id":12268,"date":"2023-08-18T07:48:46","date_gmt":"2023-08-18T02:18:46","guid":{"rendered":"https:\/\/conexmetals.com\/?post_type=product&#038;p=12268"},"modified":"2024-12-19T17:32:46","modified_gmt":"2024-12-19T12:02:46","slug":"pernos-de-ojo-de-bronce","status":"publish","type":"product","link":"https:\/\/conexmetals.com\/es\/producto\/pernos-de-ojo-de-bronce\/","title":{"rendered":"Pernos de ojo de bronce"},"content":{"rendered":"","protected":false},"excerpt":{"rendered":"<p><span>Los pernos de ojo de bronce son elementos de fijaci\u00f3n con un v\u00e1stago roscado y un ojo circular en forma de bucle en el extremo opuesto. El ojo se utiliza normalmente como punto de fijaci\u00f3n para conectores, cables u otros accesorios, lo que permite una conexi\u00f3n sencilla y un anclaje seguro en diversas aplicaciones.<\/span><\/p>\n<p><span>Las caracter\u00edsticas principales de los pernos de ojo de bronce incluyen:<\/span><\/p>\n<ol>\n<li><strong><b><span>Material:<\/span><\/b><\/strong><span>\u00a0Los pernos de ojo de bronce est\u00e1n hechos de bronce, como C955, C956 y otras aleaciones de cobre de alta resistencia. El bronce ofrece una excelente resistencia a la corrosi\u00f3n, lo que hace que estos pernos de ojo sean adecuados para aplicaciones marinas y al aire libre donde la exposici\u00f3n a la humedad o a condiciones ambientales adversas es una preocupaci\u00f3n.<\/span><\/li>\n<li><strong><b><span>V\u00e1stago roscado:<\/span><\/b><\/strong><span>\u00a0el v\u00e1stago del perno de ojo est\u00e1 roscado, lo que permite atornillarlo de forma segura en un orificio pretaladrado o en un recept\u00e1culo roscado, lo que proporciona un punto de fijaci\u00f3n fuerte.<\/span><\/li>\n<li><strong><b><span>Dise\u00f1o del ojo:<\/span><\/b><\/strong><span>\u00a0La parte del ojo del perno es circular y cerrada, formando un bucle por el que pueden pasar cuerdas, cables u otros conectores. Algunos pernos con ojo pueden tener un ojo soldado o forjado, lo que garantiza una mayor resistencia.<\/span><\/li>\n<li><strong><b><span>Tama\u00f1o y capacidad de carga:<\/span><\/b><\/strong><span>\u00a0Los pernos de ojo de bronce est\u00e1n disponibles en varios tama\u00f1os, con capacidades de carga especificadas para cada tama\u00f1o. Es fundamental seleccionar el tama\u00f1o y la capacidad de carga adecuados en funci\u00f3n de la aplicaci\u00f3n prevista y las cargas previstas.<\/span><\/li>\n<\/ol>\n<p>&nbsp;<\/p>\n<p><span>Los pernos de ojo de bronce se utilizan en una amplia gama de industrias y aplicaciones, incluidas las operaciones marinas, al aire libre, de construcci\u00f3n, de aparejos y de elevaci\u00f3n. Sin embargo, es importante tener en cuenta que la idoneidad de los pernos de ojo de bronce depende de las condiciones ambientales y de carga espec\u00edficas.<\/span><\/p>\n<p><strong><span>Norma<\/span><br \/>\n<\/strong><span>\u00a0seg\u00fan DIN 444 y 580<\/span><\/p>\n<p><strong><span>Tama\u00f1os<\/span><\/strong><br \/>\n<span>Tornillos de ojo de lat\u00f3n Tornillos de lat\u00f3n DIN 444 DIN 580 Desde 3 mm, 4 mm, 5 mm, 6 mm, 8 mm, 10 mm, 12 mm, 16 1\/8, 5\/32, 3\/16, 1\/4, 5\/16, 3\/8, 1\/2, 3\/4, 1 pulgada M3, M4, M5, M6, M8, M10, m12, m16, UNC, UNEF, UNC, BSW mm en tama\u00f1o de rosca y hasta 100 mm de longitud<\/span><\/p>\n","protected":false},"featured_media":7617,"template":"","meta":[],"product_brand":[],"product_cat":[334],"product_tag":[],"class_list":{"0":"post-12268","1":"product","2":"type-product","3":"status-publish","4":"has-post-thumbnail","6":"product_cat-accesorios-de-puesta-a-tierra-de-bronce","8":"first","9":"instock","10":"shipping-taxable","11":"product-type-simple"},"yoast_head":"<!-- This site is optimized with the Yoast SEO plugin v27.3 - https:\/\/yoast.com\/product\/yoast-seo-wordpress\/ -->\n<title>Pernos de ojo de bronce<\/title>\n<meta name=\"description\" content=\"Conex Metals es un fabricante y exportador indio establecido de pernos de ojo de bronce, incluidos pernos de ojo de lat\u00f3n, pernos DIN 444, DIN 580 y pernos de ojo de lat\u00f3n DIN 444, DIN 580.\" \/>\n<meta name=\"robots\" content=\"index, follow, max-snippet:-1, max-image-preview:large, max-video-preview:-1\" \/>\n<link rel=\"canonical\" href=\"https:\/\/conexmetals.com\/es\/producto\/pernos-de-ojo-de-bronce\/\" \/>\n<script type=\"application\/ld+json\" class=\"yoast-schema-graph\">{\"@context\":\"https:\\\/\\\/schema.org\",\"@graph\":[{\"@type\":\"WebPage\",\"@id\":\"https:\\\/\\\/conexmetals.com\\\/es\\\/producto\\\/pernos-de-ojo-de-bronce\\\/\",\"url\":\"https:\\\/\\\/conexmetals.com\\\/es\\\/producto\\\/pernos-de-ojo-de-bronce\\\/\",\"name\":\"Pernos de ojo de bronce\",\"isPartOf\":{\"@id\":\"https:\\\/\\\/conexmetals.com\\\/es\\\/#website\"},\"primaryImageOfPage\":{\"@id\":\"https:\\\/\\\/conexmetals.com\\\/es\\\/producto\\\/pernos-de-ojo-de-bronce\\\/#primaryimage\"},\"image\":{\"@id\":\"https:\\\/\\\/conexmetals.com\\\/es\\\/producto\\\/pernos-de-ojo-de-bronce\\\/#primaryimage\"},\"thumbnailUrl\":\"https:\\\/\\\/conexmetals.com\\\/wp-content\\\/uploads\\\/2024\\\/12\\\/Pernos-de-ojo-de-bronce.webp\",\"datePublished\":\"2023-08-18T02:18:46+00:00\",\"dateModified\":\"2024-12-19T12:02:46+00:00\",\"description\":\"Conex Metals es un fabricante y exportador indio establecido de pernos de ojo de bronce, incluidos pernos de ojo de lat\u00f3n, pernos DIN 444, DIN 580 y pernos de ojo de lat\u00f3n DIN 444, DIN 580.\",\"breadcrumb\":{\"@id\":\"https:\\\/\\\/conexmetals.com\\\/es\\\/producto\\\/pernos-de-ojo-de-bronce\\\/#breadcrumb\"},\"inLanguage\":\"es\",\"potentialAction\":[{\"@type\":\"ReadAction\",\"target\":[\"https:\\\/\\\/conexmetals.com\\\/es\\\/producto\\\/pernos-de-ojo-de-bronce\\\/\"]}]},{\"@type\":\"ImageObject\",\"inLanguage\":\"es\",\"@id\":\"https:\\\/\\\/conexmetals.com\\\/es\\\/producto\\\/pernos-de-ojo-de-bronce\\\/#primaryimage\",\"url\":\"https:\\\/\\\/conexmetals.com\\\/wp-content\\\/uploads\\\/2024\\\/12\\\/Pernos-de-ojo-de-bronce.webp\",\"contentUrl\":\"https:\\\/\\\/conexmetals.com\\\/wp-content\\\/uploads\\\/2024\\\/12\\\/Pernos-de-ojo-de-bronce.webp\",\"width\":350,\"height\":350,\"caption\":\"Pernos de ojo de bronce\"},{\"@type\":\"BreadcrumbList\",\"@id\":\"https:\\\/\\\/conexmetals.com\\\/es\\\/producto\\\/pernos-de-ojo-de-bronce\\\/#breadcrumb\",\"itemListElement\":[{\"@type\":\"ListItem\",\"position\":1,\"name\":\"Home\",\"item\":\"https:\\\/\\\/conexmetals.com\\\/es\\\/hogar\\\/\"},{\"@type\":\"ListItem\",\"position\":2,\"name\":\"Products\",\"item\":\"https:\\\/\\\/conexmetals.com\\\/products\\\/\"},{\"@type\":\"ListItem\",\"position\":3,\"name\":\"Pernos de ojo de bronce\"}]},{\"@type\":\"WebSite\",\"@id\":\"https:\\\/\\\/conexmetals.com\\\/es\\\/#website\",\"url\":\"https:\\\/\\\/conexmetals.com\\\/es\\\/\",\"name\":\"Conex Metals Brass Fittings Brass Parts Copper Parts Brass Components Brass Plumbing Fittings India\",\"description\":\"Manufacturer of Bronze Fittings casting Copper Brass parts components\",\"publisher\":{\"@id\":\"https:\\\/\\\/conexmetals.com\\\/es\\\/#organization\"},\"potentialAction\":[{\"@type\":\"SearchAction\",\"target\":{\"@type\":\"EntryPoint\",\"urlTemplate\":\"https:\\\/\\\/conexmetals.com\\\/es\\\/?s={search_term_string}\"},\"query-input\":{\"@type\":\"PropertyValueSpecification\",\"valueRequired\":true,\"valueName\":\"search_term_string\"}}],\"inLanguage\":\"es\"},{\"@type\":\"Organization\",\"@id\":\"https:\\\/\\\/conexmetals.com\\\/es\\\/#organization\",\"name\":\"Conex Metals Brass Fittings Brass Parts Copper Parts Brass Components Brass Plumbing Fittings India\",\"url\":\"https:\\\/\\\/conexmetals.com\\\/es\\\/\",\"logo\":{\"@type\":\"ImageObject\",\"inLanguage\":\"es\",\"@id\":\"https:\\\/\\\/conexmetals.com\\\/es\\\/#\\\/schema\\\/logo\\\/image\\\/\",\"url\":\"https:\\\/\\\/conexmetals.com\\\/wp-content\\\/uploads\\\/2024\\\/03\\\/conex-metals-logo.webp\",\"contentUrl\":\"https:\\\/\\\/conexmetals.com\\\/wp-content\\\/uploads\\\/2024\\\/03\\\/conex-metals-logo.webp\",\"width\":300,\"height\":121,\"caption\":\"Conex Metals Brass Fittings Brass Parts Copper Parts Brass Components Brass Plumbing Fittings India\"},\"image\":{\"@id\":\"https:\\\/\\\/conexmetals.com\\\/es\\\/#\\\/schema\\\/logo\\\/image\\\/\"},\"sameAs\":[\"https:\\\/\\\/www.facebook.com\\\/conexbrass\",\"https:\\\/\\\/x.com\\\/conexindia\",\"https:\\\/\\\/www.linkedin.com\\\/company\\\/conex-metals-india\\\/\",\"https:\\\/\\\/www.instagram.com\\\/conexindia\\\/\"]}]}<\/script>\n<!-- \/ Yoast SEO plugin. -->","yoast_head_json":{"title":"Pernos de ojo de bronce","description":"Conex Metals es un fabricante y exportador indio establecido de pernos de ojo de bronce, incluidos pernos de ojo de lat\u00f3n, pernos DIN 444, DIN 580 y pernos de ojo de lat\u00f3n DIN 444, DIN 580.","robots":{"index":"index","follow":"follow","max-snippet":"max-snippet:-1","max-image-preview":"max-image-preview:large","max-video-preview":"max-video-preview:-1"},"canonical":"https:\/\/conexmetals.com\/es\/producto\/pernos-de-ojo-de-bronce\/","schema":{"@context":"https:\/\/schema.org","@graph":[{"@type":"WebPage","@id":"https:\/\/conexmetals.com\/es\/producto\/pernos-de-ojo-de-bronce\/","url":"https:\/\/conexmetals.com\/es\/producto\/pernos-de-ojo-de-bronce\/","name":"Pernos de ojo de bronce","isPartOf":{"@id":"https:\/\/conexmetals.com\/es\/#website"},"primaryImageOfPage":{"@id":"https:\/\/conexmetals.com\/es\/producto\/pernos-de-ojo-de-bronce\/#primaryimage"},"image":{"@id":"https:\/\/conexmetals.com\/es\/producto\/pernos-de-ojo-de-bronce\/#primaryimage"},"thumbnailUrl":"https:\/\/conexmetals.com\/wp-content\/uploads\/2024\/12\/Pernos-de-ojo-de-bronce.webp","datePublished":"2023-08-18T02:18:46+00:00","dateModified":"2024-12-19T12:02:46+00:00","description":"Conex Metals es un fabricante y exportador indio establecido de pernos de ojo de bronce, incluidos pernos de ojo de lat\u00f3n, pernos DIN 444, DIN 580 y pernos de ojo de lat\u00f3n DIN 444, DIN 580.","breadcrumb":{"@id":"https:\/\/conexmetals.com\/es\/producto\/pernos-de-ojo-de-bronce\/#breadcrumb"},"inLanguage":"es","potentialAction":[{"@type":"ReadAction","target":["https:\/\/conexmetals.com\/es\/producto\/pernos-de-ojo-de-bronce\/"]}]},{"@type":"ImageObject","inLanguage":"es","@id":"https:\/\/conexmetals.com\/es\/producto\/pernos-de-ojo-de-bronce\/#primaryimage","url":"https:\/\/conexmetals.com\/wp-content\/uploads\/2024\/12\/Pernos-de-ojo-de-bronce.webp","contentUrl":"https:\/\/conexmetals.com\/wp-content\/uploads\/2024\/12\/Pernos-de-ojo-de-bronce.webp","width":350,"height":350,"caption":"Pernos de ojo de bronce"},{"@type":"BreadcrumbList","@id":"https:\/\/conexmetals.com\/es\/producto\/pernos-de-ojo-de-bronce\/#breadcrumb","itemListElement":[{"@type":"ListItem","position":1,"name":"Home","item":"https:\/\/conexmetals.com\/es\/hogar\/"},{"@type":"ListItem","position":2,"name":"Products","item":"https:\/\/conexmetals.com\/products\/"},{"@type":"ListItem","position":3,"name":"Pernos de ojo de bronce"}]},{"@type":"WebSite","@id":"https:\/\/conexmetals.com\/es\/#website","url":"https:\/\/conexmetals.com\/es\/","name":"Conex Metals Brass Fittings Brass Parts Copper Parts Brass Components Brass Plumbing Fittings India","description":"Manufacturer of Bronze Fittings casting Copper Brass parts components","publisher":{"@id":"https:\/\/conexmetals.com\/es\/#organization"},"potentialAction":[{"@type":"SearchAction","target":{"@type":"EntryPoint","urlTemplate":"https:\/\/conexmetals.com\/es\/?s={search_term_string}"},"query-input":{"@type":"PropertyValueSpecification","valueRequired":true,"valueName":"search_term_string"}}],"inLanguage":"es"},{"@type":"Organization","@id":"https:\/\/conexmetals.com\/es\/#organization","name":"Conex Metals Brass Fittings Brass Parts Copper Parts Brass Components Brass Plumbing Fittings India","url":"https:\/\/conexmetals.com\/es\/","logo":{"@type":"ImageObject","inLanguage":"es","@id":"https:\/\/conexmetals.com\/es\/#\/schema\/logo\/image\/","url":"https:\/\/conexmetals.com\/wp-content\/uploads\/2024\/03\/conex-metals-logo.webp","contentUrl":"https:\/\/conexmetals.com\/wp-content\/uploads\/2024\/03\/conex-metals-logo.webp","width":300,"height":121,"caption":"Conex Metals Brass Fittings Brass Parts Copper Parts Brass Components Brass Plumbing Fittings India"},"image":{"@id":"https:\/\/conexmetals.com\/es\/#\/schema\/logo\/image\/"},"sameAs":["https:\/\/www.facebook.com\/conexbrass","https:\/\/x.com\/conexindia","https:\/\/www.linkedin.com\/company\/conex-metals-india\/","https:\/\/www.instagram.com\/conexindia\/"]}]}},"_links":{"self":[{"href":"https:\/\/conexmetals.com\/es\/wp-json\/wp\/v2\/product\/12268","targetHints":{"allow":["GET"]}}],"collection":[{"href":"https:\/\/conexmetals.com\/es\/wp-json\/wp\/v2\/product"}],"about":[{"href":"https:\/\/conexmetals.com\/es\/wp-json\/wp\/v2\/types\/product"}],"wp:featuredmedia":[{"embeddable":true,"href":"https:\/\/conexmetals.com\/es\/wp-json\/wp\/v2\/media\/7617"}],"wp:attachment":[{"href":"https:\/\/conexmetals.com\/es\/wp-json\/wp\/v2\/media?parent=12268"}],"wp:term":[{"taxonomy":"product_brand","embeddable":true,"href":"https:\/\/conexmetals.com\/es\/wp-json\/wp\/v2\/product_brand?post=12268"},{"taxonomy":"product_cat","embeddable":true,"href":"https:\/\/conexmetals.com\/es\/wp-json\/wp\/v2\/product_cat?post=12268"},{"taxonomy":"product_tag","embeddable":true,"href":"https:\/\/conexmetals.com\/es\/wp-json\/wp\/v2\/product_tag?post=12268"}],"curies":[{"name":"wp","href":"https:\/\/api.w.org\/{rel}","templated":true}]}}