{"id":12272,"date":"2023-08-18T07:46:43","date_gmt":"2023-08-18T02:16:43","guid":{"rendered":"https:\/\/conexmetals.com\/?post_type=product&#038;p=12272"},"modified":"2024-12-19T17:52:29","modified_gmt":"2024-12-19T12:22:29","slug":"abrazaderas-de-varillas-de-puesta-a-tierra-de-bronce","status":"publish","type":"product","link":"https:\/\/conexmetals.com\/es\/producto\/abrazaderas-de-varillas-de-puesta-a-tierra-de-bronce\/","title":{"rendered":"Abrazaderas de varillas de puesta a tierra de bronce"},"content":{"rendered":"","protected":false},"excerpt":{"rendered":"<p><span>Conex es un fabricante y exportador indio l\u00edder de abrazaderas de varilla de tierra de bronce, tambi\u00e9n conocidas como abrazadera de bellota de bronce \/ abrazadera de puesta a tierra de bronce \/ abrazaderas de varilla de tierra de bronce, son conectores el\u00e9ctricos dise\u00f1ados para conectar conductores de tierra a varillas de tierra de cobre \/ acero de forma segura.<\/span><\/p>\n<p><span>Las varillas de puesta a tierra son varillas met\u00e1licas largas hechas de materiales como cobre o acero que se introducen en la tierra para proporcionar un electrodo de puesta a tierra eficaz. Estas abrazaderas de bronce para varillas de puesta a tierra ayudan a asegurar el conductor con varillas de puesta a tierra de forma segura.<\/span><\/p>\n<p><span>Tama\u00f1os de abrazaderas de varilla de tierra de bronce: \u00bd\u201d, 5\/8\u201d, \u00be\u201d, 1\u201d<\/span><br \/>\n<span>Roscas y pernos: Roscas UNF\/UNC con pernos de acero inoxidable o bronce<\/span><\/p>\n<p><span>Las abrazaderas de bronce para varillas de puesta a tierra son conectores el\u00e9ctricos dise\u00f1ados para conectar conductores de puesta a tierra a varillas de puesta a tierra de forma segura. Las varillas de puesta a tierra son varillas met\u00e1licas largas hechas de materiales como cobre o acero que se introducen en la tierra para proporcionar un electrodo de puesta a tierra eficaz. Estos electrodos son una parte esencial de los sistemas de puesta a tierra, ya que ofrecen una ruta de baja resistencia para que la corriente el\u00e9ctrica se disipe de forma segura en el suelo en caso de una falla o una sobrecarga el\u00e9ctrica.<\/span><\/p>\n<p><span>Las abrazaderas de varilla de tierra de bronce tienen varias caracter\u00edsticas clave:<\/span><\/p>\n<ol>\n<li><b><\/b><strong><b><span>Construcci\u00f3n en bronce:<\/span><\/b><\/strong><span>\u00a0como sugiere su nombre, estas abrazaderas suelen estar hechas de bronce, un material conocido por su excelente conductividad el\u00e9ctrica y resistencia a la corrosi\u00f3n.<\/span><\/li>\n<li><b><\/b><strong><b><span>Dise\u00f1o de tornillo o compresi\u00f3n:<\/span><\/b><\/strong><span>\u00a0Las abrazaderas de varilla de tierra a menudo utilizan tornillos o mecanismos de compresi\u00f3n para sujetar de manera firme y segura el conductor de tierra a la varilla de tierra.<\/span><\/li>\n<li><b><\/b><strong><b><span>Roscado o no roscado:<\/span><\/b><\/strong><span>\u00a0algunas abrazaderas pueden tener orificios roscados que aceptan tornillos para fijar el conductor de tierra, mientras que otras pueden tener orificios no roscados que requieren un perno separado o una varilla roscada para realizar la conexi\u00f3n.<\/span><\/li>\n<\/ol>\n<p><span>Las abrazaderas de bronce para varillas de puesta a tierra instaladas correctamente proporcionan una conexi\u00f3n confiable y duradera entre el conductor de puesta a tierra y la varilla de puesta a tierra. Esta conexi\u00f3n es crucial para establecer un sistema de puesta a tierra eficaz, que, como se mencion\u00f3 anteriormente, es esencial para la seguridad el\u00e9ctrica y la protecci\u00f3n contra fallas el\u00e9ctricas.<\/span><\/p>\n<p><span>Conex fabrica una amplia gama de abrazaderas para varillas de puesta a tierra en lat\u00f3n naval, bronce de ca\u00f1\u00f3n y aluminio. Tambi\u00e9n se pueden suministrar abrazaderas especiales seg\u00fan las especificaciones del cliente para varillas de puesta a tierra.<\/span><\/p>\n<p><strong><span>Abrazadera de varilla a cinta<\/span><\/strong><br \/>\n<span>(abrazadera A) Se adapta a una amplia gama de cintas de cobre\/AI.<\/span><\/p>\n<p><strong><span>Abrazadera de varilla a conductor<\/span><\/strong><br \/>\n<span>(abrazadera G) Disponible en versiones para trabajos livianos y pesados.<\/span><br \/>\n<span>Admite conductores de 10 mm2 a 120 mm2.<\/span><\/p>\n<p><strong><span>Abrazadera de terminal de varilla a cable<\/span><\/strong><br \/>\n<span>(tipo B) Disponible con perno M12 completo con arandela de lat\u00f3n y tuercas.<\/span><\/p>\n","protected":false},"featured_media":7172,"template":"","meta":[],"product_brand":[],"product_cat":[334],"product_tag":[],"class_list":{"0":"post-12272","1":"product","2":"type-product","3":"status-publish","4":"has-post-thumbnail","6":"product_cat-accesorios-de-puesta-a-tierra-de-bronce","8":"first","9":"instock","10":"shipping-taxable","11":"product-type-simple"},"yoast_head":"<!-- This site is optimized with the Yoast SEO plugin v27.3 - https:\/\/yoast.com\/product\/yoast-seo-wordpress\/ -->\n<title>Abrazaderas de varillas de puesta a tierra de bronce<\/title>\n<meta name=\"description\" content=\"Conex es un fabricante y exportador l\u00edder en India de abrazaderas de varillas de puesta a tierra de bronce, tambi\u00e9n conocidas como abrazaderas Acorn de bronce o abrazaderas de conexi\u00f3n a tierra de bronce. Estos conectores el\u00e9ctricos est\u00e1n dise\u00f1ados para fijar conductores de puesta a tierra de manera segura a varillas de puesta a tierra de cobre o acero.\" \/>\n<meta name=\"robots\" content=\"index, follow, max-snippet:-1, max-image-preview:large, max-video-preview:-1\" \/>\n<link rel=\"canonical\" href=\"https:\/\/conexmetals.com\/es\/producto\/abrazaderas-de-varillas-de-puesta-a-tierra-de-bronce\/\" \/>\n<script type=\"application\/ld+json\" class=\"yoast-schema-graph\">{\"@context\":\"https:\\\/\\\/schema.org\",\"@graph\":[{\"@type\":\"WebPage\",\"@id\":\"https:\\\/\\\/conexmetals.com\\\/es\\\/producto\\\/abrazaderas-de-varillas-de-puesta-a-tierra-de-bronce\\\/\",\"url\":\"https:\\\/\\\/conexmetals.com\\\/es\\\/producto\\\/abrazaderas-de-varillas-de-puesta-a-tierra-de-bronce\\\/\",\"name\":\"Abrazaderas de varillas de puesta a tierra de bronce\",\"isPartOf\":{\"@id\":\"https:\\\/\\\/conexmetals.com\\\/es\\\/#website\"},\"primaryImageOfPage\":{\"@id\":\"https:\\\/\\\/conexmetals.com\\\/es\\\/producto\\\/abrazaderas-de-varillas-de-puesta-a-tierra-de-bronce\\\/#primaryimage\"},\"image\":{\"@id\":\"https:\\\/\\\/conexmetals.com\\\/es\\\/producto\\\/abrazaderas-de-varillas-de-puesta-a-tierra-de-bronce\\\/#primaryimage\"},\"thumbnailUrl\":\"https:\\\/\\\/conexmetals.com\\\/wp-content\\\/uploads\\\/2024\\\/12\\\/Abrazaderas-de-varillas-de-puesta-a-tierra-de-bronce-1.webp\",\"datePublished\":\"2023-08-18T02:16:43+00:00\",\"dateModified\":\"2024-12-19T12:22:29+00:00\",\"description\":\"Conex es un fabricante y exportador l\u00edder en India de abrazaderas de varillas de puesta a tierra de bronce, tambi\u00e9n conocidas como abrazaderas Acorn de bronce o abrazaderas de conexi\u00f3n a tierra de bronce. Estos conectores el\u00e9ctricos est\u00e1n dise\u00f1ados para fijar conductores de puesta a tierra de manera segura a varillas de puesta a tierra de cobre o acero.\",\"breadcrumb\":{\"@id\":\"https:\\\/\\\/conexmetals.com\\\/es\\\/producto\\\/abrazaderas-de-varillas-de-puesta-a-tierra-de-bronce\\\/#breadcrumb\"},\"inLanguage\":\"es\",\"potentialAction\":[{\"@type\":\"ReadAction\",\"target\":[\"https:\\\/\\\/conexmetals.com\\\/es\\\/producto\\\/abrazaderas-de-varillas-de-puesta-a-tierra-de-bronce\\\/\"]}]},{\"@type\":\"ImageObject\",\"inLanguage\":\"es\",\"@id\":\"https:\\\/\\\/conexmetals.com\\\/es\\\/producto\\\/abrazaderas-de-varillas-de-puesta-a-tierra-de-bronce\\\/#primaryimage\",\"url\":\"https:\\\/\\\/conexmetals.com\\\/wp-content\\\/uploads\\\/2024\\\/12\\\/Abrazaderas-de-varillas-de-puesta-a-tierra-de-bronce-1.webp\",\"contentUrl\":\"https:\\\/\\\/conexmetals.com\\\/wp-content\\\/uploads\\\/2024\\\/12\\\/Abrazaderas-de-varillas-de-puesta-a-tierra-de-bronce-1.webp\",\"width\":350,\"height\":350,\"caption\":\"Abrazaderas de varillas de puesta a tierra de bronce\"},{\"@type\":\"BreadcrumbList\",\"@id\":\"https:\\\/\\\/conexmetals.com\\\/es\\\/producto\\\/abrazaderas-de-varillas-de-puesta-a-tierra-de-bronce\\\/#breadcrumb\",\"itemListElement\":[{\"@type\":\"ListItem\",\"position\":1,\"name\":\"Home\",\"item\":\"https:\\\/\\\/conexmetals.com\\\/es\\\/hogar\\\/\"},{\"@type\":\"ListItem\",\"position\":2,\"name\":\"Products\",\"item\":\"https:\\\/\\\/conexmetals.com\\\/products\\\/\"},{\"@type\":\"ListItem\",\"position\":3,\"name\":\"Abrazaderas de varillas de puesta a tierra de bronce\"}]},{\"@type\":\"WebSite\",\"@id\":\"https:\\\/\\\/conexmetals.com\\\/es\\\/#website\",\"url\":\"https:\\\/\\\/conexmetals.com\\\/es\\\/\",\"name\":\"Conex Metals Brass Fittings Brass Parts Copper Parts Brass Components Brass Plumbing Fittings India\",\"description\":\"Manufacturer of Bronze Fittings casting Copper Brass parts components\",\"publisher\":{\"@id\":\"https:\\\/\\\/conexmetals.com\\\/es\\\/#organization\"},\"potentialAction\":[{\"@type\":\"SearchAction\",\"target\":{\"@type\":\"EntryPoint\",\"urlTemplate\":\"https:\\\/\\\/conexmetals.com\\\/es\\\/?s={search_term_string}\"},\"query-input\":{\"@type\":\"PropertyValueSpecification\",\"valueRequired\":true,\"valueName\":\"search_term_string\"}}],\"inLanguage\":\"es\"},{\"@type\":\"Organization\",\"@id\":\"https:\\\/\\\/conexmetals.com\\\/es\\\/#organization\",\"name\":\"Conex Metals Brass Fittings Brass Parts Copper Parts Brass Components Brass Plumbing Fittings India\",\"url\":\"https:\\\/\\\/conexmetals.com\\\/es\\\/\",\"logo\":{\"@type\":\"ImageObject\",\"inLanguage\":\"es\",\"@id\":\"https:\\\/\\\/conexmetals.com\\\/es\\\/#\\\/schema\\\/logo\\\/image\\\/\",\"url\":\"https:\\\/\\\/conexmetals.com\\\/wp-content\\\/uploads\\\/2024\\\/03\\\/conex-metals-logo.webp\",\"contentUrl\":\"https:\\\/\\\/conexmetals.com\\\/wp-content\\\/uploads\\\/2024\\\/03\\\/conex-metals-logo.webp\",\"width\":300,\"height\":121,\"caption\":\"Conex Metals Brass Fittings Brass Parts Copper Parts Brass Components Brass Plumbing Fittings India\"},\"image\":{\"@id\":\"https:\\\/\\\/conexmetals.com\\\/es\\\/#\\\/schema\\\/logo\\\/image\\\/\"},\"sameAs\":[\"https:\\\/\\\/www.facebook.com\\\/conexbrass\",\"https:\\\/\\\/x.com\\\/conexindia\",\"https:\\\/\\\/www.linkedin.com\\\/company\\\/conex-metals-india\\\/\",\"https:\\\/\\\/www.instagram.com\\\/conexindia\\\/\"]}]}<\/script>\n<!-- \/ Yoast SEO plugin. -->","yoast_head_json":{"title":"Abrazaderas de varillas de puesta a tierra de bronce","description":"Conex es un fabricante y exportador l\u00edder en India de abrazaderas de varillas de puesta a tierra de bronce, tambi\u00e9n conocidas como abrazaderas Acorn de bronce o abrazaderas de conexi\u00f3n a tierra de bronce. Estos conectores el\u00e9ctricos est\u00e1n dise\u00f1ados para fijar conductores de puesta a tierra de manera segura a varillas de puesta a tierra de cobre o acero.","robots":{"index":"index","follow":"follow","max-snippet":"max-snippet:-1","max-image-preview":"max-image-preview:large","max-video-preview":"max-video-preview:-1"},"canonical":"https:\/\/conexmetals.com\/es\/producto\/abrazaderas-de-varillas-de-puesta-a-tierra-de-bronce\/","schema":{"@context":"https:\/\/schema.org","@graph":[{"@type":"WebPage","@id":"https:\/\/conexmetals.com\/es\/producto\/abrazaderas-de-varillas-de-puesta-a-tierra-de-bronce\/","url":"https:\/\/conexmetals.com\/es\/producto\/abrazaderas-de-varillas-de-puesta-a-tierra-de-bronce\/","name":"Abrazaderas de varillas de puesta a tierra de bronce","isPartOf":{"@id":"https:\/\/conexmetals.com\/es\/#website"},"primaryImageOfPage":{"@id":"https:\/\/conexmetals.com\/es\/producto\/abrazaderas-de-varillas-de-puesta-a-tierra-de-bronce\/#primaryimage"},"image":{"@id":"https:\/\/conexmetals.com\/es\/producto\/abrazaderas-de-varillas-de-puesta-a-tierra-de-bronce\/#primaryimage"},"thumbnailUrl":"https:\/\/conexmetals.com\/wp-content\/uploads\/2024\/12\/Abrazaderas-de-varillas-de-puesta-a-tierra-de-bronce-1.webp","datePublished":"2023-08-18T02:16:43+00:00","dateModified":"2024-12-19T12:22:29+00:00","description":"Conex es un fabricante y exportador l\u00edder en India de abrazaderas de varillas de puesta a tierra de bronce, tambi\u00e9n conocidas como abrazaderas Acorn de bronce o abrazaderas de conexi\u00f3n a tierra de bronce. Estos conectores el\u00e9ctricos est\u00e1n dise\u00f1ados para fijar conductores de puesta a tierra de manera segura a varillas de puesta a tierra de cobre o acero.","breadcrumb":{"@id":"https:\/\/conexmetals.com\/es\/producto\/abrazaderas-de-varillas-de-puesta-a-tierra-de-bronce\/#breadcrumb"},"inLanguage":"es","potentialAction":[{"@type":"ReadAction","target":["https:\/\/conexmetals.com\/es\/producto\/abrazaderas-de-varillas-de-puesta-a-tierra-de-bronce\/"]}]},{"@type":"ImageObject","inLanguage":"es","@id":"https:\/\/conexmetals.com\/es\/producto\/abrazaderas-de-varillas-de-puesta-a-tierra-de-bronce\/#primaryimage","url":"https:\/\/conexmetals.com\/wp-content\/uploads\/2024\/12\/Abrazaderas-de-varillas-de-puesta-a-tierra-de-bronce-1.webp","contentUrl":"https:\/\/conexmetals.com\/wp-content\/uploads\/2024\/12\/Abrazaderas-de-varillas-de-puesta-a-tierra-de-bronce-1.webp","width":350,"height":350,"caption":"Abrazaderas de varillas de puesta a tierra de bronce"},{"@type":"BreadcrumbList","@id":"https:\/\/conexmetals.com\/es\/producto\/abrazaderas-de-varillas-de-puesta-a-tierra-de-bronce\/#breadcrumb","itemListElement":[{"@type":"ListItem","position":1,"name":"Home","item":"https:\/\/conexmetals.com\/es\/hogar\/"},{"@type":"ListItem","position":2,"name":"Products","item":"https:\/\/conexmetals.com\/products\/"},{"@type":"ListItem","position":3,"name":"Abrazaderas de varillas de puesta a tierra de bronce"}]},{"@type":"WebSite","@id":"https:\/\/conexmetals.com\/es\/#website","url":"https:\/\/conexmetals.com\/es\/","name":"Conex Metals Brass Fittings Brass Parts Copper Parts Brass Components Brass Plumbing Fittings India","description":"Manufacturer of Bronze Fittings casting Copper Brass parts components","publisher":{"@id":"https:\/\/conexmetals.com\/es\/#organization"},"potentialAction":[{"@type":"SearchAction","target":{"@type":"EntryPoint","urlTemplate":"https:\/\/conexmetals.com\/es\/?s={search_term_string}"},"query-input":{"@type":"PropertyValueSpecification","valueRequired":true,"valueName":"search_term_string"}}],"inLanguage":"es"},{"@type":"Organization","@id":"https:\/\/conexmetals.com\/es\/#organization","name":"Conex Metals Brass Fittings Brass Parts Copper Parts Brass Components Brass Plumbing Fittings India","url":"https:\/\/conexmetals.com\/es\/","logo":{"@type":"ImageObject","inLanguage":"es","@id":"https:\/\/conexmetals.com\/es\/#\/schema\/logo\/image\/","url":"https:\/\/conexmetals.com\/wp-content\/uploads\/2024\/03\/conex-metals-logo.webp","contentUrl":"https:\/\/conexmetals.com\/wp-content\/uploads\/2024\/03\/conex-metals-logo.webp","width":300,"height":121,"caption":"Conex Metals Brass Fittings Brass Parts Copper Parts Brass Components Brass Plumbing Fittings India"},"image":{"@id":"https:\/\/conexmetals.com\/es\/#\/schema\/logo\/image\/"},"sameAs":["https:\/\/www.facebook.com\/conexbrass","https:\/\/x.com\/conexindia","https:\/\/www.linkedin.com\/company\/conex-metals-india\/","https:\/\/www.instagram.com\/conexindia\/"]}]}},"_links":{"self":[{"href":"https:\/\/conexmetals.com\/es\/wp-json\/wp\/v2\/product\/12272","targetHints":{"allow":["GET"]}}],"collection":[{"href":"https:\/\/conexmetals.com\/es\/wp-json\/wp\/v2\/product"}],"about":[{"href":"https:\/\/conexmetals.com\/es\/wp-json\/wp\/v2\/types\/product"}],"wp:featuredmedia":[{"embeddable":true,"href":"https:\/\/conexmetals.com\/es\/wp-json\/wp\/v2\/media\/7172"}],"wp:attachment":[{"href":"https:\/\/conexmetals.com\/es\/wp-json\/wp\/v2\/media?parent=12272"}],"wp:term":[{"taxonomy":"product_brand","embeddable":true,"href":"https:\/\/conexmetals.com\/es\/wp-json\/wp\/v2\/product_brand?post=12272"},{"taxonomy":"product_cat","embeddable":true,"href":"https:\/\/conexmetals.com\/es\/wp-json\/wp\/v2\/product_cat?post=12272"},{"taxonomy":"product_tag","embeddable":true,"href":"https:\/\/conexmetals.com\/es\/wp-json\/wp\/v2\/product_tag?post=12272"}],"curies":[{"name":"wp","href":"https:\/\/api.w.org\/{rel}","templated":true}]}}