{"id":12276,"date":"2023-08-18T07:50:58","date_gmt":"2023-08-18T02:20:58","guid":{"rendered":"https:\/\/conexmetals.com\/?post_type=product&#038;p=12276"},"modified":"2024-12-19T18:06:49","modified_gmt":"2024-12-19T12:36:49","slug":"acopladores","status":"publish","type":"product","link":"https:\/\/conexmetals.com\/es\/producto\/acopladores\/","title":{"rendered":"Acopladores"},"content":{"rendered":"","protected":false},"excerpt":{"rendered":"<table id=\"tablepress-319\" class=\"tablepress tablepress-id-319\">\n<caption>\u00a0<\/caption>\n<thead>\n<tr class=\"row-1 odd\">\n<th class=\"column-1\" colspan=\"8\"><strong><span>Acoplador roscado para cobre<\/span><\/strong><\/th>\n<\/tr>\n<\/thead>\n<tbody class=\"row-hover\">\n<tr class=\"row-2 even\">\n<td class=\"column-1\"><strong><span>N\u00famero de cat\u00e1logo<\/span><\/strong><\/td>\n<td class=\"column-2\"><strong><span>Material<\/span><\/strong><\/td>\n<td class=\"column-3\"><strong><span>Longitud (L)<\/span><\/strong><\/td>\n<td class=\"column-4\"><strong><span>Tama\u00f1o de rosca (TS)<\/span><\/strong><\/td>\n<td class=\"column-5\"><strong><span>Peso unitario<\/span><\/strong><\/td>\n<td class=\"column-6\"><strong><span>Di\u00e1metro nominal de la varilla de tierra<\/span><\/strong><\/td>\n<td class=\"column-7\"><strong><span>Cumple con<\/span><\/strong><\/td>\n<td class=\"column-8\"><strong><span>Certificaciones<\/span><\/strong><\/td>\n<\/tr>\n<tr class=\"row-3 odd\">\n<td class=\"column-1\"><span>1<\/span><\/td>\n<td class=\"column-2\"><span>Bronce<\/span><\/td>\n<td class=\"column-3\"><span>2,4&#8243;<\/span><\/td>\n<td class=\"column-4\"><span>5\/8&#8243; UNC<\/span><\/td>\n<td class=\"column-5\"><span>0,23 libras<\/span><\/td>\n<td class=\"column-6\"><span>5\/8&#8243;<\/span><\/td>\n<td class=\"column-7\"><span>EN IEC 62561-2<\/span><\/td>\n<td class=\"column-8\"><span>cUL, RUS, UL, CSA, CSA-EE. UU.<\/span><\/td>\n<\/tr>\n<tr class=\"row-4 even\">\n<td class=\"column-1\"><span>2<\/span><\/td>\n<td class=\"column-2\"><span>Bronce<\/span><\/td>\n<td class=\"column-3\"><span>2 1\/2&#8243;<\/span><\/td>\n<td class=\"column-4\"><span>9\/16&#8243; UNC<\/span><\/td>\n<td class=\"column-5\"><span>0,16 libras<\/span><\/td>\n<td class=\"column-6\"><span>9\/16&#8243;<\/span><\/td>\n<td class=\"column-7\"><span>EN IEC 62561-2<\/span><\/td>\n<td class=\"column-8\"><span>cUL, UL, CSA, CSA-EE. UU.<\/span><\/td>\n<\/tr>\n<tr class=\"row-5 odd\">\n<td class=\"column-1\"><span>3<\/span><\/td>\n<td class=\"column-2\"><span>Bronce de silicio<\/span><\/td>\n<td class=\"column-3\"><span>3,9&#8243;<\/span><\/td>\n<td class=\"column-4\"><span>1&#8243; sin circular<\/span><\/td>\n<td class=\"column-5\"><span>0,78 libras<\/span><\/td>\n<td class=\"column-6\"><span>1&#8243;<\/span><\/td>\n<td class=\"column-7\"><span>EN IEC 62561-2<\/span><\/td>\n<td class=\"column-8\"><span>cUL, UL<\/span><\/td>\n<\/tr>\n<\/tbody>\n<\/table>\n<p><img fetchpriority=\"high\" decoding=\"async\" class=\"size-full wp-image-6299 alignleft lazy loaded\" src=\"https:\/\/conexmetals.com\/wp-content\/uploads\/2023\/08\/Couplers-line-drawing.webp\" alt=\"Dibujo de l\u00edneas de acopladores\" width=\"250\" height=\"250\" data-src=\"https:\/\/conexmetals.com\/wp-content\/uploads\/2023\/08\/Couplers-line-drawing.webp\" data-was-processed=\"true\" srcset=\"https:\/\/conexmetals.com\/wp-content\/uploads\/2023\/08\/Couplers-line-drawing.webp 250w, https:\/\/conexmetals.com\/wp-content\/uploads\/2023\/08\/Couplers-line-drawing-150x150.webp 150w, https:\/\/conexmetals.com\/wp-content\/uploads\/2023\/08\/Couplers-line-drawing-100x100.webp 100w\" sizes=\"(max-width: 250px) 100vw, 250px\" \/><span>En Conex Metals, ofrecemos una amplia gama de acopladores en diversas formas, tama\u00f1os y materiales, dise\u00f1ados para cumplir con prop\u00f3sitos espec\u00edficos y requisitos de carga. Nuestros acopladores desempe\u00f1an un papel fundamental para garantizar conexiones confiables en diferentes industrias, lo que permite operaciones eficientes y seguras.<\/span><\/p>\n<p><strong><span>Tipos comunes de acopladores:<\/span><\/strong><\/p>\n<ul>\n<li><strong><span>Acopladores de barras de refuerzo<\/span><\/strong><span>\u00a0: Unen barras de refuerzo en estructuras de hormig\u00f3n sin necesidad de soldar ni atar.<\/span><\/li>\n<li><strong><span>Acopladores de eje<\/span><\/strong><span>\u00a0: conectan ejes o varillas, lo que permite la transferencia de torque y movimiento en sistemas mec\u00e1nicos.<\/span><\/li>\n<li><strong><span>Acopladores de mangueras<\/span><\/strong><span>\u00a0: crean conexiones resistentes a fugas para la transferencia de fluidos o gases en sistemas de plomer\u00eda, maquinaria y hidr\u00e1ulicos.<\/span><\/li>\n<li><strong><span>Acopladores el\u00e9ctricos<\/span><\/strong><span>\u00a0: garantizan conexiones el\u00e9ctricas seguras entre conductores en sistemas el\u00e9ctricos.<\/span><\/li>\n<li><strong><span>Acopladores de fibra \u00f3ptica<\/span><\/strong><span>\u00a0: combinan o dividen se\u00f1ales \u00f3pticas en redes de fibra \u00f3ptica para una transmisi\u00f3n de datos eficiente.<\/span><\/li>\n<li><strong><span>Acopladores de desconexi\u00f3n r\u00e1pida<\/span><\/strong><span>\u00a0: permiten una f\u00e1cil conexi\u00f3n y desconexi\u00f3n en aplicaciones hidr\u00e1ulicas, neum\u00e1ticas, industriales y agr\u00edcolas.<\/span><\/li>\n<li><strong><span>Acopladores de remolque<\/span><\/strong><span>\u00a0: fijan de forma segura los remolques a los veh\u00edculos de remolque para un transporte seguro.<\/span><\/li>\n<\/ul>\n<p>&nbsp;<\/p>\n<figure id=\"attachment_6300\" class=\"wp-caption alignright\" aria-describedby=\"caption-attachment-6300\"><img decoding=\"async\" class=\"wp-image-6300 size-medium lazy loaded\" src=\"https:\/\/conexmetals.com\/wp-content\/uploads\/2023\/08\/Furse-Earth-Rod-Fittings-300x300.jpg\" alt=\"Accesorios para varillas de tierra Furse\" width=\"300\" height=\"300\" data-src=\"https:\/\/conexmetals.com\/wp-content\/uploads\/2023\/08\/Furse-Earth-Rod-Fittings-300x300.jpg\" data-was-processed=\"true\" srcset=\"https:\/\/conexmetals.com\/wp-content\/uploads\/2023\/08\/Furse-Earth-Rod-Fittings-300x300.jpg 300w, https:\/\/conexmetals.com\/wp-content\/uploads\/2023\/08\/Furse-Earth-Rod-Fittings-150x150.jpg 150w, https:\/\/conexmetals.com\/wp-content\/uploads\/2023\/08\/Furse-Earth-Rod-Fittings-100x100.jpg 100w, https:\/\/conexmetals.com\/wp-content\/uploads\/2023\/08\/Furse-Earth-Rod-Fittings.jpg 540w\" sizes=\"(max-width: 300px) 100vw, 300px\" \/><figcaption id=\"caption-attachment-6300\" class=\"wp-caption-text\"><strong>\u00a0 \u00a0 \u00a0 \u00a0 \u00a0 \u00a0 \u00a0 \u00a0 \u00a0<span>\u00a0\u00a0Accesorios para varillas de tierra Furse<\/span><\/strong><\/figcaption><\/figure>\n<p><span>En Conex Metal Company, tambi\u00e9n ofrecemos varillas de tierra de alta calidad que brindan soluciones de conexi\u00f3n a tierra confiables. Nuestras varillas de tierra de cobre macizo y acero inoxidable, fabricadas por Furse, se destacan en entornos corrosivos, lo que garantiza un rendimiento duradero. Las varillas de tierra de cobre son ideales para condiciones de suelo agresivas, como alto contenido de sal, mientras que las varillas de acero inoxidable combaten la corrosi\u00f3n galv\u00e1nica entre metales diferentes.<\/span><\/p>\n<p><strong><span>Detalles del producto:<\/span><\/strong><\/p>\n<p><span>\u2013 Disponible en cobre o acero inoxidable<\/span><br \/>\n<span>\u2013 Tambi\u00e9n disponibles accesorios adecuados<\/span><br \/>\n<span>\u2013 Normas:<\/span><br \/>\n<span>\u2013 BS EN 50164-2 (varillas de cobre macizo)<\/span><br \/>\n<span>\u2013 BS 7430<\/span><br \/>\n<span>\u2013 UL467 (RC010-KIT, RC015-KIT, RS005-KIT)<\/span><\/p>\n<p><span>Nuestras varillas de puesta a tierra est\u00e1n dise\u00f1adas para brindar confiabilidad duradera, incluso en entornos dif\u00edciles. Conf\u00ede en Conex Metal Company para obtener soluciones de puesta a tierra de primer nivel.<\/span><\/p>\n<p>&nbsp;<\/p>\n<table id=\"tablepress-320\" class=\"tablepress tablepress-id-320\">\n<caption>\u00a0<\/caption>\n<thead>\n<tr class=\"row-1 odd\">\n<th class=\"column-1\" colspan=\"3\"><strong><span>Accesorios para varillas de tierra Furse<\/span><\/strong><\/th>\n<\/tr>\n<\/thead>\n<tbody class=\"row-hover\">\n<tr class=\"row-2 even\">\n<td class=\"column-1\"><strong><span>N\u00famero de serie<\/span><\/strong><\/td>\n<td class=\"column-2\"><strong><span>Tipo<\/span><\/strong><\/td>\n<td class=\"column-3\"><strong><span>Peso (kg)<\/span><\/strong><\/td>\n<\/tr>\n<tr class=\"row-3 odd\">\n<td class=\"column-1\"><span>1<\/span><\/td>\n<td class=\"column-2\"><span>Acoplamiento de 1\/2&#8243;<\/span><\/td>\n<td class=\"column-3\"><span>0,09<\/span><\/td>\n<\/tr>\n<tr class=\"row-4 even\">\n<td class=\"column-1\"><span>2<\/span><\/td>\n<td class=\"column-2\"><span>Acoplamiento de 5\/8&#8243;<\/span><\/td>\n<td class=\"column-3\"><span>0,08<\/span><\/td>\n<\/tr>\n<tr class=\"row-5 odd\">\n<td class=\"column-1\"><span>3<\/span><\/td>\n<td class=\"column-2\"><span>Acoplamiento de 3\/4&#8243;<\/span><\/td>\n<td class=\"column-3\"><span>0,13<\/span><\/td>\n<\/tr>\n<tr class=\"row-6 even\">\n<td class=\"column-1\"><span>4<\/span><\/td>\n<td class=\"column-2\"><span>Perno de conducci\u00f3n de 1\/2&#8243;<\/span><\/td>\n<td class=\"column-3\"><span>0,05<\/span><\/td>\n<\/tr>\n<tr class=\"row-7 odd\">\n<td class=\"column-1\"><span>5<\/span><\/td>\n<td class=\"column-2\"><span>Perno de conducci\u00f3n de 5\/8&#8243;<\/span><\/td>\n<td class=\"column-3\"><span>0,08<\/span><\/td>\n<\/tr>\n<tr class=\"row-8 even\">\n<td class=\"column-1\"><span>6<\/span><\/td>\n<td class=\"column-2\"><span>Perno de conducci\u00f3n de 3\/4&#8243;<\/span><\/td>\n<td class=\"column-3\"><span>0,12<\/span><\/td>\n<\/tr>\n<\/tbody>\n<\/table>\n<p><b>\u00a0<\/b><\/p>\n<p>&nbsp;<\/p>\n","protected":false},"featured_media":7217,"template":"","meta":[],"product_brand":[],"product_cat":[334],"product_tag":[],"class_list":{"0":"post-12276","1":"product","2":"type-product","3":"status-publish","4":"has-post-thumbnail","6":"product_cat-accesorios-de-puesta-a-tierra-de-bronce","8":"first","9":"instock","10":"shipping-taxable","11":"product-type-simple"},"yoast_head":"<!-- This site is optimized with the Yoast SEO plugin v27.3 - https:\/\/yoast.com\/product\/yoast-seo-wordpress\/ -->\n<title>Acopladores<\/title>\n<meta name=\"description\" content=\"Conex Metals ofrece una amplia gama de acopladores. Como fabricante y proveedor indio, proporcionamos acopladores de alta calidad, incluidos fabricantes indios, fabricantes de acopladores, acopladores de India, acopladores indios, exportadores de acopladores, proveedores de acopladores y exportadores de acopladores, asegurando fiabilidad para diversas aplicaciones industriales.\" \/>\n<meta name=\"robots\" content=\"index, follow, max-snippet:-1, max-image-preview:large, max-video-preview:-1\" \/>\n<link rel=\"canonical\" href=\"https:\/\/conexmetals.com\/es\/producto\/acopladores\/\" \/>\n<script type=\"application\/ld+json\" class=\"yoast-schema-graph\">{\"@context\":\"https:\\\/\\\/schema.org\",\"@graph\":[{\"@type\":\"WebPage\",\"@id\":\"https:\\\/\\\/conexmetals.com\\\/es\\\/producto\\\/acopladores\\\/\",\"url\":\"https:\\\/\\\/conexmetals.com\\\/es\\\/producto\\\/acopladores\\\/\",\"name\":\"Acopladores\",\"isPartOf\":{\"@id\":\"https:\\\/\\\/conexmetals.com\\\/es\\\/#website\"},\"primaryImageOfPage\":{\"@id\":\"https:\\\/\\\/conexmetals.com\\\/es\\\/producto\\\/acopladores\\\/#primaryimage\"},\"image\":{\"@id\":\"https:\\\/\\\/conexmetals.com\\\/es\\\/producto\\\/acopladores\\\/#primaryimage\"},\"thumbnailUrl\":\"https:\\\/\\\/conexmetals.com\\\/wp-content\\\/uploads\\\/2024\\\/12\\\/Acopladores.webp\",\"datePublished\":\"2023-08-18T02:20:58+00:00\",\"dateModified\":\"2024-12-19T12:36:49+00:00\",\"description\":\"Conex Metals ofrece una amplia gama de acopladores. Como fabricante y proveedor indio, proporcionamos acopladores de alta calidad, incluidos fabricantes indios, fabricantes de acopladores, acopladores de India, acopladores indios, exportadores de acopladores, proveedores de acopladores y exportadores de acopladores, asegurando fiabilidad para diversas aplicaciones industriales.\",\"breadcrumb\":{\"@id\":\"https:\\\/\\\/conexmetals.com\\\/es\\\/producto\\\/acopladores\\\/#breadcrumb\"},\"inLanguage\":\"es\",\"potentialAction\":[{\"@type\":\"ReadAction\",\"target\":[\"https:\\\/\\\/conexmetals.com\\\/es\\\/producto\\\/acopladores\\\/\"]}]},{\"@type\":\"ImageObject\",\"inLanguage\":\"es\",\"@id\":\"https:\\\/\\\/conexmetals.com\\\/es\\\/producto\\\/acopladores\\\/#primaryimage\",\"url\":\"https:\\\/\\\/conexmetals.com\\\/wp-content\\\/uploads\\\/2024\\\/12\\\/Acopladores.webp\",\"contentUrl\":\"https:\\\/\\\/conexmetals.com\\\/wp-content\\\/uploads\\\/2024\\\/12\\\/Acopladores.webp\",\"width\":350,\"height\":350,\"caption\":\"Acopladores\"},{\"@type\":\"BreadcrumbList\",\"@id\":\"https:\\\/\\\/conexmetals.com\\\/es\\\/producto\\\/acopladores\\\/#breadcrumb\",\"itemListElement\":[{\"@type\":\"ListItem\",\"position\":1,\"name\":\"Home\",\"item\":\"https:\\\/\\\/conexmetals.com\\\/es\\\/hogar\\\/\"},{\"@type\":\"ListItem\",\"position\":2,\"name\":\"Products\",\"item\":\"https:\\\/\\\/conexmetals.com\\\/products\\\/\"},{\"@type\":\"ListItem\",\"position\":3,\"name\":\"Acopladores\"}]},{\"@type\":\"WebSite\",\"@id\":\"https:\\\/\\\/conexmetals.com\\\/es\\\/#website\",\"url\":\"https:\\\/\\\/conexmetals.com\\\/es\\\/\",\"name\":\"Conex Metals Brass Fittings Brass Parts Copper Parts Brass Components Brass Plumbing Fittings India\",\"description\":\"Manufacturer of Bronze Fittings casting Copper Brass parts components\",\"publisher\":{\"@id\":\"https:\\\/\\\/conexmetals.com\\\/es\\\/#organization\"},\"potentialAction\":[{\"@type\":\"SearchAction\",\"target\":{\"@type\":\"EntryPoint\",\"urlTemplate\":\"https:\\\/\\\/conexmetals.com\\\/es\\\/?s={search_term_string}\"},\"query-input\":{\"@type\":\"PropertyValueSpecification\",\"valueRequired\":true,\"valueName\":\"search_term_string\"}}],\"inLanguage\":\"es\"},{\"@type\":\"Organization\",\"@id\":\"https:\\\/\\\/conexmetals.com\\\/es\\\/#organization\",\"name\":\"Conex Metals Brass Fittings Brass Parts Copper Parts Brass Components Brass Plumbing Fittings India\",\"url\":\"https:\\\/\\\/conexmetals.com\\\/es\\\/\",\"logo\":{\"@type\":\"ImageObject\",\"inLanguage\":\"es\",\"@id\":\"https:\\\/\\\/conexmetals.com\\\/es\\\/#\\\/schema\\\/logo\\\/image\\\/\",\"url\":\"https:\\\/\\\/conexmetals.com\\\/wp-content\\\/uploads\\\/2024\\\/03\\\/conex-metals-logo.webp\",\"contentUrl\":\"https:\\\/\\\/conexmetals.com\\\/wp-content\\\/uploads\\\/2024\\\/03\\\/conex-metals-logo.webp\",\"width\":300,\"height\":121,\"caption\":\"Conex Metals Brass Fittings Brass Parts Copper Parts Brass Components Brass Plumbing Fittings India\"},\"image\":{\"@id\":\"https:\\\/\\\/conexmetals.com\\\/es\\\/#\\\/schema\\\/logo\\\/image\\\/\"},\"sameAs\":[\"https:\\\/\\\/www.facebook.com\\\/conexbrass\",\"https:\\\/\\\/x.com\\\/conexindia\",\"https:\\\/\\\/www.linkedin.com\\\/company\\\/conex-metals-india\\\/\",\"https:\\\/\\\/www.instagram.com\\\/conexindia\\\/\"]}]}<\/script>\n<!-- \/ Yoast SEO plugin. -->","yoast_head_json":{"title":"Acopladores","description":"Conex Metals ofrece una amplia gama de acopladores. Como fabricante y proveedor indio, proporcionamos acopladores de alta calidad, incluidos fabricantes indios, fabricantes de acopladores, acopladores de India, acopladores indios, exportadores de acopladores, proveedores de acopladores y exportadores de acopladores, asegurando fiabilidad para diversas aplicaciones industriales.","robots":{"index":"index","follow":"follow","max-snippet":"max-snippet:-1","max-image-preview":"max-image-preview:large","max-video-preview":"max-video-preview:-1"},"canonical":"https:\/\/conexmetals.com\/es\/producto\/acopladores\/","schema":{"@context":"https:\/\/schema.org","@graph":[{"@type":"WebPage","@id":"https:\/\/conexmetals.com\/es\/producto\/acopladores\/","url":"https:\/\/conexmetals.com\/es\/producto\/acopladores\/","name":"Acopladores","isPartOf":{"@id":"https:\/\/conexmetals.com\/es\/#website"},"primaryImageOfPage":{"@id":"https:\/\/conexmetals.com\/es\/producto\/acopladores\/#primaryimage"},"image":{"@id":"https:\/\/conexmetals.com\/es\/producto\/acopladores\/#primaryimage"},"thumbnailUrl":"https:\/\/conexmetals.com\/wp-content\/uploads\/2024\/12\/Acopladores.webp","datePublished":"2023-08-18T02:20:58+00:00","dateModified":"2024-12-19T12:36:49+00:00","description":"Conex Metals ofrece una amplia gama de acopladores. Como fabricante y proveedor indio, proporcionamos acopladores de alta calidad, incluidos fabricantes indios, fabricantes de acopladores, acopladores de India, acopladores indios, exportadores de acopladores, proveedores de acopladores y exportadores de acopladores, asegurando fiabilidad para diversas aplicaciones industriales.","breadcrumb":{"@id":"https:\/\/conexmetals.com\/es\/producto\/acopladores\/#breadcrumb"},"inLanguage":"es","potentialAction":[{"@type":"ReadAction","target":["https:\/\/conexmetals.com\/es\/producto\/acopladores\/"]}]},{"@type":"ImageObject","inLanguage":"es","@id":"https:\/\/conexmetals.com\/es\/producto\/acopladores\/#primaryimage","url":"https:\/\/conexmetals.com\/wp-content\/uploads\/2024\/12\/Acopladores.webp","contentUrl":"https:\/\/conexmetals.com\/wp-content\/uploads\/2024\/12\/Acopladores.webp","width":350,"height":350,"caption":"Acopladores"},{"@type":"BreadcrumbList","@id":"https:\/\/conexmetals.com\/es\/producto\/acopladores\/#breadcrumb","itemListElement":[{"@type":"ListItem","position":1,"name":"Home","item":"https:\/\/conexmetals.com\/es\/hogar\/"},{"@type":"ListItem","position":2,"name":"Products","item":"https:\/\/conexmetals.com\/products\/"},{"@type":"ListItem","position":3,"name":"Acopladores"}]},{"@type":"WebSite","@id":"https:\/\/conexmetals.com\/es\/#website","url":"https:\/\/conexmetals.com\/es\/","name":"Conex Metals Brass Fittings Brass Parts Copper Parts Brass Components Brass Plumbing Fittings India","description":"Manufacturer of Bronze Fittings casting Copper Brass parts components","publisher":{"@id":"https:\/\/conexmetals.com\/es\/#organization"},"potentialAction":[{"@type":"SearchAction","target":{"@type":"EntryPoint","urlTemplate":"https:\/\/conexmetals.com\/es\/?s={search_term_string}"},"query-input":{"@type":"PropertyValueSpecification","valueRequired":true,"valueName":"search_term_string"}}],"inLanguage":"es"},{"@type":"Organization","@id":"https:\/\/conexmetals.com\/es\/#organization","name":"Conex Metals Brass Fittings Brass Parts Copper Parts Brass Components Brass Plumbing Fittings India","url":"https:\/\/conexmetals.com\/es\/","logo":{"@type":"ImageObject","inLanguage":"es","@id":"https:\/\/conexmetals.com\/es\/#\/schema\/logo\/image\/","url":"https:\/\/conexmetals.com\/wp-content\/uploads\/2024\/03\/conex-metals-logo.webp","contentUrl":"https:\/\/conexmetals.com\/wp-content\/uploads\/2024\/03\/conex-metals-logo.webp","width":300,"height":121,"caption":"Conex Metals Brass Fittings Brass Parts Copper Parts Brass Components Brass Plumbing Fittings India"},"image":{"@id":"https:\/\/conexmetals.com\/es\/#\/schema\/logo\/image\/"},"sameAs":["https:\/\/www.facebook.com\/conexbrass","https:\/\/x.com\/conexindia","https:\/\/www.linkedin.com\/company\/conex-metals-india\/","https:\/\/www.instagram.com\/conexindia\/"]}]}},"_links":{"self":[{"href":"https:\/\/conexmetals.com\/es\/wp-json\/wp\/v2\/product\/12276","targetHints":{"allow":["GET"]}}],"collection":[{"href":"https:\/\/conexmetals.com\/es\/wp-json\/wp\/v2\/product"}],"about":[{"href":"https:\/\/conexmetals.com\/es\/wp-json\/wp\/v2\/types\/product"}],"wp:featuredmedia":[{"embeddable":true,"href":"https:\/\/conexmetals.com\/es\/wp-json\/wp\/v2\/media\/7217"}],"wp:attachment":[{"href":"https:\/\/conexmetals.com\/es\/wp-json\/wp\/v2\/media?parent=12276"}],"wp:term":[{"taxonomy":"product_brand","embeddable":true,"href":"https:\/\/conexmetals.com\/es\/wp-json\/wp\/v2\/product_brand?post=12276"},{"taxonomy":"product_cat","embeddable":true,"href":"https:\/\/conexmetals.com\/es\/wp-json\/wp\/v2\/product_cat?post=12276"},{"taxonomy":"product_tag","embeddable":true,"href":"https:\/\/conexmetals.com\/es\/wp-json\/wp\/v2\/product_tag?post=12276"}],"curies":[{"name":"wp","href":"https:\/\/api.w.org\/{rel}","templated":true}]}}