{"id":12282,"date":"2023-08-18T07:48:07","date_gmt":"2023-08-18T02:18:07","guid":{"rendered":"https:\/\/conexmetals.com\/?post_type=product&#038;p=12282"},"modified":"2024-12-19T18:41:46","modified_gmt":"2024-12-19T13:11:46","slug":"abrazaderas-de-union-kul","status":"publish","type":"product","link":"https:\/\/conexmetals.com\/es\/producto\/abrazaderas-de-union-kul\/","title":{"rendered":"Abrazaderas de Uni\u00f3n KUL"},"content":{"rendered":"","protected":false},"excerpt":{"rendered":"<p><b><img fetchpriority=\"high\" decoding=\"async\" class=\"alignnone wp-image-12247 size-full lazy loaded\" src=\"https:\/\/conexmetals.com\/wp-content\/uploads\/2023\/08\/KUL-Bonding-Clamps-scaled.webp\" alt=\"Abrazaderas de uni\u00f3n KUL\" width=\"2560\" height=\"735\" data-src=\"https:\/\/conexmetals.com\/wp-content\/uploads\/2023\/08\/KUL-Bonding-Clamps-scaled.webp\" data-was-processed=\"true\" srcset=\"https:\/\/conexmetals.com\/wp-content\/uploads\/2023\/08\/KUL-Bonding-Clamps-scaled.webp 2560w, https:\/\/conexmetals.com\/wp-content\/uploads\/2023\/08\/KUL-Bonding-Clamps-300x86.webp 300w, https:\/\/conexmetals.com\/wp-content\/uploads\/2023\/08\/KUL-Bonding-Clamps-1024x294.webp 1024w, https:\/\/conexmetals.com\/wp-content\/uploads\/2023\/08\/KUL-Bonding-Clamps-768x221.webp 768w, https:\/\/conexmetals.com\/wp-content\/uploads\/2023\/08\/KUL-Bonding-Clamps-1536x441.webp 1536w, https:\/\/conexmetals.com\/wp-content\/uploads\/2023\/08\/KUL-Bonding-Clamps-2048x588.webp 2048w, https:\/\/conexmetals.com\/wp-content\/uploads\/2023\/08\/KUL-Bonding-Clamps-700x201.webp 700w\" sizes=\"(max-width: 2560px) 100vw, 2560px\" \/><\/b><\/p>\n<table id=\"tablepress-388\" class=\"tablepress tablepress-id-388\">\n<caption>\u00a0<\/caption>\n<thead>\n<tr class=\"row-1 odd\">\n<th class=\"column-1\" colspan=\"5\"><strong><span>Dimensi\u00f3n<\/span><\/strong><\/th>\n<\/tr>\n<\/thead>\n<tbody class=\"row-hover\">\n<tr class=\"row-2 even\">\n<td class=\"column-1\"><strong><span>Descripci\u00f3n<\/span><\/strong><\/td>\n<td class=\"column-2\"><strong><span>Oscurecer A<\/span><\/strong><\/td>\n<td class=\"column-3\"><strong><span>Dimensi\u00f3n B<\/span><\/strong><\/td>\n<td class=\"column-4\"><strong><span>Dimensi\u00f3n C<\/span><\/strong><\/td>\n<td class=\"column-5\"><strong><span>PESO APROX. CADA UNO<\/span><\/strong><\/td>\n<\/tr>\n<tr class=\"row-3 odd\">\n<td class=\"column-1\"><span>Para usar con cables est\u00e1ticos est\u00e1ndar de 1\/4&#8243; a 7\/16&#8243; y cables de cobre n.\u00b0 8-2\/0.<\/span><\/td>\n<td class=\"column-2\"><span>1.13 [28.70]<\/span><\/td>\n<td class=\"column-3\"><span>1,41 [35,81]<\/span><\/td>\n<td class=\"column-4\"><span>0,46 [11,68]<\/span><\/td>\n<td class=\"column-5\"><span>0,171 [0,078]<\/span><\/td>\n<\/tr>\n<\/tbody>\n<\/table>\n<table id=\"tablepress-389\" class=\"tablepress tablepress-id-389\">\n<caption>\u00a0<\/caption>\n<thead>\n<tr class=\"row-1 odd\">\n<th class=\"column-1\" colspan=\"3\"><strong><span>INFORMACI\u00d3N DEL ART\u00cdCULO<\/span><\/strong><\/th>\n<\/tr>\n<\/thead>\n<tbody class=\"row-hover\">\n<tr class=\"row-2 even\">\n<td class=\"column-1\"><strong><span>ART\u00cdCULO<\/span><\/strong><\/td>\n<td class=\"column-2\"><strong><span>DESCRIPCI\u00d3N<\/span><\/strong><\/td>\n<td class=\"column-3\"><strong><span>MATERIAL<\/span><\/strong><\/td>\n<\/tr>\n<tr class=\"row-3 odd\">\n<td class=\"column-1\"><span>1<\/span><\/td>\n<td class=\"column-2\"><span>El mejor casting<\/span><\/td>\n<td class=\"column-3\"><span>Lat\u00f3n ba\u00f1ado en esta\u00f1o<\/span><\/td>\n<\/tr>\n<tr class=\"row-4 even\">\n<td class=\"column-1\"><span>2<\/span><\/td>\n<td class=\"column-2\"><span>Perno de brida, 5\/16&#8243; -18X1&#8243;<\/span><\/td>\n<td class=\"column-3\"><span>Bronce de silicio<\/span><\/td>\n<\/tr>\n<tr class=\"row-5 odd\">\n<td class=\"column-1\"><span>3<\/span><\/td>\n<td class=\"column-2\"><span>Lanzamiento inferior<\/span><\/td>\n<td class=\"column-3\"><span>Bronce ba\u00f1ado en esta\u00f1o<\/span><\/td>\n<\/tr>\n<\/tbody>\n<\/table>\n<p><span>Se utilizan para unir cables de cobre n.\u00b0 6 a cables trenzados de 1\/4\u2033 o 5\/16\u2033 y tienen una gran aplicaci\u00f3n en la industria de las telecomunicaciones. Est\u00e1n fabricados con una aleaci\u00f3n de cobre de alta resistencia, como C955 o C956. El perno puede ser de bronce al silicio o de acero inoxidable.<\/span><\/p>\n<p><span>La mayor ventaja es que la instalaci\u00f3n no requiere quitar el perno y la abrazadera se puede instalar con una llave de terminal est\u00e1ndar. La abrazadera est\u00e1 esta\u00f1ada cuando se utiliza con metales diferentes.<\/span><\/p>\n","protected":false},"featured_media":7122,"template":"","meta":[],"product_brand":[],"product_cat":[334],"product_tag":[],"class_list":{"0":"post-12282","1":"product","2":"type-product","3":"status-publish","4":"has-post-thumbnail","6":"product_cat-accesorios-de-puesta-a-tierra-de-bronce","8":"first","9":"instock","10":"shipping-taxable","11":"product-type-simple"},"yoast_head":"<!-- This site is optimized with the Yoast SEO plugin v27.3 - https:\/\/yoast.com\/product\/yoast-seo-wordpress\/ -->\n<title>Abrazaderas de Uni\u00f3n KUL<\/title>\n<meta name=\"description\" content=\"Conex Metals ofrece abrazaderas de uni\u00f3n KUL, incluidas abrazaderas de puesta a tierra y uni\u00f3n. Somos un fabricante, exportador y proveedor l\u00edder de abrazaderas de uni\u00f3n KUL en India.\" \/>\n<meta name=\"robots\" content=\"index, follow, max-snippet:-1, max-image-preview:large, max-video-preview:-1\" \/>\n<link rel=\"canonical\" href=\"https:\/\/conexmetals.com\/es\/producto\/abrazaderas-de-union-kul\/\" \/>\n<script type=\"application\/ld+json\" class=\"yoast-schema-graph\">{\"@context\":\"https:\\\/\\\/schema.org\",\"@graph\":[{\"@type\":\"WebPage\",\"@id\":\"https:\\\/\\\/conexmetals.com\\\/es\\\/producto\\\/abrazaderas-de-union-kul\\\/\",\"url\":\"https:\\\/\\\/conexmetals.com\\\/es\\\/producto\\\/abrazaderas-de-union-kul\\\/\",\"name\":\"Abrazaderas de Uni\u00f3n KUL\",\"isPartOf\":{\"@id\":\"https:\\\/\\\/conexmetals.com\\\/es\\\/#website\"},\"primaryImageOfPage\":{\"@id\":\"https:\\\/\\\/conexmetals.com\\\/es\\\/producto\\\/abrazaderas-de-union-kul\\\/#primaryimage\"},\"image\":{\"@id\":\"https:\\\/\\\/conexmetals.com\\\/es\\\/producto\\\/abrazaderas-de-union-kul\\\/#primaryimage\"},\"thumbnailUrl\":\"https:\\\/\\\/conexmetals.com\\\/wp-content\\\/uploads\\\/2024\\\/12\\\/Abrazaderas-de-Union-KUL.webp\",\"datePublished\":\"2023-08-18T02:18:07+00:00\",\"dateModified\":\"2024-12-19T13:11:46+00:00\",\"description\":\"Conex Metals ofrece abrazaderas de uni\u00f3n KUL, incluidas abrazaderas de puesta a tierra y uni\u00f3n. Somos un fabricante, exportador y proveedor l\u00edder de abrazaderas de uni\u00f3n KUL en India.\",\"breadcrumb\":{\"@id\":\"https:\\\/\\\/conexmetals.com\\\/es\\\/producto\\\/abrazaderas-de-union-kul\\\/#breadcrumb\"},\"inLanguage\":\"es\",\"potentialAction\":[{\"@type\":\"ReadAction\",\"target\":[\"https:\\\/\\\/conexmetals.com\\\/es\\\/producto\\\/abrazaderas-de-union-kul\\\/\"]}]},{\"@type\":\"ImageObject\",\"inLanguage\":\"es\",\"@id\":\"https:\\\/\\\/conexmetals.com\\\/es\\\/producto\\\/abrazaderas-de-union-kul\\\/#primaryimage\",\"url\":\"https:\\\/\\\/conexmetals.com\\\/wp-content\\\/uploads\\\/2024\\\/12\\\/Abrazaderas-de-Union-KUL.webp\",\"contentUrl\":\"https:\\\/\\\/conexmetals.com\\\/wp-content\\\/uploads\\\/2024\\\/12\\\/Abrazaderas-de-Union-KUL.webp\",\"width\":350,\"height\":350,\"caption\":\"Abrazaderas de Uni\u00f3n KUL\"},{\"@type\":\"BreadcrumbList\",\"@id\":\"https:\\\/\\\/conexmetals.com\\\/es\\\/producto\\\/abrazaderas-de-union-kul\\\/#breadcrumb\",\"itemListElement\":[{\"@type\":\"ListItem\",\"position\":1,\"name\":\"Home\",\"item\":\"https:\\\/\\\/conexmetals.com\\\/es\\\/hogar\\\/\"},{\"@type\":\"ListItem\",\"position\":2,\"name\":\"Products\",\"item\":\"https:\\\/\\\/conexmetals.com\\\/products\\\/\"},{\"@type\":\"ListItem\",\"position\":3,\"name\":\"Abrazaderas de Uni\u00f3n KUL\"}]},{\"@type\":\"WebSite\",\"@id\":\"https:\\\/\\\/conexmetals.com\\\/es\\\/#website\",\"url\":\"https:\\\/\\\/conexmetals.com\\\/es\\\/\",\"name\":\"Conex Metals Brass Fittings Brass Parts Copper Parts Brass Components Brass Plumbing Fittings India\",\"description\":\"Manufacturer of Bronze Fittings casting Copper Brass parts components\",\"publisher\":{\"@id\":\"https:\\\/\\\/conexmetals.com\\\/es\\\/#organization\"},\"potentialAction\":[{\"@type\":\"SearchAction\",\"target\":{\"@type\":\"EntryPoint\",\"urlTemplate\":\"https:\\\/\\\/conexmetals.com\\\/es\\\/?s={search_term_string}\"},\"query-input\":{\"@type\":\"PropertyValueSpecification\",\"valueRequired\":true,\"valueName\":\"search_term_string\"}}],\"inLanguage\":\"es\"},{\"@type\":\"Organization\",\"@id\":\"https:\\\/\\\/conexmetals.com\\\/es\\\/#organization\",\"name\":\"Conex Metals Brass Fittings Brass Parts Copper Parts Brass Components Brass Plumbing Fittings India\",\"url\":\"https:\\\/\\\/conexmetals.com\\\/es\\\/\",\"logo\":{\"@type\":\"ImageObject\",\"inLanguage\":\"es\",\"@id\":\"https:\\\/\\\/conexmetals.com\\\/es\\\/#\\\/schema\\\/logo\\\/image\\\/\",\"url\":\"https:\\\/\\\/conexmetals.com\\\/wp-content\\\/uploads\\\/2024\\\/03\\\/conex-metals-logo.webp\",\"contentUrl\":\"https:\\\/\\\/conexmetals.com\\\/wp-content\\\/uploads\\\/2024\\\/03\\\/conex-metals-logo.webp\",\"width\":300,\"height\":121,\"caption\":\"Conex Metals Brass Fittings Brass Parts Copper Parts Brass Components Brass Plumbing Fittings India\"},\"image\":{\"@id\":\"https:\\\/\\\/conexmetals.com\\\/es\\\/#\\\/schema\\\/logo\\\/image\\\/\"},\"sameAs\":[\"https:\\\/\\\/www.facebook.com\\\/conexbrass\",\"https:\\\/\\\/x.com\\\/conexindia\",\"https:\\\/\\\/www.linkedin.com\\\/company\\\/conex-metals-india\\\/\",\"https:\\\/\\\/www.instagram.com\\\/conexindia\\\/\"]}]}<\/script>\n<!-- \/ Yoast SEO plugin. -->","yoast_head_json":{"title":"Abrazaderas de Uni\u00f3n KUL","description":"Conex Metals ofrece abrazaderas de uni\u00f3n KUL, incluidas abrazaderas de puesta a tierra y uni\u00f3n. Somos un fabricante, exportador y proveedor l\u00edder de abrazaderas de uni\u00f3n KUL en India.","robots":{"index":"index","follow":"follow","max-snippet":"max-snippet:-1","max-image-preview":"max-image-preview:large","max-video-preview":"max-video-preview:-1"},"canonical":"https:\/\/conexmetals.com\/es\/producto\/abrazaderas-de-union-kul\/","schema":{"@context":"https:\/\/schema.org","@graph":[{"@type":"WebPage","@id":"https:\/\/conexmetals.com\/es\/producto\/abrazaderas-de-union-kul\/","url":"https:\/\/conexmetals.com\/es\/producto\/abrazaderas-de-union-kul\/","name":"Abrazaderas de Uni\u00f3n KUL","isPartOf":{"@id":"https:\/\/conexmetals.com\/es\/#website"},"primaryImageOfPage":{"@id":"https:\/\/conexmetals.com\/es\/producto\/abrazaderas-de-union-kul\/#primaryimage"},"image":{"@id":"https:\/\/conexmetals.com\/es\/producto\/abrazaderas-de-union-kul\/#primaryimage"},"thumbnailUrl":"https:\/\/conexmetals.com\/wp-content\/uploads\/2024\/12\/Abrazaderas-de-Union-KUL.webp","datePublished":"2023-08-18T02:18:07+00:00","dateModified":"2024-12-19T13:11:46+00:00","description":"Conex Metals ofrece abrazaderas de uni\u00f3n KUL, incluidas abrazaderas de puesta a tierra y uni\u00f3n. Somos un fabricante, exportador y proveedor l\u00edder de abrazaderas de uni\u00f3n KUL en India.","breadcrumb":{"@id":"https:\/\/conexmetals.com\/es\/producto\/abrazaderas-de-union-kul\/#breadcrumb"},"inLanguage":"es","potentialAction":[{"@type":"ReadAction","target":["https:\/\/conexmetals.com\/es\/producto\/abrazaderas-de-union-kul\/"]}]},{"@type":"ImageObject","inLanguage":"es","@id":"https:\/\/conexmetals.com\/es\/producto\/abrazaderas-de-union-kul\/#primaryimage","url":"https:\/\/conexmetals.com\/wp-content\/uploads\/2024\/12\/Abrazaderas-de-Union-KUL.webp","contentUrl":"https:\/\/conexmetals.com\/wp-content\/uploads\/2024\/12\/Abrazaderas-de-Union-KUL.webp","width":350,"height":350,"caption":"Abrazaderas de Uni\u00f3n KUL"},{"@type":"BreadcrumbList","@id":"https:\/\/conexmetals.com\/es\/producto\/abrazaderas-de-union-kul\/#breadcrumb","itemListElement":[{"@type":"ListItem","position":1,"name":"Home","item":"https:\/\/conexmetals.com\/es\/hogar\/"},{"@type":"ListItem","position":2,"name":"Products","item":"https:\/\/conexmetals.com\/products\/"},{"@type":"ListItem","position":3,"name":"Abrazaderas de Uni\u00f3n KUL"}]},{"@type":"WebSite","@id":"https:\/\/conexmetals.com\/es\/#website","url":"https:\/\/conexmetals.com\/es\/","name":"Conex Metals Brass Fittings Brass Parts Copper Parts Brass Components Brass Plumbing Fittings India","description":"Manufacturer of Bronze Fittings casting Copper Brass parts components","publisher":{"@id":"https:\/\/conexmetals.com\/es\/#organization"},"potentialAction":[{"@type":"SearchAction","target":{"@type":"EntryPoint","urlTemplate":"https:\/\/conexmetals.com\/es\/?s={search_term_string}"},"query-input":{"@type":"PropertyValueSpecification","valueRequired":true,"valueName":"search_term_string"}}],"inLanguage":"es"},{"@type":"Organization","@id":"https:\/\/conexmetals.com\/es\/#organization","name":"Conex Metals Brass Fittings Brass Parts Copper Parts Brass Components Brass Plumbing Fittings India","url":"https:\/\/conexmetals.com\/es\/","logo":{"@type":"ImageObject","inLanguage":"es","@id":"https:\/\/conexmetals.com\/es\/#\/schema\/logo\/image\/","url":"https:\/\/conexmetals.com\/wp-content\/uploads\/2024\/03\/conex-metals-logo.webp","contentUrl":"https:\/\/conexmetals.com\/wp-content\/uploads\/2024\/03\/conex-metals-logo.webp","width":300,"height":121,"caption":"Conex Metals Brass Fittings Brass Parts Copper Parts Brass Components Brass Plumbing Fittings India"},"image":{"@id":"https:\/\/conexmetals.com\/es\/#\/schema\/logo\/image\/"},"sameAs":["https:\/\/www.facebook.com\/conexbrass","https:\/\/x.com\/conexindia","https:\/\/www.linkedin.com\/company\/conex-metals-india\/","https:\/\/www.instagram.com\/conexindia\/"]}]}},"_links":{"self":[{"href":"https:\/\/conexmetals.com\/es\/wp-json\/wp\/v2\/product\/12282","targetHints":{"allow":["GET"]}}],"collection":[{"href":"https:\/\/conexmetals.com\/es\/wp-json\/wp\/v2\/product"}],"about":[{"href":"https:\/\/conexmetals.com\/es\/wp-json\/wp\/v2\/types\/product"}],"wp:featuredmedia":[{"embeddable":true,"href":"https:\/\/conexmetals.com\/es\/wp-json\/wp\/v2\/media\/7122"}],"wp:attachment":[{"href":"https:\/\/conexmetals.com\/es\/wp-json\/wp\/v2\/media?parent=12282"}],"wp:term":[{"taxonomy":"product_brand","embeddable":true,"href":"https:\/\/conexmetals.com\/es\/wp-json\/wp\/v2\/product_brand?post=12282"},{"taxonomy":"product_cat","embeddable":true,"href":"https:\/\/conexmetals.com\/es\/wp-json\/wp\/v2\/product_cat?post=12282"},{"taxonomy":"product_tag","embeddable":true,"href":"https:\/\/conexmetals.com\/es\/wp-json\/wp\/v2\/product_tag?post=12282"}],"curies":[{"name":"wp","href":"https:\/\/api.w.org\/{rel}","templated":true}]}}