{"id":12288,"date":"2023-08-18T07:49:31","date_gmt":"2023-08-18T02:19:31","guid":{"rendered":"https:\/\/conexmetals.com\/?post_type=product&#038;p=12288"},"modified":"2024-12-19T19:02:44","modified_gmt":"2024-12-19T13:32:44","slug":"abrazaderas-para-varillas-de-reforzamiento","status":"publish","type":"product","link":"https:\/\/conexmetals.com\/es\/producto\/abrazaderas-para-varillas-de-reforzamiento\/","title":{"rendered":"Abrazaderas para Varillas de Reforzamiento"},"content":{"rendered":"","protected":false},"excerpt":{"rendered":"<div class=\"elementor-element elementor-element-672075d elementor-widget__width-initial e-transform elementor-widget-mobile__width-initial elementor-widget elementor-widget-woocommerce-product-images\" data-id=\"672075d\" data-element_type=\"widget\" data-settings=\"{&quot;_transform_scale_effect&quot;:{&quot;unit&quot;:&quot;px&quot;,&quot;size&quot;:1,&quot;sizes&quot;:[]},&quot;_transform_scale_effect_tablet&quot;:{&quot;unit&quot;:&quot;px&quot;,&quot;size&quot;:&quot;&quot;,&quot;sizes&quot;:[]},&quot;_transform_scale_effect_mobile&quot;:{&quot;unit&quot;:&quot;px&quot;,&quot;size&quot;:&quot;&quot;,&quot;sizes&quot;:[]}}\" data-widget_type=\"woocommerce-product-images.default\">\n<div class=\"elementor-widget-container\">\n<div class=\"woocommerce-product-gallery woocommerce-product-gallery--with-images woocommerce-product-gallery--columns-4 images\" data-columns=\"4\">\n<div class=\"woocommerce-product-gallery__wrapper\">\n<div class=\"woocommerce-product-gallery__image\" data-thumb=\"https:\/\/conexmetals.com\/wp-content\/uploads\/2023\/11\/rebar-clamps-100x100.jpg\" data-thumb-alt=\"Rebar Clamps\" data-thumb-srcset=\"https:\/\/conexmetals.com\/wp-content\/uploads\/2023\/11\/rebar-clamps-100x100.jpg 100w, https:\/\/conexmetals.com\/wp-content\/uploads\/2023\/11\/rebar-clamps-300x300.jpg 300w, https:\/\/conexmetals.com\/wp-content\/uploads\/2023\/11\/rebar-clamps-150x150.jpg 150w, https:\/\/conexmetals.com\/wp-content\/uploads\/2023\/11\/rebar-clamps.jpg 350w\"><\/div>\n<\/div>\n<\/div>\n<\/div>\n<\/div>\n<div class=\"elementor-element elementor-element-36d2ab8 elementor-widget elementor-widget-woocommerce-product-short-description\" data-id=\"36d2ab8\" data-element_type=\"widget\" data-widget_type=\"woocommerce-product-short-description.default\">\n<div class=\"elementor-widget-container\">\n<div class=\"woocommerce-product-details__short-description\">\n<p><img fetchpriority=\"high\" decoding=\"async\" class=\"alignnone size-medium wp-image-12257 lazy loaded\" src=\"https:\/\/conexmetals.com\/wp-content\/uploads\/2023\/08\/Rebar-Clamps-line-drawing-300x267.webp\" alt=\"Dibujo lineal de abrazaderas de varilla de refuerzo\" width=\"300\" height=\"267\" data-src=\"https:\/\/conexmetals.com\/wp-content\/uploads\/2023\/08\/Rebar-Clamps-line-drawing-300x267.webp\" data-was-processed=\"true\" srcset=\"https:\/\/conexmetals.com\/wp-content\/uploads\/2023\/08\/Rebar-Clamps-line-drawing-300x267.webp 300w, https:\/\/conexmetals.com\/wp-content\/uploads\/2023\/08\/Rebar-Clamps-line-drawing-768x684.webp 768w, https:\/\/conexmetals.com\/wp-content\/uploads\/2023\/08\/Rebar-Clamps-line-drawing-700x624.webp 700w, https:\/\/conexmetals.com\/wp-content\/uploads\/2023\/08\/Rebar-Clamps-line-drawing.webp 952w\" sizes=\"(max-width: 300px) 100vw, 300px\" \/><\/p>\n<table id=\"tablepress-390\" class=\"tablepress tablepress-id-390\">\n<caption>\u00a0<\/caption>\n<thead>\n<tr class=\"row-1 odd\">\n<th class=\"column-1\" colspan=\"6\"><span>Dimensiones<\/span><\/th>\n<\/tr>\n<\/thead>\n<tbody class=\"row-hover\">\n<tr class=\"row-2 even\">\n<td class=\"column-1\"><span>Tama\u00f1o del comercio<\/span><\/td>\n<td class=\"column-2\"><span>A (en)<\/span><\/td>\n<td class=\"column-3\"><span>Papelera)<\/span><\/td>\n<td class=\"column-4\"><span>C(en)<\/span><\/td>\n<td class=\"column-5\"><span>Estruendo)<\/span><\/td>\n<td class=\"column-6\"><span>Gama de cables<\/span><\/td>\n<\/tr>\n<tr class=\"row-3 odd\">\n<td class=\"column-1\"><span>1\/2&#8243;, 3\/4&#8243; a 1&#8243;<\/span><\/td>\n<td class=\"column-2\"><span>2.19<\/span><\/td>\n<td class=\"column-3\"><span>0,50<\/span><\/td>\n<td class=\"column-4\"><span>0,81<\/span><\/td>\n<td class=\"column-5\"><span>0,56<\/span><\/td>\n<td class=\"column-6\"><span>#8-#2<\/span><\/td>\n<\/tr>\n<\/tbody>\n<\/table>\n<p><span>Las abrazaderas para varillas de refuerzo, tambi\u00e9n conocidas como conectores o acopladores de varillas de refuerzo, son dispositivos mec\u00e1nicos que se utilizan para unir dos varillas de refuerzo en estructuras de hormig\u00f3n armado. Las varillas de refuerzo se utilizan habitualmente en la construcci\u00f3n para proporcionar resistencia y durabilidad adicionales a los elementos de hormig\u00f3n, como vigas, columnas y losas.<\/span><\/p>\n<p><span>El m\u00e9todo tradicional para unir varillas de refuerzo consiste en superponerlas y unirlas con alambres de acero, lo que requiere mucho tiempo y mano de obra. Las abrazaderas para varillas de refuerzo ofrecen una soluci\u00f3n m\u00e1s eficiente y confiable para crear conexiones s\u00f3lidas y continuas entre varillas de refuerzo.<\/span><\/p>\n<p><span>Las caracter\u00edsticas principales de las abrazaderas para varillas de refuerzo incluyen:<\/span><\/p>\n<ol>\n<li><strong><b><span>Conexi\u00f3n mec\u00e1nica:<\/span><\/b><\/strong><span>\u00a0Las abrazaderas de varilla de refuerzo crean una conexi\u00f3n mec\u00e1nica entre dos varillas de refuerzo sin necesidad de soldadura o amarre.<\/span><\/li>\n<li><strong><b><span>Dise\u00f1o roscado:<\/span><\/b><\/strong><span>\u00a0la mayor\u00eda de las abrazaderas para varillas de refuerzo tienen una rosca interna que coincide con la rosca externa de la varilla de refuerzo. Los extremos roscados de las varillas de refuerzo se insertan en la abrazadera para varillas de refuerzo y luego se aprieta la abrazadera, comprimiendo las varillas de refuerzo para formar una uni\u00f3n segura.<\/span><\/li>\n<li><strong><b><span>Tipos:<\/span><\/b><\/strong><span>\u00a0Las abrazaderas para varillas de refuerzo vienen en varios tipos, incluidos acopladores con roscas paralelas, acopladores con roscas c\u00f3nicas y acopladores de compresi\u00f3n. Cada tipo est\u00e1 dise\u00f1ado para tama\u00f1os y aplicaciones de varillas de refuerzo espec\u00edficos.<\/span><\/li>\n<li><strong><b><span>Material:<\/span><\/b><\/strong><span>\u00a0Las abrazaderas de varilla de refuerzo suelen estar hechas de materiales como acero o acero inoxidable para proporcionar alta resistencia y durabilidad.<\/span><\/li>\n<li><strong><b><span>Capacidad de carga:<\/span><\/b><\/strong><span>\u00a0Las abrazaderas para varillas de refuerzo est\u00e1n dise\u00f1adas para garantizar que la uni\u00f3n tenga la misma capacidad de carga que la varilla de refuerzo original, manteniendo la integridad estructural del elemento de hormig\u00f3n.<\/span><\/li>\n<\/ol>\n<p><span>Las abrazaderas para varillas de refuerzo ofrecen varias ventajas sobre los m\u00e9todos tradicionales de uni\u00f3n de varillas de refuerzo:<\/span><\/p>\n<ul>\n<li><span>Reducen el tiempo de mano de obra y de instalaci\u00f3n.<\/span><\/li>\n<li><span>Mejoran la precisi\u00f3n del posicionamiento y alineaci\u00f3n de las barras de refuerzo.<\/span><\/li>\n<li><span>Eliminan la necesidad de mano de obra calificada para atar las varillas de refuerzo.<\/span><\/li>\n<li><span>Proporcionan una conexi\u00f3n m\u00e1s consistente y confiable, lo que conduce a un mejor rendimiento estructural.<\/span><\/li>\n<\/ul>\n<\/div>\n<\/div>\n<\/div>\n","protected":false},"featured_media":7407,"template":"","meta":[],"product_brand":[],"product_cat":[334],"product_tag":[],"class_list":{"0":"post-12288","1":"product","2":"type-product","3":"status-publish","4":"has-post-thumbnail","6":"product_cat-accesorios-de-puesta-a-tierra-de-bronce","8":"first","9":"instock","10":"shipping-taxable","11":"product-type-simple"},"yoast_head":"<!-- This site is optimized with the Yoast SEO plugin v27.3 - https:\/\/yoast.com\/product\/yoast-seo-wordpress\/ -->\n<title>Abrazaderas para Varillas de Reforzamiento<\/title>\n<meta name=\"description\" content=\"Conex Metals fabrica y exporta abrazaderas para varillas de reforzamiento, incluyendo abrazaderas para varillas de tierra, abrazaderas para conexi\u00f3n de varillas, abrazaderas para varillas de tierra directa, abrazaderas para cable de tierra de varillas y abrazaderas Burndy para varillas.\" \/>\n<meta name=\"robots\" content=\"index, follow, max-snippet:-1, max-image-preview:large, max-video-preview:-1\" \/>\n<link rel=\"canonical\" href=\"https:\/\/conexmetals.com\/es\/producto\/abrazaderas-para-varillas-de-reforzamiento\/\" \/>\n<script type=\"application\/ld+json\" class=\"yoast-schema-graph\">{\"@context\":\"https:\\\/\\\/schema.org\",\"@graph\":[{\"@type\":\"WebPage\",\"@id\":\"https:\\\/\\\/conexmetals.com\\\/es\\\/producto\\\/abrazaderas-para-varillas-de-reforzamiento\\\/\",\"url\":\"https:\\\/\\\/conexmetals.com\\\/es\\\/producto\\\/abrazaderas-para-varillas-de-reforzamiento\\\/\",\"name\":\"Abrazaderas para Varillas de Reforzamiento\",\"isPartOf\":{\"@id\":\"https:\\\/\\\/conexmetals.com\\\/es\\\/#website\"},\"primaryImageOfPage\":{\"@id\":\"https:\\\/\\\/conexmetals.com\\\/es\\\/producto\\\/abrazaderas-para-varillas-de-reforzamiento\\\/#primaryimage\"},\"image\":{\"@id\":\"https:\\\/\\\/conexmetals.com\\\/es\\\/producto\\\/abrazaderas-para-varillas-de-reforzamiento\\\/#primaryimage\"},\"thumbnailUrl\":\"https:\\\/\\\/conexmetals.com\\\/wp-content\\\/uploads\\\/2024\\\/12\\\/Abrazaderas-para-Varillas-de-Reforzamiento-1.webp\",\"datePublished\":\"2023-08-18T02:19:31+00:00\",\"dateModified\":\"2024-12-19T13:32:44+00:00\",\"description\":\"Conex Metals fabrica y exporta abrazaderas para varillas de reforzamiento, incluyendo abrazaderas para varillas de tierra, abrazaderas para conexi\u00f3n de varillas, abrazaderas para varillas de tierra directa, abrazaderas para cable de tierra de varillas y abrazaderas Burndy para varillas.\",\"breadcrumb\":{\"@id\":\"https:\\\/\\\/conexmetals.com\\\/es\\\/producto\\\/abrazaderas-para-varillas-de-reforzamiento\\\/#breadcrumb\"},\"inLanguage\":\"es\",\"potentialAction\":[{\"@type\":\"ReadAction\",\"target\":[\"https:\\\/\\\/conexmetals.com\\\/es\\\/producto\\\/abrazaderas-para-varillas-de-reforzamiento\\\/\"]}]},{\"@type\":\"ImageObject\",\"inLanguage\":\"es\",\"@id\":\"https:\\\/\\\/conexmetals.com\\\/es\\\/producto\\\/abrazaderas-para-varillas-de-reforzamiento\\\/#primaryimage\",\"url\":\"https:\\\/\\\/conexmetals.com\\\/wp-content\\\/uploads\\\/2024\\\/12\\\/Abrazaderas-para-Varillas-de-Reforzamiento-1.webp\",\"contentUrl\":\"https:\\\/\\\/conexmetals.com\\\/wp-content\\\/uploads\\\/2024\\\/12\\\/Abrazaderas-para-Varillas-de-Reforzamiento-1.webp\",\"width\":350,\"height\":350,\"caption\":\"Abrazaderas para Varillas de Reforzamiento\"},{\"@type\":\"BreadcrumbList\",\"@id\":\"https:\\\/\\\/conexmetals.com\\\/es\\\/producto\\\/abrazaderas-para-varillas-de-reforzamiento\\\/#breadcrumb\",\"itemListElement\":[{\"@type\":\"ListItem\",\"position\":1,\"name\":\"Home\",\"item\":\"https:\\\/\\\/conexmetals.com\\\/es\\\/hogar\\\/\"},{\"@type\":\"ListItem\",\"position\":2,\"name\":\"Products\",\"item\":\"https:\\\/\\\/conexmetals.com\\\/products\\\/\"},{\"@type\":\"ListItem\",\"position\":3,\"name\":\"Abrazaderas para Varillas de Reforzamiento\"}]},{\"@type\":\"WebSite\",\"@id\":\"https:\\\/\\\/conexmetals.com\\\/es\\\/#website\",\"url\":\"https:\\\/\\\/conexmetals.com\\\/es\\\/\",\"name\":\"Conex Metals Brass Fittings Brass Parts Copper Parts Brass Components Brass Plumbing Fittings India\",\"description\":\"Manufacturer of Bronze Fittings casting Copper Brass parts components\",\"publisher\":{\"@id\":\"https:\\\/\\\/conexmetals.com\\\/es\\\/#organization\"},\"potentialAction\":[{\"@type\":\"SearchAction\",\"target\":{\"@type\":\"EntryPoint\",\"urlTemplate\":\"https:\\\/\\\/conexmetals.com\\\/es\\\/?s={search_term_string}\"},\"query-input\":{\"@type\":\"PropertyValueSpecification\",\"valueRequired\":true,\"valueName\":\"search_term_string\"}}],\"inLanguage\":\"es\"},{\"@type\":\"Organization\",\"@id\":\"https:\\\/\\\/conexmetals.com\\\/es\\\/#organization\",\"name\":\"Conex Metals Brass Fittings Brass Parts Copper Parts Brass Components Brass Plumbing Fittings India\",\"url\":\"https:\\\/\\\/conexmetals.com\\\/es\\\/\",\"logo\":{\"@type\":\"ImageObject\",\"inLanguage\":\"es\",\"@id\":\"https:\\\/\\\/conexmetals.com\\\/es\\\/#\\\/schema\\\/logo\\\/image\\\/\",\"url\":\"https:\\\/\\\/conexmetals.com\\\/wp-content\\\/uploads\\\/2024\\\/03\\\/conex-metals-logo.webp\",\"contentUrl\":\"https:\\\/\\\/conexmetals.com\\\/wp-content\\\/uploads\\\/2024\\\/03\\\/conex-metals-logo.webp\",\"width\":300,\"height\":121,\"caption\":\"Conex Metals Brass Fittings Brass Parts Copper Parts Brass Components Brass Plumbing Fittings India\"},\"image\":{\"@id\":\"https:\\\/\\\/conexmetals.com\\\/es\\\/#\\\/schema\\\/logo\\\/image\\\/\"},\"sameAs\":[\"https:\\\/\\\/www.facebook.com\\\/conexbrass\",\"https:\\\/\\\/x.com\\\/conexindia\",\"https:\\\/\\\/www.linkedin.com\\\/company\\\/conex-metals-india\\\/\",\"https:\\\/\\\/www.instagram.com\\\/conexindia\\\/\"]}]}<\/script>\n<!-- \/ Yoast SEO plugin. -->","yoast_head_json":{"title":"Abrazaderas para Varillas de Reforzamiento","description":"Conex Metals fabrica y exporta abrazaderas para varillas de reforzamiento, incluyendo abrazaderas para varillas de tierra, abrazaderas para conexi\u00f3n de varillas, abrazaderas para varillas de tierra directa, abrazaderas para cable de tierra de varillas y abrazaderas Burndy para varillas.","robots":{"index":"index","follow":"follow","max-snippet":"max-snippet:-1","max-image-preview":"max-image-preview:large","max-video-preview":"max-video-preview:-1"},"canonical":"https:\/\/conexmetals.com\/es\/producto\/abrazaderas-para-varillas-de-reforzamiento\/","schema":{"@context":"https:\/\/schema.org","@graph":[{"@type":"WebPage","@id":"https:\/\/conexmetals.com\/es\/producto\/abrazaderas-para-varillas-de-reforzamiento\/","url":"https:\/\/conexmetals.com\/es\/producto\/abrazaderas-para-varillas-de-reforzamiento\/","name":"Abrazaderas para Varillas de Reforzamiento","isPartOf":{"@id":"https:\/\/conexmetals.com\/es\/#website"},"primaryImageOfPage":{"@id":"https:\/\/conexmetals.com\/es\/producto\/abrazaderas-para-varillas-de-reforzamiento\/#primaryimage"},"image":{"@id":"https:\/\/conexmetals.com\/es\/producto\/abrazaderas-para-varillas-de-reforzamiento\/#primaryimage"},"thumbnailUrl":"https:\/\/conexmetals.com\/wp-content\/uploads\/2024\/12\/Abrazaderas-para-Varillas-de-Reforzamiento-1.webp","datePublished":"2023-08-18T02:19:31+00:00","dateModified":"2024-12-19T13:32:44+00:00","description":"Conex Metals fabrica y exporta abrazaderas para varillas de reforzamiento, incluyendo abrazaderas para varillas de tierra, abrazaderas para conexi\u00f3n de varillas, abrazaderas para varillas de tierra directa, abrazaderas para cable de tierra de varillas y abrazaderas Burndy para varillas.","breadcrumb":{"@id":"https:\/\/conexmetals.com\/es\/producto\/abrazaderas-para-varillas-de-reforzamiento\/#breadcrumb"},"inLanguage":"es","potentialAction":[{"@type":"ReadAction","target":["https:\/\/conexmetals.com\/es\/producto\/abrazaderas-para-varillas-de-reforzamiento\/"]}]},{"@type":"ImageObject","inLanguage":"es","@id":"https:\/\/conexmetals.com\/es\/producto\/abrazaderas-para-varillas-de-reforzamiento\/#primaryimage","url":"https:\/\/conexmetals.com\/wp-content\/uploads\/2024\/12\/Abrazaderas-para-Varillas-de-Reforzamiento-1.webp","contentUrl":"https:\/\/conexmetals.com\/wp-content\/uploads\/2024\/12\/Abrazaderas-para-Varillas-de-Reforzamiento-1.webp","width":350,"height":350,"caption":"Abrazaderas para Varillas de Reforzamiento"},{"@type":"BreadcrumbList","@id":"https:\/\/conexmetals.com\/es\/producto\/abrazaderas-para-varillas-de-reforzamiento\/#breadcrumb","itemListElement":[{"@type":"ListItem","position":1,"name":"Home","item":"https:\/\/conexmetals.com\/es\/hogar\/"},{"@type":"ListItem","position":2,"name":"Products","item":"https:\/\/conexmetals.com\/products\/"},{"@type":"ListItem","position":3,"name":"Abrazaderas para Varillas de Reforzamiento"}]},{"@type":"WebSite","@id":"https:\/\/conexmetals.com\/es\/#website","url":"https:\/\/conexmetals.com\/es\/","name":"Conex Metals Brass Fittings Brass Parts Copper Parts Brass Components Brass Plumbing Fittings India","description":"Manufacturer of Bronze Fittings casting Copper Brass parts components","publisher":{"@id":"https:\/\/conexmetals.com\/es\/#organization"},"potentialAction":[{"@type":"SearchAction","target":{"@type":"EntryPoint","urlTemplate":"https:\/\/conexmetals.com\/es\/?s={search_term_string}"},"query-input":{"@type":"PropertyValueSpecification","valueRequired":true,"valueName":"search_term_string"}}],"inLanguage":"es"},{"@type":"Organization","@id":"https:\/\/conexmetals.com\/es\/#organization","name":"Conex Metals Brass Fittings Brass Parts Copper Parts Brass Components Brass Plumbing Fittings India","url":"https:\/\/conexmetals.com\/es\/","logo":{"@type":"ImageObject","inLanguage":"es","@id":"https:\/\/conexmetals.com\/es\/#\/schema\/logo\/image\/","url":"https:\/\/conexmetals.com\/wp-content\/uploads\/2024\/03\/conex-metals-logo.webp","contentUrl":"https:\/\/conexmetals.com\/wp-content\/uploads\/2024\/03\/conex-metals-logo.webp","width":300,"height":121,"caption":"Conex Metals Brass Fittings Brass Parts Copper Parts Brass Components Brass Plumbing Fittings India"},"image":{"@id":"https:\/\/conexmetals.com\/es\/#\/schema\/logo\/image\/"},"sameAs":["https:\/\/www.facebook.com\/conexbrass","https:\/\/x.com\/conexindia","https:\/\/www.linkedin.com\/company\/conex-metals-india\/","https:\/\/www.instagram.com\/conexindia\/"]}]}},"_links":{"self":[{"href":"https:\/\/conexmetals.com\/es\/wp-json\/wp\/v2\/product\/12288","targetHints":{"allow":["GET"]}}],"collection":[{"href":"https:\/\/conexmetals.com\/es\/wp-json\/wp\/v2\/product"}],"about":[{"href":"https:\/\/conexmetals.com\/es\/wp-json\/wp\/v2\/types\/product"}],"wp:featuredmedia":[{"embeddable":true,"href":"https:\/\/conexmetals.com\/es\/wp-json\/wp\/v2\/media\/7407"}],"wp:attachment":[{"href":"https:\/\/conexmetals.com\/es\/wp-json\/wp\/v2\/media?parent=12288"}],"wp:term":[{"taxonomy":"product_brand","embeddable":true,"href":"https:\/\/conexmetals.com\/es\/wp-json\/wp\/v2\/product_brand?post=12288"},{"taxonomy":"product_cat","embeddable":true,"href":"https:\/\/conexmetals.com\/es\/wp-json\/wp\/v2\/product_cat?post=12288"},{"taxonomy":"product_tag","embeddable":true,"href":"https:\/\/conexmetals.com\/es\/wp-json\/wp\/v2\/product_tag?post=12288"}],"curies":[{"name":"wp","href":"https:\/\/api.w.org\/{rel}","templated":true}]}}