{"id":12292,"date":"2023-08-18T07:50:20","date_gmt":"2023-08-18T02:20:20","guid":{"rendered":"https:\/\/conexmetals.com\/?post_type=product&#038;p=12292"},"modified":"2024-12-19T19:15:55","modified_gmt":"2024-12-19T13:45:55","slug":"abrazaderas-de-tierra-con-perno-en-u","status":"publish","type":"product","link":"https:\/\/conexmetals.com\/es\/producto\/abrazaderas-de-tierra-con-perno-en-u\/","title":{"rendered":"Abrazaderas de Tierra con Perno en U"},"content":{"rendered":"","protected":false},"excerpt":{"rendered":"<table id=\"tablepress-373\" class=\"tablepress tablepress-id-373\">\n<thead>\n<tr class=\"row-1 odd\">\n<th class=\"column-1\" colspan=\"6\"><strong><span>Tipo de placa \u00fanica para cintas planas horizontales<\/span><\/strong><\/th>\n<\/tr>\n<\/thead>\n<tbody class=\"row-hover\">\n<tr class=\"row-2 even\">\n<td class=\"column-1\"><strong><span>Di\u00e1metro m\u00e1ximo de la varilla mm<\/span><\/strong><\/td>\n<td class=\"column-2\"><strong><span>Agujero Contras mm<\/span><\/strong><\/td>\n<td class=\"column-3\"><strong><span>Largo mm<\/span><\/strong><\/td>\n<td class=\"column-4\"><strong><span>Ancho mm<\/span><\/strong><\/td>\n<td class=\"column-5\"><strong><span>Mmm<\/span><\/strong><\/td>\n<td class=\"column-6\"><strong><span>Peso unitario mm<\/span><\/strong><\/td>\n<\/tr>\n<tr class=\"row-3 odd\">\n<td class=\"column-1\"><span>16<\/span><\/td>\n<td class=\"column-2\"><span>30<\/span><\/td>\n<td class=\"column-3\"><span>58<\/span><\/td>\n<td class=\"column-4\"><span>62<\/span><\/td>\n<td class=\"column-5\"><span>33<\/span><\/td>\n<td class=\"column-6\"><span>0,15<\/span><\/td>\n<\/tr>\n<tr class=\"row-4 even\">\n<td class=\"column-1\"><span>25<\/span><\/td>\n<td class=\"column-2\"><span>37<\/span><\/td>\n<td class=\"column-3\"><span>70<\/span><\/td>\n<td class=\"column-4\"><span>62<\/span><\/td>\n<td class=\"column-5\"><span>33<\/span><\/td>\n<td class=\"column-6\"><span>0,15<\/span><\/td>\n<\/tr>\n<tr class=\"row-5 odd\">\n<td class=\"column-1\"><span>31<\/span><\/td>\n<td class=\"column-2\"><span>41<\/span><\/td>\n<td class=\"column-3\"><span>85<\/span><\/td>\n<td class=\"column-4\"><span>68<\/span><\/td>\n<td class=\"column-5\"><span>33<\/span><\/td>\n<td class=\"column-6\"><span>0,28<\/span><\/td>\n<\/tr>\n<tr class=\"row-6 even\">\n<td class=\"column-1\"><span>38<\/span><\/td>\n<td class=\"column-2\"><span>46<\/span><\/td>\n<td class=\"column-3\"><span>90<\/span><\/td>\n<td class=\"column-4\"><span>75<\/span><\/td>\n<td class=\"column-5\"><span>33<\/span><\/td>\n<td class=\"column-6\"><span>0,28<\/span><\/td>\n<\/tr>\n<tr class=\"row-7 odd\">\n<td class=\"column-1\"><span>50<\/span><\/td>\n<td class=\"column-2\"><span>63<\/span><\/td>\n<td class=\"column-3\"><span>100<\/span><\/td>\n<td class=\"column-4\"><span>90<\/span><\/td>\n<td class=\"column-5\"><span>33<\/span><\/td>\n<td class=\"column-6\"><span>0,45<\/span><\/td>\n<\/tr>\n<\/tbody>\n<\/table>\n<p><img fetchpriority=\"high\" decoding=\"async\" class=\"wp-image-6944 size-medium alignright lazy loaded\" src=\"https:\/\/conexmetals.com\/wp-content\/uploads\/2023\/08\/U-Bolt-Clamps-300x177.jpg\" alt=\"Dibujo lineal de abrazaderas de perno en U\" width=\"300\" height=\"177\" data-src=\"https:\/\/conexmetals.com\/wp-content\/uploads\/2023\/08\/U-Bolt-Clamps-300x177.jpg\" data-was-processed=\"true\" srcset=\"https:\/\/conexmetals.com\/wp-content\/uploads\/2023\/08\/U-Bolt-Clamps-300x177.jpg 300w, https:\/\/conexmetals.com\/wp-content\/uploads\/2023\/08\/U-Bolt-Clamps.jpg 441w\" sizes=\"(max-width: 300px) 100vw, 300px\" \/><\/p>\n<p><span>Las abrazaderas en U, tambi\u00e9n conocidas como abrazaderas de sill\u00edn o abrazaderas para tuber\u00edas en U, son sujetadores mec\u00e1nicos que se utilizan para asegurar tuber\u00edas, tubos, cables u otros objetos cil\u00edndricos a una superficie plana, generalmente una viga, un canal o un puntal. El nombre \u00abU-bolt\u00bb proviene de su dise\u00f1o en forma de U, que les permite envolver el objeto que se va a asegurar y luego sujetarse a la superficie de montaje mediante tuercas.<\/span><\/p>\n<p><span>Las caracter\u00edsticas principales de las abrazaderas en U incluyen:<\/span><\/p>\n<ol>\n<li><strong><b><span>Dise\u00f1o en forma de U:<\/span><\/b><\/strong><span>\u00a0Las abrazaderas con perno en U tienen una configuraci\u00f3n en forma de U con dos brazos roscados (patas) en cada extremo y una base curva. La forma del perno en U le permite rodear la tuber\u00eda o el tubo, creando una fijaci\u00f3n segura.<\/span><\/li>\n<li><strong><b><span>Brazos roscados:<\/span><\/b><\/strong><span>\u00a0Los brazos roscados se extienden desde los lados del perno en U y tienen roscas que admiten tuercas. Estas tuercas se utilizan para sujetar el perno en U a la superficie de montaje, comprimiendo el perno en U alrededor del objeto que se est\u00e1 sujetando.<\/span><\/li>\n<li><strong><b><span>Material:<\/span><\/b><\/strong><span>\u00a0Las abrazaderas en U suelen estar hechas de materiales como acero, acero inoxidable u otros metales, seg\u00fan la aplicaci\u00f3n y los requisitos ambientales.<\/span><\/li>\n<li><strong><b><span>Tama\u00f1o de la tuber\u00eda:<\/span><\/b><\/strong><span>\u00a0Las abrazaderas en U est\u00e1n disponibles en varios tama\u00f1os para adaptarse a diferentes di\u00e1metros de tuber\u00edas o tubos.<\/span><\/li>\n<li><strong><b><span>Tipos:<\/span><\/b><\/strong><span>\u00a0Existen varios tipos de abrazaderas en U dise\u00f1adas para aplicaciones espec\u00edficas, como abrazaderas en U est\u00e1ndar, abrazaderas en U de alta resistencia o abrazaderas de tuber\u00eda en U con revestimientos de goma para amortiguar las vibraciones.<\/span><\/li>\n<\/ol>\n<p><span>Las abrazaderas en U se utilizan en una amplia gama de aplicaciones, que incluyen:<\/span><\/p>\n<ul>\n<li><span>Fijaci\u00f3n de tuber\u00edas o tubos para soportar estructuras como vigas o canales.<\/span><\/li>\n<li><span>Fijaci\u00f3n de cables, alambres o mangueras a superficies de montaje.<\/span><\/li>\n<li><span>Fijaci\u00f3n de equipos o maquinaria a estructuras fijas.<\/span><\/li>\n<li><span>Creaci\u00f3n de colgadores de tuber\u00edas en instalaciones de plomer\u00eda y HVAC.<\/span><\/li>\n<\/ul>\n<p><span>Al utilizar abrazaderas en U, es fundamental seleccionar el tama\u00f1o y el tipo adecuados para que coincidan con el di\u00e1metro de la tuber\u00eda o el objeto que se va a sujetar y los requisitos de carga. El ajuste correcto de las tuercas tambi\u00e9n es fundamental para garantizar una conexi\u00f3n segura y firme.<\/span><\/p>\n","protected":false},"featured_media":7547,"template":"","meta":[],"product_brand":[],"product_cat":[334],"product_tag":[],"class_list":{"0":"post-12292","1":"product","2":"type-product","3":"status-publish","4":"has-post-thumbnail","6":"product_cat-accesorios-de-puesta-a-tierra-de-bronce","8":"first","9":"instock","10":"shipping-taxable","11":"product-type-simple"},"yoast_head":"<!-- This site is optimized with the Yoast SEO plugin v27.3 - https:\/\/yoast.com\/product\/yoast-seo-wordpress\/ -->\n<title>Abrazaderas de Tierra con Perno en U<\/title>\n<meta name=\"description\" content=\"Conex Metals, un destacado fabricante y exportador indio, se especializa en abrazaderas de tierra con perno en U. Nuestra l\u00ednea de productos incluye abrazaderas en U, abrazaderas banjo, abrazaderas de tuber\u00eda con perno en U y abrazaderas cuadradas con perno en U, todas fabricadas con acero inoxidable de alta calidad. Como proveedores de abrazaderas en U robustas, atendemos tanto al mercado indio como al internacional, ofreciendo soluciones de conexi\u00f3n a tierra y protecci\u00f3n contra rayos de primer nivel.\" \/>\n<meta name=\"robots\" content=\"index, follow, max-snippet:-1, max-image-preview:large, max-video-preview:-1\" \/>\n<link rel=\"canonical\" href=\"https:\/\/conexmetals.com\/es\/producto\/abrazaderas-de-tierra-con-perno-en-u\/\" \/>\n<script type=\"application\/ld+json\" class=\"yoast-schema-graph\">{\"@context\":\"https:\\\/\\\/schema.org\",\"@graph\":[{\"@type\":\"WebPage\",\"@id\":\"https:\\\/\\\/conexmetals.com\\\/es\\\/producto\\\/abrazaderas-de-tierra-con-perno-en-u\\\/\",\"url\":\"https:\\\/\\\/conexmetals.com\\\/es\\\/producto\\\/abrazaderas-de-tierra-con-perno-en-u\\\/\",\"name\":\"Abrazaderas de Tierra con Perno en U\",\"isPartOf\":{\"@id\":\"https:\\\/\\\/conexmetals.com\\\/es\\\/#website\"},\"primaryImageOfPage\":{\"@id\":\"https:\\\/\\\/conexmetals.com\\\/es\\\/producto\\\/abrazaderas-de-tierra-con-perno-en-u\\\/#primaryimage\"},\"image\":{\"@id\":\"https:\\\/\\\/conexmetals.com\\\/es\\\/producto\\\/abrazaderas-de-tierra-con-perno-en-u\\\/#primaryimage\"},\"thumbnailUrl\":\"https:\\\/\\\/conexmetals.com\\\/wp-content\\\/uploads\\\/2024\\\/12\\\/Abrazaderas-de-Tierra-con-Perno-en-U.webp\",\"datePublished\":\"2023-08-18T02:20:20+00:00\",\"dateModified\":\"2024-12-19T13:45:55+00:00\",\"description\":\"Conex Metals, un destacado fabricante y exportador indio, se especializa en abrazaderas de tierra con perno en U. Nuestra l\u00ednea de productos incluye abrazaderas en U, abrazaderas banjo, abrazaderas de tuber\u00eda con perno en U y abrazaderas cuadradas con perno en U, todas fabricadas con acero inoxidable de alta calidad. Como proveedores de abrazaderas en U robustas, atendemos tanto al mercado indio como al internacional, ofreciendo soluciones de conexi\u00f3n a tierra y protecci\u00f3n contra rayos de primer nivel.\",\"breadcrumb\":{\"@id\":\"https:\\\/\\\/conexmetals.com\\\/es\\\/producto\\\/abrazaderas-de-tierra-con-perno-en-u\\\/#breadcrumb\"},\"inLanguage\":\"es\",\"potentialAction\":[{\"@type\":\"ReadAction\",\"target\":[\"https:\\\/\\\/conexmetals.com\\\/es\\\/producto\\\/abrazaderas-de-tierra-con-perno-en-u\\\/\"]}]},{\"@type\":\"ImageObject\",\"inLanguage\":\"es\",\"@id\":\"https:\\\/\\\/conexmetals.com\\\/es\\\/producto\\\/abrazaderas-de-tierra-con-perno-en-u\\\/#primaryimage\",\"url\":\"https:\\\/\\\/conexmetals.com\\\/wp-content\\\/uploads\\\/2024\\\/12\\\/Abrazaderas-de-Tierra-con-Perno-en-U.webp\",\"contentUrl\":\"https:\\\/\\\/conexmetals.com\\\/wp-content\\\/uploads\\\/2024\\\/12\\\/Abrazaderas-de-Tierra-con-Perno-en-U.webp\",\"width\":350,\"height\":350,\"caption\":\"Abrazaderas de Tierra con Perno en U\"},{\"@type\":\"BreadcrumbList\",\"@id\":\"https:\\\/\\\/conexmetals.com\\\/es\\\/producto\\\/abrazaderas-de-tierra-con-perno-en-u\\\/#breadcrumb\",\"itemListElement\":[{\"@type\":\"ListItem\",\"position\":1,\"name\":\"Home\",\"item\":\"https:\\\/\\\/conexmetals.com\\\/es\\\/hogar\\\/\"},{\"@type\":\"ListItem\",\"position\":2,\"name\":\"Products\",\"item\":\"https:\\\/\\\/conexmetals.com\\\/products\\\/\"},{\"@type\":\"ListItem\",\"position\":3,\"name\":\"Abrazaderas de Tierra con Perno en U\"}]},{\"@type\":\"WebSite\",\"@id\":\"https:\\\/\\\/conexmetals.com\\\/es\\\/#website\",\"url\":\"https:\\\/\\\/conexmetals.com\\\/es\\\/\",\"name\":\"Conex Metals Brass Fittings Brass Parts Copper Parts Brass Components Brass Plumbing Fittings India\",\"description\":\"Manufacturer of Bronze Fittings casting Copper Brass parts components\",\"publisher\":{\"@id\":\"https:\\\/\\\/conexmetals.com\\\/es\\\/#organization\"},\"potentialAction\":[{\"@type\":\"SearchAction\",\"target\":{\"@type\":\"EntryPoint\",\"urlTemplate\":\"https:\\\/\\\/conexmetals.com\\\/es\\\/?s={search_term_string}\"},\"query-input\":{\"@type\":\"PropertyValueSpecification\",\"valueRequired\":true,\"valueName\":\"search_term_string\"}}],\"inLanguage\":\"es\"},{\"@type\":\"Organization\",\"@id\":\"https:\\\/\\\/conexmetals.com\\\/es\\\/#organization\",\"name\":\"Conex Metals Brass Fittings Brass Parts Copper Parts Brass Components Brass Plumbing Fittings India\",\"url\":\"https:\\\/\\\/conexmetals.com\\\/es\\\/\",\"logo\":{\"@type\":\"ImageObject\",\"inLanguage\":\"es\",\"@id\":\"https:\\\/\\\/conexmetals.com\\\/es\\\/#\\\/schema\\\/logo\\\/image\\\/\",\"url\":\"https:\\\/\\\/conexmetals.com\\\/wp-content\\\/uploads\\\/2024\\\/03\\\/conex-metals-logo.webp\",\"contentUrl\":\"https:\\\/\\\/conexmetals.com\\\/wp-content\\\/uploads\\\/2024\\\/03\\\/conex-metals-logo.webp\",\"width\":300,\"height\":121,\"caption\":\"Conex Metals Brass Fittings Brass Parts Copper Parts Brass Components Brass Plumbing Fittings India\"},\"image\":{\"@id\":\"https:\\\/\\\/conexmetals.com\\\/es\\\/#\\\/schema\\\/logo\\\/image\\\/\"},\"sameAs\":[\"https:\\\/\\\/www.facebook.com\\\/conexbrass\",\"https:\\\/\\\/x.com\\\/conexindia\",\"https:\\\/\\\/www.linkedin.com\\\/company\\\/conex-metals-india\\\/\",\"https:\\\/\\\/www.instagram.com\\\/conexindia\\\/\"]}]}<\/script>\n<!-- \/ Yoast SEO plugin. -->","yoast_head_json":{"title":"Abrazaderas de Tierra con Perno en U","description":"Conex Metals, un destacado fabricante y exportador indio, se especializa en abrazaderas de tierra con perno en U. Nuestra l\u00ednea de productos incluye abrazaderas en U, abrazaderas banjo, abrazaderas de tuber\u00eda con perno en U y abrazaderas cuadradas con perno en U, todas fabricadas con acero inoxidable de alta calidad. Como proveedores de abrazaderas en U robustas, atendemos tanto al mercado indio como al internacional, ofreciendo soluciones de conexi\u00f3n a tierra y protecci\u00f3n contra rayos de primer nivel.","robots":{"index":"index","follow":"follow","max-snippet":"max-snippet:-1","max-image-preview":"max-image-preview:large","max-video-preview":"max-video-preview:-1"},"canonical":"https:\/\/conexmetals.com\/es\/producto\/abrazaderas-de-tierra-con-perno-en-u\/","schema":{"@context":"https:\/\/schema.org","@graph":[{"@type":"WebPage","@id":"https:\/\/conexmetals.com\/es\/producto\/abrazaderas-de-tierra-con-perno-en-u\/","url":"https:\/\/conexmetals.com\/es\/producto\/abrazaderas-de-tierra-con-perno-en-u\/","name":"Abrazaderas de Tierra con Perno en U","isPartOf":{"@id":"https:\/\/conexmetals.com\/es\/#website"},"primaryImageOfPage":{"@id":"https:\/\/conexmetals.com\/es\/producto\/abrazaderas-de-tierra-con-perno-en-u\/#primaryimage"},"image":{"@id":"https:\/\/conexmetals.com\/es\/producto\/abrazaderas-de-tierra-con-perno-en-u\/#primaryimage"},"thumbnailUrl":"https:\/\/conexmetals.com\/wp-content\/uploads\/2024\/12\/Abrazaderas-de-Tierra-con-Perno-en-U.webp","datePublished":"2023-08-18T02:20:20+00:00","dateModified":"2024-12-19T13:45:55+00:00","description":"Conex Metals, un destacado fabricante y exportador indio, se especializa en abrazaderas de tierra con perno en U. Nuestra l\u00ednea de productos incluye abrazaderas en U, abrazaderas banjo, abrazaderas de tuber\u00eda con perno en U y abrazaderas cuadradas con perno en U, todas fabricadas con acero inoxidable de alta calidad. Como proveedores de abrazaderas en U robustas, atendemos tanto al mercado indio como al internacional, ofreciendo soluciones de conexi\u00f3n a tierra y protecci\u00f3n contra rayos de primer nivel.","breadcrumb":{"@id":"https:\/\/conexmetals.com\/es\/producto\/abrazaderas-de-tierra-con-perno-en-u\/#breadcrumb"},"inLanguage":"es","potentialAction":[{"@type":"ReadAction","target":["https:\/\/conexmetals.com\/es\/producto\/abrazaderas-de-tierra-con-perno-en-u\/"]}]},{"@type":"ImageObject","inLanguage":"es","@id":"https:\/\/conexmetals.com\/es\/producto\/abrazaderas-de-tierra-con-perno-en-u\/#primaryimage","url":"https:\/\/conexmetals.com\/wp-content\/uploads\/2024\/12\/Abrazaderas-de-Tierra-con-Perno-en-U.webp","contentUrl":"https:\/\/conexmetals.com\/wp-content\/uploads\/2024\/12\/Abrazaderas-de-Tierra-con-Perno-en-U.webp","width":350,"height":350,"caption":"Abrazaderas de Tierra con Perno en U"},{"@type":"BreadcrumbList","@id":"https:\/\/conexmetals.com\/es\/producto\/abrazaderas-de-tierra-con-perno-en-u\/#breadcrumb","itemListElement":[{"@type":"ListItem","position":1,"name":"Home","item":"https:\/\/conexmetals.com\/es\/hogar\/"},{"@type":"ListItem","position":2,"name":"Products","item":"https:\/\/conexmetals.com\/products\/"},{"@type":"ListItem","position":3,"name":"Abrazaderas de Tierra con Perno en U"}]},{"@type":"WebSite","@id":"https:\/\/conexmetals.com\/es\/#website","url":"https:\/\/conexmetals.com\/es\/","name":"Conex Metals Brass Fittings Brass Parts Copper Parts Brass Components Brass Plumbing Fittings India","description":"Manufacturer of Bronze Fittings casting Copper Brass parts components","publisher":{"@id":"https:\/\/conexmetals.com\/es\/#organization"},"potentialAction":[{"@type":"SearchAction","target":{"@type":"EntryPoint","urlTemplate":"https:\/\/conexmetals.com\/es\/?s={search_term_string}"},"query-input":{"@type":"PropertyValueSpecification","valueRequired":true,"valueName":"search_term_string"}}],"inLanguage":"es"},{"@type":"Organization","@id":"https:\/\/conexmetals.com\/es\/#organization","name":"Conex Metals Brass Fittings Brass Parts Copper Parts Brass Components Brass Plumbing Fittings India","url":"https:\/\/conexmetals.com\/es\/","logo":{"@type":"ImageObject","inLanguage":"es","@id":"https:\/\/conexmetals.com\/es\/#\/schema\/logo\/image\/","url":"https:\/\/conexmetals.com\/wp-content\/uploads\/2024\/03\/conex-metals-logo.webp","contentUrl":"https:\/\/conexmetals.com\/wp-content\/uploads\/2024\/03\/conex-metals-logo.webp","width":300,"height":121,"caption":"Conex Metals Brass Fittings Brass Parts Copper Parts Brass Components Brass Plumbing Fittings India"},"image":{"@id":"https:\/\/conexmetals.com\/es\/#\/schema\/logo\/image\/"},"sameAs":["https:\/\/www.facebook.com\/conexbrass","https:\/\/x.com\/conexindia","https:\/\/www.linkedin.com\/company\/conex-metals-india\/","https:\/\/www.instagram.com\/conexindia\/"]}]}},"_links":{"self":[{"href":"https:\/\/conexmetals.com\/es\/wp-json\/wp\/v2\/product\/12292","targetHints":{"allow":["GET"]}}],"collection":[{"href":"https:\/\/conexmetals.com\/es\/wp-json\/wp\/v2\/product"}],"about":[{"href":"https:\/\/conexmetals.com\/es\/wp-json\/wp\/v2\/types\/product"}],"wp:featuredmedia":[{"embeddable":true,"href":"https:\/\/conexmetals.com\/es\/wp-json\/wp\/v2\/media\/7547"}],"wp:attachment":[{"href":"https:\/\/conexmetals.com\/es\/wp-json\/wp\/v2\/media?parent=12292"}],"wp:term":[{"taxonomy":"product_brand","embeddable":true,"href":"https:\/\/conexmetals.com\/es\/wp-json\/wp\/v2\/product_brand?post=12292"},{"taxonomy":"product_cat","embeddable":true,"href":"https:\/\/conexmetals.com\/es\/wp-json\/wp\/v2\/product_cat?post=12292"},{"taxonomy":"product_tag","embeddable":true,"href":"https:\/\/conexmetals.com\/es\/wp-json\/wp\/v2\/product_tag?post=12292"}],"curies":[{"name":"wp","href":"https:\/\/api.w.org\/{rel}","templated":true}]}}