{"id":12389,"date":"2023-08-18T10:25:08","date_gmt":"2023-08-18T04:55:08","guid":{"rendered":"https:\/\/conexmetals.com\/?post_type=product&#038;p=12389"},"modified":"2024-12-31T14:44:54","modified_gmt":"2024-12-31T09:14:54","slug":"tomas-de-tierra-varillas-de-conexion-a-tierra","status":"publish","type":"product","link":"https:\/\/conexmetals.com\/es\/producto\/tomas-de-tierra-varillas-de-conexion-a-tierra\/","title":{"rendered":"Tomas de tierra \u2013 Varillas de conexi\u00f3n a tierra"},"content":{"rendered":"","protected":false},"excerpt":{"rendered":"<p><span>Las varillas de puesta a tierra, tambi\u00e9n conocidas como varillas de tierra o electrodos de puesta a tierra, son varillas met\u00e1licas que se introducen en el suelo para crear una conexi\u00f3n el\u00e9ctrica de baja resistencia entre los sistemas o equipos el\u00e9ctricos y la Tierra. Estas varillas son un componente crucial de los sistemas de puesta a tierra en las instalaciones el\u00e9ctricas y desempe\u00f1an un papel vital para garantizar la seguridad el\u00e9ctrica.<\/span><\/p>\n<p><span>El prop\u00f3sito de las varillas de conexi\u00f3n a tierra es proporcionar una ruta segura para que las corrientes el\u00e9ctricas fluyan hacia la Tierra en caso de una falla o una sobretensi\u00f3n el\u00e9ctrica. Cuando ocurre una falla, el exceso de corriente se dirige a tierra a trav\u00e9s de la varilla de conexi\u00f3n a tierra, lo que hace que se disparen los dispositivos de protecci\u00f3n (como disyuntores o fusibles), desconectando as\u00ed el circuito defectuoso de la fuente de energ\u00eda. Esto evita descargas el\u00e9ctricas, minimiza el riesgo de incendios y protege los equipos el\u00e9ctricos contra da\u00f1os.<\/span><\/p>\n<p><span>Las varillas de puesta a tierra Conex est\u00e1n fabricadas con acero de bajo carbono y alta resistencia a la tracci\u00f3n que cumple con los requisitos de la norma BS 4360 Grado 43 A. Cada varilla de puesta a tierra est\u00e1 unida molecularmente con enlaces de cobre de alta conductividad y 99,99 % de pureza, y cada varilla est\u00e1 tratada con derivados de benzol-triozol. Las roscas de las varillas se forman mediante un proceso de roscado por laminaci\u00f3n, lo que les otorga una resistencia adicional y elimina el riesgo de astillarlas al introducir las varillas en el suelo.<\/span><\/p>\n<table id=\"tablepress-279\" class=\"tablepress tablepress-id-279\">\n<caption>\u00a0<\/caption>\n<thead>\n<tr class=\"row-1 odd\">\n<th class=\"column-1\" colspan=\"3\"><span>Terminales de conexi\u00f3n a tierra unidos con cobre Varillas de conexi\u00f3n a tierra Varillas de conexi\u00f3n a tierra<\/span><\/th>\n<\/tr>\n<\/thead>\n<tbody class=\"row-hover\">\n<tr class=\"row-2 even\">\n<td class=\"column-1\"><strong><span>Dimensi\u00f3n de la varilla<\/span><br \/>\n<span>(mm)<\/span><\/strong><\/td>\n<td class=\"column-2\"><strong><span>Di\u00e1metro de las roscas<\/span><\/strong><\/td>\n<td class=\"column-3\"><strong><span>Di\u00e1metro real de la varilla (mm)<\/span><\/strong><\/td>\n<\/tr>\n<tr class=\"row-3 odd\">\n<td class=\"column-1\"><span>09,5 x 1200<\/span><\/td>\n<td class=\"column-2\"><span>Sin hilo<\/span><\/td>\n<td class=\"column-3\"><span>9.5<\/span><\/td>\n<\/tr>\n<tr class=\"row-4 even\">\n<td class=\"column-1\"><span>14,5 x 1200<\/span><\/td>\n<td class=\"column-2\"><span>9\/16&#8243;<\/span><\/td>\n<td class=\"column-3\"><span>12.5<\/span><\/td>\n<\/tr>\n<tr class=\"row-5 odd\">\n<td class=\"column-1\"><span>14,5 x 1500<\/span><\/td>\n<td class=\"column-2\"><span>9\/16&#8243;<\/span><\/td>\n<td class=\"column-3\"><span>12.5<\/span><\/td>\n<\/tr>\n<tr class=\"row-6 even\">\n<td class=\"column-1\"><span>14,5 x 1800<\/span><\/td>\n<td class=\"column-2\"><span>9\/16&#8243;<\/span><\/td>\n<td class=\"column-3\"><span>12.5<\/span><\/td>\n<\/tr>\n<tr class=\"row-7 odd\">\n<td class=\"column-1\"><span>16,0 x 1200<\/span><\/td>\n<td class=\"column-2\"><span>5\/8&#8243;<\/span><\/td>\n<td class=\"column-3\"><span>14.2<\/span><\/td>\n<\/tr>\n<tr class=\"row-8 even\">\n<td class=\"column-1\"><span>16,0 x 1500<\/span><\/td>\n<td class=\"column-2\"><span>5\/8&#8243;<\/span><\/td>\n<td class=\"column-3\"><span>14.2<\/span><\/td>\n<\/tr>\n<tr class=\"row-9 odd\">\n<td class=\"column-1\"><span>16,0 x 1800<\/span><\/td>\n<td class=\"column-2\"><span>5\/8&#8243;<\/span><\/td>\n<td class=\"column-3\"><span>14.2<\/span><\/td>\n<\/tr>\n<tr class=\"row-10 even\">\n<td class=\"column-1\"><span>16,0 x 2400<\/span><\/td>\n<td class=\"column-2\"><span>5\/8&#8243;<\/span><\/td>\n<td class=\"column-3\"><span>14.2<\/span><\/td>\n<\/tr>\n<tr class=\"row-11 odd\">\n<td class=\"column-1\"><span>20,0 x 1200<\/span><\/td>\n<td class=\"column-2\"><span>3\/4&#8243;<\/span><\/td>\n<td class=\"column-3\"><span>17.2<\/span><\/td>\n<\/tr>\n<tr class=\"row-12 even\">\n<td class=\"column-1\"><span>20,0 x 1500<\/span><\/td>\n<td class=\"column-2\"><span>3\/4&#8243;<\/span><\/td>\n<td class=\"column-3\"><span>17.2<\/span><\/td>\n<\/tr>\n<tr class=\"row-13 odd\">\n<td class=\"column-1\"><span>20,0 x 1800<\/span><\/td>\n<td class=\"column-2\"><span>3\/4&#8243;<\/span><\/td>\n<td class=\"column-3\"><span>17.2<\/span><\/td>\n<\/tr>\n<tr class=\"row-14 even\">\n<td class=\"column-1\"><span>20,0 x 2400<\/span><\/td>\n<td class=\"column-2\"><span>3\/4&#8243;<\/span><\/td>\n<td class=\"column-3\"><span>17.2<\/span><\/td>\n<\/tr>\n<tr class=\"row-15 odd\">\n<td class=\"column-1\"><span>25,0 x 2400<\/span><\/td>\n<td class=\"column-2\"><span>Sin hilo<\/span><\/td>\n<td class=\"column-3\"><span>25.4<\/span><\/td>\n<\/tr>\n<tr class=\"row-16 even\">\n<td class=\"column-1\"><span>25,0 x 3000<\/span><\/td>\n<td class=\"column-2\"><span>Sin hilo<\/span><\/td>\n<td class=\"column-3\"><span>25.4<\/span><\/td>\n<\/tr>\n<\/tbody>\n<\/table>\n<p><strong><span>Varillas de puesta a tierra de cobre macizo<\/span><br \/>\n<\/strong><span>Las varillas de puesta a tierra de cobre macizo de Conex se fabrican en dos tipos: con rosca externa y con rosca interna. Las varillas de puesta a tierra de cobre macizo se utilizan cuando el factor de corrosi\u00f3n es muy alto y se garantiza una vida \u00fatil excepcionalmente larga. Por lo tanto, estas varillas se fabrican a partir de cobre puro y de alta conductividad, estirado en fr\u00edo, seg\u00fan la norma BS 2874-C 101. Estas varillas tambi\u00e9n est\u00e1n disponibles con revestimiento de esta\u00f1o para reducir el riesgo de oxidaci\u00f3n y aumentar la vida \u00fatil\u00a0<\/span><strong><span>.<\/span><\/strong><\/p>\n<table id=\"tablepress-278\" class=\"tablepress tablepress-id-278\">\n<caption>\u00a0<\/caption>\n<thead>\n<tr class=\"row-1 odd\">\n<th class=\"column-1\" colspan=\"2\"><span>Varillas de tierra de cobre macizo<\/span><\/th>\n<\/tr>\n<\/thead>\n<tbody class=\"row-hover\">\n<tr class=\"row-2 even\">\n<td class=\"column-1\"><strong><span>Di\u00e1metro de la varilla (mm)<\/span><\/strong><\/td>\n<td class=\"column-2\"><strong><span>Longitud de la varilla (mm)<\/span><\/strong><\/td>\n<\/tr>\n<tr class=\"row-3 odd\">\n<td class=\"column-1\"><span>16<\/span><\/td>\n<td class=\"column-2\"><span>1200<\/span><\/td>\n<\/tr>\n<tr class=\"row-4 even\">\n<td class=\"column-1\"><span>16<\/span><\/td>\n<td class=\"column-2\"><span>1500<\/span><\/td>\n<\/tr>\n<tr class=\"row-5 odd\">\n<td class=\"column-1\"><span>20<\/span><\/td>\n<td class=\"column-2\"><span>1200<\/span><\/td>\n<\/tr>\n<tr class=\"row-6 even\">\n<td class=\"column-1\"><span>20<\/span><\/td>\n<td class=\"column-2\"><span>1500<\/span><\/td>\n<\/tr>\n<\/tbody>\n<\/table>\n<p><strong><span>Accesorios<\/span><\/strong><br \/>\n<span>Cabezal de accionamiento Acero reutilizable de alta resistencia.<\/span><br \/>\n<span>Acoplamiento Lat\u00f3n o bronce aluminio.<\/span><br \/>\n<span>Punta de accionamiento Acero de aleaci\u00f3n de alta resistencia.<\/span><br \/>\n<span>Acoplamiento interno Pasador de bronce fosforado o lat\u00f3n de alta resistencia.<\/span><\/p>\n<p><strong><span>Embalaje<\/span><br \/>\n<\/strong><span>Conex Tierra Tierra Conexi\u00f3n a tierra Varillas de puesta a tierra Varillas de puesta a tierra Las varillas se embalan individualmente en bolsas de tubo de PVC y las varillas est\u00e1n equipadas con tapas negras en ambos extremos, evitando as\u00ed que las roscas se da\u00f1en durante su manipulaci\u00f3n.<\/span><\/p>\n<p><strong><span>Abrazaderas\u00a0<\/span><\/strong><strong><span>de puesta a tierra<\/span><\/strong><br \/>\n<span>Conex fabrica una amplia gama de abrazaderas de varillas de puesta a tierra en lat\u00f3n naval, bronce de ca\u00f1\u00f3n y aluminio. Tambi\u00e9n se pueden suministrar abrazaderas especiales seg\u00fan las especificaciones del cliente para varillas de puesta a tierra.<\/span><\/p>\n<p><strong><span>Abrazadera de varilla a cinta<\/span><\/strong><br \/>\n<span>(abrazadera A) Se adapta a una amplia gama de cintas de cobre\/AI.<\/span><\/p>\n<p><strong><span>Abrazadera de varilla a conductor<\/span><\/strong><br \/>\n<span>(abrazadera G) Disponible en versiones para trabajos livianos y pesados.<\/span><br \/>\n<span>Admite conductores de 10 mm2 a 120 mm2.<\/span><\/p>\n<p><strong><span>Abrazadera de terminal de varilla a cable<\/span><\/strong><br \/>\n<span>(tipo B) Disponible con perno M12 completo con arandela de lat\u00f3n y tuercas.<\/span><\/p>\n","protected":false},"featured_media":8162,"template":"","meta":[],"product_brand":[],"product_cat":[379],"product_tag":[],"class_list":{"0":"post-12389","1":"product","2":"type-product","3":"status-publish","4":"has-post-thumbnail","6":"product_cat-productos-de-conexion-a-tierra","8":"first","9":"instock","10":"shipping-taxable","11":"product-type-simple"},"yoast_head":"<!-- This site is optimized with the Yoast SEO plugin v27.3 - https:\/\/yoast.com\/product\/yoast-seo-wordpress\/ -->\n<title>Tomas de tierra \u2013 Varillas de conexi\u00f3n a tierra<\/title>\n<meta name=\"description\" content=\"Conex Metals ofrece varillas de conexi\u00f3n a tierra de alta calidad, incluidas varillas de conexi\u00f3n a tierra de cobre y varillas de toma de tierra de cobre. Nuestra amplia gama de equipos de toma de tierra est\u00e1 fabricada por los principales fabricantes, garantizando un rendimiento excepcional para todas sus necesidades de conexi\u00f3n a tierra. Como exportadores y proveedores de confianza, entregamos productos superiores en todo el mundo.\" \/>\n<meta name=\"robots\" content=\"index, follow, max-snippet:-1, max-image-preview:large, max-video-preview:-1\" \/>\n<link rel=\"canonical\" href=\"https:\/\/conexmetals.com\/es\/producto\/tomas-de-tierra-varillas-de-conexion-a-tierra\/\" \/>\n<script type=\"application\/ld+json\" class=\"yoast-schema-graph\">{\"@context\":\"https:\\\/\\\/schema.org\",\"@graph\":[{\"@type\":\"WebPage\",\"@id\":\"https:\\\/\\\/conexmetals.com\\\/es\\\/producto\\\/tomas-de-tierra-varillas-de-conexion-a-tierra\\\/\",\"url\":\"https:\\\/\\\/conexmetals.com\\\/es\\\/producto\\\/tomas-de-tierra-varillas-de-conexion-a-tierra\\\/\",\"name\":\"Tomas de tierra \u2013 Varillas de conexi\u00f3n a tierra\",\"isPartOf\":{\"@id\":\"https:\\\/\\\/conexmetals.com\\\/es\\\/#website\"},\"primaryImageOfPage\":{\"@id\":\"https:\\\/\\\/conexmetals.com\\\/es\\\/producto\\\/tomas-de-tierra-varillas-de-conexion-a-tierra\\\/#primaryimage\"},\"image\":{\"@id\":\"https:\\\/\\\/conexmetals.com\\\/es\\\/producto\\\/tomas-de-tierra-varillas-de-conexion-a-tierra\\\/#primaryimage\"},\"thumbnailUrl\":\"https:\\\/\\\/conexmetals.com\\\/wp-content\\\/uploads\\\/2024\\\/12\\\/Tomas-de-tierra-\u2013-Varillas-de-conexion-a-tierra.png\",\"datePublished\":\"2023-08-18T04:55:08+00:00\",\"dateModified\":\"2024-12-31T09:14:54+00:00\",\"description\":\"Conex Metals ofrece varillas de conexi\u00f3n a tierra de alta calidad, incluidas varillas de conexi\u00f3n a tierra de cobre y varillas de toma de tierra de cobre. Nuestra amplia gama de equipos de toma de tierra est\u00e1 fabricada por los principales fabricantes, garantizando un rendimiento excepcional para todas sus necesidades de conexi\u00f3n a tierra. Como exportadores y proveedores de confianza, entregamos productos superiores en todo el mundo.\",\"breadcrumb\":{\"@id\":\"https:\\\/\\\/conexmetals.com\\\/es\\\/producto\\\/tomas-de-tierra-varillas-de-conexion-a-tierra\\\/#breadcrumb\"},\"inLanguage\":\"es\",\"potentialAction\":[{\"@type\":\"ReadAction\",\"target\":[\"https:\\\/\\\/conexmetals.com\\\/es\\\/producto\\\/tomas-de-tierra-varillas-de-conexion-a-tierra\\\/\"]}]},{\"@type\":\"ImageObject\",\"inLanguage\":\"es\",\"@id\":\"https:\\\/\\\/conexmetals.com\\\/es\\\/producto\\\/tomas-de-tierra-varillas-de-conexion-a-tierra\\\/#primaryimage\",\"url\":\"https:\\\/\\\/conexmetals.com\\\/wp-content\\\/uploads\\\/2024\\\/12\\\/Tomas-de-tierra-\u2013-Varillas-de-conexion-a-tierra.png\",\"contentUrl\":\"https:\\\/\\\/conexmetals.com\\\/wp-content\\\/uploads\\\/2024\\\/12\\\/Tomas-de-tierra-\u2013-Varillas-de-conexion-a-tierra.png\",\"width\":350,\"height\":350,\"caption\":\"Tomas de tierra \u2013 Varillas de conexi\u00f3n a tierra\"},{\"@type\":\"BreadcrumbList\",\"@id\":\"https:\\\/\\\/conexmetals.com\\\/es\\\/producto\\\/tomas-de-tierra-varillas-de-conexion-a-tierra\\\/#breadcrumb\",\"itemListElement\":[{\"@type\":\"ListItem\",\"position\":1,\"name\":\"Home\",\"item\":\"https:\\\/\\\/conexmetals.com\\\/es\\\/hogar\\\/\"},{\"@type\":\"ListItem\",\"position\":2,\"name\":\"Products\",\"item\":\"https:\\\/\\\/conexmetals.com\\\/products\\\/\"},{\"@type\":\"ListItem\",\"position\":3,\"name\":\"Tomas de tierra \u2013 Varillas de conexi\u00f3n a tierra\"}]},{\"@type\":\"WebSite\",\"@id\":\"https:\\\/\\\/conexmetals.com\\\/es\\\/#website\",\"url\":\"https:\\\/\\\/conexmetals.com\\\/es\\\/\",\"name\":\"Conex Metals Brass Fittings Brass Parts Copper Parts Brass Components Brass Plumbing Fittings India\",\"description\":\"Manufacturer of Bronze Fittings casting Copper Brass parts components\",\"publisher\":{\"@id\":\"https:\\\/\\\/conexmetals.com\\\/es\\\/#organization\"},\"potentialAction\":[{\"@type\":\"SearchAction\",\"target\":{\"@type\":\"EntryPoint\",\"urlTemplate\":\"https:\\\/\\\/conexmetals.com\\\/es\\\/?s={search_term_string}\"},\"query-input\":{\"@type\":\"PropertyValueSpecification\",\"valueRequired\":true,\"valueName\":\"search_term_string\"}}],\"inLanguage\":\"es\"},{\"@type\":\"Organization\",\"@id\":\"https:\\\/\\\/conexmetals.com\\\/es\\\/#organization\",\"name\":\"Conex Metals Brass Fittings Brass Parts Copper Parts Brass Components Brass Plumbing Fittings India\",\"url\":\"https:\\\/\\\/conexmetals.com\\\/es\\\/\",\"logo\":{\"@type\":\"ImageObject\",\"inLanguage\":\"es\",\"@id\":\"https:\\\/\\\/conexmetals.com\\\/es\\\/#\\\/schema\\\/logo\\\/image\\\/\",\"url\":\"https:\\\/\\\/conexmetals.com\\\/wp-content\\\/uploads\\\/2024\\\/03\\\/conex-metals-logo.webp\",\"contentUrl\":\"https:\\\/\\\/conexmetals.com\\\/wp-content\\\/uploads\\\/2024\\\/03\\\/conex-metals-logo.webp\",\"width\":300,\"height\":121,\"caption\":\"Conex Metals Brass Fittings Brass Parts Copper Parts Brass Components Brass Plumbing Fittings India\"},\"image\":{\"@id\":\"https:\\\/\\\/conexmetals.com\\\/es\\\/#\\\/schema\\\/logo\\\/image\\\/\"},\"sameAs\":[\"https:\\\/\\\/www.facebook.com\\\/conexbrass\",\"https:\\\/\\\/x.com\\\/conexindia\",\"https:\\\/\\\/www.linkedin.com\\\/company\\\/conex-metals-india\\\/\",\"https:\\\/\\\/www.instagram.com\\\/conexindia\\\/\"]}]}<\/script>\n<!-- \/ Yoast SEO plugin. -->","yoast_head_json":{"title":"Tomas de tierra \u2013 Varillas de conexi\u00f3n a tierra","description":"Conex Metals ofrece varillas de conexi\u00f3n a tierra de alta calidad, incluidas varillas de conexi\u00f3n a tierra de cobre y varillas de toma de tierra de cobre. Nuestra amplia gama de equipos de toma de tierra est\u00e1 fabricada por los principales fabricantes, garantizando un rendimiento excepcional para todas sus necesidades de conexi\u00f3n a tierra. Como exportadores y proveedores de confianza, entregamos productos superiores en todo el mundo.","robots":{"index":"index","follow":"follow","max-snippet":"max-snippet:-1","max-image-preview":"max-image-preview:large","max-video-preview":"max-video-preview:-1"},"canonical":"https:\/\/conexmetals.com\/es\/producto\/tomas-de-tierra-varillas-de-conexion-a-tierra\/","schema":{"@context":"https:\/\/schema.org","@graph":[{"@type":"WebPage","@id":"https:\/\/conexmetals.com\/es\/producto\/tomas-de-tierra-varillas-de-conexion-a-tierra\/","url":"https:\/\/conexmetals.com\/es\/producto\/tomas-de-tierra-varillas-de-conexion-a-tierra\/","name":"Tomas de tierra \u2013 Varillas de conexi\u00f3n a tierra","isPartOf":{"@id":"https:\/\/conexmetals.com\/es\/#website"},"primaryImageOfPage":{"@id":"https:\/\/conexmetals.com\/es\/producto\/tomas-de-tierra-varillas-de-conexion-a-tierra\/#primaryimage"},"image":{"@id":"https:\/\/conexmetals.com\/es\/producto\/tomas-de-tierra-varillas-de-conexion-a-tierra\/#primaryimage"},"thumbnailUrl":"https:\/\/conexmetals.com\/wp-content\/uploads\/2024\/12\/Tomas-de-tierra-\u2013-Varillas-de-conexion-a-tierra.png","datePublished":"2023-08-18T04:55:08+00:00","dateModified":"2024-12-31T09:14:54+00:00","description":"Conex Metals ofrece varillas de conexi\u00f3n a tierra de alta calidad, incluidas varillas de conexi\u00f3n a tierra de cobre y varillas de toma de tierra de cobre. Nuestra amplia gama de equipos de toma de tierra est\u00e1 fabricada por los principales fabricantes, garantizando un rendimiento excepcional para todas sus necesidades de conexi\u00f3n a tierra. Como exportadores y proveedores de confianza, entregamos productos superiores en todo el mundo.","breadcrumb":{"@id":"https:\/\/conexmetals.com\/es\/producto\/tomas-de-tierra-varillas-de-conexion-a-tierra\/#breadcrumb"},"inLanguage":"es","potentialAction":[{"@type":"ReadAction","target":["https:\/\/conexmetals.com\/es\/producto\/tomas-de-tierra-varillas-de-conexion-a-tierra\/"]}]},{"@type":"ImageObject","inLanguage":"es","@id":"https:\/\/conexmetals.com\/es\/producto\/tomas-de-tierra-varillas-de-conexion-a-tierra\/#primaryimage","url":"https:\/\/conexmetals.com\/wp-content\/uploads\/2024\/12\/Tomas-de-tierra-\u2013-Varillas-de-conexion-a-tierra.png","contentUrl":"https:\/\/conexmetals.com\/wp-content\/uploads\/2024\/12\/Tomas-de-tierra-\u2013-Varillas-de-conexion-a-tierra.png","width":350,"height":350,"caption":"Tomas de tierra \u2013 Varillas de conexi\u00f3n a tierra"},{"@type":"BreadcrumbList","@id":"https:\/\/conexmetals.com\/es\/producto\/tomas-de-tierra-varillas-de-conexion-a-tierra\/#breadcrumb","itemListElement":[{"@type":"ListItem","position":1,"name":"Home","item":"https:\/\/conexmetals.com\/es\/hogar\/"},{"@type":"ListItem","position":2,"name":"Products","item":"https:\/\/conexmetals.com\/products\/"},{"@type":"ListItem","position":3,"name":"Tomas de tierra \u2013 Varillas de conexi\u00f3n a tierra"}]},{"@type":"WebSite","@id":"https:\/\/conexmetals.com\/es\/#website","url":"https:\/\/conexmetals.com\/es\/","name":"Conex Metals Brass Fittings Brass Parts Copper Parts Brass Components Brass Plumbing Fittings India","description":"Manufacturer of Bronze Fittings casting Copper Brass parts components","publisher":{"@id":"https:\/\/conexmetals.com\/es\/#organization"},"potentialAction":[{"@type":"SearchAction","target":{"@type":"EntryPoint","urlTemplate":"https:\/\/conexmetals.com\/es\/?s={search_term_string}"},"query-input":{"@type":"PropertyValueSpecification","valueRequired":true,"valueName":"search_term_string"}}],"inLanguage":"es"},{"@type":"Organization","@id":"https:\/\/conexmetals.com\/es\/#organization","name":"Conex Metals Brass Fittings Brass Parts Copper Parts Brass Components Brass Plumbing Fittings India","url":"https:\/\/conexmetals.com\/es\/","logo":{"@type":"ImageObject","inLanguage":"es","@id":"https:\/\/conexmetals.com\/es\/#\/schema\/logo\/image\/","url":"https:\/\/conexmetals.com\/wp-content\/uploads\/2024\/03\/conex-metals-logo.webp","contentUrl":"https:\/\/conexmetals.com\/wp-content\/uploads\/2024\/03\/conex-metals-logo.webp","width":300,"height":121,"caption":"Conex Metals Brass Fittings Brass Parts Copper Parts Brass Components Brass Plumbing Fittings India"},"image":{"@id":"https:\/\/conexmetals.com\/es\/#\/schema\/logo\/image\/"},"sameAs":["https:\/\/www.facebook.com\/conexbrass","https:\/\/x.com\/conexindia","https:\/\/www.linkedin.com\/company\/conex-metals-india\/","https:\/\/www.instagram.com\/conexindia\/"]}]}},"_links":{"self":[{"href":"https:\/\/conexmetals.com\/es\/wp-json\/wp\/v2\/product\/12389","targetHints":{"allow":["GET"]}}],"collection":[{"href":"https:\/\/conexmetals.com\/es\/wp-json\/wp\/v2\/product"}],"about":[{"href":"https:\/\/conexmetals.com\/es\/wp-json\/wp\/v2\/types\/product"}],"wp:featuredmedia":[{"embeddable":true,"href":"https:\/\/conexmetals.com\/es\/wp-json\/wp\/v2\/media\/8162"}],"wp:attachment":[{"href":"https:\/\/conexmetals.com\/es\/wp-json\/wp\/v2\/media?parent=12389"}],"wp:term":[{"taxonomy":"product_brand","embeddable":true,"href":"https:\/\/conexmetals.com\/es\/wp-json\/wp\/v2\/product_brand?post=12389"},{"taxonomy":"product_cat","embeddable":true,"href":"https:\/\/conexmetals.com\/es\/wp-json\/wp\/v2\/product_cat?post=12389"},{"taxonomy":"product_tag","embeddable":true,"href":"https:\/\/conexmetals.com\/es\/wp-json\/wp\/v2\/product_tag?post=12389"}],"curies":[{"name":"wp","href":"https:\/\/api.w.org\/{rel}","templated":true}]}}