{"id":12393,"date":"2023-08-18T10:41:00","date_gmt":"2023-08-18T05:11:00","guid":{"rendered":"https:\/\/conexmetals.com\/?post_type=product&#038;p=12393"},"modified":"2024-12-31T15:36:03","modified_gmt":"2024-12-31T10:06:03","slug":"hardware-electronico","status":"publish","type":"product","link":"https:\/\/conexmetals.com\/es\/producto\/hardware-electronico\/","title":{"rendered":"Hardware Electr\u00f3nico"},"content":{"rendered":"","protected":false},"excerpt":{"rendered":"<p><span>Conex Metals Manufacturing se especializa en la producci\u00f3n de componentes de lat\u00f3n de alta calidad para la industria electr\u00f3nica, incluidos conectores, clavijas para cables y clavijas para adaptadores. Nos adaptamos a especificaciones personalizadas, lo que garantiza que cada componente cumpla con las necesidades exactas de nuestros clientes. Nuestros componentes electr\u00f3nicos de lat\u00f3n se suministran no solo en toda la India, sino tambi\u00e9n en todo el mundo.<\/span><\/p>\n<p><strong><span>Nuestra l\u00ednea de productos incluye:<\/span><\/strong><\/p>\n<ul>\n<li><span>Componentes electr\u00f3nicos de lat\u00f3n<\/span><\/li>\n<li><span>Conectores de lat\u00f3n<\/span><\/li>\n<li><span>Z\u00f3calos de lat\u00f3n<\/span><\/li>\n<li><span>Pasadores de lat\u00f3n<\/span><\/li>\n<li><span>Pasadores adaptadores de lat\u00f3n<\/span><\/li>\n<\/ul>\n<p>&nbsp;<\/p>\n<p><strong><span>Materiales utilizados:<\/span><\/strong><\/p>\n<ul>\n<li><span>Lat\u00f3n de f\u00e1cil mecanizaci\u00f3n de grado 319 o BS 249<\/span><\/li>\n<li><span>Composiciones de lat\u00f3n personalizadas y adaptadas a los requisitos del cliente.<\/span><\/li>\n<\/ul>\n<p>&nbsp;<\/p>\n<p><strong><span>Opciones de enhebrado:<\/span><\/strong><\/p>\n<ul>\n<li><span>ISO M\u00e9tricas, MM, PG, BSW, BSP, BSB, BSF, BA, NPT, NPTF, UNC, UNF, UNEF, entre otras<\/span><\/li>\n<li><span>Roscado personalizado seg\u00fan los dise\u00f1os del cliente<\/span><\/li>\n<\/ul>\n<p>&nbsp;<\/p>\n<p><strong><span>Especificaciones de tama\u00f1o:<\/span><\/strong><\/p>\n<ul>\n<li><span>Especificaciones est\u00e1ndar o dise\u00f1os personalizados adaptados a las necesidades del cliente.<\/span><\/li>\n<\/ul>\n<p>&nbsp;<\/p>\n<p><strong><span>Acabado y revestimiento:<\/span><\/strong><\/p>\n<ul>\n<li><span>Disponible en acabado natural, n\u00edquel, esta\u00f1o o cualquier otro seg\u00fan los requisitos del cliente.<\/span><\/li>\n<\/ul>\n<p>&nbsp;<\/p>\n<p><span>Podemos desarrollar y suministrar cualquier tipo de componentes electr\u00f3nicos de lat\u00f3n, dise\u00f1ados con precisi\u00f3n para adaptarse a sus especificaciones.<\/span><\/p>\n<p><a href=\"https:\/\/conexmetals.com\/product\/thumb-screws\/\"><img decoding=\"async\" class=\"alignnone wp-image-2121 size-thumbnail lazy loaded\" src=\"https:\/\/conexmetals.com\/wp-content\/uploads\/2023\/12\/Thumb-Screws-150x150.png\" alt=\"Tornillos de mariposa\" width=\"150\" height=\"150\" data-src=\"https:\/\/conexmetals.com\/wp-content\/uploads\/2023\/12\/Thumb-Screws-150x150.png\" data-was-processed=\"true\" \/><\/a>\u00a0\u00a0<a href=\"https:\/\/conexmetals.com\/product\/hex-coupling-nuts\/\"><img decoding=\"async\" class=\"alignnone wp-image-2112 size-thumbnail lazy loaded\" src=\"https:\/\/conexmetals.com\/wp-content\/uploads\/2023\/12\/Hex-Coupling-Nuts-150x150.png\" alt=\"Tuercas de acoplamiento hexagonales\" width=\"150\" height=\"150\" data-src=\"https:\/\/conexmetals.com\/wp-content\/uploads\/2023\/12\/Hex-Coupling-Nuts-150x150.png\" data-was-processed=\"true\" \/>\u00a0\u00a0<\/a><a href=\"https:\/\/conexmetals.com\/product\/female-couplers\/\"><img decoding=\"async\" class=\"alignnone wp-image-1746 size-thumbnail lazy loaded\" src=\"https:\/\/conexmetals.com\/wp-content\/uploads\/2023\/11\/Female-Couplers-150x150.jpg\" alt=\"Acopladores hembra\" width=\"150\" height=\"150\" data-src=\"https:\/\/conexmetals.com\/wp-content\/uploads\/2023\/11\/Female-Couplers-150x150.jpg\" data-was-processed=\"true\" srcset=\"https:\/\/conexmetals.com\/wp-content\/uploads\/2023\/11\/Female-Couplers-150x150.jpg 150w, https:\/\/conexmetals.com\/wp-content\/uploads\/2023\/11\/Female-Couplers-300x300.jpg 300w, https:\/\/conexmetals.com\/wp-content\/uploads\/2023\/11\/Female-Couplers-100x100.jpg 100w, https:\/\/conexmetals.com\/wp-content\/uploads\/2023\/11\/Female-Couplers.jpg 350w\" sizes=\"(max-width: 150px) 100vw, 150px\" \/><\/a>\u00a0<a href=\"https:\/\/conexmetals.com\/product\/brass-pins-for-chargers\/\"><img loading=\"lazy\" decoding=\"async\" class=\"alignnone wp-image-2150 size-thumbnail lazy loaded\" src=\"https:\/\/conexmetals.com\/wp-content\/uploads\/2023\/08\/Electrical-Pin-Plugs-Sockets-150x150.png\" alt=\"Pasadores de lat\u00f3n para enchufes el\u00e9ctricos\" width=\"150\" height=\"150\" data-src=\"https:\/\/conexmetals.com\/wp-content\/uploads\/2023\/08\/Electrical-Pin-Plugs-Sockets-150x150.png\" data-was-processed=\"true\" srcset=\"https:\/\/conexmetals.com\/wp-content\/uploads\/2023\/08\/Electrical-Pin-Plugs-Sockets-150x150.png 150w, https:\/\/conexmetals.com\/wp-content\/uploads\/2023\/08\/Electrical-Pin-Plugs-Sockets-300x300.png 300w, https:\/\/conexmetals.com\/wp-content\/uploads\/2023\/08\/Electrical-Pin-Plugs-Sockets-100x100.png 100w, https:\/\/conexmetals.com\/wp-content\/uploads\/2023\/08\/Electrical-Pin-Plugs-Sockets.png 350w\" sizes=\"(max-width: 150px) 100vw, 150px\" \/><\/a><\/p>\n","protected":false},"featured_media":7877,"template":"","meta":[],"product_brand":[],"product_cat":[379],"product_tag":[],"class_list":{"0":"post-12393","1":"product","2":"type-product","3":"status-publish","4":"has-post-thumbnail","6":"product_cat-productos-de-conexion-a-tierra","8":"first","9":"instock","10":"shipping-taxable","11":"product-type-simple"},"yoast_head":"<!-- This site is optimized with the Yoast SEO plugin v27.3 - https:\/\/yoast.com\/product\/yoast-seo-wordpress\/ -->\n<title>Hardware Electr\u00f3nico<\/title>\n<meta name=\"description\" content=\"Conex Metals ofrece hardware electr\u00f3nico premium, incluidas varillas de conexi\u00f3n a tierra, varillas de tierra de cobre y varillas de tierra el\u00e9ctrica. Nuestra fabricaci\u00f3n experta garantiza una instalaci\u00f3n confiable de varillas de tierra, as\u00ed como varillas de tierra de cobre y abrazaderas de varillas de tierra de alta calidad. Fabricante, exportador y proveedor confiable de la India.\" \/>\n<meta name=\"robots\" content=\"index, follow, max-snippet:-1, max-image-preview:large, max-video-preview:-1\" \/>\n<link rel=\"canonical\" href=\"https:\/\/conexmetals.com\/es\/producto\/hardware-electronico\/\" \/>\n<script type=\"application\/ld+json\" class=\"yoast-schema-graph\">{\"@context\":\"https:\\\/\\\/schema.org\",\"@graph\":[{\"@type\":\"WebPage\",\"@id\":\"https:\\\/\\\/conexmetals.com\\\/es\\\/producto\\\/hardware-electronico\\\/\",\"url\":\"https:\\\/\\\/conexmetals.com\\\/es\\\/producto\\\/hardware-electronico\\\/\",\"name\":\"Hardware Electr\u00f3nico\",\"isPartOf\":{\"@id\":\"https:\\\/\\\/conexmetals.com\\\/es\\\/#website\"},\"primaryImageOfPage\":{\"@id\":\"https:\\\/\\\/conexmetals.com\\\/es\\\/producto\\\/hardware-electronico\\\/#primaryimage\"},\"image\":{\"@id\":\"https:\\\/\\\/conexmetals.com\\\/es\\\/producto\\\/hardware-electronico\\\/#primaryimage\"},\"thumbnailUrl\":\"https:\\\/\\\/conexmetals.com\\\/wp-content\\\/uploads\\\/2024\\\/12\\\/Hardware-Electronico.png\",\"datePublished\":\"2023-08-18T05:11:00+00:00\",\"dateModified\":\"2024-12-31T10:06:03+00:00\",\"description\":\"Conex Metals ofrece hardware electr\u00f3nico premium, incluidas varillas de conexi\u00f3n a tierra, varillas de tierra de cobre y varillas de tierra el\u00e9ctrica. Nuestra fabricaci\u00f3n experta garantiza una instalaci\u00f3n confiable de varillas de tierra, as\u00ed como varillas de tierra de cobre y abrazaderas de varillas de tierra de alta calidad. Fabricante, exportador y proveedor confiable de la India.\",\"breadcrumb\":{\"@id\":\"https:\\\/\\\/conexmetals.com\\\/es\\\/producto\\\/hardware-electronico\\\/#breadcrumb\"},\"inLanguage\":\"es\",\"potentialAction\":[{\"@type\":\"ReadAction\",\"target\":[\"https:\\\/\\\/conexmetals.com\\\/es\\\/producto\\\/hardware-electronico\\\/\"]}]},{\"@type\":\"ImageObject\",\"inLanguage\":\"es\",\"@id\":\"https:\\\/\\\/conexmetals.com\\\/es\\\/producto\\\/hardware-electronico\\\/#primaryimage\",\"url\":\"https:\\\/\\\/conexmetals.com\\\/wp-content\\\/uploads\\\/2024\\\/12\\\/Hardware-Electronico.png\",\"contentUrl\":\"https:\\\/\\\/conexmetals.com\\\/wp-content\\\/uploads\\\/2024\\\/12\\\/Hardware-Electronico.png\",\"width\":350,\"height\":350,\"caption\":\"Hardware Electr\u00f3nico\"},{\"@type\":\"BreadcrumbList\",\"@id\":\"https:\\\/\\\/conexmetals.com\\\/es\\\/producto\\\/hardware-electronico\\\/#breadcrumb\",\"itemListElement\":[{\"@type\":\"ListItem\",\"position\":1,\"name\":\"Home\",\"item\":\"https:\\\/\\\/conexmetals.com\\\/es\\\/hogar\\\/\"},{\"@type\":\"ListItem\",\"position\":2,\"name\":\"Products\",\"item\":\"https:\\\/\\\/conexmetals.com\\\/products\\\/\"},{\"@type\":\"ListItem\",\"position\":3,\"name\":\"Hardware Electr\u00f3nico\"}]},{\"@type\":\"WebSite\",\"@id\":\"https:\\\/\\\/conexmetals.com\\\/es\\\/#website\",\"url\":\"https:\\\/\\\/conexmetals.com\\\/es\\\/\",\"name\":\"Conex Metals Brass Fittings Brass Parts Copper Parts Brass Components Brass Plumbing Fittings India\",\"description\":\"Manufacturer of Bronze Fittings casting Copper Brass parts components\",\"publisher\":{\"@id\":\"https:\\\/\\\/conexmetals.com\\\/es\\\/#organization\"},\"potentialAction\":[{\"@type\":\"SearchAction\",\"target\":{\"@type\":\"EntryPoint\",\"urlTemplate\":\"https:\\\/\\\/conexmetals.com\\\/es\\\/?s={search_term_string}\"},\"query-input\":{\"@type\":\"PropertyValueSpecification\",\"valueRequired\":true,\"valueName\":\"search_term_string\"}}],\"inLanguage\":\"es\"},{\"@type\":\"Organization\",\"@id\":\"https:\\\/\\\/conexmetals.com\\\/es\\\/#organization\",\"name\":\"Conex Metals Brass Fittings Brass Parts Copper Parts Brass Components Brass Plumbing Fittings India\",\"url\":\"https:\\\/\\\/conexmetals.com\\\/es\\\/\",\"logo\":{\"@type\":\"ImageObject\",\"inLanguage\":\"es\",\"@id\":\"https:\\\/\\\/conexmetals.com\\\/es\\\/#\\\/schema\\\/logo\\\/image\\\/\",\"url\":\"https:\\\/\\\/conexmetals.com\\\/wp-content\\\/uploads\\\/2024\\\/03\\\/conex-metals-logo.webp\",\"contentUrl\":\"https:\\\/\\\/conexmetals.com\\\/wp-content\\\/uploads\\\/2024\\\/03\\\/conex-metals-logo.webp\",\"width\":300,\"height\":121,\"caption\":\"Conex Metals Brass Fittings Brass Parts Copper Parts Brass Components Brass Plumbing Fittings India\"},\"image\":{\"@id\":\"https:\\\/\\\/conexmetals.com\\\/es\\\/#\\\/schema\\\/logo\\\/image\\\/\"},\"sameAs\":[\"https:\\\/\\\/www.facebook.com\\\/conexbrass\",\"https:\\\/\\\/x.com\\\/conexindia\",\"https:\\\/\\\/www.linkedin.com\\\/company\\\/conex-metals-india\\\/\",\"https:\\\/\\\/www.instagram.com\\\/conexindia\\\/\"]}]}<\/script>\n<!-- \/ Yoast SEO plugin. -->","yoast_head_json":{"title":"Hardware Electr\u00f3nico","description":"Conex Metals ofrece hardware electr\u00f3nico premium, incluidas varillas de conexi\u00f3n a tierra, varillas de tierra de cobre y varillas de tierra el\u00e9ctrica. Nuestra fabricaci\u00f3n experta garantiza una instalaci\u00f3n confiable de varillas de tierra, as\u00ed como varillas de tierra de cobre y abrazaderas de varillas de tierra de alta calidad. Fabricante, exportador y proveedor confiable de la India.","robots":{"index":"index","follow":"follow","max-snippet":"max-snippet:-1","max-image-preview":"max-image-preview:large","max-video-preview":"max-video-preview:-1"},"canonical":"https:\/\/conexmetals.com\/es\/producto\/hardware-electronico\/","schema":{"@context":"https:\/\/schema.org","@graph":[{"@type":"WebPage","@id":"https:\/\/conexmetals.com\/es\/producto\/hardware-electronico\/","url":"https:\/\/conexmetals.com\/es\/producto\/hardware-electronico\/","name":"Hardware Electr\u00f3nico","isPartOf":{"@id":"https:\/\/conexmetals.com\/es\/#website"},"primaryImageOfPage":{"@id":"https:\/\/conexmetals.com\/es\/producto\/hardware-electronico\/#primaryimage"},"image":{"@id":"https:\/\/conexmetals.com\/es\/producto\/hardware-electronico\/#primaryimage"},"thumbnailUrl":"https:\/\/conexmetals.com\/wp-content\/uploads\/2024\/12\/Hardware-Electronico.png","datePublished":"2023-08-18T05:11:00+00:00","dateModified":"2024-12-31T10:06:03+00:00","description":"Conex Metals ofrece hardware electr\u00f3nico premium, incluidas varillas de conexi\u00f3n a tierra, varillas de tierra de cobre y varillas de tierra el\u00e9ctrica. Nuestra fabricaci\u00f3n experta garantiza una instalaci\u00f3n confiable de varillas de tierra, as\u00ed como varillas de tierra de cobre y abrazaderas de varillas de tierra de alta calidad. Fabricante, exportador y proveedor confiable de la India.","breadcrumb":{"@id":"https:\/\/conexmetals.com\/es\/producto\/hardware-electronico\/#breadcrumb"},"inLanguage":"es","potentialAction":[{"@type":"ReadAction","target":["https:\/\/conexmetals.com\/es\/producto\/hardware-electronico\/"]}]},{"@type":"ImageObject","inLanguage":"es","@id":"https:\/\/conexmetals.com\/es\/producto\/hardware-electronico\/#primaryimage","url":"https:\/\/conexmetals.com\/wp-content\/uploads\/2024\/12\/Hardware-Electronico.png","contentUrl":"https:\/\/conexmetals.com\/wp-content\/uploads\/2024\/12\/Hardware-Electronico.png","width":350,"height":350,"caption":"Hardware Electr\u00f3nico"},{"@type":"BreadcrumbList","@id":"https:\/\/conexmetals.com\/es\/producto\/hardware-electronico\/#breadcrumb","itemListElement":[{"@type":"ListItem","position":1,"name":"Home","item":"https:\/\/conexmetals.com\/es\/hogar\/"},{"@type":"ListItem","position":2,"name":"Products","item":"https:\/\/conexmetals.com\/products\/"},{"@type":"ListItem","position":3,"name":"Hardware Electr\u00f3nico"}]},{"@type":"WebSite","@id":"https:\/\/conexmetals.com\/es\/#website","url":"https:\/\/conexmetals.com\/es\/","name":"Conex Metals Brass Fittings Brass Parts Copper Parts Brass Components Brass Plumbing Fittings India","description":"Manufacturer of Bronze Fittings casting Copper Brass parts components","publisher":{"@id":"https:\/\/conexmetals.com\/es\/#organization"},"potentialAction":[{"@type":"SearchAction","target":{"@type":"EntryPoint","urlTemplate":"https:\/\/conexmetals.com\/es\/?s={search_term_string}"},"query-input":{"@type":"PropertyValueSpecification","valueRequired":true,"valueName":"search_term_string"}}],"inLanguage":"es"},{"@type":"Organization","@id":"https:\/\/conexmetals.com\/es\/#organization","name":"Conex Metals Brass Fittings Brass Parts Copper Parts Brass Components Brass Plumbing Fittings India","url":"https:\/\/conexmetals.com\/es\/","logo":{"@type":"ImageObject","inLanguage":"es","@id":"https:\/\/conexmetals.com\/es\/#\/schema\/logo\/image\/","url":"https:\/\/conexmetals.com\/wp-content\/uploads\/2024\/03\/conex-metals-logo.webp","contentUrl":"https:\/\/conexmetals.com\/wp-content\/uploads\/2024\/03\/conex-metals-logo.webp","width":300,"height":121,"caption":"Conex Metals Brass Fittings Brass Parts Copper Parts Brass Components Brass Plumbing Fittings India"},"image":{"@id":"https:\/\/conexmetals.com\/es\/#\/schema\/logo\/image\/"},"sameAs":["https:\/\/www.facebook.com\/conexbrass","https:\/\/x.com\/conexindia","https:\/\/www.linkedin.com\/company\/conex-metals-india\/","https:\/\/www.instagram.com\/conexindia\/"]}]}},"_links":{"self":[{"href":"https:\/\/conexmetals.com\/es\/wp-json\/wp\/v2\/product\/12393","targetHints":{"allow":["GET"]}}],"collection":[{"href":"https:\/\/conexmetals.com\/es\/wp-json\/wp\/v2\/product"}],"about":[{"href":"https:\/\/conexmetals.com\/es\/wp-json\/wp\/v2\/types\/product"}],"wp:featuredmedia":[{"embeddable":true,"href":"https:\/\/conexmetals.com\/es\/wp-json\/wp\/v2\/media\/7877"}],"wp:attachment":[{"href":"https:\/\/conexmetals.com\/es\/wp-json\/wp\/v2\/media?parent=12393"}],"wp:term":[{"taxonomy":"product_brand","embeddable":true,"href":"https:\/\/conexmetals.com\/es\/wp-json\/wp\/v2\/product_brand?post=12393"},{"taxonomy":"product_cat","embeddable":true,"href":"https:\/\/conexmetals.com\/es\/wp-json\/wp\/v2\/product_cat?post=12393"},{"taxonomy":"product_tag","embeddable":true,"href":"https:\/\/conexmetals.com\/es\/wp-json\/wp\/v2\/product_tag?post=12393"}],"curies":[{"name":"wp","href":"https:\/\/api.w.org\/{rel}","templated":true}]}}