{"id":12402,"date":"2023-08-18T10:27:45","date_gmt":"2023-08-18T04:57:45","guid":{"rendered":"https:\/\/conexmetals.com\/?post_type=product&#038;p=12402"},"modified":"2024-12-31T16:04:53","modified_gmt":"2024-12-31T10:34:53","slug":"cinta-de-puesta-a-tierra-de-cobre-sin-recubrimiento","status":"publish","type":"product","link":"https:\/\/conexmetals.com\/es\/producto\/cinta-de-puesta-a-tierra-de-cobre-sin-recubrimiento\/","title":{"rendered":"Cinta de puesta a tierra de cobre (sin recubrimiento)"},"content":{"rendered":"","protected":false},"excerpt":{"rendered":"<table id=\"tablepress-332\" class=\"tablepress tablepress-id-332\">\n<caption>\u00a0<\/caption>\n<thead>\n<tr class=\"row-1 odd\">\n<th class=\"column-1\" colspan=\"5\"><strong>Cinta de cobre desnudo<\/strong><\/th>\n<\/tr>\n<\/thead>\n<tbody class=\"row-hover\">\n<tr class=\"row-2 even\">\n<td class=\"column-1\"><strong>N\u00famero de serie<\/strong><\/td>\n<td class=\"column-2\"><strong>Tama\u00f1o de la condici\u00f3n (Axb) (MM)<\/strong><\/td>\n<td class=\"column-3\"><strong>CSA (mm\u00b2)<\/strong><\/td>\n<td class=\"column-4\"><strong>Peso (KG\/M)<\/strong><\/td>\n<td class=\"column-5\"><strong>Tama\u00f1o de la bobina (M)<\/strong><\/td>\n<\/tr>\n<tr class=\"row-3 odd\">\n<td class=\"column-1\">1<\/td>\n<td class=\"column-2\">12,5 x 1,5<\/td>\n<td class=\"column-3\">18,75<\/td>\n<td class=\"column-4\">0,17<\/td>\n<td class=\"column-5\">100<\/td>\n<\/tr>\n<tr class=\"row-4 even\">\n<td class=\"column-1\">2<\/td>\n<td class=\"column-2\">12,5 x 3<\/td>\n<td class=\"column-3\">37.5<\/td>\n<td class=\"column-4\">0,33<\/td>\n<td class=\"column-5\">100<\/td>\n<\/tr>\n<tr class=\"row-5 odd\">\n<td class=\"column-1\">3<\/td>\n<td class=\"column-2\">20 x 1,5<\/td>\n<td class=\"column-3\">30<\/td>\n<td class=\"column-4\">0,27<\/td>\n<td class=\"column-5\">100<\/td>\n<\/tr>\n<tr class=\"row-6 even\">\n<td class=\"column-1\">4<\/td>\n<td class=\"column-2\">20&#215;3<\/td>\n<td class=\"column-3\">60<\/td>\n<td class=\"column-4\">0,53<\/td>\n<td class=\"column-5\">100<\/td>\n<\/tr>\n<tr class=\"row-7 odd\">\n<td class=\"column-1\">5<\/td>\n<td class=\"column-2\">25 x 1,5<\/td>\n<td class=\"column-3\">37.5<\/td>\n<td class=\"column-4\">0,33<\/td>\n<td class=\"column-5\">100<\/td>\n<\/tr>\n<tr class=\"row-8 even\">\n<td class=\"column-1\">6<\/td>\n<td class=\"column-2\">25&#215;3<\/td>\n<td class=\"column-3\">75<\/td>\n<td class=\"column-4\">0,67<\/td>\n<td class=\"column-5\">25 o 50<\/td>\n<\/tr>\n<tr class=\"row-9 odd\">\n<td class=\"column-1\">7<\/td>\n<td class=\"column-2\">25&#215;4<\/td>\n<td class=\"column-3\">100<\/td>\n<td class=\"column-4\">0,89<\/td>\n<td class=\"column-5\">50<\/td>\n<\/tr>\n<tr class=\"row-10 even\">\n<td class=\"column-1\">8<\/td>\n<td class=\"column-2\">25&#215;6<\/td>\n<td class=\"column-3\">150<\/td>\n<td class=\"column-4\">1.34<\/td>\n<td class=\"column-5\">40<\/td>\n<\/tr>\n<tr class=\"row-11 odd\">\n<td class=\"column-1\">9<\/td>\n<td class=\"column-2\">30&#215;2<\/td>\n<td class=\"column-3\">60<\/td>\n<td class=\"column-4\">0,53<\/td>\n<td class=\"column-5\">50<\/td>\n<\/tr>\n<tr class=\"row-12 even\">\n<td class=\"column-1\">10<\/td>\n<td class=\"column-2\">30&#215;3<\/td>\n<td class=\"column-3\">90<\/td>\n<td class=\"column-4\">0,8<\/td>\n<td class=\"column-5\">50<\/td>\n<\/tr>\n<tr class=\"row-13 odd\">\n<td class=\"column-1\">11<\/td>\n<td class=\"column-2\">30&#215;4<\/td>\n<td class=\"column-3\">120<\/td>\n<td class=\"column-4\">1.07<\/td>\n<td class=\"column-5\">40<\/td>\n<\/tr>\n<tr class=\"row-14 even\">\n<td class=\"column-1\">12<\/td>\n<td class=\"column-2\">30&#215;5<\/td>\n<td class=\"column-3\">150<\/td>\n<td class=\"column-4\">1.33<\/td>\n<td class=\"column-5\">40<\/td>\n<\/tr>\n<tr class=\"row-15 odd\">\n<td class=\"column-1\">13<\/td>\n<td class=\"column-2\">31 x 3<\/td>\n<td class=\"column-3\">93<\/td>\n<td class=\"column-4\">0,83<\/td>\n<td class=\"column-5\">50<\/td>\n<\/tr>\n<tr class=\"row-16 even\">\n<td class=\"column-1\">14<\/td>\n<td class=\"column-2\">31 x 6<\/td>\n<td class=\"column-3\">186<\/td>\n<td class=\"column-4\">1,65<\/td>\n<td class=\"column-5\">30<\/td>\n<\/tr>\n<tr class=\"row-17 odd\">\n<td class=\"column-1\">15<\/td>\n<td class=\"column-2\">38&#215;3<\/td>\n<td class=\"column-3\">114<\/td>\n<td class=\"column-4\">1.01<\/td>\n<td class=\"column-5\">50<\/td>\n<\/tr>\n<tr class=\"row-18 even\">\n<td class=\"column-1\">16<\/td>\n<td class=\"column-2\">38&#215;5<\/td>\n<td class=\"column-3\">190<\/td>\n<td class=\"column-4\">1.69<\/td>\n<td class=\"column-5\">30<\/td>\n<\/tr>\n<tr class=\"row-19 odd\">\n<td class=\"column-1\">17<\/td>\n<td class=\"column-2\">38&#215;6<\/td>\n<td class=\"column-3\">228<\/td>\n<td class=\"column-4\">2.03<\/td>\n<td class=\"column-5\">25<\/td>\n<\/tr>\n<tr class=\"row-20 even\">\n<td class=\"column-1\">18<\/td>\n<td class=\"column-2\">40&#215;3<\/td>\n<td class=\"column-3\">120<\/td>\n<td class=\"column-4\">1.06<\/td>\n<td class=\"column-5\">40<\/td>\n<\/tr>\n<tr class=\"row-21 odd\">\n<td class=\"column-1\">19<\/td>\n<td class=\"column-2\">40&#215;4<\/td>\n<td class=\"column-3\">160<\/td>\n<td class=\"column-4\">1.42<\/td>\n<td class=\"column-5\">30<\/td>\n<\/tr>\n<tr class=\"row-22 even\">\n<td class=\"column-1\">20<\/td>\n<td class=\"column-2\">40&#215;5<\/td>\n<td class=\"column-3\">200<\/td>\n<td class=\"column-4\">1,78<\/td>\n<td class=\"column-5\">25<\/td>\n<\/tr>\n<tr class=\"row-23 odd\">\n<td class=\"column-1\">21<\/td>\n<td class=\"column-2\">40&#215;6<\/td>\n<td class=\"column-3\">240<\/td>\n<td class=\"column-4\">2.13<\/td>\n<td class=\"column-5\">25<\/td>\n<\/tr>\n<tr class=\"row-24 even\">\n<td class=\"column-1\">22<\/td>\n<td class=\"column-2\">50&#215;3<\/td>\n<td class=\"column-3\">150<\/td>\n<td class=\"column-4\">1.33<\/td>\n<td class=\"column-5\">40<\/td>\n<\/tr>\n<tr class=\"row-25 odd\">\n<td class=\"column-1\">23<\/td>\n<td class=\"column-2\">50&#215;4<\/td>\n<td class=\"column-3\">200<\/td>\n<td class=\"column-4\">1,78<\/td>\n<td class=\"column-5\">30<\/td>\n<\/tr>\n<tr class=\"row-26 even\">\n<td class=\"column-1\">24<\/td>\n<td class=\"column-2\">50&#215;5<\/td>\n<td class=\"column-3\">250<\/td>\n<td class=\"column-4\">2.22<\/td>\n<td class=\"column-5\">20<\/td>\n<\/tr>\n<tr class=\"row-27 odd\">\n<td class=\"column-1\">25<\/td>\n<td class=\"column-2\">50&#215;6<\/td>\n<td class=\"column-3\">300<\/td>\n<td class=\"column-4\">2.68<\/td>\n<td class=\"column-5\">20<\/td>\n<\/tr>\n<\/tbody>\n<\/table>\n<p><img fetchpriority=\"high\" decoding=\"async\" class=\"size-medium wp-image-6612 alignleft lazy loaded\" src=\"https:\/\/conexmetals.com\/wp-content\/uploads\/2023\/08\/bronze-vise-connectors-line-drawing-300x300.jpg\" alt=\"Dibujo lineal de conectores de tornillo de banco de bronce\" width=\"300\" height=\"300\" data-src=\"https:\/\/conexmetals.com\/wp-content\/uploads\/2023\/08\/bronze-vise-connectors-line-drawing-300x300.jpg\" data-was-processed=\"true\" srcset=\"https:\/\/conexmetals.com\/wp-content\/uploads\/2023\/08\/bronze-vise-connectors-line-drawing-300x300.jpg 300w, https:\/\/conexmetals.com\/wp-content\/uploads\/2023\/08\/bronze-vise-connectors-line-drawing-150x150.jpg 150w, https:\/\/conexmetals.com\/wp-content\/uploads\/2023\/08\/bronze-vise-connectors-line-drawing-100x100.jpg 100w, https:\/\/conexmetals.com\/wp-content\/uploads\/2023\/08\/bronze-vise-connectors-line-drawing.jpg 350w\" sizes=\"(max-width: 300px) 100vw, 300px\" \/><\/p>\n<p>La cinta de cobre desnudo es un tipo de conductor el\u00e9ctrico que consiste en una tira delgada y sin aislamiento de metal de cobre. Ofrecida por Conex Metals, su dise\u00f1o exclusivo la convierte en una soluci\u00f3n ideal para diversas aplicaciones el\u00e9ctricas y de conexi\u00f3n a tierra, en particular donde la flexibilidad y la facilidad de manejo son cruciales.<\/p>\n<p><strong>Aplicaciones comunes de la cinta de cobre desnudo de Conex Metals:<\/strong><\/p>\n<ul>\n<li><strong>Puesta a tierra y conexi\u00f3n:<\/strong>\u00a0La cinta de cobre desnudo de Conex Metals proporciona una ruta de baja resistencia para que las corrientes el\u00e9ctricas fluyan de manera segura a la Tierra, lo que garantiza la seguridad y previene peligros el\u00e9ctricos.<\/li>\n<li><strong>Protecci\u00f3n contra rayos:<\/strong>\u00a0Se instala en edificios y estructuras para interceptar y dirigir de forma segura los rayos al suelo, protegiendo a los ocupantes y los equipos.<\/li>\n<li><strong>Blindaje El\u00e9ctrico:<\/strong>\u00a0La cinta se utiliza para proteger cables y dispositivos electr\u00f3nicos de interferencias electromagn\u00e9ticas (EMI) e interferencias de radiofrecuencia (RFI).<\/li>\n<\/ul>\n<p>&nbsp;<\/p>\n<p><strong>Ventajas de utilizar la cinta de cobre desnudo de Conex Metals:<\/strong><\/p>\n<ul>\n<li><strong>Flexibilidad:<\/strong>\u00a0La cinta se adapta a diversas formas y superficies, lo que facilita su instalaci\u00f3n y uso en una amplia gama de aplicaciones.<\/li>\n<li><strong>Alta conductividad:<\/strong>\u00a0Garantiza conexiones el\u00e9ctricas eficientes, manteniendo un rendimiento \u00f3ptimo.<\/li>\n<\/ul>\n<p>&nbsp;<\/p>\n<p><strong>Precauciones:<\/strong><\/p>\n<ul>\n<li>Manipular con cuidado, ya que la cinta de cobre desnuda es susceptible a la oxidaci\u00f3n y la corrosi\u00f3n cuando se expone a la humedad y al aire.<\/li>\n<li>Con el tiempo, la superficie del cobre puede desarrollar una p\u00e1tina verdosa, lo que afecta su apariencia pero no su conductividad el\u00e9ctrica.<\/li>\n<\/ul>\n<p>&nbsp;<\/p>\n<p>Conf\u00ede en Conex Metals para obtener cinta de cobre desnudo de alta calidad que satisfaga sus necesidades de conexi\u00f3n el\u00e9ctrica. Nuestros productos est\u00e1n dise\u00f1ados para brindar eficiencia, flexibilidad y confiabilidad.<\/p>\n","protected":false},"featured_media":12394,"template":"","meta":[],"product_brand":[],"product_cat":[383],"product_tag":[],"class_list":{"0":"post-12402","1":"product","2":"type-product","3":"status-publish","4":"has-post-thumbnail","6":"product_cat-accesorios-de-conexion-a-tierra","8":"first","9":"instock","10":"shipping-taxable","11":"product-type-simple"},"yoast_head":"<!-- This site is optimized with the Yoast SEO plugin v27.3 - https:\/\/yoast.com\/product\/yoast-seo-wordpress\/ -->\n<title>Cinta de puesta a tierra de cobre (sin recubrimiento)<\/title>\n<meta name=\"description\" content=\"Descubra la cinta de cobre sin recubrimiento de Conex Metals, que incluye cinta de tierra de cobre y cinta de cobre. Nuestra gama de cinta conductora, cables el\u00e9ctricos y accesorios para varillas de tierra garantiza un rendimiento superior. L\u00edder fabricante, exportador y proveedor de la India.\" \/>\n<meta name=\"robots\" content=\"index, follow, max-snippet:-1, max-image-preview:large, max-video-preview:-1\" \/>\n<link rel=\"canonical\" href=\"https:\/\/conexmetals.com\/es\/producto\/cinta-de-puesta-a-tierra-de-cobre-sin-recubrimiento\/\" \/>\n<script type=\"application\/ld+json\" class=\"yoast-schema-graph\">{\"@context\":\"https:\\\/\\\/schema.org\",\"@graph\":[{\"@type\":\"WebPage\",\"@id\":\"https:\\\/\\\/conexmetals.com\\\/es\\\/producto\\\/cinta-de-puesta-a-tierra-de-cobre-sin-recubrimiento\\\/\",\"url\":\"https:\\\/\\\/conexmetals.com\\\/es\\\/producto\\\/cinta-de-puesta-a-tierra-de-cobre-sin-recubrimiento\\\/\",\"name\":\"Cinta de puesta a tierra de cobre (sin recubrimiento)\",\"isPartOf\":{\"@id\":\"https:\\\/\\\/conexmetals.com\\\/es\\\/#website\"},\"primaryImageOfPage\":{\"@id\":\"https:\\\/\\\/conexmetals.com\\\/es\\\/producto\\\/cinta-de-puesta-a-tierra-de-cobre-sin-recubrimiento\\\/#primaryimage\"},\"image\":{\"@id\":\"https:\\\/\\\/conexmetals.com\\\/es\\\/producto\\\/cinta-de-puesta-a-tierra-de-cobre-sin-recubrimiento\\\/#primaryimage\"},\"thumbnailUrl\":\"https:\\\/\\\/conexmetals.com\\\/wp-content\\\/uploads\\\/2024\\\/12\\\/Bare-Copper-Tape.webp\",\"datePublished\":\"2023-08-18T04:57:45+00:00\",\"dateModified\":\"2024-12-31T10:34:53+00:00\",\"description\":\"Descubra la cinta de cobre sin recubrimiento de Conex Metals, que incluye cinta de tierra de cobre y cinta de cobre. Nuestra gama de cinta conductora, cables el\u00e9ctricos y accesorios para varillas de tierra garantiza un rendimiento superior. L\u00edder fabricante, exportador y proveedor de la India.\",\"breadcrumb\":{\"@id\":\"https:\\\/\\\/conexmetals.com\\\/es\\\/producto\\\/cinta-de-puesta-a-tierra-de-cobre-sin-recubrimiento\\\/#breadcrumb\"},\"inLanguage\":\"es\",\"potentialAction\":[{\"@type\":\"ReadAction\",\"target\":[\"https:\\\/\\\/conexmetals.com\\\/es\\\/producto\\\/cinta-de-puesta-a-tierra-de-cobre-sin-recubrimiento\\\/\"]}]},{\"@type\":\"ImageObject\",\"inLanguage\":\"es\",\"@id\":\"https:\\\/\\\/conexmetals.com\\\/es\\\/producto\\\/cinta-de-puesta-a-tierra-de-cobre-sin-recubrimiento\\\/#primaryimage\",\"url\":\"https:\\\/\\\/conexmetals.com\\\/wp-content\\\/uploads\\\/2024\\\/12\\\/Bare-Copper-Tape.webp\",\"contentUrl\":\"https:\\\/\\\/conexmetals.com\\\/wp-content\\\/uploads\\\/2024\\\/12\\\/Bare-Copper-Tape.webp\",\"width\":350,\"height\":350},{\"@type\":\"BreadcrumbList\",\"@id\":\"https:\\\/\\\/conexmetals.com\\\/es\\\/producto\\\/cinta-de-puesta-a-tierra-de-cobre-sin-recubrimiento\\\/#breadcrumb\",\"itemListElement\":[{\"@type\":\"ListItem\",\"position\":1,\"name\":\"Home\",\"item\":\"https:\\\/\\\/conexmetals.com\\\/es\\\/hogar\\\/\"},{\"@type\":\"ListItem\",\"position\":2,\"name\":\"Products\",\"item\":\"https:\\\/\\\/conexmetals.com\\\/products\\\/\"},{\"@type\":\"ListItem\",\"position\":3,\"name\":\"Cinta de puesta a tierra de cobre (sin recubrimiento)\"}]},{\"@type\":\"WebSite\",\"@id\":\"https:\\\/\\\/conexmetals.com\\\/es\\\/#website\",\"url\":\"https:\\\/\\\/conexmetals.com\\\/es\\\/\",\"name\":\"Conex Metals Brass Fittings Brass Parts Copper Parts Brass Components Brass Plumbing Fittings India\",\"description\":\"Manufacturer of Bronze Fittings casting Copper Brass parts components\",\"publisher\":{\"@id\":\"https:\\\/\\\/conexmetals.com\\\/es\\\/#organization\"},\"potentialAction\":[{\"@type\":\"SearchAction\",\"target\":{\"@type\":\"EntryPoint\",\"urlTemplate\":\"https:\\\/\\\/conexmetals.com\\\/es\\\/?s={search_term_string}\"},\"query-input\":{\"@type\":\"PropertyValueSpecification\",\"valueRequired\":true,\"valueName\":\"search_term_string\"}}],\"inLanguage\":\"es\"},{\"@type\":\"Organization\",\"@id\":\"https:\\\/\\\/conexmetals.com\\\/es\\\/#organization\",\"name\":\"Conex Metals Brass Fittings Brass Parts Copper Parts Brass Components Brass Plumbing Fittings India\",\"url\":\"https:\\\/\\\/conexmetals.com\\\/es\\\/\",\"logo\":{\"@type\":\"ImageObject\",\"inLanguage\":\"es\",\"@id\":\"https:\\\/\\\/conexmetals.com\\\/es\\\/#\\\/schema\\\/logo\\\/image\\\/\",\"url\":\"https:\\\/\\\/conexmetals.com\\\/wp-content\\\/uploads\\\/2024\\\/03\\\/conex-metals-logo.webp\",\"contentUrl\":\"https:\\\/\\\/conexmetals.com\\\/wp-content\\\/uploads\\\/2024\\\/03\\\/conex-metals-logo.webp\",\"width\":300,\"height\":121,\"caption\":\"Conex Metals Brass Fittings Brass Parts Copper Parts Brass Components Brass Plumbing Fittings India\"},\"image\":{\"@id\":\"https:\\\/\\\/conexmetals.com\\\/es\\\/#\\\/schema\\\/logo\\\/image\\\/\"},\"sameAs\":[\"https:\\\/\\\/www.facebook.com\\\/conexbrass\",\"https:\\\/\\\/x.com\\\/conexindia\",\"https:\\\/\\\/www.linkedin.com\\\/company\\\/conex-metals-india\\\/\",\"https:\\\/\\\/www.instagram.com\\\/conexindia\\\/\"]}]}<\/script>\n<!-- \/ Yoast SEO plugin. -->","yoast_head_json":{"title":"Cinta de puesta a tierra de cobre (sin recubrimiento)","description":"Descubra la cinta de cobre sin recubrimiento de Conex Metals, que incluye cinta de tierra de cobre y cinta de cobre. Nuestra gama de cinta conductora, cables el\u00e9ctricos y accesorios para varillas de tierra garantiza un rendimiento superior. L\u00edder fabricante, exportador y proveedor de la India.","robots":{"index":"index","follow":"follow","max-snippet":"max-snippet:-1","max-image-preview":"max-image-preview:large","max-video-preview":"max-video-preview:-1"},"canonical":"https:\/\/conexmetals.com\/es\/producto\/cinta-de-puesta-a-tierra-de-cobre-sin-recubrimiento\/","schema":{"@context":"https:\/\/schema.org","@graph":[{"@type":"WebPage","@id":"https:\/\/conexmetals.com\/es\/producto\/cinta-de-puesta-a-tierra-de-cobre-sin-recubrimiento\/","url":"https:\/\/conexmetals.com\/es\/producto\/cinta-de-puesta-a-tierra-de-cobre-sin-recubrimiento\/","name":"Cinta de puesta a tierra de cobre (sin recubrimiento)","isPartOf":{"@id":"https:\/\/conexmetals.com\/es\/#website"},"primaryImageOfPage":{"@id":"https:\/\/conexmetals.com\/es\/producto\/cinta-de-puesta-a-tierra-de-cobre-sin-recubrimiento\/#primaryimage"},"image":{"@id":"https:\/\/conexmetals.com\/es\/producto\/cinta-de-puesta-a-tierra-de-cobre-sin-recubrimiento\/#primaryimage"},"thumbnailUrl":"https:\/\/conexmetals.com\/wp-content\/uploads\/2024\/12\/Bare-Copper-Tape.webp","datePublished":"2023-08-18T04:57:45+00:00","dateModified":"2024-12-31T10:34:53+00:00","description":"Descubra la cinta de cobre sin recubrimiento de Conex Metals, que incluye cinta de tierra de cobre y cinta de cobre. Nuestra gama de cinta conductora, cables el\u00e9ctricos y accesorios para varillas de tierra garantiza un rendimiento superior. L\u00edder fabricante, exportador y proveedor de la India.","breadcrumb":{"@id":"https:\/\/conexmetals.com\/es\/producto\/cinta-de-puesta-a-tierra-de-cobre-sin-recubrimiento\/#breadcrumb"},"inLanguage":"es","potentialAction":[{"@type":"ReadAction","target":["https:\/\/conexmetals.com\/es\/producto\/cinta-de-puesta-a-tierra-de-cobre-sin-recubrimiento\/"]}]},{"@type":"ImageObject","inLanguage":"es","@id":"https:\/\/conexmetals.com\/es\/producto\/cinta-de-puesta-a-tierra-de-cobre-sin-recubrimiento\/#primaryimage","url":"https:\/\/conexmetals.com\/wp-content\/uploads\/2024\/12\/Bare-Copper-Tape.webp","contentUrl":"https:\/\/conexmetals.com\/wp-content\/uploads\/2024\/12\/Bare-Copper-Tape.webp","width":350,"height":350},{"@type":"BreadcrumbList","@id":"https:\/\/conexmetals.com\/es\/producto\/cinta-de-puesta-a-tierra-de-cobre-sin-recubrimiento\/#breadcrumb","itemListElement":[{"@type":"ListItem","position":1,"name":"Home","item":"https:\/\/conexmetals.com\/es\/hogar\/"},{"@type":"ListItem","position":2,"name":"Products","item":"https:\/\/conexmetals.com\/products\/"},{"@type":"ListItem","position":3,"name":"Cinta de puesta a tierra de cobre (sin recubrimiento)"}]},{"@type":"WebSite","@id":"https:\/\/conexmetals.com\/es\/#website","url":"https:\/\/conexmetals.com\/es\/","name":"Conex Metals Brass Fittings Brass Parts Copper Parts Brass Components Brass Plumbing Fittings India","description":"Manufacturer of Bronze Fittings casting Copper Brass parts components","publisher":{"@id":"https:\/\/conexmetals.com\/es\/#organization"},"potentialAction":[{"@type":"SearchAction","target":{"@type":"EntryPoint","urlTemplate":"https:\/\/conexmetals.com\/es\/?s={search_term_string}"},"query-input":{"@type":"PropertyValueSpecification","valueRequired":true,"valueName":"search_term_string"}}],"inLanguage":"es"},{"@type":"Organization","@id":"https:\/\/conexmetals.com\/es\/#organization","name":"Conex Metals Brass Fittings Brass Parts Copper Parts Brass Components Brass Plumbing Fittings India","url":"https:\/\/conexmetals.com\/es\/","logo":{"@type":"ImageObject","inLanguage":"es","@id":"https:\/\/conexmetals.com\/es\/#\/schema\/logo\/image\/","url":"https:\/\/conexmetals.com\/wp-content\/uploads\/2024\/03\/conex-metals-logo.webp","contentUrl":"https:\/\/conexmetals.com\/wp-content\/uploads\/2024\/03\/conex-metals-logo.webp","width":300,"height":121,"caption":"Conex Metals Brass Fittings Brass Parts Copper Parts Brass Components Brass Plumbing Fittings India"},"image":{"@id":"https:\/\/conexmetals.com\/es\/#\/schema\/logo\/image\/"},"sameAs":["https:\/\/www.facebook.com\/conexbrass","https:\/\/x.com\/conexindia","https:\/\/www.linkedin.com\/company\/conex-metals-india\/","https:\/\/www.instagram.com\/conexindia\/"]}]}},"_links":{"self":[{"href":"https:\/\/conexmetals.com\/es\/wp-json\/wp\/v2\/product\/12402","targetHints":{"allow":["GET"]}}],"collection":[{"href":"https:\/\/conexmetals.com\/es\/wp-json\/wp\/v2\/product"}],"about":[{"href":"https:\/\/conexmetals.com\/es\/wp-json\/wp\/v2\/types\/product"}],"wp:featuredmedia":[{"embeddable":true,"href":"https:\/\/conexmetals.com\/es\/wp-json\/wp\/v2\/media\/12394"}],"wp:attachment":[{"href":"https:\/\/conexmetals.com\/es\/wp-json\/wp\/v2\/media?parent=12402"}],"wp:term":[{"taxonomy":"product_brand","embeddable":true,"href":"https:\/\/conexmetals.com\/es\/wp-json\/wp\/v2\/product_brand?post=12402"},{"taxonomy":"product_cat","embeddable":true,"href":"https:\/\/conexmetals.com\/es\/wp-json\/wp\/v2\/product_cat?post=12402"},{"taxonomy":"product_tag","embeddable":true,"href":"https:\/\/conexmetals.com\/es\/wp-json\/wp\/v2\/product_tag?post=12402"}],"curies":[{"name":"wp","href":"https:\/\/api.w.org\/{rel}","templated":true}]}}