{"id":12417,"date":"2023-08-18T10:29:06","date_gmt":"2023-08-18T04:59:06","guid":{"rendered":"https:\/\/conexmetals.com\/?post_type=product&#038;p=12417"},"modified":"2024-12-31T17:25:40","modified_gmt":"2024-12-31T11:55:40","slug":"clips-para-cinta-dc","status":"publish","type":"product","link":"https:\/\/conexmetals.com\/es\/producto\/clips-para-cinta-dc\/","title":{"rendered":"Clips para cinta DC"},"content":{"rendered":"","protected":false},"excerpt":{"rendered":"<table id=\"tablepress-334\" class=\"tablepress tablepress-id-334\">\n<caption>\u00a0<\/caption>\n<thead>\n<tr class=\"row-1 odd\">\n<th class=\"column-1\" colspan=\"5\"><strong><span>Clips de cinta de CC<\/span><\/strong><\/th>\n<th class=\"column-6\"><\/th>\n<\/tr>\n<\/thead>\n<tbody class=\"row-hover\">\n<tr class=\"row-2 even\">\n<td class=\"column-1\"><strong><span>\u00a0Tama\u00f1o del conductor mm<\/span><\/strong><\/td>\n<td class=\"column-2\"><strong><span>Material conductor<\/span><\/strong><\/td>\n<td class=\"column-3\"><strong><span>Largo mm\u00a0\u00a0<\/span><\/strong><\/td>\n<td class=\"column-4\"><strong><span>Ancho mm\u00a0\u00a0\u00a0<\/span><\/strong><\/td>\n<td class=\"column-5\"><strong><span>Mmm\u00a0<\/span><\/strong><\/td>\n<td class=\"column-6\"><\/td>\n<\/tr>\n<tr class=\"row-3 odd\">\n<td class=\"column-1\"><span>25 x 3<\/span><\/td>\n<td class=\"column-2\"><span>Goma de metal<\/span><\/td>\n<td class=\"column-3\"><span>50<\/span><\/td>\n<td class=\"column-4\"><span>20<\/span><\/td>\n<td class=\"column-5\"><span>10<\/span><\/td>\n<td class=\"column-6\"><\/td>\n<\/tr>\n<tr class=\"row-4 even\">\n<td class=\"column-1\"><span>25 x 6<\/span><\/td>\n<td class=\"column-2\"><span>Goma de metal<\/span><\/td>\n<td class=\"column-3\"><span>50<\/span><\/td>\n<td class=\"column-4\"><span>20<\/span><\/td>\n<td class=\"column-5\"><span>12<\/span><\/td>\n<td class=\"column-6\"><\/td>\n<\/tr>\n<tr class=\"row-5 odd\">\n<td class=\"column-1\"><span>31 x 3<\/span><\/td>\n<td class=\"column-2\"><span>Goma de metal<\/span><\/td>\n<td class=\"column-3\"><span>60<\/span><\/td>\n<td class=\"column-4\"><span>20<\/span><\/td>\n<td class=\"column-5\"><span>10<\/span><\/td>\n<td class=\"column-6\"><\/td>\n<\/tr>\n<tr class=\"row-6 even\">\n<td class=\"column-1\"><span>31 x 6<\/span><\/td>\n<td class=\"column-2\"><span>Goma de metal<\/span><\/td>\n<td class=\"column-3\"><span>60<\/span><\/td>\n<td class=\"column-4\"><span>20<\/span><\/td>\n<td class=\"column-5\"><span>12<\/span><\/td>\n<td class=\"column-6\"><\/td>\n<\/tr>\n<tr class=\"row-7 odd\">\n<td class=\"column-1\"><span>38 x 3<\/span><\/td>\n<td class=\"column-2\"><span>Goma de metal<\/span><\/td>\n<td class=\"column-3\"><span>64<\/span><\/td>\n<td class=\"column-4\"><span>20<\/span><\/td>\n<td class=\"column-5\"><span>10<\/span><\/td>\n<td class=\"column-6\"><\/td>\n<\/tr>\n<tr class=\"row-8 even\">\n<td class=\"column-1\"><span>38 x 6<\/span><\/td>\n<td class=\"column-2\"><span>Goma de metal<\/span><\/td>\n<td class=\"column-3\"><span>64<\/span><\/td>\n<td class=\"column-4\"><span>20<\/span><\/td>\n<td class=\"column-5\"><span>12<\/span><\/td>\n<td class=\"column-6\"><\/td>\n<\/tr>\n<tr class=\"row-9 odd\">\n<td class=\"column-1\"><span>40 x 4<\/span><\/td>\n<td class=\"column-2\"><span>Goma de metal<\/span><\/td>\n<td class=\"column-3\"><\/td>\n<td class=\"column-4\"><\/td>\n<td class=\"column-5\"><\/td>\n<td class=\"column-6\"><\/td>\n<\/tr>\n<tr class=\"row-10 even\">\n<td class=\"column-1\"><span>40 x 6<\/span><\/td>\n<td class=\"column-2\"><span>Goma de metal<\/span><\/td>\n<td class=\"column-3\"><\/td>\n<td class=\"column-4\"><\/td>\n<td class=\"column-5\"><\/td>\n<td class=\"column-6\"><\/td>\n<\/tr>\n<tr class=\"row-11 odd\">\n<td class=\"column-1\"><span>50&#215;3<\/span><\/td>\n<td class=\"column-2\"><span>Goma de metal<\/span><\/td>\n<td class=\"column-3\"><span>80<\/span><\/td>\n<td class=\"column-4\"><span>20<\/span><\/td>\n<td class=\"column-5\"><\/td>\n<td class=\"column-6\"><\/td>\n<\/tr>\n<tr class=\"row-12 even\">\n<td class=\"column-1\"><span>50 x 6<\/span><\/td>\n<td class=\"column-2\"><span>Goma de metal<\/span><\/td>\n<td class=\"column-3\"><span>80<\/span><\/td>\n<td class=\"column-4\"><span>20<\/span><\/td>\n<td class=\"column-5\"><\/td>\n<td class=\"column-6\"><\/td>\n<\/tr>\n<tr class=\"row-13 odd\">\n<td class=\"column-1\"><\/td>\n<td class=\"column-2\"><\/td>\n<td class=\"column-3\"><\/td>\n<td class=\"column-4\"><\/td>\n<td class=\"column-5\"><\/td>\n<td class=\"column-6\"><\/td>\n<\/tr>\n<tr class=\"row-14 even\">\n<td class=\"column-1\"><span>25 x 3<\/span><\/td>\n<td class=\"column-2\"><span>Aluminio<\/span><\/td>\n<td class=\"column-3\"><span>56<\/span><\/td>\n<td class=\"column-4\"><span>20<\/span><\/td>\n<td class=\"column-5\"><span>14<\/span><\/td>\n<td class=\"column-6\"><\/td>\n<\/tr>\n<tr class=\"row-15 odd\">\n<td class=\"column-1\"><span>25 x 6<\/span><\/td>\n<td class=\"column-2\"><span>Aluminio<\/span><\/td>\n<td class=\"column-3\"><span>58<\/span><\/td>\n<td class=\"column-4\"><span>20<\/span><\/td>\n<td class=\"column-5\"><span>18<\/span><\/td>\n<td class=\"column-6\"><\/td>\n<\/tr>\n<tr class=\"row-16 even\">\n<td class=\"column-1\"><span>31 x 3<\/span><\/td>\n<td class=\"column-2\"><span>Aluminio<\/span><\/td>\n<td class=\"column-3\"><\/td>\n<td class=\"column-4\"><\/td>\n<td class=\"column-5\"><\/td>\n<td class=\"column-6\"><\/td>\n<\/tr>\n<tr class=\"row-17 odd\">\n<td class=\"column-1\"><span>31 x 6<\/span><\/td>\n<td class=\"column-2\"><span>Aluminio<\/span><\/td>\n<td class=\"column-3\"><\/td>\n<td class=\"column-4\"><\/td>\n<td class=\"column-5\"><\/td>\n<td class=\"column-6\"><\/td>\n<\/tr>\n<tr class=\"row-18 even\">\n<td class=\"column-1\"><span>38 x 3<\/span><\/td>\n<td class=\"column-2\"><span>Aluminio<\/span><\/td>\n<td class=\"column-3\"><\/td>\n<td class=\"column-4\"><\/td>\n<td class=\"column-5\"><\/td>\n<td class=\"column-6\"><\/td>\n<\/tr>\n<tr class=\"row-19 odd\">\n<td class=\"column-1\"><span>38 x 6<\/span><\/td>\n<td class=\"column-2\"><span>Aluminio<\/span><\/td>\n<td class=\"column-3\"><\/td>\n<td class=\"column-4\"><\/td>\n<td class=\"column-5\"><\/td>\n<td class=\"column-6\"><\/td>\n<\/tr>\n<tr class=\"row-20 even\">\n<td class=\"column-1\"><span>40 x 4<\/span><\/td>\n<td class=\"column-2\"><span>Aluminio<\/span><\/td>\n<td class=\"column-3\"><\/td>\n<td class=\"column-4\"><\/td>\n<td class=\"column-5\"><\/td>\n<td class=\"column-6\"><\/td>\n<\/tr>\n<tr class=\"row-21 odd\">\n<td class=\"column-1\"><span>40 x 6<\/span><\/td>\n<td class=\"column-2\"><span>Aluminio<\/span><\/td>\n<td class=\"column-3\"><\/td>\n<td class=\"column-4\"><\/td>\n<td class=\"column-5\"><\/td>\n<td class=\"column-6\"><\/td>\n<\/tr>\n<tr class=\"row-22 even\">\n<td class=\"column-1\"><span>50&#215;3<\/span><\/td>\n<td class=\"column-2\"><span>Aluminio<\/span><\/td>\n<td class=\"column-3\"><\/td>\n<td class=\"column-4\"><\/td>\n<td class=\"column-5\"><\/td>\n<td class=\"column-6\"><\/td>\n<\/tr>\n<tr class=\"row-23 odd\">\n<td class=\"column-1\"><span>50 x 6<\/span><\/td>\n<td class=\"column-2\"><span>Aluminio<\/span><\/td>\n<td class=\"column-3\"><span>91<\/span><\/td>\n<td class=\"column-4\"><span>20<\/span><\/td>\n<td class=\"column-5\"><span>19<\/span><\/td>\n<td class=\"column-6\"><\/td>\n<\/tr>\n<tr class=\"row-24 even\">\n<td class=\"column-1\"><\/td>\n<td class=\"column-2\"><\/td>\n<td class=\"column-3\"><\/td>\n<td class=\"column-4\"><\/td>\n<td class=\"column-5\"><\/td>\n<td class=\"column-6\"><\/td>\n<\/tr>\n<tr class=\"row-25 odd\">\n<td class=\"column-1\"><span>25 x 3<\/span><\/td>\n<td class=\"column-2\"><span>Lat\u00f3n<\/span><\/td>\n<td class=\"column-3\"><span>77<\/span><\/td>\n<td class=\"column-4\"><span>27<\/span><\/td>\n<td class=\"column-5\"><span>25<\/span><\/td>\n<td class=\"column-6\"><\/td>\n<\/tr>\n<tr class=\"row-26 even\">\n<td class=\"column-1\"><span>25 x 6<\/span><\/td>\n<td class=\"column-2\"><span>Lat\u00f3n<\/span><\/td>\n<td class=\"column-3\"><\/td>\n<td class=\"column-4\"><\/td>\n<td class=\"column-5\"><\/td>\n<td class=\"column-6\"><\/td>\n<\/tr>\n<tr class=\"row-27 odd\">\n<td class=\"column-1\"><span>31 x 3<\/span><\/td>\n<td class=\"column-2\"><span>Lat\u00f3n<\/span><\/td>\n<td class=\"column-3\"><\/td>\n<td class=\"column-4\"><\/td>\n<td class=\"column-5\"><\/td>\n<td class=\"column-6\"><\/td>\n<\/tr>\n<tr class=\"row-28 even\">\n<td class=\"column-1\"><span>31 x 6<\/span><\/td>\n<td class=\"column-2\"><span>Lat\u00f3n<\/span><\/td>\n<td class=\"column-3\"><\/td>\n<td class=\"column-4\"><\/td>\n<td class=\"column-5\"><\/td>\n<td class=\"column-6\"><\/td>\n<\/tr>\n<tr class=\"row-29 odd\">\n<td class=\"column-1\"><span>38 x 3<\/span><\/td>\n<td class=\"column-2\"><span>Lat\u00f3n<\/span><\/td>\n<td class=\"column-3\"><\/td>\n<td class=\"column-4\"><\/td>\n<td class=\"column-5\"><\/td>\n<td class=\"column-6\"><\/td>\n<\/tr>\n<tr class=\"row-30 even\">\n<td class=\"column-1\"><span>38 x 6<\/span><\/td>\n<td class=\"column-2\"><span>Lat\u00f3n<\/span><\/td>\n<td class=\"column-3\"><\/td>\n<td class=\"column-4\"><\/td>\n<td class=\"column-5\"><\/td>\n<td class=\"column-6\"><\/td>\n<\/tr>\n<tr class=\"row-31 odd\">\n<td class=\"column-1\"><span>40 x 4<\/span><\/td>\n<td class=\"column-2\"><span>Lat\u00f3n<\/span><\/td>\n<td class=\"column-3\"><\/td>\n<td class=\"column-4\"><\/td>\n<td class=\"column-5\"><\/td>\n<td class=\"column-6\"><\/td>\n<\/tr>\n<tr class=\"row-32 even\">\n<td class=\"column-1\"><span>40 x 6<\/span><\/td>\n<td class=\"column-2\"><span>Lat\u00f3n<\/span><\/td>\n<td class=\"column-3\"><\/td>\n<td class=\"column-4\"><\/td>\n<td class=\"column-5\"><\/td>\n<td class=\"column-6\"><\/td>\n<\/tr>\n<tr class=\"row-33 odd\">\n<td class=\"column-1\"><span>50&#215;3<\/span><\/td>\n<td class=\"column-2\"><span>Lat\u00f3n<\/span><\/td>\n<td class=\"column-3\"><\/td>\n<td class=\"column-4\"><\/td>\n<td class=\"column-5\"><\/td>\n<td class=\"column-6\"><\/td>\n<\/tr>\n<tr class=\"row-34 even\">\n<td class=\"column-1\"><span>50 x 6<\/span><\/td>\n<td class=\"column-2\"><span>Lat\u00f3n<\/span><\/td>\n<td class=\"column-3\"><\/td>\n<td class=\"column-4\"><\/td>\n<td class=\"column-5\"><\/td>\n<td class=\"column-6\"><\/td>\n<\/tr>\n<tr class=\"row-35 odd\">\n<td class=\"column-1\"><\/td>\n<td class=\"column-2\"><\/td>\n<td class=\"column-3\"><\/td>\n<td class=\"column-4\"><\/td>\n<td class=\"column-5\"><\/td>\n<td class=\"column-6\"><\/td>\n<\/tr>\n<tr class=\"row-36 even\">\n<td class=\"column-1\"><span>25 x 3<\/span><\/td>\n<td class=\"column-2\"><span>Cobre<\/span><\/td>\n<td class=\"column-3\"><\/td>\n<td class=\"column-4\"><\/td>\n<td class=\"column-5\"><\/td>\n<td class=\"column-6\"><\/td>\n<\/tr>\n<tr class=\"row-37 odd\">\n<td class=\"column-1\"><span>31 x 3<\/span><\/td>\n<td class=\"column-2\"><span>Cobre<\/span><\/td>\n<td class=\"column-3\"><\/td>\n<td class=\"column-4\"><\/td>\n<td class=\"column-5\"><\/td>\n<td class=\"column-6\"><\/td>\n<\/tr>\n<tr class=\"row-38 even\">\n<td class=\"column-1\"><span>50 x 6<\/span><\/td>\n<td class=\"column-2\"><span>Cobre<\/span><\/td>\n<td class=\"column-3\"><\/td>\n<td class=\"column-4\"><\/td>\n<td class=\"column-5\"><\/td>\n<td class=\"column-6\"><\/td>\n<\/tr>\n<\/tbody>\n<\/table>\n<p><img fetchpriority=\"high\" decoding=\"async\" class=\"size-medium wp-image-6700 alignright lazy loaded\" src=\"https:\/\/conexmetals.com\/wp-content\/uploads\/2023\/08\/DC-Tape-Clips-line-drawing-300x300.jpg\" alt=\"Dibujo lineal de clips de cinta DC\" width=\"300\" height=\"300\" data-src=\"https:\/\/conexmetals.com\/wp-content\/uploads\/2023\/08\/DC-Tape-Clips-line-drawing-300x300.jpg\" data-was-processed=\"true\" srcset=\"https:\/\/conexmetals.com\/wp-content\/uploads\/2023\/08\/DC-Tape-Clips-line-drawing-300x300.jpg 300w, https:\/\/conexmetals.com\/wp-content\/uploads\/2023\/08\/DC-Tape-Clips-line-drawing-150x150.jpg 150w, https:\/\/conexmetals.com\/wp-content\/uploads\/2023\/08\/DC-Tape-Clips-line-drawing-100x100.jpg 100w, https:\/\/conexmetals.com\/wp-content\/uploads\/2023\/08\/DC-Tape-Clips-line-drawing.jpg 355w\" sizes=\"(max-width: 300px) 100vw, 300px\" \/><span>Las abrazaderas de cinta de CC, tambi\u00e9n conocidas como abrazaderas de cinta de corriente continua o abrazaderas de cable, son peque\u00f1as abrazaderas de metal o pl\u00e1stico dise\u00f1adas para asegurar y fijar cables o cintas el\u00e9ctricas de CC (corriente continua) a una superficie fija. Se utilizan com\u00fanmente en instalaciones el\u00e9ctricas, tanto en interiores como en exteriores, para garantizar una gesti\u00f3n adecuada de los cables y evitar que estos queden sueltos o colgando.<\/span><\/p>\n<p><strong><span>Las principales caracter\u00edsticas y usos de los clips de cinta de CC incluyen:<\/span><\/strong><\/p>\n<ol>\n<li><strong><span>Sujeci\u00f3n de cables de CC:<\/span><\/strong><span>\u00a0las abrazaderas de cinta de CC se utilizan para sujetar los cables de alimentaci\u00f3n de CC o las cintas aisladoras de forma segura en su lugar. Evitan que los cables se muevan o se enreden, lo que puede ayudar a mantener un sistema el\u00e9ctrico ordenado y organizado.<\/span><\/li>\n<li><strong><span>Prevenci\u00f3n de da\u00f1os:<\/span><\/strong><span>\u00a0al asegurar los cables de CC, los clips ayudan a prevenir posibles da\u00f1os que pueden causar el movimiento del cable o la exposici\u00f3n a factores ambientales como el viento, la lluvia o las vibraciones.<\/span><\/li>\n<li><strong><span>F\u00e1cil instalaci\u00f3n:<\/span><\/strong><span>\u00a0Los clips de cinta de CC generalmente son f\u00e1ciles de instalar y se pueden fijar a varias superficies, como paredes, techos o estructuras de soporte, mediante tornillos, clavos o respaldo adhesivo.<\/span><\/li>\n<li><strong><span>Material:<\/span><\/strong><span>\u00a0Los clips de cinta de CC a menudo est\u00e1n hechos de metal, como acero o cobre, o de materiales pl\u00e1sticos duraderos, que brindan resistencia y fuerza a los factores ambientales.<\/span><\/li>\n<li><strong><span>Aplicaci\u00f3n:<\/span><\/strong><span>\u00a0Los clips de cinta de CC se utilizan en una variedad de aplicaciones, incluidos sistemas el\u00e9ctricos automotrices, instalaciones de energ\u00eda solar, bancos de bater\u00edas, sistemas el\u00e9ctricos marinos y otras configuraciones de distribuci\u00f3n de energ\u00eda de CC.<\/span><\/li>\n<\/ol>\n<p><span>Es importante elegir el tama\u00f1o y el tipo adecuados de clips de cinta de CC en funci\u00f3n del di\u00e1metro y el tipo de cables o cintas que se vayan a asegurar. El uso del tama\u00f1o adecuado garantiza un ajuste perfecto y una gesti\u00f3n eficaz de los cables. Adem\u00e1s, al instalar clips de cinta de CC, se debe tener cuidado de no da\u00f1ar el aislamiento o los conductores del cable, ya que esto podr\u00eda comprometer la integridad el\u00e9ctrica del sistema.<\/span><\/p>\n","protected":false},"featured_media":12413,"template":"","meta":[],"product_brand":[],"product_cat":[383],"product_tag":[],"class_list":{"0":"post-12417","1":"product","2":"type-product","3":"status-publish","4":"has-post-thumbnail","6":"product_cat-accesorios-de-conexion-a-tierra","8":"first","9":"instock","10":"shipping-taxable","11":"product-type-simple"},"yoast_head":"<!-- This site is optimized with the Yoast SEO plugin v27.3 - https:\/\/yoast.com\/product\/yoast-seo-wordpress\/ -->\n<title>Clips para cinta DC<\/title>\n<meta name=\"description\" content=\"Clips para cinta DC, clip para cinta de cobre, abrazadera de varilla de tierra a cable, abrazadera de tierra de cobre, abrazadera de conexi\u00f3n a tierra, clips para cinta DC de lat\u00f3n, abrazaderas para conductores, abrazaderas para cinta cuadrada, abrazaderas para protecci\u00f3n contra rayos, clips de cinta de aleaci\u00f3n de cobre, fabricante, exportador, proveedor, India.\" \/>\n<meta name=\"robots\" content=\"index, follow, max-snippet:-1, max-image-preview:large, max-video-preview:-1\" \/>\n<link rel=\"canonical\" href=\"https:\/\/conexmetals.com\/es\/producto\/clips-para-cinta-dc\/\" \/>\n<script type=\"application\/ld+json\" class=\"yoast-schema-graph\">{\"@context\":\"https:\\\/\\\/schema.org\",\"@graph\":[{\"@type\":\"WebPage\",\"@id\":\"https:\\\/\\\/conexmetals.com\\\/es\\\/producto\\\/clips-para-cinta-dc\\\/\",\"url\":\"https:\\\/\\\/conexmetals.com\\\/es\\\/producto\\\/clips-para-cinta-dc\\\/\",\"name\":\"Clips para cinta DC\",\"isPartOf\":{\"@id\":\"https:\\\/\\\/conexmetals.com\\\/es\\\/#website\"},\"primaryImageOfPage\":{\"@id\":\"https:\\\/\\\/conexmetals.com\\\/es\\\/producto\\\/clips-para-cinta-dc\\\/#primaryimage\"},\"image\":{\"@id\":\"https:\\\/\\\/conexmetals.com\\\/es\\\/producto\\\/clips-para-cinta-dc\\\/#primaryimage\"},\"thumbnailUrl\":\"https:\\\/\\\/conexmetals.com\\\/wp-content\\\/uploads\\\/2024\\\/12\\\/Clips-para-cinta-DC.webp\",\"datePublished\":\"2023-08-18T04:59:06+00:00\",\"dateModified\":\"2024-12-31T11:55:40+00:00\",\"description\":\"Clips para cinta DC, clip para cinta de cobre, abrazadera de varilla de tierra a cable, abrazadera de tierra de cobre, abrazadera de conexi\u00f3n a tierra, clips para cinta DC de lat\u00f3n, abrazaderas para conductores, abrazaderas para cinta cuadrada, abrazaderas para protecci\u00f3n contra rayos, clips de cinta de aleaci\u00f3n de cobre, fabricante, exportador, proveedor, India.\",\"breadcrumb\":{\"@id\":\"https:\\\/\\\/conexmetals.com\\\/es\\\/producto\\\/clips-para-cinta-dc\\\/#breadcrumb\"},\"inLanguage\":\"es\",\"potentialAction\":[{\"@type\":\"ReadAction\",\"target\":[\"https:\\\/\\\/conexmetals.com\\\/es\\\/producto\\\/clips-para-cinta-dc\\\/\"]}]},{\"@type\":\"ImageObject\",\"inLanguage\":\"es\",\"@id\":\"https:\\\/\\\/conexmetals.com\\\/es\\\/producto\\\/clips-para-cinta-dc\\\/#primaryimage\",\"url\":\"https:\\\/\\\/conexmetals.com\\\/wp-content\\\/uploads\\\/2024\\\/12\\\/Clips-para-cinta-DC.webp\",\"contentUrl\":\"https:\\\/\\\/conexmetals.com\\\/wp-content\\\/uploads\\\/2024\\\/12\\\/Clips-para-cinta-DC.webp\",\"width\":350,\"height\":350,\"caption\":\"Clips para cinta DC\"},{\"@type\":\"BreadcrumbList\",\"@id\":\"https:\\\/\\\/conexmetals.com\\\/es\\\/producto\\\/clips-para-cinta-dc\\\/#breadcrumb\",\"itemListElement\":[{\"@type\":\"ListItem\",\"position\":1,\"name\":\"Home\",\"item\":\"https:\\\/\\\/conexmetals.com\\\/es\\\/hogar\\\/\"},{\"@type\":\"ListItem\",\"position\":2,\"name\":\"Products\",\"item\":\"https:\\\/\\\/conexmetals.com\\\/products\\\/\"},{\"@type\":\"ListItem\",\"position\":3,\"name\":\"Clips para cinta DC\"}]},{\"@type\":\"WebSite\",\"@id\":\"https:\\\/\\\/conexmetals.com\\\/es\\\/#website\",\"url\":\"https:\\\/\\\/conexmetals.com\\\/es\\\/\",\"name\":\"Conex Metals Brass Fittings Brass Parts Copper Parts Brass Components Brass Plumbing Fittings India\",\"description\":\"Manufacturer of Bronze Fittings casting Copper Brass parts components\",\"publisher\":{\"@id\":\"https:\\\/\\\/conexmetals.com\\\/es\\\/#organization\"},\"potentialAction\":[{\"@type\":\"SearchAction\",\"target\":{\"@type\":\"EntryPoint\",\"urlTemplate\":\"https:\\\/\\\/conexmetals.com\\\/es\\\/?s={search_term_string}\"},\"query-input\":{\"@type\":\"PropertyValueSpecification\",\"valueRequired\":true,\"valueName\":\"search_term_string\"}}],\"inLanguage\":\"es\"},{\"@type\":\"Organization\",\"@id\":\"https:\\\/\\\/conexmetals.com\\\/es\\\/#organization\",\"name\":\"Conex Metals Brass Fittings Brass Parts Copper Parts Brass Components Brass Plumbing Fittings India\",\"url\":\"https:\\\/\\\/conexmetals.com\\\/es\\\/\",\"logo\":{\"@type\":\"ImageObject\",\"inLanguage\":\"es\",\"@id\":\"https:\\\/\\\/conexmetals.com\\\/es\\\/#\\\/schema\\\/logo\\\/image\\\/\",\"url\":\"https:\\\/\\\/conexmetals.com\\\/wp-content\\\/uploads\\\/2024\\\/03\\\/conex-metals-logo.webp\",\"contentUrl\":\"https:\\\/\\\/conexmetals.com\\\/wp-content\\\/uploads\\\/2024\\\/03\\\/conex-metals-logo.webp\",\"width\":300,\"height\":121,\"caption\":\"Conex Metals Brass Fittings Brass Parts Copper Parts Brass Components Brass Plumbing Fittings India\"},\"image\":{\"@id\":\"https:\\\/\\\/conexmetals.com\\\/es\\\/#\\\/schema\\\/logo\\\/image\\\/\"},\"sameAs\":[\"https:\\\/\\\/www.facebook.com\\\/conexbrass\",\"https:\\\/\\\/x.com\\\/conexindia\",\"https:\\\/\\\/www.linkedin.com\\\/company\\\/conex-metals-india\\\/\",\"https:\\\/\\\/www.instagram.com\\\/conexindia\\\/\"]}]}<\/script>\n<!-- \/ Yoast SEO plugin. -->","yoast_head_json":{"title":"Clips para cinta DC","description":"Clips para cinta DC, clip para cinta de cobre, abrazadera de varilla de tierra a cable, abrazadera de tierra de cobre, abrazadera de conexi\u00f3n a tierra, clips para cinta DC de lat\u00f3n, abrazaderas para conductores, abrazaderas para cinta cuadrada, abrazaderas para protecci\u00f3n contra rayos, clips de cinta de aleaci\u00f3n de cobre, fabricante, exportador, proveedor, India.","robots":{"index":"index","follow":"follow","max-snippet":"max-snippet:-1","max-image-preview":"max-image-preview:large","max-video-preview":"max-video-preview:-1"},"canonical":"https:\/\/conexmetals.com\/es\/producto\/clips-para-cinta-dc\/","schema":{"@context":"https:\/\/schema.org","@graph":[{"@type":"WebPage","@id":"https:\/\/conexmetals.com\/es\/producto\/clips-para-cinta-dc\/","url":"https:\/\/conexmetals.com\/es\/producto\/clips-para-cinta-dc\/","name":"Clips para cinta DC","isPartOf":{"@id":"https:\/\/conexmetals.com\/es\/#website"},"primaryImageOfPage":{"@id":"https:\/\/conexmetals.com\/es\/producto\/clips-para-cinta-dc\/#primaryimage"},"image":{"@id":"https:\/\/conexmetals.com\/es\/producto\/clips-para-cinta-dc\/#primaryimage"},"thumbnailUrl":"https:\/\/conexmetals.com\/wp-content\/uploads\/2024\/12\/Clips-para-cinta-DC.webp","datePublished":"2023-08-18T04:59:06+00:00","dateModified":"2024-12-31T11:55:40+00:00","description":"Clips para cinta DC, clip para cinta de cobre, abrazadera de varilla de tierra a cable, abrazadera de tierra de cobre, abrazadera de conexi\u00f3n a tierra, clips para cinta DC de lat\u00f3n, abrazaderas para conductores, abrazaderas para cinta cuadrada, abrazaderas para protecci\u00f3n contra rayos, clips de cinta de aleaci\u00f3n de cobre, fabricante, exportador, proveedor, India.","breadcrumb":{"@id":"https:\/\/conexmetals.com\/es\/producto\/clips-para-cinta-dc\/#breadcrumb"},"inLanguage":"es","potentialAction":[{"@type":"ReadAction","target":["https:\/\/conexmetals.com\/es\/producto\/clips-para-cinta-dc\/"]}]},{"@type":"ImageObject","inLanguage":"es","@id":"https:\/\/conexmetals.com\/es\/producto\/clips-para-cinta-dc\/#primaryimage","url":"https:\/\/conexmetals.com\/wp-content\/uploads\/2024\/12\/Clips-para-cinta-DC.webp","contentUrl":"https:\/\/conexmetals.com\/wp-content\/uploads\/2024\/12\/Clips-para-cinta-DC.webp","width":350,"height":350,"caption":"Clips para cinta DC"},{"@type":"BreadcrumbList","@id":"https:\/\/conexmetals.com\/es\/producto\/clips-para-cinta-dc\/#breadcrumb","itemListElement":[{"@type":"ListItem","position":1,"name":"Home","item":"https:\/\/conexmetals.com\/es\/hogar\/"},{"@type":"ListItem","position":2,"name":"Products","item":"https:\/\/conexmetals.com\/products\/"},{"@type":"ListItem","position":3,"name":"Clips para cinta DC"}]},{"@type":"WebSite","@id":"https:\/\/conexmetals.com\/es\/#website","url":"https:\/\/conexmetals.com\/es\/","name":"Conex Metals Brass Fittings Brass Parts Copper Parts Brass Components Brass Plumbing Fittings India","description":"Manufacturer of Bronze Fittings casting Copper Brass parts components","publisher":{"@id":"https:\/\/conexmetals.com\/es\/#organization"},"potentialAction":[{"@type":"SearchAction","target":{"@type":"EntryPoint","urlTemplate":"https:\/\/conexmetals.com\/es\/?s={search_term_string}"},"query-input":{"@type":"PropertyValueSpecification","valueRequired":true,"valueName":"search_term_string"}}],"inLanguage":"es"},{"@type":"Organization","@id":"https:\/\/conexmetals.com\/es\/#organization","name":"Conex Metals Brass Fittings Brass Parts Copper Parts Brass Components Brass Plumbing Fittings India","url":"https:\/\/conexmetals.com\/es\/","logo":{"@type":"ImageObject","inLanguage":"es","@id":"https:\/\/conexmetals.com\/es\/#\/schema\/logo\/image\/","url":"https:\/\/conexmetals.com\/wp-content\/uploads\/2024\/03\/conex-metals-logo.webp","contentUrl":"https:\/\/conexmetals.com\/wp-content\/uploads\/2024\/03\/conex-metals-logo.webp","width":300,"height":121,"caption":"Conex Metals Brass Fittings Brass Parts Copper Parts Brass Components Brass Plumbing Fittings India"},"image":{"@id":"https:\/\/conexmetals.com\/es\/#\/schema\/logo\/image\/"},"sameAs":["https:\/\/www.facebook.com\/conexbrass","https:\/\/x.com\/conexindia","https:\/\/www.linkedin.com\/company\/conex-metals-india\/","https:\/\/www.instagram.com\/conexindia\/"]}]}},"_links":{"self":[{"href":"https:\/\/conexmetals.com\/es\/wp-json\/wp\/v2\/product\/12417","targetHints":{"allow":["GET"]}}],"collection":[{"href":"https:\/\/conexmetals.com\/es\/wp-json\/wp\/v2\/product"}],"about":[{"href":"https:\/\/conexmetals.com\/es\/wp-json\/wp\/v2\/types\/product"}],"wp:featuredmedia":[{"embeddable":true,"href":"https:\/\/conexmetals.com\/es\/wp-json\/wp\/v2\/media\/12413"}],"wp:attachment":[{"href":"https:\/\/conexmetals.com\/es\/wp-json\/wp\/v2\/media?parent=12417"}],"wp:term":[{"taxonomy":"product_brand","embeddable":true,"href":"https:\/\/conexmetals.com\/es\/wp-json\/wp\/v2\/product_brand?post=12417"},{"taxonomy":"product_cat","embeddable":true,"href":"https:\/\/conexmetals.com\/es\/wp-json\/wp\/v2\/product_cat?post=12417"},{"taxonomy":"product_tag","embeddable":true,"href":"https:\/\/conexmetals.com\/es\/wp-json\/wp\/v2\/product_tag?post=12417"}],"curies":[{"name":"wp","href":"https:\/\/api.w.org\/{rel}","templated":true}]}}