{"id":12590,"date":"2023-08-18T10:35:20","date_gmt":"2023-08-18T05:05:20","guid":{"rendered":"https:\/\/conexmetals.com\/?post_type=product&#038;p=12590"},"modified":"2025-01-02T15:18:19","modified_gmt":"2025-01-02T09:48:19","slug":"puntos-de-tierra","status":"publish","type":"product","link":"https:\/\/conexmetals.com\/es\/producto\/puntos-de-tierra\/","title":{"rendered":"Puntos de tierra"},"content":{"rendered":"","protected":false},"excerpt":{"rendered":"<table id=\"tablepress-336\" class=\"tablepress tablepress-id-336\">\n<caption>\u00a0<\/caption>\n<thead>\n<tr class=\"row-1 odd\">\n<th class=\"column-1\" colspan=\"7\"><strong><span>Punto de la Tierra<\/span><\/strong><\/th>\n<\/tr>\n<\/thead>\n<tbody class=\"row-hover\">\n<tr class=\"row-2 even\">\n<td class=\"column-1\"><strong><span>N\u00famero de serie<\/span><\/strong><\/td>\n<td class=\"column-2\"><strong><span>N\u00famero de agujeros<\/span><\/strong><\/td>\n<td class=\"column-3\"><strong><span>Tama\u00f1o del agujero<\/span><\/strong><\/td>\n<td class=\"column-4\"><strong><span>Tama\u00f1o de la placa<\/span><\/strong><\/td>\n<td class=\"column-5\"><strong><span>\u00f8 del tallo<\/span><\/strong><\/td>\n<td class=\"column-6\"><strong><span>Longitud del enlace de tierra<\/span><\/strong><\/td>\n<td class=\"column-7\"><strong><span>Peso unitario<\/span><\/strong><\/td>\n<\/tr>\n<tr class=\"row-3 odd\">\n<td class=\"column-1\"><span>1<\/span><\/td>\n<td class=\"column-2\"><span>1<\/span><\/td>\n<td class=\"column-3\"><span>M10 x 20 mm<\/span><\/td>\n<td class=\"column-4\"><span>38 mm x 38 mm<\/span><\/td>\n<td class=\"column-5\"><span>10,7 mm (70 mm\u00b2)<\/span><\/td>\n<td class=\"column-6\"><span>75 mm<\/span><\/td>\n<td class=\"column-7\"><span>0,16 kilogramos<\/span><\/td>\n<\/tr>\n<tr class=\"row-4 even\">\n<td class=\"column-1\"><span>2<\/span><\/td>\n<td class=\"column-2\"><span>2<\/span><\/td>\n<td class=\"column-3\"><span>M10 x 20 mm<\/span><\/td>\n<td class=\"column-4\"><span>70 mm x 35 mm<\/span><\/td>\n<td class=\"column-5\"><span>10,7 mm (70 mm\u00b2)<\/span><\/td>\n<td class=\"column-6\"><span>75 mm<\/span><\/td>\n<td class=\"column-7\"><span>0,29 kilos<\/span><\/td>\n<\/tr>\n<tr class=\"row-5 odd\">\n<td class=\"column-1\"><span>3<\/span><\/td>\n<td class=\"column-2\"><span>4<\/span><\/td>\n<td class=\"column-3\"><span>M10 x 20 mm<\/span><\/td>\n<td class=\"column-4\"><span>65 mm x 65 mm<\/span><\/td>\n<td class=\"column-5\"><span>10,7 mm (70 mm\u00b2)<\/span><\/td>\n<td class=\"column-6\"><span>75 mm<\/span><\/td>\n<td class=\"column-7\"><span>0,54 kilos<\/span><\/td>\n<\/tr>\n<\/tbody>\n<\/table>\n<p><img fetchpriority=\"high\" decoding=\"async\" class=\"size-medium wp-image-6712 alignleft lazy loaded\" src=\"https:\/\/conexmetals.com\/wp-content\/uploads\/2023\/08\/earth-point-2-1-300x300.jpg\" alt=\"punto de tierra 2\" width=\"300\" height=\"300\" data-src=\"https:\/\/conexmetals.com\/wp-content\/uploads\/2023\/08\/earth-point-2-1-300x300.jpg\" data-was-processed=\"true\" srcset=\"https:\/\/conexmetals.com\/wp-content\/uploads\/2023\/08\/earth-point-2-1-300x300.jpg 300w, https:\/\/conexmetals.com\/wp-content\/uploads\/2023\/08\/earth-point-2-1-150x150.jpg 150w, https:\/\/conexmetals.com\/wp-content\/uploads\/2023\/08\/earth-point-2-1-100x100.jpg 100w, https:\/\/conexmetals.com\/wp-content\/uploads\/2023\/08\/earth-point-2-1.jpg 350w\" sizes=\"(max-width: 300px) 100vw, 300px\" \/><span>Los puntos de tierra, tambi\u00e9n conocidos como puntos de puesta a tierra o puntos de puesta a tierra, son ubicaciones espec\u00edficas en un sistema el\u00e9ctrico o electr\u00f3nico donde se establece una conexi\u00f3n confiable con la Tierra para garantizar la seguridad el\u00e9ctrica y proteger contra peligros el\u00e9ctricos. Los puntos de tierra son una parte integral de los sistemas de puesta a tierra y puesta a tierra, que desempe\u00f1an un papel crucial en el mantenimiento de la seguridad el\u00e9ctrica y la prevenci\u00f3n de fallas el\u00e9ctricas.<\/span><\/p>\n<p><span>Las caracter\u00edsticas y usos clave de los puntos de tierra incluyen:<\/span><\/p>\n<ol>\n<li><span>Seguridad: Los puntos de tierra proporcionan una ruta de baja resistencia para que las corrientes de falla fluyan hacia la Tierra, lo que garantiza que el equipo el\u00e9ctrico y las superficies conductoras permanezcan al mismo potencial, reduciendo el riesgo de descarga el\u00e9ctrica.<\/span><\/li>\n<li><span>Electrodos de puesta a tierra: Los puntos de tierra est\u00e1n conectados a electrodos de puesta a tierra, como varillas de tierra, placas de tierra o rejillas de puesta a tierra, que se entierran en el suelo para crear un sistema de puesta a tierra s\u00f3lido.<\/span><\/li>\n<li><span>Sistemas el\u00e9ctricos: Los puntos de tierra se utilizan en varios sistemas el\u00e9ctricos, incluidos sistemas de distribuci\u00f3n de energ\u00eda, paneles el\u00e9ctricos, subestaciones, gabinetes de equipos y circuitos electr\u00f3nicos.<\/span><\/li>\n<li><span>Protecci\u00f3n contra rayos: En los sistemas de protecci\u00f3n contra rayos se utilizan puntos de tierra para dispersar de forma segura las corrientes de los rayos en el suelo, evitando da\u00f1os a edificios y estructuras.<\/span><\/li>\n<li><span>Uni\u00f3n y ecualizaci\u00f3n: Los puntos de tierra se utilizan para unir y ecualizar diferentes componentes met\u00e1licos, garantizando que permanezcan en el mismo potencial el\u00e9ctrico para evitar diferencias de potencial.<\/span><\/li>\n<li><span>Sistemas de telecomunicaciones y datos: En las instalaciones de telecomunicaciones y datos se utilizan puntos de tierra para proporcionar una tierra de referencia y reducir el riesgo de interferencia electromagn\u00e9tica.<\/span><\/li>\n<li><span>Instalaci\u00f3n adecuada: La eficacia de los puntos de tierra depende de una instalaci\u00f3n adecuada, incluido el uso de electrodos y conductores de conexi\u00f3n a tierra adecuados, conexiones adecuadas y el cumplimiento de los c\u00f3digos y regulaciones el\u00e9ctricas.<\/span><\/li>\n<li><span>Inspecci\u00f3n y mantenimiento: La inspecci\u00f3n y el mantenimiento regulares de los puntos de tierra son esenciales para garantizar su eficacia continua y la seguridad el\u00e9ctrica.<\/span><\/li>\n<\/ol>\n<p><span>Los puntos de conexi\u00f3n a tierra se establecen en lugares estrat\u00e9gicos para optimizar la eficiencia del sistema de conexi\u00f3n a tierra y proporcionar una conexi\u00f3n el\u00e9ctrica s\u00f3lida con la Tierra. La cantidad y la ubicaci\u00f3n de los puntos de conexi\u00f3n a tierra dependen de la aplicaci\u00f3n espec\u00edfica, el tama\u00f1o de la instalaci\u00f3n, el nivel de seguridad el\u00e9ctrica requerido y los c\u00f3digos y est\u00e1ndares el\u00e9ctricos locales.<\/span><\/p>\n","protected":false},"featured_media":12513,"template":"","meta":[],"product_brand":[],"product_cat":[383],"product_tag":[],"class_list":{"0":"post-12590","1":"product","2":"type-product","3":"status-publish","4":"has-post-thumbnail","6":"product_cat-accesorios-de-conexion-a-tierra","8":"first","9":"instock","10":"shipping-taxable","11":"product-type-simple"},"yoast_head":"<!-- This site is optimized with the Yoast SEO plugin v27.3 - https:\/\/yoast.com\/product\/yoast-seo-wordpress\/ -->\n<title>Puntos de tierra<\/title>\n<meta name=\"description\" content=\"Descubra los Puntos de Tierra, Abrazaderas de Tierra y Varillas de Tierra de Conex Metals. Nuestras abrazaderas de conexi\u00f3n a tierra y cables de conexi\u00f3n a tierra garantizan puntos de conexi\u00f3n a tierra seguros. Fabricante, exportador y proveedor confiable de la India.\" \/>\n<meta name=\"robots\" content=\"index, follow, max-snippet:-1, max-image-preview:large, max-video-preview:-1\" \/>\n<link rel=\"canonical\" href=\"https:\/\/conexmetals.com\/es\/producto\/puntos-de-tierra\/\" \/>\n<script type=\"application\/ld+json\" class=\"yoast-schema-graph\">{\"@context\":\"https:\\\/\\\/schema.org\",\"@graph\":[{\"@type\":\"WebPage\",\"@id\":\"https:\\\/\\\/conexmetals.com\\\/es\\\/producto\\\/puntos-de-tierra\\\/\",\"url\":\"https:\\\/\\\/conexmetals.com\\\/es\\\/producto\\\/puntos-de-tierra\\\/\",\"name\":\"Puntos de tierra\",\"isPartOf\":{\"@id\":\"https:\\\/\\\/conexmetals.com\\\/es\\\/#website\"},\"primaryImageOfPage\":{\"@id\":\"https:\\\/\\\/conexmetals.com\\\/es\\\/producto\\\/puntos-de-tierra\\\/#primaryimage\"},\"image\":{\"@id\":\"https:\\\/\\\/conexmetals.com\\\/es\\\/producto\\\/puntos-de-tierra\\\/#primaryimage\"},\"thumbnailUrl\":\"https:\\\/\\\/conexmetals.com\\\/wp-content\\\/uploads\\\/2025\\\/01\\\/Puntos-de-tierra.webp\",\"datePublished\":\"2023-08-18T05:05:20+00:00\",\"dateModified\":\"2025-01-02T09:48:19+00:00\",\"description\":\"Descubra los Puntos de Tierra, Abrazaderas de Tierra y Varillas de Tierra de Conex Metals. Nuestras abrazaderas de conexi\u00f3n a tierra y cables de conexi\u00f3n a tierra garantizan puntos de conexi\u00f3n a tierra seguros. Fabricante, exportador y proveedor confiable de la India.\",\"breadcrumb\":{\"@id\":\"https:\\\/\\\/conexmetals.com\\\/es\\\/producto\\\/puntos-de-tierra\\\/#breadcrumb\"},\"inLanguage\":\"es\",\"potentialAction\":[{\"@type\":\"ReadAction\",\"target\":[\"https:\\\/\\\/conexmetals.com\\\/es\\\/producto\\\/puntos-de-tierra\\\/\"]}]},{\"@type\":\"ImageObject\",\"inLanguage\":\"es\",\"@id\":\"https:\\\/\\\/conexmetals.com\\\/es\\\/producto\\\/puntos-de-tierra\\\/#primaryimage\",\"url\":\"https:\\\/\\\/conexmetals.com\\\/wp-content\\\/uploads\\\/2025\\\/01\\\/Puntos-de-tierra.webp\",\"contentUrl\":\"https:\\\/\\\/conexmetals.com\\\/wp-content\\\/uploads\\\/2025\\\/01\\\/Puntos-de-tierra.webp\",\"width\":350,\"height\":350,\"caption\":\"Puntos de tierra\"},{\"@type\":\"BreadcrumbList\",\"@id\":\"https:\\\/\\\/conexmetals.com\\\/es\\\/producto\\\/puntos-de-tierra\\\/#breadcrumb\",\"itemListElement\":[{\"@type\":\"ListItem\",\"position\":1,\"name\":\"Home\",\"item\":\"https:\\\/\\\/conexmetals.com\\\/es\\\/hogar\\\/\"},{\"@type\":\"ListItem\",\"position\":2,\"name\":\"Products\",\"item\":\"https:\\\/\\\/conexmetals.com\\\/products\\\/\"},{\"@type\":\"ListItem\",\"position\":3,\"name\":\"Puntos de tierra\"}]},{\"@type\":\"WebSite\",\"@id\":\"https:\\\/\\\/conexmetals.com\\\/es\\\/#website\",\"url\":\"https:\\\/\\\/conexmetals.com\\\/es\\\/\",\"name\":\"Conex Metals Brass Fittings Brass Parts Copper Parts Brass Components Brass Plumbing Fittings India\",\"description\":\"Manufacturer of Bronze Fittings casting Copper Brass parts components\",\"publisher\":{\"@id\":\"https:\\\/\\\/conexmetals.com\\\/es\\\/#organization\"},\"potentialAction\":[{\"@type\":\"SearchAction\",\"target\":{\"@type\":\"EntryPoint\",\"urlTemplate\":\"https:\\\/\\\/conexmetals.com\\\/es\\\/?s={search_term_string}\"},\"query-input\":{\"@type\":\"PropertyValueSpecification\",\"valueRequired\":true,\"valueName\":\"search_term_string\"}}],\"inLanguage\":\"es\"},{\"@type\":\"Organization\",\"@id\":\"https:\\\/\\\/conexmetals.com\\\/es\\\/#organization\",\"name\":\"Conex Metals Brass Fittings Brass Parts Copper Parts Brass Components Brass Plumbing Fittings India\",\"url\":\"https:\\\/\\\/conexmetals.com\\\/es\\\/\",\"logo\":{\"@type\":\"ImageObject\",\"inLanguage\":\"es\",\"@id\":\"https:\\\/\\\/conexmetals.com\\\/es\\\/#\\\/schema\\\/logo\\\/image\\\/\",\"url\":\"https:\\\/\\\/conexmetals.com\\\/wp-content\\\/uploads\\\/2024\\\/03\\\/conex-metals-logo.webp\",\"contentUrl\":\"https:\\\/\\\/conexmetals.com\\\/wp-content\\\/uploads\\\/2024\\\/03\\\/conex-metals-logo.webp\",\"width\":300,\"height\":121,\"caption\":\"Conex Metals Brass Fittings Brass Parts Copper Parts Brass Components Brass Plumbing Fittings India\"},\"image\":{\"@id\":\"https:\\\/\\\/conexmetals.com\\\/es\\\/#\\\/schema\\\/logo\\\/image\\\/\"},\"sameAs\":[\"https:\\\/\\\/www.facebook.com\\\/conexbrass\",\"https:\\\/\\\/x.com\\\/conexindia\",\"https:\\\/\\\/www.linkedin.com\\\/company\\\/conex-metals-india\\\/\",\"https:\\\/\\\/www.instagram.com\\\/conexindia\\\/\"]}]}<\/script>\n<!-- \/ Yoast SEO plugin. -->","yoast_head_json":{"title":"Puntos de tierra","description":"Descubra los Puntos de Tierra, Abrazaderas de Tierra y Varillas de Tierra de Conex Metals. Nuestras abrazaderas de conexi\u00f3n a tierra y cables de conexi\u00f3n a tierra garantizan puntos de conexi\u00f3n a tierra seguros. Fabricante, exportador y proveedor confiable de la India.","robots":{"index":"index","follow":"follow","max-snippet":"max-snippet:-1","max-image-preview":"max-image-preview:large","max-video-preview":"max-video-preview:-1"},"canonical":"https:\/\/conexmetals.com\/es\/producto\/puntos-de-tierra\/","schema":{"@context":"https:\/\/schema.org","@graph":[{"@type":"WebPage","@id":"https:\/\/conexmetals.com\/es\/producto\/puntos-de-tierra\/","url":"https:\/\/conexmetals.com\/es\/producto\/puntos-de-tierra\/","name":"Puntos de tierra","isPartOf":{"@id":"https:\/\/conexmetals.com\/es\/#website"},"primaryImageOfPage":{"@id":"https:\/\/conexmetals.com\/es\/producto\/puntos-de-tierra\/#primaryimage"},"image":{"@id":"https:\/\/conexmetals.com\/es\/producto\/puntos-de-tierra\/#primaryimage"},"thumbnailUrl":"https:\/\/conexmetals.com\/wp-content\/uploads\/2025\/01\/Puntos-de-tierra.webp","datePublished":"2023-08-18T05:05:20+00:00","dateModified":"2025-01-02T09:48:19+00:00","description":"Descubra los Puntos de Tierra, Abrazaderas de Tierra y Varillas de Tierra de Conex Metals. Nuestras abrazaderas de conexi\u00f3n a tierra y cables de conexi\u00f3n a tierra garantizan puntos de conexi\u00f3n a tierra seguros. Fabricante, exportador y proveedor confiable de la India.","breadcrumb":{"@id":"https:\/\/conexmetals.com\/es\/producto\/puntos-de-tierra\/#breadcrumb"},"inLanguage":"es","potentialAction":[{"@type":"ReadAction","target":["https:\/\/conexmetals.com\/es\/producto\/puntos-de-tierra\/"]}]},{"@type":"ImageObject","inLanguage":"es","@id":"https:\/\/conexmetals.com\/es\/producto\/puntos-de-tierra\/#primaryimage","url":"https:\/\/conexmetals.com\/wp-content\/uploads\/2025\/01\/Puntos-de-tierra.webp","contentUrl":"https:\/\/conexmetals.com\/wp-content\/uploads\/2025\/01\/Puntos-de-tierra.webp","width":350,"height":350,"caption":"Puntos de tierra"},{"@type":"BreadcrumbList","@id":"https:\/\/conexmetals.com\/es\/producto\/puntos-de-tierra\/#breadcrumb","itemListElement":[{"@type":"ListItem","position":1,"name":"Home","item":"https:\/\/conexmetals.com\/es\/hogar\/"},{"@type":"ListItem","position":2,"name":"Products","item":"https:\/\/conexmetals.com\/products\/"},{"@type":"ListItem","position":3,"name":"Puntos de tierra"}]},{"@type":"WebSite","@id":"https:\/\/conexmetals.com\/es\/#website","url":"https:\/\/conexmetals.com\/es\/","name":"Conex Metals Brass Fittings Brass Parts Copper Parts Brass Components Brass Plumbing Fittings India","description":"Manufacturer of Bronze Fittings casting Copper Brass parts components","publisher":{"@id":"https:\/\/conexmetals.com\/es\/#organization"},"potentialAction":[{"@type":"SearchAction","target":{"@type":"EntryPoint","urlTemplate":"https:\/\/conexmetals.com\/es\/?s={search_term_string}"},"query-input":{"@type":"PropertyValueSpecification","valueRequired":true,"valueName":"search_term_string"}}],"inLanguage":"es"},{"@type":"Organization","@id":"https:\/\/conexmetals.com\/es\/#organization","name":"Conex Metals Brass Fittings Brass Parts Copper Parts Brass Components Brass Plumbing Fittings India","url":"https:\/\/conexmetals.com\/es\/","logo":{"@type":"ImageObject","inLanguage":"es","@id":"https:\/\/conexmetals.com\/es\/#\/schema\/logo\/image\/","url":"https:\/\/conexmetals.com\/wp-content\/uploads\/2024\/03\/conex-metals-logo.webp","contentUrl":"https:\/\/conexmetals.com\/wp-content\/uploads\/2024\/03\/conex-metals-logo.webp","width":300,"height":121,"caption":"Conex Metals Brass Fittings Brass Parts Copper Parts Brass Components Brass Plumbing Fittings India"},"image":{"@id":"https:\/\/conexmetals.com\/es\/#\/schema\/logo\/image\/"},"sameAs":["https:\/\/www.facebook.com\/conexbrass","https:\/\/x.com\/conexindia","https:\/\/www.linkedin.com\/company\/conex-metals-india\/","https:\/\/www.instagram.com\/conexindia\/"]}]}},"_links":{"self":[{"href":"https:\/\/conexmetals.com\/es\/wp-json\/wp\/v2\/product\/12590","targetHints":{"allow":["GET"]}}],"collection":[{"href":"https:\/\/conexmetals.com\/es\/wp-json\/wp\/v2\/product"}],"about":[{"href":"https:\/\/conexmetals.com\/es\/wp-json\/wp\/v2\/types\/product"}],"wp:featuredmedia":[{"embeddable":true,"href":"https:\/\/conexmetals.com\/es\/wp-json\/wp\/v2\/media\/12513"}],"wp:attachment":[{"href":"https:\/\/conexmetals.com\/es\/wp-json\/wp\/v2\/media?parent=12590"}],"wp:term":[{"taxonomy":"product_brand","embeddable":true,"href":"https:\/\/conexmetals.com\/es\/wp-json\/wp\/v2\/product_brand?post=12590"},{"taxonomy":"product_cat","embeddable":true,"href":"https:\/\/conexmetals.com\/es\/wp-json\/wp\/v2\/product_cat?post=12590"},{"taxonomy":"product_tag","embeddable":true,"href":"https:\/\/conexmetals.com\/es\/wp-json\/wp\/v2\/product_tag?post=12590"}],"curies":[{"name":"wp","href":"https:\/\/api.w.org\/{rel}","templated":true}]}}