{"id":12594,"date":"2023-08-18T10:36:44","date_gmt":"2023-08-18T05:06:44","guid":{"rendered":"https:\/\/conexmetals.com\/?post_type=product&#038;p=12594"},"modified":"2025-01-02T15:33:27","modified_gmt":"2025-01-02T10:03:27","slug":"picas-de-varilla-de-tierra","status":"publish","type":"product","link":"https:\/\/conexmetals.com\/es\/producto\/picas-de-varilla-de-tierra\/","title":{"rendered":"Picas de varilla de tierra"},"content":{"rendered":"","protected":false},"excerpt":{"rendered":"<p><img fetchpriority=\"high\" decoding=\"async\" class=\"size-full wp-image-6715 alignleft lazy loaded\" src=\"https:\/\/conexmetals.com\/wp-content\/uploads\/2023\/08\/Earth-Rod-Spikes-line-drawing.jpg\" alt=\"Dibujo lineal de p\u00faas de varilla de tierra\" width=\"301\" height=\"182\" data-src=\"https:\/\/conexmetals.com\/wp-content\/uploads\/2023\/08\/Earth-Rod-Spikes-line-drawing.jpg\" data-was-processed=\"true\" \/><span>Las picas de puesta a tierra, tambi\u00e9n conocidas como picas de puesta a tierra o picas de puesta a tierra, son dispositivos que se utilizan para crear un electrodo de puesta a tierra clav\u00e1ndolos en el suelo. Cumplen la misma funci\u00f3n que las picas de puesta a tierra normales, ya que proporcionan una ruta de baja resistencia para que las corrientes el\u00e9ctricas fluyan hacia la Tierra en los sistemas de puesta a tierra el\u00e9ctrica. La diferencia radica en su dise\u00f1o y m\u00e9todo de instalaci\u00f3n.<\/span><\/p>\n<p>&nbsp;<\/p>\n<p>&nbsp;<\/p>\n<table id=\"tablepress-337\" class=\"tablepress tablepress-id-337\">\n<caption>\u00a0<\/caption>\n<thead>\n<tr class=\"row-1 odd\">\n<th class=\"column-1\" colspan=\"5\"><strong><span>P\u00faas para toma de tierra<\/span><\/strong><\/th>\n<\/tr>\n<\/thead>\n<tbody class=\"row-hover\">\n<tr class=\"row-2 even\">\n<td class=\"column-1\"><strong><span>remm<\/span><\/strong><\/td>\n<td class=\"column-2\"><strong><span>Largo mm<\/span><\/strong><\/td>\n<td class=\"column-3\"><strong><span>Tama\u00f1o de la rosca<\/span><\/strong><\/td>\n<td class=\"column-4\"><strong><span>Largo 1 mm<\/span><\/strong><\/td>\n<td class=\"column-5\"><strong><span>Peso unitario Kg<\/span><\/strong><\/td>\n<\/tr>\n<tr class=\"row-3 odd\">\n<td class=\"column-1\"><span>16<\/span><\/td>\n<td class=\"column-2\"><span>42<\/span><\/td>\n<td class=\"column-3\"><span>M10<\/span><\/td>\n<td class=\"column-4\"><span>20<\/span><\/td>\n<td class=\"column-5\"><span>0,03<\/span><\/td>\n<\/tr>\n<tr class=\"row-4 even\">\n<td class=\"column-1\"><span>20<\/span><\/td>\n<td class=\"column-2\"><span>51<\/span><\/td>\n<td class=\"column-3\"><span>M10<\/span><\/td>\n<td class=\"column-4\"><span>20<\/span><\/td>\n<td class=\"column-5\"><span>0,06<\/span><\/td>\n<\/tr>\n<tr class=\"row-5 odd\">\n<td class=\"column-1\"><span>25<\/span><\/td>\n<td class=\"column-2\"><span>60<\/span><\/td>\n<td class=\"column-3\"><span>M12<\/span><\/td>\n<td class=\"column-4\"><span>25<\/span><\/td>\n<td class=\"column-5\"><span>0,1<\/span><\/td>\n<\/tr>\n<\/tbody>\n<\/table>\n<p><img decoding=\"async\" class=\"size-full wp-image-6714 alignright lazy loaded\" src=\"https:\/\/conexmetals.com\/wp-content\/uploads\/2023\/08\/Earth-Rod-Spikes.jpg\" alt=\"P\u00faas para toma de tierra\" width=\"271\" height=\"267\" data-src=\"https:\/\/conexmetals.com\/wp-content\/uploads\/2023\/08\/Earth-Rod-Spikes.jpg\" data-was-processed=\"true\" srcset=\"https:\/\/conexmetals.com\/wp-content\/uploads\/2023\/08\/Earth-Rod-Spikes.jpg 271w, https:\/\/conexmetals.com\/wp-content\/uploads\/2023\/08\/Earth-Rod-Spikes-100x100.jpg 100w\" sizes=\"(max-width: 271px) 100vw, 271px\" \/><\/p>\n<p>&nbsp;<\/p>\n<p><strong><span>Las caracter\u00edsticas principales de las puntas de toma de tierra incluyen:<\/span><\/strong><\/p>\n<ol>\n<li><span>Dise\u00f1o: Las varillas de tierra generalmente tienen un extremo puntiagudo o forma similar a una p\u00faa que facilita una penetraci\u00f3n m\u00e1s f\u00e1cil en el suelo en comparaci\u00f3n con las varillas de puesta a tierra tradicionales.<\/span><\/li>\n<li><span>Material: Al igual que las varillas de puesta a tierra normales, las puntas de puesta a tierra suelen estar hechas de cobre o acero galvanizado para garantizar una buena conductividad el\u00e9ctrica y resistencia a la corrosi\u00f3n.<\/span><\/li>\n<li><span>Longitud: Las picas para toma de tierra vienen en distintas longitudes, seg\u00fan la aplicaci\u00f3n espec\u00edfica y las condiciones del suelo. Las longitudes m\u00e1s comunes var\u00edan desde unos pocos pies hasta varios pies.<\/span><\/li>\n<li><span>Instalaci\u00f3n: Las picas de toma de tierra se clavan en el suelo con un mazo u otra herramienta adecuada. El extremo puntiagudo facilita la penetraci\u00f3n en distintos tipos de suelos, incluidos terrenos duros o rocosos.<\/span><\/li>\n<li><span>Cable de puesta a tierra: Una vez que la varilla de tierra est\u00e1 correctamente instalada en el suelo, se le conecta un cable de puesta a tierra para establecer la conexi\u00f3n el\u00e9ctrica entre el equipo o sistema el\u00e9ctrico y la Tierra.<\/span><\/li>\n<li><span>Sistema de electrodos de puesta a tierra: en instalaciones m\u00e1s grandes o donde se requieren m\u00faltiples puntos de puesta a tierra, se pueden instalar varias puntas de conexi\u00f3n a tierra como parte de un sistema de electrodos de puesta a tierra, creando una red interconectada para una puesta a tierra efectiva.<\/span><\/li>\n<\/ol>\n<p><span>Las picas de puesta a tierra se utilizan com\u00fanmente en diversas aplicaciones el\u00e9ctricas, incluidas las residenciales, comerciales e industriales, donde introducir una pica en el suelo con m\u00e9todos tradicionales puede resultar complicado o poco pr\u00e1ctico. Proporcionan una soluci\u00f3n de puesta a tierra fiable, que garantiza la seguridad el\u00e9ctrica al desviar las corrientes de falla a la Tierra y evitar los peligros el\u00e9ctricos.<\/span><\/p>\n","protected":false},"featured_media":12518,"template":"","meta":[],"product_brand":[],"product_cat":[383],"product_tag":[],"class_list":{"0":"post-12594","1":"product","2":"type-product","3":"status-publish","4":"has-post-thumbnail","6":"product_cat-accesorios-de-conexion-a-tierra","8":"first","9":"instock","10":"shipping-taxable","11":"product-type-simple"},"yoast_head":"<!-- This site is optimized with the Yoast SEO plugin v27.3 - https:\/\/yoast.com\/product\/yoast-seo-wordpress\/ -->\n<title>Picas de varilla de tierra<\/title>\n<meta name=\"description\" content=\"Conex Metals ofrece Varillas de Tierra con Enlace de Cobre, Picas de Varilla de Tierra y Varillas de Tierra. Los componentes de nuestro sistema de puesta a tierra, incluidos las Varillas de Tierra de Cobre y los Conectores de Varilla de Tierra, garantizan un rendimiento \u00f3ptimo. Fabricante, exportador y proveedor confiable de la India.\" \/>\n<meta name=\"robots\" content=\"index, follow, max-snippet:-1, max-image-preview:large, max-video-preview:-1\" \/>\n<link rel=\"canonical\" href=\"https:\/\/conexmetals.com\/es\/producto\/picas-de-varilla-de-tierra\/\" \/>\n<script type=\"application\/ld+json\" class=\"yoast-schema-graph\">{\"@context\":\"https:\\\/\\\/schema.org\",\"@graph\":[{\"@type\":\"WebPage\",\"@id\":\"https:\\\/\\\/conexmetals.com\\\/es\\\/producto\\\/picas-de-varilla-de-tierra\\\/\",\"url\":\"https:\\\/\\\/conexmetals.com\\\/es\\\/producto\\\/picas-de-varilla-de-tierra\\\/\",\"name\":\"Picas de varilla de tierra\",\"isPartOf\":{\"@id\":\"https:\\\/\\\/conexmetals.com\\\/es\\\/#website\"},\"primaryImageOfPage\":{\"@id\":\"https:\\\/\\\/conexmetals.com\\\/es\\\/producto\\\/picas-de-varilla-de-tierra\\\/#primaryimage\"},\"image\":{\"@id\":\"https:\\\/\\\/conexmetals.com\\\/es\\\/producto\\\/picas-de-varilla-de-tierra\\\/#primaryimage\"},\"thumbnailUrl\":\"https:\\\/\\\/conexmetals.com\\\/wp-content\\\/uploads\\\/2025\\\/01\\\/Picas-de-varilla-de-tierra.webp\",\"datePublished\":\"2023-08-18T05:06:44+00:00\",\"dateModified\":\"2025-01-02T10:03:27+00:00\",\"description\":\"Conex Metals ofrece Varillas de Tierra con Enlace de Cobre, Picas de Varilla de Tierra y Varillas de Tierra. Los componentes de nuestro sistema de puesta a tierra, incluidos las Varillas de Tierra de Cobre y los Conectores de Varilla de Tierra, garantizan un rendimiento \u00f3ptimo. Fabricante, exportador y proveedor confiable de la India.\",\"breadcrumb\":{\"@id\":\"https:\\\/\\\/conexmetals.com\\\/es\\\/producto\\\/picas-de-varilla-de-tierra\\\/#breadcrumb\"},\"inLanguage\":\"es\",\"potentialAction\":[{\"@type\":\"ReadAction\",\"target\":[\"https:\\\/\\\/conexmetals.com\\\/es\\\/producto\\\/picas-de-varilla-de-tierra\\\/\"]}]},{\"@type\":\"ImageObject\",\"inLanguage\":\"es\",\"@id\":\"https:\\\/\\\/conexmetals.com\\\/es\\\/producto\\\/picas-de-varilla-de-tierra\\\/#primaryimage\",\"url\":\"https:\\\/\\\/conexmetals.com\\\/wp-content\\\/uploads\\\/2025\\\/01\\\/Picas-de-varilla-de-tierra.webp\",\"contentUrl\":\"https:\\\/\\\/conexmetals.com\\\/wp-content\\\/uploads\\\/2025\\\/01\\\/Picas-de-varilla-de-tierra.webp\",\"width\":350,\"height\":350,\"caption\":\"Picas de varilla de tierra\"},{\"@type\":\"BreadcrumbList\",\"@id\":\"https:\\\/\\\/conexmetals.com\\\/es\\\/producto\\\/picas-de-varilla-de-tierra\\\/#breadcrumb\",\"itemListElement\":[{\"@type\":\"ListItem\",\"position\":1,\"name\":\"Home\",\"item\":\"https:\\\/\\\/conexmetals.com\\\/es\\\/hogar\\\/\"},{\"@type\":\"ListItem\",\"position\":2,\"name\":\"Products\",\"item\":\"https:\\\/\\\/conexmetals.com\\\/products\\\/\"},{\"@type\":\"ListItem\",\"position\":3,\"name\":\"Picas de varilla de tierra\"}]},{\"@type\":\"WebSite\",\"@id\":\"https:\\\/\\\/conexmetals.com\\\/es\\\/#website\",\"url\":\"https:\\\/\\\/conexmetals.com\\\/es\\\/\",\"name\":\"Conex Metals Brass Fittings Brass Parts Copper Parts Brass Components Brass Plumbing Fittings India\",\"description\":\"Manufacturer of Bronze Fittings casting Copper Brass parts components\",\"publisher\":{\"@id\":\"https:\\\/\\\/conexmetals.com\\\/es\\\/#organization\"},\"potentialAction\":[{\"@type\":\"SearchAction\",\"target\":{\"@type\":\"EntryPoint\",\"urlTemplate\":\"https:\\\/\\\/conexmetals.com\\\/es\\\/?s={search_term_string}\"},\"query-input\":{\"@type\":\"PropertyValueSpecification\",\"valueRequired\":true,\"valueName\":\"search_term_string\"}}],\"inLanguage\":\"es\"},{\"@type\":\"Organization\",\"@id\":\"https:\\\/\\\/conexmetals.com\\\/es\\\/#organization\",\"name\":\"Conex Metals Brass Fittings Brass Parts Copper Parts Brass Components Brass Plumbing Fittings India\",\"url\":\"https:\\\/\\\/conexmetals.com\\\/es\\\/\",\"logo\":{\"@type\":\"ImageObject\",\"inLanguage\":\"es\",\"@id\":\"https:\\\/\\\/conexmetals.com\\\/es\\\/#\\\/schema\\\/logo\\\/image\\\/\",\"url\":\"https:\\\/\\\/conexmetals.com\\\/wp-content\\\/uploads\\\/2024\\\/03\\\/conex-metals-logo.webp\",\"contentUrl\":\"https:\\\/\\\/conexmetals.com\\\/wp-content\\\/uploads\\\/2024\\\/03\\\/conex-metals-logo.webp\",\"width\":300,\"height\":121,\"caption\":\"Conex Metals Brass Fittings Brass Parts Copper Parts Brass Components Brass Plumbing Fittings India\"},\"image\":{\"@id\":\"https:\\\/\\\/conexmetals.com\\\/es\\\/#\\\/schema\\\/logo\\\/image\\\/\"},\"sameAs\":[\"https:\\\/\\\/www.facebook.com\\\/conexbrass\",\"https:\\\/\\\/x.com\\\/conexindia\",\"https:\\\/\\\/www.linkedin.com\\\/company\\\/conex-metals-india\\\/\",\"https:\\\/\\\/www.instagram.com\\\/conexindia\\\/\"]}]}<\/script>\n<!-- \/ Yoast SEO plugin. -->","yoast_head_json":{"title":"Picas de varilla de tierra","description":"Conex Metals ofrece Varillas de Tierra con Enlace de Cobre, Picas de Varilla de Tierra y Varillas de Tierra. Los componentes de nuestro sistema de puesta a tierra, incluidos las Varillas de Tierra de Cobre y los Conectores de Varilla de Tierra, garantizan un rendimiento \u00f3ptimo. Fabricante, exportador y proveedor confiable de la India.","robots":{"index":"index","follow":"follow","max-snippet":"max-snippet:-1","max-image-preview":"max-image-preview:large","max-video-preview":"max-video-preview:-1"},"canonical":"https:\/\/conexmetals.com\/es\/producto\/picas-de-varilla-de-tierra\/","schema":{"@context":"https:\/\/schema.org","@graph":[{"@type":"WebPage","@id":"https:\/\/conexmetals.com\/es\/producto\/picas-de-varilla-de-tierra\/","url":"https:\/\/conexmetals.com\/es\/producto\/picas-de-varilla-de-tierra\/","name":"Picas de varilla de tierra","isPartOf":{"@id":"https:\/\/conexmetals.com\/es\/#website"},"primaryImageOfPage":{"@id":"https:\/\/conexmetals.com\/es\/producto\/picas-de-varilla-de-tierra\/#primaryimage"},"image":{"@id":"https:\/\/conexmetals.com\/es\/producto\/picas-de-varilla-de-tierra\/#primaryimage"},"thumbnailUrl":"https:\/\/conexmetals.com\/wp-content\/uploads\/2025\/01\/Picas-de-varilla-de-tierra.webp","datePublished":"2023-08-18T05:06:44+00:00","dateModified":"2025-01-02T10:03:27+00:00","description":"Conex Metals ofrece Varillas de Tierra con Enlace de Cobre, Picas de Varilla de Tierra y Varillas de Tierra. Los componentes de nuestro sistema de puesta a tierra, incluidos las Varillas de Tierra de Cobre y los Conectores de Varilla de Tierra, garantizan un rendimiento \u00f3ptimo. Fabricante, exportador y proveedor confiable de la India.","breadcrumb":{"@id":"https:\/\/conexmetals.com\/es\/producto\/picas-de-varilla-de-tierra\/#breadcrumb"},"inLanguage":"es","potentialAction":[{"@type":"ReadAction","target":["https:\/\/conexmetals.com\/es\/producto\/picas-de-varilla-de-tierra\/"]}]},{"@type":"ImageObject","inLanguage":"es","@id":"https:\/\/conexmetals.com\/es\/producto\/picas-de-varilla-de-tierra\/#primaryimage","url":"https:\/\/conexmetals.com\/wp-content\/uploads\/2025\/01\/Picas-de-varilla-de-tierra.webp","contentUrl":"https:\/\/conexmetals.com\/wp-content\/uploads\/2025\/01\/Picas-de-varilla-de-tierra.webp","width":350,"height":350,"caption":"Picas de varilla de tierra"},{"@type":"BreadcrumbList","@id":"https:\/\/conexmetals.com\/es\/producto\/picas-de-varilla-de-tierra\/#breadcrumb","itemListElement":[{"@type":"ListItem","position":1,"name":"Home","item":"https:\/\/conexmetals.com\/es\/hogar\/"},{"@type":"ListItem","position":2,"name":"Products","item":"https:\/\/conexmetals.com\/products\/"},{"@type":"ListItem","position":3,"name":"Picas de varilla de tierra"}]},{"@type":"WebSite","@id":"https:\/\/conexmetals.com\/es\/#website","url":"https:\/\/conexmetals.com\/es\/","name":"Conex Metals Brass Fittings Brass Parts Copper Parts Brass Components Brass Plumbing Fittings India","description":"Manufacturer of Bronze Fittings casting Copper Brass parts components","publisher":{"@id":"https:\/\/conexmetals.com\/es\/#organization"},"potentialAction":[{"@type":"SearchAction","target":{"@type":"EntryPoint","urlTemplate":"https:\/\/conexmetals.com\/es\/?s={search_term_string}"},"query-input":{"@type":"PropertyValueSpecification","valueRequired":true,"valueName":"search_term_string"}}],"inLanguage":"es"},{"@type":"Organization","@id":"https:\/\/conexmetals.com\/es\/#organization","name":"Conex Metals Brass Fittings Brass Parts Copper Parts Brass Components Brass Plumbing Fittings India","url":"https:\/\/conexmetals.com\/es\/","logo":{"@type":"ImageObject","inLanguage":"es","@id":"https:\/\/conexmetals.com\/es\/#\/schema\/logo\/image\/","url":"https:\/\/conexmetals.com\/wp-content\/uploads\/2024\/03\/conex-metals-logo.webp","contentUrl":"https:\/\/conexmetals.com\/wp-content\/uploads\/2024\/03\/conex-metals-logo.webp","width":300,"height":121,"caption":"Conex Metals Brass Fittings Brass Parts Copper Parts Brass Components Brass Plumbing Fittings India"},"image":{"@id":"https:\/\/conexmetals.com\/es\/#\/schema\/logo\/image\/"},"sameAs":["https:\/\/www.facebook.com\/conexbrass","https:\/\/x.com\/conexindia","https:\/\/www.linkedin.com\/company\/conex-metals-india\/","https:\/\/www.instagram.com\/conexindia\/"]}]}},"_links":{"self":[{"href":"https:\/\/conexmetals.com\/es\/wp-json\/wp\/v2\/product\/12594","targetHints":{"allow":["GET"]}}],"collection":[{"href":"https:\/\/conexmetals.com\/es\/wp-json\/wp\/v2\/product"}],"about":[{"href":"https:\/\/conexmetals.com\/es\/wp-json\/wp\/v2\/types\/product"}],"wp:featuredmedia":[{"embeddable":true,"href":"https:\/\/conexmetals.com\/es\/wp-json\/wp\/v2\/media\/12518"}],"wp:attachment":[{"href":"https:\/\/conexmetals.com\/es\/wp-json\/wp\/v2\/media?parent=12594"}],"wp:term":[{"taxonomy":"product_brand","embeddable":true,"href":"https:\/\/conexmetals.com\/es\/wp-json\/wp\/v2\/product_brand?post=12594"},{"taxonomy":"product_cat","embeddable":true,"href":"https:\/\/conexmetals.com\/es\/wp-json\/wp\/v2\/product_cat?post=12594"},{"taxonomy":"product_tag","embeddable":true,"href":"https:\/\/conexmetals.com\/es\/wp-json\/wp\/v2\/product_tag?post=12594"}],"curies":[{"name":"wp","href":"https:\/\/api.w.org\/{rel}","templated":true}]}}