{"id":12599,"date":"2023-08-18T10:31:39","date_gmt":"2023-08-18T05:01:39","guid":{"rendered":"https:\/\/conexmetals.com\/?post_type=product&#038;p=12599"},"modified":"2025-01-02T15:47:01","modified_gmt":"2025-01-02T10:17:01","slug":"conexiones-y-conectores-de-trenza-flexible","status":"publish","type":"product","link":"https:\/\/conexmetals.com\/es\/producto\/conexiones-y-conectores-de-trenza-flexible\/","title":{"rendered":"Conexiones y conectores de trenza flexible"},"content":{"rendered":"","protected":false},"excerpt":{"rendered":"<table id=\"tablepress-338\" class=\"tablepress tablepress-id-338\">\n<caption>\u00a0<\/caption>\n<thead>\n<tr class=\"row-1 odd\">\n<th class=\"column-1\" colspan=\"5\"><strong><span>Uniones y conectores trenzados flexibles<\/span><\/strong><\/th>\n<\/tr>\n<\/thead>\n<tbody class=\"row-hover\">\n<tr class=\"row-2 even\">\n<td class=\"column-1\"><strong><span>Dimensiones totales de la trenza (mm)<\/span><\/strong><\/td>\n<td class=\"column-2\"><strong><span>Longitud (mm)<\/span><\/strong><\/td>\n<td class=\"column-3\"><strong><span>Di\u00e1metro del orificio (a) (mm)<\/span><\/strong><\/td>\n<td class=\"column-4\"><strong><span>\u00c1rea de la secci\u00f3n transversal (mm\u00b2)<\/span><\/strong><\/td>\n<td class=\"column-5\"><strong><span>Peso c\/u (kg)<\/span><\/strong><\/td>\n<\/tr>\n<tr class=\"row-3 odd\">\n<td class=\"column-1\"><span>12 x 1<\/span><\/td>\n<td class=\"column-2\"><span>200<\/span><\/td>\n<td class=\"column-3\"><span>\u00d8 7<\/span><\/td>\n<td class=\"column-4\"><span>6\u00a0<\/span><\/td>\n<td class=\"column-5\"><span>0,01\u00a0<\/span><\/td>\n<\/tr>\n<tr class=\"row-4 even\">\n<td class=\"column-1\"><span>19 x 2,5<\/span><\/td>\n<td class=\"column-2\"><span>200<\/span><\/td>\n<td class=\"column-3\"><span>\u00d8 9<\/span><\/td>\n<td class=\"column-4\"><span>16\u00a0<\/span><\/td>\n<td class=\"column-5\"><span>0,03\u00a0<\/span><\/td>\n<\/tr>\n<tr class=\"row-5 odd\">\n<td class=\"column-1\"><span>25 x 3<\/span><\/td>\n<td class=\"column-2\"><span>200<\/span><\/td>\n<td class=\"column-3\"><span>\u00d8 11\u00a0<\/span><\/td>\n<td class=\"column-4\"><span>25\u00a0<\/span><\/td>\n<td class=\"column-5\"><span>0,05\u00a0<\/span><\/td>\n<\/tr>\n<tr class=\"row-6 even\">\n<td class=\"column-1\"><span>25 x 3,5\u00a0<\/span><\/td>\n<td class=\"column-2\"><span>200\u00a0<\/span><\/td>\n<td class=\"column-3\"><span>\u00d8 11\u00a0<\/span><\/td>\n<td class=\"column-4\"><span>35\u00a0<\/span><\/td>\n<td class=\"column-5\"><span>0,09\u00a0<\/span><\/td>\n<\/tr>\n<tr class=\"row-7 odd\">\n<td class=\"column-1\"><span>25 x 3,5\u00a0<\/span><\/td>\n<td class=\"column-2\"><span>400\u00a0<\/span><\/td>\n<td class=\"column-3\"><span>\u00d8 11\u00a0<\/span><\/td>\n<td class=\"column-4\"><span>35\u00a0<\/span><\/td>\n<td class=\"column-5\"><span>0,15\u00a0<\/span><\/td>\n<\/tr>\n<tr class=\"row-8 even\">\n<td class=\"column-1\"><span>30 x 5\u00a0<\/span><\/td>\n<td class=\"column-2\"><span>200\u00a0<\/span><\/td>\n<td class=\"column-3\"><span>\u00d8 11\u00a0<\/span><\/td>\n<td class=\"column-4\"><span>50\u00a0<\/span><\/td>\n<td class=\"column-5\"><span>0,10\u00a0<\/span><\/td>\n<\/tr>\n<tr class=\"row-9 odd\">\n<td class=\"column-1\"><span>32 x 6\u00a0<\/span><\/td>\n<td class=\"column-2\"><span>200\u00a0<\/span><\/td>\n<td class=\"column-3\"><span>\u00d8 13\u00a0<\/span><\/td>\n<td class=\"column-4\"><span>70\u00a0<\/span><\/td>\n<td class=\"column-5\"><span>0,13\u00a0<\/span><\/td>\n<\/tr>\n<tr class=\"row-10 even\">\n<td class=\"column-1\"><span>37 x 6\u00a0<\/span><\/td>\n<td class=\"column-2\"><span>200\u00a0<\/span><\/td>\n<td class=\"column-3\"><span>\u00d8 13\u00a0<\/span><\/td>\n<td class=\"column-4\"><span>95\u00a0<\/span><\/td>\n<td class=\"column-5\"><span>0,19\u00a0<\/span><\/td>\n<\/tr>\n<tr class=\"row-11 odd\">\n<td class=\"column-1\"><span>45 x 6\u00a0<\/span><\/td>\n<td class=\"column-2\"><span>200\u00a0<\/span><\/td>\n<td class=\"column-3\"><span>\u00d8 17\u00a0<\/span><\/td>\n<td class=\"column-4\"><span>120\u00a0<\/span><\/td>\n<td class=\"column-5\"><span>0,23\u00a0<\/span><\/td>\n<\/tr>\n<tr class=\"row-12 even\">\n<td class=\"column-1\" colspan=\"5\"><strong><span>Trenza de cobre esta\u00f1ado<\/span><\/strong><\/td>\n<\/tr>\n<tr class=\"row-13 odd\">\n<td class=\"column-1\"><span>12 x 1\u00a0<\/span><\/td>\n<td class=\"column-2\"><span>200\u00a0<\/span><\/td>\n<td class=\"column-3\"><span>\u00d8 7\u00a0<\/span><\/td>\n<td class=\"column-4\"><span>6\u00a0<\/span><\/td>\n<td class=\"column-5\"><span>0,01\u00a0<\/span><\/td>\n<\/tr>\n<tr class=\"row-14 even\">\n<td class=\"column-1\"><span>19 x 2,5\u00a0<\/span><\/td>\n<td class=\"column-2\"><span>200\u00a0<\/span><\/td>\n<td class=\"column-3\"><span>\u00d8 9\u00a0<\/span><\/td>\n<td class=\"column-4\"><span>16\u00a0<\/span><\/td>\n<td class=\"column-5\"><span>0,03\u00a0<\/span><\/td>\n<\/tr>\n<tr class=\"row-15 odd\">\n<td class=\"column-1\"><span>25 x 3\u00a0<\/span><\/td>\n<td class=\"column-2\"><span>200\u00a0<\/span><\/td>\n<td class=\"column-3\"><span>\u00d8 11\u00a0<\/span><\/td>\n<td class=\"column-4\"><span>25\u00a0<\/span><\/td>\n<td class=\"column-5\"><span>0,05\u00a0<\/span><\/td>\n<\/tr>\n<tr class=\"row-16 even\">\n<td class=\"column-1\"><span>25 x 3,5<\/span><\/td>\n<td class=\"column-2\"><span>200\u00a0<\/span><\/td>\n<td class=\"column-3\"><span>\u00d8 11\u00a0<\/span><\/td>\n<td class=\"column-4\"><span>35\u00a0<\/span><\/td>\n<td class=\"column-5\"><span>0,09\u00a0<\/span><\/td>\n<\/tr>\n<tr class=\"row-17 odd\">\n<td class=\"column-1\"><span>25 x 3,5\u00a0<\/span><\/td>\n<td class=\"column-2\"><span>400\u00a0<\/span><\/td>\n<td class=\"column-3\"><span>\u00d8 11\u00a0<\/span><\/td>\n<td class=\"column-4\"><span>35\u00a0<\/span><\/td>\n<td class=\"column-5\"><span>0,15\u00a0<\/span><\/td>\n<\/tr>\n<tr class=\"row-18 even\">\n<td class=\"column-1\"><span>30 x 5\u00a0<\/span><\/td>\n<td class=\"column-2\"><span>200\u00a0<\/span><\/td>\n<td class=\"column-3\"><span>\u00d8 11\u00a0<\/span><\/td>\n<td class=\"column-4\"><span>50\u00a0<\/span><\/td>\n<td class=\"column-5\"><span>0,10\u00a0<\/span><\/td>\n<\/tr>\n<tr class=\"row-19 odd\">\n<td class=\"column-1\"><span>32 x 6\u00a0<\/span><\/td>\n<td class=\"column-2\"><span>200\u00a0<\/span><\/td>\n<td class=\"column-3\"><span>\u00d8 13\u00a0<\/span><\/td>\n<td class=\"column-4\"><span>70\u00a0<\/span><\/td>\n<td class=\"column-5\"><span>0,13\u00a0<\/span><\/td>\n<\/tr>\n<tr class=\"row-20 even\">\n<td class=\"column-1\"><span>37 x 6\u00a0<\/span><\/td>\n<td class=\"column-2\"><span>200\u00a0<\/span><\/td>\n<td class=\"column-3\"><span>\u00d8 13\u00a0<\/span><\/td>\n<td class=\"column-4\"><span>95\u00a0<\/span><\/td>\n<td class=\"column-5\"><span>0,19\u00a0<\/span><\/td>\n<\/tr>\n<tr class=\"row-21 odd\">\n<td class=\"column-1\"><span>45 x 6\u00a0<\/span><\/td>\n<td class=\"column-2\"><span>200\u00a0<\/span><\/td>\n<td class=\"column-3\"><span>\u00d8 17\u00a0<\/span><\/td>\n<td class=\"column-4\"><span>120\u00a0<\/span><\/td>\n<td class=\"column-5\"><span>0,23\u00a0<\/span><\/td>\n<\/tr>\n<\/tbody>\n<\/table>\n<p><span>Los conectores y uniones trenzadas flexibles son componentes el\u00e9ctricos especializados que se utilizan para establecer conexiones el\u00e9ctricas flexibles y confiables entre elementos conductores. Se utilizan com\u00fanmente en diversas aplicaciones donde se requiere flexibilidad debido a la vibraci\u00f3n, el movimiento o la expansi\u00f3n\/contracci\u00f3n t\u00e9rmica.<\/span><\/p>\n<p><strong><span>Las caracter\u00edsticas y usos clave de los conectores y uniones trenzadas flexibles incluyen:<\/span><\/strong><\/p>\n<ol>\n<li><span>Construcci\u00f3n: Los conectores y uniones trenzadas flexibles suelen estar hechos de m\u00faltiples hilos finos de materiales de alta conductividad, como cobre o cobre esta\u00f1ado. Estos hilos se trenzan entre s\u00ed para formar un conector o uni\u00f3n flexible y altamente conductivo.<\/span><\/li>\n<li><span>Flexibilidad: La construcci\u00f3n trenzada permite que las uniones y conectores sean altamente flexibles y capaces de soportar movimiento y tensiones mec\u00e1nicas sin comprometer la conexi\u00f3n el\u00e9ctrica.<\/span><\/li>\n<li><span>Uni\u00f3n el\u00e9ctrica: Las uniones trenzadas flexibles se utilizan para establecer conexiones el\u00e9ctricas entre diversos elementos conductores, como barras colectoras, electrodos de puesta a tierra, paneles el\u00e9ctricos y equipos. Garantizan conexiones de baja resistencia, lo que reduce el riesgo de fallas el\u00e9ctricas.<\/span><\/li>\n<li><span>Puesta a tierra y uni\u00f3n: en aplicaciones de puesta a tierra y uni\u00f3n el\u00e9ctricas, se suelen utilizar uniones y conectores trenzados flexibles para crear conexiones seguras y fiables entre diferentes componentes met\u00e1licos. Ayudan a establecer una red de puesta a tierra eficaz para protegerse contra peligros el\u00e9ctricos.<\/span><\/li>\n<li><span>Capacidad de transporte de corriente: Los hilos m\u00faltiples en trenzas flexibles aumentan la capacidad de transporte de corriente del enlace o conector, lo que les permite manejar aplicaciones de alta corriente de manera efectiva.<\/span><\/li>\n<li><span>Expansi\u00f3n t\u00e9rmica: Los conectores y uniones trenzadas flexibles son capaces de adaptarse a la expansi\u00f3n y contracci\u00f3n t\u00e9rmica en los sistemas el\u00e9ctricos sin comprometer la conexi\u00f3n, lo que los hace adecuados para aplicaciones sujetas a variaciones de temperatura.<\/span><\/li>\n<li><span>Supresi\u00f3n de interferencia electromagn\u00e9tica (EMI): en algunos casos, se utilizan trenzas flexibles para el blindaje EMI para minimizar la interferencia electromagn\u00e9tica en circuitos electr\u00f3nicos sensibles.<\/span><\/li>\n<li><span>Tipos de terminaci\u00f3n: Los conectores y uniones trenzadas flexibles se pueden dise\u00f1ar con varios tipos de terminaci\u00f3n, incluidas orejetas, terminales o conectores personalizados, para adaptarse a los requisitos de aplicaciones espec\u00edficas.<\/span><\/li>\n<\/ol>\n<p><span>Los conectores y uniones trenzadas flexibles se encuentran en una amplia gama de industrias y aplicaciones, incluidos sistemas de distribuci\u00f3n de energ\u00eda el\u00e9ctrica, equipos industriales, telecomunicaciones, aeroespacial, automotriz y m\u00e1s.<\/span><\/p>\n","protected":false},"featured_media":12604,"template":"","meta":[],"product_brand":[],"product_cat":[383],"product_tag":[],"class_list":{"0":"post-12599","1":"product","2":"type-product","3":"status-publish","4":"has-post-thumbnail","6":"product_cat-accesorios-de-conexion-a-tierra","8":"first","9":"instock","10":"shipping-taxable","11":"product-type-simple"},"yoast_head":"<!-- This site is optimized with the Yoast SEO plugin v27.3 - https:\/\/yoast.com\/product\/yoast-seo-wordpress\/ -->\n<title>Conexiones y conectores de trenza flexible<\/title>\n<meta name=\"description\" content=\"Explore las conexiones y conectores de trenza flexible de Conex Metals, que incluyen correas trenzadas para tierra y correas de tierra de cobre. Nuestros conectores flexibles de cobre y conectores trenzados de alta conductividad garantizan un rendimiento superior. L\u00edder en fabricaci\u00f3n, exportaci\u00f3n y suministro desde la India.\" \/>\n<meta name=\"robots\" content=\"index, follow, max-snippet:-1, max-image-preview:large, max-video-preview:-1\" \/>\n<link rel=\"canonical\" href=\"https:\/\/conexmetals.com\/es\/producto\/conexiones-y-conectores-de-trenza-flexible\/\" \/>\n<script type=\"application\/ld+json\" class=\"yoast-schema-graph\">{\"@context\":\"https:\\\/\\\/schema.org\",\"@graph\":[{\"@type\":\"WebPage\",\"@id\":\"https:\\\/\\\/conexmetals.com\\\/es\\\/producto\\\/conexiones-y-conectores-de-trenza-flexible\\\/\",\"url\":\"https:\\\/\\\/conexmetals.com\\\/es\\\/producto\\\/conexiones-y-conectores-de-trenza-flexible\\\/\",\"name\":\"Conexiones y conectores de trenza flexible\",\"isPartOf\":{\"@id\":\"https:\\\/\\\/conexmetals.com\\\/es\\\/#website\"},\"primaryImageOfPage\":{\"@id\":\"https:\\\/\\\/conexmetals.com\\\/es\\\/producto\\\/conexiones-y-conectores-de-trenza-flexible\\\/#primaryimage\"},\"image\":{\"@id\":\"https:\\\/\\\/conexmetals.com\\\/es\\\/producto\\\/conexiones-y-conectores-de-trenza-flexible\\\/#primaryimage\"},\"thumbnailUrl\":\"https:\\\/\\\/conexmetals.com\\\/wp-content\\\/uploads\\\/2023\\\/08\\\/Flexible-Braid-Bonds-And-Connectors.webp\",\"datePublished\":\"2023-08-18T05:01:39+00:00\",\"dateModified\":\"2025-01-02T10:17:01+00:00\",\"description\":\"Explore las conexiones y conectores de trenza flexible de Conex Metals, que incluyen correas trenzadas para tierra y correas de tierra de cobre. Nuestros conectores flexibles de cobre y conectores trenzados de alta conductividad garantizan un rendimiento superior. L\u00edder en fabricaci\u00f3n, exportaci\u00f3n y suministro desde la India.\",\"breadcrumb\":{\"@id\":\"https:\\\/\\\/conexmetals.com\\\/es\\\/producto\\\/conexiones-y-conectores-de-trenza-flexible\\\/#breadcrumb\"},\"inLanguage\":\"es\",\"potentialAction\":[{\"@type\":\"ReadAction\",\"target\":[\"https:\\\/\\\/conexmetals.com\\\/es\\\/producto\\\/conexiones-y-conectores-de-trenza-flexible\\\/\"]}]},{\"@type\":\"ImageObject\",\"inLanguage\":\"es\",\"@id\":\"https:\\\/\\\/conexmetals.com\\\/es\\\/producto\\\/conexiones-y-conectores-de-trenza-flexible\\\/#primaryimage\",\"url\":\"https:\\\/\\\/conexmetals.com\\\/wp-content\\\/uploads\\\/2023\\\/08\\\/Flexible-Braid-Bonds-And-Connectors.webp\",\"contentUrl\":\"https:\\\/\\\/conexmetals.com\\\/wp-content\\\/uploads\\\/2023\\\/08\\\/Flexible-Braid-Bonds-And-Connectors.webp\",\"width\":350,\"height\":350,\"caption\":\"Flexible Braid Bonds and Connectors\"},{\"@type\":\"BreadcrumbList\",\"@id\":\"https:\\\/\\\/conexmetals.com\\\/es\\\/producto\\\/conexiones-y-conectores-de-trenza-flexible\\\/#breadcrumb\",\"itemListElement\":[{\"@type\":\"ListItem\",\"position\":1,\"name\":\"Home\",\"item\":\"https:\\\/\\\/conexmetals.com\\\/es\\\/hogar\\\/\"},{\"@type\":\"ListItem\",\"position\":2,\"name\":\"Products\",\"item\":\"https:\\\/\\\/conexmetals.com\\\/products\\\/\"},{\"@type\":\"ListItem\",\"position\":3,\"name\":\"Conexiones y conectores de trenza flexible\"}]},{\"@type\":\"WebSite\",\"@id\":\"https:\\\/\\\/conexmetals.com\\\/es\\\/#website\",\"url\":\"https:\\\/\\\/conexmetals.com\\\/es\\\/\",\"name\":\"Conex Metals Brass Fittings Brass Parts Copper Parts Brass Components Brass Plumbing Fittings India\",\"description\":\"Manufacturer of Bronze Fittings casting Copper Brass parts components\",\"publisher\":{\"@id\":\"https:\\\/\\\/conexmetals.com\\\/es\\\/#organization\"},\"potentialAction\":[{\"@type\":\"SearchAction\",\"target\":{\"@type\":\"EntryPoint\",\"urlTemplate\":\"https:\\\/\\\/conexmetals.com\\\/es\\\/?s={search_term_string}\"},\"query-input\":{\"@type\":\"PropertyValueSpecification\",\"valueRequired\":true,\"valueName\":\"search_term_string\"}}],\"inLanguage\":\"es\"},{\"@type\":\"Organization\",\"@id\":\"https:\\\/\\\/conexmetals.com\\\/es\\\/#organization\",\"name\":\"Conex Metals Brass Fittings Brass Parts Copper Parts Brass Components Brass Plumbing Fittings India\",\"url\":\"https:\\\/\\\/conexmetals.com\\\/es\\\/\",\"logo\":{\"@type\":\"ImageObject\",\"inLanguage\":\"es\",\"@id\":\"https:\\\/\\\/conexmetals.com\\\/es\\\/#\\\/schema\\\/logo\\\/image\\\/\",\"url\":\"https:\\\/\\\/conexmetals.com\\\/wp-content\\\/uploads\\\/2024\\\/03\\\/conex-metals-logo.webp\",\"contentUrl\":\"https:\\\/\\\/conexmetals.com\\\/wp-content\\\/uploads\\\/2024\\\/03\\\/conex-metals-logo.webp\",\"width\":300,\"height\":121,\"caption\":\"Conex Metals Brass Fittings Brass Parts Copper Parts Brass Components Brass Plumbing Fittings India\"},\"image\":{\"@id\":\"https:\\\/\\\/conexmetals.com\\\/es\\\/#\\\/schema\\\/logo\\\/image\\\/\"},\"sameAs\":[\"https:\\\/\\\/www.facebook.com\\\/conexbrass\",\"https:\\\/\\\/x.com\\\/conexindia\",\"https:\\\/\\\/www.linkedin.com\\\/company\\\/conex-metals-india\\\/\",\"https:\\\/\\\/www.instagram.com\\\/conexindia\\\/\"]}]}<\/script>\n<!-- \/ Yoast SEO plugin. -->","yoast_head_json":{"title":"Conexiones y conectores de trenza flexible","description":"Explore las conexiones y conectores de trenza flexible de Conex Metals, que incluyen correas trenzadas para tierra y correas de tierra de cobre. Nuestros conectores flexibles de cobre y conectores trenzados de alta conductividad garantizan un rendimiento superior. L\u00edder en fabricaci\u00f3n, exportaci\u00f3n y suministro desde la India.","robots":{"index":"index","follow":"follow","max-snippet":"max-snippet:-1","max-image-preview":"max-image-preview:large","max-video-preview":"max-video-preview:-1"},"canonical":"https:\/\/conexmetals.com\/es\/producto\/conexiones-y-conectores-de-trenza-flexible\/","schema":{"@context":"https:\/\/schema.org","@graph":[{"@type":"WebPage","@id":"https:\/\/conexmetals.com\/es\/producto\/conexiones-y-conectores-de-trenza-flexible\/","url":"https:\/\/conexmetals.com\/es\/producto\/conexiones-y-conectores-de-trenza-flexible\/","name":"Conexiones y conectores de trenza flexible","isPartOf":{"@id":"https:\/\/conexmetals.com\/es\/#website"},"primaryImageOfPage":{"@id":"https:\/\/conexmetals.com\/es\/producto\/conexiones-y-conectores-de-trenza-flexible\/#primaryimage"},"image":{"@id":"https:\/\/conexmetals.com\/es\/producto\/conexiones-y-conectores-de-trenza-flexible\/#primaryimage"},"thumbnailUrl":"https:\/\/conexmetals.com\/wp-content\/uploads\/2023\/08\/Flexible-Braid-Bonds-And-Connectors.webp","datePublished":"2023-08-18T05:01:39+00:00","dateModified":"2025-01-02T10:17:01+00:00","description":"Explore las conexiones y conectores de trenza flexible de Conex Metals, que incluyen correas trenzadas para tierra y correas de tierra de cobre. Nuestros conectores flexibles de cobre y conectores trenzados de alta conductividad garantizan un rendimiento superior. L\u00edder en fabricaci\u00f3n, exportaci\u00f3n y suministro desde la India.","breadcrumb":{"@id":"https:\/\/conexmetals.com\/es\/producto\/conexiones-y-conectores-de-trenza-flexible\/#breadcrumb"},"inLanguage":"es","potentialAction":[{"@type":"ReadAction","target":["https:\/\/conexmetals.com\/es\/producto\/conexiones-y-conectores-de-trenza-flexible\/"]}]},{"@type":"ImageObject","inLanguage":"es","@id":"https:\/\/conexmetals.com\/es\/producto\/conexiones-y-conectores-de-trenza-flexible\/#primaryimage","url":"https:\/\/conexmetals.com\/wp-content\/uploads\/2023\/08\/Flexible-Braid-Bonds-And-Connectors.webp","contentUrl":"https:\/\/conexmetals.com\/wp-content\/uploads\/2023\/08\/Flexible-Braid-Bonds-And-Connectors.webp","width":350,"height":350,"caption":"Flexible Braid Bonds and Connectors"},{"@type":"BreadcrumbList","@id":"https:\/\/conexmetals.com\/es\/producto\/conexiones-y-conectores-de-trenza-flexible\/#breadcrumb","itemListElement":[{"@type":"ListItem","position":1,"name":"Home","item":"https:\/\/conexmetals.com\/es\/hogar\/"},{"@type":"ListItem","position":2,"name":"Products","item":"https:\/\/conexmetals.com\/products\/"},{"@type":"ListItem","position":3,"name":"Conexiones y conectores de trenza flexible"}]},{"@type":"WebSite","@id":"https:\/\/conexmetals.com\/es\/#website","url":"https:\/\/conexmetals.com\/es\/","name":"Conex Metals Brass Fittings Brass Parts Copper Parts Brass Components Brass Plumbing Fittings India","description":"Manufacturer of Bronze Fittings casting Copper Brass parts components","publisher":{"@id":"https:\/\/conexmetals.com\/es\/#organization"},"potentialAction":[{"@type":"SearchAction","target":{"@type":"EntryPoint","urlTemplate":"https:\/\/conexmetals.com\/es\/?s={search_term_string}"},"query-input":{"@type":"PropertyValueSpecification","valueRequired":true,"valueName":"search_term_string"}}],"inLanguage":"es"},{"@type":"Organization","@id":"https:\/\/conexmetals.com\/es\/#organization","name":"Conex Metals Brass Fittings Brass Parts Copper Parts Brass Components Brass Plumbing Fittings India","url":"https:\/\/conexmetals.com\/es\/","logo":{"@type":"ImageObject","inLanguage":"es","@id":"https:\/\/conexmetals.com\/es\/#\/schema\/logo\/image\/","url":"https:\/\/conexmetals.com\/wp-content\/uploads\/2024\/03\/conex-metals-logo.webp","contentUrl":"https:\/\/conexmetals.com\/wp-content\/uploads\/2024\/03\/conex-metals-logo.webp","width":300,"height":121,"caption":"Conex Metals Brass Fittings Brass Parts Copper Parts Brass Components Brass Plumbing Fittings India"},"image":{"@id":"https:\/\/conexmetals.com\/es\/#\/schema\/logo\/image\/"},"sameAs":["https:\/\/www.facebook.com\/conexbrass","https:\/\/x.com\/conexindia","https:\/\/www.linkedin.com\/company\/conex-metals-india\/","https:\/\/www.instagram.com\/conexindia\/"]}]}},"_links":{"self":[{"href":"https:\/\/conexmetals.com\/es\/wp-json\/wp\/v2\/product\/12599","targetHints":{"allow":["GET"]}}],"collection":[{"href":"https:\/\/conexmetals.com\/es\/wp-json\/wp\/v2\/product"}],"about":[{"href":"https:\/\/conexmetals.com\/es\/wp-json\/wp\/v2\/types\/product"}],"wp:featuredmedia":[{"embeddable":true,"href":"https:\/\/conexmetals.com\/es\/wp-json\/wp\/v2\/media\/12604"}],"wp:attachment":[{"href":"https:\/\/conexmetals.com\/es\/wp-json\/wp\/v2\/media?parent=12599"}],"wp:term":[{"taxonomy":"product_brand","embeddable":true,"href":"https:\/\/conexmetals.com\/es\/wp-json\/wp\/v2\/product_brand?post=12599"},{"taxonomy":"product_cat","embeddable":true,"href":"https:\/\/conexmetals.com\/es\/wp-json\/wp\/v2\/product_cat?post=12599"},{"taxonomy":"product_tag","embeddable":true,"href":"https:\/\/conexmetals.com\/es\/wp-json\/wp\/v2\/product_tag?post=12599"}],"curies":[{"name":"wp","href":"https:\/\/api.w.org\/{rel}","templated":true}]}}