{"id":12613,"date":"2023-08-18T10:38:16","date_gmt":"2023-08-18T05:08:16","guid":{"rendered":"https:\/\/conexmetals.com\/?post_type=product&#038;p=12613"},"modified":"2025-01-02T16:45:00","modified_gmt":"2025-01-02T11:15:00","slug":"abrazaderas-de-prueba-de-interfaz","status":"publish","type":"product","link":"https:\/\/conexmetals.com\/es\/producto\/abrazaderas-de-prueba-de-interfaz\/","title":{"rendered":"Abrazaderas de prueba de interfaz"},"content":{"rendered":"","protected":false},"excerpt":{"rendered":"<table id=\"tablepress-345\" class=\"tablepress tablepress-id-345\">\n<caption>\u00a0<\/caption>\n<thead>\n<tr class=\"row-1 odd\">\n<th class=\"column-1\" colspan=\"5\"><strong><span>Conductores de cobre desnudo<\/span><\/strong><\/th>\n<\/tr>\n<\/thead>\n<tbody class=\"row-hover\">\n<tr class=\"row-2 even\">\n<td class=\"column-1\"><strong><span>Tama\u00f1o m\u00e1ximo del conductor mm<\/span><\/strong><\/td>\n<td class=\"column-2\"><strong><span>Largo mm<\/span><\/strong><\/td>\n<td class=\"column-3\"><strong><span>Ancho mm<\/span><\/strong><\/td>\n<td class=\"column-4\"><strong><span>Mmm<\/span><\/strong><\/td>\n<td class=\"column-5\"><strong><span>Peso unitario kg<\/span><\/strong><\/td>\n<\/tr>\n<tr class=\"row-3 odd\">\n<td class=\"column-1\"><span>8 y 25 x 3<\/span><\/td>\n<td class=\"column-2\"><span>70<\/span><\/td>\n<td class=\"column-3\"><span>34<\/span><\/td>\n<td class=\"column-4\"><span>15<\/span><\/td>\n<td class=\"column-5\"><span>0,25<\/span><\/td>\n<\/tr>\n<tr class=\"row-4 even\">\n<td class=\"column-1\" colspan=\"5\"><span>Material: Bronce<\/span><\/td>\n<\/tr>\n<\/tbody>\n<\/table>\n<table id=\"tablepress-346\" class=\"tablepress tablepress-id-346\">\n<caption>\u00a0<\/caption>\n<thead>\n<tr class=\"row-1 odd\">\n<th class=\"column-1\" colspan=\"5\"><strong><span>Conductores de aluminio desnudo<\/span><\/strong><\/th>\n<\/tr>\n<\/thead>\n<tbody class=\"row-hover\">\n<tr class=\"row-2 even\">\n<td class=\"column-1\"><strong><span>Tama\u00f1o m\u00e1ximo del conductor mm<\/span><\/strong><\/td>\n<td class=\"column-2\"><strong><span>Largo mm<\/span><\/strong><\/td>\n<td class=\"column-3\"><strong><span>Ancho mm<\/span><\/strong><\/td>\n<td class=\"column-4\"><strong><span>Mmm<\/span><\/strong><\/td>\n<td class=\"column-5\"><strong><span>Peso unitario kg<\/span><\/strong><\/td>\n<\/tr>\n<tr class=\"row-3 odd\">\n<td class=\"column-1\"><span>8 y 25 x 3<\/span><\/td>\n<td class=\"column-2\"><span>70<\/span><\/td>\n<td class=\"column-3\"><span>34<\/span><\/td>\n<td class=\"column-4\"><span>15<\/span><\/td>\n<td class=\"column-5\"><span>0,09<\/span><\/td>\n<\/tr>\n<tr class=\"row-4 even\">\n<td class=\"column-1\" colspan=\"5\"><span>Material: Aluminio<\/span><\/td>\n<\/tr>\n<\/tbody>\n<\/table>\n<p>&nbsp;<\/p>\n<p><img decoding=\"async\" class=\"size-medium wp-image-6748 alignright lazy loaded\" src=\"https:\/\/conexmetals.com\/wp-content\/uploads\/2023\/08\/Interface-Test-Clamps-line-drawing-300x153.jpg\" alt=\"Dibujo lineal de las pinzas de prueba de interfaz\" width=\"300\" height=\"153\" data-src=\"https:\/\/conexmetals.com\/wp-content\/uploads\/2023\/08\/Interface-Test-Clamps-line-drawing-300x153.jpg\" data-was-processed=\"true\" srcset=\"https:\/\/conexmetals.com\/wp-content\/uploads\/2023\/08\/Interface-Test-Clamps-line-drawing-300x153.jpg 300w, https:\/\/conexmetals.com\/wp-content\/uploads\/2023\/08\/Interface-Test-Clamps-line-drawing.jpg 587w\" sizes=\"(max-width: 300px) 100vw, 300px\" \/><\/p>\n<p><span>Las pinzas de prueba de interfaz son accesorios de prueba el\u00e9ctricos especializados que se utilizan para establecer conexiones temporales con fines de prueba y medici\u00f3n. Se utilizan com\u00fanmente en laboratorios de electr\u00f3nica, el\u00e9ctricos y entornos de prueba.<\/span><\/p>\n<p><span>Las caracter\u00edsticas y usos clave de las pinzas de prueba de interfaz incluyen:<\/span><\/p>\n<ol>\n<li><span>Dise\u00f1o: Las pinzas de prueba de interfaz generalmente tienen mordazas o clips que pueden sujetar de forma segura cables de prueba, cables o alambres para realizar conexiones el\u00e9ctricas r\u00e1pidas y convenientes.<\/span><\/li>\n<li><span>Versatilidad: Estas abrazaderas pueden acomodar varios tipos de conductores, incluidos cables, alambres, cables de prueba e incluso componentes de circuitos peque\u00f1os.<\/span><\/li>\n<li><span>Conexiones temporales: Las pinzas de prueba de interfaz est\u00e1n dise\u00f1adas para conexiones temporales, lo que facilita la conexi\u00f3n y extracci\u00f3n de cables de prueba u otros equipos de prueba sin causar ning\u00fan da\u00f1o a los conductores.<\/span><\/li>\n<li><span>Pruebas el\u00e9ctricas: Las pinzas de prueba de interfaz se utilizan en pruebas y mediciones el\u00e9ctricas, como voltaje, corriente, resistencia, pruebas de continuidad y sondeo de se\u00f1ales.<\/span><\/li>\n<li><span>Uso en laboratorio: Encuentran aplicaciones en laboratorios electr\u00f3nicos y entornos educativos, donde se utilizan durante experimentos, pruebas de prototipos y actividades de aprendizaje pr\u00e1ctico.<\/span><\/li>\n<li><span>Reparaci\u00f3n y resoluci\u00f3n de problemas: en escenarios de reparaci\u00f3n y resoluci\u00f3n de problemas el\u00e9ctricos, las pinzas de prueba de interfaz permiten a los t\u00e9cnicos realizar conexiones r\u00e1pidas y confiables para fines de diagn\u00f3stico.<\/span><\/li>\n<li><span>Seguridad el\u00e9ctrica: El uso adecuado de las pinzas de prueba de interfaz ayuda a garantizar la seguridad de los procedimientos de prueba, ya que proporcionan conexiones seguras y reducen el riesgo de desconexiones accidentales durante las mediciones.<\/span><\/li>\n<li><span>F\u00e1cil operaci\u00f3n: Las pinzas de prueba de interfaz est\u00e1n dise\u00f1adas para una f\u00e1cil operaci\u00f3n con una sola mano, lo que permite a los t\u00e9cnicos usar la otra mano para manipular equipos de prueba o registrar mediciones.<\/span><\/li>\n<\/ol>\n<p><span>Las pinzas de prueba de interfaz son herramientas valiosas para realizar mediciones y diagn\u00f3sticos el\u00e9ctricos en un laboratorio o entorno de prueba. Ofrecen una forma conveniente de establecer conexiones temporales entre el equipo de prueba y el circuito o componente que se est\u00e1 probando.<\/span><\/p>\n","protected":false},"featured_media":12533,"template":"","meta":[],"product_brand":[],"product_cat":[383],"product_tag":[],"class_list":{"0":"post-12613","1":"product","2":"type-product","3":"status-publish","4":"has-post-thumbnail","6":"product_cat-accesorios-de-conexion-a-tierra","8":"first","9":"instock","10":"shipping-taxable","11":"product-type-simple"},"yoast_head":"<!-- This site is optimized with the Yoast SEO plugin v27.3 - https:\/\/yoast.com\/product\/yoast-seo-wordpress\/ -->\n<title>Abrazaderas de prueba de interfaz<\/title>\n<meta name=\"description\" content=\"Descubra las abrazaderas de prueba de interfaz de Conex Metals, que incluyen abrazaderas de cobre y abrazaderas de bronce. Nuestra gama garantiza un rendimiento y fiabilidad excepcionales para diversas aplicaciones de prueba. Fabricante, exportador y proveedor de confianza de la India.\" \/>\n<meta name=\"robots\" content=\"index, follow, max-snippet:-1, max-image-preview:large, max-video-preview:-1\" \/>\n<link rel=\"canonical\" href=\"https:\/\/conexmetals.com\/es\/producto\/abrazaderas-de-prueba-de-interfaz\/\" \/>\n<script type=\"application\/ld+json\" class=\"yoast-schema-graph\">{\"@context\":\"https:\\\/\\\/schema.org\",\"@graph\":[{\"@type\":\"WebPage\",\"@id\":\"https:\\\/\\\/conexmetals.com\\\/es\\\/producto\\\/abrazaderas-de-prueba-de-interfaz\\\/\",\"url\":\"https:\\\/\\\/conexmetals.com\\\/es\\\/producto\\\/abrazaderas-de-prueba-de-interfaz\\\/\",\"name\":\"Abrazaderas de prueba de interfaz\",\"isPartOf\":{\"@id\":\"https:\\\/\\\/conexmetals.com\\\/es\\\/#website\"},\"primaryImageOfPage\":{\"@id\":\"https:\\\/\\\/conexmetals.com\\\/es\\\/producto\\\/abrazaderas-de-prueba-de-interfaz\\\/#primaryimage\"},\"image\":{\"@id\":\"https:\\\/\\\/conexmetals.com\\\/es\\\/producto\\\/abrazaderas-de-prueba-de-interfaz\\\/#primaryimage\"},\"thumbnailUrl\":\"https:\\\/\\\/conexmetals.com\\\/wp-content\\\/uploads\\\/2025\\\/01\\\/Abrazaderas-de-prueba-de-interfaz.webp\",\"datePublished\":\"2023-08-18T05:08:16+00:00\",\"dateModified\":\"2025-01-02T11:15:00+00:00\",\"description\":\"Descubra las abrazaderas de prueba de interfaz de Conex Metals, que incluyen abrazaderas de cobre y abrazaderas de bronce. Nuestra gama garantiza un rendimiento y fiabilidad excepcionales para diversas aplicaciones de prueba. Fabricante, exportador y proveedor de confianza de la India.\",\"breadcrumb\":{\"@id\":\"https:\\\/\\\/conexmetals.com\\\/es\\\/producto\\\/abrazaderas-de-prueba-de-interfaz\\\/#breadcrumb\"},\"inLanguage\":\"es\",\"potentialAction\":[{\"@type\":\"ReadAction\",\"target\":[\"https:\\\/\\\/conexmetals.com\\\/es\\\/producto\\\/abrazaderas-de-prueba-de-interfaz\\\/\"]}]},{\"@type\":\"ImageObject\",\"inLanguage\":\"es\",\"@id\":\"https:\\\/\\\/conexmetals.com\\\/es\\\/producto\\\/abrazaderas-de-prueba-de-interfaz\\\/#primaryimage\",\"url\":\"https:\\\/\\\/conexmetals.com\\\/wp-content\\\/uploads\\\/2025\\\/01\\\/Abrazaderas-de-prueba-de-interfaz.webp\",\"contentUrl\":\"https:\\\/\\\/conexmetals.com\\\/wp-content\\\/uploads\\\/2025\\\/01\\\/Abrazaderas-de-prueba-de-interfaz.webp\",\"width\":350,\"height\":350,\"caption\":\"Abrazaderas de prueba de interfaz\"},{\"@type\":\"BreadcrumbList\",\"@id\":\"https:\\\/\\\/conexmetals.com\\\/es\\\/producto\\\/abrazaderas-de-prueba-de-interfaz\\\/#breadcrumb\",\"itemListElement\":[{\"@type\":\"ListItem\",\"position\":1,\"name\":\"Home\",\"item\":\"https:\\\/\\\/conexmetals.com\\\/es\\\/hogar\\\/\"},{\"@type\":\"ListItem\",\"position\":2,\"name\":\"Products\",\"item\":\"https:\\\/\\\/conexmetals.com\\\/products\\\/\"},{\"@type\":\"ListItem\",\"position\":3,\"name\":\"Abrazaderas de prueba de interfaz\"}]},{\"@type\":\"WebSite\",\"@id\":\"https:\\\/\\\/conexmetals.com\\\/es\\\/#website\",\"url\":\"https:\\\/\\\/conexmetals.com\\\/es\\\/\",\"name\":\"Conex Metals Brass Fittings Brass Parts Copper Parts Brass Components Brass Plumbing Fittings India\",\"description\":\"Manufacturer of Bronze Fittings casting Copper Brass parts components\",\"publisher\":{\"@id\":\"https:\\\/\\\/conexmetals.com\\\/es\\\/#organization\"},\"potentialAction\":[{\"@type\":\"SearchAction\",\"target\":{\"@type\":\"EntryPoint\",\"urlTemplate\":\"https:\\\/\\\/conexmetals.com\\\/es\\\/?s={search_term_string}\"},\"query-input\":{\"@type\":\"PropertyValueSpecification\",\"valueRequired\":true,\"valueName\":\"search_term_string\"}}],\"inLanguage\":\"es\"},{\"@type\":\"Organization\",\"@id\":\"https:\\\/\\\/conexmetals.com\\\/es\\\/#organization\",\"name\":\"Conex Metals Brass Fittings Brass Parts Copper Parts Brass Components Brass Plumbing Fittings India\",\"url\":\"https:\\\/\\\/conexmetals.com\\\/es\\\/\",\"logo\":{\"@type\":\"ImageObject\",\"inLanguage\":\"es\",\"@id\":\"https:\\\/\\\/conexmetals.com\\\/es\\\/#\\\/schema\\\/logo\\\/image\\\/\",\"url\":\"https:\\\/\\\/conexmetals.com\\\/wp-content\\\/uploads\\\/2024\\\/03\\\/conex-metals-logo.webp\",\"contentUrl\":\"https:\\\/\\\/conexmetals.com\\\/wp-content\\\/uploads\\\/2024\\\/03\\\/conex-metals-logo.webp\",\"width\":300,\"height\":121,\"caption\":\"Conex Metals Brass Fittings Brass Parts Copper Parts Brass Components Brass Plumbing Fittings India\"},\"image\":{\"@id\":\"https:\\\/\\\/conexmetals.com\\\/es\\\/#\\\/schema\\\/logo\\\/image\\\/\"},\"sameAs\":[\"https:\\\/\\\/www.facebook.com\\\/conexbrass\",\"https:\\\/\\\/x.com\\\/conexindia\",\"https:\\\/\\\/www.linkedin.com\\\/company\\\/conex-metals-india\\\/\",\"https:\\\/\\\/www.instagram.com\\\/conexindia\\\/\"]}]}<\/script>\n<!-- \/ Yoast SEO plugin. -->","yoast_head_json":{"title":"Abrazaderas de prueba de interfaz","description":"Descubra las abrazaderas de prueba de interfaz de Conex Metals, que incluyen abrazaderas de cobre y abrazaderas de bronce. Nuestra gama garantiza un rendimiento y fiabilidad excepcionales para diversas aplicaciones de prueba. Fabricante, exportador y proveedor de confianza de la India.","robots":{"index":"index","follow":"follow","max-snippet":"max-snippet:-1","max-image-preview":"max-image-preview:large","max-video-preview":"max-video-preview:-1"},"canonical":"https:\/\/conexmetals.com\/es\/producto\/abrazaderas-de-prueba-de-interfaz\/","schema":{"@context":"https:\/\/schema.org","@graph":[{"@type":"WebPage","@id":"https:\/\/conexmetals.com\/es\/producto\/abrazaderas-de-prueba-de-interfaz\/","url":"https:\/\/conexmetals.com\/es\/producto\/abrazaderas-de-prueba-de-interfaz\/","name":"Abrazaderas de prueba de interfaz","isPartOf":{"@id":"https:\/\/conexmetals.com\/es\/#website"},"primaryImageOfPage":{"@id":"https:\/\/conexmetals.com\/es\/producto\/abrazaderas-de-prueba-de-interfaz\/#primaryimage"},"image":{"@id":"https:\/\/conexmetals.com\/es\/producto\/abrazaderas-de-prueba-de-interfaz\/#primaryimage"},"thumbnailUrl":"https:\/\/conexmetals.com\/wp-content\/uploads\/2025\/01\/Abrazaderas-de-prueba-de-interfaz.webp","datePublished":"2023-08-18T05:08:16+00:00","dateModified":"2025-01-02T11:15:00+00:00","description":"Descubra las abrazaderas de prueba de interfaz de Conex Metals, que incluyen abrazaderas de cobre y abrazaderas de bronce. Nuestra gama garantiza un rendimiento y fiabilidad excepcionales para diversas aplicaciones de prueba. Fabricante, exportador y proveedor de confianza de la India.","breadcrumb":{"@id":"https:\/\/conexmetals.com\/es\/producto\/abrazaderas-de-prueba-de-interfaz\/#breadcrumb"},"inLanguage":"es","potentialAction":[{"@type":"ReadAction","target":["https:\/\/conexmetals.com\/es\/producto\/abrazaderas-de-prueba-de-interfaz\/"]}]},{"@type":"ImageObject","inLanguage":"es","@id":"https:\/\/conexmetals.com\/es\/producto\/abrazaderas-de-prueba-de-interfaz\/#primaryimage","url":"https:\/\/conexmetals.com\/wp-content\/uploads\/2025\/01\/Abrazaderas-de-prueba-de-interfaz.webp","contentUrl":"https:\/\/conexmetals.com\/wp-content\/uploads\/2025\/01\/Abrazaderas-de-prueba-de-interfaz.webp","width":350,"height":350,"caption":"Abrazaderas de prueba de interfaz"},{"@type":"BreadcrumbList","@id":"https:\/\/conexmetals.com\/es\/producto\/abrazaderas-de-prueba-de-interfaz\/#breadcrumb","itemListElement":[{"@type":"ListItem","position":1,"name":"Home","item":"https:\/\/conexmetals.com\/es\/hogar\/"},{"@type":"ListItem","position":2,"name":"Products","item":"https:\/\/conexmetals.com\/products\/"},{"@type":"ListItem","position":3,"name":"Abrazaderas de prueba de interfaz"}]},{"@type":"WebSite","@id":"https:\/\/conexmetals.com\/es\/#website","url":"https:\/\/conexmetals.com\/es\/","name":"Conex Metals Brass Fittings Brass Parts Copper Parts Brass Components Brass Plumbing Fittings India","description":"Manufacturer of Bronze Fittings casting Copper Brass parts components","publisher":{"@id":"https:\/\/conexmetals.com\/es\/#organization"},"potentialAction":[{"@type":"SearchAction","target":{"@type":"EntryPoint","urlTemplate":"https:\/\/conexmetals.com\/es\/?s={search_term_string}"},"query-input":{"@type":"PropertyValueSpecification","valueRequired":true,"valueName":"search_term_string"}}],"inLanguage":"es"},{"@type":"Organization","@id":"https:\/\/conexmetals.com\/es\/#organization","name":"Conex Metals Brass Fittings Brass Parts Copper Parts Brass Components Brass Plumbing Fittings India","url":"https:\/\/conexmetals.com\/es\/","logo":{"@type":"ImageObject","inLanguage":"es","@id":"https:\/\/conexmetals.com\/es\/#\/schema\/logo\/image\/","url":"https:\/\/conexmetals.com\/wp-content\/uploads\/2024\/03\/conex-metals-logo.webp","contentUrl":"https:\/\/conexmetals.com\/wp-content\/uploads\/2024\/03\/conex-metals-logo.webp","width":300,"height":121,"caption":"Conex Metals Brass Fittings Brass Parts Copper Parts Brass Components Brass Plumbing Fittings India"},"image":{"@id":"https:\/\/conexmetals.com\/es\/#\/schema\/logo\/image\/"},"sameAs":["https:\/\/www.facebook.com\/conexbrass","https:\/\/x.com\/conexindia","https:\/\/www.linkedin.com\/company\/conex-metals-india\/","https:\/\/www.instagram.com\/conexindia\/"]}]}},"_links":{"self":[{"href":"https:\/\/conexmetals.com\/es\/wp-json\/wp\/v2\/product\/12613","targetHints":{"allow":["GET"]}}],"collection":[{"href":"https:\/\/conexmetals.com\/es\/wp-json\/wp\/v2\/product"}],"about":[{"href":"https:\/\/conexmetals.com\/es\/wp-json\/wp\/v2\/types\/product"}],"wp:featuredmedia":[{"embeddable":true,"href":"https:\/\/conexmetals.com\/es\/wp-json\/wp\/v2\/media\/12533"}],"wp:attachment":[{"href":"https:\/\/conexmetals.com\/es\/wp-json\/wp\/v2\/media?parent=12613"}],"wp:term":[{"taxonomy":"product_brand","embeddable":true,"href":"https:\/\/conexmetals.com\/es\/wp-json\/wp\/v2\/product_brand?post=12613"},{"taxonomy":"product_cat","embeddable":true,"href":"https:\/\/conexmetals.com\/es\/wp-json\/wp\/v2\/product_cat?post=12613"},{"taxonomy":"product_tag","embeddable":true,"href":"https:\/\/conexmetals.com\/es\/wp-json\/wp\/v2\/product_tag?post=12613"}],"curies":[{"name":"wp","href":"https:\/\/api.w.org\/{rel}","templated":true}]}}