{"id":12618,"date":"2023-08-18T10:39:41","date_gmt":"2023-08-18T05:09:41","guid":{"rendered":"https:\/\/conexmetals.com\/?post_type=product&#038;p=12618"},"modified":"2025-01-02T17:10:17","modified_gmt":"2025-01-02T11:40:17","slug":"puntos-de-puesta-a-tierra-multiples","status":"publish","type":"product","link":"https:\/\/conexmetals.com\/es\/producto\/puntos-de-puesta-a-tierra-multiples\/","title":{"rendered":"Puntos de puesta a tierra m\u00faltiples"},"content":{"rendered":"","protected":false},"excerpt":{"rendered":"<p><strong><img fetchpriority=\"high\" decoding=\"async\" class=\"alignnone wp-image-12301 size-full lazy loaded\" src=\"https:\/\/conexmetals.com\/wp-content\/uploads\/2023\/08\/Multi-Point.webp\" alt=\"Multipunto\" width=\"600\" height=\"320\" data-src=\"https:\/\/conexmetals.com\/wp-content\/uploads\/2023\/08\/Multi-Point.webp\" data-was-processed=\"true\" srcset=\"https:\/\/conexmetals.com\/wp-content\/uploads\/2023\/08\/Multi-Point.webp 600w, https:\/\/conexmetals.com\/wp-content\/uploads\/2023\/08\/Multi-Point-300x160.webp 300w\" sizes=\"(max-width: 600px) 100vw, 600px\" \/><\/strong><\/p>\n<table id=\"tablepress-391\" class=\"tablepress tablepress-id-391\">\n<caption>\u00a0<\/caption>\n<thead>\n<tr class=\"row-1 odd\">\n<th class=\"column-1\" colspan=\"3\"><strong><span>Dimensi\u00f3n<\/span><\/strong><\/th>\n<\/tr>\n<\/thead>\n<tbody class=\"row-hover\">\n<tr class=\"row-2 even\">\n<td class=\"column-1\"><strong><span>Di\u00e1metro de la varilla.<\/span><\/strong><\/td>\n<td class=\"column-2\"><strong><span>Di\u00e1metro de la rosca.<\/span><\/strong><\/td>\n<td class=\"column-3\"><strong><span>Longitud de la varilla<\/span><\/strong><\/td>\n<\/tr>\n<tr class=\"row-3 odd\">\n<td class=\"column-1\"><span>15<\/span><\/td>\n<td class=\"column-2\"><span>5\/8&#8242;<\/span><\/td>\n<td class=\"column-3\"><span>500<\/span><\/td>\n<\/tr>\n<tr class=\"row-4 even\">\n<td class=\"column-1\"><span>15<\/span><\/td>\n<td class=\"column-2\"><span>5\/8&#8242;<\/span><\/td>\n<td class=\"column-3\"><span>1000<\/span><\/td>\n<\/tr>\n<tr class=\"row-5 odd\">\n<td class=\"column-1\"><span>15<\/span><\/td>\n<td class=\"column-2\"><span>5\/8&#8242;<\/span><\/td>\n<td class=\"column-3\"><span>2000<\/span><\/td>\n<\/tr>\n<\/tbody>\n<\/table>\n<p><strong><span>Puntos m\u00faltiples de alta calidad para puesta a tierra y protecci\u00f3n contra rayos<\/span><\/strong><\/p>\n<p><span>Nuestros\u00a0<\/span><strong><span>Multiple Points<\/span><\/strong><span>\u00a0est\u00e1n elaborados meticulosamente con tecnolog\u00eda avanzada y materiales de primera calidad para ofrecer un rendimiento, una durabilidad y una facilidad de uso excepcionales. Fabricados con precisi\u00f3n, estos productos garantizan precisi\u00f3n dimensional, funcionalidad s\u00f3lida y una experiencia de instalaci\u00f3n perfecta.<\/span><\/p>\n<p><span>Dise\u00f1ados para usarse con terminales a\u00e9reos de cobre, nuestros\u00a0<\/span><strong><span>puntos m\u00faltiples<\/span><\/strong><span>\u00a0se integran perfectamente en las redes de terminaci\u00f3n a\u00e9rea. El cuerpo del punto m\u00faltiple est\u00e1 hecho de aleaci\u00f3n de cobre de alta calidad, mientras que las puntas est\u00e1n compuestas de cobre puro, lo que garantiza confiabilidad y rendimiento.<\/span><\/p>\n<p><strong><span>Aplicaciones y funciones<\/span><\/strong><\/p>\n<p><strong><span>Los puntos m\u00faltiples<\/span><\/strong><span>\u00a0son componentes esenciales para los sistemas de puesta a tierra y protecci\u00f3n contra rayos, ya que proporcionan rutas de baja resistencia para las corrientes de falla. Est\u00e1n hechos de materiales como cobre, bronce o bronce de ca\u00f1\u00f3n y vienen en varios di\u00e1metros de varilla que van desde 14,2 mm hasta 19,8 mm. Estos productos tambi\u00e9n se pueden personalizar en t\u00e9rminos de acabado y color para adaptarse a requisitos espec\u00edficos.<\/span><\/p>\n<p><strong><span>Gama de productos<\/span><\/strong><\/p>\n<ul>\n<li><strong><span>Varillas de puesta a tierra de puntos m\u00faltiples<\/span><\/strong><\/li>\n<li><strong><span>Sillines de varilla de aire de m\u00faltiples puntos<\/span><\/strong><\/li>\n<li><strong><span>Terminales de tierra multipunto<\/span><\/strong><\/li>\n<li><strong><span>Terminales a\u00e9reas multipunto<\/span><\/strong><\/li>\n<li><strong><span>Soluciones personalizadas de puesta a tierra multipunto<\/span><\/strong><\/li>\n<\/ul>\n<p><strong><span>Caracter\u00edsticas clave<\/span><\/strong><\/p>\n<ul>\n<li><span>Mayor resistencia a la intemperie<\/span><\/li>\n<li><span>Ligero y robusto<\/span><\/li>\n<li><span>Construcci\u00f3n a prueba de corrosi\u00f3n<\/span><\/li>\n<li><span>Precisi\u00f3n dimensional superior<\/span><\/li>\n<li><span>F\u00e1cil manejo e instalaci\u00f3n.<\/span><\/li>\n<li><span>Excelente acabado<\/span><\/li>\n<\/ul>\n<p><strong><span>Beneficios<\/span><\/strong><\/p>\n<ul>\n<li><span>Alta resistencia a la corrosi\u00f3n.<\/span><\/li>\n<li><span>Conductividad el\u00e9ctrica excepcional<\/span><\/li>\n<li><span>Dise\u00f1o libre de mantenimiento<\/span><\/li>\n<\/ul>\n<p><strong><span>Presupuesto<\/span><\/strong><\/p>\n<ul>\n<li><strong><span>Material<\/span><\/strong><span>\u00a0: cobre, bronce, lat\u00f3n<\/span><\/li>\n<li><strong><span>Di\u00e1metro de la varilla<\/span><\/strong><span>\u00a0: 16-5\/8\u201d a 19-3\/4\u201d<\/span><\/li>\n<li><strong><span>Normas<\/span><\/strong><span>\u00a0: BS:EN 62561-2<\/span><\/li>\n<li><strong><span>Acabado<\/span><\/strong><span>\u00a0: Lat\u00f3n<\/span><\/li>\n<li><strong><span>C\u00f3digo de producto<\/span><\/strong><span>\u00a0: Personalizable<\/span><\/li>\n<\/ul>\n<p><strong><span>\u00bfPor qu\u00e9 elegir nuestros Puntos M\u00faltiples?<\/span><\/strong><\/p>\n<p><span>Nuestros\u00a0<\/span><strong><span>puntos m\u00faltiples<\/span><\/strong><span>\u00a0han ganado una popularidad significativa como componentes esenciales en instalaciones el\u00e9ctricas, abordando problemas como interferencias de bucle de tierra y zumbidos en la red el\u00e9ctrica. Fabricados en instalaciones de \u00faltima generaci\u00f3n, estos productos son adecuados tanto para aplicaciones residenciales como industriales.<\/span><\/p>\n<p><span>Tambi\u00e9n ofrecemos\u00a0<\/span><strong><span>mecanismos multipunto<\/span><\/strong><span>\u00a0para mejorar la resistencia y la integridad de los sellos de las puertas, a menudo combinados con molduras a juego para complementar el dise\u00f1o. Estos mecanismos contribuyen a reducir la deformaci\u00f3n y mejorar la durabilidad.<\/span><\/p>\n<p><span>Elija entre una amplia selecci\u00f3n de\u00a0<\/span><strong><span>puntos m\u00faltiples<\/span><\/strong><span>\u00a0para satisfacer las necesidades espec\u00edficas de su proyecto, todos disponibles a precios competitivos.<\/span><\/p>\n","protected":false},"featured_media":12538,"template":"","meta":[],"product_brand":[],"product_cat":[383],"product_tag":[],"class_list":{"0":"post-12618","1":"product","2":"type-product","3":"status-publish","4":"has-post-thumbnail","6":"product_cat-accesorios-de-conexion-a-tierra","8":"first","9":"instock","10":"shipping-taxable","11":"product-type-simple"},"yoast_head":"<!-- This site is optimized with the Yoast SEO plugin v27.3 - https:\/\/yoast.com\/product\/yoast-seo-wordpress\/ -->\n<title>Puntos de puesta a tierra m\u00faltiples<\/title>\n<meta name=\"description\" content=\"Conex Metals se especializa en Puntos de Puesta a Tierra M\u00faltiples, incluyendo Puntos M\u00faltiples de Cobre y Componentes del Sistema de Puesta a Tierra. Nuestros Conectores El\u00e9ctricos de Puesta a Tierra y Puntos de Puesta a Tierra Industriales brindan soluciones de puesta a tierra seguras y eficientes. Fabricante, exportador y proveedor l\u00edder de India.\" \/>\n<meta name=\"robots\" content=\"index, follow, max-snippet:-1, max-image-preview:large, max-video-preview:-1\" \/>\n<link rel=\"canonical\" href=\"https:\/\/conexmetals.com\/es\/producto\/puntos-de-puesta-a-tierra-multiples\/\" \/>\n<script type=\"application\/ld+json\" class=\"yoast-schema-graph\">{\"@context\":\"https:\\\/\\\/schema.org\",\"@graph\":[{\"@type\":\"WebPage\",\"@id\":\"https:\\\/\\\/conexmetals.com\\\/es\\\/producto\\\/puntos-de-puesta-a-tierra-multiples\\\/\",\"url\":\"https:\\\/\\\/conexmetals.com\\\/es\\\/producto\\\/puntos-de-puesta-a-tierra-multiples\\\/\",\"name\":\"Puntos de puesta a tierra m\u00faltiples\",\"isPartOf\":{\"@id\":\"https:\\\/\\\/conexmetals.com\\\/es\\\/#website\"},\"primaryImageOfPage\":{\"@id\":\"https:\\\/\\\/conexmetals.com\\\/es\\\/producto\\\/puntos-de-puesta-a-tierra-multiples\\\/#primaryimage\"},\"image\":{\"@id\":\"https:\\\/\\\/conexmetals.com\\\/es\\\/producto\\\/puntos-de-puesta-a-tierra-multiples\\\/#primaryimage\"},\"thumbnailUrl\":\"https:\\\/\\\/conexmetals.com\\\/wp-content\\\/uploads\\\/2025\\\/01\\\/Puntos-de-puesta-a-tierra-multiples.webp\",\"datePublished\":\"2023-08-18T05:09:41+00:00\",\"dateModified\":\"2025-01-02T11:40:17+00:00\",\"description\":\"Conex Metals se especializa en Puntos de Puesta a Tierra M\u00faltiples, incluyendo Puntos M\u00faltiples de Cobre y Componentes del Sistema de Puesta a Tierra. Nuestros Conectores El\u00e9ctricos de Puesta a Tierra y Puntos de Puesta a Tierra Industriales brindan soluciones de puesta a tierra seguras y eficientes. Fabricante, exportador y proveedor l\u00edder de India.\",\"breadcrumb\":{\"@id\":\"https:\\\/\\\/conexmetals.com\\\/es\\\/producto\\\/puntos-de-puesta-a-tierra-multiples\\\/#breadcrumb\"},\"inLanguage\":\"es\",\"potentialAction\":[{\"@type\":\"ReadAction\",\"target\":[\"https:\\\/\\\/conexmetals.com\\\/es\\\/producto\\\/puntos-de-puesta-a-tierra-multiples\\\/\"]}]},{\"@type\":\"ImageObject\",\"inLanguage\":\"es\",\"@id\":\"https:\\\/\\\/conexmetals.com\\\/es\\\/producto\\\/puntos-de-puesta-a-tierra-multiples\\\/#primaryimage\",\"url\":\"https:\\\/\\\/conexmetals.com\\\/wp-content\\\/uploads\\\/2025\\\/01\\\/Puntos-de-puesta-a-tierra-multiples.webp\",\"contentUrl\":\"https:\\\/\\\/conexmetals.com\\\/wp-content\\\/uploads\\\/2025\\\/01\\\/Puntos-de-puesta-a-tierra-multiples.webp\",\"width\":350,\"height\":350,\"caption\":\"Puntos de puesta a tierra m\u00faltiples\"},{\"@type\":\"BreadcrumbList\",\"@id\":\"https:\\\/\\\/conexmetals.com\\\/es\\\/producto\\\/puntos-de-puesta-a-tierra-multiples\\\/#breadcrumb\",\"itemListElement\":[{\"@type\":\"ListItem\",\"position\":1,\"name\":\"Home\",\"item\":\"https:\\\/\\\/conexmetals.com\\\/es\\\/hogar\\\/\"},{\"@type\":\"ListItem\",\"position\":2,\"name\":\"Products\",\"item\":\"https:\\\/\\\/conexmetals.com\\\/products\\\/\"},{\"@type\":\"ListItem\",\"position\":3,\"name\":\"Puntos de puesta a tierra m\u00faltiples\"}]},{\"@type\":\"WebSite\",\"@id\":\"https:\\\/\\\/conexmetals.com\\\/es\\\/#website\",\"url\":\"https:\\\/\\\/conexmetals.com\\\/es\\\/\",\"name\":\"Conex Metals Brass Fittings Brass Parts Copper Parts Brass Components Brass Plumbing Fittings India\",\"description\":\"Manufacturer of Bronze Fittings casting Copper Brass parts components\",\"publisher\":{\"@id\":\"https:\\\/\\\/conexmetals.com\\\/es\\\/#organization\"},\"potentialAction\":[{\"@type\":\"SearchAction\",\"target\":{\"@type\":\"EntryPoint\",\"urlTemplate\":\"https:\\\/\\\/conexmetals.com\\\/es\\\/?s={search_term_string}\"},\"query-input\":{\"@type\":\"PropertyValueSpecification\",\"valueRequired\":true,\"valueName\":\"search_term_string\"}}],\"inLanguage\":\"es\"},{\"@type\":\"Organization\",\"@id\":\"https:\\\/\\\/conexmetals.com\\\/es\\\/#organization\",\"name\":\"Conex Metals Brass Fittings Brass Parts Copper Parts Brass Components Brass Plumbing Fittings India\",\"url\":\"https:\\\/\\\/conexmetals.com\\\/es\\\/\",\"logo\":{\"@type\":\"ImageObject\",\"inLanguage\":\"es\",\"@id\":\"https:\\\/\\\/conexmetals.com\\\/es\\\/#\\\/schema\\\/logo\\\/image\\\/\",\"url\":\"https:\\\/\\\/conexmetals.com\\\/wp-content\\\/uploads\\\/2024\\\/03\\\/conex-metals-logo.webp\",\"contentUrl\":\"https:\\\/\\\/conexmetals.com\\\/wp-content\\\/uploads\\\/2024\\\/03\\\/conex-metals-logo.webp\",\"width\":300,\"height\":121,\"caption\":\"Conex Metals Brass Fittings Brass Parts Copper Parts Brass Components Brass Plumbing Fittings India\"},\"image\":{\"@id\":\"https:\\\/\\\/conexmetals.com\\\/es\\\/#\\\/schema\\\/logo\\\/image\\\/\"},\"sameAs\":[\"https:\\\/\\\/www.facebook.com\\\/conexbrass\",\"https:\\\/\\\/x.com\\\/conexindia\",\"https:\\\/\\\/www.linkedin.com\\\/company\\\/conex-metals-india\\\/\",\"https:\\\/\\\/www.instagram.com\\\/conexindia\\\/\"]}]}<\/script>\n<!-- \/ Yoast SEO plugin. -->","yoast_head_json":{"title":"Puntos de puesta a tierra m\u00faltiples","description":"Conex Metals se especializa en Puntos de Puesta a Tierra M\u00faltiples, incluyendo Puntos M\u00faltiples de Cobre y Componentes del Sistema de Puesta a Tierra. Nuestros Conectores El\u00e9ctricos de Puesta a Tierra y Puntos de Puesta a Tierra Industriales brindan soluciones de puesta a tierra seguras y eficientes. Fabricante, exportador y proveedor l\u00edder de India.","robots":{"index":"index","follow":"follow","max-snippet":"max-snippet:-1","max-image-preview":"max-image-preview:large","max-video-preview":"max-video-preview:-1"},"canonical":"https:\/\/conexmetals.com\/es\/producto\/puntos-de-puesta-a-tierra-multiples\/","schema":{"@context":"https:\/\/schema.org","@graph":[{"@type":"WebPage","@id":"https:\/\/conexmetals.com\/es\/producto\/puntos-de-puesta-a-tierra-multiples\/","url":"https:\/\/conexmetals.com\/es\/producto\/puntos-de-puesta-a-tierra-multiples\/","name":"Puntos de puesta a tierra m\u00faltiples","isPartOf":{"@id":"https:\/\/conexmetals.com\/es\/#website"},"primaryImageOfPage":{"@id":"https:\/\/conexmetals.com\/es\/producto\/puntos-de-puesta-a-tierra-multiples\/#primaryimage"},"image":{"@id":"https:\/\/conexmetals.com\/es\/producto\/puntos-de-puesta-a-tierra-multiples\/#primaryimage"},"thumbnailUrl":"https:\/\/conexmetals.com\/wp-content\/uploads\/2025\/01\/Puntos-de-puesta-a-tierra-multiples.webp","datePublished":"2023-08-18T05:09:41+00:00","dateModified":"2025-01-02T11:40:17+00:00","description":"Conex Metals se especializa en Puntos de Puesta a Tierra M\u00faltiples, incluyendo Puntos M\u00faltiples de Cobre y Componentes del Sistema de Puesta a Tierra. Nuestros Conectores El\u00e9ctricos de Puesta a Tierra y Puntos de Puesta a Tierra Industriales brindan soluciones de puesta a tierra seguras y eficientes. Fabricante, exportador y proveedor l\u00edder de India.","breadcrumb":{"@id":"https:\/\/conexmetals.com\/es\/producto\/puntos-de-puesta-a-tierra-multiples\/#breadcrumb"},"inLanguage":"es","potentialAction":[{"@type":"ReadAction","target":["https:\/\/conexmetals.com\/es\/producto\/puntos-de-puesta-a-tierra-multiples\/"]}]},{"@type":"ImageObject","inLanguage":"es","@id":"https:\/\/conexmetals.com\/es\/producto\/puntos-de-puesta-a-tierra-multiples\/#primaryimage","url":"https:\/\/conexmetals.com\/wp-content\/uploads\/2025\/01\/Puntos-de-puesta-a-tierra-multiples.webp","contentUrl":"https:\/\/conexmetals.com\/wp-content\/uploads\/2025\/01\/Puntos-de-puesta-a-tierra-multiples.webp","width":350,"height":350,"caption":"Puntos de puesta a tierra m\u00faltiples"},{"@type":"BreadcrumbList","@id":"https:\/\/conexmetals.com\/es\/producto\/puntos-de-puesta-a-tierra-multiples\/#breadcrumb","itemListElement":[{"@type":"ListItem","position":1,"name":"Home","item":"https:\/\/conexmetals.com\/es\/hogar\/"},{"@type":"ListItem","position":2,"name":"Products","item":"https:\/\/conexmetals.com\/products\/"},{"@type":"ListItem","position":3,"name":"Puntos de puesta a tierra m\u00faltiples"}]},{"@type":"WebSite","@id":"https:\/\/conexmetals.com\/es\/#website","url":"https:\/\/conexmetals.com\/es\/","name":"Conex Metals Brass Fittings Brass Parts Copper Parts Brass Components Brass Plumbing Fittings India","description":"Manufacturer of Bronze Fittings casting Copper Brass parts components","publisher":{"@id":"https:\/\/conexmetals.com\/es\/#organization"},"potentialAction":[{"@type":"SearchAction","target":{"@type":"EntryPoint","urlTemplate":"https:\/\/conexmetals.com\/es\/?s={search_term_string}"},"query-input":{"@type":"PropertyValueSpecification","valueRequired":true,"valueName":"search_term_string"}}],"inLanguage":"es"},{"@type":"Organization","@id":"https:\/\/conexmetals.com\/es\/#organization","name":"Conex Metals Brass Fittings Brass Parts Copper Parts Brass Components Brass Plumbing Fittings India","url":"https:\/\/conexmetals.com\/es\/","logo":{"@type":"ImageObject","inLanguage":"es","@id":"https:\/\/conexmetals.com\/es\/#\/schema\/logo\/image\/","url":"https:\/\/conexmetals.com\/wp-content\/uploads\/2024\/03\/conex-metals-logo.webp","contentUrl":"https:\/\/conexmetals.com\/wp-content\/uploads\/2024\/03\/conex-metals-logo.webp","width":300,"height":121,"caption":"Conex Metals Brass Fittings Brass Parts Copper Parts Brass Components Brass Plumbing Fittings India"},"image":{"@id":"https:\/\/conexmetals.com\/es\/#\/schema\/logo\/image\/"},"sameAs":["https:\/\/www.facebook.com\/conexbrass","https:\/\/x.com\/conexindia","https:\/\/www.linkedin.com\/company\/conex-metals-india\/","https:\/\/www.instagram.com\/conexindia\/"]}]}},"_links":{"self":[{"href":"https:\/\/conexmetals.com\/es\/wp-json\/wp\/v2\/product\/12618","targetHints":{"allow":["GET"]}}],"collection":[{"href":"https:\/\/conexmetals.com\/es\/wp-json\/wp\/v2\/product"}],"about":[{"href":"https:\/\/conexmetals.com\/es\/wp-json\/wp\/v2\/types\/product"}],"wp:featuredmedia":[{"embeddable":true,"href":"https:\/\/conexmetals.com\/es\/wp-json\/wp\/v2\/media\/12538"}],"wp:attachment":[{"href":"https:\/\/conexmetals.com\/es\/wp-json\/wp\/v2\/media?parent=12618"}],"wp:term":[{"taxonomy":"product_brand","embeddable":true,"href":"https:\/\/conexmetals.com\/es\/wp-json\/wp\/v2\/product_brand?post=12618"},{"taxonomy":"product_cat","embeddable":true,"href":"https:\/\/conexmetals.com\/es\/wp-json\/wp\/v2\/product_cat?post=12618"},{"taxonomy":"product_tag","embeddable":true,"href":"https:\/\/conexmetals.com\/es\/wp-json\/wp\/v2\/product_tag?post=12618"}],"curies":[{"name":"wp","href":"https:\/\/api.w.org\/{rel}","templated":true}]}}