{"id":12638,"date":"2023-08-18T10:32:52","date_gmt":"2023-08-18T05:02:52","guid":{"rendered":"https:\/\/conexmetals.com\/?post_type=product&#038;p=12638"},"modified":"2025-01-03T12:49:37","modified_gmt":"2025-01-03T07:19:37","slug":"conexiones-rwp-para-tuberias-de-agua-de-lluvia","status":"publish","type":"product","link":"https:\/\/conexmetals.com\/es\/producto\/conexiones-rwp-para-tuberias-de-agua-de-lluvia\/","title":{"rendered":"Conexiones RWP para tuber\u00edas de agua de lluvia"},"content":{"rendered":"","protected":false},"excerpt":{"rendered":"<div class=\"elementor-element elementor-element-d6f7035 elementor-widget elementor-widget-woocommerce-product-title elementor-page-title elementor-widget-heading\" data-id=\"d6f7035\" data-element_type=\"widget\" data-widget_type=\"woocommerce-product-title.default\">\n<div class=\"elementor-widget-container\">\n<table id=\"tablepress-341\" class=\"tablepress tablepress-id-341\">\n<caption>\u00a0<\/caption>\n<thead>\n<tr class=\"row-1 odd\">\n<th class=\"column-1\" colspan=\"4\"><strong>Tuber\u00eda de agua de lluvia RWP Bonds<\/strong><\/th>\n<\/tr>\n<\/thead>\n<tbody class=\"row-hover\">\n<tr class=\"row-2 even\">\n<td class=\"column-1\"><strong>Ancho m\u00e1ximo de cinta (mm)<\/strong><\/td>\n<td class=\"column-2\"><strong>Tama\u00f1o del perno<\/strong><\/td>\n<td class=\"column-3\"><strong>Material conductor<\/strong><\/td>\n<td class=\"column-4\"><strong>Peso c\/u (kg)<\/strong><\/td>\n<\/tr>\n<tr class=\"row-3 odd\">\n<td class=\"column-1\">26<\/td>\n<td class=\"column-2\">M10<\/td>\n<td class=\"column-3\">Cobre<\/td>\n<td class=\"column-4\">0,12<\/td>\n<\/tr>\n<tr class=\"row-4 even\">\n<td class=\"column-1\">26<\/td>\n<td class=\"column-2\">M10<\/td>\n<td class=\"column-3\">Aluminio<\/td>\n<td class=\"column-4\">0,07 g<\/td>\n<\/tr>\n<\/tbody>\n<\/table>\n<\/div>\n<\/div>\n<div class=\"elementor-element elementor-element-36d2ab8 elementor-widget elementor-widget-woocommerce-product-short-description\" data-id=\"36d2ab8\" data-element_type=\"widget\" data-widget_type=\"woocommerce-product-short-description.default\">\n<div class=\"elementor-widget-container\">\n<div class=\"woocommerce-product-details__short-description\">\n<p><img fetchpriority=\"high\" decoding=\"async\" class=\"size-full wp-image-6740 alignright lazy loaded\" src=\"https:\/\/conexmetals.com\/wp-content\/uploads\/2023\/08\/rwp-line-drawing.png\" alt=\"dibujo lineal rwp\" width=\"250\" height=\"250\" data-src=\"https:\/\/conexmetals.com\/wp-content\/uploads\/2023\/08\/rwp-line-drawing.png\" data-was-processed=\"true\" srcset=\"https:\/\/conexmetals.com\/wp-content\/uploads\/2023\/08\/rwp-line-drawing.png 250w, https:\/\/conexmetals.com\/wp-content\/uploads\/2023\/08\/rwp-line-drawing-150x150.png 150w, https:\/\/conexmetals.com\/wp-content\/uploads\/2023\/08\/rwp-line-drawing-100x100.png 100w\" sizes=\"(max-width: 250px) 100vw, 250px\" \/>Las conexiones de bajantes de aguas pluviales (RWP), tambi\u00e9n conocidas como conexiones de bajantes de aguas pluviales o conexiones de canalones, son conexiones el\u00e9ctricas que se utilizan para proporcionar una conexi\u00f3n a tierra eficaz a las tuber\u00edas o canalones de aguas pluviales. Son un componente importante de los sistemas de protecci\u00f3n contra rayos y de puesta a tierra, ya que garantizan la disipaci\u00f3n segura de las corrientes de los rayos y evitan los peligros el\u00e9ctricos que pueden surgir debido a la ca\u00edda de rayos en las tuber\u00edas de aguas pluviales del edificio.<\/p>\n<p>Las caracter\u00edsticas y usos clave de los bonos RWP incluyen:<\/p>\n<ol>\n<li>Seguridad el\u00e9ctrica: Las conexiones RWP est\u00e1n dise\u00f1adas para dirigir de manera segura las corrientes de los rayos lejos de las tuber\u00edas y canaletas de agua de lluvia, lo que reduce el riesgo de da\u00f1os estructurales y peligros el\u00e9ctricos.<\/li>\n<li>Protecci\u00f3n contra rayos: En un sistema de protecci\u00f3n contra rayos, las uniones RWP ayudan a crear una ruta de baja resistencia para que las corrientes de los rayos viajen de manera segura hasta el sistema de puesta a tierra, que dispersa la energ\u00eda el\u00e9ctrica en el suelo.<\/li>\n<li>Material: Los enlaces RWP generalmente est\u00e1n hechos de materiales de alta conductividad como cobre o cobre esta\u00f1ado, ya que estos materiales brindan una excelente conductividad el\u00e9ctrica y resistencia a la corrosi\u00f3n.<\/li>\n<li>Conexi\u00f3n: Los cables RWP se fijan de forma segura a las tuber\u00edas de agua de lluvia y luego se conectan al sistema de conexi\u00f3n a tierra principal del edificio, lo que garantiza una ruta confiable y continua para la corriente del rayo.<\/li>\n<li>Cumplimiento: Las conexiones RWP se instalan de acuerdo con los est\u00e1ndares reconocidos de la industria y los c\u00f3digos el\u00e9ctricos locales para garantizar el cumplimiento de los requisitos de seguridad.<\/li>\n<li>Inspecci\u00f3n y mantenimiento: La inspecci\u00f3n y el mantenimiento peri\u00f3dicos de las uniones de RWP son esenciales para garantizar su eficacia e integridad constantes. Las uniones da\u00f1adas o corro\u00eddas deben repararse o reemplazarse de inmediato.<\/li>\n<\/ol>\n<p>Las tuber\u00edas y canaletas de desag\u00fce pluvial suelen estar ubicadas en el exterior de los edificios y son susceptibles de ser alcanzadas por rayos durante tormentas el\u00e9ctricas. Sin una conexi\u00f3n a tierra adecuada, un rayo sobre una tuber\u00eda de desag\u00fce pluvial podr\u00eda provocar da\u00f1os el\u00e9ctricos, incendios o problemas estructurales.<\/p>\n<\/div>\n<\/div>\n<\/div>\n","protected":false},"featured_media":12548,"template":"","meta":[],"product_brand":[],"product_cat":[383],"product_tag":[],"class_list":{"0":"post-12638","1":"product","2":"type-product","3":"status-publish","4":"has-post-thumbnail","6":"product_cat-accesorios-de-conexion-a-tierra","8":"first","9":"instock","10":"shipping-taxable","11":"product-type-simple"},"yoast_head":"<!-- This site is optimized with the Yoast SEO plugin v27.3 - https:\/\/yoast.com\/product\/yoast-seo-wordpress\/ -->\n<title>Conexiones RWP para tuber\u00edas de agua de lluvia<\/title>\n<meta name=\"description\" content=\"Explore las Conexiones RWP para tuber\u00edas de agua de lluvia de Conex Metals, que incluyen abrazaderas de conexi\u00f3n a tierra para tuber\u00edas de agua de lluvia y soluciones de conexi\u00f3n para bajantes de canalones. Nuestros productos garantizan una protecci\u00f3n efectiva contra rayos y una puesta a tierra segura. Fabricante, exportador y proveedor confiable de India.\" \/>\n<meta name=\"robots\" content=\"index, follow, max-snippet:-1, max-image-preview:large, max-video-preview:-1\" \/>\n<link rel=\"canonical\" href=\"https:\/\/conexmetals.com\/es\/producto\/conexiones-rwp-para-tuberias-de-agua-de-lluvia\/\" \/>\n<script type=\"application\/ld+json\" class=\"yoast-schema-graph\">{\"@context\":\"https:\\\/\\\/schema.org\",\"@graph\":[{\"@type\":\"WebPage\",\"@id\":\"https:\\\/\\\/conexmetals.com\\\/es\\\/producto\\\/conexiones-rwp-para-tuberias-de-agua-de-lluvia\\\/\",\"url\":\"https:\\\/\\\/conexmetals.com\\\/es\\\/producto\\\/conexiones-rwp-para-tuberias-de-agua-de-lluvia\\\/\",\"name\":\"Conexiones RWP para tuber\u00edas de agua de lluvia\",\"isPartOf\":{\"@id\":\"https:\\\/\\\/conexmetals.com\\\/es\\\/#website\"},\"primaryImageOfPage\":{\"@id\":\"https:\\\/\\\/conexmetals.com\\\/es\\\/producto\\\/conexiones-rwp-para-tuberias-de-agua-de-lluvia\\\/#primaryimage\"},\"image\":{\"@id\":\"https:\\\/\\\/conexmetals.com\\\/es\\\/producto\\\/conexiones-rwp-para-tuberias-de-agua-de-lluvia\\\/#primaryimage\"},\"thumbnailUrl\":\"https:\\\/\\\/conexmetals.com\\\/wp-content\\\/uploads\\\/2025\\\/01\\\/Conexiones-RWP-para-tuberias-de-agua-de-lluvia.webp\",\"datePublished\":\"2023-08-18T05:02:52+00:00\",\"dateModified\":\"2025-01-03T07:19:37+00:00\",\"description\":\"Explore las Conexiones RWP para tuber\u00edas de agua de lluvia de Conex Metals, que incluyen abrazaderas de conexi\u00f3n a tierra para tuber\u00edas de agua de lluvia y soluciones de conexi\u00f3n para bajantes de canalones. Nuestros productos garantizan una protecci\u00f3n efectiva contra rayos y una puesta a tierra segura. Fabricante, exportador y proveedor confiable de India.\",\"breadcrumb\":{\"@id\":\"https:\\\/\\\/conexmetals.com\\\/es\\\/producto\\\/conexiones-rwp-para-tuberias-de-agua-de-lluvia\\\/#breadcrumb\"},\"inLanguage\":\"es\",\"potentialAction\":[{\"@type\":\"ReadAction\",\"target\":[\"https:\\\/\\\/conexmetals.com\\\/es\\\/producto\\\/conexiones-rwp-para-tuberias-de-agua-de-lluvia\\\/\"]}]},{\"@type\":\"ImageObject\",\"inLanguage\":\"es\",\"@id\":\"https:\\\/\\\/conexmetals.com\\\/es\\\/producto\\\/conexiones-rwp-para-tuberias-de-agua-de-lluvia\\\/#primaryimage\",\"url\":\"https:\\\/\\\/conexmetals.com\\\/wp-content\\\/uploads\\\/2025\\\/01\\\/Conexiones-RWP-para-tuberias-de-agua-de-lluvia.webp\",\"contentUrl\":\"https:\\\/\\\/conexmetals.com\\\/wp-content\\\/uploads\\\/2025\\\/01\\\/Conexiones-RWP-para-tuberias-de-agua-de-lluvia.webp\",\"width\":350,\"height\":350,\"caption\":\"Conexiones RWP para tuber\u00edas de agua de lluvia\"},{\"@type\":\"BreadcrumbList\",\"@id\":\"https:\\\/\\\/conexmetals.com\\\/es\\\/producto\\\/conexiones-rwp-para-tuberias-de-agua-de-lluvia\\\/#breadcrumb\",\"itemListElement\":[{\"@type\":\"ListItem\",\"position\":1,\"name\":\"Home\",\"item\":\"https:\\\/\\\/conexmetals.com\\\/es\\\/hogar\\\/\"},{\"@type\":\"ListItem\",\"position\":2,\"name\":\"Products\",\"item\":\"https:\\\/\\\/conexmetals.com\\\/products\\\/\"},{\"@type\":\"ListItem\",\"position\":3,\"name\":\"Conexiones RWP para tuber\u00edas de agua de lluvia\"}]},{\"@type\":\"WebSite\",\"@id\":\"https:\\\/\\\/conexmetals.com\\\/es\\\/#website\",\"url\":\"https:\\\/\\\/conexmetals.com\\\/es\\\/\",\"name\":\"Conex Metals Brass Fittings Brass Parts Copper Parts Brass Components Brass Plumbing Fittings India\",\"description\":\"Manufacturer of Bronze Fittings casting Copper Brass parts components\",\"publisher\":{\"@id\":\"https:\\\/\\\/conexmetals.com\\\/es\\\/#organization\"},\"potentialAction\":[{\"@type\":\"SearchAction\",\"target\":{\"@type\":\"EntryPoint\",\"urlTemplate\":\"https:\\\/\\\/conexmetals.com\\\/es\\\/?s={search_term_string}\"},\"query-input\":{\"@type\":\"PropertyValueSpecification\",\"valueRequired\":true,\"valueName\":\"search_term_string\"}}],\"inLanguage\":\"es\"},{\"@type\":\"Organization\",\"@id\":\"https:\\\/\\\/conexmetals.com\\\/es\\\/#organization\",\"name\":\"Conex Metals Brass Fittings Brass Parts Copper Parts Brass Components Brass Plumbing Fittings India\",\"url\":\"https:\\\/\\\/conexmetals.com\\\/es\\\/\",\"logo\":{\"@type\":\"ImageObject\",\"inLanguage\":\"es\",\"@id\":\"https:\\\/\\\/conexmetals.com\\\/es\\\/#\\\/schema\\\/logo\\\/image\\\/\",\"url\":\"https:\\\/\\\/conexmetals.com\\\/wp-content\\\/uploads\\\/2024\\\/03\\\/conex-metals-logo.webp\",\"contentUrl\":\"https:\\\/\\\/conexmetals.com\\\/wp-content\\\/uploads\\\/2024\\\/03\\\/conex-metals-logo.webp\",\"width\":300,\"height\":121,\"caption\":\"Conex Metals Brass Fittings Brass Parts Copper Parts Brass Components Brass Plumbing Fittings India\"},\"image\":{\"@id\":\"https:\\\/\\\/conexmetals.com\\\/es\\\/#\\\/schema\\\/logo\\\/image\\\/\"},\"sameAs\":[\"https:\\\/\\\/www.facebook.com\\\/conexbrass\",\"https:\\\/\\\/x.com\\\/conexindia\",\"https:\\\/\\\/www.linkedin.com\\\/company\\\/conex-metals-india\\\/\",\"https:\\\/\\\/www.instagram.com\\\/conexindia\\\/\"]}]}<\/script>\n<!-- \/ Yoast SEO plugin. -->","yoast_head_json":{"title":"Conexiones RWP para tuber\u00edas de agua de lluvia","description":"Explore las Conexiones RWP para tuber\u00edas de agua de lluvia de Conex Metals, que incluyen abrazaderas de conexi\u00f3n a tierra para tuber\u00edas de agua de lluvia y soluciones de conexi\u00f3n para bajantes de canalones. Nuestros productos garantizan una protecci\u00f3n efectiva contra rayos y una puesta a tierra segura. Fabricante, exportador y proveedor confiable de India.","robots":{"index":"index","follow":"follow","max-snippet":"max-snippet:-1","max-image-preview":"max-image-preview:large","max-video-preview":"max-video-preview:-1"},"canonical":"https:\/\/conexmetals.com\/es\/producto\/conexiones-rwp-para-tuberias-de-agua-de-lluvia\/","schema":{"@context":"https:\/\/schema.org","@graph":[{"@type":"WebPage","@id":"https:\/\/conexmetals.com\/es\/producto\/conexiones-rwp-para-tuberias-de-agua-de-lluvia\/","url":"https:\/\/conexmetals.com\/es\/producto\/conexiones-rwp-para-tuberias-de-agua-de-lluvia\/","name":"Conexiones RWP para tuber\u00edas de agua de lluvia","isPartOf":{"@id":"https:\/\/conexmetals.com\/es\/#website"},"primaryImageOfPage":{"@id":"https:\/\/conexmetals.com\/es\/producto\/conexiones-rwp-para-tuberias-de-agua-de-lluvia\/#primaryimage"},"image":{"@id":"https:\/\/conexmetals.com\/es\/producto\/conexiones-rwp-para-tuberias-de-agua-de-lluvia\/#primaryimage"},"thumbnailUrl":"https:\/\/conexmetals.com\/wp-content\/uploads\/2025\/01\/Conexiones-RWP-para-tuberias-de-agua-de-lluvia.webp","datePublished":"2023-08-18T05:02:52+00:00","dateModified":"2025-01-03T07:19:37+00:00","description":"Explore las Conexiones RWP para tuber\u00edas de agua de lluvia de Conex Metals, que incluyen abrazaderas de conexi\u00f3n a tierra para tuber\u00edas de agua de lluvia y soluciones de conexi\u00f3n para bajantes de canalones. Nuestros productos garantizan una protecci\u00f3n efectiva contra rayos y una puesta a tierra segura. Fabricante, exportador y proveedor confiable de India.","breadcrumb":{"@id":"https:\/\/conexmetals.com\/es\/producto\/conexiones-rwp-para-tuberias-de-agua-de-lluvia\/#breadcrumb"},"inLanguage":"es","potentialAction":[{"@type":"ReadAction","target":["https:\/\/conexmetals.com\/es\/producto\/conexiones-rwp-para-tuberias-de-agua-de-lluvia\/"]}]},{"@type":"ImageObject","inLanguage":"es","@id":"https:\/\/conexmetals.com\/es\/producto\/conexiones-rwp-para-tuberias-de-agua-de-lluvia\/#primaryimage","url":"https:\/\/conexmetals.com\/wp-content\/uploads\/2025\/01\/Conexiones-RWP-para-tuberias-de-agua-de-lluvia.webp","contentUrl":"https:\/\/conexmetals.com\/wp-content\/uploads\/2025\/01\/Conexiones-RWP-para-tuberias-de-agua-de-lluvia.webp","width":350,"height":350,"caption":"Conexiones RWP para tuber\u00edas de agua de lluvia"},{"@type":"BreadcrumbList","@id":"https:\/\/conexmetals.com\/es\/producto\/conexiones-rwp-para-tuberias-de-agua-de-lluvia\/#breadcrumb","itemListElement":[{"@type":"ListItem","position":1,"name":"Home","item":"https:\/\/conexmetals.com\/es\/hogar\/"},{"@type":"ListItem","position":2,"name":"Products","item":"https:\/\/conexmetals.com\/products\/"},{"@type":"ListItem","position":3,"name":"Conexiones RWP para tuber\u00edas de agua de lluvia"}]},{"@type":"WebSite","@id":"https:\/\/conexmetals.com\/es\/#website","url":"https:\/\/conexmetals.com\/es\/","name":"Conex Metals Brass Fittings Brass Parts Copper Parts Brass Components Brass Plumbing Fittings India","description":"Manufacturer of Bronze Fittings casting Copper Brass parts components","publisher":{"@id":"https:\/\/conexmetals.com\/es\/#organization"},"potentialAction":[{"@type":"SearchAction","target":{"@type":"EntryPoint","urlTemplate":"https:\/\/conexmetals.com\/es\/?s={search_term_string}"},"query-input":{"@type":"PropertyValueSpecification","valueRequired":true,"valueName":"search_term_string"}}],"inLanguage":"es"},{"@type":"Organization","@id":"https:\/\/conexmetals.com\/es\/#organization","name":"Conex Metals Brass Fittings Brass Parts Copper Parts Brass Components Brass Plumbing Fittings India","url":"https:\/\/conexmetals.com\/es\/","logo":{"@type":"ImageObject","inLanguage":"es","@id":"https:\/\/conexmetals.com\/es\/#\/schema\/logo\/image\/","url":"https:\/\/conexmetals.com\/wp-content\/uploads\/2024\/03\/conex-metals-logo.webp","contentUrl":"https:\/\/conexmetals.com\/wp-content\/uploads\/2024\/03\/conex-metals-logo.webp","width":300,"height":121,"caption":"Conex Metals Brass Fittings Brass Parts Copper Parts Brass Components Brass Plumbing Fittings India"},"image":{"@id":"https:\/\/conexmetals.com\/es\/#\/schema\/logo\/image\/"},"sameAs":["https:\/\/www.facebook.com\/conexbrass","https:\/\/x.com\/conexindia","https:\/\/www.linkedin.com\/company\/conex-metals-india\/","https:\/\/www.instagram.com\/conexindia\/"]}]}},"_links":{"self":[{"href":"https:\/\/conexmetals.com\/es\/wp-json\/wp\/v2\/product\/12638","targetHints":{"allow":["GET"]}}],"collection":[{"href":"https:\/\/conexmetals.com\/es\/wp-json\/wp\/v2\/product"}],"about":[{"href":"https:\/\/conexmetals.com\/es\/wp-json\/wp\/v2\/types\/product"}],"wp:featuredmedia":[{"embeddable":true,"href":"https:\/\/conexmetals.com\/es\/wp-json\/wp\/v2\/media\/12548"}],"wp:attachment":[{"href":"https:\/\/conexmetals.com\/es\/wp-json\/wp\/v2\/media?parent=12638"}],"wp:term":[{"taxonomy":"product_brand","embeddable":true,"href":"https:\/\/conexmetals.com\/es\/wp-json\/wp\/v2\/product_brand?post=12638"},{"taxonomy":"product_cat","embeddable":true,"href":"https:\/\/conexmetals.com\/es\/wp-json\/wp\/v2\/product_cat?post=12638"},{"taxonomy":"product_tag","embeddable":true,"href":"https:\/\/conexmetals.com\/es\/wp-json\/wp\/v2\/product_tag?post=12638"}],"curies":[{"name":"wp","href":"https:\/\/api.w.org\/{rel}","templated":true}]}}