{"id":12642,"date":"2023-08-18T10:36:09","date_gmt":"2023-08-18T05:06:09","guid":{"rendered":"https:\/\/conexmetals.com\/?post_type=product&#038;p=12642"},"modified":"2025-01-03T13:04:30","modified_gmt":"2025-01-03T07:34:30","slug":"abrazaderas-de-barra-a-cable","status":"publish","type":"product","link":"https:\/\/conexmetals.com\/es\/producto\/abrazaderas-de-barra-a-cable\/","title":{"rendered":"Abrazaderas de barra a cable"},"content":{"rendered":"","protected":false},"excerpt":{"rendered":"<div class=\"elementor-element elementor-element-d6f7035 elementor-widget elementor-widget-woocommerce-product-title elementor-page-title elementor-widget-heading\" data-id=\"d6f7035\" data-element_type=\"widget\" data-widget_type=\"woocommerce-product-title.default\">\n<div class=\"elementor-widget-container\">\n<p class=\"product_title entry-title elementor-heading-title elementor-size-default\"><img fetchpriority=\"high\" decoding=\"async\" class=\"alignnone wp-image-6751 size-full lazy loaded\" src=\"https:\/\/conexmetals.com\/wp-content\/uploads\/2023\/08\/Earth-Rod-to-Cable.jpg\" alt=\"Varilla de tierra a cable\" width=\"732\" height=\"250\" data-src=\"https:\/\/conexmetals.com\/wp-content\/uploads\/2023\/08\/Earth-Rod-to-Cable.jpg\" data-was-processed=\"true\" srcset=\"https:\/\/conexmetals.com\/wp-content\/uploads\/2023\/08\/Earth-Rod-to-Cable.jpg 732w, https:\/\/conexmetals.com\/wp-content\/uploads\/2023\/08\/Earth-Rod-to-Cable-300x102.jpg 300w, https:\/\/conexmetals.com\/wp-content\/uploads\/2023\/08\/Earth-Rod-to-Cable-700x239.jpg 700w\" sizes=\"(max-width: 732px) 100vw, 732px\" \/><\/p>\n<\/div>\n<\/div>\n<div class=\"elementor-element elementor-element-36d2ab8 elementor-widget elementor-widget-woocommerce-product-short-description\" data-id=\"36d2ab8\" data-element_type=\"widget\" data-widget_type=\"woocommerce-product-short-description.default\">\n<div class=\"elementor-widget-container\">\n<div class=\"woocommerce-product-details__short-description\">\n<p>&nbsp;<\/p>\n<table id=\"tablepress-347\" class=\"tablepress tablepress-id-347\">\n<caption>\u00a0<\/caption>\n<thead>\n<tr class=\"row-1 odd\">\n<th class=\"column-1\" colspan=\"7\"><strong><span>Varilla de tierra a cable<\/span><\/strong><\/th>\n<\/tr>\n<\/thead>\n<tbody class=\"row-hover\">\n<tr class=\"row-2 even\">\n<td class=\"column-1\"><strong><span>Varilla de tierra \u00d8 mm<\/span><\/strong><\/td>\n<td class=\"column-2\"><strong><span>Rango de conductores\u00a0<\/span><sup><span>mm2<\/span><\/sup><\/strong><\/td>\n<td class=\"column-3\"><strong><span>Largo mm<\/span><\/strong><\/td>\n<td class=\"column-4\"><strong><span>Ancho mm<\/span><\/strong><\/td>\n<td class=\"column-5\"><strong><span>Mmm<\/span><\/strong><\/td>\n<td class=\"column-6\"><strong><span>Peso unitario kg<\/span><\/strong><\/td>\n<td class=\"column-7\"><strong><span>Parte<\/span><\/strong><\/td>\n<\/tr>\n<tr class=\"row-3 odd\">\n<td class=\"column-1\"><span>9.5<\/span><\/td>\n<td class=\"column-2\"><span>6-35<\/span><\/td>\n<td class=\"column-3\"><span>32<\/span><\/td>\n<td class=\"column-4\"><span>20<\/span><\/td>\n<td class=\"column-5\"><span>16<\/span><\/td>\n<td class=\"column-6\"><span>0,04<\/span><\/td>\n<td class=\"column-7\"><span>A<\/span><\/td>\n<\/tr>\n<tr class=\"row-4 even\">\n<td class=\"column-1\" rowspan=\"3\"><span>12.7<\/span><\/td>\n<td class=\"column-2\"><span>6-35<\/span><\/td>\n<td class=\"column-3\"><span>34<\/span><\/td>\n<td class=\"column-4\"><span>25<\/span><\/td>\n<td class=\"column-5\"><span>15<\/span><\/td>\n<td class=\"column-6\"><span>0,05<\/span><\/td>\n<td class=\"column-7\"><span>B<\/span><\/td>\n<\/tr>\n<tr class=\"row-5 odd\">\n<td class=\"column-2\"><span>35-70<\/span><\/td>\n<td class=\"column-3\"><span>41<\/span><\/td>\n<td class=\"column-4\"><span>25<\/span><\/td>\n<td class=\"column-5\"><span>17<\/span><\/td>\n<td class=\"column-6\"><span>0,08<\/span><\/td>\n<td class=\"column-7\"><span>do<\/span><\/td>\n<\/tr>\n<tr class=\"row-6 even\">\n<td class=\"column-2\"><span>6-16<\/span><\/td>\n<td class=\"column-3\"><span>34<\/span><\/td>\n<td class=\"column-4\"><span>25<\/span><\/td>\n<td class=\"column-5\"><span>15<\/span><\/td>\n<td class=\"column-6\"><span>0,05<\/span><\/td>\n<td class=\"column-7\"><span>B<\/span><\/td>\n<\/tr>\n<tr class=\"row-7 odd\">\n<td class=\"column-1\" rowspan=\"3\"><span>14.2<\/span><\/td>\n<td class=\"column-2\"><span>16-70<\/span><\/td>\n<td class=\"column-3\"><span>41<\/span><\/td>\n<td class=\"column-4\"><span>25<\/span><\/td>\n<td class=\"column-5\"><span>17<\/span><\/td>\n<td class=\"column-6\"><span>0,08<\/span><\/td>\n<td class=\"column-7\"><span>do<\/span><\/td>\n<\/tr>\n<tr class=\"row-8 even\">\n<td class=\"column-2\"><span>70-185<\/span><\/td>\n<td class=\"column-3\"><span>48<\/span><\/td>\n<td class=\"column-4\"><span>30<\/span><\/td>\n<td class=\"column-5\"><span>19<\/span><\/td>\n<td class=\"column-6\"><span>0,1<\/span><\/td>\n<td class=\"column-7\"><span>D<\/span><\/td>\n<\/tr>\n<tr class=\"row-9 odd\">\n<td class=\"column-2\"><span>6-16<\/span><\/td>\n<td class=\"column-3\"><span>34<\/span><\/td>\n<td class=\"column-4\"><span>25<\/span><\/td>\n<td class=\"column-5\"><span>15<\/span><\/td>\n<td class=\"column-6\"><span>0,05<\/span><\/td>\n<td class=\"column-7\"><span>B<\/span><\/td>\n<\/tr>\n<tr class=\"row-10 even\">\n<td class=\"column-1\" rowspan=\"2\"><span>15.0<\/span><\/td>\n<td class=\"column-2\"><span>16-70<\/span><\/td>\n<td class=\"column-3\"><span>41<\/span><\/td>\n<td class=\"column-4\"><span>25<\/span><\/td>\n<td class=\"column-5\"><span>17<\/span><\/td>\n<td class=\"column-6\"><span>0,08<\/span><\/td>\n<td class=\"column-7\"><span>do<\/span><\/td>\n<\/tr>\n<tr class=\"row-11 odd\">\n<td class=\"column-2\"><span>70-150<\/span><\/td>\n<td class=\"column-3\"><span>48<\/span><\/td>\n<td class=\"column-4\"><span>30<\/span><\/td>\n<td class=\"column-5\"><span>19<\/span><\/td>\n<td class=\"column-6\"><span>0,1<\/span><\/td>\n<td class=\"column-7\"><span>D<\/span><\/td>\n<\/tr>\n<tr class=\"row-12 even\">\n<td class=\"column-1\" rowspan=\"2\"><span>16.0<\/span><\/td>\n<td class=\"column-2\"><span>6-70<\/span><\/td>\n<td class=\"column-3\"><span>41<\/span><\/td>\n<td class=\"column-4\"><span>25<\/span><\/td>\n<td class=\"column-5\"><span>17<\/span><\/td>\n<td class=\"column-6\"><span>0,08<\/span><\/td>\n<td class=\"column-7\"><span>do<\/span><\/td>\n<\/tr>\n<tr class=\"row-13 odd\">\n<td class=\"column-2\"><span>70-120<\/span><\/td>\n<td class=\"column-3\"><span>48<\/span><\/td>\n<td class=\"column-4\"><span>30<\/span><\/td>\n<td class=\"column-5\"><span>19<\/span><\/td>\n<td class=\"column-6\"><span>0,1<\/span><\/td>\n<td class=\"column-7\"><span>D<\/span><\/td>\n<\/tr>\n<tr class=\"row-14 even\">\n<td class=\"column-1\"><span>17.2<\/span><\/td>\n<td class=\"column-2\"><span>6-95<\/span><\/td>\n<td class=\"column-3\"><span>48<\/span><\/td>\n<td class=\"column-4\"><span>30<\/span><\/td>\n<td class=\"column-5\"><span>19<\/span><\/td>\n<td class=\"column-6\"><span>0,1<\/span><\/td>\n<td class=\"column-7\"><span>D<\/span><\/td>\n<\/tr>\n<tr class=\"row-15 odd\">\n<td class=\"column-1\"><span>20.0<\/span><\/td>\n<td class=\"column-2\"><span>6-70<\/span><\/td>\n<td class=\"column-3\"><span>48<\/span><\/td>\n<td class=\"column-4\"><span>30<\/span><\/td>\n<td class=\"column-5\"><span>19<\/span><\/td>\n<td class=\"column-6\"><span>0,1<\/span><\/td>\n<td class=\"column-7\"><span>D<\/span><\/td>\n<\/tr>\n<\/tbody>\n<\/table>\n<p><strong><img decoding=\"async\" class=\"size-full wp-image-6766 alignright lazy loaded\" src=\"https:\/\/conexmetals.com\/wp-content\/uploads\/2023\/08\/Rod-To-Cable-Clamps-line-drawing.jpg\" alt=\"Dibujo lineal de abrazaderas de varilla a cable\" width=\"295\" height=\"300\" data-src=\"https:\/\/conexmetals.com\/wp-content\/uploads\/2023\/08\/Rod-To-Cable-Clamps-line-drawing.jpg\" data-was-processed=\"true\" \/><span>Material:\u00a0<\/span><\/strong><span>\u00a0Bronce con tornillo de fijaci\u00f3n de bronce fosforoso M10 x 25 mm.<\/span><br \/>\n<span>(ERR1035 en lat\u00f3n naval con tornillo de fijaci\u00f3n de acero inoxidable M6 x 20 mm).<\/span><br \/>\n<span>* Adecuado para usar con conductor de cobre circular s\u00f3lido de 8 mm de di\u00e1metro.<\/span>&nbsp;<\/p>\n<p><span>Las abrazaderas de varilla a cable, tambi\u00e9n conocidas como abrazaderas de varilla a cable o abrazaderas de varilla a cable de tierra, son accesorios el\u00e9ctricos especializados que se utilizan para establecer una conexi\u00f3n mec\u00e1nica y el\u00e9ctrica entre una varilla de puesta a tierra (o varilla de tierra) y un conductor de puesta a tierra, generalmente un cable de cobre o aluminio. Estas abrazaderas son un componente esencial de los sistemas de puesta a tierra, ya que proporcionan una ruta confiable para que las corrientes de falla se disipen de manera segura en el suelo.<\/span><\/p>\n<p><span>Las principales caracter\u00edsticas y usos de las abrazaderas de varilla a cable incluyen:<\/span><\/p>\n<ol>\n<li><span>Dise\u00f1o: Las abrazaderas de varilla a cable generalmente constan de dos partes: una abrazadera que sujeta de forma segura el conductor de tierra (cable) y un perno o tornillo que conecta la abrazadera a la varilla de tierra.<\/span><\/li>\n<li><span>Material: Las abrazaderas de varilla a cable est\u00e1n hechas de materiales de alta conductividad, como cobre o bronce, para garantizar una conexi\u00f3n de baja resistencia.<\/span><\/li>\n<li><span>Tama\u00f1o: El tama\u00f1o de la abrazadera est\u00e1 dise\u00f1ado para adaptarse al di\u00e1metro espec\u00edfico del conductor de tierra, lo que garantiza una conexi\u00f3n c\u00f3moda y efectiva.<\/span><\/li>\n<li><span>Instalaci\u00f3n: Las abrazaderas para varillas y cables son relativamente f\u00e1ciles de instalar. El cable se inserta en la abrazadera y luego esta se fija a la varilla de conexi\u00f3n a tierra con el perno o tornillo provisto.<\/span><\/li>\n<li><span>Sistema de puesta a tierra: Las abrazaderas de varilla a cable son una parte fundamental del sistema de puesta a tierra, ya que garantizan una uni\u00f3n adecuada entre el conductor de puesta a tierra y el electrodo de puesta a tierra (varilla).<\/span><\/li>\n<li><span>Protecci\u00f3n contra rayos: En los sistemas de protecci\u00f3n contra rayos, se utilizan abrazaderas de varilla a cable para conectar el conductor de bajada (cable) del sistema de protecci\u00f3n contra rayos a la varilla de conexi\u00f3n a tierra, proporcionando una ruta segura para que las corrientes del rayo se descarguen en el suelo.<\/span><\/li>\n<li><span>Seguridad el\u00e9ctrica: Las abrazaderas de varilla a cable instaladas correctamente garantizan la continuidad del sistema de conexi\u00f3n a tierra, lo que reduce el riesgo de peligros el\u00e9ctricos y proporciona una ruta confiable para las corrientes de falla.<\/span><\/li>\n<li><span>Aplicaciones al aire libre: Las abrazaderas de varilla a cable se utilizan com\u00fanmente en instalaciones al aire libre, como postes de servicios p\u00fablicos, torres de comunicaci\u00f3n, subestaciones el\u00e9ctricas y otras estructuras conectadas a tierra.<\/span><\/li>\n<\/ol>\n<\/div>\n<\/div>\n<\/div>\n","protected":false},"featured_media":12553,"template":"","meta":[],"product_brand":[],"product_cat":[383],"product_tag":[],"class_list":{"0":"post-12642","1":"product","2":"type-product","3":"status-publish","4":"has-post-thumbnail","6":"product_cat-accesorios-de-conexion-a-tierra","8":"first","9":"instock","10":"shipping-taxable","11":"product-type-simple"},"yoast_head":"<!-- This site is optimized with the Yoast SEO plugin v27.3 - https:\/\/yoast.com\/product\/yoast-seo-wordpress\/ -->\n<title>Abrazaderas de barra a cable<\/title>\n<meta name=\"description\" content=\"Conex Metals ofrece abrazaderas premium de barra a cable, incluyendo abrazaderas de barra de tierra y abrazaderas de cobre para tierra. Nuestras abrazaderas para cables de tierra y conectores mec\u00e1nicos garantizan conexiones de tierra seguras. Fabricante, exportador y proveedor l\u00edder de India.\" \/>\n<meta name=\"robots\" content=\"index, follow, max-snippet:-1, max-image-preview:large, max-video-preview:-1\" \/>\n<link rel=\"canonical\" href=\"https:\/\/conexmetals.com\/es\/producto\/abrazaderas-de-barra-a-cable\/\" \/>\n<script type=\"application\/ld+json\" class=\"yoast-schema-graph\">{\"@context\":\"https:\\\/\\\/schema.org\",\"@graph\":[{\"@type\":\"WebPage\",\"@id\":\"https:\\\/\\\/conexmetals.com\\\/es\\\/producto\\\/abrazaderas-de-barra-a-cable\\\/\",\"url\":\"https:\\\/\\\/conexmetals.com\\\/es\\\/producto\\\/abrazaderas-de-barra-a-cable\\\/\",\"name\":\"Abrazaderas de barra a cable\",\"isPartOf\":{\"@id\":\"https:\\\/\\\/conexmetals.com\\\/es\\\/#website\"},\"primaryImageOfPage\":{\"@id\":\"https:\\\/\\\/conexmetals.com\\\/es\\\/producto\\\/abrazaderas-de-barra-a-cable\\\/#primaryimage\"},\"image\":{\"@id\":\"https:\\\/\\\/conexmetals.com\\\/es\\\/producto\\\/abrazaderas-de-barra-a-cable\\\/#primaryimage\"},\"thumbnailUrl\":\"https:\\\/\\\/conexmetals.com\\\/wp-content\\\/uploads\\\/2025\\\/01\\\/Abrazaderas-de-barra-a-cable.webp\",\"datePublished\":\"2023-08-18T05:06:09+00:00\",\"dateModified\":\"2025-01-03T07:34:30+00:00\",\"description\":\"Conex Metals ofrece abrazaderas premium de barra a cable, incluyendo abrazaderas de barra de tierra y abrazaderas de cobre para tierra. Nuestras abrazaderas para cables de tierra y conectores mec\u00e1nicos garantizan conexiones de tierra seguras. Fabricante, exportador y proveedor l\u00edder de India.\",\"breadcrumb\":{\"@id\":\"https:\\\/\\\/conexmetals.com\\\/es\\\/producto\\\/abrazaderas-de-barra-a-cable\\\/#breadcrumb\"},\"inLanguage\":\"es\",\"potentialAction\":[{\"@type\":\"ReadAction\",\"target\":[\"https:\\\/\\\/conexmetals.com\\\/es\\\/producto\\\/abrazaderas-de-barra-a-cable\\\/\"]}]},{\"@type\":\"ImageObject\",\"inLanguage\":\"es\",\"@id\":\"https:\\\/\\\/conexmetals.com\\\/es\\\/producto\\\/abrazaderas-de-barra-a-cable\\\/#primaryimage\",\"url\":\"https:\\\/\\\/conexmetals.com\\\/wp-content\\\/uploads\\\/2025\\\/01\\\/Abrazaderas-de-barra-a-cable.webp\",\"contentUrl\":\"https:\\\/\\\/conexmetals.com\\\/wp-content\\\/uploads\\\/2025\\\/01\\\/Abrazaderas-de-barra-a-cable.webp\",\"width\":350,\"height\":350,\"caption\":\"Abrazaderas de barra a cable\"},{\"@type\":\"BreadcrumbList\",\"@id\":\"https:\\\/\\\/conexmetals.com\\\/es\\\/producto\\\/abrazaderas-de-barra-a-cable\\\/#breadcrumb\",\"itemListElement\":[{\"@type\":\"ListItem\",\"position\":1,\"name\":\"Home\",\"item\":\"https:\\\/\\\/conexmetals.com\\\/es\\\/hogar\\\/\"},{\"@type\":\"ListItem\",\"position\":2,\"name\":\"Products\",\"item\":\"https:\\\/\\\/conexmetals.com\\\/products\\\/\"},{\"@type\":\"ListItem\",\"position\":3,\"name\":\"Abrazaderas de barra a cable\"}]},{\"@type\":\"WebSite\",\"@id\":\"https:\\\/\\\/conexmetals.com\\\/es\\\/#website\",\"url\":\"https:\\\/\\\/conexmetals.com\\\/es\\\/\",\"name\":\"Conex Metals Brass Fittings Brass Parts Copper Parts Brass Components Brass Plumbing Fittings India\",\"description\":\"Manufacturer of Bronze Fittings casting Copper Brass parts components\",\"publisher\":{\"@id\":\"https:\\\/\\\/conexmetals.com\\\/es\\\/#organization\"},\"potentialAction\":[{\"@type\":\"SearchAction\",\"target\":{\"@type\":\"EntryPoint\",\"urlTemplate\":\"https:\\\/\\\/conexmetals.com\\\/es\\\/?s={search_term_string}\"},\"query-input\":{\"@type\":\"PropertyValueSpecification\",\"valueRequired\":true,\"valueName\":\"search_term_string\"}}],\"inLanguage\":\"es\"},{\"@type\":\"Organization\",\"@id\":\"https:\\\/\\\/conexmetals.com\\\/es\\\/#organization\",\"name\":\"Conex Metals Brass Fittings Brass Parts Copper Parts Brass Components Brass Plumbing Fittings India\",\"url\":\"https:\\\/\\\/conexmetals.com\\\/es\\\/\",\"logo\":{\"@type\":\"ImageObject\",\"inLanguage\":\"es\",\"@id\":\"https:\\\/\\\/conexmetals.com\\\/es\\\/#\\\/schema\\\/logo\\\/image\\\/\",\"url\":\"https:\\\/\\\/conexmetals.com\\\/wp-content\\\/uploads\\\/2024\\\/03\\\/conex-metals-logo.webp\",\"contentUrl\":\"https:\\\/\\\/conexmetals.com\\\/wp-content\\\/uploads\\\/2024\\\/03\\\/conex-metals-logo.webp\",\"width\":300,\"height\":121,\"caption\":\"Conex Metals Brass Fittings Brass Parts Copper Parts Brass Components Brass Plumbing Fittings India\"},\"image\":{\"@id\":\"https:\\\/\\\/conexmetals.com\\\/es\\\/#\\\/schema\\\/logo\\\/image\\\/\"},\"sameAs\":[\"https:\\\/\\\/www.facebook.com\\\/conexbrass\",\"https:\\\/\\\/x.com\\\/conexindia\",\"https:\\\/\\\/www.linkedin.com\\\/company\\\/conex-metals-india\\\/\",\"https:\\\/\\\/www.instagram.com\\\/conexindia\\\/\"]}]}<\/script>\n<!-- \/ Yoast SEO plugin. -->","yoast_head_json":{"title":"Abrazaderas de barra a cable","description":"Conex Metals ofrece abrazaderas premium de barra a cable, incluyendo abrazaderas de barra de tierra y abrazaderas de cobre para tierra. Nuestras abrazaderas para cables de tierra y conectores mec\u00e1nicos garantizan conexiones de tierra seguras. Fabricante, exportador y proveedor l\u00edder de India.","robots":{"index":"index","follow":"follow","max-snippet":"max-snippet:-1","max-image-preview":"max-image-preview:large","max-video-preview":"max-video-preview:-1"},"canonical":"https:\/\/conexmetals.com\/es\/producto\/abrazaderas-de-barra-a-cable\/","schema":{"@context":"https:\/\/schema.org","@graph":[{"@type":"WebPage","@id":"https:\/\/conexmetals.com\/es\/producto\/abrazaderas-de-barra-a-cable\/","url":"https:\/\/conexmetals.com\/es\/producto\/abrazaderas-de-barra-a-cable\/","name":"Abrazaderas de barra a cable","isPartOf":{"@id":"https:\/\/conexmetals.com\/es\/#website"},"primaryImageOfPage":{"@id":"https:\/\/conexmetals.com\/es\/producto\/abrazaderas-de-barra-a-cable\/#primaryimage"},"image":{"@id":"https:\/\/conexmetals.com\/es\/producto\/abrazaderas-de-barra-a-cable\/#primaryimage"},"thumbnailUrl":"https:\/\/conexmetals.com\/wp-content\/uploads\/2025\/01\/Abrazaderas-de-barra-a-cable.webp","datePublished":"2023-08-18T05:06:09+00:00","dateModified":"2025-01-03T07:34:30+00:00","description":"Conex Metals ofrece abrazaderas premium de barra a cable, incluyendo abrazaderas de barra de tierra y abrazaderas de cobre para tierra. Nuestras abrazaderas para cables de tierra y conectores mec\u00e1nicos garantizan conexiones de tierra seguras. Fabricante, exportador y proveedor l\u00edder de India.","breadcrumb":{"@id":"https:\/\/conexmetals.com\/es\/producto\/abrazaderas-de-barra-a-cable\/#breadcrumb"},"inLanguage":"es","potentialAction":[{"@type":"ReadAction","target":["https:\/\/conexmetals.com\/es\/producto\/abrazaderas-de-barra-a-cable\/"]}]},{"@type":"ImageObject","inLanguage":"es","@id":"https:\/\/conexmetals.com\/es\/producto\/abrazaderas-de-barra-a-cable\/#primaryimage","url":"https:\/\/conexmetals.com\/wp-content\/uploads\/2025\/01\/Abrazaderas-de-barra-a-cable.webp","contentUrl":"https:\/\/conexmetals.com\/wp-content\/uploads\/2025\/01\/Abrazaderas-de-barra-a-cable.webp","width":350,"height":350,"caption":"Abrazaderas de barra a cable"},{"@type":"BreadcrumbList","@id":"https:\/\/conexmetals.com\/es\/producto\/abrazaderas-de-barra-a-cable\/#breadcrumb","itemListElement":[{"@type":"ListItem","position":1,"name":"Home","item":"https:\/\/conexmetals.com\/es\/hogar\/"},{"@type":"ListItem","position":2,"name":"Products","item":"https:\/\/conexmetals.com\/products\/"},{"@type":"ListItem","position":3,"name":"Abrazaderas de barra a cable"}]},{"@type":"WebSite","@id":"https:\/\/conexmetals.com\/es\/#website","url":"https:\/\/conexmetals.com\/es\/","name":"Conex Metals Brass Fittings Brass Parts Copper Parts Brass Components Brass Plumbing Fittings India","description":"Manufacturer of Bronze Fittings casting Copper Brass parts components","publisher":{"@id":"https:\/\/conexmetals.com\/es\/#organization"},"potentialAction":[{"@type":"SearchAction","target":{"@type":"EntryPoint","urlTemplate":"https:\/\/conexmetals.com\/es\/?s={search_term_string}"},"query-input":{"@type":"PropertyValueSpecification","valueRequired":true,"valueName":"search_term_string"}}],"inLanguage":"es"},{"@type":"Organization","@id":"https:\/\/conexmetals.com\/es\/#organization","name":"Conex Metals Brass Fittings Brass Parts Copper Parts Brass Components Brass Plumbing Fittings India","url":"https:\/\/conexmetals.com\/es\/","logo":{"@type":"ImageObject","inLanguage":"es","@id":"https:\/\/conexmetals.com\/es\/#\/schema\/logo\/image\/","url":"https:\/\/conexmetals.com\/wp-content\/uploads\/2024\/03\/conex-metals-logo.webp","contentUrl":"https:\/\/conexmetals.com\/wp-content\/uploads\/2024\/03\/conex-metals-logo.webp","width":300,"height":121,"caption":"Conex Metals Brass Fittings Brass Parts Copper Parts Brass Components Brass Plumbing Fittings India"},"image":{"@id":"https:\/\/conexmetals.com\/es\/#\/schema\/logo\/image\/"},"sameAs":["https:\/\/www.facebook.com\/conexbrass","https:\/\/x.com\/conexindia","https:\/\/www.linkedin.com\/company\/conex-metals-india\/","https:\/\/www.instagram.com\/conexindia\/"]}]}},"_links":{"self":[{"href":"https:\/\/conexmetals.com\/es\/wp-json\/wp\/v2\/product\/12642","targetHints":{"allow":["GET"]}}],"collection":[{"href":"https:\/\/conexmetals.com\/es\/wp-json\/wp\/v2\/product"}],"about":[{"href":"https:\/\/conexmetals.com\/es\/wp-json\/wp\/v2\/types\/product"}],"wp:featuredmedia":[{"embeddable":true,"href":"https:\/\/conexmetals.com\/es\/wp-json\/wp\/v2\/media\/12553"}],"wp:attachment":[{"href":"https:\/\/conexmetals.com\/es\/wp-json\/wp\/v2\/media?parent=12642"}],"wp:term":[{"taxonomy":"product_brand","embeddable":true,"href":"https:\/\/conexmetals.com\/es\/wp-json\/wp\/v2\/product_brand?post=12642"},{"taxonomy":"product_cat","embeddable":true,"href":"https:\/\/conexmetals.com\/es\/wp-json\/wp\/v2\/product_cat?post=12642"},{"taxonomy":"product_tag","embeddable":true,"href":"https:\/\/conexmetals.com\/es\/wp-json\/wp\/v2\/product_tag?post=12642"}],"curies":[{"name":"wp","href":"https:\/\/api.w.org\/{rel}","templated":true}]}}