{"id":12649,"date":"2023-08-18T10:32:17","date_gmt":"2023-08-18T05:02:17","guid":{"rendered":"https:\/\/conexmetals.com\/?post_type=product&#038;p=12649"},"modified":"2025-01-03T14:51:41","modified_gmt":"2025-01-03T09:21:41","slug":"abrazaderas-en-a-de-barra-a-cinta","status":"publish","type":"product","link":"https:\/\/conexmetals.com\/es\/producto\/abrazaderas-en-a-de-barra-a-cinta\/","title":{"rendered":"Abrazaderas en A de barra a cinta"},"content":{"rendered":"","protected":false},"excerpt":{"rendered":"<table id=\"tablepress-348\" class=\"tablepress tablepress-id-348\">\n<caption>\u00a0<\/caption>\n<thead>\n<tr class=\"row-1 odd\">\n<th class=\"column-1\" colspan=\"8\"><strong><span>Abrazaderas en forma de A para unir varillas y cintas<\/span><\/strong><\/th>\n<\/tr>\n<\/thead>\n<tbody class=\"row-hover\">\n<tr class=\"row-2 even\">\n<td class=\"column-1\"><strong><span>Varilla de tierra, v\u00e1stago mm<\/span><\/strong><\/td>\n<td class=\"column-2\"><strong><span>Tama\u00f1o m\u00e1ximo de cinta mm<\/span><\/strong><\/td>\n<td class=\"column-3\"><strong><span>Largo mm<\/span><\/strong><\/td>\n<td class=\"column-4\"><strong><span>Ancho mm<\/span><\/strong><\/td>\n<td class=\"column-5\"><strong><span>Mmm<\/span><\/strong><\/td>\n<td class=\"column-6\"><strong><span>Peso unitario kg<\/span><\/strong><\/td>\n<td class=\"column-7\"><strong><span>Cantidad del paquete<\/span><\/strong><\/td>\n<td class=\"column-8\"><strong><span>N\u00famero de pieza AN Wallis<\/span><\/strong><\/td>\n<\/tr>\n<tr class=\"row-3 odd\">\n<td class=\"column-1\" rowspan=\"4\"><span>Varillas de 14,2 mm<\/span><\/td>\n<td class=\"column-2\"><span>26 x 14<\/span><\/td>\n<td class=\"column-3\"><span>43<\/span><\/td>\n<td class=\"column-4\"><span>37<\/span><\/td>\n<td class=\"column-5\"><span>17<\/span><\/td>\n<td class=\"column-6\"><span>0,1<\/span><\/td>\n<td class=\"column-7\"><span>50<\/span><\/td>\n<td class=\"column-8\"><span>\u00c9poca 1625<\/span><\/td>\n<\/tr>\n<tr class=\"row-4 even\">\n<td class=\"column-2\"><span>32 x 14<\/span><\/td>\n<td class=\"column-3\"><span>43<\/span><\/td>\n<td class=\"column-4\"><span>45<\/span><\/td>\n<td class=\"column-5\"><span>18<\/span><\/td>\n<td class=\"column-6\"><span>0,2<\/span><\/td>\n<td class=\"column-7\"><span>25<\/span><\/td>\n<td class=\"column-8\"><span>\u00c9poca 1631<\/span><\/td>\n<\/tr>\n<tr class=\"row-5 odd\">\n<td class=\"column-2\"><span>39 x 14<\/span><\/td>\n<td class=\"column-3\"><span>44<\/span><\/td>\n<td class=\"column-4\"><span>51<\/span><\/td>\n<td class=\"column-5\"><span>22<\/span><\/td>\n<td class=\"column-6\"><span>0,25<\/span><\/td>\n<td class=\"column-7\"><span>25<\/span><\/td>\n<td class=\"column-8\"><span>\u00c9poca 1638<\/span><\/td>\n<\/tr>\n<tr class=\"row-6 even\">\n<td class=\"column-2\"><span>51 x 16<\/span><\/td>\n<td class=\"column-3\"><span>47<\/span><\/td>\n<td class=\"column-4\"><span>64<\/span><\/td>\n<td class=\"column-5\"><span>20<\/span><\/td>\n<td class=\"column-6\"><span>0,21<\/span><\/td>\n<td class=\"column-7\"><span>25<\/span><\/td>\n<td class=\"column-8\"><span>\u00c9poca 1650<\/span><\/td>\n<\/tr>\n<tr class=\"row-7 odd\">\n<td class=\"column-1\"><\/td>\n<td class=\"column-2\"><\/td>\n<td class=\"column-3\"><\/td>\n<td class=\"column-4\"><\/td>\n<td class=\"column-5\"><\/td>\n<td class=\"column-6\"><\/td>\n<td class=\"column-7\"><\/td>\n<td class=\"column-8\"><\/td>\n<\/tr>\n<tr class=\"row-8 even\">\n<td class=\"column-1\" rowspan=\"4\"><span>Varillas de 15,0 mm<\/span><\/td>\n<td class=\"column-2\"><span>26 x 13<\/span><\/td>\n<td class=\"column-3\"><span>43<\/span><\/td>\n<td class=\"column-4\"><span>37<\/span><\/td>\n<td class=\"column-5\"><span>17<\/span><\/td>\n<td class=\"column-6\"><span>0,1<\/span><\/td>\n<td class=\"column-7\"><span>50<\/span><\/td>\n<td class=\"column-8\"><span>\u00c9poca 1625<\/span><\/td>\n<\/tr>\n<tr class=\"row-9 odd\">\n<td class=\"column-2\"><span>32 x 13<\/span><\/td>\n<td class=\"column-3\"><span>43<\/span><\/td>\n<td class=\"column-4\"><span>45<\/span><\/td>\n<td class=\"column-5\"><span>18<\/span><\/td>\n<td class=\"column-6\"><span>0,2<\/span><\/td>\n<td class=\"column-7\"><span>25<\/span><\/td>\n<td class=\"column-8\"><span>\u00c9poca 1631<\/span><\/td>\n<\/tr>\n<tr class=\"row-10 even\">\n<td class=\"column-2\"><span>39 x 13<\/span><\/td>\n<td class=\"column-3\"><span>44<\/span><\/td>\n<td class=\"column-4\"><span>51<\/span><\/td>\n<td class=\"column-5\"><span>22<\/span><\/td>\n<td class=\"column-6\"><span>0,25<\/span><\/td>\n<td class=\"column-7\"><span>25<\/span><\/td>\n<td class=\"column-8\"><span>\u00c9poca 1638<\/span><\/td>\n<\/tr>\n<tr class=\"row-11 odd\">\n<td class=\"column-2\"><span>51 x 15<\/span><\/td>\n<td class=\"column-3\"><span>47<\/span><\/td>\n<td class=\"column-4\"><span>64<\/span><\/td>\n<td class=\"column-5\"><span>20<\/span><\/td>\n<td class=\"column-6\"><span>0,21<\/span><\/td>\n<td class=\"column-7\"><span>25<\/span><\/td>\n<td class=\"column-8\"><span>\u00c9poca 1650<\/span><\/td>\n<\/tr>\n<tr class=\"row-12 even\">\n<td class=\"column-1\"><\/td>\n<td class=\"column-2\"><\/td>\n<td class=\"column-3\"><\/td>\n<td class=\"column-4\"><\/td>\n<td class=\"column-5\"><\/td>\n<td class=\"column-6\"><\/td>\n<td class=\"column-7\"><\/td>\n<td class=\"column-8\"><\/td>\n<\/tr>\n<tr class=\"row-13 odd\">\n<td class=\"column-1\" rowspan=\"4\"><span>Varillas de 16,0 mm<\/span><\/td>\n<td class=\"column-2\"><span>26 x 12<\/span><\/td>\n<td class=\"column-3\"><span>43<\/span><\/td>\n<td class=\"column-4\"><span>37<\/span><\/td>\n<td class=\"column-5\"><span>17<\/span><\/td>\n<td class=\"column-6\"><span>0,1<\/span><\/td>\n<td class=\"column-7\"><span>50<\/span><\/td>\n<td class=\"column-8\"><span>\u00c9poca 1625<\/span><\/td>\n<\/tr>\n<tr class=\"row-14 even\">\n<td class=\"column-2\"><span>32 x 12<\/span><\/td>\n<td class=\"column-3\"><span>43<\/span><\/td>\n<td class=\"column-4\"><span>45<\/span><\/td>\n<td class=\"column-5\"><span>18<\/span><\/td>\n<td class=\"column-6\"><span>0,2<\/span><\/td>\n<td class=\"column-7\"><span>25<\/span><\/td>\n<td class=\"column-8\"><span>\u00c9poca 1631<\/span><\/td>\n<\/tr>\n<tr class=\"row-15 odd\">\n<td class=\"column-2\"><span>39 x 12<\/span><\/td>\n<td class=\"column-3\"><span>44<\/span><\/td>\n<td class=\"column-4\"><span>51<\/span><\/td>\n<td class=\"column-5\"><span>22<\/span><\/td>\n<td class=\"column-6\"><span>0,25<\/span><\/td>\n<td class=\"column-7\"><span>25<\/span><\/td>\n<td class=\"column-8\"><span>\u00c9poca 1638<\/span><\/td>\n<\/tr>\n<tr class=\"row-16 even\">\n<td class=\"column-2\"><span>51 x 14<\/span><\/td>\n<td class=\"column-3\"><span>47<\/span><\/td>\n<td class=\"column-4\"><span>64<\/span><\/td>\n<td class=\"column-5\"><span>20<\/span><\/td>\n<td class=\"column-6\"><span>0,21<\/span><\/td>\n<td class=\"column-7\"><span>25<\/span><\/td>\n<td class=\"column-8\"><span>\u00c9poca 1650<\/span><\/td>\n<\/tr>\n<tr class=\"row-17 odd\">\n<td class=\"column-1\"><\/td>\n<td class=\"column-2\"><\/td>\n<td class=\"column-3\"><\/td>\n<td class=\"column-4\"><\/td>\n<td class=\"column-5\"><\/td>\n<td class=\"column-6\"><\/td>\n<td class=\"column-7\"><\/td>\n<td class=\"column-8\"><\/td>\n<\/tr>\n<tr class=\"row-18 even\">\n<td class=\"column-1\" rowspan=\"3\"><span>Varillas de 17,2 mm<\/span><\/td>\n<td class=\"column-2\"><span>26 x 11<\/span><\/td>\n<td class=\"column-3\"><span>43<\/span><\/td>\n<td class=\"column-4\"><span>37<\/span><\/td>\n<td class=\"column-5\"><span>17<\/span><\/td>\n<td class=\"column-6\"><span>0,1<\/span><\/td>\n<td class=\"column-7\"><span>50<\/span><\/td>\n<td class=\"column-8\"><span>\u00c9poca 1625<\/span><\/td>\n<\/tr>\n<tr class=\"row-19 odd\">\n<td class=\"column-2\"><span>32 x 11<\/span><\/td>\n<td class=\"column-3\"><span>43<\/span><\/td>\n<td class=\"column-4\"><span>45<\/span><\/td>\n<td class=\"column-5\"><span>18<\/span><\/td>\n<td class=\"column-6\"><span>0,2<\/span><\/td>\n<td class=\"column-7\"><span>25<\/span><\/td>\n<td class=\"column-8\"><span>\u00c9poca 1631<\/span><\/td>\n<\/tr>\n<tr class=\"row-20 even\">\n<td class=\"column-2\"><span>39 x 11<\/span><\/td>\n<td class=\"column-3\"><span>44<\/span><\/td>\n<td class=\"column-4\"><span>51<\/span><\/td>\n<td class=\"column-5\"><span>22<\/span><\/td>\n<td class=\"column-6\"><span>0,25<\/span><\/td>\n<td class=\"column-7\"><span>25<\/span><\/td>\n<td class=\"column-8\"><span>\u00c9poca 1638<\/span><\/td>\n<\/tr>\n<tr class=\"row-21 odd\">\n<td class=\"column-1\"><\/td>\n<td class=\"column-2\"><\/td>\n<td class=\"column-3\"><\/td>\n<td class=\"column-4\"><\/td>\n<td class=\"column-5\"><\/td>\n<td class=\"column-6\"><\/td>\n<td class=\"column-7\"><\/td>\n<td class=\"column-8\"><\/td>\n<\/tr>\n<tr class=\"row-22 even\">\n<td class=\"column-1\" rowspan=\"5\"><span>Varillas de 20,0 mm<\/span><\/td>\n<td class=\"column-2\"><span>26 x 8<\/span><\/td>\n<td class=\"column-3\"><span>43<\/span><\/td>\n<td class=\"column-4\"><span>37<\/span><\/td>\n<td class=\"column-5\"><span>17<\/span><\/td>\n<td class=\"column-6\"><span>0,1<\/span><\/td>\n<td class=\"column-7\"><span>50<\/span><\/td>\n<td class=\"column-8\"><span>\u00c9poca 1625<\/span><\/td>\n<\/tr>\n<tr class=\"row-23 odd\">\n<td class=\"column-2\"><span>32 x 8<\/span><\/td>\n<td class=\"column-3\"><span>43<\/span><\/td>\n<td class=\"column-4\"><span>45<\/span><\/td>\n<td class=\"column-5\"><span>18<\/span><\/td>\n<td class=\"column-6\"><span>0,2<\/span><\/td>\n<td class=\"column-7\"><span>25<\/span><\/td>\n<td class=\"column-8\"><span>\u00c9poca 1631<\/span><\/td>\n<\/tr>\n<tr class=\"row-24 even\">\n<td class=\"column-2\"><span>39 x 8<\/span><\/td>\n<td class=\"column-3\"><span>44<\/span><\/td>\n<td class=\"column-4\"><span>51<\/span><\/td>\n<td class=\"column-5\"><span>22<\/span><\/td>\n<td class=\"column-6\"><span>0,25<\/span><\/td>\n<td class=\"column-7\"><span>25<\/span><\/td>\n<td class=\"column-8\"><span>\u00c9poca 1638<\/span><\/td>\n<\/tr>\n<tr class=\"row-25 odd\">\n<td class=\"column-2\"><span>51 x 10<\/span><\/td>\n<td class=\"column-3\"><span>47<\/span><\/td>\n<td class=\"column-4\"><span>64<\/span><\/td>\n<td class=\"column-5\"><span>20<\/span><\/td>\n<td class=\"column-6\"><span>0,21<\/span><\/td>\n<td class=\"column-7\"><span>25<\/span><\/td>\n<td class=\"column-8\"><span>\u00c9poca 1650<\/span><\/td>\n<\/tr>\n<tr class=\"row-26 even\">\n<td class=\"column-2\"><span>26 x 16<\/span><\/td>\n<td class=\"column-3\"><span>55<\/span><\/td>\n<td class=\"column-4\"><span>40<\/span><\/td>\n<td class=\"column-5\"><span>25<\/span><\/td>\n<td class=\"column-6\"><span>0,2<\/span><\/td>\n<td class=\"column-7\"><span>10<\/span><\/td>\n<td class=\"column-8\"><span>ERA 2525<\/span><\/td>\n<\/tr>\n<tr class=\"row-27 odd\">\n<td class=\"column-1\"><\/td>\n<td class=\"column-2\"><\/td>\n<td class=\"column-3\"><\/td>\n<td class=\"column-4\"><\/td>\n<td class=\"column-5\"><\/td>\n<td class=\"column-6\"><\/td>\n<td class=\"column-7\"><\/td>\n<td class=\"column-8\"><\/td>\n<\/tr>\n<tr class=\"row-28 even\">\n<td class=\"column-1\"><span>Varillas de 25 mm<\/span><\/td>\n<td class=\"column-2\"><span>26 x 11<\/span><\/td>\n<td class=\"column-3\"><span>55<\/span><\/td>\n<td class=\"column-4\"><span>40<\/span><\/td>\n<td class=\"column-5\"><span>25<\/span><\/td>\n<td class=\"column-6\"><span>0,2<\/span><\/td>\n<td class=\"column-7\"><span>10<\/span><\/td>\n<td class=\"column-8\"><span>ERA 2525<\/span><\/td>\n<\/tr>\n<\/tbody>\n<\/table>\n<p><img fetchpriority=\"high\" decoding=\"async\" class=\"size-medium wp-image-6768 alignright lazy loaded\" src=\"https:\/\/conexmetals.com\/wp-content\/uploads\/2023\/08\/Rod-To-Tape-A-Clamps-line-drawing-300x273.jpg\" alt=\"Dibujo lineal de abrazaderas en forma de A para unir varilla y cinta\" width=\"300\" height=\"273\" data-src=\"https:\/\/conexmetals.com\/wp-content\/uploads\/2023\/08\/Rod-To-Tape-A-Clamps-line-drawing-300x273.jpg\" data-was-processed=\"true\" srcset=\"https:\/\/conexmetals.com\/wp-content\/uploads\/2023\/08\/Rod-To-Tape-A-Clamps-line-drawing-300x273.jpg 300w, https:\/\/conexmetals.com\/wp-content\/uploads\/2023\/08\/Rod-To-Tape-A-Clamps-line-drawing.jpg 401w\" sizes=\"(max-width: 300px) 100vw, 300px\" \/><span>Las abrazaderas en forma de A para conexi\u00f3n de varilla a cinta, tambi\u00e9n conocidas como abrazaderas para conexi\u00f3n de varilla a cinta plana, son accesorios el\u00e9ctricos especializados que se utilizan para conectar un conductor de cinta de cobre o aluminio a una varilla de conexi\u00f3n a tierra. Se utilizan com\u00fanmente en sistemas de conexi\u00f3n a tierra y protecci\u00f3n contra rayos para establecer una conexi\u00f3n el\u00e9ctrica confiable entre el conductor de cinta horizontal y la varilla de conexi\u00f3n a tierra vertical.<\/span><\/p>\n<p><span>Las principales caracter\u00edsticas y usos de las abrazaderas en forma de A con varilla y cinta incluyen:<\/span><\/p>\n<ol>\n<li><span>Construcci\u00f3n: Las abrazaderas en forma de A para varillas y cintas suelen estar hechas de materiales de alta resistencia y resistentes a la corrosi\u00f3n, como aleaci\u00f3n de cobre o bronce. Esto garantiza que la abrazadera proporcione una conexi\u00f3n duradera y de larga duraci\u00f3n.<\/span><\/li>\n<li><span>Dise\u00f1o: La forma de \u201cA\u201d de la abrazadera le permite sujetar de forma segura el conductor de cinta plana mientras se ajusta alrededor de la varilla de conexi\u00f3n a tierra.<\/span><\/li>\n<li><span>Conexi\u00f3n: La abrazadera en forma de A de la varilla a la cinta se fija a la varilla de conexi\u00f3n a tierra con tornillos o pernos, creando una conexi\u00f3n mec\u00e1nica s\u00f3lida.<\/span><\/li>\n<li><span>Terminaci\u00f3n de cinta: El conductor de cinta se inserta en la abrazadera y se asegura mediante pernos o tornillos para establecer una conexi\u00f3n el\u00e9ctrica de baja resistencia.<\/span><\/li>\n<li><span>Versatilidad: Estas abrazaderas son adecuadas para varios tama\u00f1os de conductores de cinta plana, lo que permite flexibilidad en el dise\u00f1o y la instalaci\u00f3n.<\/span><\/li>\n<li><span>Puesta a tierra y uni\u00f3n: Las abrazaderas en A de varilla a cinta son esenciales para crear conexiones de puesta a tierra y uni\u00f3n efectivas en sistemas de protecci\u00f3n el\u00e9ctrica y contra rayos.<\/span><\/li>\n<li><span>Protecci\u00f3n contra rayos: En los sistemas de protecci\u00f3n contra rayos, estas abrazaderas ayudan a establecer una ruta segura para que las corrientes del rayo se descarguen desde la terminal a\u00e9rea (pararrayos) a trav\u00e9s del conductor de cinta hasta la varilla de puesta a tierra y hasta el suelo.<\/span><\/li>\n<li><span>Seguridad el\u00e9ctrica: Las abrazaderas en forma de A de varilla a cinta instaladas correctamente garantizan la continuidad del sistema de conexi\u00f3n a tierra, lo que reduce el riesgo de peligros el\u00e9ctricos y proporciona una ruta confiable para las corrientes de falla.<\/span><\/li>\n<\/ol>\n<p><span>Al instalar abrazaderas en forma de A que conectan varillas a cintas, es fundamental garantizar el par de torsi\u00f3n adecuado en los pernos o tornillos para lograr el contacto el\u00e9ctrico requerido entre la cinta y la abrazadera. Es esencial seguir las pautas del fabricante y los est\u00e1ndares de la industria para garantizar sistemas de protecci\u00f3n contra rayos y puesta a tierra confiables y que cumplan con las normas.<\/span><\/p>\n","protected":false},"featured_media":12558,"template":"","meta":[],"product_brand":[],"product_cat":[383],"product_tag":[],"class_list":{"0":"post-12649","1":"product","2":"type-product","3":"status-publish","4":"has-post-thumbnail","6":"product_cat-accesorios-de-conexion-a-tierra","8":"first","9":"instock","10":"shipping-taxable","11":"product-type-simple"},"yoast_head":"<!-- This site is optimized with the Yoast SEO plugin v27.3 - https:\/\/yoast.com\/product\/yoast-seo-wordpress\/ -->\n<title>Abrazaderas en A de barra a cinta<\/title>\n<meta name=\"description\" content=\"Descubra las abrazaderas en A de barra a cinta de Conex Metals, que incluyen abrazaderas de uni\u00f3n a tierra y abrazaderas de barra de tierra. Nuestros varillas de cobre resistentes a la corrosi\u00f3n y abrazaderas de tierra de bronce de aluminio garantizan conexiones mec\u00e1nicamente fuertes. Fabricante, exportador y proveedor de confianza de India.\" \/>\n<meta name=\"robots\" content=\"index, follow, max-snippet:-1, max-image-preview:large, max-video-preview:-1\" \/>\n<link rel=\"canonical\" href=\"https:\/\/conexmetals.com\/es\/producto\/abrazaderas-en-a-de-barra-a-cinta\/\" \/>\n<script type=\"application\/ld+json\" class=\"yoast-schema-graph\">{\"@context\":\"https:\\\/\\\/schema.org\",\"@graph\":[{\"@type\":\"WebPage\",\"@id\":\"https:\\\/\\\/conexmetals.com\\\/es\\\/producto\\\/abrazaderas-en-a-de-barra-a-cinta\\\/\",\"url\":\"https:\\\/\\\/conexmetals.com\\\/es\\\/producto\\\/abrazaderas-en-a-de-barra-a-cinta\\\/\",\"name\":\"Abrazaderas en A de barra a cinta\",\"isPartOf\":{\"@id\":\"https:\\\/\\\/conexmetals.com\\\/es\\\/#website\"},\"primaryImageOfPage\":{\"@id\":\"https:\\\/\\\/conexmetals.com\\\/es\\\/producto\\\/abrazaderas-en-a-de-barra-a-cinta\\\/#primaryimage\"},\"image\":{\"@id\":\"https:\\\/\\\/conexmetals.com\\\/es\\\/producto\\\/abrazaderas-en-a-de-barra-a-cinta\\\/#primaryimage\"},\"thumbnailUrl\":\"https:\\\/\\\/conexmetals.com\\\/wp-content\\\/uploads\\\/2025\\\/01\\\/Abrazaderas-en-A-de-barra-a-cinta.webp\",\"datePublished\":\"2023-08-18T05:02:17+00:00\",\"dateModified\":\"2025-01-03T09:21:41+00:00\",\"description\":\"Descubra las abrazaderas en A de barra a cinta de Conex Metals, que incluyen abrazaderas de uni\u00f3n a tierra y abrazaderas de barra de tierra. Nuestros varillas de cobre resistentes a la corrosi\u00f3n y abrazaderas de tierra de bronce de aluminio garantizan conexiones mec\u00e1nicamente fuertes. Fabricante, exportador y proveedor de confianza de India.\",\"breadcrumb\":{\"@id\":\"https:\\\/\\\/conexmetals.com\\\/es\\\/producto\\\/abrazaderas-en-a-de-barra-a-cinta\\\/#breadcrumb\"},\"inLanguage\":\"es\",\"potentialAction\":[{\"@type\":\"ReadAction\",\"target\":[\"https:\\\/\\\/conexmetals.com\\\/es\\\/producto\\\/abrazaderas-en-a-de-barra-a-cinta\\\/\"]}]},{\"@type\":\"ImageObject\",\"inLanguage\":\"es\",\"@id\":\"https:\\\/\\\/conexmetals.com\\\/es\\\/producto\\\/abrazaderas-en-a-de-barra-a-cinta\\\/#primaryimage\",\"url\":\"https:\\\/\\\/conexmetals.com\\\/wp-content\\\/uploads\\\/2025\\\/01\\\/Abrazaderas-en-A-de-barra-a-cinta.webp\",\"contentUrl\":\"https:\\\/\\\/conexmetals.com\\\/wp-content\\\/uploads\\\/2025\\\/01\\\/Abrazaderas-en-A-de-barra-a-cinta.webp\",\"width\":350,\"height\":350,\"caption\":\"Abrazaderas en A de barra a cinta\"},{\"@type\":\"BreadcrumbList\",\"@id\":\"https:\\\/\\\/conexmetals.com\\\/es\\\/producto\\\/abrazaderas-en-a-de-barra-a-cinta\\\/#breadcrumb\",\"itemListElement\":[{\"@type\":\"ListItem\",\"position\":1,\"name\":\"Home\",\"item\":\"https:\\\/\\\/conexmetals.com\\\/es\\\/hogar\\\/\"},{\"@type\":\"ListItem\",\"position\":2,\"name\":\"Products\",\"item\":\"https:\\\/\\\/conexmetals.com\\\/products\\\/\"},{\"@type\":\"ListItem\",\"position\":3,\"name\":\"Abrazaderas en A de barra a cinta\"}]},{\"@type\":\"WebSite\",\"@id\":\"https:\\\/\\\/conexmetals.com\\\/es\\\/#website\",\"url\":\"https:\\\/\\\/conexmetals.com\\\/es\\\/\",\"name\":\"Conex Metals Brass Fittings Brass Parts Copper Parts Brass Components Brass Plumbing Fittings India\",\"description\":\"Manufacturer of Bronze Fittings casting Copper Brass parts components\",\"publisher\":{\"@id\":\"https:\\\/\\\/conexmetals.com\\\/es\\\/#organization\"},\"potentialAction\":[{\"@type\":\"SearchAction\",\"target\":{\"@type\":\"EntryPoint\",\"urlTemplate\":\"https:\\\/\\\/conexmetals.com\\\/es\\\/?s={search_term_string}\"},\"query-input\":{\"@type\":\"PropertyValueSpecification\",\"valueRequired\":true,\"valueName\":\"search_term_string\"}}],\"inLanguage\":\"es\"},{\"@type\":\"Organization\",\"@id\":\"https:\\\/\\\/conexmetals.com\\\/es\\\/#organization\",\"name\":\"Conex Metals Brass Fittings Brass Parts Copper Parts Brass Components Brass Plumbing Fittings India\",\"url\":\"https:\\\/\\\/conexmetals.com\\\/es\\\/\",\"logo\":{\"@type\":\"ImageObject\",\"inLanguage\":\"es\",\"@id\":\"https:\\\/\\\/conexmetals.com\\\/es\\\/#\\\/schema\\\/logo\\\/image\\\/\",\"url\":\"https:\\\/\\\/conexmetals.com\\\/wp-content\\\/uploads\\\/2024\\\/03\\\/conex-metals-logo.webp\",\"contentUrl\":\"https:\\\/\\\/conexmetals.com\\\/wp-content\\\/uploads\\\/2024\\\/03\\\/conex-metals-logo.webp\",\"width\":300,\"height\":121,\"caption\":\"Conex Metals Brass Fittings Brass Parts Copper Parts Brass Components Brass Plumbing Fittings India\"},\"image\":{\"@id\":\"https:\\\/\\\/conexmetals.com\\\/es\\\/#\\\/schema\\\/logo\\\/image\\\/\"},\"sameAs\":[\"https:\\\/\\\/www.facebook.com\\\/conexbrass\",\"https:\\\/\\\/x.com\\\/conexindia\",\"https:\\\/\\\/www.linkedin.com\\\/company\\\/conex-metals-india\\\/\",\"https:\\\/\\\/www.instagram.com\\\/conexindia\\\/\"]}]}<\/script>\n<!-- \/ Yoast SEO plugin. -->","yoast_head_json":{"title":"Abrazaderas en A de barra a cinta","description":"Descubra las abrazaderas en A de barra a cinta de Conex Metals, que incluyen abrazaderas de uni\u00f3n a tierra y abrazaderas de barra de tierra. Nuestros varillas de cobre resistentes a la corrosi\u00f3n y abrazaderas de tierra de bronce de aluminio garantizan conexiones mec\u00e1nicamente fuertes. Fabricante, exportador y proveedor de confianza de India.","robots":{"index":"index","follow":"follow","max-snippet":"max-snippet:-1","max-image-preview":"max-image-preview:large","max-video-preview":"max-video-preview:-1"},"canonical":"https:\/\/conexmetals.com\/es\/producto\/abrazaderas-en-a-de-barra-a-cinta\/","schema":{"@context":"https:\/\/schema.org","@graph":[{"@type":"WebPage","@id":"https:\/\/conexmetals.com\/es\/producto\/abrazaderas-en-a-de-barra-a-cinta\/","url":"https:\/\/conexmetals.com\/es\/producto\/abrazaderas-en-a-de-barra-a-cinta\/","name":"Abrazaderas en A de barra a cinta","isPartOf":{"@id":"https:\/\/conexmetals.com\/es\/#website"},"primaryImageOfPage":{"@id":"https:\/\/conexmetals.com\/es\/producto\/abrazaderas-en-a-de-barra-a-cinta\/#primaryimage"},"image":{"@id":"https:\/\/conexmetals.com\/es\/producto\/abrazaderas-en-a-de-barra-a-cinta\/#primaryimage"},"thumbnailUrl":"https:\/\/conexmetals.com\/wp-content\/uploads\/2025\/01\/Abrazaderas-en-A-de-barra-a-cinta.webp","datePublished":"2023-08-18T05:02:17+00:00","dateModified":"2025-01-03T09:21:41+00:00","description":"Descubra las abrazaderas en A de barra a cinta de Conex Metals, que incluyen abrazaderas de uni\u00f3n a tierra y abrazaderas de barra de tierra. Nuestros varillas de cobre resistentes a la corrosi\u00f3n y abrazaderas de tierra de bronce de aluminio garantizan conexiones mec\u00e1nicamente fuertes. Fabricante, exportador y proveedor de confianza de India.","breadcrumb":{"@id":"https:\/\/conexmetals.com\/es\/producto\/abrazaderas-en-a-de-barra-a-cinta\/#breadcrumb"},"inLanguage":"es","potentialAction":[{"@type":"ReadAction","target":["https:\/\/conexmetals.com\/es\/producto\/abrazaderas-en-a-de-barra-a-cinta\/"]}]},{"@type":"ImageObject","inLanguage":"es","@id":"https:\/\/conexmetals.com\/es\/producto\/abrazaderas-en-a-de-barra-a-cinta\/#primaryimage","url":"https:\/\/conexmetals.com\/wp-content\/uploads\/2025\/01\/Abrazaderas-en-A-de-barra-a-cinta.webp","contentUrl":"https:\/\/conexmetals.com\/wp-content\/uploads\/2025\/01\/Abrazaderas-en-A-de-barra-a-cinta.webp","width":350,"height":350,"caption":"Abrazaderas en A de barra a cinta"},{"@type":"BreadcrumbList","@id":"https:\/\/conexmetals.com\/es\/producto\/abrazaderas-en-a-de-barra-a-cinta\/#breadcrumb","itemListElement":[{"@type":"ListItem","position":1,"name":"Home","item":"https:\/\/conexmetals.com\/es\/hogar\/"},{"@type":"ListItem","position":2,"name":"Products","item":"https:\/\/conexmetals.com\/products\/"},{"@type":"ListItem","position":3,"name":"Abrazaderas en A de barra a cinta"}]},{"@type":"WebSite","@id":"https:\/\/conexmetals.com\/es\/#website","url":"https:\/\/conexmetals.com\/es\/","name":"Conex Metals Brass Fittings Brass Parts Copper Parts Brass Components Brass Plumbing Fittings India","description":"Manufacturer of Bronze Fittings casting Copper Brass parts components","publisher":{"@id":"https:\/\/conexmetals.com\/es\/#organization"},"potentialAction":[{"@type":"SearchAction","target":{"@type":"EntryPoint","urlTemplate":"https:\/\/conexmetals.com\/es\/?s={search_term_string}"},"query-input":{"@type":"PropertyValueSpecification","valueRequired":true,"valueName":"search_term_string"}}],"inLanguage":"es"},{"@type":"Organization","@id":"https:\/\/conexmetals.com\/es\/#organization","name":"Conex Metals Brass Fittings Brass Parts Copper Parts Brass Components Brass Plumbing Fittings India","url":"https:\/\/conexmetals.com\/es\/","logo":{"@type":"ImageObject","inLanguage":"es","@id":"https:\/\/conexmetals.com\/es\/#\/schema\/logo\/image\/","url":"https:\/\/conexmetals.com\/wp-content\/uploads\/2024\/03\/conex-metals-logo.webp","contentUrl":"https:\/\/conexmetals.com\/wp-content\/uploads\/2024\/03\/conex-metals-logo.webp","width":300,"height":121,"caption":"Conex Metals Brass Fittings Brass Parts Copper Parts Brass Components Brass Plumbing Fittings India"},"image":{"@id":"https:\/\/conexmetals.com\/es\/#\/schema\/logo\/image\/"},"sameAs":["https:\/\/www.facebook.com\/conexbrass","https:\/\/x.com\/conexindia","https:\/\/www.linkedin.com\/company\/conex-metals-india\/","https:\/\/www.instagram.com\/conexindia\/"]}]}},"_links":{"self":[{"href":"https:\/\/conexmetals.com\/es\/wp-json\/wp\/v2\/product\/12649","targetHints":{"allow":["GET"]}}],"collection":[{"href":"https:\/\/conexmetals.com\/es\/wp-json\/wp\/v2\/product"}],"about":[{"href":"https:\/\/conexmetals.com\/es\/wp-json\/wp\/v2\/types\/product"}],"wp:featuredmedia":[{"embeddable":true,"href":"https:\/\/conexmetals.com\/es\/wp-json\/wp\/v2\/media\/12558"}],"wp:attachment":[{"href":"https:\/\/conexmetals.com\/es\/wp-json\/wp\/v2\/media?parent=12649"}],"wp:term":[{"taxonomy":"product_brand","embeddable":true,"href":"https:\/\/conexmetals.com\/es\/wp-json\/wp\/v2\/product_brand?post=12649"},{"taxonomy":"product_cat","embeddable":true,"href":"https:\/\/conexmetals.com\/es\/wp-json\/wp\/v2\/product_cat?post=12649"},{"taxonomy":"product_tag","embeddable":true,"href":"https:\/\/conexmetals.com\/es\/wp-json\/wp\/v2\/product_tag?post=12649"}],"curies":[{"name":"wp","href":"https:\/\/api.w.org\/{rel}","templated":true}]}}