{"id":12658,"date":"2023-08-18T10:29:41","date_gmt":"2023-08-18T04:59:41","guid":{"rendered":"https:\/\/conexmetals.com\/?post_type=product&#038;p=12658"},"modified":"2025-01-03T15:26:09","modified_gmt":"2025-01-03T09:56:09","slug":"clips-para-cinta","status":"publish","type":"product","link":"https:\/\/conexmetals.com\/es\/producto\/clips-para-cinta\/","title":{"rendered":"Clips para cinta"},"content":{"rendered":"","protected":false},"excerpt":{"rendered":"<p><img fetchpriority=\"high\" decoding=\"async\" class=\"alignnone wp-image-6784 size-full lazy loaded\" src=\"https:\/\/conexmetals.com\/wp-content\/uploads\/2023\/08\/Tape-Clips-.jpg\" alt=\"Tipo de clips de cinta\" width=\"732\" height=\"250\" data-src=\"https:\/\/conexmetals.com\/wp-content\/uploads\/2023\/08\/Tape-Clips-.jpg\" data-was-processed=\"true\" srcset=\"https:\/\/conexmetals.com\/wp-content\/uploads\/2023\/08\/Tape-Clips-.jpg 732w, https:\/\/conexmetals.com\/wp-content\/uploads\/2023\/08\/Tape-Clips--300x102.jpg 300w, https:\/\/conexmetals.com\/wp-content\/uploads\/2023\/08\/Tape-Clips--700x239.jpg 700w\" sizes=\"(max-width: 732px) 100vw, 732px\" \/><\/p>\n<p>&nbsp;<\/p>\n<table id=\"tablepress-355\" class=\"tablepress tablepress-id-355\">\n<caption>\u00a0<\/caption>\n<thead>\n<tr class=\"row-1 odd\">\n<th class=\"column-1\" colspan=\"5\"><strong><span>Cintas de cobre desnudo<\/span><\/strong><\/th>\n<\/tr>\n<\/thead>\n<tbody class=\"row-hover\">\n<tr class=\"row-2 even\">\n<td class=\"column-1\"><strong><span>Tama\u00f1o del conductor mm<\/span><\/strong><\/td>\n<td class=\"column-2\"><strong><span>Largo mm<\/span><\/strong><\/td>\n<td class=\"column-3\"><strong><span>Ancho mm<\/span><\/strong><\/td>\n<td class=\"column-4\"><strong><span>Mmm<\/span><\/strong><\/td>\n<td class=\"column-5\"><strong><span>Peso unitario kg<\/span><\/strong><\/td>\n<\/tr>\n<tr class=\"row-3 odd\">\n<td class=\"column-1\"><span>20 x 3<\/span><\/td>\n<td class=\"column-2\"><span>68<\/span><\/td>\n<td class=\"column-3\" rowspan=\"3\"><span>20<\/span><\/td>\n<td class=\"column-4\"><span>7<\/span><\/td>\n<td class=\"column-5\"><span>0,03<\/span><\/td>\n<\/tr>\n<tr class=\"row-4 even\">\n<td class=\"column-1\"><span>21 x 3<\/span><\/td>\n<td class=\"column-2\"><span>70<\/span><\/td>\n<td class=\"column-4\"><span>7<\/span><\/td>\n<td class=\"column-5\"><span>0,03<\/span><\/td>\n<\/tr>\n<tr class=\"row-5 odd\">\n<td class=\"column-1\"><span>50 x 6<\/span><\/td>\n<td class=\"column-2\"><span>73<\/span><\/td>\n<td class=\"column-4\"><span>8<\/span><\/td>\n<td class=\"column-5\"><span>0,05<\/span><\/td>\n<\/tr>\n<tr class=\"row-6 even\">\n<td class=\"column-1\" colspan=\"5\"><span>Material: Cobre<\/span><\/td>\n<\/tr>\n<\/tbody>\n<\/table>\n<table id=\"tablepress-354\" class=\"tablepress tablepress-id-354\">\n<caption>\u00a0<\/caption>\n<thead>\n<tr class=\"row-1 odd\">\n<th class=\"column-1\" colspan=\"5\"><strong><span>as de PVC<\/span><\/strong><\/th>\n<\/tr>\n<\/thead>\n<tbody class=\"row-hover\">\n<tr class=\"row-2 even\">\n<td class=\"column-1\"><strong><span>Tama\u00f1o del conductor mm<\/span><\/strong><\/td>\n<td class=\"column-2\"><strong><span>Largo mm<\/span><\/strong><\/td>\n<td class=\"column-3\"><strong><span>Ancho mm<\/span><\/strong><\/td>\n<td class=\"column-4\"><strong><span>Mmm<\/span><\/strong><\/td>\n<td class=\"column-5\"><strong><span>Peso unitario kg<\/span><\/strong><\/td>\n<\/tr>\n<tr class=\"row-3 odd\">\n<td class=\"column-1\"><span>25 x 3<\/span><\/td>\n<td class=\"column-2\"><span>70<\/span><\/td>\n<td class=\"column-3\"><span>20<\/span><\/td>\n<td class=\"column-4\"><span>7<\/span><\/td>\n<td class=\"column-5\"><span>0,03<\/span><\/td>\n<\/tr>\n<tr class=\"row-4 even\">\n<td class=\"column-1\" colspan=\"5\"><span>Material: Cobre<\/span><\/td>\n<\/tr>\n<\/tbody>\n<\/table>\n<table id=\"tablepress-353\" class=\"tablepress tablepress-id-353\">\n<caption>\u00a0<\/caption>\n<thead>\n<tr class=\"row-1 odd\">\n<th class=\"column-1\" colspan=\"5\"><strong><span>Cintas de aluminio desnudo<\/span><\/strong><\/th>\n<\/tr>\n<\/thead>\n<tbody class=\"row-hover\">\n<tr class=\"row-2 even\">\n<td class=\"column-1\"><strong><span>Tama\u00f1o del conductor mm<\/span><\/strong><\/td>\n<td class=\"column-2\"><strong><span>Largo mm<\/span><\/strong><\/td>\n<td class=\"column-3\"><strong><span>Ancho mm<\/span><\/strong><\/td>\n<td class=\"column-4\"><strong><span>Mmm<\/span><\/strong><\/td>\n<td class=\"column-5\"><strong><span>Peso unitario kg<\/span><\/strong><\/td>\n<\/tr>\n<tr class=\"row-3 odd\">\n<td class=\"column-1\"><span>25 x 3<\/span><\/td>\n<td class=\"column-2\"><span>68<\/span><\/td>\n<td class=\"column-3\" rowspan=\"2\"><span>20<\/span><\/td>\n<td class=\"column-4\" rowspan=\"2\"><span>7<\/span><\/td>\n<td class=\"column-5\" rowspan=\"2\"><span>0,01<\/span><\/td>\n<\/tr>\n<tr class=\"row-4 even\">\n<td class=\"column-1\"><span>26 x 3<\/span><\/td>\n<td class=\"column-2\"><span>70<\/span><\/td>\n<\/tr>\n<tr class=\"row-5 odd\">\n<td class=\"column-1\" colspan=\"5\"><span>Material: Cobre<\/span><\/td>\n<\/tr>\n<\/tbody>\n<\/table>\n<table id=\"tablepress-352\" class=\"tablepress tablepress-id-352\">\n<caption>\u00a0<\/caption>\n<thead>\n<tr class=\"row-1 odd\">\n<th class=\"column-1\" colspan=\"5\"><strong><span>Cintas de aluminio recubiertas de PVC<\/span><\/strong><\/th>\n<\/tr>\n<\/thead>\n<tbody class=\"row-hover\">\n<tr class=\"row-2 even\">\n<td class=\"column-1\"><strong><span>Tama\u00f1o del conductor mm<\/span><\/strong><\/td>\n<td class=\"column-2\"><strong><span>Largo mm<\/span><\/strong><\/td>\n<td class=\"column-3\"><strong><span>Ancho mm<\/span><\/strong><\/td>\n<td class=\"column-4\"><strong><span>Mmm<\/span><\/strong><\/td>\n<td class=\"column-5\"><strong><span>Peso unitario kg<\/span><\/strong><\/td>\n<\/tr>\n<tr class=\"row-3 odd\">\n<td class=\"column-1\"><span>25 x 3<\/span><\/td>\n<td class=\"column-2\"><span>70<\/span><\/td>\n<td class=\"column-3\"><span>20<\/span><\/td>\n<td class=\"column-4\"><span>0,01<\/span><\/td>\n<td class=\"column-5\"><span>0,01<\/span><\/td>\n<\/tr>\n<tr class=\"row-4 even\">\n<td class=\"column-1\" colspan=\"5\"><span>Material: Cobre<\/span><\/td>\n<\/tr>\n<\/tbody>\n<\/table>\n<p>&nbsp;<\/p>\n<p><img decoding=\"async\" class=\"size-medium wp-image-6785 alignright lazy loaded\" src=\"https:\/\/conexmetals.com\/wp-content\/uploads\/2023\/08\/Tape-Clips-line-drawing-300x195.png\" alt=\"Dibujo lineal de clips de cinta\" width=\"300\" height=\"195\" data-src=\"https:\/\/conexmetals.com\/wp-content\/uploads\/2023\/08\/Tape-Clips-line-drawing-300x195.png\" data-was-processed=\"true\" srcset=\"https:\/\/conexmetals.com\/wp-content\/uploads\/2023\/08\/Tape-Clips-line-drawing-300x195.png 300w, https:\/\/conexmetals.com\/wp-content\/uploads\/2023\/08\/Tape-Clips-line-drawing.png 461w\" sizes=\"(max-width: 300px) 100vw, 300px\" \/><span>Las abrazaderas de cinta, tambi\u00e9n conocidas como abrazaderas para cables o abrazaderas para cables, son peque\u00f1os dispositivos que se utilizan para asegurar y organizar cables el\u00e9ctricos, alambres o cintas a una superficie fija. Desempe\u00f1an un papel fundamental en la gesti\u00f3n de cables, ya que garantizan que los cables est\u00e9n ordenados y sujetos en su lugar para evitar enredos, tropiezos y posibles da\u00f1os.<\/span><\/p>\n<p><span>Las caracter\u00edsticas y usos clave de los clips de cinta incluyen:<\/span><\/p>\n<ol>\n<li><span>Gesti\u00f3n de cables: Los clips de cinta est\u00e1n dise\u00f1ados para mantener los cables y alambres organizados y en su lugar, lo que ayuda a crear un entorno ordenado y seguro en las instalaciones el\u00e9ctricas.<\/span><\/li>\n<li><span>F\u00e1cil instalaci\u00f3n: Los clips de cinta suelen ser f\u00e1ciles de instalar y se pueden fijar a varias superficies, como paredes, techos o z\u00f3calos, mediante clavos, tornillos, respaldo adhesivo u otros m\u00e9todos de montaje.<\/span><\/li>\n<li><span>Versatilidad: Los clips de cinta est\u00e1n disponibles en varios tama\u00f1os y dise\u00f1os para adaptarse a distintos di\u00e1metros y tipos de cables. Algunos clips est\u00e1n dise\u00f1ados espec\u00edficamente para cables planos o cintas, mientras que otros pueden sujetar cables o alambres redondos.<\/span><\/li>\n<li><span>Material: Las abrazaderas de cinta suelen estar hechas de pl\u00e1stico, metal o una combinaci\u00f3n de ambos. Las abrazaderas de pl\u00e1stico son livianas y se usan a menudo para aplicaciones de bajo voltaje, mientras que las abrazaderas de metal brindan mayor durabilidad y resistencia para aplicaciones de servicio pesado.<\/span><\/li>\n<li><span>Aplicaci\u00f3n: Los clips de cinta se utilizan en una amplia gama de industrias y entornos, incluidos los residenciales, comerciales, industriales, automotrices y de entretenimiento (para asegurar cables de audio y video).<\/span><\/li>\n<li><span>Reutilizaci\u00f3n: Dependiendo del dise\u00f1o, algunos clips de cinta se pueden abrir y cerrar f\u00e1cilmente, lo que permite reposicionar o quitar los cables cuando sea necesario.<\/span><\/li>\n<\/ol>\n<p><span>Los clips de cinta vienen en diferentes estilos, como clips de un solo clavo, clips de dos clavos, clips de montura, clips con respaldo adhesivo y m\u00e1s. La elecci\u00f3n de los clips de cinta depende de factores como el material de la superficie, el tama\u00f1o del cable y los requisitos espec\u00edficos de la instalaci\u00f3n.<\/span><\/p>\n","protected":false},"featured_media":12570,"template":"","meta":[],"product_brand":[],"product_cat":[383],"product_tag":[],"class_list":{"0":"post-12658","1":"product","2":"type-product","3":"status-publish","4":"has-post-thumbnail","6":"product_cat-accesorios-de-conexion-a-tierra","8":"first","9":"instock","10":"shipping-taxable","11":"product-type-simple"},"yoast_head":"<!-- This site is optimized with the Yoast SEO plugin v27.3 - https:\/\/yoast.com\/product\/yoast-seo-wordpress\/ -->\n<title>Clips para cinta<\/title>\n<meta name=\"description\" content=\"Explore los Clips para cinta de Conex Metals, que incluyen Cinta de tierra de cobre y Cinta de protecci\u00f3n contra rayos. Nuestros Acopladores de varilla de tierra y Clips adhesivos conductores garantizan soluciones de montaje duraderas y seguras. Fabricante, exportador y proveedor de confianza de India.\" \/>\n<meta name=\"robots\" content=\"index, follow, max-snippet:-1, max-image-preview:large, max-video-preview:-1\" \/>\n<link rel=\"canonical\" href=\"https:\/\/conexmetals.com\/es\/producto\/clips-para-cinta\/\" \/>\n<script type=\"application\/ld+json\" class=\"yoast-schema-graph\">{\"@context\":\"https:\\\/\\\/schema.org\",\"@graph\":[{\"@type\":\"WebPage\",\"@id\":\"https:\\\/\\\/conexmetals.com\\\/es\\\/producto\\\/clips-para-cinta\\\/\",\"url\":\"https:\\\/\\\/conexmetals.com\\\/es\\\/producto\\\/clips-para-cinta\\\/\",\"name\":\"Clips para cinta\",\"isPartOf\":{\"@id\":\"https:\\\/\\\/conexmetals.com\\\/es\\\/#website\"},\"primaryImageOfPage\":{\"@id\":\"https:\\\/\\\/conexmetals.com\\\/es\\\/producto\\\/clips-para-cinta\\\/#primaryimage\"},\"image\":{\"@id\":\"https:\\\/\\\/conexmetals.com\\\/es\\\/producto\\\/clips-para-cinta\\\/#primaryimage\"},\"thumbnailUrl\":\"https:\\\/\\\/conexmetals.com\\\/wp-content\\\/uploads\\\/2025\\\/01\\\/Clips-para-cinta-1.webp\",\"datePublished\":\"2023-08-18T04:59:41+00:00\",\"dateModified\":\"2025-01-03T09:56:09+00:00\",\"description\":\"Explore los Clips para cinta de Conex Metals, que incluyen Cinta de tierra de cobre y Cinta de protecci\u00f3n contra rayos. Nuestros Acopladores de varilla de tierra y Clips adhesivos conductores garantizan soluciones de montaje duraderas y seguras. Fabricante, exportador y proveedor de confianza de India.\",\"breadcrumb\":{\"@id\":\"https:\\\/\\\/conexmetals.com\\\/es\\\/producto\\\/clips-para-cinta\\\/#breadcrumb\"},\"inLanguage\":\"es\",\"potentialAction\":[{\"@type\":\"ReadAction\",\"target\":[\"https:\\\/\\\/conexmetals.com\\\/es\\\/producto\\\/clips-para-cinta\\\/\"]}]},{\"@type\":\"ImageObject\",\"inLanguage\":\"es\",\"@id\":\"https:\\\/\\\/conexmetals.com\\\/es\\\/producto\\\/clips-para-cinta\\\/#primaryimage\",\"url\":\"https:\\\/\\\/conexmetals.com\\\/wp-content\\\/uploads\\\/2025\\\/01\\\/Clips-para-cinta-1.webp\",\"contentUrl\":\"https:\\\/\\\/conexmetals.com\\\/wp-content\\\/uploads\\\/2025\\\/01\\\/Clips-para-cinta-1.webp\",\"width\":350,\"height\":350,\"caption\":\"Clips para cinta\"},{\"@type\":\"BreadcrumbList\",\"@id\":\"https:\\\/\\\/conexmetals.com\\\/es\\\/producto\\\/clips-para-cinta\\\/#breadcrumb\",\"itemListElement\":[{\"@type\":\"ListItem\",\"position\":1,\"name\":\"Home\",\"item\":\"https:\\\/\\\/conexmetals.com\\\/es\\\/hogar\\\/\"},{\"@type\":\"ListItem\",\"position\":2,\"name\":\"Products\",\"item\":\"https:\\\/\\\/conexmetals.com\\\/products\\\/\"},{\"@type\":\"ListItem\",\"position\":3,\"name\":\"Clips para cinta\"}]},{\"@type\":\"WebSite\",\"@id\":\"https:\\\/\\\/conexmetals.com\\\/es\\\/#website\",\"url\":\"https:\\\/\\\/conexmetals.com\\\/es\\\/\",\"name\":\"Conex Metals Brass Fittings Brass Parts Copper Parts Brass Components Brass Plumbing Fittings India\",\"description\":\"Manufacturer of Bronze Fittings casting Copper Brass parts components\",\"publisher\":{\"@id\":\"https:\\\/\\\/conexmetals.com\\\/es\\\/#organization\"},\"potentialAction\":[{\"@type\":\"SearchAction\",\"target\":{\"@type\":\"EntryPoint\",\"urlTemplate\":\"https:\\\/\\\/conexmetals.com\\\/es\\\/?s={search_term_string}\"},\"query-input\":{\"@type\":\"PropertyValueSpecification\",\"valueRequired\":true,\"valueName\":\"search_term_string\"}}],\"inLanguage\":\"es\"},{\"@type\":\"Organization\",\"@id\":\"https:\\\/\\\/conexmetals.com\\\/es\\\/#organization\",\"name\":\"Conex Metals Brass Fittings Brass Parts Copper Parts Brass Components Brass Plumbing Fittings India\",\"url\":\"https:\\\/\\\/conexmetals.com\\\/es\\\/\",\"logo\":{\"@type\":\"ImageObject\",\"inLanguage\":\"es\",\"@id\":\"https:\\\/\\\/conexmetals.com\\\/es\\\/#\\\/schema\\\/logo\\\/image\\\/\",\"url\":\"https:\\\/\\\/conexmetals.com\\\/wp-content\\\/uploads\\\/2024\\\/03\\\/conex-metals-logo.webp\",\"contentUrl\":\"https:\\\/\\\/conexmetals.com\\\/wp-content\\\/uploads\\\/2024\\\/03\\\/conex-metals-logo.webp\",\"width\":300,\"height\":121,\"caption\":\"Conex Metals Brass Fittings Brass Parts Copper Parts Brass Components Brass Plumbing Fittings India\"},\"image\":{\"@id\":\"https:\\\/\\\/conexmetals.com\\\/es\\\/#\\\/schema\\\/logo\\\/image\\\/\"},\"sameAs\":[\"https:\\\/\\\/www.facebook.com\\\/conexbrass\",\"https:\\\/\\\/x.com\\\/conexindia\",\"https:\\\/\\\/www.linkedin.com\\\/company\\\/conex-metals-india\\\/\",\"https:\\\/\\\/www.instagram.com\\\/conexindia\\\/\"]}]}<\/script>\n<!-- \/ Yoast SEO plugin. -->","yoast_head_json":{"title":"Clips para cinta","description":"Explore los Clips para cinta de Conex Metals, que incluyen Cinta de tierra de cobre y Cinta de protecci\u00f3n contra rayos. Nuestros Acopladores de varilla de tierra y Clips adhesivos conductores garantizan soluciones de montaje duraderas y seguras. Fabricante, exportador y proveedor de confianza de India.","robots":{"index":"index","follow":"follow","max-snippet":"max-snippet:-1","max-image-preview":"max-image-preview:large","max-video-preview":"max-video-preview:-1"},"canonical":"https:\/\/conexmetals.com\/es\/producto\/clips-para-cinta\/","schema":{"@context":"https:\/\/schema.org","@graph":[{"@type":"WebPage","@id":"https:\/\/conexmetals.com\/es\/producto\/clips-para-cinta\/","url":"https:\/\/conexmetals.com\/es\/producto\/clips-para-cinta\/","name":"Clips para cinta","isPartOf":{"@id":"https:\/\/conexmetals.com\/es\/#website"},"primaryImageOfPage":{"@id":"https:\/\/conexmetals.com\/es\/producto\/clips-para-cinta\/#primaryimage"},"image":{"@id":"https:\/\/conexmetals.com\/es\/producto\/clips-para-cinta\/#primaryimage"},"thumbnailUrl":"https:\/\/conexmetals.com\/wp-content\/uploads\/2025\/01\/Clips-para-cinta-1.webp","datePublished":"2023-08-18T04:59:41+00:00","dateModified":"2025-01-03T09:56:09+00:00","description":"Explore los Clips para cinta de Conex Metals, que incluyen Cinta de tierra de cobre y Cinta de protecci\u00f3n contra rayos. Nuestros Acopladores de varilla de tierra y Clips adhesivos conductores garantizan soluciones de montaje duraderas y seguras. Fabricante, exportador y proveedor de confianza de India.","breadcrumb":{"@id":"https:\/\/conexmetals.com\/es\/producto\/clips-para-cinta\/#breadcrumb"},"inLanguage":"es","potentialAction":[{"@type":"ReadAction","target":["https:\/\/conexmetals.com\/es\/producto\/clips-para-cinta\/"]}]},{"@type":"ImageObject","inLanguage":"es","@id":"https:\/\/conexmetals.com\/es\/producto\/clips-para-cinta\/#primaryimage","url":"https:\/\/conexmetals.com\/wp-content\/uploads\/2025\/01\/Clips-para-cinta-1.webp","contentUrl":"https:\/\/conexmetals.com\/wp-content\/uploads\/2025\/01\/Clips-para-cinta-1.webp","width":350,"height":350,"caption":"Clips para cinta"},{"@type":"BreadcrumbList","@id":"https:\/\/conexmetals.com\/es\/producto\/clips-para-cinta\/#breadcrumb","itemListElement":[{"@type":"ListItem","position":1,"name":"Home","item":"https:\/\/conexmetals.com\/es\/hogar\/"},{"@type":"ListItem","position":2,"name":"Products","item":"https:\/\/conexmetals.com\/products\/"},{"@type":"ListItem","position":3,"name":"Clips para cinta"}]},{"@type":"WebSite","@id":"https:\/\/conexmetals.com\/es\/#website","url":"https:\/\/conexmetals.com\/es\/","name":"Conex Metals Brass Fittings Brass Parts Copper Parts Brass Components Brass Plumbing Fittings India","description":"Manufacturer of Bronze Fittings casting Copper Brass parts components","publisher":{"@id":"https:\/\/conexmetals.com\/es\/#organization"},"potentialAction":[{"@type":"SearchAction","target":{"@type":"EntryPoint","urlTemplate":"https:\/\/conexmetals.com\/es\/?s={search_term_string}"},"query-input":{"@type":"PropertyValueSpecification","valueRequired":true,"valueName":"search_term_string"}}],"inLanguage":"es"},{"@type":"Organization","@id":"https:\/\/conexmetals.com\/es\/#organization","name":"Conex Metals Brass Fittings Brass Parts Copper Parts Brass Components Brass Plumbing Fittings India","url":"https:\/\/conexmetals.com\/es\/","logo":{"@type":"ImageObject","inLanguage":"es","@id":"https:\/\/conexmetals.com\/es\/#\/schema\/logo\/image\/","url":"https:\/\/conexmetals.com\/wp-content\/uploads\/2024\/03\/conex-metals-logo.webp","contentUrl":"https:\/\/conexmetals.com\/wp-content\/uploads\/2024\/03\/conex-metals-logo.webp","width":300,"height":121,"caption":"Conex Metals Brass Fittings Brass Parts Copper Parts Brass Components Brass Plumbing Fittings India"},"image":{"@id":"https:\/\/conexmetals.com\/es\/#\/schema\/logo\/image\/"},"sameAs":["https:\/\/www.facebook.com\/conexbrass","https:\/\/x.com\/conexindia","https:\/\/www.linkedin.com\/company\/conex-metals-india\/","https:\/\/www.instagram.com\/conexindia\/"]}]}},"_links":{"self":[{"href":"https:\/\/conexmetals.com\/es\/wp-json\/wp\/v2\/product\/12658","targetHints":{"allow":["GET"]}}],"collection":[{"href":"https:\/\/conexmetals.com\/es\/wp-json\/wp\/v2\/product"}],"about":[{"href":"https:\/\/conexmetals.com\/es\/wp-json\/wp\/v2\/types\/product"}],"wp:featuredmedia":[{"embeddable":true,"href":"https:\/\/conexmetals.com\/es\/wp-json\/wp\/v2\/media\/12570"}],"wp:attachment":[{"href":"https:\/\/conexmetals.com\/es\/wp-json\/wp\/v2\/media?parent=12658"}],"wp:term":[{"taxonomy":"product_brand","embeddable":true,"href":"https:\/\/conexmetals.com\/es\/wp-json\/wp\/v2\/product_brand?post=12658"},{"taxonomy":"product_cat","embeddable":true,"href":"https:\/\/conexmetals.com\/es\/wp-json\/wp\/v2\/product_cat?post=12658"},{"taxonomy":"product_tag","embeddable":true,"href":"https:\/\/conexmetals.com\/es\/wp-json\/wp\/v2\/product_tag?post=12658"}],"curies":[{"name":"wp","href":"https:\/\/api.w.org\/{rel}","templated":true}]}}