{"id":12664,"date":"2023-08-18T10:30:31","date_gmt":"2023-08-18T05:00:31","guid":{"rendered":"https:\/\/conexmetals.com\/?post_type=product&#038;p=12664"},"modified":"2025-01-03T15:37:33","modified_gmt":"2025-01-03T10:07:33","slug":"bases-de-terminal","status":"publish","type":"product","link":"https:\/\/conexmetals.com\/es\/producto\/bases-de-terminal\/","title":{"rendered":"Bases de Terminal"},"content":{"rendered":"","protected":false},"excerpt":{"rendered":"<table id=\"tablepress-356\" class=\"tablepress tablepress-id-356\">\n<caption>\u00a0<\/caption>\n<thead>\n<tr class=\"row-1 odd\">\n<th class=\"column-1\" colspan=\"4\"><strong><span>Bases terminales<\/span><\/strong><\/th>\n<\/tr>\n<\/thead>\n<tbody class=\"row-hover\">\n<tr class=\"row-2 even\">\n<td class=\"column-1\"><strong><span>Di\u00e1metro de la rosca mm<\/span><\/strong><\/td>\n<td class=\"column-2\"><strong><span>Tama\u00f1o del conductor mm<\/span><\/strong><\/td>\n<td class=\"column-3\"><strong><span>Material<\/span><\/strong><\/td>\n<td class=\"column-4\"><strong><span>Peso kg<\/span><\/strong><\/td>\n<\/tr>\n<tr class=\"row-3 odd\">\n<td class=\"column-1\"><span>16<\/span><\/td>\n<td class=\"column-2\"><span>25<\/span><\/td>\n<td class=\"column-3\"><span>Cobre<\/span><\/td>\n<td class=\"column-4\"><span>0,5<\/span><\/td>\n<\/tr>\n<tr class=\"row-4 even\">\n<td class=\"column-1\"><span>16<\/span><\/td>\n<td class=\"column-2\"><span>25<\/span><\/td>\n<td class=\"column-3\"><span>Aluminio<\/span><\/td>\n<td class=\"column-4\"><span>0,17<\/span><\/td>\n<\/tr>\n<tr class=\"row-5 odd\">\n<td class=\"column-1\"><span>10<\/span><\/td>\n<td class=\"column-2\"><span>8 o 25 x 3<\/span><\/td>\n<td class=\"column-3\"><span>Aluminio<\/span><\/td>\n<td class=\"column-4\"><span>0,15<\/span><\/td>\n<\/tr>\n<tr class=\"row-6 even\">\n<td class=\"column-1\"><span>16<\/span><\/td>\n<td class=\"column-2\"><span>31 x 6<\/span><\/td>\n<td class=\"column-3\"><span>Cobre<\/span><\/td>\n<td class=\"column-4\"><span>0,5<\/span><\/td>\n<\/tr>\n<tr class=\"row-7 odd\">\n<td class=\"column-1\"><span>16<\/span><\/td>\n<td class=\"column-2\"><span>50 mm\u00b2<\/span><\/td>\n<td class=\"column-3\"><span>Cobre<\/span><\/td>\n<td class=\"column-4\"><span>0,8<\/span><\/td>\n<\/tr>\n<tr class=\"row-8 even\">\n<td class=\"column-1\"><span>16<\/span><\/td>\n<td class=\"column-2\"><span>70 mm\u00b2<\/span><\/td>\n<td class=\"column-3\"><span>Cobre<\/span><\/td>\n<td class=\"column-4\"><span>0,75<\/span><\/td>\n<\/tr>\n<tr class=\"row-9 odd\">\n<td class=\"column-1\"><span>16<\/span><\/td>\n<td class=\"column-2\"><span>95 mm\u00b2<\/span><\/td>\n<td class=\"column-3\"><span>Cobre<\/span><\/td>\n<td class=\"column-4\"><span>0.9<\/span><\/td>\n<\/tr>\n<\/tbody>\n<\/table>\n<p><img decoding=\"async\" class=\"alignright wp-image-6790 size-full lazy loaded\" src=\"https:\/\/conexmetals.com\/wp-content\/uploads\/2023\/08\/Terminal-Bases-line-drawing.png\" alt=\"Dibujo lineal de bases terminales\" width=\"246\" height=\"85\" data-src=\"https:\/\/conexmetals.com\/wp-content\/uploads\/2023\/08\/Terminal-Bases-line-drawing.png\" data-was-processed=\"true\" \/><span>Las bases de terminales, tambi\u00e9n conocidas como bloques de terminales o bases de cableado, son dispositivos modulares que se utilizan en aplicaciones el\u00e9ctricas y electr\u00f3nicas para facilitar la conexi\u00f3n y terminaci\u00f3n de conductores el\u00e9ctricos. Sirven como punto central para unir m\u00faltiples cables, lo que permite realizar conexiones el\u00e9ctricas f\u00e1ciles y organizadas en varios sistemas.<\/span><\/p>\n<p><span>Las caracter\u00edsticas y usos clave de las bases de terminales incluyen:<\/span><\/p>\n<ol>\n<li><span>Puntos de conexi\u00f3n: Las bases de terminales consisten en una serie de terminales met\u00e1licos o aislados dispuestos en fila o en bloque. Cada terminal proporciona un punto de conexi\u00f3n donde se pueden conectar cables o conductores de forma segura.<\/span><\/li>\n<li><span>Terminaci\u00f3n de cables: los cables se suelen terminar en los terminales mediante tornillos, abrazaderas de resorte u otros m\u00e9todos, seg\u00fan el dise\u00f1o de la base del terminal. El m\u00e9todo de terminaci\u00f3n garantiza una conexi\u00f3n el\u00e9ctrica confiable.<\/span><\/li>\n<li><span>Dise\u00f1o modular: Las bases de terminales a menudo tienen un dise\u00f1o modular, lo que permite unirlas f\u00e1cilmente o montarlas una al lado de la otra para crear puntos de conexi\u00f3n m\u00e1s grandes para m\u00faltiples cables.<\/span><\/li>\n<li><span>Etiquetado: Algunas bases de terminales tienen \u00e1reas para etiquetar o marcar los cables conectados, lo que facilita la identificaci\u00f3n y el rastreo de las conexiones.<\/span><\/li>\n<li><span>Tipos: Las bases de terminales vienen en varios tipos, incluidos bloques de terminales de barrera, bloques de terminales de paso, bloques de terminales con fusibles y bloques de terminales de tierra, entre otros. Cada tipo est\u00e1 dise\u00f1ado para aplicaciones y requisitos de conexi\u00f3n espec\u00edficos.<\/span><\/li>\n<li><span>Aplicaciones: Las bases de terminales se utilizan ampliamente en paneles de control industriales, gabinetes el\u00e9ctricos, sistemas de distribuci\u00f3n de energ\u00eda, centros de control de motores, prototipos electr\u00f3nicos y varias otras aplicaciones que involucran conexiones el\u00e9ctricas.<\/span><\/li>\n<\/ol>\n<p><span>Las bases de terminales desempe\u00f1an un papel fundamental en los sistemas de cableado y control el\u00e9ctrico, ya que proporcionan una forma segura y organizada de gestionar las conexiones el\u00e9ctricas. Simplifican las tareas de mantenimiento y resoluci\u00f3n de problemas, ya que permiten desconectar y volver a conectar los cables f\u00e1cilmente sin da\u00f1ar los conductores.<\/span><\/p>\n<p><span>Es fundamental elegir la base de terminal adecuada en funci\u00f3n de los requisitos espec\u00edficos del sistema el\u00e9ctrico o electr\u00f3nico. Entre los factores a tener en cuenta se incluyen el tipo de conductores (cables s\u00f3lidos o trenzados), la capacidad de transporte de corriente, la tensi\u00f3n nominal y las condiciones ambientales (temperatura, humedad, etc.).<\/span><\/p>\n","protected":false},"featured_media":12575,"template":"","meta":[],"product_brand":[],"product_cat":[383],"product_tag":[],"class_list":{"0":"post-12664","1":"product","2":"type-product","3":"status-publish","4":"has-post-thumbnail","6":"product_cat-accesorios-de-conexion-a-tierra","8":"first","9":"instock","10":"shipping-taxable","11":"product-type-simple"},"yoast_head":"<!-- This site is optimized with the Yoast SEO plugin v27.3 - https:\/\/yoast.com\/product\/yoast-seo-wordpress\/ -->\n<title>Bases de Terminal<\/title>\n<meta name=\"description\" content=\"Conex Metals ofrece bases de terminal confiables, incluyendo soluciones para terminales de aire y terminales de aire de cobre. Nuestros productos brindan una protecci\u00f3n y seguridad superiores en sistemas de protecci\u00f3n contra rayos. Fabricante, exportador y proveedor l\u00edder de la India.\" \/>\n<meta name=\"robots\" content=\"index, follow, max-snippet:-1, max-image-preview:large, max-video-preview:-1\" \/>\n<link rel=\"canonical\" href=\"https:\/\/conexmetals.com\/es\/producto\/bases-de-terminal\/\" \/>\n<script type=\"application\/ld+json\" class=\"yoast-schema-graph\">{\"@context\":\"https:\\\/\\\/schema.org\",\"@graph\":[{\"@type\":\"WebPage\",\"@id\":\"https:\\\/\\\/conexmetals.com\\\/es\\\/producto\\\/bases-de-terminal\\\/\",\"url\":\"https:\\\/\\\/conexmetals.com\\\/es\\\/producto\\\/bases-de-terminal\\\/\",\"name\":\"Bases de Terminal\",\"isPartOf\":{\"@id\":\"https:\\\/\\\/conexmetals.com\\\/es\\\/#website\"},\"primaryImageOfPage\":{\"@id\":\"https:\\\/\\\/conexmetals.com\\\/es\\\/producto\\\/bases-de-terminal\\\/#primaryimage\"},\"image\":{\"@id\":\"https:\\\/\\\/conexmetals.com\\\/es\\\/producto\\\/bases-de-terminal\\\/#primaryimage\"},\"thumbnailUrl\":\"https:\\\/\\\/conexmetals.com\\\/wp-content\\\/uploads\\\/2025\\\/01\\\/Bases-de-Terminal.webp\",\"datePublished\":\"2023-08-18T05:00:31+00:00\",\"dateModified\":\"2025-01-03T10:07:33+00:00\",\"description\":\"Conex Metals ofrece bases de terminal confiables, incluyendo soluciones para terminales de aire y terminales de aire de cobre. Nuestros productos brindan una protecci\u00f3n y seguridad superiores en sistemas de protecci\u00f3n contra rayos. Fabricante, exportador y proveedor l\u00edder de la India.\",\"breadcrumb\":{\"@id\":\"https:\\\/\\\/conexmetals.com\\\/es\\\/producto\\\/bases-de-terminal\\\/#breadcrumb\"},\"inLanguage\":\"es\",\"potentialAction\":[{\"@type\":\"ReadAction\",\"target\":[\"https:\\\/\\\/conexmetals.com\\\/es\\\/producto\\\/bases-de-terminal\\\/\"]}]},{\"@type\":\"ImageObject\",\"inLanguage\":\"es\",\"@id\":\"https:\\\/\\\/conexmetals.com\\\/es\\\/producto\\\/bases-de-terminal\\\/#primaryimage\",\"url\":\"https:\\\/\\\/conexmetals.com\\\/wp-content\\\/uploads\\\/2025\\\/01\\\/Bases-de-Terminal.webp\",\"contentUrl\":\"https:\\\/\\\/conexmetals.com\\\/wp-content\\\/uploads\\\/2025\\\/01\\\/Bases-de-Terminal.webp\",\"width\":350,\"height\":350,\"caption\":\"Bases de Terminal\"},{\"@type\":\"BreadcrumbList\",\"@id\":\"https:\\\/\\\/conexmetals.com\\\/es\\\/producto\\\/bases-de-terminal\\\/#breadcrumb\",\"itemListElement\":[{\"@type\":\"ListItem\",\"position\":1,\"name\":\"Home\",\"item\":\"https:\\\/\\\/conexmetals.com\\\/es\\\/hogar\\\/\"},{\"@type\":\"ListItem\",\"position\":2,\"name\":\"Products\",\"item\":\"https:\\\/\\\/conexmetals.com\\\/products\\\/\"},{\"@type\":\"ListItem\",\"position\":3,\"name\":\"Bases de Terminal\"}]},{\"@type\":\"WebSite\",\"@id\":\"https:\\\/\\\/conexmetals.com\\\/es\\\/#website\",\"url\":\"https:\\\/\\\/conexmetals.com\\\/es\\\/\",\"name\":\"Conex Metals Brass Fittings Brass Parts Copper Parts Brass Components Brass Plumbing Fittings India\",\"description\":\"Manufacturer of Bronze Fittings casting Copper Brass parts components\",\"publisher\":{\"@id\":\"https:\\\/\\\/conexmetals.com\\\/es\\\/#organization\"},\"potentialAction\":[{\"@type\":\"SearchAction\",\"target\":{\"@type\":\"EntryPoint\",\"urlTemplate\":\"https:\\\/\\\/conexmetals.com\\\/es\\\/?s={search_term_string}\"},\"query-input\":{\"@type\":\"PropertyValueSpecification\",\"valueRequired\":true,\"valueName\":\"search_term_string\"}}],\"inLanguage\":\"es\"},{\"@type\":\"Organization\",\"@id\":\"https:\\\/\\\/conexmetals.com\\\/es\\\/#organization\",\"name\":\"Conex Metals Brass Fittings Brass Parts Copper Parts Brass Components Brass Plumbing Fittings India\",\"url\":\"https:\\\/\\\/conexmetals.com\\\/es\\\/\",\"logo\":{\"@type\":\"ImageObject\",\"inLanguage\":\"es\",\"@id\":\"https:\\\/\\\/conexmetals.com\\\/es\\\/#\\\/schema\\\/logo\\\/image\\\/\",\"url\":\"https:\\\/\\\/conexmetals.com\\\/wp-content\\\/uploads\\\/2024\\\/03\\\/conex-metals-logo.webp\",\"contentUrl\":\"https:\\\/\\\/conexmetals.com\\\/wp-content\\\/uploads\\\/2024\\\/03\\\/conex-metals-logo.webp\",\"width\":300,\"height\":121,\"caption\":\"Conex Metals Brass Fittings Brass Parts Copper Parts Brass Components Brass Plumbing Fittings India\"},\"image\":{\"@id\":\"https:\\\/\\\/conexmetals.com\\\/es\\\/#\\\/schema\\\/logo\\\/image\\\/\"},\"sameAs\":[\"https:\\\/\\\/www.facebook.com\\\/conexbrass\",\"https:\\\/\\\/x.com\\\/conexindia\",\"https:\\\/\\\/www.linkedin.com\\\/company\\\/conex-metals-india\\\/\",\"https:\\\/\\\/www.instagram.com\\\/conexindia\\\/\"]}]}<\/script>\n<!-- \/ Yoast SEO plugin. -->","yoast_head_json":{"title":"Bases de Terminal","description":"Conex Metals ofrece bases de terminal confiables, incluyendo soluciones para terminales de aire y terminales de aire de cobre. Nuestros productos brindan una protecci\u00f3n y seguridad superiores en sistemas de protecci\u00f3n contra rayos. Fabricante, exportador y proveedor l\u00edder de la India.","robots":{"index":"index","follow":"follow","max-snippet":"max-snippet:-1","max-image-preview":"max-image-preview:large","max-video-preview":"max-video-preview:-1"},"canonical":"https:\/\/conexmetals.com\/es\/producto\/bases-de-terminal\/","schema":{"@context":"https:\/\/schema.org","@graph":[{"@type":"WebPage","@id":"https:\/\/conexmetals.com\/es\/producto\/bases-de-terminal\/","url":"https:\/\/conexmetals.com\/es\/producto\/bases-de-terminal\/","name":"Bases de Terminal","isPartOf":{"@id":"https:\/\/conexmetals.com\/es\/#website"},"primaryImageOfPage":{"@id":"https:\/\/conexmetals.com\/es\/producto\/bases-de-terminal\/#primaryimage"},"image":{"@id":"https:\/\/conexmetals.com\/es\/producto\/bases-de-terminal\/#primaryimage"},"thumbnailUrl":"https:\/\/conexmetals.com\/wp-content\/uploads\/2025\/01\/Bases-de-Terminal.webp","datePublished":"2023-08-18T05:00:31+00:00","dateModified":"2025-01-03T10:07:33+00:00","description":"Conex Metals ofrece bases de terminal confiables, incluyendo soluciones para terminales de aire y terminales de aire de cobre. Nuestros productos brindan una protecci\u00f3n y seguridad superiores en sistemas de protecci\u00f3n contra rayos. Fabricante, exportador y proveedor l\u00edder de la India.","breadcrumb":{"@id":"https:\/\/conexmetals.com\/es\/producto\/bases-de-terminal\/#breadcrumb"},"inLanguage":"es","potentialAction":[{"@type":"ReadAction","target":["https:\/\/conexmetals.com\/es\/producto\/bases-de-terminal\/"]}]},{"@type":"ImageObject","inLanguage":"es","@id":"https:\/\/conexmetals.com\/es\/producto\/bases-de-terminal\/#primaryimage","url":"https:\/\/conexmetals.com\/wp-content\/uploads\/2025\/01\/Bases-de-Terminal.webp","contentUrl":"https:\/\/conexmetals.com\/wp-content\/uploads\/2025\/01\/Bases-de-Terminal.webp","width":350,"height":350,"caption":"Bases de Terminal"},{"@type":"BreadcrumbList","@id":"https:\/\/conexmetals.com\/es\/producto\/bases-de-terminal\/#breadcrumb","itemListElement":[{"@type":"ListItem","position":1,"name":"Home","item":"https:\/\/conexmetals.com\/es\/hogar\/"},{"@type":"ListItem","position":2,"name":"Products","item":"https:\/\/conexmetals.com\/products\/"},{"@type":"ListItem","position":3,"name":"Bases de Terminal"}]},{"@type":"WebSite","@id":"https:\/\/conexmetals.com\/es\/#website","url":"https:\/\/conexmetals.com\/es\/","name":"Conex Metals Brass Fittings Brass Parts Copper Parts Brass Components Brass Plumbing Fittings India","description":"Manufacturer of Bronze Fittings casting Copper Brass parts components","publisher":{"@id":"https:\/\/conexmetals.com\/es\/#organization"},"potentialAction":[{"@type":"SearchAction","target":{"@type":"EntryPoint","urlTemplate":"https:\/\/conexmetals.com\/es\/?s={search_term_string}"},"query-input":{"@type":"PropertyValueSpecification","valueRequired":true,"valueName":"search_term_string"}}],"inLanguage":"es"},{"@type":"Organization","@id":"https:\/\/conexmetals.com\/es\/#organization","name":"Conex Metals Brass Fittings Brass Parts Copper Parts Brass Components Brass Plumbing Fittings India","url":"https:\/\/conexmetals.com\/es\/","logo":{"@type":"ImageObject","inLanguage":"es","@id":"https:\/\/conexmetals.com\/es\/#\/schema\/logo\/image\/","url":"https:\/\/conexmetals.com\/wp-content\/uploads\/2024\/03\/conex-metals-logo.webp","contentUrl":"https:\/\/conexmetals.com\/wp-content\/uploads\/2024\/03\/conex-metals-logo.webp","width":300,"height":121,"caption":"Conex Metals Brass Fittings Brass Parts Copper Parts Brass Components Brass Plumbing Fittings India"},"image":{"@id":"https:\/\/conexmetals.com\/es\/#\/schema\/logo\/image\/"},"sameAs":["https:\/\/www.facebook.com\/conexbrass","https:\/\/x.com\/conexindia","https:\/\/www.linkedin.com\/company\/conex-metals-india\/","https:\/\/www.instagram.com\/conexindia\/"]}]}},"_links":{"self":[{"href":"https:\/\/conexmetals.com\/es\/wp-json\/wp\/v2\/product\/12664","targetHints":{"allow":["GET"]}}],"collection":[{"href":"https:\/\/conexmetals.com\/es\/wp-json\/wp\/v2\/product"}],"about":[{"href":"https:\/\/conexmetals.com\/es\/wp-json\/wp\/v2\/types\/product"}],"wp:featuredmedia":[{"embeddable":true,"href":"https:\/\/conexmetals.com\/es\/wp-json\/wp\/v2\/media\/12575"}],"wp:attachment":[{"href":"https:\/\/conexmetals.com\/es\/wp-json\/wp\/v2\/media?parent=12664"}],"wp:term":[{"taxonomy":"product_brand","embeddable":true,"href":"https:\/\/conexmetals.com\/es\/wp-json\/wp\/v2\/product_brand?post=12664"},{"taxonomy":"product_cat","embeddable":true,"href":"https:\/\/conexmetals.com\/es\/wp-json\/wp\/v2\/product_cat?post=12664"},{"taxonomy":"product_tag","embeddable":true,"href":"https:\/\/conexmetals.com\/es\/wp-json\/wp\/v2\/product_tag?post=12664"}],"curies":[{"name":"wp","href":"https:\/\/api.w.org\/{rel}","templated":true}]}}