{"id":12741,"date":"2023-08-18T10:31:07","date_gmt":"2023-08-18T05:01:07","guid":{"rendered":"https:\/\/conexmetals.com\/?post_type=product&#038;p=12741"},"modified":"2025-01-04T14:45:31","modified_gmt":"2025-01-04T09:15:31","slug":"varillas-de-aire-conicas-de-cobre","status":"publish","type":"product","link":"https:\/\/conexmetals.com\/es\/producto\/varillas-de-aire-conicas-de-cobre\/","title":{"rendered":"Varillas de aire c\u00f3nicas de cobre"},"content":{"rendered":"","protected":false},"excerpt":{"rendered":"<table id=\"tablepress-333\" class=\"tablepress tablepress-id-333\">\n<caption>\u00a0<\/caption>\n<thead>\n<tr class=\"row-1 odd\">\n<th class=\"column-1\" colspan=\"4\"><strong><span>Varillas de aire de cobre<\/span><\/strong><\/th>\n<\/tr>\n<\/thead>\n<tbody class=\"row-hover\">\n<tr class=\"row-2 even\">\n<td class=\"column-1\"><strong><span>Longitud de la varilla (mm)<\/span><\/strong><\/td>\n<td class=\"column-2\"><strong><span>Di\u00e1metro de la varilla (mm)<\/span><\/strong><\/td>\n<td class=\"column-3\"><strong><span>Di\u00e1metro de rosca en pulgadas<\/span><\/strong><\/td>\n<td class=\"column-4\"><strong><span>Material<\/span><\/strong><\/td>\n<\/tr>\n<tr class=\"row-3 odd\">\n<td class=\"column-1\"><span>300<\/span><\/td>\n<td class=\"column-2\"><span>14.2<\/span><\/td>\n<td class=\"column-3\"><span>5\/8\u2033<\/span><\/td>\n<td class=\"column-4\"><span>Cobre<\/span><\/td>\n<\/tr>\n<tr class=\"row-4 even\">\n<td class=\"column-1\"><span>500<\/span><\/td>\n<td class=\"column-2\"><span>14.2<\/span><\/td>\n<td class=\"column-3\"><span>5\/8\u2033<\/span><\/td>\n<td class=\"column-4\"><span>Cobre<\/span><\/td>\n<\/tr>\n<tr class=\"row-5 odd\">\n<td class=\"column-1\"><span>600<\/span><\/td>\n<td class=\"column-2\"><span>14.2<\/span><\/td>\n<td class=\"column-3\"><span>5\/8\u2033<\/span><\/td>\n<td class=\"column-4\"><span>Cobre<\/span><\/td>\n<\/tr>\n<tr class=\"row-6 even\">\n<td class=\"column-1\"><span>900<\/span><\/td>\n<td class=\"column-2\"><span>14.2<\/span><\/td>\n<td class=\"column-3\"><span>5\/8\u2033<\/span><\/td>\n<td class=\"column-4\"><span>Cobre<\/span><\/td>\n<\/tr>\n<tr class=\"row-7 odd\">\n<td class=\"column-1\"><span>1000<\/span><\/td>\n<td class=\"column-2\"><span>14.2<\/span><\/td>\n<td class=\"column-3\"><span>5\/8\u2033<\/span><\/td>\n<td class=\"column-4\"><span>Cobre<\/span><\/td>\n<\/tr>\n<tr class=\"row-8 even\">\n<td class=\"column-1\"><span>1200<\/span><\/td>\n<td class=\"column-2\"><span>14.2<\/span><\/td>\n<td class=\"column-3\"><span>5\/8\u2033<\/span><\/td>\n<td class=\"column-4\"><span>Cobre<\/span><\/td>\n<\/tr>\n<tr class=\"row-9 odd\">\n<td class=\"column-1\"><span>1300<\/span><\/td>\n<td class=\"column-2\"><span>14.2<\/span><\/td>\n<td class=\"column-3\"><span>5\/8\u2033<\/span><\/td>\n<td class=\"column-4\"><span>Cobre<\/span><\/td>\n<\/tr>\n<tr class=\"row-10 even\">\n<td class=\"column-1\"><span>1500<\/span><\/td>\n<td class=\"column-2\"><span>14.2<\/span><\/td>\n<td class=\"column-3\"><span>5\/8\u2033<\/span><\/td>\n<td class=\"column-4\"><span>Cobre<\/span><\/td>\n<\/tr>\n<tr class=\"row-11 odd\">\n<td class=\"column-1\"><span>2000<\/span><\/td>\n<td class=\"column-2\"><span>14.2<\/span><\/td>\n<td class=\"column-3\"><span>5\/8\u2033<\/span><\/td>\n<td class=\"column-4\"><span>Cobre<\/span><\/td>\n<\/tr>\n<tr class=\"row-12 even\">\n<td class=\"column-1\"><span>2200<\/span><\/td>\n<td class=\"column-2\"><span>14.2<\/span><\/td>\n<td class=\"column-3\"><span>5\/8\u2033<\/span><\/td>\n<td class=\"column-4\"><span>Cobre<\/span><\/td>\n<\/tr>\n<tr class=\"row-13 odd\">\n<td class=\"column-1\"><span>3000<\/span><\/td>\n<td class=\"column-2\"><span>14.2<\/span><\/td>\n<td class=\"column-3\"><span>5\/8\u2033<\/span><\/td>\n<td class=\"column-4\"><span>Cobre<\/span><\/td>\n<\/tr>\n<tr class=\"row-14 even\">\n<td class=\"column-1\"><span>500<\/span><\/td>\n<td class=\"column-2\"><span>17.2<\/span><\/td>\n<td class=\"column-3\"><span>3\/4\u2033<\/span><\/td>\n<td class=\"column-4\"><span>Cobre<\/span><\/td>\n<\/tr>\n<tr class=\"row-15 odd\">\n<td class=\"column-1\"><span>1000<\/span><\/td>\n<td class=\"column-2\"><span>17.2<\/span><\/td>\n<td class=\"column-3\"><span>3\/4\u2033<\/span><\/td>\n<td class=\"column-4\"><span>Cobre<\/span><\/td>\n<\/tr>\n<tr class=\"row-16 even\">\n<td class=\"column-1\"><span>2000<\/span><\/td>\n<td class=\"column-2\"><span>17.2<\/span><\/td>\n<td class=\"column-3\"><span>3\/4\u2033<\/span><\/td>\n<td class=\"column-4\"><span>Cobre<\/span><\/td>\n<\/tr>\n<tr class=\"row-17 odd\">\n<td class=\"column-1\"><span>300<\/span><\/td>\n<td class=\"column-2\"><span>14.2<\/span><\/td>\n<td class=\"column-3\"><span>5\/8\u2033<\/span><\/td>\n<td class=\"column-4\"><span>Aluminio<\/span><\/td>\n<\/tr>\n<tr class=\"row-18 even\">\n<td class=\"column-1\"><span>500<\/span><\/td>\n<td class=\"column-2\"><span>14.2<\/span><\/td>\n<td class=\"column-3\"><span>5\/8\u2033<\/span><\/td>\n<td class=\"column-4\"><span>Aluminio<\/span><\/td>\n<\/tr>\n<tr class=\"row-19 odd\">\n<td class=\"column-1\"><span>1000<\/span><\/td>\n<td class=\"column-2\"><span>14.2<\/span><\/td>\n<td class=\"column-3\"><span>5\/8\u2033<\/span><\/td>\n<td class=\"column-4\"><span>Aluminio<\/span><\/td>\n<\/tr>\n<tr class=\"row-20 even\">\n<td class=\"column-1\"><span>1500<\/span><\/td>\n<td class=\"column-2\"><span>14.2<\/span><\/td>\n<td class=\"column-3\"><span>5\/8\u2033<\/span><\/td>\n<td class=\"column-4\"><span>Aluminio<\/span><\/td>\n<\/tr>\n<tr class=\"row-21 odd\">\n<td class=\"column-1\"><span>2000<\/span><\/td>\n<td class=\"column-2\"><span>14.2<\/span><\/td>\n<td class=\"column-3\"><span>5\/8\u2033<\/span><\/td>\n<td class=\"column-4\"><span>Aluminio<\/span><\/td>\n<\/tr>\n<tr class=\"row-22 even\">\n<td class=\"column-1\"><span>500<\/span><\/td>\n<td class=\"column-2\"><span>17.2<\/span><\/td>\n<td class=\"column-3\"><span>3\/4\u2033<\/span><\/td>\n<td class=\"column-4\"><span>Aluminio<\/span><\/td>\n<\/tr>\n<tr class=\"row-23 odd\">\n<td class=\"column-1\"><span>1000<\/span><\/td>\n<td class=\"column-2\"><span>17.2<\/span><\/td>\n<td class=\"column-3\"><span>3\/4\u2033<\/span><\/td>\n<td class=\"column-4\"><span>Aluminio<\/span><\/td>\n<\/tr>\n<tr class=\"row-24 even\">\n<td class=\"column-1\"><span>2000<\/span><\/td>\n<td class=\"column-2\"><span>17.2<\/span><\/td>\n<td class=\"column-3\"><span>3\/4\u2033<\/span><\/td>\n<td class=\"column-4\"><span>Aluminio<\/span><\/td>\n<\/tr>\n<\/tbody>\n<\/table>\n<p><span>Las varillas de aire c\u00f3nicas de cobre, tambi\u00e9n conocidas como varillas de aire puntiagudas de cobre o pararrayos de cobre, son dispositivos especializados que ofrece Conex Metals, un fabricante, exportador y proveedor confiable de la India. Estos sistemas de terminaci\u00f3n de aire se utilizan en sistemas de protecci\u00f3n contra rayos para proteger los edificios y las estructuras de los efectos da\u00f1inos de los rayos. Estas varillas, parte de la amplia gama de accesorios de protecci\u00f3n contra rayos de Conex Metals, se instalan en los puntos m\u00e1s altos de la estructura, lo que proporciona una ruta preferida para que la corriente del rayo se disipe de manera segura en el suelo.<\/span><\/p>\n<p><span>Las caracter\u00edsticas y funciones principales de las varillas de aire c\u00f3nicas de cobre de Conex Metals incluyen:<\/span><\/p>\n<p><strong><span>Dise\u00f1o:<\/span><\/strong><span>\u00a0Las varillas de cobre c\u00f3nicas tienen una forma puntiaguda y c\u00f3nica en un extremo, lo que facilita la descarga ascendente de un rayo hacia la varilla. Este dise\u00f1o es parte de la estrategia de protecci\u00f3n contra rayos de las terminales a\u00e9reas, que garantiza la interceptaci\u00f3n eficaz de los rayos.<\/span><\/p>\n<p><strong><span>Material:<\/span><\/strong><span>\u00a0Conex Metals utiliza cobre de alta calidad para la construcci\u00f3n de las barras de aire debido a su excelente conductividad el\u00e9ctrica y resistencia a la corrosi\u00f3n. Estas terminales de aire de cobre est\u00e1n dise\u00f1adas para durar y brindar un rendimiento confiable en cualquier condici\u00f3n clim\u00e1tica.<\/span><\/p>\n<p><strong><span>Instalaci\u00f3n:<\/span><\/strong><span>\u00a0Las varillas c\u00f3nicas de cobre suministradas por Conex Metals se montan en las partes m\u00e1s altas de los edificios o estructuras para aumentar su exposici\u00f3n a posibles rayos. Se fijan de forma segura mediante soportes de montaje u otros elementos de fijaci\u00f3n adecuados, como soportes de tr\u00edpode para varillas de aire y terminales de aire montados con resorte.<\/span><\/p>\n<p><strong><span>Trayectoria preferida de los rayos:<\/span><\/strong><span>\u00a0cuando un rayo cae sobre un edificio o una estructura protegida por varillas de cobre c\u00f3nicas de Conex Metals, las varillas act\u00faan como trayectorias preferidas para la corriente del rayo. Las varillas interceptan el impacto del rayo y lo conducen de forma segura hacia el suelo, lo que reduce el riesgo de da\u00f1os a la estructura y a sus ocupantes.<\/span><\/p>\n<p><strong><span>Conductores de bajada:<\/span><\/strong><span>\u00a0Las varillas de bajada c\u00f3nicas de cobre de Conex Metals suelen estar conectadas a conductores de bajada, que son conductores verticales que transportan la corriente del rayo desde las varillas hasta el sistema de puesta a tierra. Este sistema incluye terminales de bajada de clase I y II, lo que garantiza que se cumplan todas las normas de seguridad.<\/span><\/p>\n<p><strong><span>Sistema de puesta a tierra:<\/span><\/strong><span>\u00a0Los conductores de bajada conducen la corriente del rayo a un sistema de puesta a tierra, que consta de electrodos de puesta a tierra enterrados en el suelo. El sistema de puesta a tierra dispersa la corriente del rayo de forma segura hacia la tierra, completando as\u00ed la instalaci\u00f3n eficaz de protecci\u00f3n contra rayos de la terminal a\u00e9rea.<\/span><\/p>\n<p><span>Los sistemas de protecci\u00f3n contra rayos, incluidas las varillas c\u00f3nicas de cobre de Conex Metals, son esenciales para proteger los edificios, las estructuras y sus habitantes de las fuerzas destructivas de los rayos. Estos sistemas est\u00e1n dise\u00f1ados para disipar la inmensa energ\u00eda el\u00e9ctrica de los rayos, minimizando el riesgo de incendio, da\u00f1o estructural y da\u00f1o a los equipos el\u00e9ctricos.<\/span><\/p>\n<p><span>Conex Metals tambi\u00e9n se especializa en la fabricaci\u00f3n de pararrayos ESE y pararrayos de torre revestidos de cobre. Nuestras varillas de seguridad y otros productos cumplen con los m\u00e1s altos est\u00e1ndares de seguridad, lo que nos convierte en la opci\u00f3n l\u00edder para soluciones de protecci\u00f3n contra rayos en terminales a\u00e9reas en India y en todo el mundo.<\/span><\/p>\n","protected":false},"featured_media":7212,"template":"","meta":[],"product_brand":[],"product_cat":[383],"product_tag":[],"class_list":{"0":"post-12741","1":"product","2":"type-product","3":"status-publish","4":"has-post-thumbnail","6":"product_cat-accesorios-de-conexion-a-tierra","8":"first","9":"instock","10":"shipping-taxable","11":"product-type-simple"},"yoast_head":"<!-- This site is optimized with the Yoast SEO plugin v27.3 - https:\/\/yoast.com\/product\/yoast-seo-wordpress\/ -->\n<title>Varillas de aire c\u00f3nicas de cobre<\/title>\n<meta name=\"description\" content=\"Conex Metals se especializa en Varillas de aire c\u00f3nicas de cobre, Pararrayos de cobre y Sistemas de Terminaci\u00f3n A\u00e9rea. Nuestros productos, incluidos Protecci\u00f3n contra Rayos del Terminal A\u00e9reo y Terminales A\u00e9reos ESE, cumplen con los m\u00e1s altos est\u00e1ndares de seguridad. Fabricante, exportador y proveedor confiable de la India.\" \/>\n<meta name=\"robots\" content=\"index, follow, max-snippet:-1, max-image-preview:large, max-video-preview:-1\" \/>\n<link rel=\"canonical\" href=\"https:\/\/conexmetals.com\/es\/producto\/varillas-de-aire-conicas-de-cobre\/\" \/>\n<script type=\"application\/ld+json\" class=\"yoast-schema-graph\">{\"@context\":\"https:\\\/\\\/schema.org\",\"@graph\":[{\"@type\":\"WebPage\",\"@id\":\"https:\\\/\\\/conexmetals.com\\\/es\\\/producto\\\/varillas-de-aire-conicas-de-cobre\\\/\",\"url\":\"https:\\\/\\\/conexmetals.com\\\/es\\\/producto\\\/varillas-de-aire-conicas-de-cobre\\\/\",\"name\":\"Varillas de aire c\u00f3nicas de cobre\",\"isPartOf\":{\"@id\":\"https:\\\/\\\/conexmetals.com\\\/es\\\/#website\"},\"primaryImageOfPage\":{\"@id\":\"https:\\\/\\\/conexmetals.com\\\/es\\\/producto\\\/varillas-de-aire-conicas-de-cobre\\\/#primaryimage\"},\"image\":{\"@id\":\"https:\\\/\\\/conexmetals.com\\\/es\\\/producto\\\/varillas-de-aire-conicas-de-cobre\\\/#primaryimage\"},\"thumbnailUrl\":\"https:\\\/\\\/conexmetals.com\\\/wp-content\\\/uploads\\\/2025\\\/01\\\/Varillas-de-aire-conicas-de-cobre.webp\",\"datePublished\":\"2023-08-18T05:01:07+00:00\",\"dateModified\":\"2025-01-04T09:15:31+00:00\",\"description\":\"Conex Metals se especializa en Varillas de aire c\u00f3nicas de cobre, Pararrayos de cobre y Sistemas de Terminaci\u00f3n A\u00e9rea. Nuestros productos, incluidos Protecci\u00f3n contra Rayos del Terminal A\u00e9reo y Terminales A\u00e9reos ESE, cumplen con los m\u00e1s altos est\u00e1ndares de seguridad. Fabricante, exportador y proveedor confiable de la India.\",\"breadcrumb\":{\"@id\":\"https:\\\/\\\/conexmetals.com\\\/es\\\/producto\\\/varillas-de-aire-conicas-de-cobre\\\/#breadcrumb\"},\"inLanguage\":\"es\",\"potentialAction\":[{\"@type\":\"ReadAction\",\"target\":[\"https:\\\/\\\/conexmetals.com\\\/es\\\/producto\\\/varillas-de-aire-conicas-de-cobre\\\/\"]}]},{\"@type\":\"ImageObject\",\"inLanguage\":\"es\",\"@id\":\"https:\\\/\\\/conexmetals.com\\\/es\\\/producto\\\/varillas-de-aire-conicas-de-cobre\\\/#primaryimage\",\"url\":\"https:\\\/\\\/conexmetals.com\\\/wp-content\\\/uploads\\\/2025\\\/01\\\/Varillas-de-aire-conicas-de-cobre.webp\",\"contentUrl\":\"https:\\\/\\\/conexmetals.com\\\/wp-content\\\/uploads\\\/2025\\\/01\\\/Varillas-de-aire-conicas-de-cobre.webp\",\"width\":350,\"height\":350,\"caption\":\"Varillas de aire c\u00f3nicas de cobre\"},{\"@type\":\"BreadcrumbList\",\"@id\":\"https:\\\/\\\/conexmetals.com\\\/es\\\/producto\\\/varillas-de-aire-conicas-de-cobre\\\/#breadcrumb\",\"itemListElement\":[{\"@type\":\"ListItem\",\"position\":1,\"name\":\"Home\",\"item\":\"https:\\\/\\\/conexmetals.com\\\/es\\\/hogar\\\/\"},{\"@type\":\"ListItem\",\"position\":2,\"name\":\"Products\",\"item\":\"https:\\\/\\\/conexmetals.com\\\/products\\\/\"},{\"@type\":\"ListItem\",\"position\":3,\"name\":\"Varillas de aire c\u00f3nicas de cobre\"}]},{\"@type\":\"WebSite\",\"@id\":\"https:\\\/\\\/conexmetals.com\\\/es\\\/#website\",\"url\":\"https:\\\/\\\/conexmetals.com\\\/es\\\/\",\"name\":\"Conex Metals Brass Fittings Brass Parts Copper Parts Brass Components Brass Plumbing Fittings India\",\"description\":\"Manufacturer of Bronze Fittings casting Copper Brass parts components\",\"publisher\":{\"@id\":\"https:\\\/\\\/conexmetals.com\\\/es\\\/#organization\"},\"potentialAction\":[{\"@type\":\"SearchAction\",\"target\":{\"@type\":\"EntryPoint\",\"urlTemplate\":\"https:\\\/\\\/conexmetals.com\\\/es\\\/?s={search_term_string}\"},\"query-input\":{\"@type\":\"PropertyValueSpecification\",\"valueRequired\":true,\"valueName\":\"search_term_string\"}}],\"inLanguage\":\"es\"},{\"@type\":\"Organization\",\"@id\":\"https:\\\/\\\/conexmetals.com\\\/es\\\/#organization\",\"name\":\"Conex Metals Brass Fittings Brass Parts Copper Parts Brass Components Brass Plumbing Fittings India\",\"url\":\"https:\\\/\\\/conexmetals.com\\\/es\\\/\",\"logo\":{\"@type\":\"ImageObject\",\"inLanguage\":\"es\",\"@id\":\"https:\\\/\\\/conexmetals.com\\\/es\\\/#\\\/schema\\\/logo\\\/image\\\/\",\"url\":\"https:\\\/\\\/conexmetals.com\\\/wp-content\\\/uploads\\\/2024\\\/03\\\/conex-metals-logo.webp\",\"contentUrl\":\"https:\\\/\\\/conexmetals.com\\\/wp-content\\\/uploads\\\/2024\\\/03\\\/conex-metals-logo.webp\",\"width\":300,\"height\":121,\"caption\":\"Conex Metals Brass Fittings Brass Parts Copper Parts Brass Components Brass Plumbing Fittings India\"},\"image\":{\"@id\":\"https:\\\/\\\/conexmetals.com\\\/es\\\/#\\\/schema\\\/logo\\\/image\\\/\"},\"sameAs\":[\"https:\\\/\\\/www.facebook.com\\\/conexbrass\",\"https:\\\/\\\/x.com\\\/conexindia\",\"https:\\\/\\\/www.linkedin.com\\\/company\\\/conex-metals-india\\\/\",\"https:\\\/\\\/www.instagram.com\\\/conexindia\\\/\"]}]}<\/script>\n<!-- \/ Yoast SEO plugin. -->","yoast_head_json":{"title":"Varillas de aire c\u00f3nicas de cobre","description":"Conex Metals se especializa en Varillas de aire c\u00f3nicas de cobre, Pararrayos de cobre y Sistemas de Terminaci\u00f3n A\u00e9rea. Nuestros productos, incluidos Protecci\u00f3n contra Rayos del Terminal A\u00e9reo y Terminales A\u00e9reos ESE, cumplen con los m\u00e1s altos est\u00e1ndares de seguridad. Fabricante, exportador y proveedor confiable de la India.","robots":{"index":"index","follow":"follow","max-snippet":"max-snippet:-1","max-image-preview":"max-image-preview:large","max-video-preview":"max-video-preview:-1"},"canonical":"https:\/\/conexmetals.com\/es\/producto\/varillas-de-aire-conicas-de-cobre\/","schema":{"@context":"https:\/\/schema.org","@graph":[{"@type":"WebPage","@id":"https:\/\/conexmetals.com\/es\/producto\/varillas-de-aire-conicas-de-cobre\/","url":"https:\/\/conexmetals.com\/es\/producto\/varillas-de-aire-conicas-de-cobre\/","name":"Varillas de aire c\u00f3nicas de cobre","isPartOf":{"@id":"https:\/\/conexmetals.com\/es\/#website"},"primaryImageOfPage":{"@id":"https:\/\/conexmetals.com\/es\/producto\/varillas-de-aire-conicas-de-cobre\/#primaryimage"},"image":{"@id":"https:\/\/conexmetals.com\/es\/producto\/varillas-de-aire-conicas-de-cobre\/#primaryimage"},"thumbnailUrl":"https:\/\/conexmetals.com\/wp-content\/uploads\/2025\/01\/Varillas-de-aire-conicas-de-cobre.webp","datePublished":"2023-08-18T05:01:07+00:00","dateModified":"2025-01-04T09:15:31+00:00","description":"Conex Metals se especializa en Varillas de aire c\u00f3nicas de cobre, Pararrayos de cobre y Sistemas de Terminaci\u00f3n A\u00e9rea. Nuestros productos, incluidos Protecci\u00f3n contra Rayos del Terminal A\u00e9reo y Terminales A\u00e9reos ESE, cumplen con los m\u00e1s altos est\u00e1ndares de seguridad. Fabricante, exportador y proveedor confiable de la India.","breadcrumb":{"@id":"https:\/\/conexmetals.com\/es\/producto\/varillas-de-aire-conicas-de-cobre\/#breadcrumb"},"inLanguage":"es","potentialAction":[{"@type":"ReadAction","target":["https:\/\/conexmetals.com\/es\/producto\/varillas-de-aire-conicas-de-cobre\/"]}]},{"@type":"ImageObject","inLanguage":"es","@id":"https:\/\/conexmetals.com\/es\/producto\/varillas-de-aire-conicas-de-cobre\/#primaryimage","url":"https:\/\/conexmetals.com\/wp-content\/uploads\/2025\/01\/Varillas-de-aire-conicas-de-cobre.webp","contentUrl":"https:\/\/conexmetals.com\/wp-content\/uploads\/2025\/01\/Varillas-de-aire-conicas-de-cobre.webp","width":350,"height":350,"caption":"Varillas de aire c\u00f3nicas de cobre"},{"@type":"BreadcrumbList","@id":"https:\/\/conexmetals.com\/es\/producto\/varillas-de-aire-conicas-de-cobre\/#breadcrumb","itemListElement":[{"@type":"ListItem","position":1,"name":"Home","item":"https:\/\/conexmetals.com\/es\/hogar\/"},{"@type":"ListItem","position":2,"name":"Products","item":"https:\/\/conexmetals.com\/products\/"},{"@type":"ListItem","position":3,"name":"Varillas de aire c\u00f3nicas de cobre"}]},{"@type":"WebSite","@id":"https:\/\/conexmetals.com\/es\/#website","url":"https:\/\/conexmetals.com\/es\/","name":"Conex Metals Brass Fittings Brass Parts Copper Parts Brass Components Brass Plumbing Fittings India","description":"Manufacturer of Bronze Fittings casting Copper Brass parts components","publisher":{"@id":"https:\/\/conexmetals.com\/es\/#organization"},"potentialAction":[{"@type":"SearchAction","target":{"@type":"EntryPoint","urlTemplate":"https:\/\/conexmetals.com\/es\/?s={search_term_string}"},"query-input":{"@type":"PropertyValueSpecification","valueRequired":true,"valueName":"search_term_string"}}],"inLanguage":"es"},{"@type":"Organization","@id":"https:\/\/conexmetals.com\/es\/#organization","name":"Conex Metals Brass Fittings Brass Parts Copper Parts Brass Components Brass Plumbing Fittings India","url":"https:\/\/conexmetals.com\/es\/","logo":{"@type":"ImageObject","inLanguage":"es","@id":"https:\/\/conexmetals.com\/es\/#\/schema\/logo\/image\/","url":"https:\/\/conexmetals.com\/wp-content\/uploads\/2024\/03\/conex-metals-logo.webp","contentUrl":"https:\/\/conexmetals.com\/wp-content\/uploads\/2024\/03\/conex-metals-logo.webp","width":300,"height":121,"caption":"Conex Metals Brass Fittings Brass Parts Copper Parts Brass Components Brass Plumbing Fittings India"},"image":{"@id":"https:\/\/conexmetals.com\/es\/#\/schema\/logo\/image\/"},"sameAs":["https:\/\/www.facebook.com\/conexbrass","https:\/\/x.com\/conexindia","https:\/\/www.linkedin.com\/company\/conex-metals-india\/","https:\/\/www.instagram.com\/conexindia\/"]}]}},"_links":{"self":[{"href":"https:\/\/conexmetals.com\/es\/wp-json\/wp\/v2\/product\/12741","targetHints":{"allow":["GET"]}}],"collection":[{"href":"https:\/\/conexmetals.com\/es\/wp-json\/wp\/v2\/product"}],"about":[{"href":"https:\/\/conexmetals.com\/es\/wp-json\/wp\/v2\/types\/product"}],"wp:featuredmedia":[{"embeddable":true,"href":"https:\/\/conexmetals.com\/es\/wp-json\/wp\/v2\/media\/7212"}],"wp:attachment":[{"href":"https:\/\/conexmetals.com\/es\/wp-json\/wp\/v2\/media?parent=12741"}],"wp:term":[{"taxonomy":"product_brand","embeddable":true,"href":"https:\/\/conexmetals.com\/es\/wp-json\/wp\/v2\/product_brand?post=12741"},{"taxonomy":"product_cat","embeddable":true,"href":"https:\/\/conexmetals.com\/es\/wp-json\/wp\/v2\/product_cat?post=12741"},{"taxonomy":"product_tag","embeddable":true,"href":"https:\/\/conexmetals.com\/es\/wp-json\/wp\/v2\/product_tag?post=12741"}],"curies":[{"name":"wp","href":"https:\/\/api.w.org\/{rel}","templated":true}]}}