{"id":12746,"date":"2023-08-18T11:44:15","date_gmt":"2023-08-18T06:14:15","guid":{"rendered":"https:\/\/conexmetals.com\/?post_type=product&#038;p=12746"},"modified":"2025-01-04T15:02:36","modified_gmt":"2025-01-04T09:32:36","slug":"cubiertas-de-cupula-fundidas-a-presion","status":"publish","type":"product","link":"https:\/\/conexmetals.com\/es\/producto\/cubiertas-de-cupula-fundidas-a-presion\/","title":{"rendered":"Cubiertas de C\u00fapula Fundidas a Presi\u00f3n"},"content":{"rendered":"","protected":false},"excerpt":{"rendered":"<table id=\"tablepress-392\" class=\"tablepress tablepress-id-392\">\n<caption>\u00a0<\/caption>\n<thead>\n<tr class=\"row-1 odd\">\n<th class=\"column-1\" colspan=\"2\"><strong><span>Ficha t\u00e9cnica<\/span><\/strong><\/th>\n<\/tr>\n<\/thead>\n<tbody class=\"row-hover\">\n<tr class=\"row-2 even\">\n<td class=\"column-1\"><strong><span>Tallas<\/span><\/strong><\/td>\n<td class=\"column-2\"><span>20 mm, 25 mm y 3\/4&#8243;, 1&#8243;<\/span><\/td>\n<\/tr>\n<tr class=\"row-3 odd\">\n<td class=\"column-1\"><strong><span>Material<\/span><\/strong><\/td>\n<td class=\"column-2\"><span>Acero dulce, aluminio y zinc<\/span><\/td>\n<\/tr>\n<tr class=\"row-4 even\">\n<td class=\"column-1\"><strong><span>Finalizar<\/span><\/strong><\/td>\n<td class=\"column-2\"><span>Electro galvanizado<\/span><\/td>\n<\/tr>\n<\/tbody>\n<\/table>\n<p><span>Las cubiertas de c\u00fapula fundidas a presi\u00f3n son cubiertas protectoras fabricadas mediante el proceso de fabricaci\u00f3n de fundici\u00f3n a presi\u00f3n. La fundici\u00f3n a presi\u00f3n es un proceso de fundici\u00f3n de metales que implica introducir a presi\u00f3n metal fundido, normalmente aluminio, zinc o magnesio, en una cavidad de molde. Este proceso crea piezas complejas y con formas precisas con una excelente precisi\u00f3n dimensional y acabado superficial.<\/span><\/p>\n<p><span>Las cubiertas de c\u00fapula se utilizan com\u00fanmente en diversas aplicaciones, entre ellas:<\/span><\/p>\n<ol>\n<li><span>Iluminaci\u00f3n: Las cubiertas de c\u00fapula fundidas a presi\u00f3n se utilizan a menudo en luminarias, especialmente en iluminaci\u00f3n exterior o industrial. Protegen la fuente de luz de elementos externos como polvo, agua y residuos, al tiempo que permiten el paso de la luz.<\/span><\/li>\n<li><span>El\u00e9ctrico y electr\u00f3nico: Las cubiertas tipo domo se utilizan en gabinetes el\u00e9ctricos y electr\u00f3nicos para proteger componentes y circuitos sensibles de factores ambientales y da\u00f1os f\u00edsicos.<\/span><\/li>\n<li><span>C\u00e1maras de seguridad: En los sistemas de seguridad, se utilizan cubiertas tipo domo para proteger las c\u00e1maras de vigilancia del vandalismo y las inclemencias del tiempo.<\/span><\/li>\n<li><span>Sistemas HVAC: Las cubiertas tipo domo se pueden encontrar en los sistemas HVAC (calefacci\u00f3n, ventilaci\u00f3n y aire acondicionado), donde protegen componentes como termostatos y sensores.<\/span><\/li>\n<\/ol>\n<p><span>Las cubiertas de c\u00fapula fundidas a presi\u00f3n son las preferidas por su durabilidad, resistencia a la corrosi\u00f3n y facilidad de fabricaci\u00f3n. El proceso de fundici\u00f3n a presi\u00f3n permite la producci\u00f3n de dise\u00f1os y detalles intrincados, lo que las hace adecuadas para una amplia gama de aplicaciones.<\/span><\/p>\n","protected":false},"featured_media":7232,"template":"","meta":[],"product_brand":[],"product_cat":[387],"product_tag":[],"class_list":{"0":"post-12746","1":"product","2":"type-product","3":"status-publish","4":"has-post-thumbnail","6":"product_cat-accesorios-de-conductos-de-acero-galvanizado-gi","8":"first","9":"instock","10":"shipping-taxable","11":"product-type-simple"},"yoast_head":"<!-- This site is optimized with the Yoast SEO plugin v27.3 - https:\/\/yoast.com\/product\/yoast-seo-wordpress\/ -->\n<title>Cubiertas de C\u00fapula Fundidas a Presi\u00f3n<\/title>\n<meta name=\"description\" content=\"Descubra las Cubiertas de C\u00fapula Fundidas a Presi\u00f3n de Conex Metals, que incluyen Cubiertas de Conducto, Cubiertas de C\u00fapula para Piscina y Cubiertas de C\u00fapula de Aluminio. Nuestra Fundici\u00f3n a Presi\u00f3n de Alta Presi\u00f3n y Piezas Fundidas a Presi\u00f3n de Precisi\u00f3n ofrecen soluciones duraderas y protectoras para diversas aplicaciones. L\u00edder fabricante, exportador y proveedor de la India.\" \/>\n<meta name=\"robots\" content=\"index, follow, max-snippet:-1, max-image-preview:large, max-video-preview:-1\" \/>\n<link rel=\"canonical\" href=\"https:\/\/conexmetals.com\/es\/producto\/cubiertas-de-cupula-fundidas-a-presion\/\" \/>\n<script type=\"application\/ld+json\" class=\"yoast-schema-graph\">{\"@context\":\"https:\\\/\\\/schema.org\",\"@graph\":[{\"@type\":\"WebPage\",\"@id\":\"https:\\\/\\\/conexmetals.com\\\/es\\\/producto\\\/cubiertas-de-cupula-fundidas-a-presion\\\/\",\"url\":\"https:\\\/\\\/conexmetals.com\\\/es\\\/producto\\\/cubiertas-de-cupula-fundidas-a-presion\\\/\",\"name\":\"Cubiertas de C\u00fapula Fundidas a Presi\u00f3n\",\"isPartOf\":{\"@id\":\"https:\\\/\\\/conexmetals.com\\\/es\\\/#website\"},\"primaryImageOfPage\":{\"@id\":\"https:\\\/\\\/conexmetals.com\\\/es\\\/producto\\\/cubiertas-de-cupula-fundidas-a-presion\\\/#primaryimage\"},\"image\":{\"@id\":\"https:\\\/\\\/conexmetals.com\\\/es\\\/producto\\\/cubiertas-de-cupula-fundidas-a-presion\\\/#primaryimage\"},\"thumbnailUrl\":\"https:\\\/\\\/conexmetals.com\\\/wp-content\\\/uploads\\\/2025\\\/01\\\/Cubiertas-de-Cupula-Fundidas-a-Presion.webp\",\"datePublished\":\"2023-08-18T06:14:15+00:00\",\"dateModified\":\"2025-01-04T09:32:36+00:00\",\"description\":\"Descubra las Cubiertas de C\u00fapula Fundidas a Presi\u00f3n de Conex Metals, que incluyen Cubiertas de Conducto, Cubiertas de C\u00fapula para Piscina y Cubiertas de C\u00fapula de Aluminio. Nuestra Fundici\u00f3n a Presi\u00f3n de Alta Presi\u00f3n y Piezas Fundidas a Presi\u00f3n de Precisi\u00f3n ofrecen soluciones duraderas y protectoras para diversas aplicaciones. L\u00edder fabricante, exportador y proveedor de la India.\",\"breadcrumb\":{\"@id\":\"https:\\\/\\\/conexmetals.com\\\/es\\\/producto\\\/cubiertas-de-cupula-fundidas-a-presion\\\/#breadcrumb\"},\"inLanguage\":\"es\",\"potentialAction\":[{\"@type\":\"ReadAction\",\"target\":[\"https:\\\/\\\/conexmetals.com\\\/es\\\/producto\\\/cubiertas-de-cupula-fundidas-a-presion\\\/\"]}]},{\"@type\":\"ImageObject\",\"inLanguage\":\"es\",\"@id\":\"https:\\\/\\\/conexmetals.com\\\/es\\\/producto\\\/cubiertas-de-cupula-fundidas-a-presion\\\/#primaryimage\",\"url\":\"https:\\\/\\\/conexmetals.com\\\/wp-content\\\/uploads\\\/2025\\\/01\\\/Cubiertas-de-Cupula-Fundidas-a-Presion.webp\",\"contentUrl\":\"https:\\\/\\\/conexmetals.com\\\/wp-content\\\/uploads\\\/2025\\\/01\\\/Cubiertas-de-Cupula-Fundidas-a-Presion.webp\",\"width\":350,\"height\":350,\"caption\":\"Cubiertas de C\u00fapula Fundidas a Presi\u00f3n\"},{\"@type\":\"BreadcrumbList\",\"@id\":\"https:\\\/\\\/conexmetals.com\\\/es\\\/producto\\\/cubiertas-de-cupula-fundidas-a-presion\\\/#breadcrumb\",\"itemListElement\":[{\"@type\":\"ListItem\",\"position\":1,\"name\":\"Home\",\"item\":\"https:\\\/\\\/conexmetals.com\\\/es\\\/hogar\\\/\"},{\"@type\":\"ListItem\",\"position\":2,\"name\":\"Products\",\"item\":\"https:\\\/\\\/conexmetals.com\\\/products\\\/\"},{\"@type\":\"ListItem\",\"position\":3,\"name\":\"Cubiertas de C\u00fapula Fundidas a Presi\u00f3n\"}]},{\"@type\":\"WebSite\",\"@id\":\"https:\\\/\\\/conexmetals.com\\\/es\\\/#website\",\"url\":\"https:\\\/\\\/conexmetals.com\\\/es\\\/\",\"name\":\"Conex Metals Brass Fittings Brass Parts Copper Parts Brass Components Brass Plumbing Fittings India\",\"description\":\"Manufacturer of Bronze Fittings casting Copper Brass parts components\",\"publisher\":{\"@id\":\"https:\\\/\\\/conexmetals.com\\\/es\\\/#organization\"},\"potentialAction\":[{\"@type\":\"SearchAction\",\"target\":{\"@type\":\"EntryPoint\",\"urlTemplate\":\"https:\\\/\\\/conexmetals.com\\\/es\\\/?s={search_term_string}\"},\"query-input\":{\"@type\":\"PropertyValueSpecification\",\"valueRequired\":true,\"valueName\":\"search_term_string\"}}],\"inLanguage\":\"es\"},{\"@type\":\"Organization\",\"@id\":\"https:\\\/\\\/conexmetals.com\\\/es\\\/#organization\",\"name\":\"Conex Metals Brass Fittings Brass Parts Copper Parts Brass Components Brass Plumbing Fittings India\",\"url\":\"https:\\\/\\\/conexmetals.com\\\/es\\\/\",\"logo\":{\"@type\":\"ImageObject\",\"inLanguage\":\"es\",\"@id\":\"https:\\\/\\\/conexmetals.com\\\/es\\\/#\\\/schema\\\/logo\\\/image\\\/\",\"url\":\"https:\\\/\\\/conexmetals.com\\\/wp-content\\\/uploads\\\/2024\\\/03\\\/conex-metals-logo.webp\",\"contentUrl\":\"https:\\\/\\\/conexmetals.com\\\/wp-content\\\/uploads\\\/2024\\\/03\\\/conex-metals-logo.webp\",\"width\":300,\"height\":121,\"caption\":\"Conex Metals Brass Fittings Brass Parts Copper Parts Brass Components Brass Plumbing Fittings India\"},\"image\":{\"@id\":\"https:\\\/\\\/conexmetals.com\\\/es\\\/#\\\/schema\\\/logo\\\/image\\\/\"},\"sameAs\":[\"https:\\\/\\\/www.facebook.com\\\/conexbrass\",\"https:\\\/\\\/x.com\\\/conexindia\",\"https:\\\/\\\/www.linkedin.com\\\/company\\\/conex-metals-india\\\/\",\"https:\\\/\\\/www.instagram.com\\\/conexindia\\\/\"]}]}<\/script>\n<!-- \/ Yoast SEO plugin. -->","yoast_head_json":{"title":"Cubiertas de C\u00fapula Fundidas a Presi\u00f3n","description":"Descubra las Cubiertas de C\u00fapula Fundidas a Presi\u00f3n de Conex Metals, que incluyen Cubiertas de Conducto, Cubiertas de C\u00fapula para Piscina y Cubiertas de C\u00fapula de Aluminio. Nuestra Fundici\u00f3n a Presi\u00f3n de Alta Presi\u00f3n y Piezas Fundidas a Presi\u00f3n de Precisi\u00f3n ofrecen soluciones duraderas y protectoras para diversas aplicaciones. L\u00edder fabricante, exportador y proveedor de la India.","robots":{"index":"index","follow":"follow","max-snippet":"max-snippet:-1","max-image-preview":"max-image-preview:large","max-video-preview":"max-video-preview:-1"},"canonical":"https:\/\/conexmetals.com\/es\/producto\/cubiertas-de-cupula-fundidas-a-presion\/","schema":{"@context":"https:\/\/schema.org","@graph":[{"@type":"WebPage","@id":"https:\/\/conexmetals.com\/es\/producto\/cubiertas-de-cupula-fundidas-a-presion\/","url":"https:\/\/conexmetals.com\/es\/producto\/cubiertas-de-cupula-fundidas-a-presion\/","name":"Cubiertas de C\u00fapula Fundidas a Presi\u00f3n","isPartOf":{"@id":"https:\/\/conexmetals.com\/es\/#website"},"primaryImageOfPage":{"@id":"https:\/\/conexmetals.com\/es\/producto\/cubiertas-de-cupula-fundidas-a-presion\/#primaryimage"},"image":{"@id":"https:\/\/conexmetals.com\/es\/producto\/cubiertas-de-cupula-fundidas-a-presion\/#primaryimage"},"thumbnailUrl":"https:\/\/conexmetals.com\/wp-content\/uploads\/2025\/01\/Cubiertas-de-Cupula-Fundidas-a-Presion.webp","datePublished":"2023-08-18T06:14:15+00:00","dateModified":"2025-01-04T09:32:36+00:00","description":"Descubra las Cubiertas de C\u00fapula Fundidas a Presi\u00f3n de Conex Metals, que incluyen Cubiertas de Conducto, Cubiertas de C\u00fapula para Piscina y Cubiertas de C\u00fapula de Aluminio. Nuestra Fundici\u00f3n a Presi\u00f3n de Alta Presi\u00f3n y Piezas Fundidas a Presi\u00f3n de Precisi\u00f3n ofrecen soluciones duraderas y protectoras para diversas aplicaciones. L\u00edder fabricante, exportador y proveedor de la India.","breadcrumb":{"@id":"https:\/\/conexmetals.com\/es\/producto\/cubiertas-de-cupula-fundidas-a-presion\/#breadcrumb"},"inLanguage":"es","potentialAction":[{"@type":"ReadAction","target":["https:\/\/conexmetals.com\/es\/producto\/cubiertas-de-cupula-fundidas-a-presion\/"]}]},{"@type":"ImageObject","inLanguage":"es","@id":"https:\/\/conexmetals.com\/es\/producto\/cubiertas-de-cupula-fundidas-a-presion\/#primaryimage","url":"https:\/\/conexmetals.com\/wp-content\/uploads\/2025\/01\/Cubiertas-de-Cupula-Fundidas-a-Presion.webp","contentUrl":"https:\/\/conexmetals.com\/wp-content\/uploads\/2025\/01\/Cubiertas-de-Cupula-Fundidas-a-Presion.webp","width":350,"height":350,"caption":"Cubiertas de C\u00fapula Fundidas a Presi\u00f3n"},{"@type":"BreadcrumbList","@id":"https:\/\/conexmetals.com\/es\/producto\/cubiertas-de-cupula-fundidas-a-presion\/#breadcrumb","itemListElement":[{"@type":"ListItem","position":1,"name":"Home","item":"https:\/\/conexmetals.com\/es\/hogar\/"},{"@type":"ListItem","position":2,"name":"Products","item":"https:\/\/conexmetals.com\/products\/"},{"@type":"ListItem","position":3,"name":"Cubiertas de C\u00fapula Fundidas a Presi\u00f3n"}]},{"@type":"WebSite","@id":"https:\/\/conexmetals.com\/es\/#website","url":"https:\/\/conexmetals.com\/es\/","name":"Conex Metals Brass Fittings Brass Parts Copper Parts Brass Components Brass Plumbing Fittings India","description":"Manufacturer of Bronze Fittings casting Copper Brass parts components","publisher":{"@id":"https:\/\/conexmetals.com\/es\/#organization"},"potentialAction":[{"@type":"SearchAction","target":{"@type":"EntryPoint","urlTemplate":"https:\/\/conexmetals.com\/es\/?s={search_term_string}"},"query-input":{"@type":"PropertyValueSpecification","valueRequired":true,"valueName":"search_term_string"}}],"inLanguage":"es"},{"@type":"Organization","@id":"https:\/\/conexmetals.com\/es\/#organization","name":"Conex Metals Brass Fittings Brass Parts Copper Parts Brass Components Brass Plumbing Fittings India","url":"https:\/\/conexmetals.com\/es\/","logo":{"@type":"ImageObject","inLanguage":"es","@id":"https:\/\/conexmetals.com\/es\/#\/schema\/logo\/image\/","url":"https:\/\/conexmetals.com\/wp-content\/uploads\/2024\/03\/conex-metals-logo.webp","contentUrl":"https:\/\/conexmetals.com\/wp-content\/uploads\/2024\/03\/conex-metals-logo.webp","width":300,"height":121,"caption":"Conex Metals Brass Fittings Brass Parts Copper Parts Brass Components Brass Plumbing Fittings India"},"image":{"@id":"https:\/\/conexmetals.com\/es\/#\/schema\/logo\/image\/"},"sameAs":["https:\/\/www.facebook.com\/conexbrass","https:\/\/x.com\/conexindia","https:\/\/www.linkedin.com\/company\/conex-metals-india\/","https:\/\/www.instagram.com\/conexindia\/"]}]}},"_links":{"self":[{"href":"https:\/\/conexmetals.com\/es\/wp-json\/wp\/v2\/product\/12746","targetHints":{"allow":["GET"]}}],"collection":[{"href":"https:\/\/conexmetals.com\/es\/wp-json\/wp\/v2\/product"}],"about":[{"href":"https:\/\/conexmetals.com\/es\/wp-json\/wp\/v2\/types\/product"}],"wp:featuredmedia":[{"embeddable":true,"href":"https:\/\/conexmetals.com\/es\/wp-json\/wp\/v2\/media\/7232"}],"wp:attachment":[{"href":"https:\/\/conexmetals.com\/es\/wp-json\/wp\/v2\/media?parent=12746"}],"wp:term":[{"taxonomy":"product_brand","embeddable":true,"href":"https:\/\/conexmetals.com\/es\/wp-json\/wp\/v2\/product_brand?post=12746"},{"taxonomy":"product_cat","embeddable":true,"href":"https:\/\/conexmetals.com\/es\/wp-json\/wp\/v2\/product_cat?post=12746"},{"taxonomy":"product_tag","embeddable":true,"href":"https:\/\/conexmetals.com\/es\/wp-json\/wp\/v2\/product_tag?post=12746"}],"curies":[{"name":"wp","href":"https:\/\/api.w.org\/{rel}","templated":true}]}}