{"id":12789,"date":"2023-08-18T11:46:18","date_gmt":"2023-08-18T06:16:18","guid":{"rendered":"https:\/\/conexmetals.com\/?post_type=product&#038;p=12789"},"modified":"2025-01-07T12:08:09","modified_gmt":"2025-01-07T06:38:09","slug":"ganchos-macho-galvanizados","status":"publish","type":"product","link":"https:\/\/conexmetals.com\/es\/producto\/ganchos-macho-galvanizados\/","title":{"rendered":"Ganchos Macho Galvanizados"},"content":{"rendered":"","protected":false},"excerpt":{"rendered":"<div class=\"elementor-element elementor-element-d6f7035 elementor-widget elementor-widget-woocommerce-product-title elementor-page-title elementor-widget-heading\" data-id=\"d6f7035\" data-element_type=\"widget\" data-widget_type=\"woocommerce-product-title.default\">\n<div class=\"elementor-widget-container\">\n<p class=\"product_title entry-title elementor-heading-title elementor-size-default\"><img fetchpriority=\"high\" decoding=\"async\" class=\"alignnone size-medium wp-image-12331 lazy loaded\" src=\"https:\/\/conexmetals.com\/wp-content\/uploads\/2023\/08\/male-Hook-300x300.webp\" alt=\"Gancho macho\" width=\"300\" height=\"300\" data-src=\"https:\/\/conexmetals.com\/wp-content\/uploads\/2023\/08\/male-Hook-300x300.webp\" data-was-processed=\"true\" srcset=\"https:\/\/conexmetals.com\/wp-content\/uploads\/2023\/08\/male-Hook-300x300.webp 300w, https:\/\/conexmetals.com\/wp-content\/uploads\/2023\/08\/male-Hook-150x150.webp 150w, https:\/\/conexmetals.com\/wp-content\/uploads\/2023\/08\/male-Hook-768x768.webp 768w, https:\/\/conexmetals.com\/wp-content\/uploads\/2023\/08\/male-Hook-700x700.webp 700w, https:\/\/conexmetals.com\/wp-content\/uploads\/2023\/08\/male-Hook-100x100.webp 100w, https:\/\/conexmetals.com\/wp-content\/uploads\/2023\/08\/male-Hook.webp 1000w\" sizes=\"(max-width: 300px) 100vw, 300px\" \/><\/p>\n<\/div>\n<\/div>\n<div class=\"elementor-element elementor-element-36d2ab8 elementor-widget elementor-widget-woocommerce-product-short-description\" data-id=\"36d2ab8\" data-element_type=\"widget\" data-widget_type=\"woocommerce-product-short-description.default\">\n<div class=\"elementor-widget-container\">\n<div class=\"woocommerce-product-details__short-description\">\n<table id=\"tablepress-397\" class=\"tablepress tablepress-id-397\">\n<caption>\u00a0<\/caption>\n<thead>\n<tr class=\"row-1 odd\">\n<th class=\"column-1\" colspan=\"2\"><strong><span>Ficha t\u00e9cnica<\/span><\/strong><\/th>\n<\/tr>\n<\/thead>\n<tbody class=\"row-hover\">\n<tr class=\"row-2 even\">\n<td class=\"column-1\"><strong><span>Material<\/span><\/strong><\/td>\n<td class=\"column-2\"><span>Aleaci\u00f3n de zinc fundida a presi\u00f3n<\/span><\/td>\n<\/tr>\n<tr class=\"row-3 odd\">\n<td class=\"column-1\"><strong><span>Altura<\/span><\/strong><\/td>\n<td class=\"column-2\"><span>48 mm<\/span><\/td>\n<\/tr>\n<tr class=\"row-4 even\">\n<td class=\"column-1\"><strong><span>Carga est\u00e1tica m\u00e1xima<\/span><\/strong><\/td>\n<td class=\"column-2\"><span>10 kilos<\/span><\/td>\n<\/tr>\n<tr class=\"row-5 odd\">\n<td class=\"column-1\"><strong><span>Con rosca<\/span><\/strong><\/td>\n<td class=\"column-2\"><span>Se adapta a conductos roscados de 20 mm.<\/span><\/td>\n<\/tr>\n<\/tbody>\n<\/table>\n<p><strong><span>Gancho atornillable de acero fundido de 20 mm<\/span><\/strong><br \/>\n<span>Fabricado con una robusta aleaci\u00f3n de zinc fundido a presi\u00f3n, este gancho est\u00e1 dise\u00f1ado espec\u00edficamente para sistemas de montaje en superficie de conductos el\u00e9ctricos de acero de 20 mm.<\/span><\/p>\n<p><span>Se conecta f\u00e1cilmente a una placa de inspecci\u00f3n de caja de conexiones de conductos, lo que le permite funcionar como un gancho de cadena para accesorios de iluminaci\u00f3n colgantes.<\/span><\/p>\n<p><span>Este gancho es un componente clave de los conductos y accesorios de acero y ofrece una soluci\u00f3n de montaje en superficie para espacios sin cavidades en la pared para cableado interno. Es ideal para instalar en superficies como hormig\u00f3n, mamposter\u00eda, piedra y m\u00e1s.<\/span><\/p>\n<p><span>Perfecto para crear iluminaci\u00f3n de estilo industrial, este sistema agrega un toque de autenticidad y durabilidad incomparable con las alternativas de conductos de pl\u00e1stico.<\/span><\/p>\n<p><strong><span>Presupuesto:<\/span><\/strong><\/p>\n<ul>\n<li><span>Material: Aleaci\u00f3n de zinc fundido a presi\u00f3n<\/span><\/li>\n<li><span>Apertura m\u00ednima de la cadena: 7 mm<\/span><\/li>\n<li><span>Carga est\u00e1tica m\u00e1xima: 10 kg<\/span><\/li>\n<\/ul>\n<\/div>\n<\/div>\n<\/div>\n","protected":false},"featured_media":12627,"template":"","meta":[],"product_brand":[],"product_cat":[387],"product_tag":[],"class_list":{"0":"post-12789","1":"product","2":"type-product","3":"status-publish","4":"has-post-thumbnail","6":"product_cat-accesorios-de-conductos-de-acero-galvanizado-gi","8":"first","9":"instock","10":"shipping-taxable","11":"product-type-simple"},"yoast_head":"<!-- This site is optimized with the Yoast SEO plugin v27.3 - https:\/\/yoast.com\/product\/yoast-seo-wordpress\/ -->\n<title>Ganchos Macho Galvanizados<\/title>\n<meta name=\"description\" content=\"Conex Metals ofrece ganchos macho galvanizados de alta calidad, incluidos ganchos galvanizados para conductos y ganchos con rosca macho. Nuestros ganchos con cuerpo de acero y ganchos de suspensi\u00f3n industrial son ideales para aplicaciones de iluminaci\u00f3n comercial y conductos el\u00e9ctricos. Fabricante, exportador y proveedor l\u00edder de la India.\" \/>\n<meta name=\"robots\" content=\"index, follow, max-snippet:-1, max-image-preview:large, max-video-preview:-1\" \/>\n<link rel=\"canonical\" href=\"https:\/\/conexmetals.com\/es\/producto\/ganchos-macho-galvanizados\/\" \/>\n<script type=\"application\/ld+json\" class=\"yoast-schema-graph\">{\"@context\":\"https:\\\/\\\/schema.org\",\"@graph\":[{\"@type\":\"WebPage\",\"@id\":\"https:\\\/\\\/conexmetals.com\\\/es\\\/producto\\\/ganchos-macho-galvanizados\\\/\",\"url\":\"https:\\\/\\\/conexmetals.com\\\/es\\\/producto\\\/ganchos-macho-galvanizados\\\/\",\"name\":\"Ganchos Macho Galvanizados\",\"isPartOf\":{\"@id\":\"https:\\\/\\\/conexmetals.com\\\/es\\\/#website\"},\"primaryImageOfPage\":{\"@id\":\"https:\\\/\\\/conexmetals.com\\\/es\\\/producto\\\/ganchos-macho-galvanizados\\\/#primaryimage\"},\"image\":{\"@id\":\"https:\\\/\\\/conexmetals.com\\\/es\\\/producto\\\/ganchos-macho-galvanizados\\\/#primaryimage\"},\"thumbnailUrl\":\"https:\\\/\\\/conexmetals.com\\\/wp-content\\\/uploads\\\/2025\\\/01\\\/Ganchos-Macho-Galvanizados-1.webp\",\"datePublished\":\"2023-08-18T06:16:18+00:00\",\"dateModified\":\"2025-01-07T06:38:09+00:00\",\"description\":\"Conex Metals ofrece ganchos macho galvanizados de alta calidad, incluidos ganchos galvanizados para conductos y ganchos con rosca macho. Nuestros ganchos con cuerpo de acero y ganchos de suspensi\u00f3n industrial son ideales para aplicaciones de iluminaci\u00f3n comercial y conductos el\u00e9ctricos. Fabricante, exportador y proveedor l\u00edder de la India.\",\"breadcrumb\":{\"@id\":\"https:\\\/\\\/conexmetals.com\\\/es\\\/producto\\\/ganchos-macho-galvanizados\\\/#breadcrumb\"},\"inLanguage\":\"es\",\"potentialAction\":[{\"@type\":\"ReadAction\",\"target\":[\"https:\\\/\\\/conexmetals.com\\\/es\\\/producto\\\/ganchos-macho-galvanizados\\\/\"]}]},{\"@type\":\"ImageObject\",\"inLanguage\":\"es\",\"@id\":\"https:\\\/\\\/conexmetals.com\\\/es\\\/producto\\\/ganchos-macho-galvanizados\\\/#primaryimage\",\"url\":\"https:\\\/\\\/conexmetals.com\\\/wp-content\\\/uploads\\\/2025\\\/01\\\/Ganchos-Macho-Galvanizados-1.webp\",\"contentUrl\":\"https:\\\/\\\/conexmetals.com\\\/wp-content\\\/uploads\\\/2025\\\/01\\\/Ganchos-Macho-Galvanizados-1.webp\",\"width\":300,\"height\":300,\"caption\":\"Ganchos Macho Galvanizados\"},{\"@type\":\"BreadcrumbList\",\"@id\":\"https:\\\/\\\/conexmetals.com\\\/es\\\/producto\\\/ganchos-macho-galvanizados\\\/#breadcrumb\",\"itemListElement\":[{\"@type\":\"ListItem\",\"position\":1,\"name\":\"Home\",\"item\":\"https:\\\/\\\/conexmetals.com\\\/es\\\/hogar\\\/\"},{\"@type\":\"ListItem\",\"position\":2,\"name\":\"Products\",\"item\":\"https:\\\/\\\/conexmetals.com\\\/products\\\/\"},{\"@type\":\"ListItem\",\"position\":3,\"name\":\"Ganchos Macho Galvanizados\"}]},{\"@type\":\"WebSite\",\"@id\":\"https:\\\/\\\/conexmetals.com\\\/es\\\/#website\",\"url\":\"https:\\\/\\\/conexmetals.com\\\/es\\\/\",\"name\":\"Conex Metals Brass Fittings Brass Parts Copper Parts Brass Components Brass Plumbing Fittings India\",\"description\":\"Manufacturer of Bronze Fittings casting Copper Brass parts components\",\"publisher\":{\"@id\":\"https:\\\/\\\/conexmetals.com\\\/es\\\/#organization\"},\"potentialAction\":[{\"@type\":\"SearchAction\",\"target\":{\"@type\":\"EntryPoint\",\"urlTemplate\":\"https:\\\/\\\/conexmetals.com\\\/es\\\/?s={search_term_string}\"},\"query-input\":{\"@type\":\"PropertyValueSpecification\",\"valueRequired\":true,\"valueName\":\"search_term_string\"}}],\"inLanguage\":\"es\"},{\"@type\":\"Organization\",\"@id\":\"https:\\\/\\\/conexmetals.com\\\/es\\\/#organization\",\"name\":\"Conex Metals Brass Fittings Brass Parts Copper Parts Brass Components Brass Plumbing Fittings India\",\"url\":\"https:\\\/\\\/conexmetals.com\\\/es\\\/\",\"logo\":{\"@type\":\"ImageObject\",\"inLanguage\":\"es\",\"@id\":\"https:\\\/\\\/conexmetals.com\\\/es\\\/#\\\/schema\\\/logo\\\/image\\\/\",\"url\":\"https:\\\/\\\/conexmetals.com\\\/wp-content\\\/uploads\\\/2024\\\/03\\\/conex-metals-logo.webp\",\"contentUrl\":\"https:\\\/\\\/conexmetals.com\\\/wp-content\\\/uploads\\\/2024\\\/03\\\/conex-metals-logo.webp\",\"width\":300,\"height\":121,\"caption\":\"Conex Metals Brass Fittings Brass Parts Copper Parts Brass Components Brass Plumbing Fittings India\"},\"image\":{\"@id\":\"https:\\\/\\\/conexmetals.com\\\/es\\\/#\\\/schema\\\/logo\\\/image\\\/\"},\"sameAs\":[\"https:\\\/\\\/www.facebook.com\\\/conexbrass\",\"https:\\\/\\\/x.com\\\/conexindia\",\"https:\\\/\\\/www.linkedin.com\\\/company\\\/conex-metals-india\\\/\",\"https:\\\/\\\/www.instagram.com\\\/conexindia\\\/\"]}]}<\/script>\n<!-- \/ Yoast SEO plugin. -->","yoast_head_json":{"title":"Ganchos Macho Galvanizados","description":"Conex Metals ofrece ganchos macho galvanizados de alta calidad, incluidos ganchos galvanizados para conductos y ganchos con rosca macho. Nuestros ganchos con cuerpo de acero y ganchos de suspensi\u00f3n industrial son ideales para aplicaciones de iluminaci\u00f3n comercial y conductos el\u00e9ctricos. Fabricante, exportador y proveedor l\u00edder de la India.","robots":{"index":"index","follow":"follow","max-snippet":"max-snippet:-1","max-image-preview":"max-image-preview:large","max-video-preview":"max-video-preview:-1"},"canonical":"https:\/\/conexmetals.com\/es\/producto\/ganchos-macho-galvanizados\/","schema":{"@context":"https:\/\/schema.org","@graph":[{"@type":"WebPage","@id":"https:\/\/conexmetals.com\/es\/producto\/ganchos-macho-galvanizados\/","url":"https:\/\/conexmetals.com\/es\/producto\/ganchos-macho-galvanizados\/","name":"Ganchos Macho Galvanizados","isPartOf":{"@id":"https:\/\/conexmetals.com\/es\/#website"},"primaryImageOfPage":{"@id":"https:\/\/conexmetals.com\/es\/producto\/ganchos-macho-galvanizados\/#primaryimage"},"image":{"@id":"https:\/\/conexmetals.com\/es\/producto\/ganchos-macho-galvanizados\/#primaryimage"},"thumbnailUrl":"https:\/\/conexmetals.com\/wp-content\/uploads\/2025\/01\/Ganchos-Macho-Galvanizados-1.webp","datePublished":"2023-08-18T06:16:18+00:00","dateModified":"2025-01-07T06:38:09+00:00","description":"Conex Metals ofrece ganchos macho galvanizados de alta calidad, incluidos ganchos galvanizados para conductos y ganchos con rosca macho. Nuestros ganchos con cuerpo de acero y ganchos de suspensi\u00f3n industrial son ideales para aplicaciones de iluminaci\u00f3n comercial y conductos el\u00e9ctricos. Fabricante, exportador y proveedor l\u00edder de la India.","breadcrumb":{"@id":"https:\/\/conexmetals.com\/es\/producto\/ganchos-macho-galvanizados\/#breadcrumb"},"inLanguage":"es","potentialAction":[{"@type":"ReadAction","target":["https:\/\/conexmetals.com\/es\/producto\/ganchos-macho-galvanizados\/"]}]},{"@type":"ImageObject","inLanguage":"es","@id":"https:\/\/conexmetals.com\/es\/producto\/ganchos-macho-galvanizados\/#primaryimage","url":"https:\/\/conexmetals.com\/wp-content\/uploads\/2025\/01\/Ganchos-Macho-Galvanizados-1.webp","contentUrl":"https:\/\/conexmetals.com\/wp-content\/uploads\/2025\/01\/Ganchos-Macho-Galvanizados-1.webp","width":300,"height":300,"caption":"Ganchos Macho Galvanizados"},{"@type":"BreadcrumbList","@id":"https:\/\/conexmetals.com\/es\/producto\/ganchos-macho-galvanizados\/#breadcrumb","itemListElement":[{"@type":"ListItem","position":1,"name":"Home","item":"https:\/\/conexmetals.com\/es\/hogar\/"},{"@type":"ListItem","position":2,"name":"Products","item":"https:\/\/conexmetals.com\/products\/"},{"@type":"ListItem","position":3,"name":"Ganchos Macho Galvanizados"}]},{"@type":"WebSite","@id":"https:\/\/conexmetals.com\/es\/#website","url":"https:\/\/conexmetals.com\/es\/","name":"Conex Metals Brass Fittings Brass Parts Copper Parts Brass Components Brass Plumbing Fittings India","description":"Manufacturer of Bronze Fittings casting Copper Brass parts components","publisher":{"@id":"https:\/\/conexmetals.com\/es\/#organization"},"potentialAction":[{"@type":"SearchAction","target":{"@type":"EntryPoint","urlTemplate":"https:\/\/conexmetals.com\/es\/?s={search_term_string}"},"query-input":{"@type":"PropertyValueSpecification","valueRequired":true,"valueName":"search_term_string"}}],"inLanguage":"es"},{"@type":"Organization","@id":"https:\/\/conexmetals.com\/es\/#organization","name":"Conex Metals Brass Fittings Brass Parts Copper Parts Brass Components Brass Plumbing Fittings India","url":"https:\/\/conexmetals.com\/es\/","logo":{"@type":"ImageObject","inLanguage":"es","@id":"https:\/\/conexmetals.com\/es\/#\/schema\/logo\/image\/","url":"https:\/\/conexmetals.com\/wp-content\/uploads\/2024\/03\/conex-metals-logo.webp","contentUrl":"https:\/\/conexmetals.com\/wp-content\/uploads\/2024\/03\/conex-metals-logo.webp","width":300,"height":121,"caption":"Conex Metals Brass Fittings Brass Parts Copper Parts Brass Components Brass Plumbing Fittings India"},"image":{"@id":"https:\/\/conexmetals.com\/es\/#\/schema\/logo\/image\/"},"sameAs":["https:\/\/www.facebook.com\/conexbrass","https:\/\/x.com\/conexindia","https:\/\/www.linkedin.com\/company\/conex-metals-india\/","https:\/\/www.instagram.com\/conexindia\/"]}]}},"_links":{"self":[{"href":"https:\/\/conexmetals.com\/es\/wp-json\/wp\/v2\/product\/12789","targetHints":{"allow":["GET"]}}],"collection":[{"href":"https:\/\/conexmetals.com\/es\/wp-json\/wp\/v2\/product"}],"about":[{"href":"https:\/\/conexmetals.com\/es\/wp-json\/wp\/v2\/types\/product"}],"wp:featuredmedia":[{"embeddable":true,"href":"https:\/\/conexmetals.com\/es\/wp-json\/wp\/v2\/media\/12627"}],"wp:attachment":[{"href":"https:\/\/conexmetals.com\/es\/wp-json\/wp\/v2\/media?parent=12789"}],"wp:term":[{"taxonomy":"product_brand","embeddable":true,"href":"https:\/\/conexmetals.com\/es\/wp-json\/wp\/v2\/product_brand?post=12789"},{"taxonomy":"product_cat","embeddable":true,"href":"https:\/\/conexmetals.com\/es\/wp-json\/wp\/v2\/product_cat?post=12789"},{"taxonomy":"product_tag","embeddable":true,"href":"https:\/\/conexmetals.com\/es\/wp-json\/wp\/v2\/product_tag?post=12789"}],"curies":[{"name":"wp","href":"https:\/\/api.w.org\/{rel}","templated":true}]}}