{"id":12793,"date":"2023-08-18T11:44:53","date_gmt":"2023-08-18T06:14:53","guid":{"rendered":"https:\/\/conexmetals.com\/?post_type=product&#038;p=12793"},"modified":"2025-01-07T12:21:33","modified_gmt":"2025-01-07T06:51:33","slug":"placas-con-gancho","status":"publish","type":"product","link":"https:\/\/conexmetals.com\/es\/producto\/placas-con-gancho\/","title":{"rendered":"Placas con Gancho"},"content":{"rendered":"","protected":false},"excerpt":{"rendered":"<div class=\"elementor-element elementor-element-672075d elementor-widget__width-initial e-transform elementor-widget-mobile__width-initial elementor-widget elementor-widget-woocommerce-product-images\" data-id=\"672075d\" data-element_type=\"widget\" data-settings=\"{&quot;_transform_scale_effect&quot;:{&quot;unit&quot;:&quot;px&quot;,&quot;size&quot;:1,&quot;sizes&quot;:[]},&quot;_transform_scale_effect_tablet&quot;:{&quot;unit&quot;:&quot;px&quot;,&quot;size&quot;:&quot;&quot;,&quot;sizes&quot;:[]},&quot;_transform_scale_effect_mobile&quot;:{&quot;unit&quot;:&quot;px&quot;,&quot;size&quot;:&quot;&quot;,&quot;sizes&quot;:[]}}\" data-widget_type=\"woocommerce-product-images.default\">\n<div class=\"elementor-widget-container\">\n<div class=\"woocommerce-product-gallery woocommerce-product-gallery--with-images woocommerce-product-gallery--columns-4 images\" data-columns=\"4\">\n<div class=\"woocommerce-product-gallery__wrapper\">\n<div class=\"woocommerce-product-gallery__image\" data-thumb=\"https:\/\/conexmetals.com\/wp-content\/uploads\/2023\/08\/Hook-Plates-1-100x100.webp\" data-thumb-alt=\"Hook-Plates\" data-thumb-srcset=\"https:\/\/conexmetals.com\/wp-content\/uploads\/2023\/08\/Hook-Plates-1-100x100.webp 100w, https:\/\/conexmetals.com\/wp-content\/uploads\/2023\/08\/Hook-Plates-1-150x150.webp 150w, https:\/\/conexmetals.com\/wp-content\/uploads\/2023\/08\/Hook-Plates-1.webp 301w\"><\/div>\n<\/div>\n<\/div>\n<\/div>\n<\/div>\n<div class=\"elementor-element elementor-element-36d2ab8 elementor-widget elementor-widget-woocommerce-product-short-description\" data-id=\"36d2ab8\" data-element_type=\"widget\" data-widget_type=\"woocommerce-product-short-description.default\">\n<div class=\"elementor-widget-container\">\n<div class=\"woocommerce-product-details__short-description\">\n<p><img fetchpriority=\"high\" decoding=\"async\" class=\"alignnone size-medium wp-image-12336 lazy loaded\" src=\"https:\/\/conexmetals.com\/wp-content\/uploads\/2023\/08\/Hook-Plates-300x270.webp\" alt=\"Placas de gancho\" width=\"300\" height=\"270\" data-src=\"https:\/\/conexmetals.com\/wp-content\/uploads\/2023\/08\/Hook-Plates-300x270.webp\" data-was-processed=\"true\" srcset=\"https:\/\/conexmetals.com\/wp-content\/uploads\/2023\/08\/Hook-Plates-300x270.webp 300w, https:\/\/conexmetals.com\/wp-content\/uploads\/2023\/08\/Hook-Plates-1024x920.webp 1024w, https:\/\/conexmetals.com\/wp-content\/uploads\/2023\/08\/Hook-Plates-768x690.webp 768w, https:\/\/conexmetals.com\/wp-content\/uploads\/2023\/08\/Hook-Plates-700x629.webp 700w, https:\/\/conexmetals.com\/wp-content\/uploads\/2023\/08\/Hook-Plates.webp 1114w\" sizes=\"(max-width: 300px) 100vw, 300px\" \/><\/p>\n<table id=\"tablepress-396\" class=\"tablepress tablepress-id-396\">\n<caption>\u00a0<\/caption>\n<thead>\n<tr class=\"row-1 odd\">\n<th class=\"column-1\" colspan=\"2\"><strong><span>Especificaciones t\u00e9cnicas<\/span><\/strong><\/th>\n<\/tr>\n<\/thead>\n<tbody class=\"row-hover\">\n<tr class=\"row-2 even\">\n<td class=\"column-1\"><strong><span>Carga m\u00e1xima de trabajo<\/span><\/strong><\/td>\n<td class=\"column-2\"><span>95 kilos<\/span><\/td>\n<\/tr>\n<tr class=\"row-3 odd\">\n<td class=\"column-1\"><strong><span>Finalizar<\/span><\/strong><\/td>\n<td class=\"column-2\"><span>BZP<\/span><\/td>\n<\/tr>\n<tr class=\"row-4 even\">\n<td class=\"column-1\"><strong><span>Norma de cumplimiento<\/span><\/strong><\/td>\n<td class=\"column-2\"><span>Norma BS EN 61386-1:2008<\/span><\/td>\n<\/tr>\n<tr class=\"row-5 odd\">\n<td class=\"column-1\"><strong><span>Di\u00e1metro de la base<\/span><\/strong><\/td>\n<td class=\"column-2\"><span>65 mm<\/span><\/td>\n<\/tr>\n<\/tbody>\n<\/table>\n<p><span>Las placas de gancho son componentes duraderos y confiables dise\u00f1ados para una sujeci\u00f3n segura y eficiente en aplicaciones industriales y de construcci\u00f3n. Estas placas est\u00e1n dise\u00f1adas para cumplir con los est\u00e1ndares de cumplimiento m\u00e1s altos, lo que garantiza un rendimiento y una seguridad superiores bajo cargas de trabajo pesadas. El dise\u00f1o compacto con un di\u00e1metro de base de 65 mm permite una f\u00e1cil instalaci\u00f3n en una variedad de entornos.<\/span><\/p>\n<p><strong><span>Caracter\u00edsticas principales:<\/span><\/strong><\/p>\n<ul>\n<li><span>Capacidad m\u00e1xima de carga de trabajo: 95 kg.<\/span><\/li>\n<li><span>Acabado: Zincado brillante (BZP) para una excelente resistencia a la corrosi\u00f3n.<\/span><\/li>\n<li><span>Cumple con las normas\u00a0<\/span><strong><span>BS EN 61386-1:2008<\/span><\/strong><span>\u00a0de calidad y seguridad.<\/span><\/li>\n<li><span>Dise\u00f1o compacto y robusto con un di\u00e1metro de base de 65 mm.<\/span><\/li>\n<li><span>Dise\u00f1ado para una f\u00e1cil instalaci\u00f3n y un rendimiento duradero.<\/span><\/li>\n<\/ul>\n<p><strong><span>Aplicaciones:<\/span><\/strong><\/p>\n<ul>\n<li><span>Sistemas de suspensi\u00f3n industriales.<\/span><\/li>\n<li><span>Fijaci\u00f3n de cables y conductos.<\/span><\/li>\n<li><span>Fijaci\u00f3n en proyectos de construcci\u00f3n e ingenier\u00eda.<\/span><\/li>\n<li><span>Soporte para equipos de peso ligero a medio.<\/span><\/li>\n<\/ul>\n<p><strong><span>Especificaciones t\u00e9cnicas:<\/span><\/strong><\/p>\n<ul>\n<li><strong><span>Carga m\u00e1xima de trabajo:<\/span><\/strong><span>\u00a095 kg<\/span><\/li>\n<li><strong><span>Acabado:<\/span><\/strong><span>\u00a0Zincado brillante (BZP)<\/span><\/li>\n<li><strong><span>Norma de cumplimiento:<\/span><\/strong><span>\u00a0BS EN 61386-1:2008<\/span><\/li>\n<li><strong><span>Di\u00e1metro de la base:<\/span><\/strong><span>\u00a065 mm<\/span><\/li>\n<\/ul>\n<p><strong><span>\u00bfPor qu\u00e9 elegirnos?<\/span><\/strong><br \/>\n<span>Nuestras placas de gancho est\u00e1n dise\u00f1adas para brindar durabilidad y confiabilidad para una amplia gama de aplicaciones. Con cumplimiento de los est\u00e1ndares de la industria y una gran capacidad de carga, son un componente esencial para los profesionales que buscan soluciones de sujeci\u00f3n seguras.<\/span><\/p>\n<\/div>\n<\/div>\n<\/div>\n","protected":false},"featured_media":12632,"template":"","meta":[],"product_brand":[],"product_cat":[387],"product_tag":[],"class_list":{"0":"post-12793","1":"product","2":"type-product","3":"status-publish","4":"has-post-thumbnail","6":"product_cat-accesorios-de-conductos-de-acero-galvanizado-gi","8":"first","9":"instock","10":"shipping-taxable","11":"product-type-simple"},"yoast_head":"<!-- This site is optimized with the Yoast SEO plugin v27.3 - https:\/\/yoast.com\/product\/yoast-seo-wordpress\/ -->\n<title>Placas con Gancho<\/title>\n<meta name=\"description\" content=\"Descubra las Placas con Gancho de Conex Metals, incluidas las Placas con Gancho para Techo y las Placas con Gancho de Acero Inoxidable. Nuestras Placas Decorativas con Gancho para Pared y las Placas con Gancho de Seguridad Industrial garantizan soluciones de montaje seguras y ajustables. Fabricante, exportador y proveedor confiable de la India.\" \/>\n<meta name=\"robots\" content=\"index, follow, max-snippet:-1, max-image-preview:large, max-video-preview:-1\" \/>\n<link rel=\"canonical\" href=\"https:\/\/conexmetals.com\/es\/producto\/placas-con-gancho\/\" \/>\n<script type=\"application\/ld+json\" class=\"yoast-schema-graph\">{\"@context\":\"https:\\\/\\\/schema.org\",\"@graph\":[{\"@type\":\"WebPage\",\"@id\":\"https:\\\/\\\/conexmetals.com\\\/es\\\/producto\\\/placas-con-gancho\\\/\",\"url\":\"https:\\\/\\\/conexmetals.com\\\/es\\\/producto\\\/placas-con-gancho\\\/\",\"name\":\"Placas con Gancho\",\"isPartOf\":{\"@id\":\"https:\\\/\\\/conexmetals.com\\\/es\\\/#website\"},\"primaryImageOfPage\":{\"@id\":\"https:\\\/\\\/conexmetals.com\\\/es\\\/producto\\\/placas-con-gancho\\\/#primaryimage\"},\"image\":{\"@id\":\"https:\\\/\\\/conexmetals.com\\\/es\\\/producto\\\/placas-con-gancho\\\/#primaryimage\"},\"thumbnailUrl\":\"https:\\\/\\\/conexmetals.com\\\/wp-content\\\/uploads\\\/2025\\\/01\\\/Placas-con-Gancho.webp\",\"datePublished\":\"2023-08-18T06:14:53+00:00\",\"dateModified\":\"2025-01-07T06:51:33+00:00\",\"description\":\"Descubra las Placas con Gancho de Conex Metals, incluidas las Placas con Gancho para Techo y las Placas con Gancho de Acero Inoxidable. Nuestras Placas Decorativas con Gancho para Pared y las Placas con Gancho de Seguridad Industrial garantizan soluciones de montaje seguras y ajustables. Fabricante, exportador y proveedor confiable de la India.\",\"breadcrumb\":{\"@id\":\"https:\\\/\\\/conexmetals.com\\\/es\\\/producto\\\/placas-con-gancho\\\/#breadcrumb\"},\"inLanguage\":\"es\",\"potentialAction\":[{\"@type\":\"ReadAction\",\"target\":[\"https:\\\/\\\/conexmetals.com\\\/es\\\/producto\\\/placas-con-gancho\\\/\"]}]},{\"@type\":\"ImageObject\",\"inLanguage\":\"es\",\"@id\":\"https:\\\/\\\/conexmetals.com\\\/es\\\/producto\\\/placas-con-gancho\\\/#primaryimage\",\"url\":\"https:\\\/\\\/conexmetals.com\\\/wp-content\\\/uploads\\\/2025\\\/01\\\/Placas-con-Gancho.webp\",\"contentUrl\":\"https:\\\/\\\/conexmetals.com\\\/wp-content\\\/uploads\\\/2025\\\/01\\\/Placas-con-Gancho.webp\",\"width\":301,\"height\":301,\"caption\":\"Placas con Gancho\"},{\"@type\":\"BreadcrumbList\",\"@id\":\"https:\\\/\\\/conexmetals.com\\\/es\\\/producto\\\/placas-con-gancho\\\/#breadcrumb\",\"itemListElement\":[{\"@type\":\"ListItem\",\"position\":1,\"name\":\"Home\",\"item\":\"https:\\\/\\\/conexmetals.com\\\/es\\\/hogar\\\/\"},{\"@type\":\"ListItem\",\"position\":2,\"name\":\"Products\",\"item\":\"https:\\\/\\\/conexmetals.com\\\/products\\\/\"},{\"@type\":\"ListItem\",\"position\":3,\"name\":\"Placas con Gancho\"}]},{\"@type\":\"WebSite\",\"@id\":\"https:\\\/\\\/conexmetals.com\\\/es\\\/#website\",\"url\":\"https:\\\/\\\/conexmetals.com\\\/es\\\/\",\"name\":\"Conex Metals Brass Fittings Brass Parts Copper Parts Brass Components Brass Plumbing Fittings India\",\"description\":\"Manufacturer of Bronze Fittings casting Copper Brass parts components\",\"publisher\":{\"@id\":\"https:\\\/\\\/conexmetals.com\\\/es\\\/#organization\"},\"potentialAction\":[{\"@type\":\"SearchAction\",\"target\":{\"@type\":\"EntryPoint\",\"urlTemplate\":\"https:\\\/\\\/conexmetals.com\\\/es\\\/?s={search_term_string}\"},\"query-input\":{\"@type\":\"PropertyValueSpecification\",\"valueRequired\":true,\"valueName\":\"search_term_string\"}}],\"inLanguage\":\"es\"},{\"@type\":\"Organization\",\"@id\":\"https:\\\/\\\/conexmetals.com\\\/es\\\/#organization\",\"name\":\"Conex Metals Brass Fittings Brass Parts Copper Parts Brass Components Brass Plumbing Fittings India\",\"url\":\"https:\\\/\\\/conexmetals.com\\\/es\\\/\",\"logo\":{\"@type\":\"ImageObject\",\"inLanguage\":\"es\",\"@id\":\"https:\\\/\\\/conexmetals.com\\\/es\\\/#\\\/schema\\\/logo\\\/image\\\/\",\"url\":\"https:\\\/\\\/conexmetals.com\\\/wp-content\\\/uploads\\\/2024\\\/03\\\/conex-metals-logo.webp\",\"contentUrl\":\"https:\\\/\\\/conexmetals.com\\\/wp-content\\\/uploads\\\/2024\\\/03\\\/conex-metals-logo.webp\",\"width\":300,\"height\":121,\"caption\":\"Conex Metals Brass Fittings Brass Parts Copper Parts Brass Components Brass Plumbing Fittings India\"},\"image\":{\"@id\":\"https:\\\/\\\/conexmetals.com\\\/es\\\/#\\\/schema\\\/logo\\\/image\\\/\"},\"sameAs\":[\"https:\\\/\\\/www.facebook.com\\\/conexbrass\",\"https:\\\/\\\/x.com\\\/conexindia\",\"https:\\\/\\\/www.linkedin.com\\\/company\\\/conex-metals-india\\\/\",\"https:\\\/\\\/www.instagram.com\\\/conexindia\\\/\"]}]}<\/script>\n<!-- \/ Yoast SEO plugin. -->","yoast_head_json":{"title":"Placas con Gancho","description":"Descubra las Placas con Gancho de Conex Metals, incluidas las Placas con Gancho para Techo y las Placas con Gancho de Acero Inoxidable. Nuestras Placas Decorativas con Gancho para Pared y las Placas con Gancho de Seguridad Industrial garantizan soluciones de montaje seguras y ajustables. Fabricante, exportador y proveedor confiable de la India.","robots":{"index":"index","follow":"follow","max-snippet":"max-snippet:-1","max-image-preview":"max-image-preview:large","max-video-preview":"max-video-preview:-1"},"canonical":"https:\/\/conexmetals.com\/es\/producto\/placas-con-gancho\/","schema":{"@context":"https:\/\/schema.org","@graph":[{"@type":"WebPage","@id":"https:\/\/conexmetals.com\/es\/producto\/placas-con-gancho\/","url":"https:\/\/conexmetals.com\/es\/producto\/placas-con-gancho\/","name":"Placas con Gancho","isPartOf":{"@id":"https:\/\/conexmetals.com\/es\/#website"},"primaryImageOfPage":{"@id":"https:\/\/conexmetals.com\/es\/producto\/placas-con-gancho\/#primaryimage"},"image":{"@id":"https:\/\/conexmetals.com\/es\/producto\/placas-con-gancho\/#primaryimage"},"thumbnailUrl":"https:\/\/conexmetals.com\/wp-content\/uploads\/2025\/01\/Placas-con-Gancho.webp","datePublished":"2023-08-18T06:14:53+00:00","dateModified":"2025-01-07T06:51:33+00:00","description":"Descubra las Placas con Gancho de Conex Metals, incluidas las Placas con Gancho para Techo y las Placas con Gancho de Acero Inoxidable. Nuestras Placas Decorativas con Gancho para Pared y las Placas con Gancho de Seguridad Industrial garantizan soluciones de montaje seguras y ajustables. Fabricante, exportador y proveedor confiable de la India.","breadcrumb":{"@id":"https:\/\/conexmetals.com\/es\/producto\/placas-con-gancho\/#breadcrumb"},"inLanguage":"es","potentialAction":[{"@type":"ReadAction","target":["https:\/\/conexmetals.com\/es\/producto\/placas-con-gancho\/"]}]},{"@type":"ImageObject","inLanguage":"es","@id":"https:\/\/conexmetals.com\/es\/producto\/placas-con-gancho\/#primaryimage","url":"https:\/\/conexmetals.com\/wp-content\/uploads\/2025\/01\/Placas-con-Gancho.webp","contentUrl":"https:\/\/conexmetals.com\/wp-content\/uploads\/2025\/01\/Placas-con-Gancho.webp","width":301,"height":301,"caption":"Placas con Gancho"},{"@type":"BreadcrumbList","@id":"https:\/\/conexmetals.com\/es\/producto\/placas-con-gancho\/#breadcrumb","itemListElement":[{"@type":"ListItem","position":1,"name":"Home","item":"https:\/\/conexmetals.com\/es\/hogar\/"},{"@type":"ListItem","position":2,"name":"Products","item":"https:\/\/conexmetals.com\/products\/"},{"@type":"ListItem","position":3,"name":"Placas con Gancho"}]},{"@type":"WebSite","@id":"https:\/\/conexmetals.com\/es\/#website","url":"https:\/\/conexmetals.com\/es\/","name":"Conex Metals Brass Fittings Brass Parts Copper Parts Brass Components Brass Plumbing Fittings India","description":"Manufacturer of Bronze Fittings casting Copper Brass parts components","publisher":{"@id":"https:\/\/conexmetals.com\/es\/#organization"},"potentialAction":[{"@type":"SearchAction","target":{"@type":"EntryPoint","urlTemplate":"https:\/\/conexmetals.com\/es\/?s={search_term_string}"},"query-input":{"@type":"PropertyValueSpecification","valueRequired":true,"valueName":"search_term_string"}}],"inLanguage":"es"},{"@type":"Organization","@id":"https:\/\/conexmetals.com\/es\/#organization","name":"Conex Metals Brass Fittings Brass Parts Copper Parts Brass Components Brass Plumbing Fittings India","url":"https:\/\/conexmetals.com\/es\/","logo":{"@type":"ImageObject","inLanguage":"es","@id":"https:\/\/conexmetals.com\/es\/#\/schema\/logo\/image\/","url":"https:\/\/conexmetals.com\/wp-content\/uploads\/2024\/03\/conex-metals-logo.webp","contentUrl":"https:\/\/conexmetals.com\/wp-content\/uploads\/2024\/03\/conex-metals-logo.webp","width":300,"height":121,"caption":"Conex Metals Brass Fittings Brass Parts Copper Parts Brass Components Brass Plumbing Fittings India"},"image":{"@id":"https:\/\/conexmetals.com\/es\/#\/schema\/logo\/image\/"},"sameAs":["https:\/\/www.facebook.com\/conexbrass","https:\/\/x.com\/conexindia","https:\/\/www.linkedin.com\/company\/conex-metals-india\/","https:\/\/www.instagram.com\/conexindia\/"]}]}},"_links":{"self":[{"href":"https:\/\/conexmetals.com\/es\/wp-json\/wp\/v2\/product\/12793","targetHints":{"allow":["GET"]}}],"collection":[{"href":"https:\/\/conexmetals.com\/es\/wp-json\/wp\/v2\/product"}],"about":[{"href":"https:\/\/conexmetals.com\/es\/wp-json\/wp\/v2\/types\/product"}],"wp:featuredmedia":[{"embeddable":true,"href":"https:\/\/conexmetals.com\/es\/wp-json\/wp\/v2\/media\/12632"}],"wp:attachment":[{"href":"https:\/\/conexmetals.com\/es\/wp-json\/wp\/v2\/media?parent=12793"}],"wp:term":[{"taxonomy":"product_brand","embeddable":true,"href":"https:\/\/conexmetals.com\/es\/wp-json\/wp\/v2\/product_brand?post=12793"},{"taxonomy":"product_cat","embeddable":true,"href":"https:\/\/conexmetals.com\/es\/wp-json\/wp\/v2\/product_cat?post=12793"},{"taxonomy":"product_tag","embeddable":true,"href":"https:\/\/conexmetals.com\/es\/wp-json\/wp\/v2\/product_tag?post=12793"}],"curies":[{"name":"wp","href":"https:\/\/api.w.org\/{rel}","templated":true}]}}