{"id":12799,"date":"2023-08-18T10:49:58","date_gmt":"2023-08-18T05:19:58","guid":{"rendered":"https:\/\/conexmetals.com\/?post_type=product&#038;p=12799"},"modified":"2025-01-07T12:33:49","modified_gmt":"2025-01-07T07:03:49","slug":"tes-y-codos-de-inspeccion-con-tapa-y-tornillo","status":"publish","type":"product","link":"https:\/\/conexmetals.com\/es\/producto\/tes-y-codos-de-inspeccion-con-tapa-y-tornillo\/","title":{"rendered":"T\u00e9s y Codos de Inspecci\u00f3n con Tapa y Tornillo"},"content":{"rendered":"","protected":false},"excerpt":{"rendered":"<p><strong><span>Caja de conexiones de terminales circulares el\u00e9ctricas de aluminio BS: paso de codo<\/span><\/strong><\/p>\n<table id=\"tablepress-398\" class=\"tablepress tablepress-id-398\">\n<caption>\u00a0<\/caption>\n<thead>\n<tr class=\"row-1 odd\">\n<th class=\"column-1\" colspan=\"2\"><strong><span>Ficha t\u00e9cnica<\/span><\/strong><\/th>\n<\/tr>\n<\/thead>\n<tbody class=\"row-hover\">\n<tr class=\"row-2 even\">\n<td class=\"column-1\"><strong><span>Material<\/span><\/strong><\/td>\n<td class=\"column-2\"><span>Hierro maleable, aluminio<\/span><\/td>\n<\/tr>\n<tr class=\"row-3 odd\">\n<td class=\"column-1\"><strong><span>Cumplimiento de normas<\/span><\/strong><\/td>\n<td class=\"column-2\"><span>BS4568\/BS31<\/span><\/td>\n<\/tr>\n<tr class=\"row-4 even\">\n<td class=\"column-1\"><strong><span>Tallas disponibles<\/span><\/strong><\/td>\n<td class=\"column-2\"><span>20 mm, 25 mm, 3\/4\u201d, 1\u201d<\/span><\/td>\n<\/tr>\n<\/tbody>\n<\/table>\n<table id=\"tablepress-399\" class=\"tablepress tablepress-id-399\">\n<caption>\u00a0<\/caption>\n<thead>\n<tr class=\"row-1 odd\">\n<th class=\"column-1\" colspan=\"2\"><strong><span>Presupuesto<\/span><\/strong><\/th>\n<\/tr>\n<\/thead>\n<tbody class=\"row-hover\">\n<tr class=\"row-2 even\">\n<td class=\"column-1\"><strong><span>Di\u00e1metro interior<\/span><\/strong><\/td>\n<td class=\"column-2\"><span>60,3 mm<\/span><\/td>\n<\/tr>\n<tr class=\"row-3 odd\">\n<td class=\"column-1\"><strong><span>Profundidad<\/span><\/strong><\/td>\n<td class=\"column-2\"><span>25,4 mm<\/span><\/td>\n<\/tr>\n<tr class=\"row-4 even\">\n<td class=\"column-1\"><strong><span>Roscado de roscas<\/span><\/strong><\/td>\n<td class=\"column-2\"><span>M4 para tama\u00f1os m\u00e9tricos y 2BA para tama\u00f1os imperiales<\/span><\/td>\n<\/tr>\n<tr class=\"row-5 odd\">\n<td class=\"column-1\"><strong><span>Orificio para tornillo de puesta a tierra<\/span><\/strong><\/td>\n<td class=\"column-2\"><span>50,3 mm con base roscada<\/span><\/td>\n<\/tr>\n<\/tbody>\n<\/table>\n<p><strong><span>Caracter\u00edsticas y ventajas principales:<\/span><\/strong><\/p>\n<ul>\n<li><strong><span>Material de aluminio econ\u00f3mico:<\/span><\/strong><span>\u00a0ligero y rentable.<\/span><\/li>\n<li><strong><span>Compatibilidad con rosca BS:<\/span><\/strong><span>\u00a0Disponible con rosca BS para una instalaci\u00f3n perfecta.<\/span><\/li>\n<li><strong><span>Opciones de tama\u00f1o est\u00e1ndar:<\/span><\/strong><span>\u00a0Se suministra en tama\u00f1os de 3\/4\u201d y 1\u201d para aplicaciones vers\u00e1tiles.<\/span><\/li>\n<li><strong><span>Dimensiones compactas:<\/span><\/strong>\n<ul>\n<li><span>Altura de caja de 3\/4\u2033: 25 mm<\/span><\/li>\n<li><span>Altura de la caja de 1\u2033: 30 mm<\/span><\/li>\n<\/ul>\n<\/li>\n<li><strong><span>Dise\u00f1o mejorado:<\/span><\/strong><span>\u00a0Superior a las cajas circulares maleables en durabilidad y funcionalidad.<\/span><\/li>\n<li><strong><span>Orificios de extracci\u00f3n:<\/span><\/strong><span>\u00a0las cajas de interruptores incluyen un \u00fanico orificio de extracci\u00f3n para facilitar el acceso al cableado.<\/span><\/li>\n<li><strong><span>Tama\u00f1os adicionales disponibles:<\/span><\/strong><span>\u00a020 mm y 25 mm.<\/span><\/li>\n<\/ul>\n<p><span>\u201cTes de inspecci\u00f3n\u201d y \u201cCodos con tapa y tornillo\u201d son t\u00e9rminos que se suelen asociar a los accesorios para conductos el\u00e9ctricos. Expliquemos brevemente cada uno de ellos:<\/span><\/p>\n<ol>\n<li><span>Conectores en T para inspecci\u00f3n: un conector en T para inspecci\u00f3n es un tipo de accesorio para conductos que se utiliza para proporcionar un punto de acceso conveniente en un tramo de conductos para inspecci\u00f3n, mantenimiento o tendido de cables. Tiene un dise\u00f1o en forma de T con una cubierta removible en la parte superior o lateral, lo que permite un f\u00e1cil acceso al conducto. Estos conectores en T son especialmente \u00fatiles en situaciones en las que puede ser necesario inspeccionar o solucionar problemas del cableado sin desmontar todo el sistema de conductos.<\/span><\/li>\n<li><span>Codos con tapa y tornillo: Los codos son accesorios para conductos que permiten cambios de direcci\u00f3n en el recorrido del conducto, normalmente 90 grados o 45 grados. \u201cCodos con tapa y tornillo\u201d suele referirse a un tipo espec\u00edfico de accesorio de codo que viene con una placa de cubierta y un tornillo para asegurar la cubierta en su lugar. La placa de cubierta se utiliza para proteger el cableado interno y las conexiones dentro del codo. Tambi\u00e9n evita que el polvo, los residuos y la humedad entren en el conducto en la uni\u00f3n del codo.<\/span><\/li>\n<\/ol>\n<p><span>Ambos tipos de accesorios se utilizan com\u00fanmente en instalaciones el\u00e9ctricas para garantizar el enrutamiento adecuado de los cables, su protecci\u00f3n y un f\u00e1cil acceso para fines de mantenimiento e inspecci\u00f3n.<\/span><\/p>\n","protected":false},"featured_media":12780,"template":"","meta":[],"product_brand":[],"product_cat":[387],"product_tag":[],"class_list":{"0":"post-12799","1":"product","2":"type-product","3":"status-publish","4":"has-post-thumbnail","6":"product_cat-accesorios-de-conductos-de-acero-galvanizado-gi","8":"first","9":"instock","10":"shipping-taxable","11":"product-type-simple"},"yoast_head":"<!-- This site is optimized with the Yoast SEO plugin v27.3 - https:\/\/yoast.com\/product\/yoast-seo-wordpress\/ -->\n<title>T\u00e9s y Codos de Inspecci\u00f3n con Tapa y Tornillo<\/title>\n<meta name=\"description\" content=\"Conex Metals se especializa en T\u00e9s y Codos de Inspecci\u00f3n con Tapa y Tornillo, incluyendo T\u00e9s de Inspecci\u00f3n para Conductos El\u00e9ctricos y Accesorios de Codo con Tapa. Nuestras Tapas de Codo de Acero Galvanizado y Accesorios de Acceso con Tornillo ofrecen soluciones confiables para inspecci\u00f3n y mantenimiento. Fabricante, exportador y proveedor l\u00edder de la India.\" \/>\n<meta name=\"robots\" content=\"index, follow, max-snippet:-1, max-image-preview:large, max-video-preview:-1\" \/>\n<link rel=\"canonical\" href=\"https:\/\/conexmetals.com\/es\/producto\/tes-y-codos-de-inspeccion-con-tapa-y-tornillo\/\" \/>\n<script type=\"application\/ld+json\" class=\"yoast-schema-graph\">{\"@context\":\"https:\\\/\\\/schema.org\",\"@graph\":[{\"@type\":\"WebPage\",\"@id\":\"https:\\\/\\\/conexmetals.com\\\/es\\\/producto\\\/tes-y-codos-de-inspeccion-con-tapa-y-tornillo\\\/\",\"url\":\"https:\\\/\\\/conexmetals.com\\\/es\\\/producto\\\/tes-y-codos-de-inspeccion-con-tapa-y-tornillo\\\/\",\"name\":\"T\u00e9s y Codos de Inspecci\u00f3n con Tapa y Tornillo\",\"isPartOf\":{\"@id\":\"https:\\\/\\\/conexmetals.com\\\/es\\\/#website\"},\"primaryImageOfPage\":{\"@id\":\"https:\\\/\\\/conexmetals.com\\\/es\\\/producto\\\/tes-y-codos-de-inspeccion-con-tapa-y-tornillo\\\/#primaryimage\"},\"image\":{\"@id\":\"https:\\\/\\\/conexmetals.com\\\/es\\\/producto\\\/tes-y-codos-de-inspeccion-con-tapa-y-tornillo\\\/#primaryimage\"},\"thumbnailUrl\":\"https:\\\/\\\/conexmetals.com\\\/wp-content\\\/uploads\\\/2025\\\/01\\\/Tes-y-Codos-de-Inspeccion-con-Tapa-y-Tornillo.webp\",\"datePublished\":\"2023-08-18T05:19:58+00:00\",\"dateModified\":\"2025-01-07T07:03:49+00:00\",\"description\":\"Conex Metals se especializa en T\u00e9s y Codos de Inspecci\u00f3n con Tapa y Tornillo, incluyendo T\u00e9s de Inspecci\u00f3n para Conductos El\u00e9ctricos y Accesorios de Codo con Tapa. Nuestras Tapas de Codo de Acero Galvanizado y Accesorios de Acceso con Tornillo ofrecen soluciones confiables para inspecci\u00f3n y mantenimiento. Fabricante, exportador y proveedor l\u00edder de la India.\",\"breadcrumb\":{\"@id\":\"https:\\\/\\\/conexmetals.com\\\/es\\\/producto\\\/tes-y-codos-de-inspeccion-con-tapa-y-tornillo\\\/#breadcrumb\"},\"inLanguage\":\"es\",\"potentialAction\":[{\"@type\":\"ReadAction\",\"target\":[\"https:\\\/\\\/conexmetals.com\\\/es\\\/producto\\\/tes-y-codos-de-inspeccion-con-tapa-y-tornillo\\\/\"]}]},{\"@type\":\"ImageObject\",\"inLanguage\":\"es\",\"@id\":\"https:\\\/\\\/conexmetals.com\\\/es\\\/producto\\\/tes-y-codos-de-inspeccion-con-tapa-y-tornillo\\\/#primaryimage\",\"url\":\"https:\\\/\\\/conexmetals.com\\\/wp-content\\\/uploads\\\/2025\\\/01\\\/Tes-y-Codos-de-Inspeccion-con-Tapa-y-Tornillo.webp\",\"contentUrl\":\"https:\\\/\\\/conexmetals.com\\\/wp-content\\\/uploads\\\/2025\\\/01\\\/Tes-y-Codos-de-Inspeccion-con-Tapa-y-Tornillo.webp\",\"width\":300,\"height\":300,\"caption\":\"Tes y Codos de Inspecci\u00f3n con Tapa y Tornillo\"},{\"@type\":\"BreadcrumbList\",\"@id\":\"https:\\\/\\\/conexmetals.com\\\/es\\\/producto\\\/tes-y-codos-de-inspeccion-con-tapa-y-tornillo\\\/#breadcrumb\",\"itemListElement\":[{\"@type\":\"ListItem\",\"position\":1,\"name\":\"Home\",\"item\":\"https:\\\/\\\/conexmetals.com\\\/es\\\/hogar\\\/\"},{\"@type\":\"ListItem\",\"position\":2,\"name\":\"Products\",\"item\":\"https:\\\/\\\/conexmetals.com\\\/products\\\/\"},{\"@type\":\"ListItem\",\"position\":3,\"name\":\"T\u00e9s y Codos de Inspecci\u00f3n con Tapa y Tornillo\"}]},{\"@type\":\"WebSite\",\"@id\":\"https:\\\/\\\/conexmetals.com\\\/es\\\/#website\",\"url\":\"https:\\\/\\\/conexmetals.com\\\/es\\\/\",\"name\":\"Conex Metals Brass Fittings Brass Parts Copper Parts Brass Components Brass Plumbing Fittings India\",\"description\":\"Manufacturer of Bronze Fittings casting Copper Brass parts components\",\"publisher\":{\"@id\":\"https:\\\/\\\/conexmetals.com\\\/es\\\/#organization\"},\"potentialAction\":[{\"@type\":\"SearchAction\",\"target\":{\"@type\":\"EntryPoint\",\"urlTemplate\":\"https:\\\/\\\/conexmetals.com\\\/es\\\/?s={search_term_string}\"},\"query-input\":{\"@type\":\"PropertyValueSpecification\",\"valueRequired\":true,\"valueName\":\"search_term_string\"}}],\"inLanguage\":\"es\"},{\"@type\":\"Organization\",\"@id\":\"https:\\\/\\\/conexmetals.com\\\/es\\\/#organization\",\"name\":\"Conex Metals Brass Fittings Brass Parts Copper Parts Brass Components Brass Plumbing Fittings India\",\"url\":\"https:\\\/\\\/conexmetals.com\\\/es\\\/\",\"logo\":{\"@type\":\"ImageObject\",\"inLanguage\":\"es\",\"@id\":\"https:\\\/\\\/conexmetals.com\\\/es\\\/#\\\/schema\\\/logo\\\/image\\\/\",\"url\":\"https:\\\/\\\/conexmetals.com\\\/wp-content\\\/uploads\\\/2024\\\/03\\\/conex-metals-logo.webp\",\"contentUrl\":\"https:\\\/\\\/conexmetals.com\\\/wp-content\\\/uploads\\\/2024\\\/03\\\/conex-metals-logo.webp\",\"width\":300,\"height\":121,\"caption\":\"Conex Metals Brass Fittings Brass Parts Copper Parts Brass Components Brass Plumbing Fittings India\"},\"image\":{\"@id\":\"https:\\\/\\\/conexmetals.com\\\/es\\\/#\\\/schema\\\/logo\\\/image\\\/\"},\"sameAs\":[\"https:\\\/\\\/www.facebook.com\\\/conexbrass\",\"https:\\\/\\\/x.com\\\/conexindia\",\"https:\\\/\\\/www.linkedin.com\\\/company\\\/conex-metals-india\\\/\",\"https:\\\/\\\/www.instagram.com\\\/conexindia\\\/\"]}]}<\/script>\n<!-- \/ Yoast SEO plugin. -->","yoast_head_json":{"title":"T\u00e9s y Codos de Inspecci\u00f3n con Tapa y Tornillo","description":"Conex Metals se especializa en T\u00e9s y Codos de Inspecci\u00f3n con Tapa y Tornillo, incluyendo T\u00e9s de Inspecci\u00f3n para Conductos El\u00e9ctricos y Accesorios de Codo con Tapa. Nuestras Tapas de Codo de Acero Galvanizado y Accesorios de Acceso con Tornillo ofrecen soluciones confiables para inspecci\u00f3n y mantenimiento. Fabricante, exportador y proveedor l\u00edder de la India.","robots":{"index":"index","follow":"follow","max-snippet":"max-snippet:-1","max-image-preview":"max-image-preview:large","max-video-preview":"max-video-preview:-1"},"canonical":"https:\/\/conexmetals.com\/es\/producto\/tes-y-codos-de-inspeccion-con-tapa-y-tornillo\/","schema":{"@context":"https:\/\/schema.org","@graph":[{"@type":"WebPage","@id":"https:\/\/conexmetals.com\/es\/producto\/tes-y-codos-de-inspeccion-con-tapa-y-tornillo\/","url":"https:\/\/conexmetals.com\/es\/producto\/tes-y-codos-de-inspeccion-con-tapa-y-tornillo\/","name":"T\u00e9s y Codos de Inspecci\u00f3n con Tapa y Tornillo","isPartOf":{"@id":"https:\/\/conexmetals.com\/es\/#website"},"primaryImageOfPage":{"@id":"https:\/\/conexmetals.com\/es\/producto\/tes-y-codos-de-inspeccion-con-tapa-y-tornillo\/#primaryimage"},"image":{"@id":"https:\/\/conexmetals.com\/es\/producto\/tes-y-codos-de-inspeccion-con-tapa-y-tornillo\/#primaryimage"},"thumbnailUrl":"https:\/\/conexmetals.com\/wp-content\/uploads\/2025\/01\/Tes-y-Codos-de-Inspeccion-con-Tapa-y-Tornillo.webp","datePublished":"2023-08-18T05:19:58+00:00","dateModified":"2025-01-07T07:03:49+00:00","description":"Conex Metals se especializa en T\u00e9s y Codos de Inspecci\u00f3n con Tapa y Tornillo, incluyendo T\u00e9s de Inspecci\u00f3n para Conductos El\u00e9ctricos y Accesorios de Codo con Tapa. Nuestras Tapas de Codo de Acero Galvanizado y Accesorios de Acceso con Tornillo ofrecen soluciones confiables para inspecci\u00f3n y mantenimiento. Fabricante, exportador y proveedor l\u00edder de la India.","breadcrumb":{"@id":"https:\/\/conexmetals.com\/es\/producto\/tes-y-codos-de-inspeccion-con-tapa-y-tornillo\/#breadcrumb"},"inLanguage":"es","potentialAction":[{"@type":"ReadAction","target":["https:\/\/conexmetals.com\/es\/producto\/tes-y-codos-de-inspeccion-con-tapa-y-tornillo\/"]}]},{"@type":"ImageObject","inLanguage":"es","@id":"https:\/\/conexmetals.com\/es\/producto\/tes-y-codos-de-inspeccion-con-tapa-y-tornillo\/#primaryimage","url":"https:\/\/conexmetals.com\/wp-content\/uploads\/2025\/01\/Tes-y-Codos-de-Inspeccion-con-Tapa-y-Tornillo.webp","contentUrl":"https:\/\/conexmetals.com\/wp-content\/uploads\/2025\/01\/Tes-y-Codos-de-Inspeccion-con-Tapa-y-Tornillo.webp","width":300,"height":300,"caption":"Tes y Codos de Inspecci\u00f3n con Tapa y Tornillo"},{"@type":"BreadcrumbList","@id":"https:\/\/conexmetals.com\/es\/producto\/tes-y-codos-de-inspeccion-con-tapa-y-tornillo\/#breadcrumb","itemListElement":[{"@type":"ListItem","position":1,"name":"Home","item":"https:\/\/conexmetals.com\/es\/hogar\/"},{"@type":"ListItem","position":2,"name":"Products","item":"https:\/\/conexmetals.com\/products\/"},{"@type":"ListItem","position":3,"name":"T\u00e9s y Codos de Inspecci\u00f3n con Tapa y Tornillo"}]},{"@type":"WebSite","@id":"https:\/\/conexmetals.com\/es\/#website","url":"https:\/\/conexmetals.com\/es\/","name":"Conex Metals Brass Fittings Brass Parts Copper Parts Brass Components Brass Plumbing Fittings India","description":"Manufacturer of Bronze Fittings casting Copper Brass parts components","publisher":{"@id":"https:\/\/conexmetals.com\/es\/#organization"},"potentialAction":[{"@type":"SearchAction","target":{"@type":"EntryPoint","urlTemplate":"https:\/\/conexmetals.com\/es\/?s={search_term_string}"},"query-input":{"@type":"PropertyValueSpecification","valueRequired":true,"valueName":"search_term_string"}}],"inLanguage":"es"},{"@type":"Organization","@id":"https:\/\/conexmetals.com\/es\/#organization","name":"Conex Metals Brass Fittings Brass Parts Copper Parts Brass Components Brass Plumbing Fittings India","url":"https:\/\/conexmetals.com\/es\/","logo":{"@type":"ImageObject","inLanguage":"es","@id":"https:\/\/conexmetals.com\/es\/#\/schema\/logo\/image\/","url":"https:\/\/conexmetals.com\/wp-content\/uploads\/2024\/03\/conex-metals-logo.webp","contentUrl":"https:\/\/conexmetals.com\/wp-content\/uploads\/2024\/03\/conex-metals-logo.webp","width":300,"height":121,"caption":"Conex Metals Brass Fittings Brass Parts Copper Parts Brass Components Brass Plumbing Fittings India"},"image":{"@id":"https:\/\/conexmetals.com\/es\/#\/schema\/logo\/image\/"},"sameAs":["https:\/\/www.facebook.com\/conexbrass","https:\/\/x.com\/conexindia","https:\/\/www.linkedin.com\/company\/conex-metals-india\/","https:\/\/www.instagram.com\/conexindia\/"]}]}},"_links":{"self":[{"href":"https:\/\/conexmetals.com\/es\/wp-json\/wp\/v2\/product\/12799","targetHints":{"allow":["GET"]}}],"collection":[{"href":"https:\/\/conexmetals.com\/es\/wp-json\/wp\/v2\/product"}],"about":[{"href":"https:\/\/conexmetals.com\/es\/wp-json\/wp\/v2\/types\/product"}],"wp:featuredmedia":[{"embeddable":true,"href":"https:\/\/conexmetals.com\/es\/wp-json\/wp\/v2\/media\/12780"}],"wp:attachment":[{"href":"https:\/\/conexmetals.com\/es\/wp-json\/wp\/v2\/media?parent=12799"}],"wp:term":[{"taxonomy":"product_brand","embeddable":true,"href":"https:\/\/conexmetals.com\/es\/wp-json\/wp\/v2\/product_brand?post=12799"},{"taxonomy":"product_cat","embeddable":true,"href":"https:\/\/conexmetals.com\/es\/wp-json\/wp\/v2\/product_cat?post=12799"},{"taxonomy":"product_tag","embeddable":true,"href":"https:\/\/conexmetals.com\/es\/wp-json\/wp\/v2\/product_tag?post=12799"}],"curies":[{"name":"wp","href":"https:\/\/api.w.org\/{rel}","templated":true}]}}