{"id":12803,"date":"2023-08-18T10:57:14","date_gmt":"2023-08-18T05:27:14","guid":{"rendered":"https:\/\/conexmetals.com\/?post_type=product&#038;p=12803"},"modified":"2025-01-07T12:42:33","modified_gmt":"2025-01-07T07:12:33","slug":"tapas-para-cajas-de-conexion","status":"publish","type":"product","link":"https:\/\/conexmetals.com\/es\/producto\/tapas-para-cajas-de-conexion\/","title":{"rendered":"Tapas para Cajas de Conexi\u00f3n"},"content":{"rendered":"","protected":false},"excerpt":{"rendered":"<table id=\"tablepress-400\" class=\"tablepress tablepress-id-400\">\n<caption>\u00a0<\/caption>\n<thead>\n<tr class=\"row-1 odd\">\n<th class=\"column-1\" colspan=\"2\"><strong><span>Ficha t\u00e9cnica<\/span><\/strong><\/th>\n<\/tr>\n<\/thead>\n<tbody class=\"row-hover\">\n<tr class=\"row-2 even\">\n<td class=\"column-1\"><strong><span>Tallas<\/span><\/strong><\/td>\n<td class=\"column-2\"><span>20 mm y 3\/4&#8243;<\/span><\/td>\n<\/tr>\n<tr class=\"row-3 odd\">\n<td class=\"column-1\"><strong><span>Material<\/span><\/strong><\/td>\n<td class=\"column-2\"><span>Acero dulce<\/span><\/td>\n<\/tr>\n<tr class=\"row-4 even\">\n<td class=\"column-1\"><strong><span>Finalizar<\/span><\/strong><\/td>\n<td class=\"column-2\"><span>Galvanizado y esmaltado en negro<\/span><\/td>\n<\/tr>\n<\/tbody>\n<\/table>\n<p><span>Las tapas de las cajas de conexiones son cubiertas protectoras que se utilizan para encerrar y asegurar las aberturas de las cajas de conexiones. Las cajas de conexiones son recintos el\u00e9ctricos que se utilizan para alojar conexiones el\u00e9ctricas, como empalmes o terminaciones de cables. Estas cajas son una parte esencial de las instalaciones el\u00e9ctricas, ya que brindan seguridad, organizaci\u00f3n y protecci\u00f3n a las conexiones el\u00e9ctricas.<\/span><\/p>\n<p><span>La tapa de protecci\u00f3n es un componente integral de la caja de conexiones y cumple varias funciones:<\/span><\/p>\n<ol>\n<li><span>Seguridad: La tapa evita el contacto accidental con componentes el\u00e9ctricos activos dentro de la caja de conexiones, lo que reduce el riesgo de descarga el\u00e9ctrica o lesiones.<\/span><\/li>\n<li><span>Protecci\u00f3n: Protege las conexiones y componentes el\u00e9ctricos del polvo, la suciedad, la humedad y otros factores ambientales, evitando posibles da\u00f1os y garantizando la confiabilidad a largo plazo.<\/span><\/li>\n<li><span>Cumplimiento: En muchos c\u00f3digos y reglamentaciones el\u00e9ctricas, el uso de una tapa en las cajas de conexiones es un requisito para garantizar el cumplimiento de las normas de seguridad.<\/span><\/li>\n<\/ol>\n<p><span>Las tapas de las cajas de conexiones vienen en varias formas y tama\u00f1os, seg\u00fan el tipo de caja de conexiones y su aplicaci\u00f3n espec\u00edfica. Por lo general, est\u00e1n hechas de materiales duraderos, como metal, o materiales no met\u00e1licos, como pl\u00e1stico o PVC. Algunas tapas pueden tener juntas o sellos integrados para brindar protecci\u00f3n adicional contra la entrada de humedad.<\/span><\/p>\n","protected":false},"featured_media":12785,"template":"","meta":[],"product_brand":[],"product_cat":[387],"product_tag":[],"class_list":{"0":"post-12803","1":"product","2":"type-product","3":"status-publish","4":"has-post-thumbnail","6":"product_cat-accesorios-de-conductos-de-acero-galvanizado-gi","8":"first","9":"instock","10":"shipping-taxable","11":"product-type-simple"},"yoast_head":"<!-- This site is optimized with the Yoast SEO plugin v27.3 - https:\/\/yoast.com\/product\/yoast-seo-wordpress\/ -->\n<title>Tapas para Cajas de Conexi\u00f3n<\/title>\n<meta name=\"description\" content=\"Explore las Tapas para Cajas de Conexi\u00f3n de Conex Metals, incluyendo Cajas de Conexi\u00f3n El\u00e9ctricas y Tapas Impermeables. Nuestras Tapas para Cajas El\u00e9ctricas Exteriores y Tapas para Cajas de Conexi\u00f3n Resistentes a la Intemperie ofrecen protecci\u00f3n duradera y segura para envolventes el\u00e9ctricas. Fabricante, exportador y proveedor confiable de la India.\" \/>\n<meta name=\"robots\" content=\"index, follow, max-snippet:-1, max-image-preview:large, max-video-preview:-1\" \/>\n<link rel=\"canonical\" href=\"https:\/\/conexmetals.com\/es\/producto\/tapas-para-cajas-de-conexion\/\" \/>\n<script type=\"application\/ld+json\" class=\"yoast-schema-graph\">{\"@context\":\"https:\\\/\\\/schema.org\",\"@graph\":[{\"@type\":\"WebPage\",\"@id\":\"https:\\\/\\\/conexmetals.com\\\/es\\\/producto\\\/tapas-para-cajas-de-conexion\\\/\",\"url\":\"https:\\\/\\\/conexmetals.com\\\/es\\\/producto\\\/tapas-para-cajas-de-conexion\\\/\",\"name\":\"Tapas para Cajas de Conexi\u00f3n\",\"isPartOf\":{\"@id\":\"https:\\\/\\\/conexmetals.com\\\/es\\\/#website\"},\"primaryImageOfPage\":{\"@id\":\"https:\\\/\\\/conexmetals.com\\\/es\\\/producto\\\/tapas-para-cajas-de-conexion\\\/#primaryimage\"},\"image\":{\"@id\":\"https:\\\/\\\/conexmetals.com\\\/es\\\/producto\\\/tapas-para-cajas-de-conexion\\\/#primaryimage\"},\"thumbnailUrl\":\"https:\\\/\\\/conexmetals.com\\\/wp-content\\\/uploads\\\/2025\\\/01\\\/Tapas-de-Cajas-de-Conexion-1.webp\",\"datePublished\":\"2023-08-18T05:27:14+00:00\",\"dateModified\":\"2025-01-07T07:12:33+00:00\",\"description\":\"Explore las Tapas para Cajas de Conexi\u00f3n de Conex Metals, incluyendo Cajas de Conexi\u00f3n El\u00e9ctricas y Tapas Impermeables. Nuestras Tapas para Cajas El\u00e9ctricas Exteriores y Tapas para Cajas de Conexi\u00f3n Resistentes a la Intemperie ofrecen protecci\u00f3n duradera y segura para envolventes el\u00e9ctricas. Fabricante, exportador y proveedor confiable de la India.\",\"breadcrumb\":{\"@id\":\"https:\\\/\\\/conexmetals.com\\\/es\\\/producto\\\/tapas-para-cajas-de-conexion\\\/#breadcrumb\"},\"inLanguage\":\"es\",\"potentialAction\":[{\"@type\":\"ReadAction\",\"target\":[\"https:\\\/\\\/conexmetals.com\\\/es\\\/producto\\\/tapas-para-cajas-de-conexion\\\/\"]}]},{\"@type\":\"ImageObject\",\"inLanguage\":\"es\",\"@id\":\"https:\\\/\\\/conexmetals.com\\\/es\\\/producto\\\/tapas-para-cajas-de-conexion\\\/#primaryimage\",\"url\":\"https:\\\/\\\/conexmetals.com\\\/wp-content\\\/uploads\\\/2025\\\/01\\\/Tapas-de-Cajas-de-Conexion-1.webp\",\"contentUrl\":\"https:\\\/\\\/conexmetals.com\\\/wp-content\\\/uploads\\\/2025\\\/01\\\/Tapas-de-Cajas-de-Conexion-1.webp\",\"width\":300,\"height\":300,\"caption\":\"Tapas de Cajas de Conexi\u00f3n\"},{\"@type\":\"BreadcrumbList\",\"@id\":\"https:\\\/\\\/conexmetals.com\\\/es\\\/producto\\\/tapas-para-cajas-de-conexion\\\/#breadcrumb\",\"itemListElement\":[{\"@type\":\"ListItem\",\"position\":1,\"name\":\"Home\",\"item\":\"https:\\\/\\\/conexmetals.com\\\/es\\\/hogar\\\/\"},{\"@type\":\"ListItem\",\"position\":2,\"name\":\"Products\",\"item\":\"https:\\\/\\\/conexmetals.com\\\/products\\\/\"},{\"@type\":\"ListItem\",\"position\":3,\"name\":\"Tapas para Cajas de Conexi\u00f3n\"}]},{\"@type\":\"WebSite\",\"@id\":\"https:\\\/\\\/conexmetals.com\\\/es\\\/#website\",\"url\":\"https:\\\/\\\/conexmetals.com\\\/es\\\/\",\"name\":\"Conex Metals Brass Fittings Brass Parts Copper Parts Brass Components Brass Plumbing Fittings India\",\"description\":\"Manufacturer of Bronze Fittings casting Copper Brass parts components\",\"publisher\":{\"@id\":\"https:\\\/\\\/conexmetals.com\\\/es\\\/#organization\"},\"potentialAction\":[{\"@type\":\"SearchAction\",\"target\":{\"@type\":\"EntryPoint\",\"urlTemplate\":\"https:\\\/\\\/conexmetals.com\\\/es\\\/?s={search_term_string}\"},\"query-input\":{\"@type\":\"PropertyValueSpecification\",\"valueRequired\":true,\"valueName\":\"search_term_string\"}}],\"inLanguage\":\"es\"},{\"@type\":\"Organization\",\"@id\":\"https:\\\/\\\/conexmetals.com\\\/es\\\/#organization\",\"name\":\"Conex Metals Brass Fittings Brass Parts Copper Parts Brass Components Brass Plumbing Fittings India\",\"url\":\"https:\\\/\\\/conexmetals.com\\\/es\\\/\",\"logo\":{\"@type\":\"ImageObject\",\"inLanguage\":\"es\",\"@id\":\"https:\\\/\\\/conexmetals.com\\\/es\\\/#\\\/schema\\\/logo\\\/image\\\/\",\"url\":\"https:\\\/\\\/conexmetals.com\\\/wp-content\\\/uploads\\\/2024\\\/03\\\/conex-metals-logo.webp\",\"contentUrl\":\"https:\\\/\\\/conexmetals.com\\\/wp-content\\\/uploads\\\/2024\\\/03\\\/conex-metals-logo.webp\",\"width\":300,\"height\":121,\"caption\":\"Conex Metals Brass Fittings Brass Parts Copper Parts Brass Components Brass Plumbing Fittings India\"},\"image\":{\"@id\":\"https:\\\/\\\/conexmetals.com\\\/es\\\/#\\\/schema\\\/logo\\\/image\\\/\"},\"sameAs\":[\"https:\\\/\\\/www.facebook.com\\\/conexbrass\",\"https:\\\/\\\/x.com\\\/conexindia\",\"https:\\\/\\\/www.linkedin.com\\\/company\\\/conex-metals-india\\\/\",\"https:\\\/\\\/www.instagram.com\\\/conexindia\\\/\"]}]}<\/script>\n<!-- \/ Yoast SEO plugin. -->","yoast_head_json":{"title":"Tapas para Cajas de Conexi\u00f3n","description":"Explore las Tapas para Cajas de Conexi\u00f3n de Conex Metals, incluyendo Cajas de Conexi\u00f3n El\u00e9ctricas y Tapas Impermeables. Nuestras Tapas para Cajas El\u00e9ctricas Exteriores y Tapas para Cajas de Conexi\u00f3n Resistentes a la Intemperie ofrecen protecci\u00f3n duradera y segura para envolventes el\u00e9ctricas. Fabricante, exportador y proveedor confiable de la India.","robots":{"index":"index","follow":"follow","max-snippet":"max-snippet:-1","max-image-preview":"max-image-preview:large","max-video-preview":"max-video-preview:-1"},"canonical":"https:\/\/conexmetals.com\/es\/producto\/tapas-para-cajas-de-conexion\/","schema":{"@context":"https:\/\/schema.org","@graph":[{"@type":"WebPage","@id":"https:\/\/conexmetals.com\/es\/producto\/tapas-para-cajas-de-conexion\/","url":"https:\/\/conexmetals.com\/es\/producto\/tapas-para-cajas-de-conexion\/","name":"Tapas para Cajas de Conexi\u00f3n","isPartOf":{"@id":"https:\/\/conexmetals.com\/es\/#website"},"primaryImageOfPage":{"@id":"https:\/\/conexmetals.com\/es\/producto\/tapas-para-cajas-de-conexion\/#primaryimage"},"image":{"@id":"https:\/\/conexmetals.com\/es\/producto\/tapas-para-cajas-de-conexion\/#primaryimage"},"thumbnailUrl":"https:\/\/conexmetals.com\/wp-content\/uploads\/2025\/01\/Tapas-de-Cajas-de-Conexion-1.webp","datePublished":"2023-08-18T05:27:14+00:00","dateModified":"2025-01-07T07:12:33+00:00","description":"Explore las Tapas para Cajas de Conexi\u00f3n de Conex Metals, incluyendo Cajas de Conexi\u00f3n El\u00e9ctricas y Tapas Impermeables. Nuestras Tapas para Cajas El\u00e9ctricas Exteriores y Tapas para Cajas de Conexi\u00f3n Resistentes a la Intemperie ofrecen protecci\u00f3n duradera y segura para envolventes el\u00e9ctricas. Fabricante, exportador y proveedor confiable de la India.","breadcrumb":{"@id":"https:\/\/conexmetals.com\/es\/producto\/tapas-para-cajas-de-conexion\/#breadcrumb"},"inLanguage":"es","potentialAction":[{"@type":"ReadAction","target":["https:\/\/conexmetals.com\/es\/producto\/tapas-para-cajas-de-conexion\/"]}]},{"@type":"ImageObject","inLanguage":"es","@id":"https:\/\/conexmetals.com\/es\/producto\/tapas-para-cajas-de-conexion\/#primaryimage","url":"https:\/\/conexmetals.com\/wp-content\/uploads\/2025\/01\/Tapas-de-Cajas-de-Conexion-1.webp","contentUrl":"https:\/\/conexmetals.com\/wp-content\/uploads\/2025\/01\/Tapas-de-Cajas-de-Conexion-1.webp","width":300,"height":300,"caption":"Tapas de Cajas de Conexi\u00f3n"},{"@type":"BreadcrumbList","@id":"https:\/\/conexmetals.com\/es\/producto\/tapas-para-cajas-de-conexion\/#breadcrumb","itemListElement":[{"@type":"ListItem","position":1,"name":"Home","item":"https:\/\/conexmetals.com\/es\/hogar\/"},{"@type":"ListItem","position":2,"name":"Products","item":"https:\/\/conexmetals.com\/products\/"},{"@type":"ListItem","position":3,"name":"Tapas para Cajas de Conexi\u00f3n"}]},{"@type":"WebSite","@id":"https:\/\/conexmetals.com\/es\/#website","url":"https:\/\/conexmetals.com\/es\/","name":"Conex Metals Brass Fittings Brass Parts Copper Parts Brass Components Brass Plumbing Fittings India","description":"Manufacturer of Bronze Fittings casting Copper Brass parts components","publisher":{"@id":"https:\/\/conexmetals.com\/es\/#organization"},"potentialAction":[{"@type":"SearchAction","target":{"@type":"EntryPoint","urlTemplate":"https:\/\/conexmetals.com\/es\/?s={search_term_string}"},"query-input":{"@type":"PropertyValueSpecification","valueRequired":true,"valueName":"search_term_string"}}],"inLanguage":"es"},{"@type":"Organization","@id":"https:\/\/conexmetals.com\/es\/#organization","name":"Conex Metals Brass Fittings Brass Parts Copper Parts Brass Components Brass Plumbing Fittings India","url":"https:\/\/conexmetals.com\/es\/","logo":{"@type":"ImageObject","inLanguage":"es","@id":"https:\/\/conexmetals.com\/es\/#\/schema\/logo\/image\/","url":"https:\/\/conexmetals.com\/wp-content\/uploads\/2024\/03\/conex-metals-logo.webp","contentUrl":"https:\/\/conexmetals.com\/wp-content\/uploads\/2024\/03\/conex-metals-logo.webp","width":300,"height":121,"caption":"Conex Metals Brass Fittings Brass Parts Copper Parts Brass Components Brass Plumbing Fittings India"},"image":{"@id":"https:\/\/conexmetals.com\/es\/#\/schema\/logo\/image\/"},"sameAs":["https:\/\/www.facebook.com\/conexbrass","https:\/\/x.com\/conexindia","https:\/\/www.linkedin.com\/company\/conex-metals-india\/","https:\/\/www.instagram.com\/conexindia\/"]}]}},"_links":{"self":[{"href":"https:\/\/conexmetals.com\/es\/wp-json\/wp\/v2\/product\/12803","targetHints":{"allow":["GET"]}}],"collection":[{"href":"https:\/\/conexmetals.com\/es\/wp-json\/wp\/v2\/product"}],"about":[{"href":"https:\/\/conexmetals.com\/es\/wp-json\/wp\/v2\/types\/product"}],"wp:featuredmedia":[{"embeddable":true,"href":"https:\/\/conexmetals.com\/es\/wp-json\/wp\/v2\/media\/12785"}],"wp:attachment":[{"href":"https:\/\/conexmetals.com\/es\/wp-json\/wp\/v2\/media?parent=12803"}],"wp:term":[{"taxonomy":"product_brand","embeddable":true,"href":"https:\/\/conexmetals.com\/es\/wp-json\/wp\/v2\/product_brand?post=12803"},{"taxonomy":"product_cat","embeddable":true,"href":"https:\/\/conexmetals.com\/es\/wp-json\/wp\/v2\/product_cat?post=12803"},{"taxonomy":"product_tag","embeddable":true,"href":"https:\/\/conexmetals.com\/es\/wp-json\/wp\/v2\/product_tag?post=12803"}],"curies":[{"name":"wp","href":"https:\/\/api.w.org\/{rel}","templated":true}]}}