{"id":12812,"date":"2023-08-18T11:43:12","date_gmt":"2023-08-18T06:13:12","guid":{"rendered":"https:\/\/conexmetals.com\/?post_type=product&#038;p=12812"},"modified":"2025-01-07T14:12:53","modified_gmt":"2025-01-07T08:42:53","slug":"cajas-de-conexion","status":"publish","type":"product","link":"https:\/\/conexmetals.com\/es\/producto\/cajas-de-conexion\/","title":{"rendered":"Cajas de Conexi\u00f3n"},"content":{"rendered":"","protected":false},"excerpt":{"rendered":"<div class=\"elementor-element elementor-element-672075d elementor-widget__width-initial e-transform elementor-widget-mobile__width-initial elementor-widget elementor-widget-woocommerce-product-images\" data-id=\"672075d\" data-element_type=\"widget\" data-settings=\"{&quot;_transform_scale_effect&quot;:{&quot;unit&quot;:&quot;px&quot;,&quot;size&quot;:1,&quot;sizes&quot;:[]},&quot;_transform_scale_effect_tablet&quot;:{&quot;unit&quot;:&quot;px&quot;,&quot;size&quot;:&quot;&quot;,&quot;sizes&quot;:[]},&quot;_transform_scale_effect_mobile&quot;:{&quot;unit&quot;:&quot;px&quot;,&quot;size&quot;:&quot;&quot;,&quot;sizes&quot;:[]}}\" data-widget_type=\"woocommerce-product-images.default\">\n<div class=\"elementor-widget-container\">\n<div class=\"woocommerce-product-gallery woocommerce-product-gallery--with-images woocommerce-product-gallery--columns-4 images\" data-columns=\"4\">\n<div class=\"woocommerce-product-gallery__wrapper\">\n<div class=\"woocommerce-product-gallery__image\" data-thumb=\"https:\/\/conexmetals.com\/wp-content\/uploads\/2023\/08\/Junction-Boxes-100x100.webp\" data-thumb-alt=\"Junction-Boxes\" data-thumb-srcset=\"https:\/\/conexmetals.com\/wp-content\/uploads\/2023\/08\/Junction-Boxes-100x100.webp 100w, https:\/\/conexmetals.com\/wp-content\/uploads\/2023\/08\/Junction-Boxes-150x150.webp 150w, https:\/\/conexmetals.com\/wp-content\/uploads\/2023\/08\/Junction-Boxes.webp 300w\"><\/div>\n<\/div>\n<\/div>\n<\/div>\n<\/div>\n<div class=\"elementor-element elementor-element-36d2ab8 elementor-widget elementor-widget-woocommerce-product-short-description\" data-id=\"36d2ab8\" data-element_type=\"widget\" data-widget_type=\"woocommerce-product-short-description.default\">\n<div class=\"elementor-widget-container\">\n<div class=\"woocommerce-product-details__short-description\">\n<table id=\"tablepress-401\" class=\"tablepress tablepress-id-401\">\n<caption>\u00a0<\/caption>\n<thead>\n<tr class=\"row-1 odd\">\n<th class=\"column-1\" colspan=\"2\"><strong><span>Ficha t\u00e9cnica<\/span><\/strong><\/th>\n<\/tr>\n<\/thead>\n<tbody class=\"row-hover\">\n<tr class=\"row-2 even\">\n<td class=\"column-1\"><strong><span>Material<\/span><\/strong><\/td>\n<td class=\"column-2\"><span>Hierro maleable<\/span><\/td>\n<\/tr>\n<tr class=\"row-3 odd\">\n<td class=\"column-1\"><strong><span>Finalizar<\/span><\/strong><\/td>\n<td class=\"column-2\"><span>Galvanizado<\/span><\/td>\n<\/tr>\n<tr class=\"row-4 even\">\n<td class=\"column-1\"><strong><span>Est\u00e1ndar<\/span><\/strong><\/td>\n<td class=\"column-2\"><span>BS EN 50086 y BS EN 61386<\/span><\/td>\n<\/tr>\n<tr class=\"row-5 odd\">\n<td class=\"column-1\"><strong><span>Hilo<\/span><\/strong><\/td>\n<td class=\"column-2\"><span>M\u00e9trica femenina<\/span><\/td>\n<\/tr>\n<tr class=\"row-6 even\">\n<td class=\"column-1\"><strong><span>Tama\u00f1o<\/span><\/strong><\/td>\n<td class=\"column-2\"><span>20 25 32 mm, 3\/4&#8243;, 1&#8243; 1-1\/4&#8243;<\/span><\/td>\n<\/tr>\n<tr class=\"row-7 odd\">\n<td class=\"column-1\"><strong><span>Uso<\/span><\/strong><\/td>\n<td class=\"column-2\"><span>Adecuado para el sistema de gesti\u00f3n de cables de conducto GI BS4568\/BS31<\/span><\/td>\n<\/tr>\n<\/tbody>\n<\/table>\n<p><span>Las cajas de conexiones son componentes esenciales que se utilizan en las instalaciones el\u00e9ctricas para alojar y proteger las conexiones el\u00e9ctricas, los empalmes y las terminaciones. Son fundamentales para la seguridad y la organizaci\u00f3n de los sistemas el\u00e9ctricos, ya que proporcionan un espacio seguro para el cableado y las conexiones, al mismo tiempo que evitan el contacto accidental y minimizan el riesgo de peligros el\u00e9ctricos.<\/span><\/p>\n<p><span>Las caracter\u00edsticas y usos clave de las cajas de conexiones incluyen:<\/span><\/p>\n<ol>\n<li><span>Caja: Las cajas de conexiones generalmente est\u00e1n hechas de metal o materiales no met\u00e1licos y vienen en varias formas y tama\u00f1os para adaptarse a diferentes configuraciones de cableado y requisitos de instalaci\u00f3n.<\/span><\/li>\n<li><span>Uniones de cableado: sirven como puntos de encuentro donde se pueden unir m\u00faltiples cables o alambres el\u00e9ctricos, creando una ubicaci\u00f3n centralizada para las conexiones.<\/span><\/li>\n<li><span>Empalmes y terminaciones: Las cajas de conexiones permiten empalmar y terminar de forma segura los cables de los conductores el\u00e9ctricos, garantizando una conexi\u00f3n confiable y permanente.<\/span><\/li>\n<li><span>Protecci\u00f3n: El dise\u00f1o cerrado de las cajas de conexiones protege las conexiones el\u00e9ctricas del polvo, la suciedad, la humedad y los da\u00f1os f\u00edsicos, lo que prolonga la vida \u00fatil del sistema el\u00e9ctrico.<\/span><\/li>\n<li><span>Seguridad: Las cajas de conexiones evitan el contacto accidental con cables activos, lo que reduce el riesgo de descarga el\u00e9ctrica o cortocircuitos.<\/span><\/li>\n<li><span>F\u00e1cil acceso: Muchas cajas de conexiones tienen cubiertas extra\u00edbles que brindan f\u00e1cil acceso para inspecci\u00f3n, mantenimiento o futuras modificaciones a las conexiones el\u00e9ctricas.<\/span><\/li>\n<\/ol>\n<p><span>Las cajas de conexiones se utilizan en diversas aplicaciones el\u00e9ctricas, como entornos residenciales, comerciales e industriales. Se pueden montar en paredes, techos o dentro de cajas el\u00e9ctricas, seg\u00fan los requisitos de instalaci\u00f3n. Las cajas de conexiones se encuentran en varias partes de los sistemas el\u00e9ctricos, como a lo largo de conductos, en \u00e1ticos, en espacios de acceso y dentro de espacios ocultos.<\/span><\/p>\n<\/div>\n<\/div>\n<\/div>\n","protected":false},"featured_media":12808,"template":"","meta":[],"product_brand":[],"product_cat":[387],"product_tag":[],"class_list":{"0":"post-12812","1":"product","2":"type-product","3":"status-publish","4":"has-post-thumbnail","6":"product_cat-accesorios-de-conductos-de-acero-galvanizado-gi","8":"first","9":"instock","10":"shipping-taxable","11":"product-type-simple"},"yoast_head":"<!-- This site is optimized with the Yoast SEO plugin v27.3 - https:\/\/yoast.com\/product\/yoast-seo-wordpress\/ -->\n<title>Cajas de Conexi\u00f3n<\/title>\n<meta name=\"description\" content=\"Conex Metals ofrece Cajas de Conexi\u00f3n de alta calidad, incluyendo Cajas de Conexi\u00f3n El\u00e9ctricas y Cajas Impermeables. Nuestras Envolventes El\u00e9ctricos Industriales y Tapas para Cajas de Conexi\u00f3n Resistentes a la Intemperie garantizan conexiones el\u00e9ctricas seguras en diversos entornos. Fabricante, exportador y proveedor l\u00edder de la India.\" \/>\n<meta name=\"robots\" content=\"index, follow, max-snippet:-1, max-image-preview:large, max-video-preview:-1\" \/>\n<link rel=\"canonical\" href=\"https:\/\/conexmetals.com\/es\/producto\/cajas-de-conexion\/\" \/>\n<script type=\"application\/ld+json\" class=\"yoast-schema-graph\">{\"@context\":\"https:\\\/\\\/schema.org\",\"@graph\":[{\"@type\":\"WebPage\",\"@id\":\"https:\\\/\\\/conexmetals.com\\\/es\\\/producto\\\/cajas-de-conexion\\\/\",\"url\":\"https:\\\/\\\/conexmetals.com\\\/es\\\/producto\\\/cajas-de-conexion\\\/\",\"name\":\"Cajas de Conexi\u00f3n\",\"isPartOf\":{\"@id\":\"https:\\\/\\\/conexmetals.com\\\/es\\\/#website\"},\"primaryImageOfPage\":{\"@id\":\"https:\\\/\\\/conexmetals.com\\\/es\\\/producto\\\/cajas-de-conexion\\\/#primaryimage\"},\"image\":{\"@id\":\"https:\\\/\\\/conexmetals.com\\\/es\\\/producto\\\/cajas-de-conexion\\\/#primaryimage\"},\"thumbnailUrl\":\"https:\\\/\\\/conexmetals.com\\\/wp-content\\\/uploads\\\/2025\\\/01\\\/\u0421\u043e\u0435\u0434\u0438\u043d\u0438\u0442\u0435\u043b\u044c\u043d\u044b\u0435-\u043a\u043e\u0440\u043e\u0431\u043a\u0438-1.webp\",\"datePublished\":\"2023-08-18T06:13:12+00:00\",\"dateModified\":\"2025-01-07T08:42:53+00:00\",\"description\":\"Conex Metals ofrece Cajas de Conexi\u00f3n de alta calidad, incluyendo Cajas de Conexi\u00f3n El\u00e9ctricas y Cajas Impermeables. Nuestras Envolventes El\u00e9ctricos Industriales y Tapas para Cajas de Conexi\u00f3n Resistentes a la Intemperie garantizan conexiones el\u00e9ctricas seguras en diversos entornos. Fabricante, exportador y proveedor l\u00edder de la India.\",\"breadcrumb\":{\"@id\":\"https:\\\/\\\/conexmetals.com\\\/es\\\/producto\\\/cajas-de-conexion\\\/#breadcrumb\"},\"inLanguage\":\"es\",\"potentialAction\":[{\"@type\":\"ReadAction\",\"target\":[\"https:\\\/\\\/conexmetals.com\\\/es\\\/producto\\\/cajas-de-conexion\\\/\"]}]},{\"@type\":\"ImageObject\",\"inLanguage\":\"es\",\"@id\":\"https:\\\/\\\/conexmetals.com\\\/es\\\/producto\\\/cajas-de-conexion\\\/#primaryimage\",\"url\":\"https:\\\/\\\/conexmetals.com\\\/wp-content\\\/uploads\\\/2025\\\/01\\\/\u0421\u043e\u0435\u0434\u0438\u043d\u0438\u0442\u0435\u043b\u044c\u043d\u044b\u0435-\u043a\u043e\u0440\u043e\u0431\u043a\u0438-1.webp\",\"contentUrl\":\"https:\\\/\\\/conexmetals.com\\\/wp-content\\\/uploads\\\/2025\\\/01\\\/\u0421\u043e\u0435\u0434\u0438\u043d\u0438\u0442\u0435\u043b\u044c\u043d\u044b\u0435-\u043a\u043e\u0440\u043e\u0431\u043a\u0438-1.webp\",\"width\":300,\"height\":300,\"caption\":\"Cajas de Conexi\u00f3n\"},{\"@type\":\"BreadcrumbList\",\"@id\":\"https:\\\/\\\/conexmetals.com\\\/es\\\/producto\\\/cajas-de-conexion\\\/#breadcrumb\",\"itemListElement\":[{\"@type\":\"ListItem\",\"position\":1,\"name\":\"Home\",\"item\":\"https:\\\/\\\/conexmetals.com\\\/es\\\/hogar\\\/\"},{\"@type\":\"ListItem\",\"position\":2,\"name\":\"Products\",\"item\":\"https:\\\/\\\/conexmetals.com\\\/products\\\/\"},{\"@type\":\"ListItem\",\"position\":3,\"name\":\"Cajas de Conexi\u00f3n\"}]},{\"@type\":\"WebSite\",\"@id\":\"https:\\\/\\\/conexmetals.com\\\/es\\\/#website\",\"url\":\"https:\\\/\\\/conexmetals.com\\\/es\\\/\",\"name\":\"Conex Metals Brass Fittings Brass Parts Copper Parts Brass Components Brass Plumbing Fittings India\",\"description\":\"Manufacturer of Bronze Fittings casting Copper Brass parts components\",\"publisher\":{\"@id\":\"https:\\\/\\\/conexmetals.com\\\/es\\\/#organization\"},\"potentialAction\":[{\"@type\":\"SearchAction\",\"target\":{\"@type\":\"EntryPoint\",\"urlTemplate\":\"https:\\\/\\\/conexmetals.com\\\/es\\\/?s={search_term_string}\"},\"query-input\":{\"@type\":\"PropertyValueSpecification\",\"valueRequired\":true,\"valueName\":\"search_term_string\"}}],\"inLanguage\":\"es\"},{\"@type\":\"Organization\",\"@id\":\"https:\\\/\\\/conexmetals.com\\\/es\\\/#organization\",\"name\":\"Conex Metals Brass Fittings Brass Parts Copper Parts Brass Components Brass Plumbing Fittings India\",\"url\":\"https:\\\/\\\/conexmetals.com\\\/es\\\/\",\"logo\":{\"@type\":\"ImageObject\",\"inLanguage\":\"es\",\"@id\":\"https:\\\/\\\/conexmetals.com\\\/es\\\/#\\\/schema\\\/logo\\\/image\\\/\",\"url\":\"https:\\\/\\\/conexmetals.com\\\/wp-content\\\/uploads\\\/2024\\\/03\\\/conex-metals-logo.webp\",\"contentUrl\":\"https:\\\/\\\/conexmetals.com\\\/wp-content\\\/uploads\\\/2024\\\/03\\\/conex-metals-logo.webp\",\"width\":300,\"height\":121,\"caption\":\"Conex Metals Brass Fittings Brass Parts Copper Parts Brass Components Brass Plumbing Fittings India\"},\"image\":{\"@id\":\"https:\\\/\\\/conexmetals.com\\\/es\\\/#\\\/schema\\\/logo\\\/image\\\/\"},\"sameAs\":[\"https:\\\/\\\/www.facebook.com\\\/conexbrass\",\"https:\\\/\\\/x.com\\\/conexindia\",\"https:\\\/\\\/www.linkedin.com\\\/company\\\/conex-metals-india\\\/\",\"https:\\\/\\\/www.instagram.com\\\/conexindia\\\/\"]}]}<\/script>\n<!-- \/ Yoast SEO plugin. -->","yoast_head_json":{"title":"Cajas de Conexi\u00f3n","description":"Conex Metals ofrece Cajas de Conexi\u00f3n de alta calidad, incluyendo Cajas de Conexi\u00f3n El\u00e9ctricas y Cajas Impermeables. Nuestras Envolventes El\u00e9ctricos Industriales y Tapas para Cajas de Conexi\u00f3n Resistentes a la Intemperie garantizan conexiones el\u00e9ctricas seguras en diversos entornos. Fabricante, exportador y proveedor l\u00edder de la India.","robots":{"index":"index","follow":"follow","max-snippet":"max-snippet:-1","max-image-preview":"max-image-preview:large","max-video-preview":"max-video-preview:-1"},"canonical":"https:\/\/conexmetals.com\/es\/producto\/cajas-de-conexion\/","schema":{"@context":"https:\/\/schema.org","@graph":[{"@type":"WebPage","@id":"https:\/\/conexmetals.com\/es\/producto\/cajas-de-conexion\/","url":"https:\/\/conexmetals.com\/es\/producto\/cajas-de-conexion\/","name":"Cajas de Conexi\u00f3n","isPartOf":{"@id":"https:\/\/conexmetals.com\/es\/#website"},"primaryImageOfPage":{"@id":"https:\/\/conexmetals.com\/es\/producto\/cajas-de-conexion\/#primaryimage"},"image":{"@id":"https:\/\/conexmetals.com\/es\/producto\/cajas-de-conexion\/#primaryimage"},"thumbnailUrl":"https:\/\/conexmetals.com\/wp-content\/uploads\/2025\/01\/\u0421\u043e\u0435\u0434\u0438\u043d\u0438\u0442\u0435\u043b\u044c\u043d\u044b\u0435-\u043a\u043e\u0440\u043e\u0431\u043a\u0438-1.webp","datePublished":"2023-08-18T06:13:12+00:00","dateModified":"2025-01-07T08:42:53+00:00","description":"Conex Metals ofrece Cajas de Conexi\u00f3n de alta calidad, incluyendo Cajas de Conexi\u00f3n El\u00e9ctricas y Cajas Impermeables. Nuestras Envolventes El\u00e9ctricos Industriales y Tapas para Cajas de Conexi\u00f3n Resistentes a la Intemperie garantizan conexiones el\u00e9ctricas seguras en diversos entornos. Fabricante, exportador y proveedor l\u00edder de la India.","breadcrumb":{"@id":"https:\/\/conexmetals.com\/es\/producto\/cajas-de-conexion\/#breadcrumb"},"inLanguage":"es","potentialAction":[{"@type":"ReadAction","target":["https:\/\/conexmetals.com\/es\/producto\/cajas-de-conexion\/"]}]},{"@type":"ImageObject","inLanguage":"es","@id":"https:\/\/conexmetals.com\/es\/producto\/cajas-de-conexion\/#primaryimage","url":"https:\/\/conexmetals.com\/wp-content\/uploads\/2025\/01\/\u0421\u043e\u0435\u0434\u0438\u043d\u0438\u0442\u0435\u043b\u044c\u043d\u044b\u0435-\u043a\u043e\u0440\u043e\u0431\u043a\u0438-1.webp","contentUrl":"https:\/\/conexmetals.com\/wp-content\/uploads\/2025\/01\/\u0421\u043e\u0435\u0434\u0438\u043d\u0438\u0442\u0435\u043b\u044c\u043d\u044b\u0435-\u043a\u043e\u0440\u043e\u0431\u043a\u0438-1.webp","width":300,"height":300,"caption":"Cajas de Conexi\u00f3n"},{"@type":"BreadcrumbList","@id":"https:\/\/conexmetals.com\/es\/producto\/cajas-de-conexion\/#breadcrumb","itemListElement":[{"@type":"ListItem","position":1,"name":"Home","item":"https:\/\/conexmetals.com\/es\/hogar\/"},{"@type":"ListItem","position":2,"name":"Products","item":"https:\/\/conexmetals.com\/products\/"},{"@type":"ListItem","position":3,"name":"Cajas de Conexi\u00f3n"}]},{"@type":"WebSite","@id":"https:\/\/conexmetals.com\/es\/#website","url":"https:\/\/conexmetals.com\/es\/","name":"Conex Metals Brass Fittings Brass Parts Copper Parts Brass Components Brass Plumbing Fittings India","description":"Manufacturer of Bronze Fittings casting Copper Brass parts components","publisher":{"@id":"https:\/\/conexmetals.com\/es\/#organization"},"potentialAction":[{"@type":"SearchAction","target":{"@type":"EntryPoint","urlTemplate":"https:\/\/conexmetals.com\/es\/?s={search_term_string}"},"query-input":{"@type":"PropertyValueSpecification","valueRequired":true,"valueName":"search_term_string"}}],"inLanguage":"es"},{"@type":"Organization","@id":"https:\/\/conexmetals.com\/es\/#organization","name":"Conex Metals Brass Fittings Brass Parts Copper Parts Brass Components Brass Plumbing Fittings India","url":"https:\/\/conexmetals.com\/es\/","logo":{"@type":"ImageObject","inLanguage":"es","@id":"https:\/\/conexmetals.com\/es\/#\/schema\/logo\/image\/","url":"https:\/\/conexmetals.com\/wp-content\/uploads\/2024\/03\/conex-metals-logo.webp","contentUrl":"https:\/\/conexmetals.com\/wp-content\/uploads\/2024\/03\/conex-metals-logo.webp","width":300,"height":121,"caption":"Conex Metals Brass Fittings Brass Parts Copper Parts Brass Components Brass Plumbing Fittings India"},"image":{"@id":"https:\/\/conexmetals.com\/es\/#\/schema\/logo\/image\/"},"sameAs":["https:\/\/www.facebook.com\/conexbrass","https:\/\/x.com\/conexindia","https:\/\/www.linkedin.com\/company\/conex-metals-india\/","https:\/\/www.instagram.com\/conexindia\/"]}]}},"_links":{"self":[{"href":"https:\/\/conexmetals.com\/es\/wp-json\/wp\/v2\/product\/12812","targetHints":{"allow":["GET"]}}],"collection":[{"href":"https:\/\/conexmetals.com\/es\/wp-json\/wp\/v2\/product"}],"about":[{"href":"https:\/\/conexmetals.com\/es\/wp-json\/wp\/v2\/types\/product"}],"wp:featuredmedia":[{"embeddable":true,"href":"https:\/\/conexmetals.com\/es\/wp-json\/wp\/v2\/media\/12808"}],"wp:attachment":[{"href":"https:\/\/conexmetals.com\/es\/wp-json\/wp\/v2\/media?parent=12812"}],"wp:term":[{"taxonomy":"product_brand","embeddable":true,"href":"https:\/\/conexmetals.com\/es\/wp-json\/wp\/v2\/product_brand?post=12812"},{"taxonomy":"product_cat","embeddable":true,"href":"https:\/\/conexmetals.com\/es\/wp-json\/wp\/v2\/product_cat?post=12812"},{"taxonomy":"product_tag","embeddable":true,"href":"https:\/\/conexmetals.com\/es\/wp-json\/wp\/v2\/product_tag?post=12812"}],"curies":[{"name":"wp","href":"https:\/\/api.w.org\/{rel}","templated":true}]}}