{"id":12834,"date":"2023-08-18T11:45:31","date_gmt":"2023-08-18T06:15:31","guid":{"rendered":"https:\/\/conexmetals.com\/?post_type=product&#038;p=12834"},"modified":"2025-01-07T14:55:15","modified_gmt":"2025-01-07T09:25:15","slug":"nipples-macho","status":"publish","type":"product","link":"https:\/\/conexmetals.com\/es\/producto\/nipples-macho\/","title":{"rendered":"Nipples Macho"},"content":{"rendered":"","protected":false},"excerpt":{"rendered":"<p><img fetchpriority=\"high\" decoding=\"async\" class=\"alignnone size-medium wp-image-12359 lazy loaded\" src=\"https:\/\/conexmetals.com\/wp-content\/uploads\/2023\/08\/Male-Nipples-300x260.webp\" alt=\"Pezones masculinos\" width=\"300\" height=\"260\" data-src=\"https:\/\/conexmetals.com\/wp-content\/uploads\/2023\/08\/Male-Nipples-300x260.webp\" data-was-processed=\"true\" srcset=\"https:\/\/conexmetals.com\/wp-content\/uploads\/2023\/08\/Male-Nipples-300x260.webp 300w, https:\/\/conexmetals.com\/wp-content\/uploads\/2023\/08\/Male-Nipples.webp 408w\" sizes=\"(max-width: 300px) 100vw, 300px\" \/><\/p>\n<table id=\"tablepress-403\" class=\"tablepress tablepress-id-403\">\n<thead>\n<tr class=\"row-1 odd\">\n<th class=\"column-1\" colspan=\"3\"><strong><span>Ficha t\u00e9cnica<\/span><\/strong><\/th>\n<th class=\"column-4\"><\/th>\n<\/tr>\n<\/thead>\n<tbody class=\"row-hover\">\n<tr class=\"row-2 even\">\n<td class=\"column-1\"><strong><span>GRAMO<\/span><\/strong><\/td>\n<td class=\"column-2\"><strong><span>yo<\/span><\/strong><\/td>\n<td class=\"column-3\"><strong><span>d<\/span><\/strong><\/td>\n<td class=\"column-4\"><strong><span>kilogramo<\/span><\/strong><\/td>\n<\/tr>\n<tr class=\"row-3 odd\">\n<td class=\"column-1\"><span>Boquilla de rosca completa de acero inoxidable de 1\/8&#8243;<\/span><\/td>\n<td class=\"column-2\"><span>16<\/span><\/td>\n<td class=\"column-3\"><span>6,2<\/span><\/td>\n<td class=\"column-4\"><span>0,004<\/span><\/td>\n<\/tr>\n<tr class=\"row-4 even\">\n<td class=\"column-1\"><span>Boquilla de rosca completa de acero inoxidable de 1\/4&#8243;<\/span><\/td>\n<td class=\"column-2\"><span>18<\/span><\/td>\n<td class=\"column-3\"><span>8,9<\/span><\/td>\n<td class=\"column-4\"><span>0,006<\/span><\/td>\n<\/tr>\n<tr class=\"row-5 odd\">\n<td class=\"column-1\"><span>Boquilla de rosca completa de acero inoxidable de 3\/8&#8243;<\/span><\/td>\n<td class=\"column-2\"><span>22<\/span><\/td>\n<td class=\"column-3\"><span>12,6<\/span><\/td>\n<td class=\"column-4\"><span>0,010<\/span><\/td>\n<\/tr>\n<tr class=\"row-6 even\">\n<td class=\"column-1\"><span>Boquilla de rosca completa de acero inoxidable de 1\/2&#8243;<\/span><\/td>\n<td class=\"column-2\"><span>25<\/span><\/td>\n<td class=\"column-3\"><span>16,1<\/span><\/td>\n<td class=\"column-4\"><span>0,019<\/span><\/td>\n<\/tr>\n<tr class=\"row-7 odd\">\n<td class=\"column-1\"><span>Boquilla de rosca completa de acero inoxidable de 3\/4&#8243;<\/span><\/td>\n<td class=\"column-2\"><span>30<\/span><\/td>\n<td class=\"column-3\"><span>21,7<\/span><\/td>\n<td class=\"column-4\"><span>0,020<\/span><\/td>\n<\/tr>\n<tr class=\"row-8 even\">\n<td class=\"column-1\"><span>Boquilla de rosca completa de acero inoxidable de 1&#8243;<\/span><\/td>\n<td class=\"column-2\"><span>35<\/span><\/td>\n<td class=\"column-3\"><span>27,3<\/span><\/td>\n<td class=\"column-4\"><span>0,043<\/span><\/td>\n<\/tr>\n<tr class=\"row-9 odd\">\n<td class=\"column-1\"><span>Boquilla de rosca completa de acero inoxidable de 1 1\/4&#8243;<\/span><\/td>\n<td class=\"column-2\"><span>38<\/span><\/td>\n<td class=\"column-3\"><span>36,0<\/span><\/td>\n<td class=\"column-4\"><span>0,061<\/span><\/td>\n<\/tr>\n<tr class=\"row-10 even\">\n<td class=\"column-1\"><span>Niple de rosca completa de acero inoxidable de 1 1\/2&#8243;<\/span><\/td>\n<td class=\"column-2\"><span>38<\/span><\/td>\n<td class=\"column-3\"><span>41,9<\/span><\/td>\n<td class=\"column-4\"><span>0,096<\/span><\/td>\n<\/tr>\n<tr class=\"row-11 odd\">\n<td class=\"column-1\"><span>Boquilla de rosca completa de acero inoxidable de 2&#8243;<\/span><\/td>\n<td class=\"column-2\"><span>45<\/span><\/td>\n<td class=\"column-3\"><span>53,1<\/span><\/td>\n<td class=\"column-4\"><span>0,165<\/span><\/td>\n<\/tr>\n<tr class=\"row-12 even\">\n<td class=\"column-1\"><span>Boquilla de rosca completa de acero inoxidable de 2 1\/2&#8243;<\/span><\/td>\n<td class=\"column-2\"><span>55<\/span><\/td>\n<td class=\"column-3\"><span>68,9<\/span><\/td>\n<td class=\"column-4\"><span>0,180<\/span><\/td>\n<\/tr>\n<tr class=\"row-13 odd\">\n<td class=\"column-1\"><span>Boquilla de rosca completa de acero inoxidable de 3&#8243;<\/span><\/td>\n<td class=\"column-2\"><span>60<\/span><\/td>\n<td class=\"column-3\"><span>80,9<\/span><\/td>\n<td class=\"column-4\"><span>0,320<\/span><\/td>\n<\/tr>\n<tr class=\"row-14 even\">\n<td class=\"column-1\"><span>Boquilla de rosca completa de acero inoxidable de 4&#8243;<\/span><\/td>\n<td class=\"column-2\"><span>70<\/span><\/td>\n<td class=\"column-3\"><\/td>\n<td class=\"column-4\"><span>0,370<\/span><\/td>\n<\/tr>\n<\/tbody>\n<\/table>\n<p><span>Los racores macho son un tipo espec\u00edfico de conexi\u00f3n para conductos el\u00e9ctricos que se utilizan para conectar dos conductos o conexiones con rosca hembra. Estos racores se utilizan habitualmente en instalaciones el\u00e9ctricas para proporcionar una uni\u00f3n segura y fiable entre dos secciones de conductos de acero galvanizado.<\/span><\/p>\n<p><span>A continuaci\u00f3n se presentan algunos puntos importantes sobre las boquillas macho en los accesorios de conductos el\u00e9ctricos:<\/span><\/p>\n<ol>\n<li><span>Material: Las boquillas macho para conexiones de conductos el\u00e9ctricos suelen estar hechas de acero galvanizado. El galvanizado implica recubrir el acero con una capa de zinc para mejorar la resistencia a la corrosi\u00f3n y la durabilidad.<\/span><\/li>\n<li><span>Conexi\u00f3n roscada: Las boquillas macho tienen roscas externas en ambos extremos, lo que permite enroscarlas en aberturas con rosca hembra de conductos u otros accesorios. Las roscas suelen cumplir con la norma NPT (National Pipe Thread).<\/span><\/li>\n<li><span>Tama\u00f1o: Los niples macho vienen en varios tama\u00f1os para adaptarse a las diferentes dimensiones de los conductos y accesorios de acero galvanizado utilizados en instalaciones el\u00e9ctricas.<\/span><\/li>\n<li><span>Uso: Los niples macho se utilizan principalmente para extender o conectar dos secciones de conducto, creando un tramo de conducto continuo. Tambi\u00e9n se pueden utilizar para conectar conductos a cajas de conexiones o gabinetes el\u00e9ctricos.<\/span><\/li>\n<li><span>Sellado: Al instalar niples macho en sistemas de conductos, es com\u00fan aplicar sellador o compuesto de roscas para asegurar una conexi\u00f3n herm\u00e9tica y segura, protegiendo el cableado el\u00e9ctrico de la humedad y los elementos ambientales.<\/span><\/li>\n<\/ol>\n<p><span>Los conductos y accesorios de acero galvanizado son opciones populares en instalaciones el\u00e9ctricas, especialmente en entornos exteriores o industriales donde es necesaria protecci\u00f3n adicional contra la corrosi\u00f3n.<\/span><\/p>\n","protected":false},"featured_media":12828,"template":"","meta":[],"product_brand":[],"product_cat":[387],"product_tag":[],"class_list":{"0":"post-12834","1":"product","2":"type-product","3":"status-publish","4":"has-post-thumbnail","6":"product_cat-accesorios-de-conductos-de-acero-galvanizado-gi","8":"first","9":"instock","10":"shipping-taxable","11":"product-type-simple"},"yoast_head":"<!-- This site is optimized with the Yoast SEO plugin v27.3 - https:\/\/yoast.com\/product\/yoast-seo-wordpress\/ -->\n<title>Nipples Macho<\/title>\n<meta name=\"description\" content=\"Conex Metals proporciona Nipples Macho de alta calidad, incluidos Accesorios de Lat\u00f3n y Racores de Compresi\u00f3n. Nuestros Nipples Macho Mecanizados con Precisi\u00f3n y Conectores de Tubo Roscados ofrecen un rendimiento confiable para aplicaciones de alta presi\u00f3n. L\u00edder fabricante, exportador y proveedor de la India.\" \/>\n<meta name=\"robots\" content=\"index, follow, max-snippet:-1, max-image-preview:large, max-video-preview:-1\" \/>\n<link rel=\"canonical\" href=\"https:\/\/conexmetals.com\/es\/producto\/nipples-macho\/\" \/>\n<script type=\"application\/ld+json\" class=\"yoast-schema-graph\">{\"@context\":\"https:\\\/\\\/schema.org\",\"@graph\":[{\"@type\":\"WebPage\",\"@id\":\"https:\\\/\\\/conexmetals.com\\\/es\\\/producto\\\/nipples-macho\\\/\",\"url\":\"https:\\\/\\\/conexmetals.com\\\/es\\\/producto\\\/nipples-macho\\\/\",\"name\":\"Nipples Macho\",\"isPartOf\":{\"@id\":\"https:\\\/\\\/conexmetals.com\\\/es\\\/#website\"},\"primaryImageOfPage\":{\"@id\":\"https:\\\/\\\/conexmetals.com\\\/es\\\/producto\\\/nipples-macho\\\/#primaryimage\"},\"image\":{\"@id\":\"https:\\\/\\\/conexmetals.com\\\/es\\\/producto\\\/nipples-macho\\\/#primaryimage\"},\"thumbnailUrl\":\"https:\\\/\\\/conexmetals.com\\\/wp-content\\\/uploads\\\/2023\\\/08\\\/Male-Nipples-1.webp\",\"datePublished\":\"2023-08-18T06:15:31+00:00\",\"dateModified\":\"2025-01-07T09:25:15+00:00\",\"description\":\"Conex Metals proporciona Nipples Macho de alta calidad, incluidos Accesorios de Lat\u00f3n y Racores de Compresi\u00f3n. Nuestros Nipples Macho Mecanizados con Precisi\u00f3n y Conectores de Tubo Roscados ofrecen un rendimiento confiable para aplicaciones de alta presi\u00f3n. L\u00edder fabricante, exportador y proveedor de la India.\",\"breadcrumb\":{\"@id\":\"https:\\\/\\\/conexmetals.com\\\/es\\\/producto\\\/nipples-macho\\\/#breadcrumb\"},\"inLanguage\":\"es\",\"potentialAction\":[{\"@type\":\"ReadAction\",\"target\":[\"https:\\\/\\\/conexmetals.com\\\/es\\\/producto\\\/nipples-macho\\\/\"]}]},{\"@type\":\"ImageObject\",\"inLanguage\":\"es\",\"@id\":\"https:\\\/\\\/conexmetals.com\\\/es\\\/producto\\\/nipples-macho\\\/#primaryimage\",\"url\":\"https:\\\/\\\/conexmetals.com\\\/wp-content\\\/uploads\\\/2023\\\/08\\\/Male-Nipples-1.webp\",\"contentUrl\":\"https:\\\/\\\/conexmetals.com\\\/wp-content\\\/uploads\\\/2023\\\/08\\\/Male-Nipples-1.webp\",\"width\":300,\"height\":300,\"caption\":\"Male-Nipples\"},{\"@type\":\"BreadcrumbList\",\"@id\":\"https:\\\/\\\/conexmetals.com\\\/es\\\/producto\\\/nipples-macho\\\/#breadcrumb\",\"itemListElement\":[{\"@type\":\"ListItem\",\"position\":1,\"name\":\"Home\",\"item\":\"https:\\\/\\\/conexmetals.com\\\/es\\\/hogar\\\/\"},{\"@type\":\"ListItem\",\"position\":2,\"name\":\"Products\",\"item\":\"https:\\\/\\\/conexmetals.com\\\/products\\\/\"},{\"@type\":\"ListItem\",\"position\":3,\"name\":\"Nipples Macho\"}]},{\"@type\":\"WebSite\",\"@id\":\"https:\\\/\\\/conexmetals.com\\\/es\\\/#website\",\"url\":\"https:\\\/\\\/conexmetals.com\\\/es\\\/\",\"name\":\"Conex Metals Brass Fittings Brass Parts Copper Parts Brass Components Brass Plumbing Fittings India\",\"description\":\"Manufacturer of Bronze Fittings casting Copper Brass parts components\",\"publisher\":{\"@id\":\"https:\\\/\\\/conexmetals.com\\\/es\\\/#organization\"},\"potentialAction\":[{\"@type\":\"SearchAction\",\"target\":{\"@type\":\"EntryPoint\",\"urlTemplate\":\"https:\\\/\\\/conexmetals.com\\\/es\\\/?s={search_term_string}\"},\"query-input\":{\"@type\":\"PropertyValueSpecification\",\"valueRequired\":true,\"valueName\":\"search_term_string\"}}],\"inLanguage\":\"es\"},{\"@type\":\"Organization\",\"@id\":\"https:\\\/\\\/conexmetals.com\\\/es\\\/#organization\",\"name\":\"Conex Metals Brass Fittings Brass Parts Copper Parts Brass Components Brass Plumbing Fittings India\",\"url\":\"https:\\\/\\\/conexmetals.com\\\/es\\\/\",\"logo\":{\"@type\":\"ImageObject\",\"inLanguage\":\"es\",\"@id\":\"https:\\\/\\\/conexmetals.com\\\/es\\\/#\\\/schema\\\/logo\\\/image\\\/\",\"url\":\"https:\\\/\\\/conexmetals.com\\\/wp-content\\\/uploads\\\/2024\\\/03\\\/conex-metals-logo.webp\",\"contentUrl\":\"https:\\\/\\\/conexmetals.com\\\/wp-content\\\/uploads\\\/2024\\\/03\\\/conex-metals-logo.webp\",\"width\":300,\"height\":121,\"caption\":\"Conex Metals Brass Fittings Brass Parts Copper Parts Brass Components Brass Plumbing Fittings India\"},\"image\":{\"@id\":\"https:\\\/\\\/conexmetals.com\\\/es\\\/#\\\/schema\\\/logo\\\/image\\\/\"},\"sameAs\":[\"https:\\\/\\\/www.facebook.com\\\/conexbrass\",\"https:\\\/\\\/x.com\\\/conexindia\",\"https:\\\/\\\/www.linkedin.com\\\/company\\\/conex-metals-india\\\/\",\"https:\\\/\\\/www.instagram.com\\\/conexindia\\\/\"]}]}<\/script>\n<!-- \/ Yoast SEO plugin. -->","yoast_head_json":{"title":"Nipples Macho","description":"Conex Metals proporciona Nipples Macho de alta calidad, incluidos Accesorios de Lat\u00f3n y Racores de Compresi\u00f3n. Nuestros Nipples Macho Mecanizados con Precisi\u00f3n y Conectores de Tubo Roscados ofrecen un rendimiento confiable para aplicaciones de alta presi\u00f3n. L\u00edder fabricante, exportador y proveedor de la India.","robots":{"index":"index","follow":"follow","max-snippet":"max-snippet:-1","max-image-preview":"max-image-preview:large","max-video-preview":"max-video-preview:-1"},"canonical":"https:\/\/conexmetals.com\/es\/producto\/nipples-macho\/","schema":{"@context":"https:\/\/schema.org","@graph":[{"@type":"WebPage","@id":"https:\/\/conexmetals.com\/es\/producto\/nipples-macho\/","url":"https:\/\/conexmetals.com\/es\/producto\/nipples-macho\/","name":"Nipples Macho","isPartOf":{"@id":"https:\/\/conexmetals.com\/es\/#website"},"primaryImageOfPage":{"@id":"https:\/\/conexmetals.com\/es\/producto\/nipples-macho\/#primaryimage"},"image":{"@id":"https:\/\/conexmetals.com\/es\/producto\/nipples-macho\/#primaryimage"},"thumbnailUrl":"https:\/\/conexmetals.com\/wp-content\/uploads\/2023\/08\/Male-Nipples-1.webp","datePublished":"2023-08-18T06:15:31+00:00","dateModified":"2025-01-07T09:25:15+00:00","description":"Conex Metals proporciona Nipples Macho de alta calidad, incluidos Accesorios de Lat\u00f3n y Racores de Compresi\u00f3n. Nuestros Nipples Macho Mecanizados con Precisi\u00f3n y Conectores de Tubo Roscados ofrecen un rendimiento confiable para aplicaciones de alta presi\u00f3n. L\u00edder fabricante, exportador y proveedor de la India.","breadcrumb":{"@id":"https:\/\/conexmetals.com\/es\/producto\/nipples-macho\/#breadcrumb"},"inLanguage":"es","potentialAction":[{"@type":"ReadAction","target":["https:\/\/conexmetals.com\/es\/producto\/nipples-macho\/"]}]},{"@type":"ImageObject","inLanguage":"es","@id":"https:\/\/conexmetals.com\/es\/producto\/nipples-macho\/#primaryimage","url":"https:\/\/conexmetals.com\/wp-content\/uploads\/2023\/08\/Male-Nipples-1.webp","contentUrl":"https:\/\/conexmetals.com\/wp-content\/uploads\/2023\/08\/Male-Nipples-1.webp","width":300,"height":300,"caption":"Male-Nipples"},{"@type":"BreadcrumbList","@id":"https:\/\/conexmetals.com\/es\/producto\/nipples-macho\/#breadcrumb","itemListElement":[{"@type":"ListItem","position":1,"name":"Home","item":"https:\/\/conexmetals.com\/es\/hogar\/"},{"@type":"ListItem","position":2,"name":"Products","item":"https:\/\/conexmetals.com\/products\/"},{"@type":"ListItem","position":3,"name":"Nipples Macho"}]},{"@type":"WebSite","@id":"https:\/\/conexmetals.com\/es\/#website","url":"https:\/\/conexmetals.com\/es\/","name":"Conex Metals Brass Fittings Brass Parts Copper Parts Brass Components Brass Plumbing Fittings India","description":"Manufacturer of Bronze Fittings casting Copper Brass parts components","publisher":{"@id":"https:\/\/conexmetals.com\/es\/#organization"},"potentialAction":[{"@type":"SearchAction","target":{"@type":"EntryPoint","urlTemplate":"https:\/\/conexmetals.com\/es\/?s={search_term_string}"},"query-input":{"@type":"PropertyValueSpecification","valueRequired":true,"valueName":"search_term_string"}}],"inLanguage":"es"},{"@type":"Organization","@id":"https:\/\/conexmetals.com\/es\/#organization","name":"Conex Metals Brass Fittings Brass Parts Copper Parts Brass Components Brass Plumbing Fittings India","url":"https:\/\/conexmetals.com\/es\/","logo":{"@type":"ImageObject","inLanguage":"es","@id":"https:\/\/conexmetals.com\/es\/#\/schema\/logo\/image\/","url":"https:\/\/conexmetals.com\/wp-content\/uploads\/2024\/03\/conex-metals-logo.webp","contentUrl":"https:\/\/conexmetals.com\/wp-content\/uploads\/2024\/03\/conex-metals-logo.webp","width":300,"height":121,"caption":"Conex Metals Brass Fittings Brass Parts Copper Parts Brass Components Brass Plumbing Fittings India"},"image":{"@id":"https:\/\/conexmetals.com\/es\/#\/schema\/logo\/image\/"},"sameAs":["https:\/\/www.facebook.com\/conexbrass","https:\/\/x.com\/conexindia","https:\/\/www.linkedin.com\/company\/conex-metals-india\/","https:\/\/www.instagram.com\/conexindia\/"]}]}},"_links":{"self":[{"href":"https:\/\/conexmetals.com\/es\/wp-json\/wp\/v2\/product\/12834","targetHints":{"allow":["GET"]}}],"collection":[{"href":"https:\/\/conexmetals.com\/es\/wp-json\/wp\/v2\/product"}],"about":[{"href":"https:\/\/conexmetals.com\/es\/wp-json\/wp\/v2\/types\/product"}],"wp:featuredmedia":[{"embeddable":true,"href":"https:\/\/conexmetals.com\/es\/wp-json\/wp\/v2\/media\/12828"}],"wp:attachment":[{"href":"https:\/\/conexmetals.com\/es\/wp-json\/wp\/v2\/media?parent=12834"}],"wp:term":[{"taxonomy":"product_brand","embeddable":true,"href":"https:\/\/conexmetals.com\/es\/wp-json\/wp\/v2\/product_brand?post=12834"},{"taxonomy":"product_cat","embeddable":true,"href":"https:\/\/conexmetals.com\/es\/wp-json\/wp\/v2\/product_cat?post=12834"},{"taxonomy":"product_tag","embeddable":true,"href":"https:\/\/conexmetals.com\/es\/wp-json\/wp\/v2\/product_tag?post=12834"}],"curies":[{"name":"wp","href":"https:\/\/api.w.org\/{rel}","templated":true}]}}