{"id":12844,"date":"2023-08-18T11:42:10","date_gmt":"2023-08-18T06:12:10","guid":{"rendered":"https:\/\/conexmetals.com\/?post_type=product&#038;p=12844"},"modified":"2025-01-07T15:06:15","modified_gmt":"2025-01-07T09:36:15","slug":"anillos-de-bloqueo-de-borde-fresado","status":"publish","type":"product","link":"https:\/\/conexmetals.com\/es\/producto\/anillos-de-bloqueo-de-borde-fresado\/","title":{"rendered":"Anillos de Bloqueo de Borde Fresado"},"content":{"rendered":"","protected":false},"excerpt":{"rendered":"<div class=\"elementor-element elementor-element-672075d elementor-widget__width-initial e-transform elementor-widget-mobile__width-initial elementor-widget elementor-widget-woocommerce-product-images\" data-id=\"672075d\" data-element_type=\"widget\" data-settings=\"{&quot;_transform_scale_effect&quot;:{&quot;unit&quot;:&quot;px&quot;,&quot;size&quot;:1,&quot;sizes&quot;:[]},&quot;_transform_scale_effect_tablet&quot;:{&quot;unit&quot;:&quot;px&quot;,&quot;size&quot;:&quot;&quot;,&quot;sizes&quot;:[]},&quot;_transform_scale_effect_mobile&quot;:{&quot;unit&quot;:&quot;px&quot;,&quot;size&quot;:&quot;&quot;,&quot;sizes&quot;:[]}}\" data-widget_type=\"woocommerce-product-images.default\">\n<div class=\"elementor-widget-container\">\n<div class=\"woocommerce-product-gallery woocommerce-product-gallery--with-images woocommerce-product-gallery--columns-4 images\" data-columns=\"4\">\n<div class=\"woocommerce-product-gallery__wrapper\">\n<div class=\"woocommerce-product-gallery__image\" data-thumb=\"https:\/\/conexmetals.com\/wp-content\/uploads\/2023\/08\/Milled-Edge-Lock-Rings-100x100.webp\" data-thumb-alt=\"Milled-Edge-Lock-Rings\" data-thumb-srcset=\"https:\/\/conexmetals.com\/wp-content\/uploads\/2023\/08\/Milled-Edge-Lock-Rings-100x100.webp 100w, https:\/\/conexmetals.com\/wp-content\/uploads\/2023\/08\/Milled-Edge-Lock-Rings-150x150.webp 150w, https:\/\/conexmetals.com\/wp-content\/uploads\/2023\/08\/Milled-Edge-Lock-Rings.webp 300w\"><\/div>\n<\/div>\n<\/div>\n<\/div>\n<\/div>\n<div class=\"elementor-element elementor-element-36d2ab8 elementor-widget elementor-widget-woocommerce-product-short-description\" data-id=\"36d2ab8\" data-element_type=\"widget\" data-widget_type=\"woocommerce-product-short-description.default\">\n<div class=\"elementor-widget-container\">\n<div class=\"woocommerce-product-details__short-description\">\n<table id=\"tablepress-404\" class=\"tablepress tablepress-id-404\">\n<caption>\u00a0<\/caption>\n<thead>\n<tr class=\"row-1 odd\">\n<th class=\"column-1\" colspan=\"2\"><strong><span>Ficha t\u00e9cnica<\/span><\/strong><\/th>\n<\/tr>\n<\/thead>\n<tbody class=\"row-hover\">\n<tr class=\"row-2 even\">\n<td class=\"column-1\"><strong><span>Material<\/span><\/strong><\/td>\n<td class=\"column-2\"><span>Acero dulce<\/span><\/td>\n<\/tr>\n<tr class=\"row-3 odd\">\n<td class=\"column-1\"><strong><span>Finalizar<\/span><\/strong><\/td>\n<td class=\"column-2\"><span>Electro galvanizado<\/span><\/td>\n<\/tr>\n<tr class=\"row-4 even\">\n<td class=\"column-1\"><strong><span>Est\u00e1ndar<\/span><\/strong><\/td>\n<td class=\"column-2\"><span>BS EN 50086 y BS EN 61386<\/span><\/td>\n<\/tr>\n<tr class=\"row-5 odd\">\n<td class=\"column-1\"><strong><span>Hilo<\/span><\/strong><\/td>\n<td class=\"column-2\"><span>M\u00e9trica femenina<\/span><\/td>\n<\/tr>\n<tr class=\"row-6 even\">\n<td class=\"column-1\"><strong><span>Tama\u00f1o<\/span><\/strong><\/td>\n<td class=\"column-2\"><span>De 20 mm a 50 mm y de 3\/4\u2033 a 2\u2033<\/span><\/td>\n<\/tr>\n<tr class=\"row-7 odd\">\n<td class=\"column-1\"><strong><span>Uso<\/span><\/strong><\/td>\n<td class=\"column-2\"><span>Adecuado para el sistema de gesti\u00f3n de cables de conducto GI BS4568\/BS31<\/span><\/td>\n<\/tr>\n<\/tbody>\n<\/table>\n<p><span>Los anillos de bloqueo con bordes fresados \u200b\u200bson componentes dise\u00f1ados con precisi\u00f3n para sistemas de gesti\u00f3n de cables. Estos anillos cuentan con un borde fresado para un mejor agarre y est\u00e1n fabricados con acero dulce de alta calidad, lo que garantiza durabilidad y un rendimiento duradero. El acabado electrogalvanizado proporciona una excelente resistencia a la corrosi\u00f3n, lo que los hace ideales para entornos industriales y de construcci\u00f3n.<\/span><\/p>\n<p><strong><span>Caracter\u00edsticas principales:<\/span><\/strong><\/p>\n<ul>\n<li><span>Fabricado en acero dulce duradero.<\/span><\/li>\n<li><span>Acabado electrogalvanizado para una resistencia superior a la corrosi\u00f3n.<\/span><\/li>\n<li><span>Dise\u00f1o de rosca m\u00e9trica hembra para una compatibilidad perfecta.<\/span><\/li>\n<li><span>Disponible en tama\u00f1os que van desde 20 mm a 50 mm y desde 3\/4\u2033 a 2\u2033.<\/span><\/li>\n<li><span>Adecuado para sistemas de gesti\u00f3n de cables con conductos GI BS4568\/BS31.<\/span><\/li>\n<li><span>Cumple con los est\u00e1ndares de la industria:\u00a0<\/span><strong><span>BS EN 50086<\/span><\/strong><span>\u00a0y\u00a0<\/span><strong><span>BS EN 61386<\/span><\/strong><span>\u00a0.<\/span><\/li>\n<\/ul>\n<p><strong><span>Aplicaciones:<\/span><\/strong><\/p>\n<ul>\n<li><span>Accesorios para conductos el\u00e9ctricos.<\/span><\/li>\n<li><span>Gesti\u00f3n de cables en instalaciones industriales y comerciales.<\/span><\/li>\n<li><span>Fijaci\u00f3n segura de conductos en proyectos de construcci\u00f3n.<\/span><\/li>\n<\/ul>\n<p><strong><span>Ficha t\u00e9cnica:<\/span><\/strong><\/p>\n<ul>\n<li><strong><span>Material:<\/span><\/strong><span>\u00a0acero dulce<\/span><\/li>\n<li><strong><span>Acabado:<\/span><\/strong><span>\u00a0Electrogalvanizado<\/span><\/li>\n<li><strong><span>Cumplimiento de normas:<\/span><\/strong><span>\u00a0BS EN 50086 y BS EN 61386<\/span><\/li>\n<li><strong><span>Hilo:<\/span><\/strong><span>\u00a0M\u00e9trica femenina<\/span><\/li>\n<li><strong><span>Tama\u00f1o:<\/span><\/strong><span>\u00a020 mm a 50 mm y 3\/4\u2033 a 2\u2033<\/span><\/li>\n<li><strong><span>Uso:<\/span><\/strong><span>\u00a0Adecuado para sistemas de gesti\u00f3n de cables con conductos GI BS4568\/BS31<\/span><\/li>\n<\/ul>\n<p><strong><span>\u00bfPor qu\u00e9 elegirnos?<\/span><\/strong><br \/>\n<span>Nuestros anillos de bloqueo con bordes fresados \u200b\u200bse fabrican con precisi\u00f3n y cuidado para cumplir con los m\u00e1s altos est\u00e1ndares de calidad. Est\u00e1n dise\u00f1ados para brindar compatibilidad, durabilidad y un rendimiento superior en sistemas de gesti\u00f3n de cables, lo que garantiza una soluci\u00f3n confiable para las necesidades de su proyecto.<\/span><\/p>\n<\/div>\n<\/div>\n<\/div>\n","protected":false},"featured_media":12839,"template":"","meta":[],"product_brand":[],"product_cat":[387],"product_tag":[],"class_list":{"0":"post-12844","1":"product","2":"type-product","3":"status-publish","4":"has-post-thumbnail","6":"product_cat-accesorios-de-conductos-de-acero-galvanizado-gi","8":"first","9":"instock","10":"shipping-taxable","11":"product-type-simple"},"yoast_head":"<!-- This site is optimized with the Yoast SEO plugin v27.3 - https:\/\/yoast.com\/product\/yoast-seo-wordpress\/ -->\n<title>Anillos de Bloqueo de Borde Fresado<\/title>\n<meta name=\"description\" content=\"Explore los Anillos de Bloqueo de Borde Fresado de Conex Metals, incluidos los Anillos de Bloqueo para Conduit de Cable y los Anillos de Bloqueo de Conduit Galvanizado. Nuestros Anillos de Bloqueo de Acero y Anillos de Bloqueo Galvanizados garantizan una protecci\u00f3n segura del cableado y la instalaci\u00f3n del conduit. Fabricante, exportador y proveedor confiable de la India.\" \/>\n<meta name=\"robots\" content=\"index, follow, max-snippet:-1, max-image-preview:large, max-video-preview:-1\" \/>\n<link rel=\"canonical\" href=\"https:\/\/conexmetals.com\/es\/producto\/anillos-de-bloqueo-de-borde-fresado\/\" \/>\n<script type=\"application\/ld+json\" class=\"yoast-schema-graph\">{\"@context\":\"https:\\\/\\\/schema.org\",\"@graph\":[{\"@type\":\"WebPage\",\"@id\":\"https:\\\/\\\/conexmetals.com\\\/es\\\/producto\\\/anillos-de-bloqueo-de-borde-fresado\\\/\",\"url\":\"https:\\\/\\\/conexmetals.com\\\/es\\\/producto\\\/anillos-de-bloqueo-de-borde-fresado\\\/\",\"name\":\"Anillos de Bloqueo de Borde Fresado\",\"isPartOf\":{\"@id\":\"https:\\\/\\\/conexmetals.com\\\/es\\\/#website\"},\"primaryImageOfPage\":{\"@id\":\"https:\\\/\\\/conexmetals.com\\\/es\\\/producto\\\/anillos-de-bloqueo-de-borde-fresado\\\/#primaryimage\"},\"image\":{\"@id\":\"https:\\\/\\\/conexmetals.com\\\/es\\\/producto\\\/anillos-de-bloqueo-de-borde-fresado\\\/#primaryimage\"},\"thumbnailUrl\":\"https:\\\/\\\/conexmetals.com\\\/wp-content\\\/uploads\\\/2025\\\/01\\\/Anillos-de-Bloqueo-de-Borde-Fresado.webp\",\"datePublished\":\"2023-08-18T06:12:10+00:00\",\"dateModified\":\"2025-01-07T09:36:15+00:00\",\"description\":\"Explore los Anillos de Bloqueo de Borde Fresado de Conex Metals, incluidos los Anillos de Bloqueo para Conduit de Cable y los Anillos de Bloqueo de Conduit Galvanizado. Nuestros Anillos de Bloqueo de Acero y Anillos de Bloqueo Galvanizados garantizan una protecci\u00f3n segura del cableado y la instalaci\u00f3n del conduit. Fabricante, exportador y proveedor confiable de la India.\",\"breadcrumb\":{\"@id\":\"https:\\\/\\\/conexmetals.com\\\/es\\\/producto\\\/anillos-de-bloqueo-de-borde-fresado\\\/#breadcrumb\"},\"inLanguage\":\"es\",\"potentialAction\":[{\"@type\":\"ReadAction\",\"target\":[\"https:\\\/\\\/conexmetals.com\\\/es\\\/producto\\\/anillos-de-bloqueo-de-borde-fresado\\\/\"]}]},{\"@type\":\"ImageObject\",\"inLanguage\":\"es\",\"@id\":\"https:\\\/\\\/conexmetals.com\\\/es\\\/producto\\\/anillos-de-bloqueo-de-borde-fresado\\\/#primaryimage\",\"url\":\"https:\\\/\\\/conexmetals.com\\\/wp-content\\\/uploads\\\/2025\\\/01\\\/Anillos-de-Bloqueo-de-Borde-Fresado.webp\",\"contentUrl\":\"https:\\\/\\\/conexmetals.com\\\/wp-content\\\/uploads\\\/2025\\\/01\\\/Anillos-de-Bloqueo-de-Borde-Fresado.webp\",\"width\":300,\"height\":300,\"caption\":\"Anillos de Bloqueo de Borde Fresado\"},{\"@type\":\"BreadcrumbList\",\"@id\":\"https:\\\/\\\/conexmetals.com\\\/es\\\/producto\\\/anillos-de-bloqueo-de-borde-fresado\\\/#breadcrumb\",\"itemListElement\":[{\"@type\":\"ListItem\",\"position\":1,\"name\":\"Home\",\"item\":\"https:\\\/\\\/conexmetals.com\\\/es\\\/hogar\\\/\"},{\"@type\":\"ListItem\",\"position\":2,\"name\":\"Products\",\"item\":\"https:\\\/\\\/conexmetals.com\\\/products\\\/\"},{\"@type\":\"ListItem\",\"position\":3,\"name\":\"Anillos de Bloqueo de Borde Fresado\"}]},{\"@type\":\"WebSite\",\"@id\":\"https:\\\/\\\/conexmetals.com\\\/es\\\/#website\",\"url\":\"https:\\\/\\\/conexmetals.com\\\/es\\\/\",\"name\":\"Conex Metals Brass Fittings Brass Parts Copper Parts Brass Components Brass Plumbing Fittings India\",\"description\":\"Manufacturer of Bronze Fittings casting Copper Brass parts components\",\"publisher\":{\"@id\":\"https:\\\/\\\/conexmetals.com\\\/es\\\/#organization\"},\"potentialAction\":[{\"@type\":\"SearchAction\",\"target\":{\"@type\":\"EntryPoint\",\"urlTemplate\":\"https:\\\/\\\/conexmetals.com\\\/es\\\/?s={search_term_string}\"},\"query-input\":{\"@type\":\"PropertyValueSpecification\",\"valueRequired\":true,\"valueName\":\"search_term_string\"}}],\"inLanguage\":\"es\"},{\"@type\":\"Organization\",\"@id\":\"https:\\\/\\\/conexmetals.com\\\/es\\\/#organization\",\"name\":\"Conex Metals Brass Fittings Brass Parts Copper Parts Brass Components Brass Plumbing Fittings India\",\"url\":\"https:\\\/\\\/conexmetals.com\\\/es\\\/\",\"logo\":{\"@type\":\"ImageObject\",\"inLanguage\":\"es\",\"@id\":\"https:\\\/\\\/conexmetals.com\\\/es\\\/#\\\/schema\\\/logo\\\/image\\\/\",\"url\":\"https:\\\/\\\/conexmetals.com\\\/wp-content\\\/uploads\\\/2024\\\/03\\\/conex-metals-logo.webp\",\"contentUrl\":\"https:\\\/\\\/conexmetals.com\\\/wp-content\\\/uploads\\\/2024\\\/03\\\/conex-metals-logo.webp\",\"width\":300,\"height\":121,\"caption\":\"Conex Metals Brass Fittings Brass Parts Copper Parts Brass Components Brass Plumbing Fittings India\"},\"image\":{\"@id\":\"https:\\\/\\\/conexmetals.com\\\/es\\\/#\\\/schema\\\/logo\\\/image\\\/\"},\"sameAs\":[\"https:\\\/\\\/www.facebook.com\\\/conexbrass\",\"https:\\\/\\\/x.com\\\/conexindia\",\"https:\\\/\\\/www.linkedin.com\\\/company\\\/conex-metals-india\\\/\",\"https:\\\/\\\/www.instagram.com\\\/conexindia\\\/\"]}]}<\/script>\n<!-- \/ Yoast SEO plugin. -->","yoast_head_json":{"title":"Anillos de Bloqueo de Borde Fresado","description":"Explore los Anillos de Bloqueo de Borde Fresado de Conex Metals, incluidos los Anillos de Bloqueo para Conduit de Cable y los Anillos de Bloqueo de Conduit Galvanizado. Nuestros Anillos de Bloqueo de Acero y Anillos de Bloqueo Galvanizados garantizan una protecci\u00f3n segura del cableado y la instalaci\u00f3n del conduit. Fabricante, exportador y proveedor confiable de la India.","robots":{"index":"index","follow":"follow","max-snippet":"max-snippet:-1","max-image-preview":"max-image-preview:large","max-video-preview":"max-video-preview:-1"},"canonical":"https:\/\/conexmetals.com\/es\/producto\/anillos-de-bloqueo-de-borde-fresado\/","schema":{"@context":"https:\/\/schema.org","@graph":[{"@type":"WebPage","@id":"https:\/\/conexmetals.com\/es\/producto\/anillos-de-bloqueo-de-borde-fresado\/","url":"https:\/\/conexmetals.com\/es\/producto\/anillos-de-bloqueo-de-borde-fresado\/","name":"Anillos de Bloqueo de Borde Fresado","isPartOf":{"@id":"https:\/\/conexmetals.com\/es\/#website"},"primaryImageOfPage":{"@id":"https:\/\/conexmetals.com\/es\/producto\/anillos-de-bloqueo-de-borde-fresado\/#primaryimage"},"image":{"@id":"https:\/\/conexmetals.com\/es\/producto\/anillos-de-bloqueo-de-borde-fresado\/#primaryimage"},"thumbnailUrl":"https:\/\/conexmetals.com\/wp-content\/uploads\/2025\/01\/Anillos-de-Bloqueo-de-Borde-Fresado.webp","datePublished":"2023-08-18T06:12:10+00:00","dateModified":"2025-01-07T09:36:15+00:00","description":"Explore los Anillos de Bloqueo de Borde Fresado de Conex Metals, incluidos los Anillos de Bloqueo para Conduit de Cable y los Anillos de Bloqueo de Conduit Galvanizado. Nuestros Anillos de Bloqueo de Acero y Anillos de Bloqueo Galvanizados garantizan una protecci\u00f3n segura del cableado y la instalaci\u00f3n del conduit. Fabricante, exportador y proveedor confiable de la India.","breadcrumb":{"@id":"https:\/\/conexmetals.com\/es\/producto\/anillos-de-bloqueo-de-borde-fresado\/#breadcrumb"},"inLanguage":"es","potentialAction":[{"@type":"ReadAction","target":["https:\/\/conexmetals.com\/es\/producto\/anillos-de-bloqueo-de-borde-fresado\/"]}]},{"@type":"ImageObject","inLanguage":"es","@id":"https:\/\/conexmetals.com\/es\/producto\/anillos-de-bloqueo-de-borde-fresado\/#primaryimage","url":"https:\/\/conexmetals.com\/wp-content\/uploads\/2025\/01\/Anillos-de-Bloqueo-de-Borde-Fresado.webp","contentUrl":"https:\/\/conexmetals.com\/wp-content\/uploads\/2025\/01\/Anillos-de-Bloqueo-de-Borde-Fresado.webp","width":300,"height":300,"caption":"Anillos de Bloqueo de Borde Fresado"},{"@type":"BreadcrumbList","@id":"https:\/\/conexmetals.com\/es\/producto\/anillos-de-bloqueo-de-borde-fresado\/#breadcrumb","itemListElement":[{"@type":"ListItem","position":1,"name":"Home","item":"https:\/\/conexmetals.com\/es\/hogar\/"},{"@type":"ListItem","position":2,"name":"Products","item":"https:\/\/conexmetals.com\/products\/"},{"@type":"ListItem","position":3,"name":"Anillos de Bloqueo de Borde Fresado"}]},{"@type":"WebSite","@id":"https:\/\/conexmetals.com\/es\/#website","url":"https:\/\/conexmetals.com\/es\/","name":"Conex Metals Brass Fittings Brass Parts Copper Parts Brass Components Brass Plumbing Fittings India","description":"Manufacturer of Bronze Fittings casting Copper Brass parts components","publisher":{"@id":"https:\/\/conexmetals.com\/es\/#organization"},"potentialAction":[{"@type":"SearchAction","target":{"@type":"EntryPoint","urlTemplate":"https:\/\/conexmetals.com\/es\/?s={search_term_string}"},"query-input":{"@type":"PropertyValueSpecification","valueRequired":true,"valueName":"search_term_string"}}],"inLanguage":"es"},{"@type":"Organization","@id":"https:\/\/conexmetals.com\/es\/#organization","name":"Conex Metals Brass Fittings Brass Parts Copper Parts Brass Components Brass Plumbing Fittings India","url":"https:\/\/conexmetals.com\/es\/","logo":{"@type":"ImageObject","inLanguage":"es","@id":"https:\/\/conexmetals.com\/es\/#\/schema\/logo\/image\/","url":"https:\/\/conexmetals.com\/wp-content\/uploads\/2024\/03\/conex-metals-logo.webp","contentUrl":"https:\/\/conexmetals.com\/wp-content\/uploads\/2024\/03\/conex-metals-logo.webp","width":300,"height":121,"caption":"Conex Metals Brass Fittings Brass Parts Copper Parts Brass Components Brass Plumbing Fittings India"},"image":{"@id":"https:\/\/conexmetals.com\/es\/#\/schema\/logo\/image\/"},"sameAs":["https:\/\/www.facebook.com\/conexbrass","https:\/\/x.com\/conexindia","https:\/\/www.linkedin.com\/company\/conex-metals-india\/","https:\/\/www.instagram.com\/conexindia\/"]}]}},"_links":{"self":[{"href":"https:\/\/conexmetals.com\/es\/wp-json\/wp\/v2\/product\/12844","targetHints":{"allow":["GET"]}}],"collection":[{"href":"https:\/\/conexmetals.com\/es\/wp-json\/wp\/v2\/product"}],"about":[{"href":"https:\/\/conexmetals.com\/es\/wp-json\/wp\/v2\/types\/product"}],"wp:featuredmedia":[{"embeddable":true,"href":"https:\/\/conexmetals.com\/es\/wp-json\/wp\/v2\/media\/12839"}],"wp:attachment":[{"href":"https:\/\/conexmetals.com\/es\/wp-json\/wp\/v2\/media?parent=12844"}],"wp:term":[{"taxonomy":"product_brand","embeddable":true,"href":"https:\/\/conexmetals.com\/es\/wp-json\/wp\/v2\/product_brand?post=12844"},{"taxonomy":"product_cat","embeddable":true,"href":"https:\/\/conexmetals.com\/es\/wp-json\/wp\/v2\/product_cat?post=12844"},{"taxonomy":"product_tag","embeddable":true,"href":"https:\/\/conexmetals.com\/es\/wp-json\/wp\/v2\/product_tag?post=12844"}],"curies":[{"name":"wp","href":"https:\/\/api.w.org\/{rel}","templated":true}]}}