{"id":12863,"date":"2023-08-18T10:45:20","date_gmt":"2023-08-18T05:15:20","guid":{"rendered":"https:\/\/conexmetals.com\/?post_type=product&#038;p=12863"},"modified":"2025-01-07T15:32:04","modified_gmt":"2025-01-07T10:02:04","slug":"sillines-de-distanciamiento-para-barras-espaciadoras","status":"publish","type":"product","link":"https:\/\/conexmetals.com\/es\/producto\/sillines-de-distanciamiento-para-barras-espaciadoras\/","title":{"rendered":"Sillines de Distanciamiento para Barras Espaciadoras"},"content":{"rendered":"","protected":false},"excerpt":{"rendered":"<table id=\"tablepress-360\" class=\"tablepress tablepress-id-360\">\n<caption>\u00a0<\/caption>\n<thead>\n<tr class=\"row-1 odd\">\n<th class=\"column-1\" colspan=\"11\"><strong><span>Barra espaciadora de sill\u00edn<\/span><\/strong><\/th>\n<\/tr>\n<\/thead>\n<tbody class=\"row-hover\">\n<tr class=\"row-2 even\">\n<td class=\"column-1\" rowspan=\"2\"><strong><span>Descripci\u00f3n<\/span><\/strong><\/td>\n<td class=\"column-2\" rowspan=\"2\"><strong><span>Material<\/span><\/strong><\/td>\n<td class=\"column-3\" rowspan=\"2\"><strong><span>Tama\u00f1o nominal<\/span><\/strong><\/td>\n<td class=\"column-4\" rowspan=\"2\"><strong><span>Finalizar<\/span><\/strong><\/td>\n<td class=\"column-5\" rowspan=\"2\"><strong><span>Un m\u00ednimo.<\/span><\/strong><\/td>\n<td class=\"column-6\" rowspan=\"2\"><strong><span>B m\u00edn.<\/span><\/strong><\/td>\n<td class=\"column-7\"><strong><span>C (Di\u00e1metro)<\/span><\/strong><\/td>\n<td class=\"column-8\"><\/td>\n<td class=\"column-9\" rowspan=\"2\"><strong><span>D m\u00edn.<\/span><\/strong><\/td>\n<td class=\"column-10\" rowspan=\"2\"><strong><span>F m\u00edn.<\/span><\/strong><\/td>\n<td class=\"column-11\" rowspan=\"2\"><strong><span>F m\u00edn.<\/span><\/strong><\/td>\n<\/tr>\n<tr class=\"row-3 odd\">\n<td class=\"column-7\"><strong><span>M\u00edn.<\/span><\/strong><\/td>\n<td class=\"column-8\"><strong><span>M\u00e1x.<\/span><\/strong><\/td>\n<\/tr>\n<tr class=\"row-4 even\">\n<td class=\"column-1\" rowspan=\"2\"><span>Barra espaciadora de sill\u00edn de 25 mm, color negro, PK5<\/span><\/td>\n<td class=\"column-2\" rowspan=\"2\"><span>Acero<\/span><\/td>\n<td class=\"column-3\" rowspan=\"2\"><span>25<\/span><\/td>\n<td class=\"column-4\"><span>negro<\/span><\/td>\n<td class=\"column-5\" rowspan=\"2\"><span>61<\/span><\/td>\n<td class=\"column-6\" rowspan=\"2\"><span>19<\/span><\/td>\n<td class=\"column-7\" rowspan=\"2\"><span>25<\/span><\/td>\n<td class=\"column-8\" rowspan=\"2\"><span>25.4<\/span><\/td>\n<td class=\"column-9\" rowspan=\"2\"><span>0,87<\/span><\/td>\n<td class=\"column-10\" rowspan=\"2\"><span>45<\/span><\/td>\n<td class=\"column-11\" rowspan=\"2\"><span>3.3<\/span><\/td>\n<\/tr>\n<tr class=\"row-5 odd\">\n<td class=\"column-4\"><span>galvanizado<\/span><\/td>\n<\/tr>\n<\/tbody>\n<\/table>\n<p><img fetchpriority=\"high\" decoding=\"async\" class=\"alignright wp-image-6815 size-full lazy loaded\" src=\"https:\/\/conexmetals.com\/wp-content\/uploads\/2023\/08\/Space-Bar-Distance-Saddles-line-drawing.png\" alt=\"Dibujo de l\u00ednea de distancia entre barras espaciadoras\" width=\"563\" height=\"449\" data-src=\"https:\/\/conexmetals.com\/wp-content\/uploads\/2023\/08\/Space-Bar-Distance-Saddles-line-drawing.png\" data-was-processed=\"true\" srcset=\"https:\/\/conexmetals.com\/wp-content\/uploads\/2023\/08\/Space-Bar-Distance-Saddles-line-drawing.png 563w, https:\/\/conexmetals.com\/wp-content\/uploads\/2023\/08\/Space-Bar-Distance-Saddles-line-drawing-300x239.png 300w\" sizes=\"(max-width: 563px) 100vw, 563px\" \/><\/p>\n<p><span>Los espaciadores de distancia son componentes robustos y confiables dise\u00f1ados para sistemas de administraci\u00f3n de cables y conductos. Estos espaciadores garantizan un espaciado adecuado y una sujeci\u00f3n segura de los conductos, lo que mejora la eficiencia general y la organizaci\u00f3n de las instalaciones el\u00e9ctricas. Fabricados con acero de alta calidad, est\u00e1n disponibles en acabados negros y galvanizados para brindar una durabilidad superior y resistencia a la corrosi\u00f3n.<\/span><\/p>\n<p><strong><span>Caracter\u00edsticas principales:<\/span><\/strong><\/p>\n<ul>\n<li><span>Fabricado en acero de alto grado para mayor resistencia y durabilidad.<\/span><\/li>\n<li><span>Disponible en acabados negro y galvanizado para protecci\u00f3n contra la corrosi\u00f3n.<\/span><\/li>\n<li><span>Dise\u00f1ado para tama\u00f1os de conductos nominales de 25 mm.<\/span><\/li>\n<li><span>Dimensiones dise\u00f1adas con precisi\u00f3n para una instalaci\u00f3n segura y precisa.<\/span><\/li>\n<\/ul>\n<p><strong><span>Aplicaciones:<\/span><\/strong><\/p>\n<ul>\n<li><span>Instalaciones de conductos el\u00e9ctricos.<\/span><\/li>\n<li><span>Gesti\u00f3n de cables en instalaciones industriales, comerciales y residenciales.<\/span><\/li>\n<li><span>Proyectos de construcci\u00f3n que requieren un tendido de cables organizado.<\/span><\/li>\n<\/ul>\n<p><strong><span>\u00bfPor qu\u00e9 elegirnos?<\/span><\/strong><br \/>\n<span>Nuestros espaciadores de barra espaciadora est\u00e1n dise\u00f1ados para cumplir con los m\u00e1s altos est\u00e1ndares de calidad y garantizar un rendimiento confiable en entornos exigentes. Con su construcci\u00f3n duradera y dise\u00f1o de precisi\u00f3n, son un complemento esencial para cualquier sistema de gesti\u00f3n de cables o conductos el\u00e9ctricos.<\/span><\/p>\n","protected":false},"featured_media":12859,"template":"","meta":[],"product_brand":[],"product_cat":[387],"product_tag":[],"class_list":{"0":"post-12863","1":"product","2":"type-product","3":"status-publish","4":"has-post-thumbnail","6":"product_cat-accesorios-de-conductos-de-acero-galvanizado-gi","8":"first","9":"instock","10":"shipping-taxable","11":"product-type-simple"},"yoast_head":"<!-- This site is optimized with the Yoast SEO plugin v27.3 - https:\/\/yoast.com\/product\/yoast-seo-wordpress\/ -->\n<title>Sillines de Distanciamiento para Barras Espaciadoras<\/title>\n<meta name=\"description\" content=\"Descubra los Sillines de Distanciamiento para Barras Espaciadoras de Conex Metals, incluidos los Sillines de Barra Espaciadora y los Sillines de Conduit Galvanizados. Nuestros Sillines de Soporte para Conduit El\u00e9ctrico y Abrazaderas de Espaciamiento de Conduit Industrial garantizan una instalaci\u00f3n de conduit duradera y segura. Fabricante, exportador y proveedor confiable de la India.\" \/>\n<meta name=\"robots\" content=\"index, follow, max-snippet:-1, max-image-preview:large, max-video-preview:-1\" \/>\n<link rel=\"canonical\" href=\"https:\/\/conexmetals.com\/es\/producto\/sillines-de-distanciamiento-para-barras-espaciadoras\/\" \/>\n<script type=\"application\/ld+json\" class=\"yoast-schema-graph\">{\"@context\":\"https:\\\/\\\/schema.org\",\"@graph\":[{\"@type\":\"WebPage\",\"@id\":\"https:\\\/\\\/conexmetals.com\\\/es\\\/producto\\\/sillines-de-distanciamiento-para-barras-espaciadoras\\\/\",\"url\":\"https:\\\/\\\/conexmetals.com\\\/es\\\/producto\\\/sillines-de-distanciamiento-para-barras-espaciadoras\\\/\",\"name\":\"Sillines de Distanciamiento para Barras Espaciadoras\",\"isPartOf\":{\"@id\":\"https:\\\/\\\/conexmetals.com\\\/es\\\/#website\"},\"primaryImageOfPage\":{\"@id\":\"https:\\\/\\\/conexmetals.com\\\/es\\\/producto\\\/sillines-de-distanciamiento-para-barras-espaciadoras\\\/#primaryimage\"},\"image\":{\"@id\":\"https:\\\/\\\/conexmetals.com\\\/es\\\/producto\\\/sillines-de-distanciamiento-para-barras-espaciadoras\\\/#primaryimage\"},\"thumbnailUrl\":\"https:\\\/\\\/conexmetals.com\\\/wp-content\\\/uploads\\\/2025\\\/01\\\/Sillines-de-Distanciamiento-para-Barras-Espaciadoras.webp\",\"datePublished\":\"2023-08-18T05:15:20+00:00\",\"dateModified\":\"2025-01-07T10:02:04+00:00\",\"description\":\"Descubra los Sillines de Distanciamiento para Barras Espaciadoras de Conex Metals, incluidos los Sillines de Barra Espaciadora y los Sillines de Conduit Galvanizados. Nuestros Sillines de Soporte para Conduit El\u00e9ctrico y Abrazaderas de Espaciamiento de Conduit Industrial garantizan una instalaci\u00f3n de conduit duradera y segura. Fabricante, exportador y proveedor confiable de la India.\",\"breadcrumb\":{\"@id\":\"https:\\\/\\\/conexmetals.com\\\/es\\\/producto\\\/sillines-de-distanciamiento-para-barras-espaciadoras\\\/#breadcrumb\"},\"inLanguage\":\"es\",\"potentialAction\":[{\"@type\":\"ReadAction\",\"target\":[\"https:\\\/\\\/conexmetals.com\\\/es\\\/producto\\\/sillines-de-distanciamiento-para-barras-espaciadoras\\\/\"]}]},{\"@type\":\"ImageObject\",\"inLanguage\":\"es\",\"@id\":\"https:\\\/\\\/conexmetals.com\\\/es\\\/producto\\\/sillines-de-distanciamiento-para-barras-espaciadoras\\\/#primaryimage\",\"url\":\"https:\\\/\\\/conexmetals.com\\\/wp-content\\\/uploads\\\/2025\\\/01\\\/Sillines-de-Distanciamiento-para-Barras-Espaciadoras.webp\",\"contentUrl\":\"https:\\\/\\\/conexmetals.com\\\/wp-content\\\/uploads\\\/2025\\\/01\\\/Sillines-de-Distanciamiento-para-Barras-Espaciadoras.webp\",\"width\":236,\"height\":236,\"caption\":\"Sillines de Distanciamiento para Barras Espaciadoras\"},{\"@type\":\"BreadcrumbList\",\"@id\":\"https:\\\/\\\/conexmetals.com\\\/es\\\/producto\\\/sillines-de-distanciamiento-para-barras-espaciadoras\\\/#breadcrumb\",\"itemListElement\":[{\"@type\":\"ListItem\",\"position\":1,\"name\":\"Home\",\"item\":\"https:\\\/\\\/conexmetals.com\\\/es\\\/hogar\\\/\"},{\"@type\":\"ListItem\",\"position\":2,\"name\":\"Products\",\"item\":\"https:\\\/\\\/conexmetals.com\\\/products\\\/\"},{\"@type\":\"ListItem\",\"position\":3,\"name\":\"Sillines de Distanciamiento para Barras Espaciadoras\"}]},{\"@type\":\"WebSite\",\"@id\":\"https:\\\/\\\/conexmetals.com\\\/es\\\/#website\",\"url\":\"https:\\\/\\\/conexmetals.com\\\/es\\\/\",\"name\":\"Conex Metals Brass Fittings Brass Parts Copper Parts Brass Components Brass Plumbing Fittings India\",\"description\":\"Manufacturer of Bronze Fittings casting Copper Brass parts components\",\"publisher\":{\"@id\":\"https:\\\/\\\/conexmetals.com\\\/es\\\/#organization\"},\"potentialAction\":[{\"@type\":\"SearchAction\",\"target\":{\"@type\":\"EntryPoint\",\"urlTemplate\":\"https:\\\/\\\/conexmetals.com\\\/es\\\/?s={search_term_string}\"},\"query-input\":{\"@type\":\"PropertyValueSpecification\",\"valueRequired\":true,\"valueName\":\"search_term_string\"}}],\"inLanguage\":\"es\"},{\"@type\":\"Organization\",\"@id\":\"https:\\\/\\\/conexmetals.com\\\/es\\\/#organization\",\"name\":\"Conex Metals Brass Fittings Brass Parts Copper Parts Brass Components Brass Plumbing Fittings India\",\"url\":\"https:\\\/\\\/conexmetals.com\\\/es\\\/\",\"logo\":{\"@type\":\"ImageObject\",\"inLanguage\":\"es\",\"@id\":\"https:\\\/\\\/conexmetals.com\\\/es\\\/#\\\/schema\\\/logo\\\/image\\\/\",\"url\":\"https:\\\/\\\/conexmetals.com\\\/wp-content\\\/uploads\\\/2024\\\/03\\\/conex-metals-logo.webp\",\"contentUrl\":\"https:\\\/\\\/conexmetals.com\\\/wp-content\\\/uploads\\\/2024\\\/03\\\/conex-metals-logo.webp\",\"width\":300,\"height\":121,\"caption\":\"Conex Metals Brass Fittings Brass Parts Copper Parts Brass Components Brass Plumbing Fittings India\"},\"image\":{\"@id\":\"https:\\\/\\\/conexmetals.com\\\/es\\\/#\\\/schema\\\/logo\\\/image\\\/\"},\"sameAs\":[\"https:\\\/\\\/www.facebook.com\\\/conexbrass\",\"https:\\\/\\\/x.com\\\/conexindia\",\"https:\\\/\\\/www.linkedin.com\\\/company\\\/conex-metals-india\\\/\",\"https:\\\/\\\/www.instagram.com\\\/conexindia\\\/\"]}]}<\/script>\n<!-- \/ Yoast SEO plugin. -->","yoast_head_json":{"title":"Sillines de Distanciamiento para Barras Espaciadoras","description":"Descubra los Sillines de Distanciamiento para Barras Espaciadoras de Conex Metals, incluidos los Sillines de Barra Espaciadora y los Sillines de Conduit Galvanizados. Nuestros Sillines de Soporte para Conduit El\u00e9ctrico y Abrazaderas de Espaciamiento de Conduit Industrial garantizan una instalaci\u00f3n de conduit duradera y segura. Fabricante, exportador y proveedor confiable de la India.","robots":{"index":"index","follow":"follow","max-snippet":"max-snippet:-1","max-image-preview":"max-image-preview:large","max-video-preview":"max-video-preview:-1"},"canonical":"https:\/\/conexmetals.com\/es\/producto\/sillines-de-distanciamiento-para-barras-espaciadoras\/","schema":{"@context":"https:\/\/schema.org","@graph":[{"@type":"WebPage","@id":"https:\/\/conexmetals.com\/es\/producto\/sillines-de-distanciamiento-para-barras-espaciadoras\/","url":"https:\/\/conexmetals.com\/es\/producto\/sillines-de-distanciamiento-para-barras-espaciadoras\/","name":"Sillines de Distanciamiento para Barras Espaciadoras","isPartOf":{"@id":"https:\/\/conexmetals.com\/es\/#website"},"primaryImageOfPage":{"@id":"https:\/\/conexmetals.com\/es\/producto\/sillines-de-distanciamiento-para-barras-espaciadoras\/#primaryimage"},"image":{"@id":"https:\/\/conexmetals.com\/es\/producto\/sillines-de-distanciamiento-para-barras-espaciadoras\/#primaryimage"},"thumbnailUrl":"https:\/\/conexmetals.com\/wp-content\/uploads\/2025\/01\/Sillines-de-Distanciamiento-para-Barras-Espaciadoras.webp","datePublished":"2023-08-18T05:15:20+00:00","dateModified":"2025-01-07T10:02:04+00:00","description":"Descubra los Sillines de Distanciamiento para Barras Espaciadoras de Conex Metals, incluidos los Sillines de Barra Espaciadora y los Sillines de Conduit Galvanizados. Nuestros Sillines de Soporte para Conduit El\u00e9ctrico y Abrazaderas de Espaciamiento de Conduit Industrial garantizan una instalaci\u00f3n de conduit duradera y segura. Fabricante, exportador y proveedor confiable de la India.","breadcrumb":{"@id":"https:\/\/conexmetals.com\/es\/producto\/sillines-de-distanciamiento-para-barras-espaciadoras\/#breadcrumb"},"inLanguage":"es","potentialAction":[{"@type":"ReadAction","target":["https:\/\/conexmetals.com\/es\/producto\/sillines-de-distanciamiento-para-barras-espaciadoras\/"]}]},{"@type":"ImageObject","inLanguage":"es","@id":"https:\/\/conexmetals.com\/es\/producto\/sillines-de-distanciamiento-para-barras-espaciadoras\/#primaryimage","url":"https:\/\/conexmetals.com\/wp-content\/uploads\/2025\/01\/Sillines-de-Distanciamiento-para-Barras-Espaciadoras.webp","contentUrl":"https:\/\/conexmetals.com\/wp-content\/uploads\/2025\/01\/Sillines-de-Distanciamiento-para-Barras-Espaciadoras.webp","width":236,"height":236,"caption":"Sillines de Distanciamiento para Barras Espaciadoras"},{"@type":"BreadcrumbList","@id":"https:\/\/conexmetals.com\/es\/producto\/sillines-de-distanciamiento-para-barras-espaciadoras\/#breadcrumb","itemListElement":[{"@type":"ListItem","position":1,"name":"Home","item":"https:\/\/conexmetals.com\/es\/hogar\/"},{"@type":"ListItem","position":2,"name":"Products","item":"https:\/\/conexmetals.com\/products\/"},{"@type":"ListItem","position":3,"name":"Sillines de Distanciamiento para Barras Espaciadoras"}]},{"@type":"WebSite","@id":"https:\/\/conexmetals.com\/es\/#website","url":"https:\/\/conexmetals.com\/es\/","name":"Conex Metals Brass Fittings Brass Parts Copper Parts Brass Components Brass Plumbing Fittings India","description":"Manufacturer of Bronze Fittings casting Copper Brass parts components","publisher":{"@id":"https:\/\/conexmetals.com\/es\/#organization"},"potentialAction":[{"@type":"SearchAction","target":{"@type":"EntryPoint","urlTemplate":"https:\/\/conexmetals.com\/es\/?s={search_term_string}"},"query-input":{"@type":"PropertyValueSpecification","valueRequired":true,"valueName":"search_term_string"}}],"inLanguage":"es"},{"@type":"Organization","@id":"https:\/\/conexmetals.com\/es\/#organization","name":"Conex Metals Brass Fittings Brass Parts Copper Parts Brass Components Brass Plumbing Fittings India","url":"https:\/\/conexmetals.com\/es\/","logo":{"@type":"ImageObject","inLanguage":"es","@id":"https:\/\/conexmetals.com\/es\/#\/schema\/logo\/image\/","url":"https:\/\/conexmetals.com\/wp-content\/uploads\/2024\/03\/conex-metals-logo.webp","contentUrl":"https:\/\/conexmetals.com\/wp-content\/uploads\/2024\/03\/conex-metals-logo.webp","width":300,"height":121,"caption":"Conex Metals Brass Fittings Brass Parts Copper Parts Brass Components Brass Plumbing Fittings India"},"image":{"@id":"https:\/\/conexmetals.com\/es\/#\/schema\/logo\/image\/"},"sameAs":["https:\/\/www.facebook.com\/conexbrass","https:\/\/x.com\/conexindia","https:\/\/www.linkedin.com\/company\/conex-metals-india\/","https:\/\/www.instagram.com\/conexindia\/"]}]}},"_links":{"self":[{"href":"https:\/\/conexmetals.com\/es\/wp-json\/wp\/v2\/product\/12863","targetHints":{"allow":["GET"]}}],"collection":[{"href":"https:\/\/conexmetals.com\/es\/wp-json\/wp\/v2\/product"}],"about":[{"href":"https:\/\/conexmetals.com\/es\/wp-json\/wp\/v2\/types\/product"}],"wp:featuredmedia":[{"embeddable":true,"href":"https:\/\/conexmetals.com\/es\/wp-json\/wp\/v2\/media\/12859"}],"wp:attachment":[{"href":"https:\/\/conexmetals.com\/es\/wp-json\/wp\/v2\/media?parent=12863"}],"wp:term":[{"taxonomy":"product_brand","embeddable":true,"href":"https:\/\/conexmetals.com\/es\/wp-json\/wp\/v2\/product_brand?post=12863"},{"taxonomy":"product_cat","embeddable":true,"href":"https:\/\/conexmetals.com\/es\/wp-json\/wp\/v2\/product_cat?post=12863"},{"taxonomy":"product_tag","embeddable":true,"href":"https:\/\/conexmetals.com\/es\/wp-json\/wp\/v2\/product_tag?post=12863"}],"curies":[{"name":"wp","href":"https:\/\/api.w.org\/{rel}","templated":true}]}}