{"id":12975,"date":"2023-08-18T12:48:18","date_gmt":"2023-08-18T07:18:18","guid":{"rendered":"https:\/\/conexmetals.com\/?post_type=product&#038;p=12975"},"modified":"2025-01-07T18:38:24","modified_gmt":"2025-01-07T13:08:24","slug":"abrazaderas-de-linea-caliente-de-bronce","status":"publish","type":"product","link":"https:\/\/conexmetals.com\/es\/producto\/abrazaderas-de-linea-caliente-de-bronce\/","title":{"rendered":"Abrazaderas de L\u00ednea Caliente de Bronce"},"content":{"rendered":"","protected":false},"excerpt":{"rendered":"<table id=\"tablepress-276\" class=\"tablepress tablepress-id-276\">\n<caption>\u00a0<\/caption>\n<thead>\n<tr class=\"row-1 odd\">\n<th class=\"column-1\" colspan=\"6\"><strong><span>Abrazaderas de bronce para l\u00ednea caliente<\/span><\/strong><\/th>\n<\/tr>\n<\/thead>\n<tbody class=\"row-hover\">\n<tr class=\"row-2 even\">\n<td class=\"column-1\"><strong><span>Tipo de conexi\u00f3n Ejecutar<\/span><\/strong><\/td>\n<td class=\"column-2\"><strong><span>Dia de ejecuci\u00f3n<\/span><\/strong><\/td>\n<td class=\"column-3\"><strong><span>Correr<\/span><\/strong><\/td>\n<td class=\"column-4\"><strong><span>A (en)<\/span><\/strong><\/td>\n<td class=\"column-5\"><strong><span>Papelera)<\/span><\/strong><\/td>\n<td class=\"column-6\"><strong><span>C (pulgadas)<\/span><\/strong><\/td>\n<\/tr>\n<tr class=\"row-3 odd\">\n<td class=\"column-1\"><span>UC<\/span><\/td>\n<td class=\"column-2\"><span>0,128-0,414<\/span><\/td>\n<td class=\"column-3\"><span>#8 sol-2\/0 fuerza<\/span><\/td>\n<td class=\"column-4\"><span>4.5<\/span><\/td>\n<td class=\"column-5\"><span>1.25<\/span><\/td>\n<td class=\"column-6\"><span>2,75<\/span><\/td>\n<\/tr>\n<tr class=\"row-4 even\">\n<td class=\"column-1\"><span>UC<\/span><\/td>\n<td class=\"column-2\"><span>0,162-0,745<\/span><\/td>\n<td class=\"column-3\"><span>#6 sol-400 MCM<\/span><\/td>\n<td class=\"column-4\"><span>6.5<\/span><\/td>\n<td class=\"column-5\"><span>1,75<\/span><\/td>\n<td class=\"column-6\"><span>2.5<\/span><\/td>\n<\/tr>\n<tr class=\"row-5 odd\">\n<td class=\"column-1\"><span>UC<\/span><\/td>\n<td class=\"column-2\"><span>0,162-0,745<\/span><\/td>\n<td class=\"column-3\"><span>#6 sol-400 MCM<\/span><\/td>\n<td class=\"column-4\"><span>6.5<\/span><\/td>\n<td class=\"column-5\"><span>1,75<\/span><\/td>\n<td class=\"column-6\"><span>2.5<\/span><\/td>\n<\/tr>\n<\/tbody>\n<\/table>\n<p><img fetchpriority=\"high\" decoding=\"async\" class=\"size-full wp-image-5637 alignright lazy loaded\" src=\"https:\/\/conexmetals.com\/wp-content\/uploads\/2023\/08\/Bronze-hot-line-clamps.png\" alt=\"Abrazaderas de bronce para l\u00ednea caliente\" width=\"295\" height=\"300\" data-src=\"https:\/\/conexmetals.com\/wp-content\/uploads\/2023\/08\/Bronze-hot-line-clamps.png\" data-was-processed=\"true\" \/><\/p>\n<p><span>Las abrazaderas de bronce para l\u00edneas el\u00e9ctricas, tambi\u00e9n conocidas como tomas de l\u00ednea el\u00e9ctrica o conectores de bronce para l\u00edneas el\u00e9ctricas, son conectores el\u00e9ctricos dise\u00f1ados para proporcionar una conexi\u00f3n segura de conductores el\u00e9ctricos a l\u00edneas el\u00e9ctricas o barras colectoras energizadas. Estas abrazaderas las suelen utilizar los trabajadores de servicios p\u00fablicos y los electricistas para realizar conexiones el\u00e9ctricas temporales mientras trabajan en sistemas el\u00e9ctricos activos, como l\u00edneas de transmisi\u00f3n de alto voltaje o redes de distribuci\u00f3n. Se utilizan con la ayuda de p\u00e9rtigas el\u00e9ctricas.<\/span><\/p>\n<p><span>Las caracter\u00edsticas principales de las abrazaderas de l\u00ednea caliente de bronce incluyen:<\/span><\/p>\n<ol>\n<li><strong><span>Construcci\u00f3n de bronce:<\/span><\/strong><span>\u00a0estas abrazaderas est\u00e1n hechas de bronce, un metal conocido por su excelente conductividad el\u00e9ctrica y resistencia a la corrosi\u00f3n. El material de bronce garantiza que las abrazaderas puedan transportar corrientes el\u00e9ctricas de manera segura y soportar condiciones exteriores adversas.<\/span><\/li>\n<li><strong><span>Manijas Aisladas:<\/span><\/strong><span>\u00a0Las abrazaderas de l\u00ednea caliente generalmente tienen manijas o agarres aislados que brindan protecci\u00f3n al usuario contra descargas el\u00e9ctricas mientras realizan conexiones a l\u00edneas energizadas.<\/span><\/li>\n<li><strong><span>Mecanismo de resorte:<\/span><\/strong><span>\u00a0Las abrazaderas a menudo cuentan con un dise\u00f1o de resorte, lo que permite abrirlas y cerrarlas f\u00e1cilmente con una mano durante la instalaci\u00f3n.<\/span><\/li>\n<li><strong><span>Mordazas dentadas:<\/span><\/strong><span>\u00a0Las mordazas de las abrazaderas est\u00e1n dentadas o dentadas para garantizar un agarre seguro en el conductor o la barra colectora.<\/span><\/li>\n<li><strong><span>Caracter\u00edsticas de seguridad:<\/span><\/strong><span>\u00a0Las abrazaderas de bronce para l\u00edneas vivas pueden tener caracter\u00edsticas de seguridad adicionales, como dise\u00f1os \u201ca prueba de fallas\u201d o mecanismos de bloqueo para evitar que se desprendan accidentalmente del conductor.<\/span><\/li>\n<\/ol>\n<p><strong><br \/>\n<span>Material: El cuerpo puede estar hecho de varios grados de bronce, como C836, C844, C956, etc.<\/span><\/strong><\/p>\n<p><strong><span>El perno de ojo de bronce siempre est\u00e1 hecho de un grado de bronce fuerte y de alto torque, como el C95500.<\/span><\/strong><\/p>\n<p><strong><span>Los sujetadores son todos de acero inoxidable 304, incluida la llave\/perno de ojo.<\/span><\/strong><\/p>\n","protected":false},"featured_media":12884,"template":"","meta":[],"product_brand":[],"product_cat":[332],"product_tag":[],"class_list":{"0":"post-12975","1":"product","2":"type-product","3":"status-publish","4":"has-post-thumbnail","6":"product_cat-hardware-de-transformadores-y-lineas-electricas","8":"first","9":"instock","10":"shipping-taxable","11":"product-type-simple"},"yoast_head":"<!-- This site is optimized with the Yoast SEO plugin v27.3 - https:\/\/yoast.com\/product\/yoast-seo-wordpress\/ -->\n<title>Abrazaderas de L\u00ednea Caliente de Bronce<\/title>\n<meta name=\"description\" content=\"Conex Metals ofrece Abrazaderas de L\u00ednea Caliente de Bronce de alta calidad, Abrazaderas de Bronce CDA 955 y Abrazaderas de L\u00ednea de Bronce, actuando como un fabricante, exportador y proveedor l\u00edder en India\" \/>\n<meta name=\"robots\" content=\"index, follow, max-snippet:-1, max-image-preview:large, max-video-preview:-1\" \/>\n<link rel=\"canonical\" href=\"https:\/\/conexmetals.com\/es\/producto\/abrazaderas-de-linea-caliente-de-bronce\/\" \/>\n<script type=\"application\/ld+json\" class=\"yoast-schema-graph\">{\"@context\":\"https:\\\/\\\/schema.org\",\"@graph\":[{\"@type\":\"WebPage\",\"@id\":\"https:\\\/\\\/conexmetals.com\\\/es\\\/producto\\\/abrazaderas-de-linea-caliente-de-bronce\\\/\",\"url\":\"https:\\\/\\\/conexmetals.com\\\/es\\\/producto\\\/abrazaderas-de-linea-caliente-de-bronce\\\/\",\"name\":\"Abrazaderas de L\u00ednea Caliente de Bronce\",\"isPartOf\":{\"@id\":\"https:\\\/\\\/conexmetals.com\\\/es\\\/#website\"},\"primaryImageOfPage\":{\"@id\":\"https:\\\/\\\/conexmetals.com\\\/es\\\/producto\\\/abrazaderas-de-linea-caliente-de-bronce\\\/#primaryimage\"},\"image\":{\"@id\":\"https:\\\/\\\/conexmetals.com\\\/es\\\/producto\\\/abrazaderas-de-linea-caliente-de-bronce\\\/#primaryimage\"},\"thumbnailUrl\":\"https:\\\/\\\/conexmetals.com\\\/wp-content\\\/uploads\\\/2025\\\/01\\\/Abrazaderas-de-Linea-Caliente-de-Bronce.webp\",\"datePublished\":\"2023-08-18T07:18:18+00:00\",\"dateModified\":\"2025-01-07T13:08:24+00:00\",\"description\":\"Conex Metals ofrece Abrazaderas de L\u00ednea Caliente de Bronce de alta calidad, Abrazaderas de Bronce CDA 955 y Abrazaderas de L\u00ednea de Bronce, actuando como un fabricante, exportador y proveedor l\u00edder en India\",\"breadcrumb\":{\"@id\":\"https:\\\/\\\/conexmetals.com\\\/es\\\/producto\\\/abrazaderas-de-linea-caliente-de-bronce\\\/#breadcrumb\"},\"inLanguage\":\"es\",\"potentialAction\":[{\"@type\":\"ReadAction\",\"target\":[\"https:\\\/\\\/conexmetals.com\\\/es\\\/producto\\\/abrazaderas-de-linea-caliente-de-bronce\\\/\"]}]},{\"@type\":\"ImageObject\",\"inLanguage\":\"es\",\"@id\":\"https:\\\/\\\/conexmetals.com\\\/es\\\/producto\\\/abrazaderas-de-linea-caliente-de-bronce\\\/#primaryimage\",\"url\":\"https:\\\/\\\/conexmetals.com\\\/wp-content\\\/uploads\\\/2025\\\/01\\\/Abrazaderas-de-Linea-Caliente-de-Bronce.webp\",\"contentUrl\":\"https:\\\/\\\/conexmetals.com\\\/wp-content\\\/uploads\\\/2025\\\/01\\\/Abrazaderas-de-Linea-Caliente-de-Bronce.webp\",\"width\":350,\"height\":350,\"caption\":\"Abrazaderas de L\u00ednea Caliente de Bronce\"},{\"@type\":\"BreadcrumbList\",\"@id\":\"https:\\\/\\\/conexmetals.com\\\/es\\\/producto\\\/abrazaderas-de-linea-caliente-de-bronce\\\/#breadcrumb\",\"itemListElement\":[{\"@type\":\"ListItem\",\"position\":1,\"name\":\"Home\",\"item\":\"https:\\\/\\\/conexmetals.com\\\/es\\\/hogar\\\/\"},{\"@type\":\"ListItem\",\"position\":2,\"name\":\"Products\",\"item\":\"https:\\\/\\\/conexmetals.com\\\/products\\\/\"},{\"@type\":\"ListItem\",\"position\":3,\"name\":\"Abrazaderas de L\u00ednea Caliente de Bronce\"}]},{\"@type\":\"WebSite\",\"@id\":\"https:\\\/\\\/conexmetals.com\\\/es\\\/#website\",\"url\":\"https:\\\/\\\/conexmetals.com\\\/es\\\/\",\"name\":\"Conex Metals Brass Fittings Brass Parts Copper Parts Brass Components Brass Plumbing Fittings India\",\"description\":\"Manufacturer of Bronze Fittings casting Copper Brass parts components\",\"publisher\":{\"@id\":\"https:\\\/\\\/conexmetals.com\\\/es\\\/#organization\"},\"potentialAction\":[{\"@type\":\"SearchAction\",\"target\":{\"@type\":\"EntryPoint\",\"urlTemplate\":\"https:\\\/\\\/conexmetals.com\\\/es\\\/?s={search_term_string}\"},\"query-input\":{\"@type\":\"PropertyValueSpecification\",\"valueRequired\":true,\"valueName\":\"search_term_string\"}}],\"inLanguage\":\"es\"},{\"@type\":\"Organization\",\"@id\":\"https:\\\/\\\/conexmetals.com\\\/es\\\/#organization\",\"name\":\"Conex Metals Brass Fittings Brass Parts Copper Parts Brass Components Brass Plumbing Fittings India\",\"url\":\"https:\\\/\\\/conexmetals.com\\\/es\\\/\",\"logo\":{\"@type\":\"ImageObject\",\"inLanguage\":\"es\",\"@id\":\"https:\\\/\\\/conexmetals.com\\\/es\\\/#\\\/schema\\\/logo\\\/image\\\/\",\"url\":\"https:\\\/\\\/conexmetals.com\\\/wp-content\\\/uploads\\\/2024\\\/03\\\/conex-metals-logo.webp\",\"contentUrl\":\"https:\\\/\\\/conexmetals.com\\\/wp-content\\\/uploads\\\/2024\\\/03\\\/conex-metals-logo.webp\",\"width\":300,\"height\":121,\"caption\":\"Conex Metals Brass Fittings Brass Parts Copper Parts Brass Components Brass Plumbing Fittings India\"},\"image\":{\"@id\":\"https:\\\/\\\/conexmetals.com\\\/es\\\/#\\\/schema\\\/logo\\\/image\\\/\"},\"sameAs\":[\"https:\\\/\\\/www.facebook.com\\\/conexbrass\",\"https:\\\/\\\/x.com\\\/conexindia\",\"https:\\\/\\\/www.linkedin.com\\\/company\\\/conex-metals-india\\\/\",\"https:\\\/\\\/www.instagram.com\\\/conexindia\\\/\"]}]}<\/script>\n<!-- \/ Yoast SEO plugin. -->","yoast_head_json":{"title":"Abrazaderas de L\u00ednea Caliente de Bronce","description":"Conex Metals ofrece Abrazaderas de L\u00ednea Caliente de Bronce de alta calidad, Abrazaderas de Bronce CDA 955 y Abrazaderas de L\u00ednea de Bronce, actuando como un fabricante, exportador y proveedor l\u00edder en India","robots":{"index":"index","follow":"follow","max-snippet":"max-snippet:-1","max-image-preview":"max-image-preview:large","max-video-preview":"max-video-preview:-1"},"canonical":"https:\/\/conexmetals.com\/es\/producto\/abrazaderas-de-linea-caliente-de-bronce\/","schema":{"@context":"https:\/\/schema.org","@graph":[{"@type":"WebPage","@id":"https:\/\/conexmetals.com\/es\/producto\/abrazaderas-de-linea-caliente-de-bronce\/","url":"https:\/\/conexmetals.com\/es\/producto\/abrazaderas-de-linea-caliente-de-bronce\/","name":"Abrazaderas de L\u00ednea Caliente de Bronce","isPartOf":{"@id":"https:\/\/conexmetals.com\/es\/#website"},"primaryImageOfPage":{"@id":"https:\/\/conexmetals.com\/es\/producto\/abrazaderas-de-linea-caliente-de-bronce\/#primaryimage"},"image":{"@id":"https:\/\/conexmetals.com\/es\/producto\/abrazaderas-de-linea-caliente-de-bronce\/#primaryimage"},"thumbnailUrl":"https:\/\/conexmetals.com\/wp-content\/uploads\/2025\/01\/Abrazaderas-de-Linea-Caliente-de-Bronce.webp","datePublished":"2023-08-18T07:18:18+00:00","dateModified":"2025-01-07T13:08:24+00:00","description":"Conex Metals ofrece Abrazaderas de L\u00ednea Caliente de Bronce de alta calidad, Abrazaderas de Bronce CDA 955 y Abrazaderas de L\u00ednea de Bronce, actuando como un fabricante, exportador y proveedor l\u00edder en India","breadcrumb":{"@id":"https:\/\/conexmetals.com\/es\/producto\/abrazaderas-de-linea-caliente-de-bronce\/#breadcrumb"},"inLanguage":"es","potentialAction":[{"@type":"ReadAction","target":["https:\/\/conexmetals.com\/es\/producto\/abrazaderas-de-linea-caliente-de-bronce\/"]}]},{"@type":"ImageObject","inLanguage":"es","@id":"https:\/\/conexmetals.com\/es\/producto\/abrazaderas-de-linea-caliente-de-bronce\/#primaryimage","url":"https:\/\/conexmetals.com\/wp-content\/uploads\/2025\/01\/Abrazaderas-de-Linea-Caliente-de-Bronce.webp","contentUrl":"https:\/\/conexmetals.com\/wp-content\/uploads\/2025\/01\/Abrazaderas-de-Linea-Caliente-de-Bronce.webp","width":350,"height":350,"caption":"Abrazaderas de L\u00ednea Caliente de Bronce"},{"@type":"BreadcrumbList","@id":"https:\/\/conexmetals.com\/es\/producto\/abrazaderas-de-linea-caliente-de-bronce\/#breadcrumb","itemListElement":[{"@type":"ListItem","position":1,"name":"Home","item":"https:\/\/conexmetals.com\/es\/hogar\/"},{"@type":"ListItem","position":2,"name":"Products","item":"https:\/\/conexmetals.com\/products\/"},{"@type":"ListItem","position":3,"name":"Abrazaderas de L\u00ednea Caliente de Bronce"}]},{"@type":"WebSite","@id":"https:\/\/conexmetals.com\/es\/#website","url":"https:\/\/conexmetals.com\/es\/","name":"Conex Metals Brass Fittings Brass Parts Copper Parts Brass Components Brass Plumbing Fittings India","description":"Manufacturer of Bronze Fittings casting Copper Brass parts components","publisher":{"@id":"https:\/\/conexmetals.com\/es\/#organization"},"potentialAction":[{"@type":"SearchAction","target":{"@type":"EntryPoint","urlTemplate":"https:\/\/conexmetals.com\/es\/?s={search_term_string}"},"query-input":{"@type":"PropertyValueSpecification","valueRequired":true,"valueName":"search_term_string"}}],"inLanguage":"es"},{"@type":"Organization","@id":"https:\/\/conexmetals.com\/es\/#organization","name":"Conex Metals Brass Fittings Brass Parts Copper Parts Brass Components Brass Plumbing Fittings India","url":"https:\/\/conexmetals.com\/es\/","logo":{"@type":"ImageObject","inLanguage":"es","@id":"https:\/\/conexmetals.com\/es\/#\/schema\/logo\/image\/","url":"https:\/\/conexmetals.com\/wp-content\/uploads\/2024\/03\/conex-metals-logo.webp","contentUrl":"https:\/\/conexmetals.com\/wp-content\/uploads\/2024\/03\/conex-metals-logo.webp","width":300,"height":121,"caption":"Conex Metals Brass Fittings Brass Parts Copper Parts Brass Components Brass Plumbing Fittings India"},"image":{"@id":"https:\/\/conexmetals.com\/es\/#\/schema\/logo\/image\/"},"sameAs":["https:\/\/www.facebook.com\/conexbrass","https:\/\/x.com\/conexindia","https:\/\/www.linkedin.com\/company\/conex-metals-india\/","https:\/\/www.instagram.com\/conexindia\/"]}]}},"_links":{"self":[{"href":"https:\/\/conexmetals.com\/es\/wp-json\/wp\/v2\/product\/12975","targetHints":{"allow":["GET"]}}],"collection":[{"href":"https:\/\/conexmetals.com\/es\/wp-json\/wp\/v2\/product"}],"about":[{"href":"https:\/\/conexmetals.com\/es\/wp-json\/wp\/v2\/types\/product"}],"wp:featuredmedia":[{"embeddable":true,"href":"https:\/\/conexmetals.com\/es\/wp-json\/wp\/v2\/media\/12884"}],"wp:attachment":[{"href":"https:\/\/conexmetals.com\/es\/wp-json\/wp\/v2\/media?parent=12975"}],"wp:term":[{"taxonomy":"product_brand","embeddable":true,"href":"https:\/\/conexmetals.com\/es\/wp-json\/wp\/v2\/product_brand?post=12975"},{"taxonomy":"product_cat","embeddable":true,"href":"https:\/\/conexmetals.com\/es\/wp-json\/wp\/v2\/product_cat?post=12975"},{"taxonomy":"product_tag","embeddable":true,"href":"https:\/\/conexmetals.com\/es\/wp-json\/wp\/v2\/product_tag?post=12975"}],"curies":[{"name":"wp","href":"https:\/\/api.w.org\/{rel}","templated":true}]}}