{"id":12987,"date":"2023-08-18T12:49:25","date_gmt":"2023-08-18T07:19:25","guid":{"rendered":"https:\/\/conexmetals.com\/?post_type=product&#038;p=12987"},"modified":"2025-01-11T12:05:57","modified_gmt":"2025-01-11T06:35:57","slug":"conectores-de-mordaza-de-bronce","status":"publish","type":"product","link":"https:\/\/conexmetals.com\/es\/producto\/conectores-de-mordaza-de-bronce\/","title":{"rendered":"Conectores de Mordaza de Bronce"},"content":{"rendered":"","protected":false},"excerpt":{"rendered":"<div class=\"elementor-element elementor-element-d6f7035 elementor-widget elementor-widget-woocommerce-product-title elementor-page-title elementor-widget-heading\" data-id=\"d6f7035\" data-element_type=\"widget\" data-widget_type=\"woocommerce-product-title.default\">\n<div class=\"elementor-widget-container\">\n<p class=\"product_title entry-title elementor-heading-title elementor-size-default\">\n<\/div>\n<\/div>\n<div class=\"elementor-element elementor-element-672075d elementor-widget__width-initial e-transform elementor-widget-mobile__width-initial elementor-widget elementor-widget-woocommerce-product-images\" data-id=\"672075d\" data-element_type=\"widget\" data-settings=\"{&quot;_transform_scale_effect&quot;:{&quot;unit&quot;:&quot;px&quot;,&quot;size&quot;:1,&quot;sizes&quot;:[]},&quot;_transform_scale_effect_tablet&quot;:{&quot;unit&quot;:&quot;px&quot;,&quot;size&quot;:&quot;&quot;,&quot;sizes&quot;:[]},&quot;_transform_scale_effect_mobile&quot;:{&quot;unit&quot;:&quot;px&quot;,&quot;size&quot;:&quot;&quot;,&quot;sizes&quot;:[]}}\" data-widget_type=\"woocommerce-product-images.default\">\n<div class=\"elementor-widget-container\">\n<div class=\"woocommerce-product-gallery woocommerce-product-gallery--with-images woocommerce-product-gallery--columns-4 images\" data-columns=\"4\">\n<div class=\"woocommerce-product-gallery__wrapper\">\n<div class=\"woocommerce-product-gallery__image\" data-thumb=\"https:\/\/conexmetals.com\/wp-content\/uploads\/2023\/08\/bronze-vise-connectors-100x100.webp\" data-thumb-alt=\"bronze-vise-connectors\" data-thumb-srcset=\"https:\/\/conexmetals.com\/wp-content\/uploads\/2023\/08\/bronze-vise-connectors-100x100.webp 100w, https:\/\/conexmetals.com\/wp-content\/uploads\/2023\/08\/bronze-vise-connectors-150x150.webp 150w, https:\/\/conexmetals.com\/wp-content\/uploads\/2023\/08\/bronze-vise-connectors.webp 300w\"><\/div>\n<\/div>\n<\/div>\n<\/div>\n<\/div>\n<div class=\"elementor-element elementor-element-36d2ab8 elementor-widget elementor-widget-woocommerce-product-short-description\" data-id=\"36d2ab8\" data-element_type=\"widget\" data-widget_type=\"woocommerce-product-short-description.default\">\n<div class=\"elementor-widget-container\">\n<div class=\"woocommerce-product-details__short-description\">\n<p><img decoding=\"async\" class=\"size-medium wp-image-6268 alignright lazy loaded\" src=\"https:\/\/conexmetals.com\/wp-content\/uploads\/2023\/08\/Bronze-Vise-Connectors-300x159.png\" alt=\"Conector de tornillo de banco de bronce\" width=\"300\" height=\"159\" data-src=\"https:\/\/conexmetals.com\/wp-content\/uploads\/2023\/08\/Bronze-Vise-Connectors-300x159.png\" data-was-processed=\"true\" srcset=\"https:\/\/conexmetals.com\/wp-content\/uploads\/2023\/08\/Bronze-Vise-Connectors-300x159.png 300w, https:\/\/conexmetals.com\/wp-content\/uploads\/2023\/08\/Bronze-Vise-Connectors.png 350w\" sizes=\"(max-width: 300px) 100vw, 300px\" \/><span>Conex India es un fabricante, proveedor y exportador l\u00edder de conectores de bronce de alta calidad y otros componentes de bronce. Nuestros conectores de bronce brindan una conexi\u00f3n confiable y sin soldadura entre cables de tierra, lo que garantiza un enlace seguro y a prueba de vibraciones. Nuestros conectores est\u00e1n hechos de bronce resistente a la corrosi\u00f3n y de alta resistencia y cuentan con un dise\u00f1o exclusivo de ranura en V que alinea correctamente los conductores para lograr el m\u00e1ximo acoplamiento.<\/span><\/p>\n<table id=\"tablepress-316\" class=\"tablepress tablepress-id-316\">\n<caption>\u00a0<\/caption>\n<thead>\n<tr class=\"row-1 odd\">\n<th class=\"column-1\" colspan=\"8\"><strong><span>Conector de tornillo de banco de bronce<\/span><\/strong><\/th>\n<\/tr>\n<\/thead>\n<tbody class=\"row-hover\">\n<tr class=\"row-2 even\">\n<td class=\"column-1\"><strong><span>N\u00famero de serie<\/span><\/strong><\/td>\n<td class=\"column-2\"><strong><span>A (en)<\/span><\/strong><\/td>\n<td class=\"column-3\"><strong><span>Papelera)<\/span><\/strong><\/td>\n<td class=\"column-4\"><strong><span>C (pulgadas)<\/span><\/strong><\/td>\n<td class=\"column-5\"><strong><span>Paquete est\u00e1ndar<\/span><\/strong><\/td>\n<td class=\"column-6\"><strong><span>Rango de di\u00e1metro del conductor<\/span><\/strong><\/td>\n<td class=\"column-7\"><strong><span>Tama\u00f1o de la rosca del perno<\/span><\/strong><\/td>\n<td class=\"column-8\"><strong><span>Tama\u00f1o de la cabeza hexagonal del perno<\/span><\/strong><\/td>\n<\/tr>\n<tr class=\"row-3 odd\">\n<td class=\"column-1\"><span>1<\/span><\/td>\n<td class=\"column-2\"><span>1.33<\/span><\/td>\n<td class=\"column-3\"><span>0,81<\/span><\/td>\n<td class=\"column-4\"><span>0,93<\/span><\/td>\n<td class=\"column-5\"><span>200<\/span><\/td>\n<td class=\"column-6\"><span>6 soles &#8211; 2 soles<\/span><\/td>\n<td class=\"column-7\"><span>5\/16&#8243;<\/span><\/td>\n<td class=\"column-8\"><span>9\/16&#8243;<\/span><\/td>\n<\/tr>\n<tr class=\"row-4 even\">\n<td class=\"column-1\"><span>2<\/span><\/td>\n<td class=\"column-2\"><span>1,72<\/span><\/td>\n<td class=\"column-3\"><span>0,8<\/span><\/td>\n<td class=\"column-4\"><span>1.03<\/span><\/td>\n<td class=\"column-5\"><span>100<\/span><\/td>\n<td class=\"column-6\"><span>4 sol &#8211; 1\/0 str<\/span><\/td>\n<td class=\"column-7\"><span>5\/16&#8243;<\/span><\/td>\n<td class=\"column-8\"><span>9\/16&#8243;<\/span><\/td>\n<\/tr>\n<tr class=\"row-5 odd\">\n<td class=\"column-1\"><span>3<\/span><\/td>\n<td class=\"column-2\"><span>1.91<\/span><\/td>\n<td class=\"column-3\"><span>0,94<\/span><\/td>\n<td class=\"column-4\"><span>1.19<\/span><\/td>\n<td class=\"column-5\"><span>100<\/span><\/td>\n<td class=\"column-6\"><span>3 sol &#8211; 2\/0 str<\/span><\/td>\n<td class=\"column-7\"><span>3\/8&#8243;<\/span><\/td>\n<td class=\"column-8\"><span>9\/16&#8243;<\/span><\/td>\n<\/tr>\n<tr class=\"row-6 even\">\n<td class=\"column-1\"><span>4<\/span><\/td>\n<td class=\"column-2\"><span>1.52<\/span><\/td>\n<td class=\"column-3\"><span>0,79<\/span><\/td>\n<td class=\"column-4\"><span>0,93<\/span><\/td>\n<td class=\"column-5\"><span>200<\/span><\/td>\n<td class=\"column-6\"><span>5 sol &#8211; 2 str<\/span><\/td>\n<td class=\"column-7\"><span>5\/16&#8243;<\/span><\/td>\n<td class=\"column-8\"><span>9\/16&#8243;<\/span><\/td>\n<\/tr>\n<tr class=\"row-7 odd\">\n<td class=\"column-1\"><span>5<\/span><\/td>\n<td class=\"column-2\"><span>1.13<\/span><\/td>\n<td class=\"column-3\"><span>0,73<\/span><\/td>\n<td class=\"column-4\"><span>0,83<\/span><\/td>\n<td class=\"column-5\"><span>200<\/span><\/td>\n<td class=\"column-6\"><span>8 sol &#8211; 4 str<\/span><\/td>\n<td class=\"column-7\"><span>5\/16&#8243;<\/span><\/td>\n<td class=\"column-8\"><span>9\/16&#8243;<\/span><\/td>\n<\/tr>\n<tr class=\"row-8 even\">\n<td class=\"column-1\"><span>6<\/span><\/td>\n<td class=\"column-2\"><span>2.14<\/span><\/td>\n<td class=\"column-3\"><span>0,95<\/span><\/td>\n<td class=\"column-4\"><span>1.27<\/span><\/td>\n<td class=\"column-5\"><span>80<\/span><\/td>\n<td class=\"column-6\"><span>1\/0 fuerza &#8211; 4\/0 fuerza<\/span><\/td>\n<td class=\"column-7\"><span>3\/8&#8243;<\/span><\/td>\n<td class=\"column-8\"><span>9\/16&#8243;<\/span><\/td>\n<\/tr>\n<tr class=\"row-9 odd\">\n<td class=\"column-1\"><span>7<\/span><\/td>\n<td class=\"column-2\"><span>0,88<\/span><\/td>\n<td class=\"column-3\"><span>0,64<\/span><\/td>\n<td class=\"column-4\"><span>0,73<\/span><\/td>\n<td class=\"column-5\"><span>200<\/span><\/td>\n<td class=\"column-6\"><span>10 sol &#8211; 6 str<\/span><\/td>\n<td class=\"column-7\"><span>1\/4&#8243;<\/span><\/td>\n<td class=\"column-8\"><span>3\/8&#8243;<\/span><\/td>\n<\/tr>\n<\/tbody>\n<\/table>\n<p>&nbsp;<\/p>\n<p><img fetchpriority=\"high\" decoding=\"async\" class=\"size-medium wp-image-6275 alignleft lazy loaded\" src=\"https:\/\/conexmetals.com\/wp-content\/uploads\/2023\/08\/Bronze-Vise-Connector-2-1-300x198.jpg\" alt=\"Dibujo de l\u00ednea de conector de tornillo de banco de bronce\" width=\"300\" height=\"198\" data-src=\"https:\/\/conexmetals.com\/wp-content\/uploads\/2023\/08\/Bronze-Vise-Connector-2-1-300x198.jpg\" data-was-processed=\"true\" srcset=\"https:\/\/conexmetals.com\/wp-content\/uploads\/2023\/08\/Bronze-Vise-Connector-2-1-300x198.jpg 300w, https:\/\/conexmetals.com\/wp-content\/uploads\/2023\/08\/Bronze-Vise-Connector-2-1.jpg 463w\" sizes=\"(max-width: 300px) 100vw, 300px\" \/><span>Nuestros conectores est\u00e1n dise\u00f1ados para una instalaci\u00f3n r\u00e1pida y sencilla, con un dise\u00f1o de una sola pieza con apertura lateral que elimina las piezas sueltas y las roscas cruzadas y simplifica la instalaci\u00f3n en conductores de tendido. Las abrazaderas est\u00e1n hechas de aleaci\u00f3n de cobre C955 mediante moldeado de carcasa preciso.<\/span><\/p>\n<p><span>Nuestros conectores de bronce son vers\u00e1tiles y se pueden utilizar para conectar conductores de puesta a tierra de distintos tama\u00f1os, as\u00ed como aparatos de l\u00edneas de postes a conductores de puesta a tierra. Damos prioridad al control de calidad, siguiendo estrictamente un sistema probado y comprobado en todas las etapas de fabricaci\u00f3n y posfabricaci\u00f3n. Solo los productos que pasan estos controles de calidad se exportan a nuestros clientes.<\/span><\/p>\n<table id=\"tablepress-317\" class=\"tablepress tablepress-id-317\">\n<caption>\u00a0<\/caption>\n<thead>\n<tr class=\"row-1 odd\">\n<th class=\"column-1\" colspan=\"9\"><strong><span>Conector de tornillo de banco de bronce<\/span><\/strong><\/th>\n<\/tr>\n<\/thead>\n<tbody class=\"row-hover\">\n<tr class=\"row-2 even\">\n<td class=\"column-1\"><strong><span>N\u00famero de serie<\/span><\/strong><\/td>\n<td class=\"column-2\"><strong><span>A (en)<\/span><\/strong><\/td>\n<td class=\"column-3\"><strong><span>Papelera)<\/span><\/strong><\/td>\n<td class=\"column-4\"><strong><span>C (pulgadas)<\/span><\/strong><\/td>\n<td class=\"column-5\"><strong><span>D<\/span><\/strong><\/td>\n<td class=\"column-6\"><strong><span>Paquete est\u00e1ndar<\/span><\/strong><\/td>\n<td class=\"column-7\"><strong><span>Rango de di\u00e1metro del conductor<\/span><\/strong><\/td>\n<td class=\"column-8\"><strong><span>Tama\u00f1o de la rosca del perno<\/span><\/strong><\/td>\n<td class=\"column-9\"><strong><span>Tama\u00f1o de la cabeza hexagonal del perno<\/span><\/strong><\/td>\n<\/tr>\n<tr class=\"row-3 odd\">\n<td class=\"column-1\"><span>1<\/span><\/td>\n<td class=\"column-2\"><span>1.02<\/span><\/td>\n<td class=\"column-3\"><span>0,77<\/span><\/td>\n<td class=\"column-4\"><span>2<\/span><\/td>\n<td class=\"column-5\"><span>1\/2&#8243; &#8211; 13<\/span><\/td>\n<td class=\"column-6\"><span>100<\/span><\/td>\n<td class=\"column-7\"><span>8 sol &#8211; 1\/0 str<\/span><\/td>\n<td class=\"column-8\"><span>5\/16&#8243;<\/span><\/td>\n<td class=\"column-9\"><span>9\/16&#8243;<\/span><\/td>\n<\/tr>\n<tr class=\"row-4 even\">\n<td class=\"column-1\"><span>2<\/span><\/td>\n<td class=\"column-2\"><span>1.02<\/span><\/td>\n<td class=\"column-3\"><span>0,77<\/span><\/td>\n<td class=\"column-4\"><span>1.5<\/span><\/td>\n<td class=\"column-5\"><span>1\/2&#8243; &#8211; 13<\/span><\/td>\n<td class=\"column-6\"><span>100<\/span><\/td>\n<td class=\"column-7\"><span>8 sol &#8211; 1\/0 str<\/span><\/td>\n<td class=\"column-8\"><span>5\/16&#8243;<\/span><\/td>\n<td class=\"column-9\"><span>9\/16&#8243;<\/span><\/td>\n<\/tr>\n<tr class=\"row-5 odd\">\n<td class=\"column-1\"><span>3<\/span><\/td>\n<td class=\"column-2\"><span>1.02<\/span><\/td>\n<td class=\"column-3\"><span>0,77<\/span><\/td>\n<td class=\"column-4\"><span>2<\/span><\/td>\n<td class=\"column-5\"><span>3\/8&#8243; &#8211; 16<\/span><\/td>\n<td class=\"column-6\"><span>100<\/span><\/td>\n<td class=\"column-7\"><span>8 sol &#8211; 1\/0 str<\/span><\/td>\n<td class=\"column-8\"><span>5\/16&#8243;<\/span><\/td>\n<td class=\"column-9\"><span>9\/16&#8243;<\/span><\/td>\n<\/tr>\n<tr class=\"row-6 even\">\n<td class=\"column-1\"><span>4<\/span><\/td>\n<td class=\"column-2\"><span>1.02<\/span><\/td>\n<td class=\"column-3\"><span>0,77<\/span><\/td>\n<td class=\"column-4\"><span>1,75<\/span><\/td>\n<td class=\"column-5\"><span>1\/2&#8243; &#8211; 13<\/span><\/td>\n<td class=\"column-6\"><span>100<\/span><\/td>\n<td class=\"column-7\"><span>8 sol &#8211; 1\/0 str<\/span><\/td>\n<td class=\"column-8\"><span>5\/16&#8243;<\/span><\/td>\n<td class=\"column-9\"><span>9\/16&#8243;<\/span><\/td>\n<\/tr>\n<\/tbody>\n<\/table>\n<p><img decoding=\"async\" class=\"size-full wp-image-6267 alignright lazy loaded\" src=\"https:\/\/conexmetals.com\/wp-content\/uploads\/2023\/08\/Bronze-Vise-Connector-3.png\" alt=\"Conector de tornillo de banco de bronce\" width=\"300\" height=\"185\" data-src=\"https:\/\/conexmetals.com\/wp-content\/uploads\/2023\/08\/Bronze-Vise-Connector-3.png\" data-was-processed=\"true\" \/><span>Tambi\u00e9n ofrecemos la fabricaci\u00f3n de piezas personalizadas seg\u00fan los planos y especificaciones del cliente, con opciones de acabado disponibles para satisfacer los requisitos del cliente. Conf\u00ede en Conex India para obtener conectores de bronce de alta calidad y confiables y un servicio al cliente excepcional.<\/span><\/p>\n<table id=\"tablepress-318\" class=\"tablepress tablepress-id-318\">\n<caption>\u00a0<\/caption>\n<thead>\n<tr class=\"row-1 odd\">\n<th class=\"column-1\" colspan=\"9\"><strong><span>Conector de tornillo de banco de bronce<\/span><\/strong><\/th>\n<\/tr>\n<\/thead>\n<tbody class=\"row-hover\">\n<tr class=\"row-2 even\">\n<td class=\"column-1\"><span>N\u00famero de serie<\/span><\/td>\n<td class=\"column-2\"><span>A (en)<\/span><\/td>\n<td class=\"column-3\"><span>Papelera)<\/span><\/td>\n<td class=\"column-4\"><span>C (pulgadas)<\/span><\/td>\n<td class=\"column-5\"><span>Paquete est\u00e1ndar<\/span><\/td>\n<td class=\"column-6\"><span>Rango de di\u00e1metro del mensajero<\/span><\/td>\n<td class=\"column-7\"><span>Di\u00e1metro de toma de tierra<\/span><\/td>\n<td class=\"column-8\"><span>Tama\u00f1o de la rosca del perno<\/span><\/td>\n<td class=\"column-9\"><span>Tama\u00f1o de la cabeza hexagonal del perno<\/span><\/td>\n<\/tr>\n<tr class=\"row-3 odd\">\n<td class=\"column-1\"><span>1<\/span><\/td>\n<td class=\"column-2\"><span>1.56<\/span><\/td>\n<td class=\"column-3\"><span>0,89<\/span><\/td>\n<td class=\"column-4\"><span>1.27<\/span><\/td>\n<td class=\"column-5\"><span>25<\/span><\/td>\n<td class=\"column-6\"><span>.146 &#8211; .312<\/span><\/td>\n<td class=\"column-7\"><span>.146 &#8211; .312<\/span><\/td>\n<td class=\"column-8\"><span>5\/16&#8243;<\/span><\/td>\n<td class=\"column-9\"><span>9\/16&#8243;<\/span><\/td>\n<\/tr>\n<\/tbody>\n<\/table>\n<p>&nbsp;<\/p>\n<\/div>\n<\/div>\n<\/div>\n","protected":false},"featured_media":12894,"template":"","meta":[],"product_brand":[],"product_cat":[332],"product_tag":[],"class_list":{"0":"post-12987","1":"product","2":"type-product","3":"status-publish","4":"has-post-thumbnail","6":"product_cat-hardware-de-transformadores-y-lineas-electricas","8":"first","9":"instock","10":"shipping-taxable","11":"product-type-simple"},"yoast_head":"<!-- This site is optimized with the Yoast SEO plugin v27.3 - https:\/\/yoast.com\/product\/yoast-seo-wordpress\/ -->\n<title>Conectores de Mordaza de Bronce<\/title>\n<meta name=\"description\" content=\"Conex Metals proporciona robustos Conectores de Mordaza de Bronce, Abrazaderas de Varilla de Tierra, Abrazaderas de Mordaza, Abrazaderas de Tierra El\u00e9ctricas y Abrazaderas de Bronce, como fabricante, exportador y proveedor l\u00edder en India.\" \/>\n<meta name=\"robots\" content=\"index, follow, max-snippet:-1, max-image-preview:large, max-video-preview:-1\" \/>\n<link rel=\"canonical\" href=\"https:\/\/conexmetals.com\/es\/producto\/conectores-de-mordaza-de-bronce\/\" \/>\n<script type=\"application\/ld+json\" class=\"yoast-schema-graph\">{\"@context\":\"https:\\\/\\\/schema.org\",\"@graph\":[{\"@type\":\"WebPage\",\"@id\":\"https:\\\/\\\/conexmetals.com\\\/es\\\/producto\\\/conectores-de-mordaza-de-bronce\\\/\",\"url\":\"https:\\\/\\\/conexmetals.com\\\/es\\\/producto\\\/conectores-de-mordaza-de-bronce\\\/\",\"name\":\"Conectores de Mordaza de Bronce\",\"isPartOf\":{\"@id\":\"https:\\\/\\\/conexmetals.com\\\/es\\\/#website\"},\"primaryImageOfPage\":{\"@id\":\"https:\\\/\\\/conexmetals.com\\\/es\\\/producto\\\/conectores-de-mordaza-de-bronce\\\/#primaryimage\"},\"image\":{\"@id\":\"https:\\\/\\\/conexmetals.com\\\/es\\\/producto\\\/conectores-de-mordaza-de-bronce\\\/#primaryimage\"},\"thumbnailUrl\":\"https:\\\/\\\/conexmetals.com\\\/wp-content\\\/uploads\\\/2025\\\/01\\\/Conectores-de-Mordazas-de-Bronce.webp\",\"datePublished\":\"2023-08-18T07:19:25+00:00\",\"dateModified\":\"2025-01-11T06:35:57+00:00\",\"description\":\"Conex Metals proporciona robustos Conectores de Mordaza de Bronce, Abrazaderas de Varilla de Tierra, Abrazaderas de Mordaza, Abrazaderas de Tierra El\u00e9ctricas y Abrazaderas de Bronce, como fabricante, exportador y proveedor l\u00edder en India.\",\"breadcrumb\":{\"@id\":\"https:\\\/\\\/conexmetals.com\\\/es\\\/producto\\\/conectores-de-mordaza-de-bronce\\\/#breadcrumb\"},\"inLanguage\":\"es\",\"potentialAction\":[{\"@type\":\"ReadAction\",\"target\":[\"https:\\\/\\\/conexmetals.com\\\/es\\\/producto\\\/conectores-de-mordaza-de-bronce\\\/\"]}]},{\"@type\":\"ImageObject\",\"inLanguage\":\"es\",\"@id\":\"https:\\\/\\\/conexmetals.com\\\/es\\\/producto\\\/conectores-de-mordaza-de-bronce\\\/#primaryimage\",\"url\":\"https:\\\/\\\/conexmetals.com\\\/wp-content\\\/uploads\\\/2025\\\/01\\\/Conectores-de-Mordazas-de-Bronce.webp\",\"contentUrl\":\"https:\\\/\\\/conexmetals.com\\\/wp-content\\\/uploads\\\/2025\\\/01\\\/Conectores-de-Mordazas-de-Bronce.webp\",\"width\":300,\"height\":300,\"caption\":\"Conectores de Mordazas de Bronce\"},{\"@type\":\"BreadcrumbList\",\"@id\":\"https:\\\/\\\/conexmetals.com\\\/es\\\/producto\\\/conectores-de-mordaza-de-bronce\\\/#breadcrumb\",\"itemListElement\":[{\"@type\":\"ListItem\",\"position\":1,\"name\":\"Home\",\"item\":\"https:\\\/\\\/conexmetals.com\\\/es\\\/hogar\\\/\"},{\"@type\":\"ListItem\",\"position\":2,\"name\":\"Products\",\"item\":\"https:\\\/\\\/conexmetals.com\\\/products\\\/\"},{\"@type\":\"ListItem\",\"position\":3,\"name\":\"Conectores de Mordaza de Bronce\"}]},{\"@type\":\"WebSite\",\"@id\":\"https:\\\/\\\/conexmetals.com\\\/es\\\/#website\",\"url\":\"https:\\\/\\\/conexmetals.com\\\/es\\\/\",\"name\":\"Conex Metals Brass Fittings Brass Parts Copper Parts Brass Components Brass Plumbing Fittings India\",\"description\":\"Manufacturer of Bronze Fittings casting Copper Brass parts components\",\"publisher\":{\"@id\":\"https:\\\/\\\/conexmetals.com\\\/es\\\/#organization\"},\"potentialAction\":[{\"@type\":\"SearchAction\",\"target\":{\"@type\":\"EntryPoint\",\"urlTemplate\":\"https:\\\/\\\/conexmetals.com\\\/es\\\/?s={search_term_string}\"},\"query-input\":{\"@type\":\"PropertyValueSpecification\",\"valueRequired\":true,\"valueName\":\"search_term_string\"}}],\"inLanguage\":\"es\"},{\"@type\":\"Organization\",\"@id\":\"https:\\\/\\\/conexmetals.com\\\/es\\\/#organization\",\"name\":\"Conex Metals Brass Fittings Brass Parts Copper Parts Brass Components Brass Plumbing Fittings India\",\"url\":\"https:\\\/\\\/conexmetals.com\\\/es\\\/\",\"logo\":{\"@type\":\"ImageObject\",\"inLanguage\":\"es\",\"@id\":\"https:\\\/\\\/conexmetals.com\\\/es\\\/#\\\/schema\\\/logo\\\/image\\\/\",\"url\":\"https:\\\/\\\/conexmetals.com\\\/wp-content\\\/uploads\\\/2024\\\/03\\\/conex-metals-logo.webp\",\"contentUrl\":\"https:\\\/\\\/conexmetals.com\\\/wp-content\\\/uploads\\\/2024\\\/03\\\/conex-metals-logo.webp\",\"width\":300,\"height\":121,\"caption\":\"Conex Metals Brass Fittings Brass Parts Copper Parts Brass Components Brass Plumbing Fittings India\"},\"image\":{\"@id\":\"https:\\\/\\\/conexmetals.com\\\/es\\\/#\\\/schema\\\/logo\\\/image\\\/\"},\"sameAs\":[\"https:\\\/\\\/www.facebook.com\\\/conexbrass\",\"https:\\\/\\\/x.com\\\/conexindia\",\"https:\\\/\\\/www.linkedin.com\\\/company\\\/conex-metals-india\\\/\",\"https:\\\/\\\/www.instagram.com\\\/conexindia\\\/\"]}]}<\/script>\n<!-- \/ Yoast SEO plugin. -->","yoast_head_json":{"title":"Conectores de Mordaza de Bronce","description":"Conex Metals proporciona robustos Conectores de Mordaza de Bronce, Abrazaderas de Varilla de Tierra, Abrazaderas de Mordaza, Abrazaderas de Tierra El\u00e9ctricas y Abrazaderas de Bronce, como fabricante, exportador y proveedor l\u00edder en India.","robots":{"index":"index","follow":"follow","max-snippet":"max-snippet:-1","max-image-preview":"max-image-preview:large","max-video-preview":"max-video-preview:-1"},"canonical":"https:\/\/conexmetals.com\/es\/producto\/conectores-de-mordaza-de-bronce\/","schema":{"@context":"https:\/\/schema.org","@graph":[{"@type":"WebPage","@id":"https:\/\/conexmetals.com\/es\/producto\/conectores-de-mordaza-de-bronce\/","url":"https:\/\/conexmetals.com\/es\/producto\/conectores-de-mordaza-de-bronce\/","name":"Conectores de Mordaza de Bronce","isPartOf":{"@id":"https:\/\/conexmetals.com\/es\/#website"},"primaryImageOfPage":{"@id":"https:\/\/conexmetals.com\/es\/producto\/conectores-de-mordaza-de-bronce\/#primaryimage"},"image":{"@id":"https:\/\/conexmetals.com\/es\/producto\/conectores-de-mordaza-de-bronce\/#primaryimage"},"thumbnailUrl":"https:\/\/conexmetals.com\/wp-content\/uploads\/2025\/01\/Conectores-de-Mordazas-de-Bronce.webp","datePublished":"2023-08-18T07:19:25+00:00","dateModified":"2025-01-11T06:35:57+00:00","description":"Conex Metals proporciona robustos Conectores de Mordaza de Bronce, Abrazaderas de Varilla de Tierra, Abrazaderas de Mordaza, Abrazaderas de Tierra El\u00e9ctricas y Abrazaderas de Bronce, como fabricante, exportador y proveedor l\u00edder en India.","breadcrumb":{"@id":"https:\/\/conexmetals.com\/es\/producto\/conectores-de-mordaza-de-bronce\/#breadcrumb"},"inLanguage":"es","potentialAction":[{"@type":"ReadAction","target":["https:\/\/conexmetals.com\/es\/producto\/conectores-de-mordaza-de-bronce\/"]}]},{"@type":"ImageObject","inLanguage":"es","@id":"https:\/\/conexmetals.com\/es\/producto\/conectores-de-mordaza-de-bronce\/#primaryimage","url":"https:\/\/conexmetals.com\/wp-content\/uploads\/2025\/01\/Conectores-de-Mordazas-de-Bronce.webp","contentUrl":"https:\/\/conexmetals.com\/wp-content\/uploads\/2025\/01\/Conectores-de-Mordazas-de-Bronce.webp","width":300,"height":300,"caption":"Conectores de Mordazas de Bronce"},{"@type":"BreadcrumbList","@id":"https:\/\/conexmetals.com\/es\/producto\/conectores-de-mordaza-de-bronce\/#breadcrumb","itemListElement":[{"@type":"ListItem","position":1,"name":"Home","item":"https:\/\/conexmetals.com\/es\/hogar\/"},{"@type":"ListItem","position":2,"name":"Products","item":"https:\/\/conexmetals.com\/products\/"},{"@type":"ListItem","position":3,"name":"Conectores de Mordaza de Bronce"}]},{"@type":"WebSite","@id":"https:\/\/conexmetals.com\/es\/#website","url":"https:\/\/conexmetals.com\/es\/","name":"Conex Metals Brass Fittings Brass Parts Copper Parts Brass Components Brass Plumbing Fittings India","description":"Manufacturer of Bronze Fittings casting Copper Brass parts components","publisher":{"@id":"https:\/\/conexmetals.com\/es\/#organization"},"potentialAction":[{"@type":"SearchAction","target":{"@type":"EntryPoint","urlTemplate":"https:\/\/conexmetals.com\/es\/?s={search_term_string}"},"query-input":{"@type":"PropertyValueSpecification","valueRequired":true,"valueName":"search_term_string"}}],"inLanguage":"es"},{"@type":"Organization","@id":"https:\/\/conexmetals.com\/es\/#organization","name":"Conex Metals Brass Fittings Brass Parts Copper Parts Brass Components Brass Plumbing Fittings India","url":"https:\/\/conexmetals.com\/es\/","logo":{"@type":"ImageObject","inLanguage":"es","@id":"https:\/\/conexmetals.com\/es\/#\/schema\/logo\/image\/","url":"https:\/\/conexmetals.com\/wp-content\/uploads\/2024\/03\/conex-metals-logo.webp","contentUrl":"https:\/\/conexmetals.com\/wp-content\/uploads\/2024\/03\/conex-metals-logo.webp","width":300,"height":121,"caption":"Conex Metals Brass Fittings Brass Parts Copper Parts Brass Components Brass Plumbing Fittings India"},"image":{"@id":"https:\/\/conexmetals.com\/es\/#\/schema\/logo\/image\/"},"sameAs":["https:\/\/www.facebook.com\/conexbrass","https:\/\/x.com\/conexindia","https:\/\/www.linkedin.com\/company\/conex-metals-india\/","https:\/\/www.instagram.com\/conexindia\/"]}]}},"_links":{"self":[{"href":"https:\/\/conexmetals.com\/es\/wp-json\/wp\/v2\/product\/12987","targetHints":{"allow":["GET"]}}],"collection":[{"href":"https:\/\/conexmetals.com\/es\/wp-json\/wp\/v2\/product"}],"about":[{"href":"https:\/\/conexmetals.com\/es\/wp-json\/wp\/v2\/types\/product"}],"wp:featuredmedia":[{"embeddable":true,"href":"https:\/\/conexmetals.com\/es\/wp-json\/wp\/v2\/media\/12894"}],"wp:attachment":[{"href":"https:\/\/conexmetals.com\/es\/wp-json\/wp\/v2\/media?parent=12987"}],"wp:term":[{"taxonomy":"product_brand","embeddable":true,"href":"https:\/\/conexmetals.com\/es\/wp-json\/wp\/v2\/product_brand?post=12987"},{"taxonomy":"product_cat","embeddable":true,"href":"https:\/\/conexmetals.com\/es\/wp-json\/wp\/v2\/product_cat?post=12987"},{"taxonomy":"product_tag","embeddable":true,"href":"https:\/\/conexmetals.com\/es\/wp-json\/wp\/v2\/product_tag?post=12987"}],"curies":[{"name":"wp","href":"https:\/\/api.w.org\/{rel}","templated":true}]}}