{"id":13400,"date":"2023-08-18T13:02:03","date_gmt":"2023-08-18T07:32:03","guid":{"rendered":"https:\/\/conexmetals.com\/?post_type=product&#038;p=13400"},"modified":"2025-01-18T14:59:55","modified_gmt":"2025-01-18T09:29:55","slug":"contra-tuercas-para-accesorios-de-prensaestopas-de-laton","status":"publish","type":"product","link":"https:\/\/conexmetals.com\/es\/producto\/contra-tuercas-para-accesorios-de-prensaestopas-de-laton\/","title":{"rendered":"Contra tuercas para Accesorios de Prensaestopas de Lat\u00f3n"},"content":{"rendered":"","protected":false},"excerpt":{"rendered":"<div class=\"elementor-element elementor-element-672075d elementor-widget__width-initial e-transform elementor-widget-mobile__width-initial elementor-widget elementor-widget-woocommerce-product-images\" data-id=\"672075d\" data-element_type=\"widget\" data-settings=\"{&quot;_transform_scale_effect&quot;:{&quot;unit&quot;:&quot;px&quot;,&quot;size&quot;:1,&quot;sizes&quot;:[]},&quot;_transform_scale_effect_tablet&quot;:{&quot;unit&quot;:&quot;px&quot;,&quot;size&quot;:&quot;&quot;,&quot;sizes&quot;:[]},&quot;_transform_scale_effect_mobile&quot;:{&quot;unit&quot;:&quot;px&quot;,&quot;size&quot;:&quot;&quot;,&quot;sizes&quot;:[]}}\" data-widget_type=\"woocommerce-product-images.default\">\n<div class=\"elementor-widget-container\">\n<div class=\"woocommerce-product-gallery woocommerce-product-gallery--with-images woocommerce-product-gallery--columns-4 images\" data-columns=\"4\">\n<div class=\"woocommerce-product-gallery__wrapper\">\n<div class=\"woocommerce-product-gallery__image\" data-thumb=\"https:\/\/conexmetals.com\/wp-content\/uploads\/2023\/08\/Cable-Gland-Accessories-Lock-Nuts-100x100.webp\" data-thumb-alt=\"Cable-Gland-Accessories-Lock-Nuts\" data-thumb-srcset=\"https:\/\/conexmetals.com\/wp-content\/uploads\/2023\/08\/Cable-Gland-Accessories-Lock-Nuts-100x100.webp 100w, https:\/\/conexmetals.com\/wp-content\/uploads\/2023\/08\/Cable-Gland-Accessories-Lock-Nuts-300x300.webp 300w, https:\/\/conexmetals.com\/wp-content\/uploads\/2023\/08\/Cable-Gland-Accessories-Lock-Nuts-150x150.webp 150w, https:\/\/conexmetals.com\/wp-content\/uploads\/2023\/08\/Cable-Gland-Accessories-Lock-Nuts.webp 350w\"><\/div>\n<\/div>\n<\/div>\n<\/div>\n<\/div>\n<div class=\"elementor-element elementor-element-36d2ab8 elementor-widget elementor-widget-woocommerce-product-short-description\" data-id=\"36d2ab8\" data-element_type=\"widget\" data-widget_type=\"woocommerce-product-short-description.default\">\n<div class=\"elementor-widget-container\">\n<div class=\"woocommerce-product-details__short-description\">\n<table id=\"tablepress-413\" class=\"tablepress tablepress-id-413\">\n<caption>\u00a0<\/caption>\n<tbody class=\"row-hover\">\n<tr class=\"row-1 odd\">\n<td class=\"column-1\">Tipo de hilo<\/td>\n<td class=\"column-2\">Di\u00e1metro de la rosca (\u00abA\u00bb)<\/td>\n<td class=\"column-3\">Espesor nominal<\/td>\n<td class=\"column-4\">Dimensi\u00f3n transversal a planos (\u00abB\u00bb)<\/td>\n<td class=\"column-5\">Di\u00e1metro entre esquinas (\u00abC\u00bb)<\/td>\n<\/tr>\n<tr class=\"row-2 even\">\n<td class=\"column-1\">M\u00e9trico<\/td>\n<td class=\"column-2\">M16 x 1,5<\/td>\n<td class=\"column-3\">3.2<\/td>\n<td class=\"column-4\">22.0<\/td>\n<td class=\"column-5\">25.4<\/td>\n<\/tr>\n<tr class=\"row-3 odd\">\n<td class=\"column-1\">M\u00e9trico (pesado)<\/td>\n<td class=\"column-2\">M16 x 1,5<\/td>\n<td class=\"column-3\">4.7<\/td>\n<td class=\"column-4\">22.0<\/td>\n<td class=\"column-5\">25.4<\/td>\n<\/tr>\n<tr class=\"row-4 even\">\n<td class=\"column-1\">M\u00e9trico<\/td>\n<td class=\"column-2\">M20 x 1,5<\/td>\n<td class=\"column-3\">3.2<\/td>\n<td class=\"column-4\">24.0<\/td>\n<td class=\"column-5\">27.7<\/td>\n<\/tr>\n<tr class=\"row-5 odd\">\n<td class=\"column-1\">M\u00e9trico (pesado)<\/td>\n<td class=\"column-2\">M20 x 1,5<\/td>\n<td class=\"column-3\">4.7<\/td>\n<td class=\"column-4\">24.0<\/td>\n<td class=\"column-5\">27.7<\/td>\n<\/tr>\n<tr class=\"row-6 even\">\n<td class=\"column-1\">M\u00e9trico<\/td>\n<td class=\"column-2\">M25 x 1,5<\/td>\n<td class=\"column-3\">3.2<\/td>\n<td class=\"column-4\">30.0<\/td>\n<td class=\"column-5\">34.6<\/td>\n<\/tr>\n<tr class=\"row-7 odd\">\n<td class=\"column-1\">M\u00e9trico (pesado)<\/td>\n<td class=\"column-2\">M25 x 1,5<\/td>\n<td class=\"column-3\">4.7<\/td>\n<td class=\"column-4\">30.0<\/td>\n<td class=\"column-5\">34.6<\/td>\n<\/tr>\n<tr class=\"row-8 even\">\n<td class=\"column-1\">M\u00e9trico<\/td>\n<td class=\"column-2\">M32 x 1,5<\/td>\n<td class=\"column-3\">3.2<\/td>\n<td class=\"column-4\">36.0<\/td>\n<td class=\"column-5\">41.6<\/td>\n<\/tr>\n<tr class=\"row-9 odd\">\n<td class=\"column-1\">M\u00e9trico (pesado)<\/td>\n<td class=\"column-2\">M32 x 1,5<\/td>\n<td class=\"column-3\">4.7<\/td>\n<td class=\"column-4\">36.0<\/td>\n<td class=\"column-5\">41.6<\/td>\n<\/tr>\n<tr class=\"row-10 even\">\n<td class=\"column-1\">M\u00e9trico<\/td>\n<td class=\"column-2\">M40x1,5<\/td>\n<td class=\"column-3\">4.8<\/td>\n<td class=\"column-4\">46.0<\/td>\n<td class=\"column-5\">53.1<\/td>\n<\/tr>\n<tr class=\"row-11 odd\">\n<td class=\"column-1\">M\u00e9trico<\/td>\n<td class=\"column-2\">M50x1,5<\/td>\n<td class=\"column-3\">6.3<\/td>\n<td class=\"column-4\">55.0<\/td>\n<td class=\"column-5\">63,5<\/td>\n<\/tr>\n<tr class=\"row-12 even\">\n<td class=\"column-1\">M\u00e9trico<\/td>\n<td class=\"column-2\">M63 x 1,5<\/td>\n<td class=\"column-3\">6.3<\/td>\n<td class=\"column-4\">70.0<\/td>\n<td class=\"column-5\">80.8<\/td>\n<\/tr>\n<tr class=\"row-13 odd\">\n<td class=\"column-1\">M\u00e9trico<\/td>\n<td class=\"column-2\">M75 x 1,5<\/td>\n<td class=\"column-3\">6.3<\/td>\n<td class=\"column-4\">84.0<\/td>\n<td class=\"column-5\">97.0<\/td>\n<\/tr>\n<tr class=\"row-14 even\">\n<td class=\"column-1\">M\u00e9trico<\/td>\n<td class=\"column-2\">M90x2.0<\/td>\n<td class=\"column-3\">9.5<\/td>\n<td class=\"column-4\">106.0<\/td>\n<td class=\"column-5\">122.4<\/td>\n<\/tr>\n<tr class=\"row-15 odd\">\n<td class=\"column-1\">M\u00e9trico<\/td>\n<td class=\"column-2\">M100x2.0<\/td>\n<td class=\"column-3\">9.5<\/td>\n<td class=\"column-4\">123.0<\/td>\n<td class=\"column-5\">142.0<\/td>\n<\/tr>\n<\/tbody>\n<\/table>\n<p><img fetchpriority=\"high\" decoding=\"async\" class=\"size-medium wp-image-13038 alignright lazy loaded\" src=\"https:\/\/conexmetals.com\/wp-content\/uploads\/2023\/08\/Cable-Gland-Accessories-Lock-Nuts-line-drawing-300x241.webp\" alt=\"Dibujo lineal de tuercas de seguridad para accesorios de prensaestopas\" width=\"300\" height=\"241\" data-src=\"https:\/\/conexmetals.com\/wp-content\/uploads\/2023\/08\/Cable-Gland-Accessories-Lock-Nuts-line-drawing-300x241.webp\" data-was-processed=\"true\" srcset=\"https:\/\/conexmetals.com\/wp-content\/uploads\/2023\/08\/Cable-Gland-Accessories-Lock-Nuts-line-drawing-300x241.webp 300w, https:\/\/conexmetals.com\/wp-content\/uploads\/2023\/08\/Cable-Gland-Accessories-Lock-Nuts-line-drawing.webp 551w\" sizes=\"(max-width: 300px) 100vw, 300px\" \/>Las tuercas de seguridad son accesorios de uso com\u00fan para los prensaestopas y desempe\u00f1an un papel fundamental para asegurar los prensaestopas a los gabinetes, cajas de conexiones o equipos. Estas tuercas son componentes roscados que brindan estabilidad adicional y evitan que los prensaestopas se aflojen debido a vibraciones, movimiento o factores ambientales. Las tuercas de seguridad se utilizan a menudo junto con los prensaestopas para garantizar una soluci\u00f3n de administraci\u00f3n de cables segura y confiable.<\/p>\n<p>As\u00ed es como funcionan las tuercas de seguridad como accesorios para prensaestopas:<\/p>\n<p><strong><b>Funci\u00f3n como accesorio para prensaestopas:<\/b><\/strong>\u00a0\u00a0las tuercas de seguridad sirven como medio para bloquear o sujetar los prensaestopas a los puntos de entrada de los gabinetes o equipos. Ofrecen las siguientes funciones:<\/p>\n<ol>\n<li><b><\/b><strong><b>Mecanismo de seguridad:<\/b><\/strong>\u00a0Las tuercas de seguridad se enroscan en la secci\u00f3n roscada del prensaestopas, lo que proporciona una conexi\u00f3n mec\u00e1nica segura entre el prensaestopas y el punto de entrada.<\/li>\n<li><b><\/b><strong><b>Prevenci\u00f3n de aflojamiento:<\/b><\/strong>\u00a0Las tuercas de seguridad ayudan a evitar que los prensaestopas se aflojen con el tiempo debido a vibraciones, movimiento o cambios de temperatura.<\/li>\n<li><b><\/b><strong><b>Mejora de la estabilidad:<\/b><\/strong>\u00a0al agregar una capa adicional de fijaci\u00f3n, las tuercas de seguridad mejoran la estabilidad de la instalaci\u00f3n del prensaestopas, lo que reduce el riesgo de desconexi\u00f3n o da\u00f1o del cable.<\/li>\n<\/ol>\n<p><strong><b>Aplicaciones:<\/b><\/strong>\u00a0\u00a0Las tuercas de seguridad como accesorios para prensaestopas se utilizan en diversas industrias y aplicaciones:<\/p>\n<ol>\n<li><b><\/b><strong><b>Instalaciones el\u00e9ctricas:<\/b><\/strong>\u00a0En las instalaciones el\u00e9ctricas, las tuercas de seguridad aseguran los prensaestopas a paneles, cajas de conexiones, gabinetes de control y otros recintos.<\/li>\n<li><b><\/b><strong><b>Maquinaria industrial:<\/b><\/strong>\u00a0Las tuercas de seguridad se utilizan para sujetar los prensaestopas que proporcionan puntos de entrada de cables para maquinaria y equipo.<\/li>\n<li><b><\/b><strong><b>Telecomunicaciones:<\/b><\/strong>\u00a0Se utilizan para asegurar prensaestopas en armarios y envolventes en instalaciones de telecomunicaciones.<\/li>\n<li><b><\/b><strong><b>Entornos hostiles:<\/b><\/strong>\u00a0Las tuercas de seguridad son valiosas en entornos con vibraciones, como instalaciones de fabricaci\u00f3n o salas de m\u00e1quinas.<\/li>\n<\/ol>\n<p><strong><b>Tipos y materiales:<\/b><\/strong>\u00a0\u00a0Las tuercas de seguridad est\u00e1n disponibles en diferentes tipos y materiales, como lat\u00f3n o acero inoxidable. La elecci\u00f3n del material depende de factores como el entorno, la aplicaci\u00f3n y la compatibilidad con el prensaestopas.<\/p>\n<\/div>\n<\/div>\n<\/div>\n","protected":false},"featured_media":13238,"template":"","meta":[],"product_brand":[],"product_cat":[371],"product_tag":[],"class_list":{"0":"post-13400","1":"product","2":"type-product","3":"status-publish","4":"has-post-thumbnail","6":"product_cat-accesorios-para-prensas-de-cable","8":"first","9":"instock","10":"shipping-taxable","11":"product-type-simple"},"yoast_head":"<!-- This site is optimized with the Yoast SEO plugin v27.3 - https:\/\/yoast.com\/product\/yoast-seo-wordpress\/ -->\n<title>Contra tuercas para Accesorios de Prensaestopas de Lat\u00f3n<\/title>\n<meta name=\"description\" content=\"Conex Metals, un fabricante y proveedor indio distinguido, se destaca en la producci\u00f3n de Accesorios para Cables, Accesorios de Prensaestopas, Prensaestopas de Lat\u00f3n, Contra tuercas de Lat\u00f3n y mucho m\u00e1s. Nuestros productos elaborados con maestr\u00eda son la primera opci\u00f3n para clientes exigentes en calidad a nivel mundial.\" \/>\n<meta name=\"robots\" content=\"index, follow, max-snippet:-1, max-image-preview:large, max-video-preview:-1\" \/>\n<link rel=\"canonical\" href=\"https:\/\/conexmetals.com\/es\/producto\/contra-tuercas-para-accesorios-de-prensaestopas-de-laton\/\" \/>\n<script type=\"application\/ld+json\" class=\"yoast-schema-graph\">{\"@context\":\"https:\\\/\\\/schema.org\",\"@graph\":[{\"@type\":\"WebPage\",\"@id\":\"https:\\\/\\\/conexmetals.com\\\/es\\\/producto\\\/contra-tuercas-para-accesorios-de-prensaestopas-de-laton\\\/\",\"url\":\"https:\\\/\\\/conexmetals.com\\\/es\\\/producto\\\/contra-tuercas-para-accesorios-de-prensaestopas-de-laton\\\/\",\"name\":\"Contra tuercas para Accesorios de Prensaestopas de Lat\u00f3n\",\"isPartOf\":{\"@id\":\"https:\\\/\\\/conexmetals.com\\\/es\\\/#website\"},\"primaryImageOfPage\":{\"@id\":\"https:\\\/\\\/conexmetals.com\\\/es\\\/producto\\\/contra-tuercas-para-accesorios-de-prensaestopas-de-laton\\\/#primaryimage\"},\"image\":{\"@id\":\"https:\\\/\\\/conexmetals.com\\\/es\\\/producto\\\/contra-tuercas-para-accesorios-de-prensaestopas-de-laton\\\/#primaryimage\"},\"thumbnailUrl\":\"https:\\\/\\\/conexmetals.com\\\/wp-content\\\/uploads\\\/2025\\\/01\\\/Contra-tuercas-para-Accesorios-de-Prensaestopas-de-Laton.webp\",\"datePublished\":\"2023-08-18T07:32:03+00:00\",\"dateModified\":\"2025-01-18T09:29:55+00:00\",\"description\":\"Conex Metals, un fabricante y proveedor indio distinguido, se destaca en la producci\u00f3n de Accesorios para Cables, Accesorios de Prensaestopas, Prensaestopas de Lat\u00f3n, Contra tuercas de Lat\u00f3n y mucho m\u00e1s. Nuestros productos elaborados con maestr\u00eda son la primera opci\u00f3n para clientes exigentes en calidad a nivel mundial.\",\"breadcrumb\":{\"@id\":\"https:\\\/\\\/conexmetals.com\\\/es\\\/producto\\\/contra-tuercas-para-accesorios-de-prensaestopas-de-laton\\\/#breadcrumb\"},\"inLanguage\":\"es\",\"potentialAction\":[{\"@type\":\"ReadAction\",\"target\":[\"https:\\\/\\\/conexmetals.com\\\/es\\\/producto\\\/contra-tuercas-para-accesorios-de-prensaestopas-de-laton\\\/\"]}]},{\"@type\":\"ImageObject\",\"inLanguage\":\"es\",\"@id\":\"https:\\\/\\\/conexmetals.com\\\/es\\\/producto\\\/contra-tuercas-para-accesorios-de-prensaestopas-de-laton\\\/#primaryimage\",\"url\":\"https:\\\/\\\/conexmetals.com\\\/wp-content\\\/uploads\\\/2025\\\/01\\\/Contra-tuercas-para-Accesorios-de-Prensaestopas-de-Laton.webp\",\"contentUrl\":\"https:\\\/\\\/conexmetals.com\\\/wp-content\\\/uploads\\\/2025\\\/01\\\/Contra-tuercas-para-Accesorios-de-Prensaestopas-de-Laton.webp\",\"width\":350,\"height\":350,\"caption\":\"Contra tuercas para Accesorios de Prensaestopas de Lat\u00f3n\"},{\"@type\":\"BreadcrumbList\",\"@id\":\"https:\\\/\\\/conexmetals.com\\\/es\\\/producto\\\/contra-tuercas-para-accesorios-de-prensaestopas-de-laton\\\/#breadcrumb\",\"itemListElement\":[{\"@type\":\"ListItem\",\"position\":1,\"name\":\"Home\",\"item\":\"https:\\\/\\\/conexmetals.com\\\/es\\\/hogar\\\/\"},{\"@type\":\"ListItem\",\"position\":2,\"name\":\"Products\",\"item\":\"https:\\\/\\\/conexmetals.com\\\/products\\\/\"},{\"@type\":\"ListItem\",\"position\":3,\"name\":\"Contra tuercas para Accesorios de Prensaestopas de Lat\u00f3n\"}]},{\"@type\":\"WebSite\",\"@id\":\"https:\\\/\\\/conexmetals.com\\\/es\\\/#website\",\"url\":\"https:\\\/\\\/conexmetals.com\\\/es\\\/\",\"name\":\"Conex Metals Brass Fittings Brass Parts Copper Parts Brass Components Brass Plumbing Fittings India\",\"description\":\"Manufacturer of Bronze Fittings casting Copper Brass parts components\",\"publisher\":{\"@id\":\"https:\\\/\\\/conexmetals.com\\\/es\\\/#organization\"},\"potentialAction\":[{\"@type\":\"SearchAction\",\"target\":{\"@type\":\"EntryPoint\",\"urlTemplate\":\"https:\\\/\\\/conexmetals.com\\\/es\\\/?s={search_term_string}\"},\"query-input\":{\"@type\":\"PropertyValueSpecification\",\"valueRequired\":true,\"valueName\":\"search_term_string\"}}],\"inLanguage\":\"es\"},{\"@type\":\"Organization\",\"@id\":\"https:\\\/\\\/conexmetals.com\\\/es\\\/#organization\",\"name\":\"Conex Metals Brass Fittings Brass Parts Copper Parts Brass Components Brass Plumbing Fittings India\",\"url\":\"https:\\\/\\\/conexmetals.com\\\/es\\\/\",\"logo\":{\"@type\":\"ImageObject\",\"inLanguage\":\"es\",\"@id\":\"https:\\\/\\\/conexmetals.com\\\/es\\\/#\\\/schema\\\/logo\\\/image\\\/\",\"url\":\"https:\\\/\\\/conexmetals.com\\\/wp-content\\\/uploads\\\/2024\\\/03\\\/conex-metals-logo.webp\",\"contentUrl\":\"https:\\\/\\\/conexmetals.com\\\/wp-content\\\/uploads\\\/2024\\\/03\\\/conex-metals-logo.webp\",\"width\":300,\"height\":121,\"caption\":\"Conex Metals Brass Fittings Brass Parts Copper Parts Brass Components Brass Plumbing Fittings India\"},\"image\":{\"@id\":\"https:\\\/\\\/conexmetals.com\\\/es\\\/#\\\/schema\\\/logo\\\/image\\\/\"},\"sameAs\":[\"https:\\\/\\\/www.facebook.com\\\/conexbrass\",\"https:\\\/\\\/x.com\\\/conexindia\",\"https:\\\/\\\/www.linkedin.com\\\/company\\\/conex-metals-india\\\/\",\"https:\\\/\\\/www.instagram.com\\\/conexindia\\\/\"]}]}<\/script>\n<!-- \/ Yoast SEO plugin. -->","yoast_head_json":{"title":"Contra tuercas para Accesorios de Prensaestopas de Lat\u00f3n","description":"Conex Metals, un fabricante y proveedor indio distinguido, se destaca en la producci\u00f3n de Accesorios para Cables, Accesorios de Prensaestopas, Prensaestopas de Lat\u00f3n, Contra tuercas de Lat\u00f3n y mucho m\u00e1s. Nuestros productos elaborados con maestr\u00eda son la primera opci\u00f3n para clientes exigentes en calidad a nivel mundial.","robots":{"index":"index","follow":"follow","max-snippet":"max-snippet:-1","max-image-preview":"max-image-preview:large","max-video-preview":"max-video-preview:-1"},"canonical":"https:\/\/conexmetals.com\/es\/producto\/contra-tuercas-para-accesorios-de-prensaestopas-de-laton\/","schema":{"@context":"https:\/\/schema.org","@graph":[{"@type":"WebPage","@id":"https:\/\/conexmetals.com\/es\/producto\/contra-tuercas-para-accesorios-de-prensaestopas-de-laton\/","url":"https:\/\/conexmetals.com\/es\/producto\/contra-tuercas-para-accesorios-de-prensaestopas-de-laton\/","name":"Contra tuercas para Accesorios de Prensaestopas de Lat\u00f3n","isPartOf":{"@id":"https:\/\/conexmetals.com\/es\/#website"},"primaryImageOfPage":{"@id":"https:\/\/conexmetals.com\/es\/producto\/contra-tuercas-para-accesorios-de-prensaestopas-de-laton\/#primaryimage"},"image":{"@id":"https:\/\/conexmetals.com\/es\/producto\/contra-tuercas-para-accesorios-de-prensaestopas-de-laton\/#primaryimage"},"thumbnailUrl":"https:\/\/conexmetals.com\/wp-content\/uploads\/2025\/01\/Contra-tuercas-para-Accesorios-de-Prensaestopas-de-Laton.webp","datePublished":"2023-08-18T07:32:03+00:00","dateModified":"2025-01-18T09:29:55+00:00","description":"Conex Metals, un fabricante y proveedor indio distinguido, se destaca en la producci\u00f3n de Accesorios para Cables, Accesorios de Prensaestopas, Prensaestopas de Lat\u00f3n, Contra tuercas de Lat\u00f3n y mucho m\u00e1s. Nuestros productos elaborados con maestr\u00eda son la primera opci\u00f3n para clientes exigentes en calidad a nivel mundial.","breadcrumb":{"@id":"https:\/\/conexmetals.com\/es\/producto\/contra-tuercas-para-accesorios-de-prensaestopas-de-laton\/#breadcrumb"},"inLanguage":"es","potentialAction":[{"@type":"ReadAction","target":["https:\/\/conexmetals.com\/es\/producto\/contra-tuercas-para-accesorios-de-prensaestopas-de-laton\/"]}]},{"@type":"ImageObject","inLanguage":"es","@id":"https:\/\/conexmetals.com\/es\/producto\/contra-tuercas-para-accesorios-de-prensaestopas-de-laton\/#primaryimage","url":"https:\/\/conexmetals.com\/wp-content\/uploads\/2025\/01\/Contra-tuercas-para-Accesorios-de-Prensaestopas-de-Laton.webp","contentUrl":"https:\/\/conexmetals.com\/wp-content\/uploads\/2025\/01\/Contra-tuercas-para-Accesorios-de-Prensaestopas-de-Laton.webp","width":350,"height":350,"caption":"Contra tuercas para Accesorios de Prensaestopas de Lat\u00f3n"},{"@type":"BreadcrumbList","@id":"https:\/\/conexmetals.com\/es\/producto\/contra-tuercas-para-accesorios-de-prensaestopas-de-laton\/#breadcrumb","itemListElement":[{"@type":"ListItem","position":1,"name":"Home","item":"https:\/\/conexmetals.com\/es\/hogar\/"},{"@type":"ListItem","position":2,"name":"Products","item":"https:\/\/conexmetals.com\/products\/"},{"@type":"ListItem","position":3,"name":"Contra tuercas para Accesorios de Prensaestopas de Lat\u00f3n"}]},{"@type":"WebSite","@id":"https:\/\/conexmetals.com\/es\/#website","url":"https:\/\/conexmetals.com\/es\/","name":"Conex Metals Brass Fittings Brass Parts Copper Parts Brass Components Brass Plumbing Fittings India","description":"Manufacturer of Bronze Fittings casting Copper Brass parts components","publisher":{"@id":"https:\/\/conexmetals.com\/es\/#organization"},"potentialAction":[{"@type":"SearchAction","target":{"@type":"EntryPoint","urlTemplate":"https:\/\/conexmetals.com\/es\/?s={search_term_string}"},"query-input":{"@type":"PropertyValueSpecification","valueRequired":true,"valueName":"search_term_string"}}],"inLanguage":"es"},{"@type":"Organization","@id":"https:\/\/conexmetals.com\/es\/#organization","name":"Conex Metals Brass Fittings Brass Parts Copper Parts Brass Components Brass Plumbing Fittings India","url":"https:\/\/conexmetals.com\/es\/","logo":{"@type":"ImageObject","inLanguage":"es","@id":"https:\/\/conexmetals.com\/es\/#\/schema\/logo\/image\/","url":"https:\/\/conexmetals.com\/wp-content\/uploads\/2024\/03\/conex-metals-logo.webp","contentUrl":"https:\/\/conexmetals.com\/wp-content\/uploads\/2024\/03\/conex-metals-logo.webp","width":300,"height":121,"caption":"Conex Metals Brass Fittings Brass Parts Copper Parts Brass Components Brass Plumbing Fittings India"},"image":{"@id":"https:\/\/conexmetals.com\/es\/#\/schema\/logo\/image\/"},"sameAs":["https:\/\/www.facebook.com\/conexbrass","https:\/\/x.com\/conexindia","https:\/\/www.linkedin.com\/company\/conex-metals-india\/","https:\/\/www.instagram.com\/conexindia\/"]}]}},"_links":{"self":[{"href":"https:\/\/conexmetals.com\/es\/wp-json\/wp\/v2\/product\/13400","targetHints":{"allow":["GET"]}}],"collection":[{"href":"https:\/\/conexmetals.com\/es\/wp-json\/wp\/v2\/product"}],"about":[{"href":"https:\/\/conexmetals.com\/es\/wp-json\/wp\/v2\/types\/product"}],"wp:featuredmedia":[{"embeddable":true,"href":"https:\/\/conexmetals.com\/es\/wp-json\/wp\/v2\/media\/13238"}],"wp:attachment":[{"href":"https:\/\/conexmetals.com\/es\/wp-json\/wp\/v2\/media?parent=13400"}],"wp:term":[{"taxonomy":"product_brand","embeddable":true,"href":"https:\/\/conexmetals.com\/es\/wp-json\/wp\/v2\/product_brand?post=13400"},{"taxonomy":"product_cat","embeddable":true,"href":"https:\/\/conexmetals.com\/es\/wp-json\/wp\/v2\/product_cat?post=13400"},{"taxonomy":"product_tag","embeddable":true,"href":"https:\/\/conexmetals.com\/es\/wp-json\/wp\/v2\/product_tag?post=13400"}],"curies":[{"name":"wp","href":"https:\/\/api.w.org\/{rel}","templated":true}]}}