{"id":13405,"date":"2023-08-18T13:00:24","date_gmt":"2023-08-18T07:30:24","guid":{"rendered":"https:\/\/conexmetals.com\/?post_type=product&#038;p=13405"},"modified":"2025-01-22T15:57:15","modified_gmt":"2025-01-22T10:27:15","slug":"tabla-de-seccion-de-prensaestopas-de-laton","status":"publish","type":"product","link":"https:\/\/conexmetals.com\/es\/producto\/tabla-de-seccion-de-prensaestopas-de-laton\/","title":{"rendered":"Tabla de Secci\u00f3n de Prensaestopas de Lat\u00f3n"},"content":{"rendered":"","protected":false},"excerpt":{"rendered":"<p>Los prensaestopas de lat\u00f3n desempe\u00f1an un papel fundamental en la sujeci\u00f3n y protecci\u00f3n de los cables el\u00e9ctricos, garantizando la retenci\u00f3n mec\u00e1nica y manteniendo la continuidad el\u00e9ctrica. La siguiente tabla proporciona un cuadro de selecci\u00f3n detallado para ayudar a elegir el tama\u00f1o correcto de prensaestopas de lat\u00f3n para diversas configuraciones de cables y tama\u00f1os de conductores.<\/p>\n<p><strong>Caracter\u00edsticas principales de los prensaestopas de lat\u00f3n:<\/strong><\/p>\n<ul>\n<li><strong>Durabilidad<\/strong>\u00a0: fabricado con lat\u00f3n de alta calidad para un rendimiento duradero.<\/li>\n<li><strong>Amplia gama<\/strong>\u00a0: adecuado para diferentes tama\u00f1os de cables y tipos de conductores.<\/li>\n<li><strong>Aplicaciones<\/strong>\u00a0: Ideal para instalaciones el\u00e9ctricas industriales y comerciales.<\/li>\n<\/ul>\n<p>&nbsp;<\/p>\n<table id=\"tablepress-1\" class=\"tablepress tablepress-id-1\">\n<tbody class=\"row-hover\">\n<tr class=\"row-1 odd\">\n<th class=\"column-3\" colspan=\"13\">TABLA DE SELECCI\u00d3N DE PRENSAESTOPAS DE LAT\u00d3N<\/th>\n<\/tr>\n<tr class=\"row-2 even\">\n<td class=\"column-1\" colspan=\"6\">Tama\u00f1o del cable Conductor<\/td>\n<td class=\"column-7\" colspan=\"9\">N\u00famero de n\u00facleos<\/td>\n<\/tr>\n<tr class=\"row-3 odd\">\n<td class=\"column-1\">\u00c1rea\u00a0nominal<br \/>\nmm\u00b2<\/td>\n<td class=\"column-2\">Neutral<\/td>\n<td class=\"column-3\">1<\/td>\n<td class=\"column-4\">2<\/td>\n<td class=\"column-5\">3<\/td>\n<td class=\"column-6\">3 \u00bd<\/td>\n<td class=\"column-7\">4<\/td>\n<td class=\"column-8\">5<\/td>\n<td class=\"column-9\">7<\/td>\n<td class=\"column-10\">10<\/td>\n<td class=\"column-11\">12<\/td>\n<td class=\"column-12\">19<\/td>\n<td class=\"column-13\">27<\/td>\n<td class=\"column-14\">37<\/td>\n<td class=\"column-15\">4<\/td>\n<\/tr>\n<tr class=\"row-4 even\">\n<td class=\"column-1\">1.5<\/td>\n<td class=\"column-2\">\u2013<\/td>\n<td class=\"column-3\">\u2013<\/td>\n<td class=\"column-4\">16<\/td>\n<td class=\"column-5\">16<\/td>\n<td class=\"column-6\">\u2013<\/td>\n<td class=\"column-7\">A\u00f1os 20<\/td>\n<td class=\"column-8\">A\u00f1os 20<\/td>\n<td class=\"column-9\">A\u00f1os 20<\/td>\n<td class=\"column-10\">20<\/td>\n<td class=\"column-11\">20<\/td>\n<td class=\"column-12\">25<\/td>\n<td class=\"column-13\">25<\/td>\n<td class=\"column-14\">32<\/td>\n<td class=\"column-15\">32<\/td>\n<\/tr>\n<tr class=\"row-5 odd\">\n<td class=\"column-1\">2.5<\/td>\n<td class=\"column-2\">\u2013<\/td>\n<td class=\"column-3\">\u2013<\/td>\n<td class=\"column-4\">A\u00f1os 20<\/td>\n<td class=\"column-5\">A\u00f1os 20<\/td>\n<td class=\"column-6\">\u2013<\/td>\n<td class=\"column-7\">A\u00f1os 20<\/td>\n<td class=\"column-8\">A\u00f1os 20<\/td>\n<td class=\"column-9\">20<\/td>\n<td class=\"column-10\">25<\/td>\n<td class=\"column-11\">25<\/td>\n<td class=\"column-12\">25<\/td>\n<td class=\"column-13\">32<\/td>\n<td class=\"column-14\">32<\/td>\n<td class=\"column-15\">40<\/td>\n<\/tr>\n<tr class=\"row-6 even\">\n<td class=\"column-1\">4<\/td>\n<td class=\"column-2\">\u2013<\/td>\n<td class=\"column-3\">\u2013<\/td>\n<td class=\"column-4\">A\u00f1os 20<\/td>\n<td class=\"column-5\">20<\/td>\n<td class=\"column-6\">\u2013<\/td>\n<td class=\"column-7\">20<\/td>\n<td class=\"column-8\">20<\/td>\n<td class=\"column-9\">25<\/td>\n<td class=\"column-10\">25<\/td>\n<td class=\"column-11\">32<\/td>\n<td class=\"column-12\">32<\/td>\n<td class=\"column-13\">40<\/td>\n<td class=\"column-14\"><\/td>\n<td class=\"column-15\"><\/td>\n<\/tr>\n<tr class=\"row-7 odd\">\n<td class=\"column-1\">6<\/td>\n<td class=\"column-2\">\u2013<\/td>\n<td class=\"column-3\">\u2013<\/td>\n<td class=\"column-4\">20<\/td>\n<td class=\"column-5\">20<\/td>\n<td class=\"column-6\">\u2013<\/td>\n<td class=\"column-7\">20<\/td>\n<td class=\"column-8\"><\/td>\n<td class=\"column-9\"><\/td>\n<td class=\"column-10\"><\/td>\n<td class=\"column-11\"><\/td>\n<td class=\"column-12\"><\/td>\n<td class=\"column-13\"><\/td>\n<td class=\"column-14\"><\/td>\n<td class=\"column-15\"><\/td>\n<\/tr>\n<tr class=\"row-8 even\">\n<td class=\"column-1\">10<\/td>\n<td class=\"column-2\">\u2013<\/td>\n<td class=\"column-3\">\u2013<\/td>\n<td class=\"column-4\">25<\/td>\n<td class=\"column-5\">25<\/td>\n<td class=\"column-6\">\u2013<\/td>\n<td class=\"column-7\">25<\/td>\n<td class=\"column-8\"><\/td>\n<td class=\"column-9\"><\/td>\n<td class=\"column-10\"><\/td>\n<td class=\"column-11\"><\/td>\n<td class=\"column-12\"><\/td>\n<td class=\"column-13\"><\/td>\n<td class=\"column-14\"><\/td>\n<td class=\"column-15\"><\/td>\n<\/tr>\n<tr class=\"row-9 odd\">\n<td class=\"column-1\">16<\/td>\n<td class=\"column-2\">\u2013<\/td>\n<td class=\"column-3\">\u2013<\/td>\n<td class=\"column-4\">25<\/td>\n<td class=\"column-5\">25<\/td>\n<td class=\"column-6\">\u2013<\/td>\n<td class=\"column-7\">25<\/td>\n<td class=\"column-8\"><\/td>\n<td class=\"column-9\"><\/td>\n<td class=\"column-10\"><\/td>\n<td class=\"column-11\"><\/td>\n<td class=\"column-12\"><\/td>\n<td class=\"column-13\"><\/td>\n<td class=\"column-14\"><\/td>\n<td class=\"column-15\"><\/td>\n<\/tr>\n<tr class=\"row-10 even\">\n<td class=\"column-1\">25<\/td>\n<td class=\"column-2\">16<\/td>\n<td class=\"column-3\">\u2013<\/td>\n<td class=\"column-4\">32<br \/>\n25<\/td>\n<td class=\"column-5\">32<br \/>\n25<\/td>\n<td class=\"column-6\">32<\/td>\n<td class=\"column-7\">32<br \/>\n32<\/td>\n<td class=\"column-8\"><\/td>\n<td class=\"column-9\"><\/td>\n<td class=\"column-10\"><\/td>\n<td class=\"column-11\"><\/td>\n<td class=\"column-12\"><\/td>\n<td class=\"column-13\"><\/td>\n<td class=\"column-14\"><\/td>\n<td class=\"column-15\"><\/td>\n<\/tr>\n<tr class=\"row-11 odd\">\n<td class=\"column-1\">35<\/td>\n<td class=\"column-2\">16<\/td>\n<td class=\"column-3\">\u2013<\/td>\n<td class=\"column-4\">32<br \/>\n25<\/td>\n<td class=\"column-5\">32<br \/>\n32<\/td>\n<td class=\"column-6\">32<\/td>\n<td class=\"column-7\">40<br \/>\n32<\/td>\n<td class=\"column-8\"><\/td>\n<td class=\"column-9\"><\/td>\n<td class=\"column-10\"><\/td>\n<td class=\"column-11\"><\/td>\n<td class=\"column-12\"><\/td>\n<td class=\"column-13\"><\/td>\n<td class=\"column-14\"><\/td>\n<td class=\"column-15\"><\/td>\n<\/tr>\n<tr class=\"row-12 even\">\n<td class=\"column-1\">50<\/td>\n<td class=\"column-2\">25<\/td>\n<td class=\"column-3\">25<\/td>\n<td class=\"column-4\">32<\/td>\n<td class=\"column-5\">32<\/td>\n<td class=\"column-6\">32<\/td>\n<td class=\"column-7\">40<\/td>\n<td class=\"column-8\"><\/td>\n<td class=\"column-9\"><\/td>\n<td class=\"column-10\"><\/td>\n<td class=\"column-11\"><\/td>\n<td class=\"column-12\"><\/td>\n<td class=\"column-13\"><\/td>\n<td class=\"column-14\"><\/td>\n<td class=\"column-15\"><\/td>\n<\/tr>\n<tr class=\"row-13 odd\">\n<td class=\"column-1\">70<\/td>\n<td class=\"column-2\">35<\/td>\n<td class=\"column-3\">25<\/td>\n<td class=\"column-4\">32<\/td>\n<td class=\"column-5\">40<\/td>\n<td class=\"column-6\">40<\/td>\n<td class=\"column-7\">40<\/td>\n<td class=\"column-8\"><\/td>\n<td class=\"column-9\"><\/td>\n<td class=\"column-10\"><\/td>\n<td class=\"column-11\"><\/td>\n<td class=\"column-12\"><\/td>\n<td class=\"column-13\"><\/td>\n<td class=\"column-14\"><\/td>\n<td class=\"column-15\"><\/td>\n<\/tr>\n<tr class=\"row-14 even\">\n<td class=\"column-1\">95<\/td>\n<td class=\"column-2\">50<\/td>\n<td class=\"column-3\">25<\/td>\n<td class=\"column-4\">40<\/td>\n<td class=\"column-5\">40<\/td>\n<td class=\"column-6\">A\u00f1os 50<\/td>\n<td class=\"column-7\">A\u00f1os 50<\/td>\n<td class=\"column-8\"><\/td>\n<td class=\"column-9\"><\/td>\n<td class=\"column-10\"><\/td>\n<td class=\"column-11\"><\/td>\n<td class=\"column-12\"><\/td>\n<td class=\"column-13\"><\/td>\n<td class=\"column-14\"><\/td>\n<td class=\"column-15\"><\/td>\n<\/tr>\n<tr class=\"row-15 odd\">\n<td class=\"column-1\">120<\/td>\n<td class=\"column-2\">70<\/td>\n<td class=\"column-3\">32<\/td>\n<td class=\"column-4\">40<\/td>\n<td class=\"column-5\">A\u00f1os 50<\/td>\n<td class=\"column-6\">50<\/td>\n<td class=\"column-7\">50<\/td>\n<td class=\"column-8\"><\/td>\n<td class=\"column-9\"><\/td>\n<td class=\"column-10\"><\/td>\n<td class=\"column-11\"><\/td>\n<td class=\"column-12\"><\/td>\n<td class=\"column-13\"><\/td>\n<td class=\"column-14\"><\/td>\n<td class=\"column-15\"><\/td>\n<\/tr>\n<tr class=\"row-16 even\">\n<td class=\"column-1\">150<\/td>\n<td class=\"column-2\">70<\/td>\n<td class=\"column-3\">32<\/td>\n<td class=\"column-4\">A\u00f1os 50<\/td>\n<td class=\"column-5\">50<\/td>\n<td class=\"column-6\">50<\/td>\n<td class=\"column-7\">63S<\/td>\n<td class=\"column-8\"><\/td>\n<td class=\"column-9\"><\/td>\n<td class=\"column-10\"><\/td>\n<td class=\"column-11\"><\/td>\n<td class=\"column-12\"><\/td>\n<td class=\"column-13\"><\/td>\n<td class=\"column-14\"><\/td>\n<td class=\"column-15\"><\/td>\n<\/tr>\n<tr class=\"row-17 odd\">\n<td class=\"column-1\">185<\/td>\n<td class=\"column-2\">95<\/td>\n<td class=\"column-3\">32<\/td>\n<td class=\"column-4\">50<\/td>\n<td class=\"column-5\">50<\/td>\n<td class=\"column-6\">63S<\/td>\n<td class=\"column-7\">63<\/td>\n<td class=\"column-8\"><\/td>\n<td class=\"column-9\"><\/td>\n<td class=\"column-10\"><\/td>\n<td class=\"column-11\"><\/td>\n<td class=\"column-12\"><\/td>\n<td class=\"column-13\"><\/td>\n<td class=\"column-14\"><\/td>\n<td class=\"column-15\"><\/td>\n<\/tr>\n<tr class=\"row-18 even\">\n<td class=\"column-1\">240<\/td>\n<td class=\"column-2\">120<\/td>\n<td class=\"column-3\">40<\/td>\n<td class=\"column-4\">50<\/td>\n<td class=\"column-5\">63S<\/td>\n<td class=\"column-6\">63<\/td>\n<td class=\"column-7\">75S<\/td>\n<td class=\"column-8\"><\/td>\n<td class=\"column-9\"><\/td>\n<td class=\"column-10\"><\/td>\n<td class=\"column-11\"><\/td>\n<td class=\"column-12\"><\/td>\n<td class=\"column-13\"><\/td>\n<td class=\"column-14\"><\/td>\n<td class=\"column-15\"><\/td>\n<\/tr>\n<tr class=\"row-19 odd\">\n<td class=\"column-1\">300<\/td>\n<td class=\"column-2\">150<\/td>\n<td class=\"column-3\">40<\/td>\n<td class=\"column-4\">63S<\/td>\n<td class=\"column-5\">63<\/td>\n<td class=\"column-6\">75S<\/td>\n<td class=\"column-7\">75<\/td>\n<td class=\"column-8\"><\/td>\n<td class=\"column-9\"><\/td>\n<td class=\"column-10\"><\/td>\n<td class=\"column-11\"><\/td>\n<td class=\"column-12\"><\/td>\n<td class=\"column-13\"><\/td>\n<td class=\"column-14\"><\/td>\n<td class=\"column-15\"><\/td>\n<\/tr>\n<tr class=\"row-20 even\">\n<td class=\"column-1\">300<\/td>\n<td class=\"column-2\">185<\/td>\n<td class=\"column-3\">\u2013<\/td>\n<td class=\"column-4\">\u2013<\/td>\n<td class=\"column-5\">\u2013<\/td>\n<td class=\"column-6\">75<\/td>\n<td class=\"column-7\">\u2013<\/td>\n<td class=\"column-8\"><\/td>\n<td class=\"column-9\"><\/td>\n<td class=\"column-10\"><\/td>\n<td class=\"column-11\"><\/td>\n<td class=\"column-12\"><\/td>\n<td class=\"column-13\"><\/td>\n<td class=\"column-14\"><\/td>\n<td class=\"column-15\"><\/td>\n<\/tr>\n<tr class=\"row-21 odd\">\n<td class=\"column-1\">400<\/td>\n<td class=\"column-2\">185<\/td>\n<td class=\"column-3\">A\u00f1os 50<\/td>\n<td class=\"column-4\">63<\/td>\n<td class=\"column-5\">75S<\/td>\n<td class=\"column-6\">90<\/td>\n<td class=\"column-7\">90<\/td>\n<td class=\"column-8\"><\/td>\n<td class=\"column-9\"><\/td>\n<td class=\"column-10\"><\/td>\n<td class=\"column-11\"><\/td>\n<td class=\"column-12\"><\/td>\n<td class=\"column-13\"><\/td>\n<td class=\"column-14\"><\/td>\n<td class=\"column-15\"><\/td>\n<\/tr>\n<tr class=\"row-22 even\">\n<td class=\"column-1\">500<\/td>\n<td class=\"column-2\">\u2013<\/td>\n<td class=\"column-3\">50<\/td>\n<td class=\"column-4\">\u2013<\/td>\n<td class=\"column-5\"><\/td>\n<td class=\"column-6\"><\/td>\n<td class=\"column-7\"><\/td>\n<td class=\"column-8\"><\/td>\n<td class=\"column-9\"><\/td>\n<td class=\"column-10\"><\/td>\n<td class=\"column-11\"><\/td>\n<td class=\"column-12\"><\/td>\n<td class=\"column-13\"><\/td>\n<td class=\"column-14\"><\/td>\n<td class=\"column-15\"><\/td>\n<\/tr>\n<tr class=\"row-23 odd\">\n<td class=\"column-1\">630<\/td>\n<td class=\"column-2\">\u2013<\/td>\n<td class=\"column-3\">50<\/td>\n<td class=\"column-4\">\u2013<\/td>\n<td class=\"column-5\"><\/td>\n<td class=\"column-6\"><\/td>\n<td class=\"column-7\"><\/td>\n<td class=\"column-8\"><\/td>\n<td class=\"column-9\"><\/td>\n<td class=\"column-10\"><\/td>\n<td class=\"column-11\"><\/td>\n<td class=\"column-12\"><\/td>\n<td class=\"column-13\"><\/td>\n<td class=\"column-14\"><\/td>\n<td class=\"column-15\"><\/td>\n<\/tr>\n<tr class=\"row-24 even\">\n<td class=\"column-1\">800<\/td>\n<td class=\"column-2\">\u2013<\/td>\n<td class=\"column-3\">63S<\/td>\n<td class=\"column-4\">\u2013<\/td>\n<td class=\"column-5\"><\/td>\n<td class=\"column-6\"><\/td>\n<td class=\"column-7\"><\/td>\n<td class=\"column-8\"><\/td>\n<td class=\"column-9\"><\/td>\n<td class=\"column-10\"><\/td>\n<td class=\"column-11\"><\/td>\n<td class=\"column-12\"><\/td>\n<td class=\"column-13\"><\/td>\n<\/tr>\n<\/tbody>\n<\/table>\n","protected":false},"featured_media":13216,"template":"","meta":[],"product_brand":[],"product_cat":[371],"product_tag":[],"class_list":{"0":"post-13405","1":"product","2":"type-product","3":"status-publish","4":"has-post-thumbnail","6":"product_cat-accesorios-para-prensas-de-cable","8":"first","9":"instock","10":"shipping-taxable","11":"product-type-simple"},"yoast_head":"<!-- This site is optimized with the Yoast SEO plugin v27.3 - https:\/\/yoast.com\/product\/yoast-seo-wordpress\/ -->\n<title>Tabla de Secci\u00f3n de Prensaestopas de Lat\u00f3n<\/title>\n<meta name=\"description\" content=\"Conex Metals ofrece una Tabla de Secci\u00f3n de Prensaestopas de Lat\u00f3n completa, Prensaestopas, Prensaestopas Impermeables, diversos Tipos de Prensaestopas y Prensaestopas de Lat\u00f3n, como un respetable fabricante, exportador y proveedor en la India.\" \/>\n<meta name=\"robots\" content=\"index, follow, max-snippet:-1, max-image-preview:large, max-video-preview:-1\" \/>\n<link rel=\"canonical\" href=\"https:\/\/conexmetals.com\/es\/producto\/tabla-de-seccion-de-prensaestopas-de-laton\/\" \/>\n<script type=\"application\/ld+json\" class=\"yoast-schema-graph\">{\"@context\":\"https:\\\/\\\/schema.org\",\"@graph\":[{\"@type\":\"WebPage\",\"@id\":\"https:\\\/\\\/conexmetals.com\\\/es\\\/producto\\\/tabla-de-seccion-de-prensaestopas-de-laton\\\/\",\"url\":\"https:\\\/\\\/conexmetals.com\\\/es\\\/producto\\\/tabla-de-seccion-de-prensaestopas-de-laton\\\/\",\"name\":\"Tabla de Secci\u00f3n de Prensaestopas de Lat\u00f3n\",\"isPartOf\":{\"@id\":\"https:\\\/\\\/conexmetals.com\\\/es\\\/#website\"},\"primaryImageOfPage\":{\"@id\":\"https:\\\/\\\/conexmetals.com\\\/es\\\/producto\\\/tabla-de-seccion-de-prensaestopas-de-laton\\\/#primaryimage\"},\"image\":{\"@id\":\"https:\\\/\\\/conexmetals.com\\\/es\\\/producto\\\/tabla-de-seccion-de-prensaestopas-de-laton\\\/#primaryimage\"},\"thumbnailUrl\":\"https:\\\/\\\/conexmetals.com\\\/wp-content\\\/uploads\\\/2025\\\/01\\\/Tabla-de-Seccion-de-Prensaestopas-de-Laton.webp\",\"datePublished\":\"2023-08-18T07:30:24+00:00\",\"dateModified\":\"2025-01-22T10:27:15+00:00\",\"description\":\"Conex Metals ofrece una Tabla de Secci\u00f3n de Prensaestopas de Lat\u00f3n completa, Prensaestopas, Prensaestopas Impermeables, diversos Tipos de Prensaestopas y Prensaestopas de Lat\u00f3n, como un respetable fabricante, exportador y proveedor en la India.\",\"breadcrumb\":{\"@id\":\"https:\\\/\\\/conexmetals.com\\\/es\\\/producto\\\/tabla-de-seccion-de-prensaestopas-de-laton\\\/#breadcrumb\"},\"inLanguage\":\"es\",\"potentialAction\":[{\"@type\":\"ReadAction\",\"target\":[\"https:\\\/\\\/conexmetals.com\\\/es\\\/producto\\\/tabla-de-seccion-de-prensaestopas-de-laton\\\/\"]}]},{\"@type\":\"ImageObject\",\"inLanguage\":\"es\",\"@id\":\"https:\\\/\\\/conexmetals.com\\\/es\\\/producto\\\/tabla-de-seccion-de-prensaestopas-de-laton\\\/#primaryimage\",\"url\":\"https:\\\/\\\/conexmetals.com\\\/wp-content\\\/uploads\\\/2025\\\/01\\\/Tabla-de-Seccion-de-Prensaestopas-de-Laton.webp\",\"contentUrl\":\"https:\\\/\\\/conexmetals.com\\\/wp-content\\\/uploads\\\/2025\\\/01\\\/Tabla-de-Seccion-de-Prensaestopas-de-Laton.webp\",\"width\":350,\"height\":350,\"caption\":\"Tabla de Secci\u00f3n de Prensaestopas de Lat\u00f3n\"},{\"@type\":\"BreadcrumbList\",\"@id\":\"https:\\\/\\\/conexmetals.com\\\/es\\\/producto\\\/tabla-de-seccion-de-prensaestopas-de-laton\\\/#breadcrumb\",\"itemListElement\":[{\"@type\":\"ListItem\",\"position\":1,\"name\":\"Home\",\"item\":\"https:\\\/\\\/conexmetals.com\\\/es\\\/hogar\\\/\"},{\"@type\":\"ListItem\",\"position\":2,\"name\":\"Products\",\"item\":\"https:\\\/\\\/conexmetals.com\\\/products\\\/\"},{\"@type\":\"ListItem\",\"position\":3,\"name\":\"Tabla de Secci\u00f3n de Prensaestopas de Lat\u00f3n\"}]},{\"@type\":\"WebSite\",\"@id\":\"https:\\\/\\\/conexmetals.com\\\/es\\\/#website\",\"url\":\"https:\\\/\\\/conexmetals.com\\\/es\\\/\",\"name\":\"Conex Metals Brass Fittings Brass Parts Copper Parts Brass Components Brass Plumbing Fittings India\",\"description\":\"Manufacturer of Bronze Fittings casting Copper Brass parts components\",\"publisher\":{\"@id\":\"https:\\\/\\\/conexmetals.com\\\/es\\\/#organization\"},\"potentialAction\":[{\"@type\":\"SearchAction\",\"target\":{\"@type\":\"EntryPoint\",\"urlTemplate\":\"https:\\\/\\\/conexmetals.com\\\/es\\\/?s={search_term_string}\"},\"query-input\":{\"@type\":\"PropertyValueSpecification\",\"valueRequired\":true,\"valueName\":\"search_term_string\"}}],\"inLanguage\":\"es\"},{\"@type\":\"Organization\",\"@id\":\"https:\\\/\\\/conexmetals.com\\\/es\\\/#organization\",\"name\":\"Conex Metals Brass Fittings Brass Parts Copper Parts Brass Components Brass Plumbing Fittings India\",\"url\":\"https:\\\/\\\/conexmetals.com\\\/es\\\/\",\"logo\":{\"@type\":\"ImageObject\",\"inLanguage\":\"es\",\"@id\":\"https:\\\/\\\/conexmetals.com\\\/es\\\/#\\\/schema\\\/logo\\\/image\\\/\",\"url\":\"https:\\\/\\\/conexmetals.com\\\/wp-content\\\/uploads\\\/2024\\\/03\\\/conex-metals-logo.webp\",\"contentUrl\":\"https:\\\/\\\/conexmetals.com\\\/wp-content\\\/uploads\\\/2024\\\/03\\\/conex-metals-logo.webp\",\"width\":300,\"height\":121,\"caption\":\"Conex Metals Brass Fittings Brass Parts Copper Parts Brass Components Brass Plumbing Fittings India\"},\"image\":{\"@id\":\"https:\\\/\\\/conexmetals.com\\\/es\\\/#\\\/schema\\\/logo\\\/image\\\/\"},\"sameAs\":[\"https:\\\/\\\/www.facebook.com\\\/conexbrass\",\"https:\\\/\\\/x.com\\\/conexindia\",\"https:\\\/\\\/www.linkedin.com\\\/company\\\/conex-metals-india\\\/\",\"https:\\\/\\\/www.instagram.com\\\/conexindia\\\/\"]}]}<\/script>\n<!-- \/ Yoast SEO plugin. -->","yoast_head_json":{"title":"Tabla de Secci\u00f3n de Prensaestopas de Lat\u00f3n","description":"Conex Metals ofrece una Tabla de Secci\u00f3n de Prensaestopas de Lat\u00f3n completa, Prensaestopas, Prensaestopas Impermeables, diversos Tipos de Prensaestopas y Prensaestopas de Lat\u00f3n, como un respetable fabricante, exportador y proveedor en la India.","robots":{"index":"index","follow":"follow","max-snippet":"max-snippet:-1","max-image-preview":"max-image-preview:large","max-video-preview":"max-video-preview:-1"},"canonical":"https:\/\/conexmetals.com\/es\/producto\/tabla-de-seccion-de-prensaestopas-de-laton\/","schema":{"@context":"https:\/\/schema.org","@graph":[{"@type":"WebPage","@id":"https:\/\/conexmetals.com\/es\/producto\/tabla-de-seccion-de-prensaestopas-de-laton\/","url":"https:\/\/conexmetals.com\/es\/producto\/tabla-de-seccion-de-prensaestopas-de-laton\/","name":"Tabla de Secci\u00f3n de Prensaestopas de Lat\u00f3n","isPartOf":{"@id":"https:\/\/conexmetals.com\/es\/#website"},"primaryImageOfPage":{"@id":"https:\/\/conexmetals.com\/es\/producto\/tabla-de-seccion-de-prensaestopas-de-laton\/#primaryimage"},"image":{"@id":"https:\/\/conexmetals.com\/es\/producto\/tabla-de-seccion-de-prensaestopas-de-laton\/#primaryimage"},"thumbnailUrl":"https:\/\/conexmetals.com\/wp-content\/uploads\/2025\/01\/Tabla-de-Seccion-de-Prensaestopas-de-Laton.webp","datePublished":"2023-08-18T07:30:24+00:00","dateModified":"2025-01-22T10:27:15+00:00","description":"Conex Metals ofrece una Tabla de Secci\u00f3n de Prensaestopas de Lat\u00f3n completa, Prensaestopas, Prensaestopas Impermeables, diversos Tipos de Prensaestopas y Prensaestopas de Lat\u00f3n, como un respetable fabricante, exportador y proveedor en la India.","breadcrumb":{"@id":"https:\/\/conexmetals.com\/es\/producto\/tabla-de-seccion-de-prensaestopas-de-laton\/#breadcrumb"},"inLanguage":"es","potentialAction":[{"@type":"ReadAction","target":["https:\/\/conexmetals.com\/es\/producto\/tabla-de-seccion-de-prensaestopas-de-laton\/"]}]},{"@type":"ImageObject","inLanguage":"es","@id":"https:\/\/conexmetals.com\/es\/producto\/tabla-de-seccion-de-prensaestopas-de-laton\/#primaryimage","url":"https:\/\/conexmetals.com\/wp-content\/uploads\/2025\/01\/Tabla-de-Seccion-de-Prensaestopas-de-Laton.webp","contentUrl":"https:\/\/conexmetals.com\/wp-content\/uploads\/2025\/01\/Tabla-de-Seccion-de-Prensaestopas-de-Laton.webp","width":350,"height":350,"caption":"Tabla de Secci\u00f3n de Prensaestopas de Lat\u00f3n"},{"@type":"BreadcrumbList","@id":"https:\/\/conexmetals.com\/es\/producto\/tabla-de-seccion-de-prensaestopas-de-laton\/#breadcrumb","itemListElement":[{"@type":"ListItem","position":1,"name":"Home","item":"https:\/\/conexmetals.com\/es\/hogar\/"},{"@type":"ListItem","position":2,"name":"Products","item":"https:\/\/conexmetals.com\/products\/"},{"@type":"ListItem","position":3,"name":"Tabla de Secci\u00f3n de Prensaestopas de Lat\u00f3n"}]},{"@type":"WebSite","@id":"https:\/\/conexmetals.com\/es\/#website","url":"https:\/\/conexmetals.com\/es\/","name":"Conex Metals Brass Fittings Brass Parts Copper Parts Brass Components Brass Plumbing Fittings India","description":"Manufacturer of Bronze Fittings casting Copper Brass parts components","publisher":{"@id":"https:\/\/conexmetals.com\/es\/#organization"},"potentialAction":[{"@type":"SearchAction","target":{"@type":"EntryPoint","urlTemplate":"https:\/\/conexmetals.com\/es\/?s={search_term_string}"},"query-input":{"@type":"PropertyValueSpecification","valueRequired":true,"valueName":"search_term_string"}}],"inLanguage":"es"},{"@type":"Organization","@id":"https:\/\/conexmetals.com\/es\/#organization","name":"Conex Metals Brass Fittings Brass Parts Copper Parts Brass Components Brass Plumbing Fittings India","url":"https:\/\/conexmetals.com\/es\/","logo":{"@type":"ImageObject","inLanguage":"es","@id":"https:\/\/conexmetals.com\/es\/#\/schema\/logo\/image\/","url":"https:\/\/conexmetals.com\/wp-content\/uploads\/2024\/03\/conex-metals-logo.webp","contentUrl":"https:\/\/conexmetals.com\/wp-content\/uploads\/2024\/03\/conex-metals-logo.webp","width":300,"height":121,"caption":"Conex Metals Brass Fittings Brass Parts Copper Parts Brass Components Brass Plumbing Fittings India"},"image":{"@id":"https:\/\/conexmetals.com\/es\/#\/schema\/logo\/image\/"},"sameAs":["https:\/\/www.facebook.com\/conexbrass","https:\/\/x.com\/conexindia","https:\/\/www.linkedin.com\/company\/conex-metals-india\/","https:\/\/www.instagram.com\/conexindia\/"]}]}},"_links":{"self":[{"href":"https:\/\/conexmetals.com\/es\/wp-json\/wp\/v2\/product\/13405","targetHints":{"allow":["GET"]}}],"collection":[{"href":"https:\/\/conexmetals.com\/es\/wp-json\/wp\/v2\/product"}],"about":[{"href":"https:\/\/conexmetals.com\/es\/wp-json\/wp\/v2\/types\/product"}],"wp:featuredmedia":[{"embeddable":true,"href":"https:\/\/conexmetals.com\/es\/wp-json\/wp\/v2\/media\/13216"}],"wp:attachment":[{"href":"https:\/\/conexmetals.com\/es\/wp-json\/wp\/v2\/media?parent=13405"}],"wp:term":[{"taxonomy":"product_brand","embeddable":true,"href":"https:\/\/conexmetals.com\/es\/wp-json\/wp\/v2\/product_brand?post=13405"},{"taxonomy":"product_cat","embeddable":true,"href":"https:\/\/conexmetals.com\/es\/wp-json\/wp\/v2\/product_cat?post=13405"},{"taxonomy":"product_tag","embeddable":true,"href":"https:\/\/conexmetals.com\/es\/wp-json\/wp\/v2\/product_tag?post=13405"}],"curies":[{"name":"wp","href":"https:\/\/api.w.org\/{rel}","templated":true}]}}