{"id":13419,"date":"2023-08-18T12:52:39","date_gmt":"2023-08-18T07:22:39","guid":{"rendered":"https:\/\/conexmetals.com\/?post_type=product&#038;p=13419"},"modified":"2025-01-22T15:50:29","modified_gmt":"2025-01-22T10:20:29","slug":"prensaestopas-de-laton-bw-de-3-partes","status":"publish","type":"product","link":"https:\/\/conexmetals.com\/es\/producto\/prensaestopas-de-laton-bw-de-3-partes\/","title":{"rendered":"Prensaestopas de Lat\u00f3n BW de 3 Partes"},"content":{"rendered":"","protected":false},"excerpt":{"rendered":"<p><img fetchpriority=\"high\" decoding=\"async\" class=\"alignnone wp-image-13023 size-full\" src=\"https:\/\/conexmetals.com\/wp-content\/uploads\/2023\/08\/BW2-Parts-Cable-Glands.webp\" alt=\"BW2-Parts-Cable-Glands\" width=\"704\" height=\"350\" srcset=\"https:\/\/conexmetals.com\/wp-content\/uploads\/2023\/08\/BW2-Parts-Cable-Glands.webp 704w, https:\/\/conexmetals.com\/wp-content\/uploads\/2023\/08\/BW2-Parts-Cable-Glands-300x149.webp 300w, https:\/\/conexmetals.com\/wp-content\/uploads\/2023\/08\/BW2-Parts-Cable-Glands-700x348.webp 700w\" sizes=\"(max-width: 704px) 100vw, 704px\" \/><\/p>\n<table id=\"tablepress-411\" class=\"tablepress tablepress-id-411\">\n<thead>\n<tr class=\"row-1 odd\">\n<th class=\"column-1\" colspan=\"7\"><strong>Ficha t\u00e9cnica<\/strong><\/th>\n<\/tr>\n<\/thead>\n<tbody class=\"row-hover\">\n<tr class=\"row-2 even\">\n<td class=\"column-1\"><strong>Tama\u00f1o<\/strong><\/td>\n<td class=\"column-2\"><strong>Hilo<\/strong><\/td>\n<td class=\"column-3\"><strong>Longitud<\/strong><\/td>\n<td class=\"column-4\"><strong>A<\/strong><\/td>\n<td class=\"column-5\"><strong>B<\/strong><\/td>\n<td class=\"column-6\"><strong>A\/C<\/strong><\/td>\n<td class=\"column-7\"><strong>C.A<\/strong><\/td>\n<\/tr>\n<tr class=\"row-3 odd\">\n<td class=\"column-1\">A\u00f1os 20<\/td>\n<td class=\"column-2\">M20<\/td>\n<td class=\"column-3\">10<\/td>\n<td class=\"column-4\">13<\/td>\n<td class=\"column-5\">18<\/td>\n<td class=\"column-6\">23.5<\/td>\n<td class=\"column-7\">26<\/td>\n<\/tr>\n<tr class=\"row-4 even\">\n<td class=\"column-1\">20 litros<\/td>\n<td class=\"column-2\">M20<\/td>\n<td class=\"column-3\">10<\/td>\n<td class=\"column-4\">14<\/td>\n<td class=\"column-5\">21<\/td>\n<td class=\"column-6\">25<\/td>\n<td class=\"column-7\">28<\/td>\n<\/tr>\n<tr class=\"row-5 odd\">\n<td class=\"column-1\">25 a\u00f1os<\/td>\n<td class=\"column-2\">M25<\/td>\n<td class=\"column-3\">10<\/td>\n<td class=\"column-4\">18<\/td>\n<td class=\"column-5\">24<\/td>\n<td class=\"column-6\">31<\/td>\n<td class=\"column-7\">35.5<\/td>\n<\/tr>\n<tr class=\"row-6 even\">\n<td class=\"column-1\">25 litros<\/td>\n<td class=\"column-2\">M25<\/td>\n<td class=\"column-3\">10<\/td>\n<td class=\"column-4\">20.5<\/td>\n<td class=\"column-5\">27<\/td>\n<td class=\"column-6\">33<\/td>\n<td class=\"column-7\">37<\/td>\n<\/tr>\n<tr class=\"row-7 odd\">\n<td class=\"column-1\">32S<\/td>\n<td class=\"column-2\">M32<\/td>\n<td class=\"column-3\">10<\/td>\n<td class=\"column-4\">27<\/td>\n<td class=\"column-5\">33.5<\/td>\n<td class=\"column-6\">40.5<\/td>\n<td class=\"column-7\">45,5<\/td>\n<\/tr>\n<tr class=\"row-8 even\">\n<td class=\"column-1\">32 litros<\/td>\n<td class=\"column-2\">M32<\/td>\n<td class=\"column-3\">10<\/td>\n<td class=\"column-4\">27<\/td>\n<td class=\"column-5\">33.5<\/td>\n<td class=\"column-6\">40.5<\/td>\n<td class=\"column-7\">45,5<\/td>\n<\/tr>\n<tr class=\"row-9 odd\">\n<td class=\"column-1\">A\u00f1os 40<\/td>\n<td class=\"column-2\">M40<\/td>\n<td class=\"column-3\">13<\/td>\n<td class=\"column-4\">31.5<\/td>\n<td class=\"column-5\">39,5<\/td>\n<td class=\"column-6\">45,5<\/td>\n<td class=\"column-7\">50,5<\/td>\n<\/tr>\n<tr class=\"row-10 even\">\n<td class=\"column-1\">40 litros<\/td>\n<td class=\"column-2\">M40<\/td>\n<td class=\"column-3\">13<\/td>\n<td class=\"column-4\">33<\/td>\n<td class=\"column-5\">41.5<\/td>\n<td class=\"column-6\">49<\/td>\n<td class=\"column-7\">55<\/td>\n<\/tr>\n<tr class=\"row-11 odd\">\n<td class=\"column-1\">A\u00f1os 50<\/td>\n<td class=\"column-2\">M50<\/td>\n<td class=\"column-3\">13<\/td>\n<td class=\"column-4\">39,5<\/td>\n<td class=\"column-5\">48,5<\/td>\n<td class=\"column-6\">56,5<\/td>\n<td class=\"column-7\">63,5<\/td>\n<\/tr>\n<tr class=\"row-12 even\">\n<td class=\"column-1\">50 litros<\/td>\n<td class=\"column-2\">M50<\/td>\n<td class=\"column-3\">13<\/td>\n<td class=\"column-4\">44.5<\/td>\n<td class=\"column-5\">54.5<\/td>\n<td class=\"column-6\">62,5<\/td>\n<td class=\"column-7\">70.5<\/td>\n<\/tr>\n<tr class=\"row-13 odd\">\n<td class=\"column-1\">63S<\/td>\n<td class=\"column-2\">M63<\/td>\n<td class=\"column-3\">14<\/td>\n<td class=\"column-4\">50.2<\/td>\n<td class=\"column-5\">59.2<\/td>\n<td class=\"column-6\">68.8<\/td>\n<td class=\"column-7\">77<\/td>\n<\/tr>\n<tr class=\"row-14 even\">\n<td class=\"column-1\">63 litros<\/td>\n<td class=\"column-2\">M63<\/td>\n<td class=\"column-3\">13.5<\/td>\n<td class=\"column-4\">56,5<\/td>\n<td class=\"column-5\">65,5<\/td>\n<td class=\"column-6\">76<\/td>\n<td class=\"column-7\">86<\/td>\n<\/tr>\n<tr class=\"row-15 odd\">\n<td class=\"column-1\">75S<\/td>\n<td class=\"column-2\">M75<\/td>\n<td class=\"column-3\">15<\/td>\n<td class=\"column-4\">63,5<\/td>\n<td class=\"column-5\">72<\/td>\n<td class=\"column-6\">84<\/td>\n<td class=\"column-7\">94.5<\/td>\n<\/tr>\n<tr class=\"row-16 even\">\n<td class=\"column-1\">75 litros<\/td>\n<td class=\"column-2\">M75<\/td>\n<td class=\"column-3\">15<\/td>\n<td class=\"column-4\">69,5<\/td>\n<td class=\"column-5\">78,5<\/td>\n<td class=\"column-6\">90<\/td>\n<td class=\"column-7\">101<\/td>\n<\/tr>\n<tr class=\"row-17 odd\">\n<td class=\"column-1\">A\u00f1os 90<\/td>\n<td class=\"column-2\">M90<\/td>\n<td class=\"column-3\">20<\/td>\n<td class=\"column-4\">76<\/td>\n<td class=\"column-5\">85<\/td>\n<td class=\"column-6\">100<\/td>\n<td class=\"column-7\">111.2<\/td>\n<\/tr>\n<tr class=\"row-18 even\">\n<td class=\"column-1\">90 litros<\/td>\n<td class=\"column-2\">M90<\/td>\n<td class=\"column-3\">18<\/td>\n<td class=\"column-4\">78.4<\/td>\n<td class=\"column-5\">90,5<\/td>\n<td class=\"column-6\">103<\/td>\n<td class=\"column-7\">115<\/td>\n<\/tr>\n<\/tbody>\n<\/table>\n<p><img decoding=\"async\" class=\"size-full wp-image-13024 alignright lazy loaded\" src=\"https:\/\/conexmetals.com\/wp-content\/uploads\/2023\/08\/bw3-cable-gland-diagram.jpg\" alt=\"Diagrama de prensaestopas BW3\" width=\"115\" height=\"200\" data-src=\"https:\/\/conexmetals.com\/wp-content\/uploads\/2023\/08\/bw3-cable-gland-diagram.jpg\" data-was-processed=\"true\" \/>Los prensaestopas BW de 3 partes son un tipo espec\u00edfico de prensaestopas que se utilizan com\u00fanmente en aplicaciones industriales y comerciales para proporcionar puntos de entrada de cables a gabinetes, cajas de conexiones y equipos. La designaci\u00f3n \u201cBW\u201d indica un tipo o est\u00e1ndar particular de prensaestopas, y \u201c3 partes\u201d se refiere a su construcci\u00f3n, que consta de tres componentes principales. Estos prensaestopas est\u00e1n dise\u00f1ados para ofrecer un sellado de cables confiable y alivio de tensi\u00f3n en entornos donde puede haber polvo, humedad y otros contaminantes.<\/p>\n<p>A continuaci\u00f3n se muestran algunos puntos clave sobre los prensaestopas de 3 piezas BW:<\/p>\n<p><strong><b>Funci\u00f3n:<\/b><\/strong>\u00a0\u00a0Los prensaestopas BW de 3 piezas cumplen varias funciones:<\/p>\n<ol>\n<li><b><\/b><strong><b>Entrada de cables:<\/b><\/strong>\u00a0Proporcionan un punto de entrada seguro para cables en gabinetes o equipos mientras mantienen un sello para evitar la entrada de polvo, humedad y otros contaminantes.<\/li>\n<li><b><\/b><strong><b>Alivio de tensi\u00f3n:<\/b><\/strong>\u00a0los prensaestopas ofrecen soporte mec\u00e1nico para evitar que el cable se doble o se tense excesivamente en el punto donde ingresa al gabinete. Esto ayuda a proteger el cable y a mantener su integridad.<\/li>\n<\/ol>\n<p><strong><b>Construcci\u00f3n:<\/b><\/strong>\u00a0\u00a0El aspecto de \u201c3 partes\u201d de los prensaestopas de 3 partes BW se refiere a su dise\u00f1o, que normalmente consta de los siguientes componentes:<\/p>\n<ol>\n<li><b><\/b><strong><b>Cuerpo del prensaestopas:<\/b><\/strong>\u00a0El cuerpo principal del prensaestopas, que est\u00e1 roscado y aloja el cable.<\/li>\n<li><b><\/b><strong><b>Contratuerca:<\/b><\/strong>\u00a0Tuerca roscada que fija el cuerpo del casquillo al gabinete o equipo, asegurando un ajuste perfecto.<\/li>\n<li><b><\/b><strong><b>Inserto de sellado:<\/b><\/strong>\u00a0este componente proporciona el sello entre el cable y el cuerpo del casquillo. Evita la entrada de humedad, polvo y otros contaminantes.<\/li>\n<\/ol>\n<p><strong><b>Caracter\u00edsticas:<\/b><\/strong>\u00a0\u00a0Los prensaestopas BW de 3 piezas suelen tener las siguientes caracter\u00edsticas:<\/p>\n<ol>\n<li><b><\/b><strong><b>Dise\u00f1o roscado:<\/b><\/strong>\u00a0El dise\u00f1o roscado permite una f\u00e1cil instalaci\u00f3n atornillando el casquillo en el gabinete o equipo.<\/li>\n<li><b><\/b><strong><b>Anillos de sellado:<\/b><\/strong>\u00a0Los insertos de sellado generalmente est\u00e1n hechos de materiales elastom\u00e9ricos como caucho o silicona, que forman un sello herm\u00e9tico alrededor del cable.<\/li>\n<li><b><\/b><strong><b>Amplia gama de tama\u00f1os de cables:<\/b><\/strong>\u00a0estos prensaestopas pueden adaptarse a una variedad de di\u00e1metros de cables, lo que los hace vers\u00e1tiles para diferentes tama\u00f1os de cables.<\/li>\n<li><b><\/b><strong><b>Resistencia a la intemperie:<\/b><\/strong>\u00a0Los prensaestopas BW suelen estar dise\u00f1ados para ser resistentes a la intemperie, lo que permite su uso en entornos exteriores y expuestos.<\/li>\n<\/ol>\n<p><strong><b>Aplicaciones:<\/b><\/strong>\u00a0\u00a0Los prensaestopas BW de 3 piezas se utilizan habitualmente en diversas industrias, incluidas las de fabricaci\u00f3n, las industrias de procesamiento, la construcci\u00f3n y m\u00e1s. Son adecuados para aplicaciones en las que se requiere un sellado y una protecci\u00f3n fiables de los cables.<\/p>\n","protected":false},"featured_media":13226,"template":"","meta":[],"product_brand":[],"product_cat":[367],"product_tag":[],"class_list":{"0":"post-13419","1":"product","2":"type-product","3":"status-publish","4":"has-post-thumbnail","6":"product_cat-prensas-de-cable","8":"first","9":"instock","10":"shipping-taxable","11":"product-type-simple"},"yoast_head":"<!-- This site is optimized with the Yoast SEO plugin v27.3 - https:\/\/yoast.com\/product\/yoast-seo-wordpress\/ -->\n<title>Prensaestopas de Lat\u00f3n BW de 3 Partes<\/title>\n<meta name=\"description\" content=\"Descubra los Prensaestopas de Lat\u00f3n BW de 3 Partes de Conex Metals, el ep\u00edtome de precisi\u00f3n y calidad. Nuestros Prensaestopas de Lat\u00f3n BW y Prensaestopas de Lat\u00f3n est\u00e1n dise\u00f1ados para un rendimiento \u00f3ptimo. Como fabricante reconocido en Jamnagar, India, ofrecemos una variedad de tama\u00f1os, incluidos 20 mm, 25 mm y 32 mm, satisfaciendo las necesidades de proveedores y exportadores.\" \/>\n<meta name=\"robots\" content=\"index, follow, max-snippet:-1, max-image-preview:large, max-video-preview:-1\" \/>\n<link rel=\"canonical\" href=\"https:\/\/conexmetals.com\/es\/producto\/prensaestopas-de-laton-bw-de-3-partes\/\" \/>\n<script type=\"application\/ld+json\" class=\"yoast-schema-graph\">{\"@context\":\"https:\\\/\\\/schema.org\",\"@graph\":[{\"@type\":\"WebPage\",\"@id\":\"https:\\\/\\\/conexmetals.com\\\/es\\\/producto\\\/prensaestopas-de-laton-bw-de-3-partes\\\/\",\"url\":\"https:\\\/\\\/conexmetals.com\\\/es\\\/producto\\\/prensaestopas-de-laton-bw-de-3-partes\\\/\",\"name\":\"Prensaestopas de Lat\u00f3n BW de 3 Partes\",\"isPartOf\":{\"@id\":\"https:\\\/\\\/conexmetals.com\\\/es\\\/#website\"},\"primaryImageOfPage\":{\"@id\":\"https:\\\/\\\/conexmetals.com\\\/es\\\/producto\\\/prensaestopas-de-laton-bw-de-3-partes\\\/#primaryimage\"},\"image\":{\"@id\":\"https:\\\/\\\/conexmetals.com\\\/es\\\/producto\\\/prensaestopas-de-laton-bw-de-3-partes\\\/#primaryimage\"},\"thumbnailUrl\":\"https:\\\/\\\/conexmetals.com\\\/wp-content\\\/uploads\\\/2025\\\/01\\\/Prensaestopas-de-Laton-BW-de-3-Partes.webp\",\"datePublished\":\"2023-08-18T07:22:39+00:00\",\"dateModified\":\"2025-01-22T10:20:29+00:00\",\"description\":\"Descubra los Prensaestopas de Lat\u00f3n BW de 3 Partes de Conex Metals, el ep\u00edtome de precisi\u00f3n y calidad. Nuestros Prensaestopas de Lat\u00f3n BW y Prensaestopas de Lat\u00f3n est\u00e1n dise\u00f1ados para un rendimiento \u00f3ptimo. Como fabricante reconocido en Jamnagar, India, ofrecemos una variedad de tama\u00f1os, incluidos 20 mm, 25 mm y 32 mm, satisfaciendo las necesidades de proveedores y exportadores.\",\"breadcrumb\":{\"@id\":\"https:\\\/\\\/conexmetals.com\\\/es\\\/producto\\\/prensaestopas-de-laton-bw-de-3-partes\\\/#breadcrumb\"},\"inLanguage\":\"es\",\"potentialAction\":[{\"@type\":\"ReadAction\",\"target\":[\"https:\\\/\\\/conexmetals.com\\\/es\\\/producto\\\/prensaestopas-de-laton-bw-de-3-partes\\\/\"]}]},{\"@type\":\"ImageObject\",\"inLanguage\":\"es\",\"@id\":\"https:\\\/\\\/conexmetals.com\\\/es\\\/producto\\\/prensaestopas-de-laton-bw-de-3-partes\\\/#primaryimage\",\"url\":\"https:\\\/\\\/conexmetals.com\\\/wp-content\\\/uploads\\\/2025\\\/01\\\/Prensaestopas-de-Laton-BW-de-3-Partes.webp\",\"contentUrl\":\"https:\\\/\\\/conexmetals.com\\\/wp-content\\\/uploads\\\/2025\\\/01\\\/Prensaestopas-de-Laton-BW-de-3-Partes.webp\",\"width\":300,\"height\":300,\"caption\":\"Prensaestopas de Lat\u00f3n BW de 3 Partes\"},{\"@type\":\"BreadcrumbList\",\"@id\":\"https:\\\/\\\/conexmetals.com\\\/es\\\/producto\\\/prensaestopas-de-laton-bw-de-3-partes\\\/#breadcrumb\",\"itemListElement\":[{\"@type\":\"ListItem\",\"position\":1,\"name\":\"Home\",\"item\":\"https:\\\/\\\/conexmetals.com\\\/es\\\/hogar\\\/\"},{\"@type\":\"ListItem\",\"position\":2,\"name\":\"Products\",\"item\":\"https:\\\/\\\/conexmetals.com\\\/products\\\/\"},{\"@type\":\"ListItem\",\"position\":3,\"name\":\"Prensaestopas de Lat\u00f3n BW de 3 Partes\"}]},{\"@type\":\"WebSite\",\"@id\":\"https:\\\/\\\/conexmetals.com\\\/es\\\/#website\",\"url\":\"https:\\\/\\\/conexmetals.com\\\/es\\\/\",\"name\":\"Conex Metals Brass Fittings Brass Parts Copper Parts Brass Components Brass Plumbing Fittings India\",\"description\":\"Manufacturer of Bronze Fittings casting Copper Brass parts components\",\"publisher\":{\"@id\":\"https:\\\/\\\/conexmetals.com\\\/es\\\/#organization\"},\"potentialAction\":[{\"@type\":\"SearchAction\",\"target\":{\"@type\":\"EntryPoint\",\"urlTemplate\":\"https:\\\/\\\/conexmetals.com\\\/es\\\/?s={search_term_string}\"},\"query-input\":{\"@type\":\"PropertyValueSpecification\",\"valueRequired\":true,\"valueName\":\"search_term_string\"}}],\"inLanguage\":\"es\"},{\"@type\":\"Organization\",\"@id\":\"https:\\\/\\\/conexmetals.com\\\/es\\\/#organization\",\"name\":\"Conex Metals Brass Fittings Brass Parts Copper Parts Brass Components Brass Plumbing Fittings India\",\"url\":\"https:\\\/\\\/conexmetals.com\\\/es\\\/\",\"logo\":{\"@type\":\"ImageObject\",\"inLanguage\":\"es\",\"@id\":\"https:\\\/\\\/conexmetals.com\\\/es\\\/#\\\/schema\\\/logo\\\/image\\\/\",\"url\":\"https:\\\/\\\/conexmetals.com\\\/wp-content\\\/uploads\\\/2024\\\/03\\\/conex-metals-logo.webp\",\"contentUrl\":\"https:\\\/\\\/conexmetals.com\\\/wp-content\\\/uploads\\\/2024\\\/03\\\/conex-metals-logo.webp\",\"width\":300,\"height\":121,\"caption\":\"Conex Metals Brass Fittings Brass Parts Copper Parts Brass Components Brass Plumbing Fittings India\"},\"image\":{\"@id\":\"https:\\\/\\\/conexmetals.com\\\/es\\\/#\\\/schema\\\/logo\\\/image\\\/\"},\"sameAs\":[\"https:\\\/\\\/www.facebook.com\\\/conexbrass\",\"https:\\\/\\\/x.com\\\/conexindia\",\"https:\\\/\\\/www.linkedin.com\\\/company\\\/conex-metals-india\\\/\",\"https:\\\/\\\/www.instagram.com\\\/conexindia\\\/\"]}]}<\/script>\n<!-- \/ Yoast SEO plugin. -->","yoast_head_json":{"title":"Prensaestopas de Lat\u00f3n BW de 3 Partes","description":"Descubra los Prensaestopas de Lat\u00f3n BW de 3 Partes de Conex Metals, el ep\u00edtome de precisi\u00f3n y calidad. Nuestros Prensaestopas de Lat\u00f3n BW y Prensaestopas de Lat\u00f3n est\u00e1n dise\u00f1ados para un rendimiento \u00f3ptimo. Como fabricante reconocido en Jamnagar, India, ofrecemos una variedad de tama\u00f1os, incluidos 20 mm, 25 mm y 32 mm, satisfaciendo las necesidades de proveedores y exportadores.","robots":{"index":"index","follow":"follow","max-snippet":"max-snippet:-1","max-image-preview":"max-image-preview:large","max-video-preview":"max-video-preview:-1"},"canonical":"https:\/\/conexmetals.com\/es\/producto\/prensaestopas-de-laton-bw-de-3-partes\/","schema":{"@context":"https:\/\/schema.org","@graph":[{"@type":"WebPage","@id":"https:\/\/conexmetals.com\/es\/producto\/prensaestopas-de-laton-bw-de-3-partes\/","url":"https:\/\/conexmetals.com\/es\/producto\/prensaestopas-de-laton-bw-de-3-partes\/","name":"Prensaestopas de Lat\u00f3n BW de 3 Partes","isPartOf":{"@id":"https:\/\/conexmetals.com\/es\/#website"},"primaryImageOfPage":{"@id":"https:\/\/conexmetals.com\/es\/producto\/prensaestopas-de-laton-bw-de-3-partes\/#primaryimage"},"image":{"@id":"https:\/\/conexmetals.com\/es\/producto\/prensaestopas-de-laton-bw-de-3-partes\/#primaryimage"},"thumbnailUrl":"https:\/\/conexmetals.com\/wp-content\/uploads\/2025\/01\/Prensaestopas-de-Laton-BW-de-3-Partes.webp","datePublished":"2023-08-18T07:22:39+00:00","dateModified":"2025-01-22T10:20:29+00:00","description":"Descubra los Prensaestopas de Lat\u00f3n BW de 3 Partes de Conex Metals, el ep\u00edtome de precisi\u00f3n y calidad. Nuestros Prensaestopas de Lat\u00f3n BW y Prensaestopas de Lat\u00f3n est\u00e1n dise\u00f1ados para un rendimiento \u00f3ptimo. Como fabricante reconocido en Jamnagar, India, ofrecemos una variedad de tama\u00f1os, incluidos 20 mm, 25 mm y 32 mm, satisfaciendo las necesidades de proveedores y exportadores.","breadcrumb":{"@id":"https:\/\/conexmetals.com\/es\/producto\/prensaestopas-de-laton-bw-de-3-partes\/#breadcrumb"},"inLanguage":"es","potentialAction":[{"@type":"ReadAction","target":["https:\/\/conexmetals.com\/es\/producto\/prensaestopas-de-laton-bw-de-3-partes\/"]}]},{"@type":"ImageObject","inLanguage":"es","@id":"https:\/\/conexmetals.com\/es\/producto\/prensaestopas-de-laton-bw-de-3-partes\/#primaryimage","url":"https:\/\/conexmetals.com\/wp-content\/uploads\/2025\/01\/Prensaestopas-de-Laton-BW-de-3-Partes.webp","contentUrl":"https:\/\/conexmetals.com\/wp-content\/uploads\/2025\/01\/Prensaestopas-de-Laton-BW-de-3-Partes.webp","width":300,"height":300,"caption":"Prensaestopas de Lat\u00f3n BW de 3 Partes"},{"@type":"BreadcrumbList","@id":"https:\/\/conexmetals.com\/es\/producto\/prensaestopas-de-laton-bw-de-3-partes\/#breadcrumb","itemListElement":[{"@type":"ListItem","position":1,"name":"Home","item":"https:\/\/conexmetals.com\/es\/hogar\/"},{"@type":"ListItem","position":2,"name":"Products","item":"https:\/\/conexmetals.com\/products\/"},{"@type":"ListItem","position":3,"name":"Prensaestopas de Lat\u00f3n BW de 3 Partes"}]},{"@type":"WebSite","@id":"https:\/\/conexmetals.com\/es\/#website","url":"https:\/\/conexmetals.com\/es\/","name":"Conex Metals Brass Fittings Brass Parts Copper Parts Brass Components Brass Plumbing Fittings India","description":"Manufacturer of Bronze Fittings casting Copper Brass parts components","publisher":{"@id":"https:\/\/conexmetals.com\/es\/#organization"},"potentialAction":[{"@type":"SearchAction","target":{"@type":"EntryPoint","urlTemplate":"https:\/\/conexmetals.com\/es\/?s={search_term_string}"},"query-input":{"@type":"PropertyValueSpecification","valueRequired":true,"valueName":"search_term_string"}}],"inLanguage":"es"},{"@type":"Organization","@id":"https:\/\/conexmetals.com\/es\/#organization","name":"Conex Metals Brass Fittings Brass Parts Copper Parts Brass Components Brass Plumbing Fittings India","url":"https:\/\/conexmetals.com\/es\/","logo":{"@type":"ImageObject","inLanguage":"es","@id":"https:\/\/conexmetals.com\/es\/#\/schema\/logo\/image\/","url":"https:\/\/conexmetals.com\/wp-content\/uploads\/2024\/03\/conex-metals-logo.webp","contentUrl":"https:\/\/conexmetals.com\/wp-content\/uploads\/2024\/03\/conex-metals-logo.webp","width":300,"height":121,"caption":"Conex Metals Brass Fittings Brass Parts Copper Parts Brass Components Brass Plumbing Fittings India"},"image":{"@id":"https:\/\/conexmetals.com\/es\/#\/schema\/logo\/image\/"},"sameAs":["https:\/\/www.facebook.com\/conexbrass","https:\/\/x.com\/conexindia","https:\/\/www.linkedin.com\/company\/conex-metals-india\/","https:\/\/www.instagram.com\/conexindia\/"]}]}},"_links":{"self":[{"href":"https:\/\/conexmetals.com\/es\/wp-json\/wp\/v2\/product\/13419","targetHints":{"allow":["GET"]}}],"collection":[{"href":"https:\/\/conexmetals.com\/es\/wp-json\/wp\/v2\/product"}],"about":[{"href":"https:\/\/conexmetals.com\/es\/wp-json\/wp\/v2\/types\/product"}],"wp:featuredmedia":[{"embeddable":true,"href":"https:\/\/conexmetals.com\/es\/wp-json\/wp\/v2\/media\/13226"}],"wp:attachment":[{"href":"https:\/\/conexmetals.com\/es\/wp-json\/wp\/v2\/media?parent=13419"}],"wp:term":[{"taxonomy":"product_brand","embeddable":true,"href":"https:\/\/conexmetals.com\/es\/wp-json\/wp\/v2\/product_brand?post=13419"},{"taxonomy":"product_cat","embeddable":true,"href":"https:\/\/conexmetals.com\/es\/wp-json\/wp\/v2\/product_cat?post=13419"},{"taxonomy":"product_tag","embeddable":true,"href":"https:\/\/conexmetals.com\/es\/wp-json\/wp\/v2\/product_tag?post=13419"}],"curies":[{"name":"wp","href":"https:\/\/api.w.org\/{rel}","templated":true}]}}