{"id":13423,"date":"2023-08-18T12:57:28","date_gmt":"2023-08-18T07:27:28","guid":{"rendered":"https:\/\/conexmetals.com\/?post_type=product&#038;p=13423"},"modified":"2025-01-22T15:48:51","modified_gmt":"2025-01-22T10:18:51","slug":"prensaestopas-de-laton-bw-de-2-partes","status":"publish","type":"product","link":"https:\/\/conexmetals.com\/es\/producto\/prensaestopas-de-laton-bw-de-2-partes\/","title":{"rendered":"Prensaestopas de Lat\u00f3n BW de 2 Partes"},"content":{"rendered":"","protected":false},"excerpt":{"rendered":"<table id=\"tablepress-374\" class=\"tablepress tablepress-id-374\">\n<thead>\n<tr class=\"row-1 odd\">\n<th class=\"column-1\" colspan=\"7\"><strong>Prensaestopas BW<\/strong><\/th>\n<\/tr>\n<\/thead>\n<tbody class=\"row-hover\">\n<tr class=\"row-2 even\">\n<td class=\"column-1\"><strong>Tama\u00f1o de la gl\u00e1ndula<\/strong><\/td>\n<td class=\"column-2\"><strong>Rosca M\u00e9trica \u00abC\u00bb<\/strong><\/td>\n<td class=\"column-3\"><strong>Longitud m\u00ednima de rosca \u00abD\u00bb<\/strong><\/td>\n<td class=\"column-4\"><strong>Di\u00e1metro del cable \u00abA\u00bb m\u00e1x.<\/strong><\/td>\n<td class=\"column-5\"><strong>Di\u00e1metro del cable \u00abB\u00bb M\u00e1x.<\/strong><\/td>\n<td class=\"column-6\"><strong>Di\u00e1metro del alambre de armadura.<\/strong><\/td>\n<td class=\"column-7\"><strong>Di\u00e1metro de la esquina principal \u00abE\u00bb<\/strong><\/td>\n<\/tr>\n<tr class=\"row-3 odd\">\n<td class=\"column-1\">A\u00f1os 20<\/td>\n<td class=\"column-2\">20<\/td>\n<td class=\"column-3\">10<\/td>\n<td class=\"column-4\">11.6<\/td>\n<td class=\"column-5\">16.1<\/td>\n<td class=\"column-6\">0,9\/1,25<\/td>\n<td class=\"column-7\">24.4<\/td>\n<\/tr>\n<tr class=\"row-4 even\">\n<td class=\"column-1\">20<\/td>\n<td class=\"column-2\">20<\/td>\n<td class=\"column-3\">10<\/td>\n<td class=\"column-4\">13.9<\/td>\n<td class=\"column-5\">21.1<\/td>\n<td class=\"column-6\">0,9\/1,25<\/td>\n<td class=\"column-7\">30<\/td>\n<\/tr>\n<tr class=\"row-5 odd\">\n<td class=\"column-1\">25<\/td>\n<td class=\"column-2\">25<\/td>\n<td class=\"column-3\">10<\/td>\n<td class=\"column-4\">19.9<\/td>\n<td class=\"column-5\">27.4<\/td>\n<td class=\"column-6\">1,25\/1,60<\/td>\n<td class=\"column-7\">36<\/td>\n<\/tr>\n<tr class=\"row-6 even\">\n<td class=\"column-1\">32<\/td>\n<td class=\"column-2\">32<\/td>\n<td class=\"column-3\">10<\/td>\n<td class=\"column-4\">26.2<\/td>\n<td class=\"column-5\">34.4<\/td>\n<td class=\"column-6\">1,60\/2,00<\/td>\n<td class=\"column-7\">44.5<\/td>\n<\/tr>\n<tr class=\"row-7 odd\">\n<td class=\"column-1\">40<\/td>\n<td class=\"column-2\">40<\/td>\n<td class=\"column-3\">15<\/td>\n<td class=\"column-4\">32.1<\/td>\n<td class=\"column-5\">42.4<\/td>\n<td class=\"column-6\">1,60\/2,00<\/td>\n<td class=\"column-7\">56.3<\/td>\n<\/tr>\n<tr class=\"row-8 even\">\n<td class=\"column-1\">A\u00f1os 50<\/td>\n<td class=\"column-2\">50<\/td>\n<td class=\"column-3\">15<\/td>\n<td class=\"column-4\">38.1<\/td>\n<td class=\"column-5\">50.1<\/td>\n<td class=\"column-6\">2,00\/2,50<\/td>\n<td class=\"column-7\">63.4<\/td>\n<\/tr>\n<tr class=\"row-9 odd\">\n<td class=\"column-1\">50<\/td>\n<td class=\"column-2\">50<\/td>\n<td class=\"column-3\">15<\/td>\n<td class=\"column-4\">44<\/td>\n<td class=\"column-5\">55,7<\/td>\n<td class=\"column-6\">2,00\/2,50<\/td>\n<td class=\"column-7\">72.1<\/td>\n<\/tr>\n<tr class=\"row-10 even\">\n<td class=\"column-1\">63S<\/td>\n<td class=\"column-2\">63<\/td>\n<td class=\"column-3\">15<\/td>\n<td class=\"column-4\">50<\/td>\n<td class=\"column-5\">62.4<\/td>\n<td class=\"column-6\">2.5<\/td>\n<td class=\"column-7\">83.7<\/td>\n<\/tr>\n<tr class=\"row-11 odd\">\n<td class=\"column-1\">63<\/td>\n<td class=\"column-2\">63<\/td>\n<td class=\"column-3\">15<\/td>\n<td class=\"column-4\">55,9<\/td>\n<td class=\"column-5\">68.2<\/td>\n<td class=\"column-6\">2.5<\/td>\n<td class=\"column-7\">88.7<\/td>\n<\/tr>\n<tr class=\"row-12 even\">\n<td class=\"column-1\">75S<\/td>\n<td class=\"column-2\">75<\/td>\n<td class=\"column-3\">15<\/td>\n<td class=\"column-4\">61.9<\/td>\n<td class=\"column-5\">76.8<\/td>\n<td class=\"column-6\">2.5<\/td>\n<td class=\"column-7\">99,8<\/td>\n<\/tr>\n<tr class=\"row-13 odd\">\n<td class=\"column-1\">75<\/td>\n<td class=\"column-2\">75<\/td>\n<td class=\"column-3\">15<\/td>\n<td class=\"column-4\">67,9<\/td>\n<td class=\"column-5\">82.9<\/td>\n<td class=\"column-6\">2,50\/3,15<\/td>\n<td class=\"column-7\">105.3<\/td>\n<\/tr>\n<tr class=\"row-14 even\">\n<td class=\"column-1\" colspan=\"7\"><strong>Todas las dimensiones en mil\u00edmetros<\/strong><\/td>\n<\/tr>\n<\/tbody>\n<\/table>\n<p><img fetchpriority=\"high\" decoding=\"async\" class=\"size-full wp-image-10900 alignright lazy loaded\" src=\"https:\/\/conexmetals.com\/wp-content\/uploads\/2023\/08\/BW2-Parts-Cable-Glands-line-drawing.png\" alt=\"Dibujo lineal de casquillos de cable de piezas BW2\" width=\"300\" height=\"300\" data-src=\"https:\/\/conexmetals.com\/wp-content\/uploads\/2023\/08\/BW2-Parts-Cable-Glands-line-drawing.png\" data-was-processed=\"true\" srcset=\"https:\/\/conexmetals.com\/wp-content\/uploads\/2023\/08\/BW2-Parts-Cable-Glands-line-drawing.png 300w, https:\/\/conexmetals.com\/wp-content\/uploads\/2023\/08\/BW2-Parts-Cable-Glands-line-drawing-150x150.png 150w, https:\/\/conexmetals.com\/wp-content\/uploads\/2023\/08\/BW2-Parts-Cable-Glands-line-drawing-100x100.png 100w\" sizes=\"(max-width: 300px) 100vw, 300px\" \/><\/p>\n<p><strong>Caracter\u00edsticas:<\/strong>\u00a0Prensaestopas BW Prensaestopas BW de lat\u00f3n 2 Prensaestopas Parte seg\u00fan BS 6121 pt. 1 m\u00e1s adecuado para cables blindados de un solo cable, con revestimiento de pl\u00e1stico o caucho (elast\u00f3mero). Se utiliza en condiciones interiores secas. Sin piezas sueltas y f\u00e1cil de instalar. Ahorre tiempo y dinero. Se puede suministrar con instalaci\u00f3n de tierra integrada. Aplicaciones interiores para usar con cables SWA Cables de alambre blindado.<\/p>\n<p><strong>Tama\u00f1o del prensaestopas:<\/strong>\u00a020 mm, 25 mm, 32 mm, 40 mm, 16 mm, 50 mm, 63 mm, 75 mm, 90 mm 1\/2 3\/4 1 11\/4 11\/2 2 2\/12 Prensaestopas roscados NPT Conexiones m\u00e9tricas<\/p>\n<p><strong>Clasificaci\u00f3n IP:<\/strong>\u00a0IP 54<\/p>\n<p>Los prensaestopas de piezas BW2 se utilizan para proporcionar puntos de entrada de cables seguros y herm\u00e9ticos en gabinetes, cajas de conexiones o equipos, al mismo tiempo que brindan protecci\u00f3n contra factores ambientales como el polvo, la humedad y las tensiones mec\u00e1nicas. La designaci\u00f3n \u00abpiezas BW2\u00bb sugiere que estos prensaestopas constan de varios componentes.<\/p>\n<p>A continuaci\u00f3n se muestran algunos puntos clave sobre los prensaestopas de piezas BW2:<\/p>\n<p><strong><b>Funci\u00f3n:<\/b><\/strong>\u00a0\u00a0Los prensaestopas BW2 cumplen funciones similares a otros prensaestopas:<\/p>\n<ol>\n<li><b><\/b><strong><b>Entrada de cables:<\/b><\/strong>\u00a0Crean un punto de entrada sellado para los cables en los gabinetes, evitando la entrada de polvo, humedad y contaminantes.<\/li>\n<li><b><\/b><strong><b>Alivio de tensi\u00f3n:<\/b><\/strong>\u00a0estos prensaestopas brindan soporte mec\u00e1nico a los cables, reduciendo la tensi\u00f3n y evitando flexiones o tensiones excesivas en el punto de entrada.<\/li>\n<\/ol>\n<p><strong><b>Dise\u00f1o:<\/b><\/strong>\u00a0\u00a0La designaci\u00f3n \u201cpartes BW2\u201d indica que estos prensaestopas constan de m\u00faltiples componentes que trabajan juntos para proporcionar las funciones de entrada y sellado de cables deseadas.<\/p>\n<p><strong><b>Caracter\u00edsticas:<\/b><\/strong>\u00a0\u00a0Los prensaestopas de piezas BW2 suelen tener las siguientes caracter\u00edsticas:<\/p>\n<ol>\n<li><b><\/b><strong><b>Componentes m\u00faltiples:<\/b><\/strong>\u00a0estos prensaestopas comprenden varios componentes, que pueden incluir el cuerpo principal del prensaestopas, la contratuerca, el inserto de sellado y otras piezas que contribuyen a la funcionalidad del prensaestopas.<\/li>\n<li><b><\/b><strong><b>Mecanismo de sellado:<\/b><\/strong>\u00a0Incorporan mecanismos de sellado como juntas de goma, juntas t\u00f3ricas u otros materiales de sellado para crear un sello herm\u00e9tico y resistente a la intemperie alrededor del cable.<\/li>\n<li><b><\/b><strong><b>Amplia gama de tama\u00f1os:<\/b><\/strong>\u00a0los prensaestopas de piezas BW2 vienen en varios tama\u00f1os para adaptarse a diferentes di\u00e1metros de cable.<\/li>\n<\/ol>\n<p><strong><b>Aplicaciones:<\/b><\/strong>\u00a0\u00a0Los prensaestopas BW2 se utilizan en diversas industrias, como la fabricaci\u00f3n, la maquinaria, la automatizaci\u00f3n y las telecomunicaciones. Son valiosos en aplicaciones en las que los cables deben protegerse contra condiciones ambientales adversas y donde la entrada segura de los cables es esencial.<\/p>\n","protected":false},"featured_media":13221,"template":"","meta":[],"product_brand":[],"product_cat":[367],"product_tag":[],"class_list":{"0":"post-13423","1":"product","2":"type-product","3":"status-publish","4":"has-post-thumbnail","6":"product_cat-prensas-de-cable","8":"first","9":"instock","10":"shipping-taxable","11":"product-type-simple"},"yoast_head":"<!-- This site is optimized with the Yoast SEO plugin v27.3 - https:\/\/yoast.com\/product\/yoast-seo-wordpress\/ -->\n<title>Prensaestopas de Lat\u00f3n BW de 2 Partes<\/title>\n<meta name=\"description\" content=\"Conex Metals, fabricantes y exportadores indios l\u00edderes de Prensaestopas BW y Prensaestopas de Lat\u00f3n BW. Ofrece Prensaestopas de 2 Partes, kits de Prensaestopas y paquetes de Prensaestopas de Lat\u00f3n en tama\u00f1os de 20 mm a 75 mm y accesorios NPT. Proveedores confiables de la India.\" \/>\n<meta name=\"robots\" content=\"index, follow, max-snippet:-1, max-image-preview:large, max-video-preview:-1\" \/>\n<link rel=\"canonical\" href=\"https:\/\/conexmetals.com\/es\/producto\/prensaestopas-de-laton-bw-de-2-partes\/\" \/>\n<script type=\"application\/ld+json\" class=\"yoast-schema-graph\">{\"@context\":\"https:\\\/\\\/schema.org\",\"@graph\":[{\"@type\":\"WebPage\",\"@id\":\"https:\\\/\\\/conexmetals.com\\\/es\\\/producto\\\/prensaestopas-de-laton-bw-de-2-partes\\\/\",\"url\":\"https:\\\/\\\/conexmetals.com\\\/es\\\/producto\\\/prensaestopas-de-laton-bw-de-2-partes\\\/\",\"name\":\"Prensaestopas de Lat\u00f3n BW de 2 Partes\",\"isPartOf\":{\"@id\":\"https:\\\/\\\/conexmetals.com\\\/es\\\/#website\"},\"primaryImageOfPage\":{\"@id\":\"https:\\\/\\\/conexmetals.com\\\/es\\\/producto\\\/prensaestopas-de-laton-bw-de-2-partes\\\/#primaryimage\"},\"image\":{\"@id\":\"https:\\\/\\\/conexmetals.com\\\/es\\\/producto\\\/prensaestopas-de-laton-bw-de-2-partes\\\/#primaryimage\"},\"thumbnailUrl\":\"https:\\\/\\\/conexmetals.com\\\/wp-content\\\/uploads\\\/2025\\\/01\\\/Prensaestopas-de-Laton-BW-de-2-Partes.webp\",\"datePublished\":\"2023-08-18T07:27:28+00:00\",\"dateModified\":\"2025-01-22T10:18:51+00:00\",\"description\":\"Conex Metals, fabricantes y exportadores indios l\u00edderes de Prensaestopas BW y Prensaestopas de Lat\u00f3n BW. Ofrece Prensaestopas de 2 Partes, kits de Prensaestopas y paquetes de Prensaestopas de Lat\u00f3n en tama\u00f1os de 20 mm a 75 mm y accesorios NPT. Proveedores confiables de la India.\",\"breadcrumb\":{\"@id\":\"https:\\\/\\\/conexmetals.com\\\/es\\\/producto\\\/prensaestopas-de-laton-bw-de-2-partes\\\/#breadcrumb\"},\"inLanguage\":\"es\",\"potentialAction\":[{\"@type\":\"ReadAction\",\"target\":[\"https:\\\/\\\/conexmetals.com\\\/es\\\/producto\\\/prensaestopas-de-laton-bw-de-2-partes\\\/\"]}]},{\"@type\":\"ImageObject\",\"inLanguage\":\"es\",\"@id\":\"https:\\\/\\\/conexmetals.com\\\/es\\\/producto\\\/prensaestopas-de-laton-bw-de-2-partes\\\/#primaryimage\",\"url\":\"https:\\\/\\\/conexmetals.com\\\/wp-content\\\/uploads\\\/2025\\\/01\\\/Prensaestopas-de-Laton-BW-de-2-Partes.webp\",\"contentUrl\":\"https:\\\/\\\/conexmetals.com\\\/wp-content\\\/uploads\\\/2025\\\/01\\\/Prensaestopas-de-Laton-BW-de-2-Partes.webp\",\"width\":300,\"height\":300,\"caption\":\"Prensaestopas de Lat\u00f3n BW de 2 Partes\"},{\"@type\":\"BreadcrumbList\",\"@id\":\"https:\\\/\\\/conexmetals.com\\\/es\\\/producto\\\/prensaestopas-de-laton-bw-de-2-partes\\\/#breadcrumb\",\"itemListElement\":[{\"@type\":\"ListItem\",\"position\":1,\"name\":\"Home\",\"item\":\"https:\\\/\\\/conexmetals.com\\\/es\\\/hogar\\\/\"},{\"@type\":\"ListItem\",\"position\":2,\"name\":\"Products\",\"item\":\"https:\\\/\\\/conexmetals.com\\\/products\\\/\"},{\"@type\":\"ListItem\",\"position\":3,\"name\":\"Prensaestopas de Lat\u00f3n BW de 2 Partes\"}]},{\"@type\":\"WebSite\",\"@id\":\"https:\\\/\\\/conexmetals.com\\\/es\\\/#website\",\"url\":\"https:\\\/\\\/conexmetals.com\\\/es\\\/\",\"name\":\"Conex Metals Brass Fittings Brass Parts Copper Parts Brass Components Brass Plumbing Fittings India\",\"description\":\"Manufacturer of Bronze Fittings casting Copper Brass parts components\",\"publisher\":{\"@id\":\"https:\\\/\\\/conexmetals.com\\\/es\\\/#organization\"},\"potentialAction\":[{\"@type\":\"SearchAction\",\"target\":{\"@type\":\"EntryPoint\",\"urlTemplate\":\"https:\\\/\\\/conexmetals.com\\\/es\\\/?s={search_term_string}\"},\"query-input\":{\"@type\":\"PropertyValueSpecification\",\"valueRequired\":true,\"valueName\":\"search_term_string\"}}],\"inLanguage\":\"es\"},{\"@type\":\"Organization\",\"@id\":\"https:\\\/\\\/conexmetals.com\\\/es\\\/#organization\",\"name\":\"Conex Metals Brass Fittings Brass Parts Copper Parts Brass Components Brass Plumbing Fittings India\",\"url\":\"https:\\\/\\\/conexmetals.com\\\/es\\\/\",\"logo\":{\"@type\":\"ImageObject\",\"inLanguage\":\"es\",\"@id\":\"https:\\\/\\\/conexmetals.com\\\/es\\\/#\\\/schema\\\/logo\\\/image\\\/\",\"url\":\"https:\\\/\\\/conexmetals.com\\\/wp-content\\\/uploads\\\/2024\\\/03\\\/conex-metals-logo.webp\",\"contentUrl\":\"https:\\\/\\\/conexmetals.com\\\/wp-content\\\/uploads\\\/2024\\\/03\\\/conex-metals-logo.webp\",\"width\":300,\"height\":121,\"caption\":\"Conex Metals Brass Fittings Brass Parts Copper Parts Brass Components Brass Plumbing Fittings India\"},\"image\":{\"@id\":\"https:\\\/\\\/conexmetals.com\\\/es\\\/#\\\/schema\\\/logo\\\/image\\\/\"},\"sameAs\":[\"https:\\\/\\\/www.facebook.com\\\/conexbrass\",\"https:\\\/\\\/x.com\\\/conexindia\",\"https:\\\/\\\/www.linkedin.com\\\/company\\\/conex-metals-india\\\/\",\"https:\\\/\\\/www.instagram.com\\\/conexindia\\\/\"]}]}<\/script>\n<!-- \/ Yoast SEO plugin. -->","yoast_head_json":{"title":"Prensaestopas de Lat\u00f3n BW de 2 Partes","description":"Conex Metals, fabricantes y exportadores indios l\u00edderes de Prensaestopas BW y Prensaestopas de Lat\u00f3n BW. Ofrece Prensaestopas de 2 Partes, kits de Prensaestopas y paquetes de Prensaestopas de Lat\u00f3n en tama\u00f1os de 20 mm a 75 mm y accesorios NPT. Proveedores confiables de la India.","robots":{"index":"index","follow":"follow","max-snippet":"max-snippet:-1","max-image-preview":"max-image-preview:large","max-video-preview":"max-video-preview:-1"},"canonical":"https:\/\/conexmetals.com\/es\/producto\/prensaestopas-de-laton-bw-de-2-partes\/","schema":{"@context":"https:\/\/schema.org","@graph":[{"@type":"WebPage","@id":"https:\/\/conexmetals.com\/es\/producto\/prensaestopas-de-laton-bw-de-2-partes\/","url":"https:\/\/conexmetals.com\/es\/producto\/prensaestopas-de-laton-bw-de-2-partes\/","name":"Prensaestopas de Lat\u00f3n BW de 2 Partes","isPartOf":{"@id":"https:\/\/conexmetals.com\/es\/#website"},"primaryImageOfPage":{"@id":"https:\/\/conexmetals.com\/es\/producto\/prensaestopas-de-laton-bw-de-2-partes\/#primaryimage"},"image":{"@id":"https:\/\/conexmetals.com\/es\/producto\/prensaestopas-de-laton-bw-de-2-partes\/#primaryimage"},"thumbnailUrl":"https:\/\/conexmetals.com\/wp-content\/uploads\/2025\/01\/Prensaestopas-de-Laton-BW-de-2-Partes.webp","datePublished":"2023-08-18T07:27:28+00:00","dateModified":"2025-01-22T10:18:51+00:00","description":"Conex Metals, fabricantes y exportadores indios l\u00edderes de Prensaestopas BW y Prensaestopas de Lat\u00f3n BW. Ofrece Prensaestopas de 2 Partes, kits de Prensaestopas y paquetes de Prensaestopas de Lat\u00f3n en tama\u00f1os de 20 mm a 75 mm y accesorios NPT. Proveedores confiables de la India.","breadcrumb":{"@id":"https:\/\/conexmetals.com\/es\/producto\/prensaestopas-de-laton-bw-de-2-partes\/#breadcrumb"},"inLanguage":"es","potentialAction":[{"@type":"ReadAction","target":["https:\/\/conexmetals.com\/es\/producto\/prensaestopas-de-laton-bw-de-2-partes\/"]}]},{"@type":"ImageObject","inLanguage":"es","@id":"https:\/\/conexmetals.com\/es\/producto\/prensaestopas-de-laton-bw-de-2-partes\/#primaryimage","url":"https:\/\/conexmetals.com\/wp-content\/uploads\/2025\/01\/Prensaestopas-de-Laton-BW-de-2-Partes.webp","contentUrl":"https:\/\/conexmetals.com\/wp-content\/uploads\/2025\/01\/Prensaestopas-de-Laton-BW-de-2-Partes.webp","width":300,"height":300,"caption":"Prensaestopas de Lat\u00f3n BW de 2 Partes"},{"@type":"BreadcrumbList","@id":"https:\/\/conexmetals.com\/es\/producto\/prensaestopas-de-laton-bw-de-2-partes\/#breadcrumb","itemListElement":[{"@type":"ListItem","position":1,"name":"Home","item":"https:\/\/conexmetals.com\/es\/hogar\/"},{"@type":"ListItem","position":2,"name":"Products","item":"https:\/\/conexmetals.com\/products\/"},{"@type":"ListItem","position":3,"name":"Prensaestopas de Lat\u00f3n BW de 2 Partes"}]},{"@type":"WebSite","@id":"https:\/\/conexmetals.com\/es\/#website","url":"https:\/\/conexmetals.com\/es\/","name":"Conex Metals Brass Fittings Brass Parts Copper Parts Brass Components Brass Plumbing Fittings India","description":"Manufacturer of Bronze Fittings casting Copper Brass parts components","publisher":{"@id":"https:\/\/conexmetals.com\/es\/#organization"},"potentialAction":[{"@type":"SearchAction","target":{"@type":"EntryPoint","urlTemplate":"https:\/\/conexmetals.com\/es\/?s={search_term_string}"},"query-input":{"@type":"PropertyValueSpecification","valueRequired":true,"valueName":"search_term_string"}}],"inLanguage":"es"},{"@type":"Organization","@id":"https:\/\/conexmetals.com\/es\/#organization","name":"Conex Metals Brass Fittings Brass Parts Copper Parts Brass Components Brass Plumbing Fittings India","url":"https:\/\/conexmetals.com\/es\/","logo":{"@type":"ImageObject","inLanguage":"es","@id":"https:\/\/conexmetals.com\/es\/#\/schema\/logo\/image\/","url":"https:\/\/conexmetals.com\/wp-content\/uploads\/2024\/03\/conex-metals-logo.webp","contentUrl":"https:\/\/conexmetals.com\/wp-content\/uploads\/2024\/03\/conex-metals-logo.webp","width":300,"height":121,"caption":"Conex Metals Brass Fittings Brass Parts Copper Parts Brass Components Brass Plumbing Fittings India"},"image":{"@id":"https:\/\/conexmetals.com\/es\/#\/schema\/logo\/image\/"},"sameAs":["https:\/\/www.facebook.com\/conexbrass","https:\/\/x.com\/conexindia","https:\/\/www.linkedin.com\/company\/conex-metals-india\/","https:\/\/www.instagram.com\/conexindia\/"]}]}},"_links":{"self":[{"href":"https:\/\/conexmetals.com\/es\/wp-json\/wp\/v2\/product\/13423","targetHints":{"allow":["GET"]}}],"collection":[{"href":"https:\/\/conexmetals.com\/es\/wp-json\/wp\/v2\/product"}],"about":[{"href":"https:\/\/conexmetals.com\/es\/wp-json\/wp\/v2\/types\/product"}],"wp:featuredmedia":[{"embeddable":true,"href":"https:\/\/conexmetals.com\/es\/wp-json\/wp\/v2\/media\/13221"}],"wp:attachment":[{"href":"https:\/\/conexmetals.com\/es\/wp-json\/wp\/v2\/media?parent=13423"}],"wp:term":[{"taxonomy":"product_brand","embeddable":true,"href":"https:\/\/conexmetals.com\/es\/wp-json\/wp\/v2\/product_brand?post=13423"},{"taxonomy":"product_cat","embeddable":true,"href":"https:\/\/conexmetals.com\/es\/wp-json\/wp\/v2\/product_cat?post=13423"},{"taxonomy":"product_tag","embeddable":true,"href":"https:\/\/conexmetals.com\/es\/wp-json\/wp\/v2\/product_tag?post=13423"}],"curies":[{"name":"wp","href":"https:\/\/api.w.org\/{rel}","templated":true}]}}