{"id":13433,"date":"2023-08-18T13:02:45","date_gmt":"2023-08-18T07:32:45","guid":{"rendered":"https:\/\/conexmetals.com\/?post_type=product&#038;p=13433"},"modified":"2025-01-20T16:41:08","modified_gmt":"2025-01-20T11:11:08","slug":"kit-pack-de-prensaestopas","status":"publish","type":"product","link":"https:\/\/conexmetals.com\/es\/producto\/kit-pack-de-prensaestopas\/","title":{"rendered":"Kit Pack de Prensaestopas"},"content":{"rendered":"","protected":false},"excerpt":{"rendered":"<p><span>Un kit de prensaestopas es una soluci\u00f3n integral que contiene todos los componentes esenciales para las terminaciones de cables, incluidos prensaestopas, tuercas de seguridad, conectores de tierra y cubiertas de PVC. Cada kit incluye dos juegos para tama\u00f1os de hasta 32 mm y un juego para tama\u00f1os m\u00e1s grandes. Este pr\u00e1ctico paquete garantiza que los usuarios tengan todas las piezas necesarias para una terminaci\u00f3n de cables completa y confiable.<\/span><\/p>\n<p><strong><span>Caracter\u00edsticas adicionales:<\/span><\/strong><\/p>\n<ul>\n<li><span>Tarjetas de encabezado personalizadas con su nombre y logotipo est\u00e1n disponibles de forma gratuita.<\/span><\/li>\n<li><span>Se pueden proporcionar cubiertas LSF (Low Smoke &amp; Fume) a pedido.<\/span><\/li>\n<\/ul>\n<table id=\"tablepress-415\" class=\"tablepress tablepress-id-415\">\n<caption>\u00a0<\/caption>\n<thead>\n<tr class=\"row-1 odd\">\n<th class=\"column-1\" colspan=\"2\"><strong><span>Detalles del kit<\/span><\/strong><\/th>\n<\/tr>\n<\/thead>\n<tbody class=\"row-hover\">\n<tr class=\"row-2 even\">\n<td class=\"column-1\"><strong><span>Tama\u00f1o<\/span><\/strong><\/td>\n<td class=\"column-2\"><strong><span>Componentes por kit<\/span><\/strong><\/td>\n<\/tr>\n<tr class=\"row-3 odd\">\n<td class=\"column-1\"><span>20 \u2013 25<\/span><\/td>\n<td class=\"column-2\"><span>2 de cada uno: casquillos, tuercas de seguridad, conectores de tierra, cubiertas de PVC y tornillos<\/span><\/td>\n<\/tr>\n<tr class=\"row-4 even\">\n<td class=\"column-1\"><span>32 \u2013 90<\/span><\/td>\n<td class=\"column-2\"><span>1 de cada uno: casquillo, tuerca de seguridad, etiqueta de tierra, cubierta de PVC, tornillo<\/span><\/td>\n<\/tr>\n<\/tbody>\n<\/table>\n<p><span>Un kit de prensaestopas, a menudo denominado kit de prensaestopas o paquete de prensaestopas, es un conjunto de componentes que incluye prensaestopas junto con varios accesorios y elementos asociados necesarios para la entrada y gesti\u00f3n de cables. Estos kits est\u00e1n dise\u00f1ados para proporcionar una soluci\u00f3n integral para asegurar, sellar y gestionar cables a medida que ingresan a gabinetes, cajas de conexiones o equipos.<\/span><\/p>\n<p><span>Esto es lo que puedes encontrar en un paquete t\u00edpico de kit de prensaestopas:<\/span><\/p>\n<ol>\n<li><b><\/b><strong><b><span>Prensaestopas:<\/span><\/b><\/strong><span>\u00a0el componente central del kit son los propios prensaestopas. Se trata de componentes roscados dise\u00f1ados para crear un punto de entrada seguro y sellado para los cables.<\/span><\/li>\n<li><b><\/b><strong><b><span>Tuercas de seguridad:<\/span><\/b><\/strong><span>\u00a0Se incluyen tuercas de seguridad para asegurar los prensaestopas al gabinete o al equipo, evitando que se aflojen debido a vibraciones o movimiento.<\/span><\/li>\n<li><b><\/b><strong><b><span>Arandelas de sellado o juntas t\u00f3ricas:<\/span><\/b><\/strong><span>\u00a0estos accesorios mejoran las propiedades de sellado de los prensaestopas, garantizando un sello herm\u00e9tico y resistente a la intemperie alrededor del punto de entrada del cable.<\/span><\/li>\n<li><b><\/b><strong><b><span>Cubiertas o protectores:<\/span><\/b><\/strong><span>\u00a0Las cubiertas se utilizan para proporcionar protecci\u00f3n adicional al punto de entrada del cable, protegi\u00e9ndolo de factores ambientales como el polvo, la humedad y el da\u00f1o f\u00edsico.<\/span><\/li>\n<li><b><\/b><strong><b><span>Etiquetas de tierra:<\/span><\/b><\/strong><span>\u00a0algunos kits de prensaestopas pueden incluir etiquetas de tierra, que proporcionan una conexi\u00f3n a tierra para seguridad el\u00e9ctrica.<\/span><\/li>\n<li><b><\/b><strong><b><span>Dispositivos de bloqueo:<\/span><\/b><\/strong><span>\u00a0Se pueden incluir dispositivos de bloqueo para asegurar los prensaestopas y evitar el acceso no autorizado o la manipulaci\u00f3n.<\/span><\/li>\n<li><b><\/b><strong><b><span>Convertidores de rosca:<\/span><\/b><\/strong><span>\u00a0Si es necesario, se pueden incluir convertidores de rosca o adaptadores para permitir que se utilicen juntos diferentes tama\u00f1os o tipos de rosca.<\/span><\/li>\n<\/ol>\n<p><span>Los paquetes de kits de prensaestopas est\u00e1n dise\u00f1ados para ofrecer comodidad y garantizar que todos los componentes necesarios para un punto de entrada de cables est\u00e9n disponibles en un solo paquete. Se utilizan com\u00fanmente en diversas aplicaciones industriales, comerciales y residenciales para simplificar los procesos de instalaci\u00f3n y administraci\u00f3n de cables.<\/span><\/p>\n","protected":false},"featured_media":13244,"template":"","meta":[],"product_brand":[],"product_cat":[371],"product_tag":[],"class_list":{"0":"post-13433","1":"product","2":"type-product","3":"status-publish","4":"has-post-thumbnail","6":"product_cat-accesorios-para-prensas-de-cable","8":"first","9":"instock","10":"shipping-taxable","11":"product-type-simple"},"yoast_head":"<!-- This site is optimized with the Yoast SEO plugin v27.3 - https:\/\/yoast.com\/product\/yoast-seo-wordpress\/ -->\n<title>Kit Pack de Prensaestopas<\/title>\n<meta name=\"description\" content=\"Conex Metals ofrece un Kit Pack de Prensaestopas completo, incluyendo Prensaestopas SWA, Prensaestopas Blindados, Prensaestopas de Lat\u00f3n, Prensaestopas m20, Prensaestopas a2, Prensaestopas bw, Prensaestopas IP67 y Prensaestopas de 4 mm. Como fabricantes, exportadores y proveedores l\u00edderes en India, Conex Metals garantiza productos de alta calidad.\" \/>\n<meta name=\"robots\" content=\"index, follow, max-snippet:-1, max-image-preview:large, max-video-preview:-1\" \/>\n<link rel=\"canonical\" href=\"https:\/\/conexmetals.com\/es\/producto\/kit-pack-de-prensaestopas\/\" \/>\n<script type=\"application\/ld+json\" class=\"yoast-schema-graph\">{\"@context\":\"https:\\\/\\\/schema.org\",\"@graph\":[{\"@type\":\"WebPage\",\"@id\":\"https:\\\/\\\/conexmetals.com\\\/es\\\/producto\\\/kit-pack-de-prensaestopas\\\/\",\"url\":\"https:\\\/\\\/conexmetals.com\\\/es\\\/producto\\\/kit-pack-de-prensaestopas\\\/\",\"name\":\"Kit Pack de Prensaestopas\",\"isPartOf\":{\"@id\":\"https:\\\/\\\/conexmetals.com\\\/es\\\/#website\"},\"primaryImageOfPage\":{\"@id\":\"https:\\\/\\\/conexmetals.com\\\/es\\\/producto\\\/kit-pack-de-prensaestopas\\\/#primaryimage\"},\"image\":{\"@id\":\"https:\\\/\\\/conexmetals.com\\\/es\\\/producto\\\/kit-pack-de-prensaestopas\\\/#primaryimage\"},\"thumbnailUrl\":\"https:\\\/\\\/conexmetals.com\\\/wp-content\\\/uploads\\\/2025\\\/01\\\/Kit-Pack-de-Prensaestopas.webp\",\"datePublished\":\"2023-08-18T07:32:45+00:00\",\"dateModified\":\"2025-01-20T11:11:08+00:00\",\"description\":\"Conex Metals ofrece un Kit Pack de Prensaestopas completo, incluyendo Prensaestopas SWA, Prensaestopas Blindados, Prensaestopas de Lat\u00f3n, Prensaestopas m20, Prensaestopas a2, Prensaestopas bw, Prensaestopas IP67 y Prensaestopas de 4 mm. Como fabricantes, exportadores y proveedores l\u00edderes en India, Conex Metals garantiza productos de alta calidad.\",\"breadcrumb\":{\"@id\":\"https:\\\/\\\/conexmetals.com\\\/es\\\/producto\\\/kit-pack-de-prensaestopas\\\/#breadcrumb\"},\"inLanguage\":\"es\",\"potentialAction\":[{\"@type\":\"ReadAction\",\"target\":[\"https:\\\/\\\/conexmetals.com\\\/es\\\/producto\\\/kit-pack-de-prensaestopas\\\/\"]}]},{\"@type\":\"ImageObject\",\"inLanguage\":\"es\",\"@id\":\"https:\\\/\\\/conexmetals.com\\\/es\\\/producto\\\/kit-pack-de-prensaestopas\\\/#primaryimage\",\"url\":\"https:\\\/\\\/conexmetals.com\\\/wp-content\\\/uploads\\\/2025\\\/01\\\/Kit-Pack-de-Prensaestopas.webp\",\"contentUrl\":\"https:\\\/\\\/conexmetals.com\\\/wp-content\\\/uploads\\\/2025\\\/01\\\/Kit-Pack-de-Prensaestopas.webp\",\"width\":300,\"height\":300,\"caption\":\"Kit Pack de Prensaestopas\"},{\"@type\":\"BreadcrumbList\",\"@id\":\"https:\\\/\\\/conexmetals.com\\\/es\\\/producto\\\/kit-pack-de-prensaestopas\\\/#breadcrumb\",\"itemListElement\":[{\"@type\":\"ListItem\",\"position\":1,\"name\":\"Home\",\"item\":\"https:\\\/\\\/conexmetals.com\\\/es\\\/hogar\\\/\"},{\"@type\":\"ListItem\",\"position\":2,\"name\":\"Products\",\"item\":\"https:\\\/\\\/conexmetals.com\\\/products\\\/\"},{\"@type\":\"ListItem\",\"position\":3,\"name\":\"Kit Pack de Prensaestopas\"}]},{\"@type\":\"WebSite\",\"@id\":\"https:\\\/\\\/conexmetals.com\\\/es\\\/#website\",\"url\":\"https:\\\/\\\/conexmetals.com\\\/es\\\/\",\"name\":\"Conex Metals Brass Fittings Brass Parts Copper Parts Brass Components Brass Plumbing Fittings India\",\"description\":\"Manufacturer of Bronze Fittings casting Copper Brass parts components\",\"publisher\":{\"@id\":\"https:\\\/\\\/conexmetals.com\\\/es\\\/#organization\"},\"potentialAction\":[{\"@type\":\"SearchAction\",\"target\":{\"@type\":\"EntryPoint\",\"urlTemplate\":\"https:\\\/\\\/conexmetals.com\\\/es\\\/?s={search_term_string}\"},\"query-input\":{\"@type\":\"PropertyValueSpecification\",\"valueRequired\":true,\"valueName\":\"search_term_string\"}}],\"inLanguage\":\"es\"},{\"@type\":\"Organization\",\"@id\":\"https:\\\/\\\/conexmetals.com\\\/es\\\/#organization\",\"name\":\"Conex Metals Brass Fittings Brass Parts Copper Parts Brass Components Brass Plumbing Fittings India\",\"url\":\"https:\\\/\\\/conexmetals.com\\\/es\\\/\",\"logo\":{\"@type\":\"ImageObject\",\"inLanguage\":\"es\",\"@id\":\"https:\\\/\\\/conexmetals.com\\\/es\\\/#\\\/schema\\\/logo\\\/image\\\/\",\"url\":\"https:\\\/\\\/conexmetals.com\\\/wp-content\\\/uploads\\\/2024\\\/03\\\/conex-metals-logo.webp\",\"contentUrl\":\"https:\\\/\\\/conexmetals.com\\\/wp-content\\\/uploads\\\/2024\\\/03\\\/conex-metals-logo.webp\",\"width\":300,\"height\":121,\"caption\":\"Conex Metals Brass Fittings Brass Parts Copper Parts Brass Components Brass Plumbing Fittings India\"},\"image\":{\"@id\":\"https:\\\/\\\/conexmetals.com\\\/es\\\/#\\\/schema\\\/logo\\\/image\\\/\"},\"sameAs\":[\"https:\\\/\\\/www.facebook.com\\\/conexbrass\",\"https:\\\/\\\/x.com\\\/conexindia\",\"https:\\\/\\\/www.linkedin.com\\\/company\\\/conex-metals-india\\\/\",\"https:\\\/\\\/www.instagram.com\\\/conexindia\\\/\"]}]}<\/script>\n<!-- \/ Yoast SEO plugin. -->","yoast_head_json":{"title":"Kit Pack de Prensaestopas","description":"Conex Metals ofrece un Kit Pack de Prensaestopas completo, incluyendo Prensaestopas SWA, Prensaestopas Blindados, Prensaestopas de Lat\u00f3n, Prensaestopas m20, Prensaestopas a2, Prensaestopas bw, Prensaestopas IP67 y Prensaestopas de 4 mm. Como fabricantes, exportadores y proveedores l\u00edderes en India, Conex Metals garantiza productos de alta calidad.","robots":{"index":"index","follow":"follow","max-snippet":"max-snippet:-1","max-image-preview":"max-image-preview:large","max-video-preview":"max-video-preview:-1"},"canonical":"https:\/\/conexmetals.com\/es\/producto\/kit-pack-de-prensaestopas\/","schema":{"@context":"https:\/\/schema.org","@graph":[{"@type":"WebPage","@id":"https:\/\/conexmetals.com\/es\/producto\/kit-pack-de-prensaestopas\/","url":"https:\/\/conexmetals.com\/es\/producto\/kit-pack-de-prensaestopas\/","name":"Kit Pack de Prensaestopas","isPartOf":{"@id":"https:\/\/conexmetals.com\/es\/#website"},"primaryImageOfPage":{"@id":"https:\/\/conexmetals.com\/es\/producto\/kit-pack-de-prensaestopas\/#primaryimage"},"image":{"@id":"https:\/\/conexmetals.com\/es\/producto\/kit-pack-de-prensaestopas\/#primaryimage"},"thumbnailUrl":"https:\/\/conexmetals.com\/wp-content\/uploads\/2025\/01\/Kit-Pack-de-Prensaestopas.webp","datePublished":"2023-08-18T07:32:45+00:00","dateModified":"2025-01-20T11:11:08+00:00","description":"Conex Metals ofrece un Kit Pack de Prensaestopas completo, incluyendo Prensaestopas SWA, Prensaestopas Blindados, Prensaestopas de Lat\u00f3n, Prensaestopas m20, Prensaestopas a2, Prensaestopas bw, Prensaestopas IP67 y Prensaestopas de 4 mm. Como fabricantes, exportadores y proveedores l\u00edderes en India, Conex Metals garantiza productos de alta calidad.","breadcrumb":{"@id":"https:\/\/conexmetals.com\/es\/producto\/kit-pack-de-prensaestopas\/#breadcrumb"},"inLanguage":"es","potentialAction":[{"@type":"ReadAction","target":["https:\/\/conexmetals.com\/es\/producto\/kit-pack-de-prensaestopas\/"]}]},{"@type":"ImageObject","inLanguage":"es","@id":"https:\/\/conexmetals.com\/es\/producto\/kit-pack-de-prensaestopas\/#primaryimage","url":"https:\/\/conexmetals.com\/wp-content\/uploads\/2025\/01\/Kit-Pack-de-Prensaestopas.webp","contentUrl":"https:\/\/conexmetals.com\/wp-content\/uploads\/2025\/01\/Kit-Pack-de-Prensaestopas.webp","width":300,"height":300,"caption":"Kit Pack de Prensaestopas"},{"@type":"BreadcrumbList","@id":"https:\/\/conexmetals.com\/es\/producto\/kit-pack-de-prensaestopas\/#breadcrumb","itemListElement":[{"@type":"ListItem","position":1,"name":"Home","item":"https:\/\/conexmetals.com\/es\/hogar\/"},{"@type":"ListItem","position":2,"name":"Products","item":"https:\/\/conexmetals.com\/products\/"},{"@type":"ListItem","position":3,"name":"Kit Pack de Prensaestopas"}]},{"@type":"WebSite","@id":"https:\/\/conexmetals.com\/es\/#website","url":"https:\/\/conexmetals.com\/es\/","name":"Conex Metals Brass Fittings Brass Parts Copper Parts Brass Components Brass Plumbing Fittings India","description":"Manufacturer of Bronze Fittings casting Copper Brass parts components","publisher":{"@id":"https:\/\/conexmetals.com\/es\/#organization"},"potentialAction":[{"@type":"SearchAction","target":{"@type":"EntryPoint","urlTemplate":"https:\/\/conexmetals.com\/es\/?s={search_term_string}"},"query-input":{"@type":"PropertyValueSpecification","valueRequired":true,"valueName":"search_term_string"}}],"inLanguage":"es"},{"@type":"Organization","@id":"https:\/\/conexmetals.com\/es\/#organization","name":"Conex Metals Brass Fittings Brass Parts Copper Parts Brass Components Brass Plumbing Fittings India","url":"https:\/\/conexmetals.com\/es\/","logo":{"@type":"ImageObject","inLanguage":"es","@id":"https:\/\/conexmetals.com\/es\/#\/schema\/logo\/image\/","url":"https:\/\/conexmetals.com\/wp-content\/uploads\/2024\/03\/conex-metals-logo.webp","contentUrl":"https:\/\/conexmetals.com\/wp-content\/uploads\/2024\/03\/conex-metals-logo.webp","width":300,"height":121,"caption":"Conex Metals Brass Fittings Brass Parts Copper Parts Brass Components Brass Plumbing Fittings India"},"image":{"@id":"https:\/\/conexmetals.com\/es\/#\/schema\/logo\/image\/"},"sameAs":["https:\/\/www.facebook.com\/conexbrass","https:\/\/x.com\/conexindia","https:\/\/www.linkedin.com\/company\/conex-metals-india\/","https:\/\/www.instagram.com\/conexindia\/"]}]}},"_links":{"self":[{"href":"https:\/\/conexmetals.com\/es\/wp-json\/wp\/v2\/product\/13433","targetHints":{"allow":["GET"]}}],"collection":[{"href":"https:\/\/conexmetals.com\/es\/wp-json\/wp\/v2\/product"}],"about":[{"href":"https:\/\/conexmetals.com\/es\/wp-json\/wp\/v2\/types\/product"}],"wp:featuredmedia":[{"embeddable":true,"href":"https:\/\/conexmetals.com\/es\/wp-json\/wp\/v2\/media\/13244"}],"wp:attachment":[{"href":"https:\/\/conexmetals.com\/es\/wp-json\/wp\/v2\/media?parent=13433"}],"wp:term":[{"taxonomy":"product_brand","embeddable":true,"href":"https:\/\/conexmetals.com\/es\/wp-json\/wp\/v2\/product_brand?post=13433"},{"taxonomy":"product_cat","embeddable":true,"href":"https:\/\/conexmetals.com\/es\/wp-json\/wp\/v2\/product_cat?post=13433"},{"taxonomy":"product_tag","embeddable":true,"href":"https:\/\/conexmetals.com\/es\/wp-json\/wp\/v2\/product_tag?post=13433"}],"curies":[{"name":"wp","href":"https:\/\/api.w.org\/{rel}","templated":true}]}}