{"id":13442,"date":"2023-08-18T12:58:17","date_gmt":"2023-08-18T07:28:17","guid":{"rendered":"https:\/\/conexmetals.com\/?post_type=product&#038;p=13442"},"modified":"2025-01-20T17:08:31","modified_gmt":"2025-01-20T11:38:31","slug":"prensaestopas-industriales-cxt","status":"publish","type":"product","link":"https:\/\/conexmetals.com\/es\/producto\/prensaestopas-industriales-cxt\/","title":{"rendered":"Prensaestopas Industriales CXT"},"content":{"rendered":"","protected":false},"excerpt":{"rendered":"<table id=\"tablepress-416\" class=\"tablepress tablepress-id-416\">\n<caption>\u00a0<\/caption>\n<thead>\n<tr class=\"row-1 odd\">\n<th class=\"column-1\" colspan=\"8\"><strong>Ficha t\u00e9cnica<\/strong><\/th>\n<\/tr>\n<\/thead>\n<tbody class=\"row-hover\">\n<tr class=\"row-2 even\">\n<td class=\"column-1\" rowspan=\"2\"><strong>Tama\u00f1o del casquillo para cable<\/strong><\/td>\n<td class=\"column-2\" rowspan=\"2\"><strong>Hilo de entrada \u00abC\u00bb<\/strong><\/td>\n<td class=\"column-3\" rowspan=\"2\"><strong>Longitud de rosca (m\u00e9trica) &#8216;E&#8217;<\/strong><\/td>\n<td class=\"column-4\" rowspan=\"2\"><strong>Longitud de protrusi\u00f3n &#8216;F&#8217;<\/strong><\/td>\n<td class=\"column-5\"><strong>A trav\u00e9s de Flats &#8216;D&#8217;<\/strong><\/td>\n<td class=\"column-6\"><strong>A trav\u00e9s de las esquinas &#8216;D&#8217;<\/strong><\/td>\n<td class=\"column-7\"><strong>Di\u00e1metro total del cable &#8216;A&#8217;<\/strong><\/td>\n<td class=\"column-8\"><strong>#colspan#<\/strong><\/td>\n<\/tr>\n<tr class=\"row-3 odd\">\n<td class=\"column-5\"><strong>M\u00e1ximo<\/strong><\/td>\n<td class=\"column-6\"><strong>M\u00e1ximo<\/strong><\/td>\n<td class=\"column-7\"><strong>M\u00ednimo<\/strong><\/td>\n<td class=\"column-8\"><strong>M\u00e1ximo<\/strong><\/td>\n<\/tr>\n<tr class=\"row-4 even\">\n<td class=\"column-1\">20S16<\/td>\n<td class=\"column-2\">M20<\/td>\n<td class=\"column-3\">15<\/td>\n<td class=\"column-4\">25.4<\/td>\n<td class=\"column-5\">24<\/td>\n<td class=\"column-6\">26.4<\/td>\n<td class=\"column-7\">3.2<\/td>\n<td class=\"column-8\">8.7<\/td>\n<\/tr>\n<tr class=\"row-5 odd\">\n<td class=\"column-1\">A\u00f1os 20<\/td>\n<td class=\"column-2\">M20<\/td>\n<td class=\"column-3\">15<\/td>\n<td class=\"column-4\">25.4<\/td>\n<td class=\"column-5\">24<\/td>\n<td class=\"column-6\">26.4<\/td>\n<td class=\"column-7\">6.1<\/td>\n<td class=\"column-8\">11.7<\/td>\n<\/tr>\n<tr class=\"row-6 even\">\n<td class=\"column-1\">20<\/td>\n<td class=\"column-2\">M20<\/td>\n<td class=\"column-3\">15<\/td>\n<td class=\"column-4\">27.2<\/td>\n<td class=\"column-5\">27<\/td>\n<td class=\"column-6\">29.7<\/td>\n<td class=\"column-7\">6.5<\/td>\n<td class=\"column-8\">14<\/td>\n<\/tr>\n<tr class=\"row-7 odd\">\n<td class=\"column-1\">25<\/td>\n<td class=\"column-2\">M25<\/td>\n<td class=\"column-3\">15<\/td>\n<td class=\"column-4\">36.3<\/td>\n<td class=\"column-5\">36<\/td>\n<td class=\"column-6\">39.6<\/td>\n<td class=\"column-7\">11.1<\/td>\n<td class=\"column-8\">20<\/td>\n<\/tr>\n<tr class=\"row-8 even\">\n<td class=\"column-1\">32<\/td>\n<td class=\"column-2\">M32<\/td>\n<td class=\"column-3\">15<\/td>\n<td class=\"column-4\">34.5<\/td>\n<td class=\"column-5\">41<\/td>\n<td class=\"column-6\">45.1<\/td>\n<td class=\"column-7\">17<\/td>\n<td class=\"column-8\">26.3<\/td>\n<\/tr>\n<tr class=\"row-9 odd\">\n<td class=\"column-1\">40<\/td>\n<td class=\"column-2\">M40<\/td>\n<td class=\"column-3\">15<\/td>\n<td class=\"column-4\">35.6<\/td>\n<td class=\"column-5\">50<\/td>\n<td class=\"column-6\">55<\/td>\n<td class=\"column-7\">23.5<\/td>\n<td class=\"column-8\">32.2<\/td>\n<\/tr>\n<tr class=\"row-10 even\">\n<td class=\"column-1\">A\u00f1os 50<\/td>\n<td class=\"column-2\">M50<\/td>\n<td class=\"column-3\">15<\/td>\n<td class=\"column-4\">32.3<\/td>\n<td class=\"column-5\">55<\/td>\n<td class=\"column-6\">60,5<\/td>\n<td class=\"column-7\">31<\/td>\n<td class=\"column-8\">38.2<\/td>\n<\/tr>\n<tr class=\"row-11 odd\">\n<td class=\"column-1\">50<\/td>\n<td class=\"column-2\">M50<\/td>\n<td class=\"column-3\">15<\/td>\n<td class=\"column-4\">36.6<\/td>\n<td class=\"column-5\">60<\/td>\n<td class=\"column-6\">66<\/td>\n<td class=\"column-7\">35.6<\/td>\n<td class=\"column-8\">44<\/td>\n<\/tr>\n<tr class=\"row-12 even\">\n<td class=\"column-1\">63S<\/td>\n<td class=\"column-2\">M63<\/td>\n<td class=\"column-3\">15<\/td>\n<td class=\"column-4\">33.5<\/td>\n<td class=\"column-5\">70.5<\/td>\n<td class=\"column-6\">77.6<\/td>\n<td class=\"column-7\">41.5<\/td>\n<td class=\"column-8\">49,9<\/td>\n<\/tr>\n<tr class=\"row-13 odd\">\n<td class=\"column-1\">63<\/td>\n<td class=\"column-2\">M63<\/td>\n<td class=\"column-3\">15<\/td>\n<td class=\"column-4\">35.8<\/td>\n<td class=\"column-5\">75<\/td>\n<td class=\"column-6\">82,5<\/td>\n<td class=\"column-7\">47.2<\/td>\n<td class=\"column-8\">55,9<\/td>\n<\/tr>\n<tr class=\"row-14 even\">\n<td class=\"column-1\">75S<\/td>\n<td class=\"column-2\">M75<\/td>\n<td class=\"column-3\">15<\/td>\n<td class=\"column-4\">36.8<\/td>\n<td class=\"column-5\">80<\/td>\n<td class=\"column-6\">88<\/td>\n<td class=\"column-7\">54<\/td>\n<td class=\"column-8\">61.9<\/td>\n<\/tr>\n<tr class=\"row-15 odd\">\n<td class=\"column-1\">75<\/td>\n<td class=\"column-2\">M75<\/td>\n<td class=\"column-3\">15<\/td>\n<td class=\"column-4\">40.6<\/td>\n<td class=\"column-5\">84<\/td>\n<td class=\"column-6\">92.4<\/td>\n<td class=\"column-7\">61.1<\/td>\n<td class=\"column-8\">67,9<\/td>\n<\/tr>\n<tr class=\"row-16 even\">\n<td class=\"column-1\">90<\/td>\n<td class=\"column-2\">M90<\/td>\n<td class=\"column-3\">24<\/td>\n<td class=\"column-4\">58.3<\/td>\n<td class=\"column-5\">108<\/td>\n<td class=\"column-6\">118.8<\/td>\n<td class=\"column-7\">66.6<\/td>\n<td class=\"column-8\">79,9<\/td>\n<\/tr>\n<tr class=\"row-17 odd\">\n<td class=\"column-1\">100<\/td>\n<td class=\"column-2\">M100<\/td>\n<td class=\"column-3\">24<\/td>\n<td class=\"column-4\">55.2<\/td>\n<td class=\"column-5\">123<\/td>\n<td class=\"column-6\">135.3<\/td>\n<td class=\"column-7\">76<\/td>\n<td class=\"column-8\">91<\/td>\n<\/tr>\n<tr class=\"row-18 even\">\n<td class=\"column-1\">115<\/td>\n<td class=\"column-2\">M115<\/td>\n<td class=\"column-3\">24<\/td>\n<td class=\"column-4\">65.2<\/td>\n<td class=\"column-5\">133.4<\/td>\n<td class=\"column-6\">146,7<\/td>\n<td class=\"column-7\">86<\/td>\n<td class=\"column-8\">97,9<\/td>\n<\/tr>\n<tr class=\"row-19 odd\">\n<td class=\"column-1\">130<\/td>\n<td class=\"column-2\">M130<\/td>\n<td class=\"column-3\">24<\/td>\n<td class=\"column-4\">73.9<\/td>\n<td class=\"column-5\">152,4<\/td>\n<td class=\"column-6\">167,6<\/td>\n<td class=\"column-7\">97<\/td>\n<td class=\"column-8\">114.9<\/td>\n<\/tr>\n<\/tbody>\n<\/table>\n<p><strong><img fetchpriority=\"high\" decoding=\"async\" class=\"size-full wp-image-13060 alignright lazy loaded\" src=\"https:\/\/conexmetals.com\/wp-content\/uploads\/2023\/08\/CXT-Industrial-Cable-Glands-2.png\" alt=\"Prensaestopas industriales CXT\" width=\"241\" height=\"228\" data-src=\"https:\/\/conexmetals.com\/wp-content\/uploads\/2023\/08\/CXT-Industrial-Cable-Glands-2.png\" data-was-processed=\"true\" \/>Caracter\u00edsticas:<\/strong>\u00a0Seg\u00fan BS 6121 pt. 1 adecuado para cables trenzados flexibles (cables CY, YY y SY). Proporciona sellado en la cubierta exterior del cable y sujeta la trenza de alambre para continuidad el\u00e9ctrica. Disponible con arandelas, tuercas de seguridad y cubiertas de PVC. Tambi\u00e9n disponibles paquetes de kits de prensaestopas CXT.<\/p>\n<p><strong>Tama\u00f1o del casquillo:<\/strong>\u00a0de 20 mm a 50 mm<\/p>\n<p><strong>Material:<\/strong>\u00a0lat\u00f3n y aluminio<\/p>\n<p><strong>Clasificaci\u00f3n IP:<\/strong>\u00a0IP 66<\/p>\n","protected":false},"featured_media":13255,"template":"","meta":[],"product_brand":[],"product_cat":[367],"product_tag":[],"class_list":{"0":"post-13442","1":"product","2":"type-product","3":"status-publish","4":"has-post-thumbnail","6":"product_cat-prensas-de-cable","8":"first","9":"instock","10":"shipping-taxable","11":"product-type-simple"},"yoast_head":"<!-- This site is optimized with the Yoast SEO plugin v27.3 - https:\/\/yoast.com\/product\/yoast-seo-wordpress\/ -->\n<title>Prensaestopas Industriales CXT<\/title>\n<meta name=\"description\" content=\"Conex Metals se especializa en Prensaestopas Industriales CXT dise\u00f1adas para cables SS e YY. Como proveedores y exportadores l\u00edderes de la India, entregamos soluciones de Prensaestopas premium con enfoque en precisi\u00f3n y durabilidad.\" \/>\n<meta name=\"robots\" content=\"index, follow, max-snippet:-1, max-image-preview:large, max-video-preview:-1\" \/>\n<link rel=\"canonical\" href=\"https:\/\/conexmetals.com\/es\/producto\/prensaestopas-industriales-cxt\/\" \/>\n<script type=\"application\/ld+json\" class=\"yoast-schema-graph\">{\"@context\":\"https:\\\/\\\/schema.org\",\"@graph\":[{\"@type\":\"WebPage\",\"@id\":\"https:\\\/\\\/conexmetals.com\\\/es\\\/producto\\\/prensaestopas-industriales-cxt\\\/\",\"url\":\"https:\\\/\\\/conexmetals.com\\\/es\\\/producto\\\/prensaestopas-industriales-cxt\\\/\",\"name\":\"Prensaestopas Industriales CXT\",\"isPartOf\":{\"@id\":\"https:\\\/\\\/conexmetals.com\\\/es\\\/#website\"},\"primaryImageOfPage\":{\"@id\":\"https:\\\/\\\/conexmetals.com\\\/es\\\/producto\\\/prensaestopas-industriales-cxt\\\/#primaryimage\"},\"image\":{\"@id\":\"https:\\\/\\\/conexmetals.com\\\/es\\\/producto\\\/prensaestopas-industriales-cxt\\\/#primaryimage\"},\"thumbnailUrl\":\"https:\\\/\\\/conexmetals.com\\\/wp-content\\\/uploads\\\/2025\\\/01\\\/Prensaestopas-Industriales-CXT.webp\",\"datePublished\":\"2023-08-18T07:28:17+00:00\",\"dateModified\":\"2025-01-20T11:38:31+00:00\",\"description\":\"Conex Metals se especializa en Prensaestopas Industriales CXT dise\u00f1adas para cables SS e YY. Como proveedores y exportadores l\u00edderes de la India, entregamos soluciones de Prensaestopas premium con enfoque en precisi\u00f3n y durabilidad.\",\"breadcrumb\":{\"@id\":\"https:\\\/\\\/conexmetals.com\\\/es\\\/producto\\\/prensaestopas-industriales-cxt\\\/#breadcrumb\"},\"inLanguage\":\"es\",\"potentialAction\":[{\"@type\":\"ReadAction\",\"target\":[\"https:\\\/\\\/conexmetals.com\\\/es\\\/producto\\\/prensaestopas-industriales-cxt\\\/\"]}]},{\"@type\":\"ImageObject\",\"inLanguage\":\"es\",\"@id\":\"https:\\\/\\\/conexmetals.com\\\/es\\\/producto\\\/prensaestopas-industriales-cxt\\\/#primaryimage\",\"url\":\"https:\\\/\\\/conexmetals.com\\\/wp-content\\\/uploads\\\/2025\\\/01\\\/Prensaestopas-Industriales-CXT.webp\",\"contentUrl\":\"https:\\\/\\\/conexmetals.com\\\/wp-content\\\/uploads\\\/2025\\\/01\\\/Prensaestopas-Industriales-CXT.webp\",\"width\":300,\"height\":300,\"caption\":\"Prensaestopas Industriales CXT\"},{\"@type\":\"BreadcrumbList\",\"@id\":\"https:\\\/\\\/conexmetals.com\\\/es\\\/producto\\\/prensaestopas-industriales-cxt\\\/#breadcrumb\",\"itemListElement\":[{\"@type\":\"ListItem\",\"position\":1,\"name\":\"Home\",\"item\":\"https:\\\/\\\/conexmetals.com\\\/es\\\/hogar\\\/\"},{\"@type\":\"ListItem\",\"position\":2,\"name\":\"Products\",\"item\":\"https:\\\/\\\/conexmetals.com\\\/products\\\/\"},{\"@type\":\"ListItem\",\"position\":3,\"name\":\"Prensaestopas Industriales CXT\"}]},{\"@type\":\"WebSite\",\"@id\":\"https:\\\/\\\/conexmetals.com\\\/es\\\/#website\",\"url\":\"https:\\\/\\\/conexmetals.com\\\/es\\\/\",\"name\":\"Conex Metals Brass Fittings Brass Parts Copper Parts Brass Components Brass Plumbing Fittings India\",\"description\":\"Manufacturer of Bronze Fittings casting Copper Brass parts components\",\"publisher\":{\"@id\":\"https:\\\/\\\/conexmetals.com\\\/es\\\/#organization\"},\"potentialAction\":[{\"@type\":\"SearchAction\",\"target\":{\"@type\":\"EntryPoint\",\"urlTemplate\":\"https:\\\/\\\/conexmetals.com\\\/es\\\/?s={search_term_string}\"},\"query-input\":{\"@type\":\"PropertyValueSpecification\",\"valueRequired\":true,\"valueName\":\"search_term_string\"}}],\"inLanguage\":\"es\"},{\"@type\":\"Organization\",\"@id\":\"https:\\\/\\\/conexmetals.com\\\/es\\\/#organization\",\"name\":\"Conex Metals Brass Fittings Brass Parts Copper Parts Brass Components Brass Plumbing Fittings India\",\"url\":\"https:\\\/\\\/conexmetals.com\\\/es\\\/\",\"logo\":{\"@type\":\"ImageObject\",\"inLanguage\":\"es\",\"@id\":\"https:\\\/\\\/conexmetals.com\\\/es\\\/#\\\/schema\\\/logo\\\/image\\\/\",\"url\":\"https:\\\/\\\/conexmetals.com\\\/wp-content\\\/uploads\\\/2024\\\/03\\\/conex-metals-logo.webp\",\"contentUrl\":\"https:\\\/\\\/conexmetals.com\\\/wp-content\\\/uploads\\\/2024\\\/03\\\/conex-metals-logo.webp\",\"width\":300,\"height\":121,\"caption\":\"Conex Metals Brass Fittings Brass Parts Copper Parts Brass Components Brass Plumbing Fittings India\"},\"image\":{\"@id\":\"https:\\\/\\\/conexmetals.com\\\/es\\\/#\\\/schema\\\/logo\\\/image\\\/\"},\"sameAs\":[\"https:\\\/\\\/www.facebook.com\\\/conexbrass\",\"https:\\\/\\\/x.com\\\/conexindia\",\"https:\\\/\\\/www.linkedin.com\\\/company\\\/conex-metals-india\\\/\",\"https:\\\/\\\/www.instagram.com\\\/conexindia\\\/\"]}]}<\/script>\n<!-- \/ Yoast SEO plugin. -->","yoast_head_json":{"title":"Prensaestopas Industriales CXT","description":"Conex Metals se especializa en Prensaestopas Industriales CXT dise\u00f1adas para cables SS e YY. Como proveedores y exportadores l\u00edderes de la India, entregamos soluciones de Prensaestopas premium con enfoque en precisi\u00f3n y durabilidad.","robots":{"index":"index","follow":"follow","max-snippet":"max-snippet:-1","max-image-preview":"max-image-preview:large","max-video-preview":"max-video-preview:-1"},"canonical":"https:\/\/conexmetals.com\/es\/producto\/prensaestopas-industriales-cxt\/","schema":{"@context":"https:\/\/schema.org","@graph":[{"@type":"WebPage","@id":"https:\/\/conexmetals.com\/es\/producto\/prensaestopas-industriales-cxt\/","url":"https:\/\/conexmetals.com\/es\/producto\/prensaestopas-industriales-cxt\/","name":"Prensaestopas Industriales CXT","isPartOf":{"@id":"https:\/\/conexmetals.com\/es\/#website"},"primaryImageOfPage":{"@id":"https:\/\/conexmetals.com\/es\/producto\/prensaestopas-industriales-cxt\/#primaryimage"},"image":{"@id":"https:\/\/conexmetals.com\/es\/producto\/prensaestopas-industriales-cxt\/#primaryimage"},"thumbnailUrl":"https:\/\/conexmetals.com\/wp-content\/uploads\/2025\/01\/Prensaestopas-Industriales-CXT.webp","datePublished":"2023-08-18T07:28:17+00:00","dateModified":"2025-01-20T11:38:31+00:00","description":"Conex Metals se especializa en Prensaestopas Industriales CXT dise\u00f1adas para cables SS e YY. Como proveedores y exportadores l\u00edderes de la India, entregamos soluciones de Prensaestopas premium con enfoque en precisi\u00f3n y durabilidad.","breadcrumb":{"@id":"https:\/\/conexmetals.com\/es\/producto\/prensaestopas-industriales-cxt\/#breadcrumb"},"inLanguage":"es","potentialAction":[{"@type":"ReadAction","target":["https:\/\/conexmetals.com\/es\/producto\/prensaestopas-industriales-cxt\/"]}]},{"@type":"ImageObject","inLanguage":"es","@id":"https:\/\/conexmetals.com\/es\/producto\/prensaestopas-industriales-cxt\/#primaryimage","url":"https:\/\/conexmetals.com\/wp-content\/uploads\/2025\/01\/Prensaestopas-Industriales-CXT.webp","contentUrl":"https:\/\/conexmetals.com\/wp-content\/uploads\/2025\/01\/Prensaestopas-Industriales-CXT.webp","width":300,"height":300,"caption":"Prensaestopas Industriales CXT"},{"@type":"BreadcrumbList","@id":"https:\/\/conexmetals.com\/es\/producto\/prensaestopas-industriales-cxt\/#breadcrumb","itemListElement":[{"@type":"ListItem","position":1,"name":"Home","item":"https:\/\/conexmetals.com\/es\/hogar\/"},{"@type":"ListItem","position":2,"name":"Products","item":"https:\/\/conexmetals.com\/products\/"},{"@type":"ListItem","position":3,"name":"Prensaestopas Industriales CXT"}]},{"@type":"WebSite","@id":"https:\/\/conexmetals.com\/es\/#website","url":"https:\/\/conexmetals.com\/es\/","name":"Conex Metals Brass Fittings Brass Parts Copper Parts Brass Components Brass Plumbing Fittings India","description":"Manufacturer of Bronze Fittings casting Copper Brass parts components","publisher":{"@id":"https:\/\/conexmetals.com\/es\/#organization"},"potentialAction":[{"@type":"SearchAction","target":{"@type":"EntryPoint","urlTemplate":"https:\/\/conexmetals.com\/es\/?s={search_term_string}"},"query-input":{"@type":"PropertyValueSpecification","valueRequired":true,"valueName":"search_term_string"}}],"inLanguage":"es"},{"@type":"Organization","@id":"https:\/\/conexmetals.com\/es\/#organization","name":"Conex Metals Brass Fittings Brass Parts Copper Parts Brass Components Brass Plumbing Fittings India","url":"https:\/\/conexmetals.com\/es\/","logo":{"@type":"ImageObject","inLanguage":"es","@id":"https:\/\/conexmetals.com\/es\/#\/schema\/logo\/image\/","url":"https:\/\/conexmetals.com\/wp-content\/uploads\/2024\/03\/conex-metals-logo.webp","contentUrl":"https:\/\/conexmetals.com\/wp-content\/uploads\/2024\/03\/conex-metals-logo.webp","width":300,"height":121,"caption":"Conex Metals Brass Fittings Brass Parts Copper Parts Brass Components Brass Plumbing Fittings India"},"image":{"@id":"https:\/\/conexmetals.com\/es\/#\/schema\/logo\/image\/"},"sameAs":["https:\/\/www.facebook.com\/conexbrass","https:\/\/x.com\/conexindia","https:\/\/www.linkedin.com\/company\/conex-metals-india\/","https:\/\/www.instagram.com\/conexindia\/"]}]}},"_links":{"self":[{"href":"https:\/\/conexmetals.com\/es\/wp-json\/wp\/v2\/product\/13442","targetHints":{"allow":["GET"]}}],"collection":[{"href":"https:\/\/conexmetals.com\/es\/wp-json\/wp\/v2\/product"}],"about":[{"href":"https:\/\/conexmetals.com\/es\/wp-json\/wp\/v2\/types\/product"}],"wp:featuredmedia":[{"embeddable":true,"href":"https:\/\/conexmetals.com\/es\/wp-json\/wp\/v2\/media\/13255"}],"wp:attachment":[{"href":"https:\/\/conexmetals.com\/es\/wp-json\/wp\/v2\/media?parent=13442"}],"wp:term":[{"taxonomy":"product_brand","embeddable":true,"href":"https:\/\/conexmetals.com\/es\/wp-json\/wp\/v2\/product_brand?post=13442"},{"taxonomy":"product_cat","embeddable":true,"href":"https:\/\/conexmetals.com\/es\/wp-json\/wp\/v2\/product_cat?post=13442"},{"taxonomy":"product_tag","embeddable":true,"href":"https:\/\/conexmetals.com\/es\/wp-json\/wp\/v2\/product_tag?post=13442"}],"curies":[{"name":"wp","href":"https:\/\/api.w.org\/{rel}","templated":true}]}}