{"id":13446,"date":"2023-08-18T12:52:11","date_gmt":"2023-08-18T07:22:11","guid":{"rendered":"https:\/\/conexmetals.com\/?post_type=product&#038;p=13446"},"modified":"2025-01-20T18:03:09","modified_gmt":"2025-01-20T12:33:09","slug":"prensaestopas-industriales-cz","status":"publish","type":"product","link":"https:\/\/conexmetals.com\/es\/producto\/prensaestopas-industriales-cz\/","title":{"rendered":"Prensaestopas Industriales CZ"},"content":{"rendered":"","protected":false},"excerpt":{"rendered":"<p><span>El prensaestopas tipo CZ est\u00e1 dise\u00f1ado para una terminaci\u00f3n de cables segura y eficiente. Cumple con los est\u00e1ndares de la industria y ofrece un rendimiento s\u00f3lido para diversas aplicaciones.<\/span><\/p>\n<p><strong><span>Especificaciones t\u00e9cnicas:<\/span><\/strong><\/p>\n<ul>\n<li><strong><span>Tipo:<\/span><\/strong><span>\u00a0CZ<\/span><\/li>\n<li><strong><span>Especificaci\u00f3n de dise\u00f1o:<\/span><\/strong><span>\u00a0BS 6121: Parte I: 1989<\/span><\/li>\n<li><strong><span>Material:<\/span><\/strong><span>\u00a0Lat\u00f3n<\/span><\/li>\n<li><strong><span>Protecci\u00f3n de entrada:<\/span><\/strong><span>\u00a0IP 66<\/span><\/li>\n<li><strong><span>Opciones de acabado:<\/span><\/strong><span>\u00a0Lat\u00f3n simple o niquelado<\/span><\/li>\n<li><strong><span>Material del sello:<\/span><\/strong><span>\u00a0elast\u00f3mero termopl\u00e1stico<\/span><\/li>\n<li><strong><span>Tipo de cable compatible:<\/span><\/strong><span>\u00a0Armadura de alambre de acero<\/span><\/li>\n<li><strong><span>Sujeci\u00f3n de armadura:<\/span><\/strong><span>\u00a0dise\u00f1o de 3 piezas (incluye tuerca de seguridad)<\/span><\/li>\n<li><strong><span>T\u00e9cnica de sellado:<\/span><\/strong><span>\u00a0tipo compresi\u00f3n<\/span><\/li>\n<li><strong><span>\u00c1rea de sellado:<\/span><\/strong><span>\u00a0vaina exterior<\/span><\/li>\n<\/ul>\n<p>&nbsp;<\/p>\n<table id=\"tablepress-417\" class=\"tablepress tablepress-id-417\">\n<caption>\u00a0<\/caption>\n<thead>\n<tr class=\"row-1 odd\">\n<th class=\"column-1\" colspan=\"9\"><strong><span>Prensaestopas industriales CZ<\/span><\/strong><\/th>\n<\/tr>\n<\/thead>\n<tbody class=\"row-hover\">\n<tr class=\"row-2 even\">\n<td class=\"column-1\"><strong><span>Tama\u00f1o de la gl\u00e1ndula<\/span><\/strong><\/td>\n<td class=\"column-2\" colspan=\"5\"><strong><span>Dimensiones de la gl\u00e1ndula<\/span><\/strong><\/td>\n<td class=\"column-7\" colspan=\"3\"><strong><span>Dimensiones del cable admitidas<\/span><\/strong><\/td>\n<\/tr>\n<tr class=\"row-3 odd\">\n<td class=\"column-1\"><\/td>\n<td class=\"column-2\"><strong><span>Di\u00e1metro \u201cA\u201d<\/span><\/strong><\/td>\n<td class=\"column-3\"><strong><span>Di\u00e1metro \u201cB\u201d<\/span><\/strong><\/td>\n<td class=\"column-4\"><strong><span>Rosca de entrada m\u00e9trica \u201cC\u201d<\/span><\/strong><\/td>\n<td class=\"column-5\"><strong><span>Longitud m\u00ednima de rosca \u201cD\u201d<\/span><\/strong><\/td>\n<td class=\"column-6\"><strong><span>A trav\u00e9s de plano \u201cE\u201d M\u00e1x.<\/span><\/strong><\/td>\n<td class=\"column-7\"><strong><span>Di\u00e1metro m\u00e1x. de Under Armour<\/span><\/strong><\/td>\n<td class=\"column-8\"><strong><span>Di\u00e1metro total m\u00e1x.<\/span><\/strong><\/td>\n<td class=\"column-9\"><strong><span>Espesor de la cinta de acero<\/span><\/strong><\/td>\n<\/tr>\n<tr class=\"row-4 even\">\n<td class=\"column-1\"><span>16<\/span><\/td>\n<td class=\"column-2\"><span>9.5<\/span><\/td>\n<td class=\"column-3\"><span>16.9<\/span><\/td>\n<td class=\"column-4\"><span>16<\/span><\/td>\n<td class=\"column-5\"><span>10<\/span><\/td>\n<td class=\"column-6\"><span>24.2<\/span><\/td>\n<td class=\"column-7\"><span>6<\/span><\/td>\n<td class=\"column-8\"><span>13.2<\/span><\/td>\n<td class=\"column-9\"><span>0,15\/0,35<\/span><\/td>\n<\/tr>\n<tr class=\"row-5 odd\">\n<td class=\"column-1\"><span>20 S<\/span><\/td>\n<td class=\"column-2\"><span>12.3<\/span><\/td>\n<td class=\"column-3\"><span>17<\/span><\/td>\n<td class=\"column-4\"><span>20<\/span><\/td>\n<td class=\"column-5\"><span>10<\/span><\/td>\n<td class=\"column-6\"><span>24<\/span><\/td>\n<td class=\"column-7\"><span>11.6<\/span><\/td>\n<td class=\"column-8\"><span>15.8<\/span><\/td>\n<td class=\"column-9\"><span>0,15\/0,35<\/span><\/td>\n<\/tr>\n<tr class=\"row-6 even\">\n<td class=\"column-1\"><span>20 litros<\/span><\/td>\n<td class=\"column-2\"><span>14.3<\/span><\/td>\n<td class=\"column-3\"><span>20.3<\/span><\/td>\n<td class=\"column-4\"><span>20<\/span><\/td>\n<td class=\"column-5\"><span>10<\/span><\/td>\n<td class=\"column-6\"><span>27.17<\/span><\/td>\n<td class=\"column-7\"><span>13.9<\/span><\/td>\n<td class=\"column-8\"><span>19.5<\/span><\/td>\n<td class=\"column-9\"><span>0,15\/0,5<\/span><\/td>\n<\/tr>\n<tr class=\"row-7 odd\">\n<td class=\"column-1\"><span>25 S<\/span><\/td>\n<td class=\"column-2\"><span>18.3<\/span><\/td>\n<td class=\"column-3\"><span>26.4<\/span><\/td>\n<td class=\"column-4\"><span>25<\/span><\/td>\n<td class=\"column-5\"><span>10<\/span><\/td>\n<td class=\"column-6\"><span>32,75<\/span><\/td>\n<td class=\"column-7\"><span>15.5<\/span><\/td>\n<td class=\"column-8\"><span>25.8<\/span><\/td>\n<td class=\"column-9\"><span>0,15\/0,5<\/span><\/td>\n<\/tr>\n<tr class=\"row-8 even\">\n<td class=\"column-1\"><span>25 litros<\/span><\/td>\n<td class=\"column-2\"><span>20.8<\/span><\/td>\n<td class=\"column-3\"><span>26.9<\/span><\/td>\n<td class=\"column-4\"><span>25<\/span><\/td>\n<td class=\"column-5\"><span>10<\/span><\/td>\n<td class=\"column-6\"><span>34.3<\/span><\/td>\n<td class=\"column-7\"><span>19.9<\/span><\/td>\n<td class=\"column-8\"><span>26<\/span><\/td>\n<td class=\"column-9\"><span>0,15\/0,5<\/span><\/td>\n<\/tr>\n<tr class=\"row-9 odd\">\n<td class=\"column-1\"><span>32<\/span><\/td>\n<td class=\"column-2\"><span>26.9<\/span><\/td>\n<td class=\"column-3\"><span>34.1<\/span><\/td>\n<td class=\"column-4\"><span>32<\/span><\/td>\n<td class=\"column-5\"><span>10<\/span><\/td>\n<td class=\"column-6\"><span>42.9<\/span><\/td>\n<td class=\"column-7\"><span>25.2<\/span><\/td>\n<td class=\"column-8\"><span>33.5<\/span><\/td>\n<td class=\"column-9\"><span>0,15\/0,55<\/span><\/td>\n<\/tr>\n<tr class=\"row-10 even\">\n<td class=\"column-1\"><span>40 S<\/span><\/td>\n<td class=\"column-2\"><span>31.5<\/span><\/td>\n<td class=\"column-3\"><span>39.6<\/span><\/td>\n<td class=\"column-4\"><span>40<\/span><\/td>\n<td class=\"column-5\"><span>15<\/span><\/td>\n<td class=\"column-6\"><span>49.3<\/span><\/td>\n<td class=\"column-7\"><span>29.4<\/span><\/td>\n<td class=\"column-8\"><span>38.5<\/span><\/td>\n<td class=\"column-9\"><span>0,2\/0,6<\/span><\/td>\n<\/tr>\n<tr class=\"row-11 odd\">\n<td class=\"column-1\"><span>40 litros<\/span><\/td>\n<td class=\"column-2\"><span>32.5<\/span><\/td>\n<td class=\"column-3\"><span>41.8<\/span><\/td>\n<td class=\"column-4\"><span>40<\/span><\/td>\n<td class=\"column-5\"><span>15<\/span><\/td>\n<td class=\"column-6\"><span>50.8<\/span><\/td>\n<td class=\"column-7\"><span>32.1<\/span><\/td>\n<td class=\"column-8\"><span>39,9<\/span><\/td>\n<td class=\"column-9\"><span>0,2\/0,6<\/span><\/td>\n<\/tr>\n<tr class=\"row-12 even\">\n<td class=\"column-1\"><span>50 S<\/span><\/td>\n<td class=\"column-2\"><span>40.9<\/span><\/td>\n<td class=\"column-3\"><span>50.2<\/span><\/td>\n<td class=\"column-4\"><span>50<\/span><\/td>\n<td class=\"column-5\"><span>15<\/span><\/td>\n<td class=\"column-6\"><span>61.7<\/span><\/td>\n<td class=\"column-7\"><span>39,5<\/span><\/td>\n<td class=\"column-8\"><span>49<\/span><\/td>\n<td class=\"column-9\"><span>0,5\/0,8<\/span><\/td>\n<\/tr>\n<tr class=\"row-13 odd\">\n<td class=\"column-1\"><span>50 litros<\/span><\/td>\n<td class=\"column-2\"><span>44.4<\/span><\/td>\n<td class=\"column-3\"><span>52.8<\/span><\/td>\n<td class=\"column-4\"><span>50<\/span><\/td>\n<td class=\"column-5\"><span>15<\/span><\/td>\n<td class=\"column-6\"><span>63,75<\/span><\/td>\n<td class=\"column-7\"><span>43.2<\/span><\/td>\n<td class=\"column-8\"><span>51<\/span><\/td>\n<td class=\"column-9\"><span>0,5\/0,8<\/span><\/td>\n<\/tr>\n<tr class=\"row-14 even\">\n<td class=\"column-1\"><span>63 S<\/span><\/td>\n<td class=\"column-2\"><span>51.8<\/span><\/td>\n<td class=\"column-3\"><span>61.9<\/span><\/td>\n<td class=\"column-4\"><span>63<\/span><\/td>\n<td class=\"column-5\"><span>15<\/span><\/td>\n<td class=\"column-6\"><span>73.9<\/span><\/td>\n<td class=\"column-7\"><span>50.6<\/span><\/td>\n<td class=\"column-8\"><span>58,9<\/span><\/td>\n<td class=\"column-9\"><span>0,5\/0,8<\/span><\/td>\n<\/tr>\n<tr class=\"row-15 odd\">\n<td class=\"column-1\"><span>63 litros<\/span><\/td>\n<td class=\"column-2\"><span>56.4<\/span><\/td>\n<td class=\"column-3\"><span>66,5<\/span><\/td>\n<td class=\"column-4\"><span>63<\/span><\/td>\n<td class=\"column-5\"><span>15<\/span><\/td>\n<td class=\"column-6\"><span>78,5<\/span><\/td>\n<td class=\"column-7\"><span>55,9<\/span><\/td>\n<td class=\"column-8\"><span>65.3<\/span><\/td>\n<td class=\"column-9\"><span>0,5\/0,8<\/span><\/td>\n<\/tr>\n<tr class=\"row-16 even\">\n<td class=\"column-1\"><span>75 S<\/span><\/td>\n<td class=\"column-2\"><span>63.2<\/span><\/td>\n<td class=\"column-3\"><span>74.2<\/span><\/td>\n<td class=\"column-4\"><span>75<\/span><\/td>\n<td class=\"column-5\"><span>20<\/span><\/td>\n<td class=\"column-6\"><span>87.4<\/span><\/td>\n<td class=\"column-7\"><span>61.9<\/span><\/td>\n<td class=\"column-8\"><span>71.6<\/span><\/td>\n<td class=\"column-9\"><span>0,5\/1,0<\/span><\/td>\n<\/tr>\n<tr class=\"row-17 odd\">\n<td class=\"column-1\"><span>75 litros<\/span><\/td>\n<td class=\"column-2\"><span>68.6<\/span><\/td>\n<td class=\"column-3\"><span>78,5<\/span><\/td>\n<td class=\"column-4\"><span>75<\/span><\/td>\n<td class=\"column-5\"><span>20<\/span><\/td>\n<td class=\"column-6\"><span>96<\/span><\/td>\n<td class=\"column-7\"><span>67,9<\/span><\/td>\n<td class=\"column-8\"><span>78<\/span><\/td>\n<td class=\"column-9\"><span>0,5\/1,0<\/span><\/td>\n<\/tr>\n<tr class=\"row-18 even\">\n<td class=\"column-1\"><span>90<\/span><\/td>\n<td class=\"column-2\"><span>79<\/span><\/td>\n<td class=\"column-3\"><span>90.2<\/span><\/td>\n<td class=\"column-4\"><span>85<\/span><\/td>\n<td class=\"column-5\"><span>20<\/span><\/td>\n<td class=\"column-6\"><span>105.3<\/span><\/td>\n<td class=\"column-7\"><span>74<\/span><\/td>\n<td class=\"column-8\"><span>88<\/span><\/td>\n<td class=\"column-9\"><span>0,5\/1,0<\/span><\/td>\n<\/tr>\n<tr class=\"row-19 odd\">\n<td class=\"column-1\" colspan=\"9\"><strong><span>Dimensiones en mm<\/span><\/strong><\/td>\n<\/tr>\n<\/tbody>\n<\/table>\n<p><span>Los prensaestopas industriales CZ se utilizan ampliamente en diversas industrias para sellar y terminar cables blindados de manera segura. Su dise\u00f1o robusto y su alta protecci\u00f3n contra la penetraci\u00f3n los hacen adecuados para entornos exigentes.<\/span><\/p>\n<p><strong><span>Aplicaciones clave:<\/span><\/strong><\/p>\n<ol>\n<li><strong><span>Sistemas el\u00e9ctricos y de distribuci\u00f3n de energ\u00eda<\/span><\/strong>\n<ul>\n<li><span>Se utiliza en subestaciones, cuadros de distribuci\u00f3n y plantas de generaci\u00f3n de energ\u00eda para terminaciones de cables seguras.<\/span><\/li>\n<\/ul>\n<\/li>\n<li><strong><span>Industria del petr\u00f3leo y el gas<\/span><\/strong>\n<ul>\n<li><span>Ideal para instalaciones en tierra y en alta mar donde se utilizan cables blindados en entornos hostiles y explosivos.<\/span><\/li>\n<\/ul>\n<\/li>\n<li><strong><span>Fabricaci\u00f3n y automatizaci\u00f3n industrial<\/span><\/strong>\n<ul>\n<li><span>Adecuado para maquinaria industrial, transportadores y paneles de control, proporcionando durabilidad y seguridad.<\/span><\/li>\n<\/ul>\n<\/li>\n<li><strong><span>Marina y construcci\u00f3n naval<\/span><\/strong>\n<ul>\n<li><span>Con excelente protecci\u00f3n de entrada, se utilizan en ambientes marinos para cableado y conexiones de equipos.<\/span><\/li>\n<\/ul>\n<\/li>\n<li><strong><span>Construcci\u00f3n e Infraestructura<\/span><\/strong>\n<ul>\n<li><span>Se aplica en proyectos de construcci\u00f3n para sistemas de cableado, garantizando instalaciones seguras y duraderas.<\/span><\/li>\n<\/ul>\n<\/li>\n<li><strong><span>Energ\u00eda renovable<\/span><\/strong>\n<ul>\n<li><span>Ampliamente utilizado en proyectos de energ\u00eda solar y e\u00f3lica para terminar cables blindados para inversores y sistemas de control.<\/span><\/li>\n<\/ul>\n<\/li>\n<li><strong><span>Miner\u00eda e industria pesada<\/span><\/strong>\n<ul>\n<li><span>Dise\u00f1ados para soportar condiciones dif\u00edciles, estos prensaestopas garantizan terminaciones de cables confiables en equipos de miner\u00eda y plantas de procesamiento.<\/span><\/li>\n<\/ul>\n<\/li>\n<\/ol>\n<p><strong><span>Beneficios en la aplicaci\u00f3n:<\/span><\/strong><\/p>\n<ul>\n<li><strong><span>Alta protecci\u00f3n de entrada (IP66):<\/span><\/strong><span>\u00a0Resistente a la entrada de polvo y agua.<\/span><\/li>\n<li><strong><span>Construcci\u00f3n duradera:<\/span><\/strong><span>\u00a0hecha de lat\u00f3n para una excelente resistencia y resistencia a la corrosi\u00f3n.<\/span><\/li>\n<li><strong><span>Sellado vers\u00e1til:<\/span><\/strong><span>\u00a0el sellado por compresi\u00f3n garantiza un ajuste perfecto en la cubierta exterior del cable.<\/span><\/li>\n<li><strong><span>Cumplimiento de normas:<\/span><\/strong><span>\u00a0Cumple con la norma BS 6121: Parte I: 1989 en materia de seguridad y confiabilidad.<\/span><\/li>\n<\/ul>\n<p><span>Los prensaestopas industriales CZ son la opci\u00f3n ideal para las industrias que requieren soluciones de terminaci\u00f3n de cables confiables en entornos desafiantes.<\/span><\/p>\n","protected":false},"featured_media":13261,"template":"","meta":[],"product_brand":[],"product_cat":[367],"product_tag":[],"class_list":{"0":"post-13446","1":"product","2":"type-product","3":"status-publish","4":"has-post-thumbnail","6":"product_cat-prensas-de-cable","8":"first","9":"instock","10":"shipping-taxable","11":"product-type-simple"},"yoast_head":"<!-- This site is optimized with the Yoast SEO plugin v27.3 - https:\/\/yoast.com\/product\/yoast-seo-wordpress\/ -->\n<title>Prensaestopas Industriales CZ<\/title>\n<meta name=\"description\" content=\"Conex Metals ofrece Prensaestopas Industriales CZ de primera calidad, incluidas Prensaestopas Industriales A1 A2, Prensaestopas Industriales BW y Prensaestopas Industriales BWL Heavy Duty. Como principales fabricantes, exportadores y proveedores en India, ofrecemos una amplia gama de Prensaestopas de Lat\u00f3n, Prensaestopas Industriales CW y mucho m\u00e1s.\" \/>\n<meta name=\"robots\" content=\"index, follow, max-snippet:-1, max-image-preview:large, max-video-preview:-1\" \/>\n<link rel=\"canonical\" href=\"https:\/\/conexmetals.com\/es\/producto\/prensaestopas-industriales-cz\/\" \/>\n<script type=\"application\/ld+json\" class=\"yoast-schema-graph\">{\"@context\":\"https:\\\/\\\/schema.org\",\"@graph\":[{\"@type\":\"WebPage\",\"@id\":\"https:\\\/\\\/conexmetals.com\\\/es\\\/producto\\\/prensaestopas-industriales-cz\\\/\",\"url\":\"https:\\\/\\\/conexmetals.com\\\/es\\\/producto\\\/prensaestopas-industriales-cz\\\/\",\"name\":\"Prensaestopas Industriales CZ\",\"isPartOf\":{\"@id\":\"https:\\\/\\\/conexmetals.com\\\/es\\\/#website\"},\"primaryImageOfPage\":{\"@id\":\"https:\\\/\\\/conexmetals.com\\\/es\\\/producto\\\/prensaestopas-industriales-cz\\\/#primaryimage\"},\"image\":{\"@id\":\"https:\\\/\\\/conexmetals.com\\\/es\\\/producto\\\/prensaestopas-industriales-cz\\\/#primaryimage\"},\"thumbnailUrl\":\"https:\\\/\\\/conexmetals.com\\\/wp-content\\\/uploads\\\/2025\\\/01\\\/Prensaestopas-Industriales-CZ.webp\",\"datePublished\":\"2023-08-18T07:22:11+00:00\",\"dateModified\":\"2025-01-20T12:33:09+00:00\",\"description\":\"Conex Metals ofrece Prensaestopas Industriales CZ de primera calidad, incluidas Prensaestopas Industriales A1 A2, Prensaestopas Industriales BW y Prensaestopas Industriales BWL Heavy Duty. Como principales fabricantes, exportadores y proveedores en India, ofrecemos una amplia gama de Prensaestopas de Lat\u00f3n, Prensaestopas Industriales CW y mucho m\u00e1s.\",\"breadcrumb\":{\"@id\":\"https:\\\/\\\/conexmetals.com\\\/es\\\/producto\\\/prensaestopas-industriales-cz\\\/#breadcrumb\"},\"inLanguage\":\"es\",\"potentialAction\":[{\"@type\":\"ReadAction\",\"target\":[\"https:\\\/\\\/conexmetals.com\\\/es\\\/producto\\\/prensaestopas-industriales-cz\\\/\"]}]},{\"@type\":\"ImageObject\",\"inLanguage\":\"es\",\"@id\":\"https:\\\/\\\/conexmetals.com\\\/es\\\/producto\\\/prensaestopas-industriales-cz\\\/#primaryimage\",\"url\":\"https:\\\/\\\/conexmetals.com\\\/wp-content\\\/uploads\\\/2025\\\/01\\\/Prensaestopas-Industriales-CZ.webp\",\"contentUrl\":\"https:\\\/\\\/conexmetals.com\\\/wp-content\\\/uploads\\\/2025\\\/01\\\/Prensaestopas-Industriales-CZ.webp\",\"width\":300,\"height\":300,\"caption\":\"Prensaestopas Industriales CZ\"},{\"@type\":\"BreadcrumbList\",\"@id\":\"https:\\\/\\\/conexmetals.com\\\/es\\\/producto\\\/prensaestopas-industriales-cz\\\/#breadcrumb\",\"itemListElement\":[{\"@type\":\"ListItem\",\"position\":1,\"name\":\"Home\",\"item\":\"https:\\\/\\\/conexmetals.com\\\/es\\\/hogar\\\/\"},{\"@type\":\"ListItem\",\"position\":2,\"name\":\"Products\",\"item\":\"https:\\\/\\\/conexmetals.com\\\/products\\\/\"},{\"@type\":\"ListItem\",\"position\":3,\"name\":\"Prensaestopas Industriales CZ\"}]},{\"@type\":\"WebSite\",\"@id\":\"https:\\\/\\\/conexmetals.com\\\/es\\\/#website\",\"url\":\"https:\\\/\\\/conexmetals.com\\\/es\\\/\",\"name\":\"Conex Metals Brass Fittings Brass Parts Copper Parts Brass Components Brass Plumbing Fittings India\",\"description\":\"Manufacturer of Bronze Fittings casting Copper Brass parts components\",\"publisher\":{\"@id\":\"https:\\\/\\\/conexmetals.com\\\/es\\\/#organization\"},\"potentialAction\":[{\"@type\":\"SearchAction\",\"target\":{\"@type\":\"EntryPoint\",\"urlTemplate\":\"https:\\\/\\\/conexmetals.com\\\/es\\\/?s={search_term_string}\"},\"query-input\":{\"@type\":\"PropertyValueSpecification\",\"valueRequired\":true,\"valueName\":\"search_term_string\"}}],\"inLanguage\":\"es\"},{\"@type\":\"Organization\",\"@id\":\"https:\\\/\\\/conexmetals.com\\\/es\\\/#organization\",\"name\":\"Conex Metals Brass Fittings Brass Parts Copper Parts Brass Components Brass Plumbing Fittings India\",\"url\":\"https:\\\/\\\/conexmetals.com\\\/es\\\/\",\"logo\":{\"@type\":\"ImageObject\",\"inLanguage\":\"es\",\"@id\":\"https:\\\/\\\/conexmetals.com\\\/es\\\/#\\\/schema\\\/logo\\\/image\\\/\",\"url\":\"https:\\\/\\\/conexmetals.com\\\/wp-content\\\/uploads\\\/2024\\\/03\\\/conex-metals-logo.webp\",\"contentUrl\":\"https:\\\/\\\/conexmetals.com\\\/wp-content\\\/uploads\\\/2024\\\/03\\\/conex-metals-logo.webp\",\"width\":300,\"height\":121,\"caption\":\"Conex Metals Brass Fittings Brass Parts Copper Parts Brass Components Brass Plumbing Fittings India\"},\"image\":{\"@id\":\"https:\\\/\\\/conexmetals.com\\\/es\\\/#\\\/schema\\\/logo\\\/image\\\/\"},\"sameAs\":[\"https:\\\/\\\/www.facebook.com\\\/conexbrass\",\"https:\\\/\\\/x.com\\\/conexindia\",\"https:\\\/\\\/www.linkedin.com\\\/company\\\/conex-metals-india\\\/\",\"https:\\\/\\\/www.instagram.com\\\/conexindia\\\/\"]}]}<\/script>\n<!-- \/ Yoast SEO plugin. -->","yoast_head_json":{"title":"Prensaestopas Industriales CZ","description":"Conex Metals ofrece Prensaestopas Industriales CZ de primera calidad, incluidas Prensaestopas Industriales A1 A2, Prensaestopas Industriales BW y Prensaestopas Industriales BWL Heavy Duty. Como principales fabricantes, exportadores y proveedores en India, ofrecemos una amplia gama de Prensaestopas de Lat\u00f3n, Prensaestopas Industriales CW y mucho m\u00e1s.","robots":{"index":"index","follow":"follow","max-snippet":"max-snippet:-1","max-image-preview":"max-image-preview:large","max-video-preview":"max-video-preview:-1"},"canonical":"https:\/\/conexmetals.com\/es\/producto\/prensaestopas-industriales-cz\/","schema":{"@context":"https:\/\/schema.org","@graph":[{"@type":"WebPage","@id":"https:\/\/conexmetals.com\/es\/producto\/prensaestopas-industriales-cz\/","url":"https:\/\/conexmetals.com\/es\/producto\/prensaestopas-industriales-cz\/","name":"Prensaestopas Industriales CZ","isPartOf":{"@id":"https:\/\/conexmetals.com\/es\/#website"},"primaryImageOfPage":{"@id":"https:\/\/conexmetals.com\/es\/producto\/prensaestopas-industriales-cz\/#primaryimage"},"image":{"@id":"https:\/\/conexmetals.com\/es\/producto\/prensaestopas-industriales-cz\/#primaryimage"},"thumbnailUrl":"https:\/\/conexmetals.com\/wp-content\/uploads\/2025\/01\/Prensaestopas-Industriales-CZ.webp","datePublished":"2023-08-18T07:22:11+00:00","dateModified":"2025-01-20T12:33:09+00:00","description":"Conex Metals ofrece Prensaestopas Industriales CZ de primera calidad, incluidas Prensaestopas Industriales A1 A2, Prensaestopas Industriales BW y Prensaestopas Industriales BWL Heavy Duty. Como principales fabricantes, exportadores y proveedores en India, ofrecemos una amplia gama de Prensaestopas de Lat\u00f3n, Prensaestopas Industriales CW y mucho m\u00e1s.","breadcrumb":{"@id":"https:\/\/conexmetals.com\/es\/producto\/prensaestopas-industriales-cz\/#breadcrumb"},"inLanguage":"es","potentialAction":[{"@type":"ReadAction","target":["https:\/\/conexmetals.com\/es\/producto\/prensaestopas-industriales-cz\/"]}]},{"@type":"ImageObject","inLanguage":"es","@id":"https:\/\/conexmetals.com\/es\/producto\/prensaestopas-industriales-cz\/#primaryimage","url":"https:\/\/conexmetals.com\/wp-content\/uploads\/2025\/01\/Prensaestopas-Industriales-CZ.webp","contentUrl":"https:\/\/conexmetals.com\/wp-content\/uploads\/2025\/01\/Prensaestopas-Industriales-CZ.webp","width":300,"height":300,"caption":"Prensaestopas Industriales CZ"},{"@type":"BreadcrumbList","@id":"https:\/\/conexmetals.com\/es\/producto\/prensaestopas-industriales-cz\/#breadcrumb","itemListElement":[{"@type":"ListItem","position":1,"name":"Home","item":"https:\/\/conexmetals.com\/es\/hogar\/"},{"@type":"ListItem","position":2,"name":"Products","item":"https:\/\/conexmetals.com\/products\/"},{"@type":"ListItem","position":3,"name":"Prensaestopas Industriales CZ"}]},{"@type":"WebSite","@id":"https:\/\/conexmetals.com\/es\/#website","url":"https:\/\/conexmetals.com\/es\/","name":"Conex Metals Brass Fittings Brass Parts Copper Parts Brass Components Brass Plumbing Fittings India","description":"Manufacturer of Bronze Fittings casting Copper Brass parts components","publisher":{"@id":"https:\/\/conexmetals.com\/es\/#organization"},"potentialAction":[{"@type":"SearchAction","target":{"@type":"EntryPoint","urlTemplate":"https:\/\/conexmetals.com\/es\/?s={search_term_string}"},"query-input":{"@type":"PropertyValueSpecification","valueRequired":true,"valueName":"search_term_string"}}],"inLanguage":"es"},{"@type":"Organization","@id":"https:\/\/conexmetals.com\/es\/#organization","name":"Conex Metals Brass Fittings Brass Parts Copper Parts Brass Components Brass Plumbing Fittings India","url":"https:\/\/conexmetals.com\/es\/","logo":{"@type":"ImageObject","inLanguage":"es","@id":"https:\/\/conexmetals.com\/es\/#\/schema\/logo\/image\/","url":"https:\/\/conexmetals.com\/wp-content\/uploads\/2024\/03\/conex-metals-logo.webp","contentUrl":"https:\/\/conexmetals.com\/wp-content\/uploads\/2024\/03\/conex-metals-logo.webp","width":300,"height":121,"caption":"Conex Metals Brass Fittings Brass Parts Copper Parts Brass Components Brass Plumbing Fittings India"},"image":{"@id":"https:\/\/conexmetals.com\/es\/#\/schema\/logo\/image\/"},"sameAs":["https:\/\/www.facebook.com\/conexbrass","https:\/\/x.com\/conexindia","https:\/\/www.linkedin.com\/company\/conex-metals-india\/","https:\/\/www.instagram.com\/conexindia\/"]}]}},"_links":{"self":[{"href":"https:\/\/conexmetals.com\/es\/wp-json\/wp\/v2\/product\/13446","targetHints":{"allow":["GET"]}}],"collection":[{"href":"https:\/\/conexmetals.com\/es\/wp-json\/wp\/v2\/product"}],"about":[{"href":"https:\/\/conexmetals.com\/es\/wp-json\/wp\/v2\/types\/product"}],"wp:featuredmedia":[{"embeddable":true,"href":"https:\/\/conexmetals.com\/es\/wp-json\/wp\/v2\/media\/13261"}],"wp:attachment":[{"href":"https:\/\/conexmetals.com\/es\/wp-json\/wp\/v2\/media?parent=13446"}],"wp:term":[{"taxonomy":"product_brand","embeddable":true,"href":"https:\/\/conexmetals.com\/es\/wp-json\/wp\/v2\/product_brand?post=13446"},{"taxonomy":"product_cat","embeddable":true,"href":"https:\/\/conexmetals.com\/es\/wp-json\/wp\/v2\/product_cat?post=13446"},{"taxonomy":"product_tag","embeddable":true,"href":"https:\/\/conexmetals.com\/es\/wp-json\/wp\/v2\/product_tag?post=13446"}],"curies":[{"name":"wp","href":"https:\/\/api.w.org\/{rel}","templated":true}]}}