{"id":13450,"date":"2023-08-18T12:51:19","date_gmt":"2023-08-18T07:21:19","guid":{"rendered":"https:\/\/conexmetals.com\/?post_type=product&#038;p=13450"},"modified":"2025-01-20T18:48:33","modified_gmt":"2025-01-20T13:18:33","slug":"prensaestopas-industriales-e1w","status":"publish","type":"product","link":"https:\/\/conexmetals.com\/es\/producto\/prensaestopas-industriales-e1w\/","title":{"rendered":"Prensaestopas Industriales E1W"},"content":{"rendered":"","protected":false},"excerpt":{"rendered":"<div class=\"elementor-element elementor-element-672075d elementor-widget__width-initial e-transform elementor-widget-mobile__width-initial elementor-widget elementor-widget-woocommerce-product-images\" data-id=\"672075d\" data-element_type=\"widget\" data-settings=\"{&quot;_transform_scale_effect&quot;:{&quot;unit&quot;:&quot;px&quot;,&quot;size&quot;:1,&quot;sizes&quot;:[]},&quot;_transform_scale_effect_tablet&quot;:{&quot;unit&quot;:&quot;px&quot;,&quot;size&quot;:&quot;&quot;,&quot;sizes&quot;:[]},&quot;_transform_scale_effect_mobile&quot;:{&quot;unit&quot;:&quot;px&quot;,&quot;size&quot;:&quot;&quot;,&quot;sizes&quot;:[]}}\" data-widget_type=\"woocommerce-product-images.default\">\n<div class=\"elementor-widget-container\">\n<div class=\"woocommerce-product-gallery woocommerce-product-gallery--with-images woocommerce-product-gallery--columns-4 images\" data-columns=\"4\">\n<div class=\"woocommerce-product-gallery__wrapper\">\n<div class=\"woocommerce-product-gallery__image\" data-thumb=\"https:\/\/conexmetals.com\/wp-content\/uploads\/2023\/08\/E1W-Industrial-Cable-Gland-1-100x100.webp\" data-thumb-alt=\"E1W-Industrial-Cable-Gland\" data-thumb-srcset=\"https:\/\/conexmetals.com\/wp-content\/uploads\/2023\/08\/E1W-Industrial-Cable-Gland-1-100x100.webp 100w, https:\/\/conexmetals.com\/wp-content\/uploads\/2023\/08\/E1W-Industrial-Cable-Gland-1-300x300.webp 300w, https:\/\/conexmetals.com\/wp-content\/uploads\/2023\/08\/E1W-Industrial-Cable-Gland-1-150x150.webp 150w, https:\/\/conexmetals.com\/wp-content\/uploads\/2023\/08\/E1W-Industrial-Cable-Gland-1.webp 350w\"><\/div>\n<\/div>\n<\/div>\n<\/div>\n<\/div>\n<div class=\"elementor-element elementor-element-36d2ab8 elementor-widget elementor-widget-woocommerce-product-short-description\" data-id=\"36d2ab8\" data-element_type=\"widget\" data-widget_type=\"woocommerce-product-short-description.default\">\n<div class=\"elementor-widget-container\">\n<div class=\"woocommerce-product-details__short-description\">\n<table id=\"tablepress-418\" class=\"tablepress tablepress-id-418\">\n<caption>\u00a0<\/caption>\n<thead>\n<tr class=\"row-1 odd\">\n<th class=\"column-1\" colspan=\"8\"><strong><span>Ficha t\u00e9cnica<\/span><\/strong><\/th>\n<\/tr>\n<\/thead>\n<tbody class=\"row-hover\">\n<tr class=\"row-2 even\">\n<td class=\"column-1\" rowspan=\"2\"><strong><span>Tama\u00f1o de la gl\u00e1ndula<\/span><\/strong><\/td>\n<td class=\"column-2\" rowspan=\"2\"><strong><span>A trav\u00e9s de Falt<\/span><\/strong><\/td>\n<td class=\"column-3\" rowspan=\"2\"><strong><span>Al otro lado de la esquina<\/span><\/strong><\/td>\n<td class=\"column-4\" colspan=\"3\"><strong><span>Detalles de aceptaci\u00f3n de cables<\/span><\/strong><\/td>\n<td class=\"column-7\" colspan=\"2\"><strong><span>Entrada all\u00ed<\/span><\/strong><\/td>\n<\/tr>\n<tr class=\"row-3 odd\">\n<td class=\"column-4\"><span>DI\u00c1METRO M\u00c1X.<\/span><\/td>\n<td class=\"column-5\"><span>DI\u00c1METRO M\u00c1X.<\/span><\/td>\n<td class=\"column-6\"><span>Di\u00e1metro de la armadura<\/span><\/td>\n<td class=\"column-7\"><span>D\u00eda<\/span><\/td>\n<td class=\"column-8\"><span>Longitud m\u00ednima<\/span><\/td>\n<\/tr>\n<tr class=\"row-4 even\">\n<td class=\"column-1\"><span>20 S<\/span><\/td>\n<td class=\"column-2\"><span>24<\/span><\/td>\n<td class=\"column-3\"><span>27<\/span><\/td>\n<td class=\"column-4\"><span>8,00 &#8211; 11,80<\/span><\/td>\n<td class=\"column-5\"><span>12,90 &#8211; 17,20<\/span><\/td>\n<td class=\"column-6\"><span>0,90\/1,25<\/span><\/td>\n<td class=\"column-7\"><span>20<\/span><\/td>\n<td class=\"column-8\"><span>10<\/span><\/td>\n<\/tr>\n<tr class=\"row-5 odd\">\n<td class=\"column-1\"><span>20 litros<\/span><\/td>\n<td class=\"column-2\"><span>27.7<\/span><\/td>\n<td class=\"column-3\"><span>31<\/span><\/td>\n<td class=\"column-4\"><span>11.00 &#8211; 14.00<\/span><\/td>\n<td class=\"column-5\"><span>15,50 &#8211; 20,80<\/span><\/td>\n<td class=\"column-6\"><span>0,90\/1,25<\/span><\/td>\n<td class=\"column-7\"><span>20<\/span><\/td>\n<td class=\"column-8\"><span>10<\/span><\/td>\n<\/tr>\n<tr class=\"row-6 even\">\n<td class=\"column-1\"><span>25 S<\/span><\/td>\n<td class=\"column-2\"><span>31.5<\/span><\/td>\n<td class=\"column-3\"><span>35<\/span><\/td>\n<td class=\"column-4\"><span>12.00 &#8211; 17.00<\/span><\/td>\n<td class=\"column-5\"><span>17.50 &#8211; 24.00<\/span><\/td>\n<td class=\"column-6\"><span>1,25\/1,60<\/span><\/td>\n<td class=\"column-7\"><span>25<\/span><\/td>\n<td class=\"column-8\"><span>10<\/span><\/td>\n<\/tr>\n<tr class=\"row-7 odd\">\n<td class=\"column-1\"><span>25 litros<\/span><\/td>\n<td class=\"column-2\"><span>35<\/span><\/td>\n<td class=\"column-3\"><span>39<\/span><\/td>\n<td class=\"column-4\"><span>13.00 &#8211; 20.30<\/span><\/td>\n<td class=\"column-5\"><span>24.00 &#8211; 27.20<\/span><\/td>\n<td class=\"column-6\"><span>1,25\/1,60<\/span><\/td>\n<td class=\"column-7\"><span>25<\/span><\/td>\n<td class=\"column-8\"><span>10<\/span><\/td>\n<\/tr>\n<tr class=\"row-8 even\">\n<td class=\"column-1\"><span>32 S<\/span><\/td>\n<td class=\"column-2\"><span>43<\/span><\/td>\n<td class=\"column-3\"><span>47,5<\/span><\/td>\n<td class=\"column-4\"><span>17.00 &#8211; 24.00<\/span><\/td>\n<td class=\"column-5\"><span>25.00 &#8211; 31.00<\/span><\/td>\n<td class=\"column-6\"><span>1,60\/2,00<\/span><\/td>\n<td class=\"column-7\"><span>32<\/span><\/td>\n<td class=\"column-8\"><span>10<\/span><\/td>\n<\/tr>\n<tr class=\"row-9 odd\">\n<td class=\"column-1\"><span>32 litros<\/span><\/td>\n<td class=\"column-2\"><span>43<\/span><\/td>\n<td class=\"column-3\"><span>47,5<\/span><\/td>\n<td class=\"column-4\"><span>19.00-26.20<\/span><\/td>\n<td class=\"column-5\"><span>26,70 &#8211; 34,00<\/span><\/td>\n<td class=\"column-6\"><span>1,60\/2,00<\/span><\/td>\n<td class=\"column-7\"><span>32<\/span><\/td>\n<td class=\"column-8\"><span>10<\/span><\/td>\n<\/tr>\n<tr class=\"row-10 even\">\n<td class=\"column-1\"><span>40 S<\/span><\/td>\n<td class=\"column-2\"><span>51.5<\/span><\/td>\n<td class=\"column-3\"><span>57<\/span><\/td>\n<td class=\"column-4\"><span>23.00 &#8211; 30.00<\/span><\/td>\n<td class=\"column-5\"><span>31,00 &#8211; 38,50<\/span><\/td>\n<td class=\"column-6\"><span>1,60\/2,00<\/span><\/td>\n<td class=\"column-7\"><span>40<\/span><\/td>\n<td class=\"column-8\"><span>15<\/span><\/td>\n<\/tr>\n<tr class=\"row-11 odd\">\n<td class=\"column-1\"><span>40 litros<\/span><\/td>\n<td class=\"column-2\"><span>51.5<\/span><\/td>\n<td class=\"column-3\"><span>57<\/span><\/td>\n<td class=\"column-4\"><span>25,00 &#8211; 32,20<\/span><\/td>\n<td class=\"column-5\"><span>33,00 &#8211; 40,50<\/span><\/td>\n<td class=\"column-6\"><span>1,60\/2,00<\/span><\/td>\n<td class=\"column-7\"><span>40<\/span><\/td>\n<td class=\"column-8\"><span>15<\/span><\/td>\n<\/tr>\n<tr class=\"row-12 even\">\n<td class=\"column-1\"><span>50 S<\/span><\/td>\n<td class=\"column-2\"><span>58,5<\/span><\/td>\n<td class=\"column-3\"><span>65<\/span><\/td>\n<td class=\"column-4\"><span>31,50 &#8211; 38,20<\/span><\/td>\n<td class=\"column-5\"><span>39,40 &#8211; 46,80<\/span><\/td>\n<td class=\"column-6\"><span>2,00\/2,50<\/span><\/td>\n<td class=\"column-7\"><span>50<\/span><\/td>\n<td class=\"column-8\"><span>15<\/span><\/td>\n<\/tr>\n<tr class=\"row-13 odd\">\n<td class=\"column-1\"><span>50 litros<\/span><\/td>\n<td class=\"column-2\"><span>66<\/span><\/td>\n<td class=\"column-3\"><span>73<\/span><\/td>\n<td class=\"column-4\"><span>36,50 &#8211; 44,00<\/span><\/td>\n<td class=\"column-5\"><span>45,70 &#8211; 53,20<\/span><\/td>\n<td class=\"column-6\"><span>2,00\/2,50<\/span><\/td>\n<td class=\"column-7\"><span>50<\/span><\/td>\n<td class=\"column-8\"><span>15<\/span><\/td>\n<\/tr>\n<tr class=\"row-14 even\">\n<td class=\"column-1\"><span>63 S<\/span><\/td>\n<td class=\"column-2\"><span>72<\/span><\/td>\n<td class=\"column-3\"><span>80<\/span><\/td>\n<td class=\"column-4\"><span>42,50 &#8211; 50,00<\/span><\/td>\n<td class=\"column-5\"><span>52,10 &#8211; 59,00<\/span><\/td>\n<td class=\"column-6\"><span>2.5<\/span><\/td>\n<td class=\"column-7\"><span>63<\/span><\/td>\n<td class=\"column-8\"><span>15<\/span><\/td>\n<\/tr>\n<tr class=\"row-15 odd\">\n<td class=\"column-1\"><span>63 litros<\/span><\/td>\n<td class=\"column-2\"><span>80<\/span><\/td>\n<td class=\"column-3\"><span>89<\/span><\/td>\n<td class=\"column-4\"><span>49,10 &#8211; 56,00<\/span><\/td>\n<td class=\"column-5\"><span>58,40 &#8211; 66,00<\/span><\/td>\n<td class=\"column-6\"><span>2.5<\/span><\/td>\n<td class=\"column-7\"><span>63<\/span><\/td>\n<td class=\"column-8\"><span>15<\/span><\/td>\n<\/tr>\n<tr class=\"row-16 even\">\n<td class=\"column-1\"><span>75 S<\/span><\/td>\n<td class=\"column-2\"><span>86,5<\/span><\/td>\n<td class=\"column-3\"><span>97<\/span><\/td>\n<td class=\"column-4\"><span>54,50 &#8211; 62,00<\/span><\/td>\n<td class=\"column-5\"><span>64,80 &#8211; 72,00<\/span><\/td>\n<td class=\"column-6\"><span>2.5<\/span><\/td>\n<td class=\"column-7\"><span>75<\/span><\/td>\n<td class=\"column-8\"><span>17<\/span><\/td>\n<\/tr>\n<tr class=\"row-17 odd\">\n<td class=\"column-1\"><span>75 litros<\/span><\/td>\n<td class=\"column-2\"><span>94<\/span><\/td>\n<td class=\"column-3\"><span>105<\/span><\/td>\n<td class=\"column-4\"><span>60,50 &#8211; 68,00<\/span><\/td>\n<td class=\"column-5\"><span>71,10 &#8211; 78,00<\/span><\/td>\n<td class=\"column-6\"><span>2.5<\/span><\/td>\n<td class=\"column-7\"><span>75<\/span><\/td>\n<td class=\"column-8\"><span>17<\/span><\/td>\n<\/tr>\n<tr class=\"row-18 even\">\n<td class=\"column-1\"><span>90 litros<\/span><\/td>\n<td class=\"column-2\"><span>106<\/span><\/td>\n<td class=\"column-3\"><span>118<\/span><\/td>\n<td class=\"column-4\"><span>66,00 &#8211; 79,00<\/span><\/td>\n<td class=\"column-5\"><span>77,00 &#8211; 90,00<\/span><\/td>\n<td class=\"column-6\"><span>2,50\/3,15<\/span><\/td>\n<td class=\"column-7\"><span>90<\/span><\/td>\n<td class=\"column-8\"><span>20<\/span><\/td>\n<\/tr>\n<\/tbody>\n<\/table>\n<p><img fetchpriority=\"high\" decoding=\"async\" class=\"alignright wp-image-13068 size-full lazy loaded\" src=\"https:\/\/conexmetals.com\/wp-content\/uploads\/2023\/08\/E1W-Industrial-Cable-Glands.jpg\" alt=\"Prensaestopas industriales E1W\" width=\"500\" height=\"220\" data-src=\"https:\/\/conexmetals.com\/wp-content\/uploads\/2023\/08\/E1W-Industrial-Cable-Glands.jpg\" data-was-processed=\"true\" srcset=\"https:\/\/conexmetals.com\/wp-content\/uploads\/2023\/08\/E1W-Industrial-Cable-Glands.jpg 500w, https:\/\/conexmetals.com\/wp-content\/uploads\/2023\/08\/E1W-Industrial-Cable-Glands-300x132.jpg 300w\" sizes=\"(max-width: 500px) 100vw, 500px\" \/><span>Los prensaestopas industriales E1W son un tipo espec\u00edfico de prensaestopas que se utilizan habitualmente en entornos industriales para proporcionar conexiones seguras y herm\u00e9ticas para cables. La designaci\u00f3n \u201cE1W\u201d indica una norma o especificaci\u00f3n particular para estos prensaestopas. Estos prensaestopas est\u00e1n dise\u00f1ados para ofrecer protecci\u00f3n contra elementos ambientales, como polvo, humedad y agua, lo que los hace adecuados para su uso en entornos industriales dif\u00edciles y hostiles.<\/span><\/p>\n<p><span>A continuaci\u00f3n se presentan algunos puntos clave sobre los prensaestopas industriales E1W:<\/span><\/p>\n<p><strong><b><span>Funci\u00f3n:<\/span><\/b><\/strong><span>\u00a0\u00a0Los prensaestopas E1W cumplen las mismas funciones fundamentales que otros prensaestopas, que incluyen la entrada de cables, el alivio de tensi\u00f3n y el sellado contra factores ambientales. Est\u00e1n dise\u00f1ados espec\u00edficamente para brindar protecci\u00f3n en aplicaciones donde la entrada de agua podr\u00eda ser un problema.<\/span><\/p>\n<p><strong><b><span>Caracter\u00edsticas:<\/span><\/b><\/strong><span>\u00a0\u00a0Los prensaestopas E1W suelen tener las siguientes caracter\u00edsticas:<\/span><\/p>\n<ol>\n<li><b><\/b><strong><b><span>Sello de doble compresi\u00f3n:<\/span><\/b><\/strong><span>\u00a0una de las caracter\u00edsticas distintivas de los prensaestopas E1W es el sistema de sello de doble compresi\u00f3n. Este dise\u00f1o garantiza un sello confiable y herm\u00e9tico alrededor del cable, lo que brinda una mayor protecci\u00f3n contra la penetraci\u00f3n de agua.<\/span><\/li>\n<li><b><\/b><strong><b><span>Sellado interno y externo:<\/span><\/b><\/strong><span>\u00a0El sello de doble compresi\u00f3n consta de un sello interno y externo, donde el sello interno evita que la humedad llegue al cable y el sello externo proporciona protecci\u00f3n adicional.<\/span><\/li>\n<li><b><\/b><strong><b><span>Dise\u00f1o resistente a la intemperie:<\/span><\/b><\/strong><span>\u00a0los prensaestopas E1W suelen estar dise\u00f1ados para ser resistentes a la intemperie, lo que los hace adecuados para entornos exteriores y expuestos.<\/span><\/li>\n<li><b><\/b><strong><b><span>Elecci\u00f3n de materiales:<\/span><\/b><\/strong><span>\u00a0Estos prensaestopas pueden fabricarse de diversos materiales, como lat\u00f3n o acero inoxidable, seg\u00fan los requisitos de la aplicaci\u00f3n y las condiciones ambientales.<\/span><\/li>\n<\/ol>\n<p><strong><b><span>Aplicaciones:<\/span><\/b><\/strong><span>\u00a0\u00a0Los prensaestopas industriales E1W se utilizan com\u00fanmente en diversas industrias, incluidas la fabricaci\u00f3n, el petr\u00f3leo y el gas, las plantas qu\u00edmicas, la marina y otros entornos donde la resistencia al agua y la protecci\u00f3n del medio ambiente son esenciales.<\/span><\/p>\n<p><span>En resumen, los prensaestopas industriales E1W est\u00e1n dise\u00f1ados para proporcionar una soluci\u00f3n de entrada de cables resistente y herm\u00e9tica para aplicaciones industriales. Su dise\u00f1o de sello de doble compresi\u00f3n ofrece una mayor protecci\u00f3n contra la humedad y la entrada de agua, lo que los hace adecuados para entornos exigentes.<\/span><\/p>\n<\/div>\n<\/div>\n<\/div>\n","protected":false},"featured_media":13267,"template":"","meta":[],"product_brand":[],"product_cat":[367],"product_tag":[],"class_list":{"0":"post-13450","1":"product","2":"type-product","3":"status-publish","4":"has-post-thumbnail","6":"product_cat-prensas-de-cable","8":"first","9":"instock","10":"shipping-taxable","11":"product-type-simple"},"yoast_head":"<!-- This site is optimized with the Yoast SEO plugin v27.3 - https:\/\/yoast.com\/product\/yoast-seo-wordpress\/ -->\n<title>Prensaestopas Industriales E1W<\/title>\n<meta name=\"description\" content=\"Encuentre Prensaestopas Industriales E1W de alta calidad en Conex Metals. Nuestra selecci\u00f3n incluye Prensaestopas Blindados, Prensaestopas de Lat\u00f3n, Prensaestopas de Doble Compresi\u00f3n y Prensaestopas a Prueba de Explosi\u00f3n. Como fabricante, exportador y proveedor l\u00edder en India, Conex Metals garantiza Prensaestopas de 32 mm y Crimpadoras de Cables confiables.\" \/>\n<meta name=\"robots\" content=\"index, follow, max-snippet:-1, max-image-preview:large, max-video-preview:-1\" \/>\n<link rel=\"canonical\" href=\"https:\/\/conexmetals.com\/es\/producto\/prensaestopas-industriales-e1w\/\" \/>\n<script type=\"application\/ld+json\" class=\"yoast-schema-graph\">{\"@context\":\"https:\\\/\\\/schema.org\",\"@graph\":[{\"@type\":\"WebPage\",\"@id\":\"https:\\\/\\\/conexmetals.com\\\/es\\\/producto\\\/prensaestopas-industriales-e1w\\\/\",\"url\":\"https:\\\/\\\/conexmetals.com\\\/es\\\/producto\\\/prensaestopas-industriales-e1w\\\/\",\"name\":\"Prensaestopas Industriales E1W\",\"isPartOf\":{\"@id\":\"https:\\\/\\\/conexmetals.com\\\/es\\\/#website\"},\"primaryImageOfPage\":{\"@id\":\"https:\\\/\\\/conexmetals.com\\\/es\\\/producto\\\/prensaestopas-industriales-e1w\\\/#primaryimage\"},\"image\":{\"@id\":\"https:\\\/\\\/conexmetals.com\\\/es\\\/producto\\\/prensaestopas-industriales-e1w\\\/#primaryimage\"},\"thumbnailUrl\":\"https:\\\/\\\/conexmetals.com\\\/wp-content\\\/uploads\\\/2025\\\/01\\\/Prensaestopas-Industriales-E1W.webp\",\"datePublished\":\"2023-08-18T07:21:19+00:00\",\"dateModified\":\"2025-01-20T13:18:33+00:00\",\"description\":\"Encuentre Prensaestopas Industriales E1W de alta calidad en Conex Metals. Nuestra selecci\u00f3n incluye Prensaestopas Blindados, Prensaestopas de Lat\u00f3n, Prensaestopas de Doble Compresi\u00f3n y Prensaestopas a Prueba de Explosi\u00f3n. Como fabricante, exportador y proveedor l\u00edder en India, Conex Metals garantiza Prensaestopas de 32 mm y Crimpadoras de Cables confiables.\",\"breadcrumb\":{\"@id\":\"https:\\\/\\\/conexmetals.com\\\/es\\\/producto\\\/prensaestopas-industriales-e1w\\\/#breadcrumb\"},\"inLanguage\":\"es\",\"potentialAction\":[{\"@type\":\"ReadAction\",\"target\":[\"https:\\\/\\\/conexmetals.com\\\/es\\\/producto\\\/prensaestopas-industriales-e1w\\\/\"]}]},{\"@type\":\"ImageObject\",\"inLanguage\":\"es\",\"@id\":\"https:\\\/\\\/conexmetals.com\\\/es\\\/producto\\\/prensaestopas-industriales-e1w\\\/#primaryimage\",\"url\":\"https:\\\/\\\/conexmetals.com\\\/wp-content\\\/uploads\\\/2025\\\/01\\\/Prensaestopas-Industriales-E1W.webp\",\"contentUrl\":\"https:\\\/\\\/conexmetals.com\\\/wp-content\\\/uploads\\\/2025\\\/01\\\/Prensaestopas-Industriales-E1W.webp\",\"width\":300,\"height\":300,\"caption\":\"Prensaestopas Industriales E1W\"},{\"@type\":\"BreadcrumbList\",\"@id\":\"https:\\\/\\\/conexmetals.com\\\/es\\\/producto\\\/prensaestopas-industriales-e1w\\\/#breadcrumb\",\"itemListElement\":[{\"@type\":\"ListItem\",\"position\":1,\"name\":\"Home\",\"item\":\"https:\\\/\\\/conexmetals.com\\\/es\\\/hogar\\\/\"},{\"@type\":\"ListItem\",\"position\":2,\"name\":\"Products\",\"item\":\"https:\\\/\\\/conexmetals.com\\\/products\\\/\"},{\"@type\":\"ListItem\",\"position\":3,\"name\":\"Prensaestopas Industriales E1W\"}]},{\"@type\":\"WebSite\",\"@id\":\"https:\\\/\\\/conexmetals.com\\\/es\\\/#website\",\"url\":\"https:\\\/\\\/conexmetals.com\\\/es\\\/\",\"name\":\"Conex Metals Brass Fittings Brass Parts Copper Parts Brass Components Brass Plumbing Fittings India\",\"description\":\"Manufacturer of Bronze Fittings casting Copper Brass parts components\",\"publisher\":{\"@id\":\"https:\\\/\\\/conexmetals.com\\\/es\\\/#organization\"},\"potentialAction\":[{\"@type\":\"SearchAction\",\"target\":{\"@type\":\"EntryPoint\",\"urlTemplate\":\"https:\\\/\\\/conexmetals.com\\\/es\\\/?s={search_term_string}\"},\"query-input\":{\"@type\":\"PropertyValueSpecification\",\"valueRequired\":true,\"valueName\":\"search_term_string\"}}],\"inLanguage\":\"es\"},{\"@type\":\"Organization\",\"@id\":\"https:\\\/\\\/conexmetals.com\\\/es\\\/#organization\",\"name\":\"Conex Metals Brass Fittings Brass Parts Copper Parts Brass Components Brass Plumbing Fittings India\",\"url\":\"https:\\\/\\\/conexmetals.com\\\/es\\\/\",\"logo\":{\"@type\":\"ImageObject\",\"inLanguage\":\"es\",\"@id\":\"https:\\\/\\\/conexmetals.com\\\/es\\\/#\\\/schema\\\/logo\\\/image\\\/\",\"url\":\"https:\\\/\\\/conexmetals.com\\\/wp-content\\\/uploads\\\/2024\\\/03\\\/conex-metals-logo.webp\",\"contentUrl\":\"https:\\\/\\\/conexmetals.com\\\/wp-content\\\/uploads\\\/2024\\\/03\\\/conex-metals-logo.webp\",\"width\":300,\"height\":121,\"caption\":\"Conex Metals Brass Fittings Brass Parts Copper Parts Brass Components Brass Plumbing Fittings India\"},\"image\":{\"@id\":\"https:\\\/\\\/conexmetals.com\\\/es\\\/#\\\/schema\\\/logo\\\/image\\\/\"},\"sameAs\":[\"https:\\\/\\\/www.facebook.com\\\/conexbrass\",\"https:\\\/\\\/x.com\\\/conexindia\",\"https:\\\/\\\/www.linkedin.com\\\/company\\\/conex-metals-india\\\/\",\"https:\\\/\\\/www.instagram.com\\\/conexindia\\\/\"]}]}<\/script>\n<!-- \/ Yoast SEO plugin. -->","yoast_head_json":{"title":"Prensaestopas Industriales E1W","description":"Encuentre Prensaestopas Industriales E1W de alta calidad en Conex Metals. Nuestra selecci\u00f3n incluye Prensaestopas Blindados, Prensaestopas de Lat\u00f3n, Prensaestopas de Doble Compresi\u00f3n y Prensaestopas a Prueba de Explosi\u00f3n. Como fabricante, exportador y proveedor l\u00edder en India, Conex Metals garantiza Prensaestopas de 32 mm y Crimpadoras de Cables confiables.","robots":{"index":"index","follow":"follow","max-snippet":"max-snippet:-1","max-image-preview":"max-image-preview:large","max-video-preview":"max-video-preview:-1"},"canonical":"https:\/\/conexmetals.com\/es\/producto\/prensaestopas-industriales-e1w\/","schema":{"@context":"https:\/\/schema.org","@graph":[{"@type":"WebPage","@id":"https:\/\/conexmetals.com\/es\/producto\/prensaestopas-industriales-e1w\/","url":"https:\/\/conexmetals.com\/es\/producto\/prensaestopas-industriales-e1w\/","name":"Prensaestopas Industriales E1W","isPartOf":{"@id":"https:\/\/conexmetals.com\/es\/#website"},"primaryImageOfPage":{"@id":"https:\/\/conexmetals.com\/es\/producto\/prensaestopas-industriales-e1w\/#primaryimage"},"image":{"@id":"https:\/\/conexmetals.com\/es\/producto\/prensaestopas-industriales-e1w\/#primaryimage"},"thumbnailUrl":"https:\/\/conexmetals.com\/wp-content\/uploads\/2025\/01\/Prensaestopas-Industriales-E1W.webp","datePublished":"2023-08-18T07:21:19+00:00","dateModified":"2025-01-20T13:18:33+00:00","description":"Encuentre Prensaestopas Industriales E1W de alta calidad en Conex Metals. Nuestra selecci\u00f3n incluye Prensaestopas Blindados, Prensaestopas de Lat\u00f3n, Prensaestopas de Doble Compresi\u00f3n y Prensaestopas a Prueba de Explosi\u00f3n. Como fabricante, exportador y proveedor l\u00edder en India, Conex Metals garantiza Prensaestopas de 32 mm y Crimpadoras de Cables confiables.","breadcrumb":{"@id":"https:\/\/conexmetals.com\/es\/producto\/prensaestopas-industriales-e1w\/#breadcrumb"},"inLanguage":"es","potentialAction":[{"@type":"ReadAction","target":["https:\/\/conexmetals.com\/es\/producto\/prensaestopas-industriales-e1w\/"]}]},{"@type":"ImageObject","inLanguage":"es","@id":"https:\/\/conexmetals.com\/es\/producto\/prensaestopas-industriales-e1w\/#primaryimage","url":"https:\/\/conexmetals.com\/wp-content\/uploads\/2025\/01\/Prensaestopas-Industriales-E1W.webp","contentUrl":"https:\/\/conexmetals.com\/wp-content\/uploads\/2025\/01\/Prensaestopas-Industriales-E1W.webp","width":300,"height":300,"caption":"Prensaestopas Industriales E1W"},{"@type":"BreadcrumbList","@id":"https:\/\/conexmetals.com\/es\/producto\/prensaestopas-industriales-e1w\/#breadcrumb","itemListElement":[{"@type":"ListItem","position":1,"name":"Home","item":"https:\/\/conexmetals.com\/es\/hogar\/"},{"@type":"ListItem","position":2,"name":"Products","item":"https:\/\/conexmetals.com\/products\/"},{"@type":"ListItem","position":3,"name":"Prensaestopas Industriales E1W"}]},{"@type":"WebSite","@id":"https:\/\/conexmetals.com\/es\/#website","url":"https:\/\/conexmetals.com\/es\/","name":"Conex Metals Brass Fittings Brass Parts Copper Parts Brass Components Brass Plumbing Fittings India","description":"Manufacturer of Bronze Fittings casting Copper Brass parts components","publisher":{"@id":"https:\/\/conexmetals.com\/es\/#organization"},"potentialAction":[{"@type":"SearchAction","target":{"@type":"EntryPoint","urlTemplate":"https:\/\/conexmetals.com\/es\/?s={search_term_string}"},"query-input":{"@type":"PropertyValueSpecification","valueRequired":true,"valueName":"search_term_string"}}],"inLanguage":"es"},{"@type":"Organization","@id":"https:\/\/conexmetals.com\/es\/#organization","name":"Conex Metals Brass Fittings Brass Parts Copper Parts Brass Components Brass Plumbing Fittings India","url":"https:\/\/conexmetals.com\/es\/","logo":{"@type":"ImageObject","inLanguage":"es","@id":"https:\/\/conexmetals.com\/es\/#\/schema\/logo\/image\/","url":"https:\/\/conexmetals.com\/wp-content\/uploads\/2024\/03\/conex-metals-logo.webp","contentUrl":"https:\/\/conexmetals.com\/wp-content\/uploads\/2024\/03\/conex-metals-logo.webp","width":300,"height":121,"caption":"Conex Metals Brass Fittings Brass Parts Copper Parts Brass Components Brass Plumbing Fittings India"},"image":{"@id":"https:\/\/conexmetals.com\/es\/#\/schema\/logo\/image\/"},"sameAs":["https:\/\/www.facebook.com\/conexbrass","https:\/\/x.com\/conexindia","https:\/\/www.linkedin.com\/company\/conex-metals-india\/","https:\/\/www.instagram.com\/conexindia\/"]}]}},"_links":{"self":[{"href":"https:\/\/conexmetals.com\/es\/wp-json\/wp\/v2\/product\/13450","targetHints":{"allow":["GET"]}}],"collection":[{"href":"https:\/\/conexmetals.com\/es\/wp-json\/wp\/v2\/product"}],"about":[{"href":"https:\/\/conexmetals.com\/es\/wp-json\/wp\/v2\/types\/product"}],"wp:featuredmedia":[{"embeddable":true,"href":"https:\/\/conexmetals.com\/es\/wp-json\/wp\/v2\/media\/13267"}],"wp:attachment":[{"href":"https:\/\/conexmetals.com\/es\/wp-json\/wp\/v2\/media?parent=13450"}],"wp:term":[{"taxonomy":"product_brand","embeddable":true,"href":"https:\/\/conexmetals.com\/es\/wp-json\/wp\/v2\/product_brand?post=13450"},{"taxonomy":"product_cat","embeddable":true,"href":"https:\/\/conexmetals.com\/es\/wp-json\/wp\/v2\/product_cat?post=13450"},{"taxonomy":"product_tag","embeddable":true,"href":"https:\/\/conexmetals.com\/es\/wp-json\/wp\/v2\/product_tag?post=13450"}],"curies":[{"name":"wp","href":"https:\/\/api.w.org\/{rel}","templated":true}]}}