{"id":13454,"date":"2023-08-18T12:58:45","date_gmt":"2023-08-18T07:28:45","guid":{"rendered":"https:\/\/conexmetals.com\/?post_type=product&#038;p=13454"},"modified":"2025-01-20T19:13:23","modified_gmt":"2025-01-20T13:43:23","slug":"prensaestopas-industriales-e1z","status":"publish","type":"product","link":"https:\/\/conexmetals.com\/es\/producto\/prensaestopas-industriales-e1z\/","title":{"rendered":"Prensaestopas Industriales E1Z"},"content":{"rendered":"","protected":false},"excerpt":{"rendered":"<p><span>Los prensaestopas industriales E1Z est\u00e1n dise\u00f1ados para una terminaci\u00f3n de cables confiable y eficiente en aplicaciones industriales exigentes. Estos prensaestopas est\u00e1n dise\u00f1ados para cumplir con altos est\u00e1ndares de rendimiento y durabilidad.<\/span><\/p>\n<p><strong><span>Especificaciones t\u00e9cnicas:<\/span><\/strong><\/p>\n<ul>\n<li><strong><span>Tipo:<\/span><\/strong><span>\u00a0E1Z<\/span><\/li>\n<li><strong><span>Especificaci\u00f3n de dise\u00f1o:<\/span><\/strong><span>\u00a0BS 6121: Parte I: 1989<\/span><\/li>\n<li><strong><span>Material:<\/span><\/strong><span>\u00a0Lat\u00f3n<\/span><\/li>\n<li><strong><span>Protecci\u00f3n de entrada:<\/span><\/strong><span>\u00a0IP 66<\/span><\/li>\n<li><strong><span>Opciones de acabado:<\/span><\/strong><span>\u00a0Lat\u00f3n simple o niquelado<\/span><\/li>\n<li><strong><span>Material del sello:<\/span><\/strong><span>\u00a0elast\u00f3mero termopl\u00e1stico<\/span><\/li>\n<li><strong><span>Tipo de cable compatible:<\/span><\/strong><span>\u00a0cinta de armadura de acero<\/span><\/li>\n<li><strong><span>Sujeci\u00f3n de armadura:<\/span><\/strong><span>\u00a0Bloqueo de armadura de 3 piezas<\/span><\/li>\n<li><strong><span>T\u00e9cnica de sellado:<\/span><\/strong><span>\u00a0tipo compresi\u00f3n y desplazamiento<\/span><\/li>\n<li><strong><span>\u00c1rea de sellado:<\/span><\/strong><span>\u00a0vaina interior y exterior<\/span><\/li>\n<\/ul>\n<p>&nbsp;<\/p>\n<table id=\"tablepress-375\" class=\"tablepress tablepress-id-375\">\n<caption>\u00a0<\/caption>\n<thead>\n<tr class=\"row-1 odd\">\n<th class=\"column-1\"><\/th>\n<th class=\"column-2\" colspan=\"5\"><strong><span>Dimensiones del cable admitidas<\/span><\/strong><\/th>\n<th class=\"column-7\" colspan=\"5\"><span>Dimensiones de la gl\u00e1ndula<\/span><\/th>\n<\/tr>\n<\/thead>\n<tbody class=\"row-hover\">\n<tr class=\"row-2 even\">\n<td class=\"column-1\" rowspan=\"2\"><strong><span>Tama\u00f1o de la gl\u00e1ndula<\/span><\/strong><\/td>\n<td class=\"column-2\" colspan=\"2\"><strong><span>Di\u00e1metro de Under Armour.<\/span><\/strong><\/td>\n<td class=\"column-4\" colspan=\"2\"><strong><span>Di\u00e1metro total<\/span><\/strong><\/td>\n<td class=\"column-6\" rowspan=\"2\"><strong><span>Espesor de la cinta de acero<\/span><\/strong><\/td>\n<td class=\"column-7\" rowspan=\"2\"><strong><span>Di\u00e1metro \u201cA\u201d<\/span><\/strong><\/td>\n<td class=\"column-8\" rowspan=\"2\"><strong><span>Di\u00e1metro \u201cB\u201d<\/span><\/strong><\/td>\n<td class=\"column-9\" rowspan=\"2\"><strong><span>Rosca de entrada m\u00e9trica \u201cC\u201d<\/span><\/strong><\/td>\n<td class=\"column-10\" rowspan=\"2\"><strong><span>Longitud m\u00ednima de rosca \u201cD\u201d<\/span><\/strong><\/td>\n<td class=\"column-11\" rowspan=\"2\"><span>A trav\u00e9s de plano \u201cE\u201d M\u00e1x.<\/span><\/td>\n<\/tr>\n<tr class=\"row-3 odd\">\n<td class=\"column-2\"><strong><span>M\u00edn.<\/span><\/strong><\/td>\n<td class=\"column-3\"><strong><span>M\u00e1x.<\/span><\/strong><\/td>\n<td class=\"column-4\"><strong><span>M\u00ednimo<\/span><\/strong><\/td>\n<td class=\"column-5\"><strong><span>M\u00e1x.<\/span><\/strong><\/td>\n<\/tr>\n<tr class=\"row-4 even\">\n<td class=\"column-1\"><span>16<\/span><\/td>\n<td class=\"column-2\"><span>6.3<\/span><\/td>\n<td class=\"column-3\"><span>8.6<\/span><\/td>\n<td class=\"column-4\"><span>8<\/span><\/td>\n<td class=\"column-5\"><span>13.2<\/span><\/td>\n<td class=\"column-6\"><span>0,15\/0,35<\/span><\/td>\n<td class=\"column-7\"><span>11.9<\/span><\/td>\n<td class=\"column-8\"><span>17<\/span><\/td>\n<td class=\"column-9\"><span>16<\/span><\/td>\n<td class=\"column-10\"><span>15<\/span><\/td>\n<td class=\"column-11\"><span>24.1<\/span><\/td>\n<\/tr>\n<tr class=\"row-5 odd\">\n<td class=\"column-1\"><span>20 S<\/span><\/td>\n<td class=\"column-2\"><span>7.8<\/span><\/td>\n<td class=\"column-3\"><span>11.6<\/span><\/td>\n<td class=\"column-4\"><span>8.8<\/span><\/td>\n<td class=\"column-5\"><span>15.8<\/span><\/td>\n<td class=\"column-6\"><span>0,15\/0,35<\/span><\/td>\n<td class=\"column-7\"><span>11.9<\/span><\/td>\n<td class=\"column-8\"><span>17<\/span><\/td>\n<td class=\"column-9\"><span>20<\/span><\/td>\n<td class=\"column-10\"><span>15<\/span><\/td>\n<td class=\"column-11\"><span>24.1<\/span><\/td>\n<\/tr>\n<tr class=\"row-6 even\">\n<td class=\"column-1\"><span>20 litros<\/span><\/td>\n<td class=\"column-2\"><span>11.8<\/span><\/td>\n<td class=\"column-3\"><span>13.9<\/span><\/td>\n<td class=\"column-4\"><span>11.7<\/span><\/td>\n<td class=\"column-5\"><span>19.5<\/span><\/td>\n<td class=\"column-6\"><span>0,15\/0,5<\/span><\/td>\n<td class=\"column-7\"><span>14.5<\/span><\/td>\n<td class=\"column-8\"><span>20.3<\/span><\/td>\n<td class=\"column-9\"><span>20<\/span><\/td>\n<td class=\"column-10\"><span>15<\/span><\/td>\n<td class=\"column-11\"><span>27.17<\/span><\/td>\n<\/tr>\n<tr class=\"row-7 odd\">\n<td class=\"column-1\"><span>25 S<\/span><\/td>\n<td class=\"column-2\"><span>13<\/span><\/td>\n<td class=\"column-3\"><span>15.5<\/span><\/td>\n<td class=\"column-4\"><span>17<\/span><\/td>\n<td class=\"column-5\"><span>25.8<\/span><\/td>\n<td class=\"column-6\"><span>0,15\/0,5<\/span><\/td>\n<td class=\"column-7\"><span>16.5<\/span><\/td>\n<td class=\"column-8\"><span>26.4<\/span><\/td>\n<td class=\"column-9\"><span>25<\/span><\/td>\n<td class=\"column-10\"><span>15<\/span><\/td>\n<td class=\"column-11\"><span>32,75<\/span><\/td>\n<\/tr>\n<tr class=\"row-8 even\">\n<td class=\"column-1\"><span>25 litros<\/span><\/td>\n<td class=\"column-2\"><span>14<\/span><\/td>\n<td class=\"column-3\"><span>19.9<\/span><\/td>\n<td class=\"column-4\"><span>17<\/span><\/td>\n<td class=\"column-5\"><span>26<\/span><\/td>\n<td class=\"column-6\"><span>0,15\/0,5<\/span><\/td>\n<td class=\"column-7\"><span>20.7<\/span><\/td>\n<td class=\"column-8\"><span>27.4<\/span><\/td>\n<td class=\"column-9\"><span>25<\/span><\/td>\n<td class=\"column-10\"><span>15<\/span><\/td>\n<td class=\"column-11\"><span>35,85<\/span><\/td>\n<\/tr>\n<tr class=\"row-9 odd\">\n<td class=\"column-1\"><span>32<\/span><\/td>\n<td class=\"column-2\"><span>19.7<\/span><\/td>\n<td class=\"column-3\"><span>25.2<\/span><\/td>\n<td class=\"column-4\"><span>23.5<\/span><\/td>\n<td class=\"column-5\"><span>33.5<\/span><\/td>\n<td class=\"column-6\"><span>0,15\/0,55<\/span><\/td>\n<td class=\"column-7\"><span>26.9<\/span><\/td>\n<td class=\"column-8\"><span>34.1<\/span><\/td>\n<td class=\"column-9\"><span>32<\/span><\/td>\n<td class=\"column-10\"><span>15<\/span><\/td>\n<td class=\"column-11\"><span>42.9<\/span><\/td>\n<\/tr>\n<tr class=\"row-10 even\">\n<td class=\"column-1\"><span>40 S<\/span><\/td>\n<td class=\"column-2\"><span>26.5<\/span><\/td>\n<td class=\"column-3\"><span>29.4<\/span><\/td>\n<td class=\"column-4\"><span>29<\/span><\/td>\n<td class=\"column-5\"><span>38.5<\/span><\/td>\n<td class=\"column-6\"><span>0,2\/0,6<\/span><\/td>\n<td class=\"column-7\"><span>29.6<\/span><\/td>\n<td class=\"column-8\"><span>39.6<\/span><\/td>\n<td class=\"column-9\"><span>40<\/span><\/td>\n<td class=\"column-10\"><span>15<\/span><\/td>\n<td class=\"column-11\"><span>49.3<\/span><\/td>\n<\/tr>\n<tr class=\"row-11 odd\">\n<td class=\"column-1\"><span>40 litros<\/span><\/td>\n<td class=\"column-2\"><span>32.1<\/span><\/td>\n<td class=\"column-3\"><span>32.1<\/span><\/td>\n<td class=\"column-4\"><span>39,9<\/span><\/td>\n<td class=\"column-5\"><span>39,9<\/span><\/td>\n<td class=\"column-6\"><span>0,2\/0,6<\/span><\/td>\n<td class=\"column-7\"><span>32.5<\/span><\/td>\n<td class=\"column-8\"><span>41.8<\/span><\/td>\n<td class=\"column-9\"><span>40<\/span><\/td>\n<td class=\"column-10\"><span>15<\/span><\/td>\n<td class=\"column-11\"><span>50.8<\/span><\/td>\n<\/tr>\n<tr class=\"row-12 even\">\n<td class=\"column-1\"><span>50 S<\/span><\/td>\n<td class=\"column-2\"><span>32.2<\/span><\/td>\n<td class=\"column-3\"><span>38.1<\/span><\/td>\n<td class=\"column-4\"><span>38<\/span><\/td>\n<td class=\"column-5\"><span>46<\/span><\/td>\n<td class=\"column-6\"><span>0,5\/0,8<\/span><\/td>\n<td class=\"column-7\"><span>38.6<\/span><\/td>\n<td class=\"column-8\"><span>50.2<\/span><\/td>\n<td class=\"column-9\"><span>50<\/span><\/td>\n<td class=\"column-10\"><span>15<\/span><\/td>\n<td class=\"column-11\"><span>61.7<\/span><\/td>\n<\/tr>\n<tr class=\"row-13 odd\">\n<td class=\"column-1\"><span>50 litros<\/span><\/td>\n<td class=\"column-2\"><span>38.4<\/span><\/td>\n<td class=\"column-3\"><span>43.2<\/span><\/td>\n<td class=\"column-4\"><span>39,5<\/span><\/td>\n<td class=\"column-5\"><span>51<\/span><\/td>\n<td class=\"column-6\"><span>0,5\/0,8<\/span><\/td>\n<td class=\"column-7\"><span>44<\/span><\/td>\n<td class=\"column-8\"><span>52.8<\/span><\/td>\n<td class=\"column-9\"><span>50<\/span><\/td>\n<td class=\"column-10\"><span>15<\/span><\/td>\n<td class=\"column-11\"><span>63,75<\/span><\/td>\n<\/tr>\n<tr class=\"row-14 even\">\n<td class=\"column-1\"><span>63 S<\/span><\/td>\n<td class=\"column-2\"><span>44.1<\/span><\/td>\n<td class=\"column-3\"><span>50<\/span><\/td>\n<td class=\"column-4\"><span>50<\/span><\/td>\n<td class=\"column-5\"><span>58,9<\/span><\/td>\n<td class=\"column-6\"><span>0,5\/0,8<\/span><\/td>\n<td class=\"column-7\"><span>50.3<\/span><\/td>\n<td class=\"column-8\"><span>61.9<\/span><\/td>\n<td class=\"column-9\"><span>63<\/span><\/td>\n<td class=\"column-10\"><span>15<\/span><\/td>\n<td class=\"column-11\"><span>73.9<\/span><\/td>\n<\/tr>\n<tr class=\"row-15 odd\">\n<td class=\"column-1\"><span>63 litros<\/span><\/td>\n<td class=\"column-2\"><span>50.1<\/span><\/td>\n<td class=\"column-3\"><span>55,9<\/span><\/td>\n<td class=\"column-4\"><span>51.3<\/span><\/td>\n<td class=\"column-5\"><span>65.3<\/span><\/td>\n<td class=\"column-6\"><span>0,5\/0,8<\/span><\/td>\n<td class=\"column-7\"><span>56.4<\/span><\/td>\n<td class=\"column-8\"><span>66,5<\/span><\/td>\n<td class=\"column-9\"><span>63<\/span><\/td>\n<td class=\"column-10\"><span>15<\/span><\/td>\n<td class=\"column-11\"><span>78,5<\/span><\/td>\n<\/tr>\n<tr class=\"row-16 even\">\n<td class=\"column-1\"><span>75 S<\/span><\/td>\n<td class=\"column-2\"><span>56<\/span><\/td>\n<td class=\"column-3\"><span>61.9<\/span><\/td>\n<td class=\"column-4\"><span>62.2<\/span><\/td>\n<td class=\"column-5\"><span>71.6<\/span><\/td>\n<td class=\"column-6\"><span>0,5\/1,0<\/span><\/td>\n<td class=\"column-7\"><span>62.2<\/span><\/td>\n<td class=\"column-8\"><span>74.2<\/span><\/td>\n<td class=\"column-9\"><span>75<\/span><\/td>\n<td class=\"column-10\"><span>15<\/span><\/td>\n<td class=\"column-11\"><span>87.4<\/span><\/td>\n<\/tr>\n<tr class=\"row-17 odd\">\n<td class=\"column-1\"><span>75 litros<\/span><\/td>\n<td class=\"column-2\"><span>62<\/span><\/td>\n<td class=\"column-3\"><span>67,9<\/span><\/td>\n<td class=\"column-4\"><span>62,5<\/span><\/td>\n<td class=\"column-5\"><span>78<\/span><\/td>\n<td class=\"column-6\"><span>0,5\/1,0<\/span><\/td>\n<td class=\"column-7\"><span>68.3<\/span><\/td>\n<td class=\"column-8\"><span>78,5<\/span><\/td>\n<td class=\"column-9\"><span>75<\/span><\/td>\n<td class=\"column-10\"><span>15<\/span><\/td>\n<td class=\"column-11\"><span>96<\/span><\/td>\n<\/tr>\n<tr class=\"row-18 even\">\n<td class=\"column-1\"><span>90<\/span><\/td>\n<td class=\"column-2\"><span>68<\/span><\/td>\n<td class=\"column-3\"><span>74<\/span><\/td>\n<td class=\"column-4\"><span>68<\/span><\/td>\n<td class=\"column-5\"><span>88<\/span><\/td>\n<td class=\"column-6\"><span>0,5\/1,0<\/span><\/td>\n<td class=\"column-7\"><span>80.3<\/span><\/td>\n<td class=\"column-8\"><span>90.2<\/span><\/td>\n<td class=\"column-9\"><span>90<\/span><\/td>\n<td class=\"column-10\"><span>20<\/span><\/td>\n<td class=\"column-11\"><span>105.3<\/span><\/td>\n<\/tr>\n<tr class=\"row-19 odd\">\n<td class=\"column-1\" colspan=\"11\"><strong><span>Dimensiones en mm<\/span><\/strong><\/td>\n<\/tr>\n<\/tbody>\n<\/table>\n<p><img decoding=\"async\" class=\"size-medium wp-image-10927 alignright lazy loaded\" src=\"https:\/\/conexmetals.com\/wp-content\/uploads\/2023\/08\/E1Z-Industrial-Cable-Glands-300x149.jpg\" alt=\"Prensaestopas industriales E1Z\" width=\"300\" height=\"149\" data-src=\"https:\/\/conexmetals.com\/wp-content\/uploads\/2023\/08\/E1Z-Industrial-Cable-Glands-300x149.jpg\" data-was-processed=\"true\" srcset=\"https:\/\/conexmetals.com\/wp-content\/uploads\/2023\/08\/E1Z-Industrial-Cable-Glands-300x149.jpg 300w, https:\/\/conexmetals.com\/wp-content\/uploads\/2023\/08\/E1Z-Industrial-Cable-Glands.jpg 462w\" sizes=\"(max-width: 300px) 100vw, 300px\" \/><\/p>\n<p><strong><span>Aplicaciones clave:<\/span><\/strong><\/p>\n<ol>\n<li><strong><span>Instalaciones el\u00e9ctricas y de potencia<\/span><\/strong>\n<ul>\n<li><span>Ideal para asegurar cables en cuadros de distribuci\u00f3n, transformadores y sistemas de distribuci\u00f3n de energ\u00eda.<\/span><\/li>\n<\/ul>\n<\/li>\n<li><strong><span>Industrias del petr\u00f3leo, gas y petroqu\u00edmica<\/span><\/strong>\n<ul>\n<li><span>Perfecto para usar en entornos explosivos y peligrosos, garantizando terminaciones de cables seguras.<\/span><\/li>\n<\/ul>\n<\/li>\n<li><strong><span>Maquinaria pesada y equipo industrial<\/span><\/strong>\n<ul>\n<li><span>Se utiliza en plantas de fabricaci\u00f3n para proporcionar conexiones de cables seguras y duraderas.<\/span><\/li>\n<\/ul>\n<\/li>\n<li><strong><span>Aplicaciones marinas y offshore<\/span><\/strong>\n<ul>\n<li><span>Adecuado para entornos marinos hostiles, proporcionando una alta protecci\u00f3n contra el ingreso de agua y polvo.<\/span><\/li>\n<\/ul>\n<\/li>\n<li><strong><span>Proyectos de energ\u00eda renovable<\/span><\/strong>\n<ul>\n<li><span>Se aplica en sistemas de energ\u00eda solar y e\u00f3lica para asegurar cables para inversores y paneles de control.<\/span><\/li>\n<\/ul>\n<\/li>\n<li><strong><span>Construcci\u00f3n e Infraestructura<\/span><\/strong>\n<ul>\n<li><span>Se utiliza en la construcci\u00f3n de sistemas el\u00e9ctricos para instalaciones seguras y duraderas.<\/span><\/li>\n<\/ul>\n<\/li>\n<li><strong><span>Automatizaci\u00f3n minera e industrial<\/span><\/strong>\n<ul>\n<li><span>Dise\u00f1ado para uso en condiciones dif\u00edciles, garantizando un rendimiento confiable en entornos de miner\u00eda e industria pesada.<\/span><\/li>\n<\/ul>\n<\/li>\n<\/ol>\n<p><strong><span>Beneficios en la aplicaci\u00f3n:<\/span><\/strong><\/p>\n<ul>\n<li><strong><span>Alta protecci\u00f3n de entrada (IP66):<\/span><\/strong><span>\u00a0protege contra la entrada de polvo y agua.<\/span><\/li>\n<li><strong><span>Material robusto:<\/span><\/strong><span>\u00a0Construcci\u00f3n de lat\u00f3n para una excelente resistencia y resistencia a la corrosi\u00f3n.<\/span><\/li>\n<li><strong><span>Sellado avanzado:<\/span><\/strong><span>\u00a0Las t\u00e9cnicas de compresi\u00f3n y desplazamiento garantizan un sellado seguro tanto para las vainas internas como externas.<\/span><\/li>\n<li><strong><span>Cumplimiento de normas:<\/span><\/strong><span>\u00a0Cumple con la norma BS 6121: Parte I: 1989, lo que garantiza seguridad y confiabilidad.<\/span><\/li>\n<\/ul>\n<p><span>Los prensaestopas industriales E1Z son una opci\u00f3n ideal para industrias que requieren terminaciones de cables de alto rendimiento en entornos dif\u00edciles.<\/span><\/p>\n","protected":false},"featured_media":13272,"template":"","meta":[],"product_brand":[],"product_cat":[367],"product_tag":[],"class_list":{"0":"post-13454","1":"product","2":"type-product","3":"status-publish","4":"has-post-thumbnail","6":"product_cat-prensas-de-cable","8":"first","9":"instock","10":"shipping-taxable","11":"product-type-simple"},"yoast_head":"<!-- This site is optimized with the Yoast SEO plugin v27.3 - https:\/\/yoast.com\/product\/yoast-seo-wordpress\/ -->\n<title>Prensaestopas Industriales E1Z<\/title>\n<meta name=\"description\" content=\"Conex Metals, un fabricante y exportador confiable de la India, ofrece Prensaestopas Industriales E1Z, Prensaestopas de Aluminio y Prensaestopas El\u00e9ctricas Divididas. Suministrando accesorios para cables duraderos, incluidos Prensaestopas SS y Prensaestopas de Goma para aplicaciones industriales.\" \/>\n<meta name=\"robots\" content=\"index, follow, max-snippet:-1, max-image-preview:large, max-video-preview:-1\" \/>\n<link rel=\"canonical\" href=\"https:\/\/conexmetals.com\/es\/producto\/prensaestopas-industriales-e1z\/\" \/>\n<script type=\"application\/ld+json\" class=\"yoast-schema-graph\">{\"@context\":\"https:\\\/\\\/schema.org\",\"@graph\":[{\"@type\":\"WebPage\",\"@id\":\"https:\\\/\\\/conexmetals.com\\\/es\\\/producto\\\/prensaestopas-industriales-e1z\\\/\",\"url\":\"https:\\\/\\\/conexmetals.com\\\/es\\\/producto\\\/prensaestopas-industriales-e1z\\\/\",\"name\":\"Prensaestopas Industriales E1Z\",\"isPartOf\":{\"@id\":\"https:\\\/\\\/conexmetals.com\\\/es\\\/#website\"},\"primaryImageOfPage\":{\"@id\":\"https:\\\/\\\/conexmetals.com\\\/es\\\/producto\\\/prensaestopas-industriales-e1z\\\/#primaryimage\"},\"image\":{\"@id\":\"https:\\\/\\\/conexmetals.com\\\/es\\\/producto\\\/prensaestopas-industriales-e1z\\\/#primaryimage\"},\"thumbnailUrl\":\"https:\\\/\\\/conexmetals.com\\\/wp-content\\\/uploads\\\/2025\\\/01\\\/Prensaestopas-Industriales-E1Z.webp\",\"datePublished\":\"2023-08-18T07:28:45+00:00\",\"dateModified\":\"2025-01-20T13:43:23+00:00\",\"description\":\"Conex Metals, un fabricante y exportador confiable de la India, ofrece Prensaestopas Industriales E1Z, Prensaestopas de Aluminio y Prensaestopas El\u00e9ctricas Divididas. Suministrando accesorios para cables duraderos, incluidos Prensaestopas SS y Prensaestopas de Goma para aplicaciones industriales.\",\"breadcrumb\":{\"@id\":\"https:\\\/\\\/conexmetals.com\\\/es\\\/producto\\\/prensaestopas-industriales-e1z\\\/#breadcrumb\"},\"inLanguage\":\"es\",\"potentialAction\":[{\"@type\":\"ReadAction\",\"target\":[\"https:\\\/\\\/conexmetals.com\\\/es\\\/producto\\\/prensaestopas-industriales-e1z\\\/\"]}]},{\"@type\":\"ImageObject\",\"inLanguage\":\"es\",\"@id\":\"https:\\\/\\\/conexmetals.com\\\/es\\\/producto\\\/prensaestopas-industriales-e1z\\\/#primaryimage\",\"url\":\"https:\\\/\\\/conexmetals.com\\\/wp-content\\\/uploads\\\/2025\\\/01\\\/Prensaestopas-Industriales-E1Z.webp\",\"contentUrl\":\"https:\\\/\\\/conexmetals.com\\\/wp-content\\\/uploads\\\/2025\\\/01\\\/Prensaestopas-Industriales-E1Z.webp\",\"width\":300,\"height\":300,\"caption\":\"Prensaestopas Industriales E1Z\"},{\"@type\":\"BreadcrumbList\",\"@id\":\"https:\\\/\\\/conexmetals.com\\\/es\\\/producto\\\/prensaestopas-industriales-e1z\\\/#breadcrumb\",\"itemListElement\":[{\"@type\":\"ListItem\",\"position\":1,\"name\":\"Home\",\"item\":\"https:\\\/\\\/conexmetals.com\\\/es\\\/hogar\\\/\"},{\"@type\":\"ListItem\",\"position\":2,\"name\":\"Products\",\"item\":\"https:\\\/\\\/conexmetals.com\\\/products\\\/\"},{\"@type\":\"ListItem\",\"position\":3,\"name\":\"Prensaestopas Industriales E1Z\"}]},{\"@type\":\"WebSite\",\"@id\":\"https:\\\/\\\/conexmetals.com\\\/es\\\/#website\",\"url\":\"https:\\\/\\\/conexmetals.com\\\/es\\\/\",\"name\":\"Conex Metals Brass Fittings Brass Parts Copper Parts Brass Components Brass Plumbing Fittings India\",\"description\":\"Manufacturer of Bronze Fittings casting Copper Brass parts components\",\"publisher\":{\"@id\":\"https:\\\/\\\/conexmetals.com\\\/es\\\/#organization\"},\"potentialAction\":[{\"@type\":\"SearchAction\",\"target\":{\"@type\":\"EntryPoint\",\"urlTemplate\":\"https:\\\/\\\/conexmetals.com\\\/es\\\/?s={search_term_string}\"},\"query-input\":{\"@type\":\"PropertyValueSpecification\",\"valueRequired\":true,\"valueName\":\"search_term_string\"}}],\"inLanguage\":\"es\"},{\"@type\":\"Organization\",\"@id\":\"https:\\\/\\\/conexmetals.com\\\/es\\\/#organization\",\"name\":\"Conex Metals Brass Fittings Brass Parts Copper Parts Brass Components Brass Plumbing Fittings India\",\"url\":\"https:\\\/\\\/conexmetals.com\\\/es\\\/\",\"logo\":{\"@type\":\"ImageObject\",\"inLanguage\":\"es\",\"@id\":\"https:\\\/\\\/conexmetals.com\\\/es\\\/#\\\/schema\\\/logo\\\/image\\\/\",\"url\":\"https:\\\/\\\/conexmetals.com\\\/wp-content\\\/uploads\\\/2024\\\/03\\\/conex-metals-logo.webp\",\"contentUrl\":\"https:\\\/\\\/conexmetals.com\\\/wp-content\\\/uploads\\\/2024\\\/03\\\/conex-metals-logo.webp\",\"width\":300,\"height\":121,\"caption\":\"Conex Metals Brass Fittings Brass Parts Copper Parts Brass Components Brass Plumbing Fittings India\"},\"image\":{\"@id\":\"https:\\\/\\\/conexmetals.com\\\/es\\\/#\\\/schema\\\/logo\\\/image\\\/\"},\"sameAs\":[\"https:\\\/\\\/www.facebook.com\\\/conexbrass\",\"https:\\\/\\\/x.com\\\/conexindia\",\"https:\\\/\\\/www.linkedin.com\\\/company\\\/conex-metals-india\\\/\",\"https:\\\/\\\/www.instagram.com\\\/conexindia\\\/\"]}]}<\/script>\n<!-- \/ Yoast SEO plugin. -->","yoast_head_json":{"title":"Prensaestopas Industriales E1Z","description":"Conex Metals, un fabricante y exportador confiable de la India, ofrece Prensaestopas Industriales E1Z, Prensaestopas de Aluminio y Prensaestopas El\u00e9ctricas Divididas. Suministrando accesorios para cables duraderos, incluidos Prensaestopas SS y Prensaestopas de Goma para aplicaciones industriales.","robots":{"index":"index","follow":"follow","max-snippet":"max-snippet:-1","max-image-preview":"max-image-preview:large","max-video-preview":"max-video-preview:-1"},"canonical":"https:\/\/conexmetals.com\/es\/producto\/prensaestopas-industriales-e1z\/","schema":{"@context":"https:\/\/schema.org","@graph":[{"@type":"WebPage","@id":"https:\/\/conexmetals.com\/es\/producto\/prensaestopas-industriales-e1z\/","url":"https:\/\/conexmetals.com\/es\/producto\/prensaestopas-industriales-e1z\/","name":"Prensaestopas Industriales E1Z","isPartOf":{"@id":"https:\/\/conexmetals.com\/es\/#website"},"primaryImageOfPage":{"@id":"https:\/\/conexmetals.com\/es\/producto\/prensaestopas-industriales-e1z\/#primaryimage"},"image":{"@id":"https:\/\/conexmetals.com\/es\/producto\/prensaestopas-industriales-e1z\/#primaryimage"},"thumbnailUrl":"https:\/\/conexmetals.com\/wp-content\/uploads\/2025\/01\/Prensaestopas-Industriales-E1Z.webp","datePublished":"2023-08-18T07:28:45+00:00","dateModified":"2025-01-20T13:43:23+00:00","description":"Conex Metals, un fabricante y exportador confiable de la India, ofrece Prensaestopas Industriales E1Z, Prensaestopas de Aluminio y Prensaestopas El\u00e9ctricas Divididas. Suministrando accesorios para cables duraderos, incluidos Prensaestopas SS y Prensaestopas de Goma para aplicaciones industriales.","breadcrumb":{"@id":"https:\/\/conexmetals.com\/es\/producto\/prensaestopas-industriales-e1z\/#breadcrumb"},"inLanguage":"es","potentialAction":[{"@type":"ReadAction","target":["https:\/\/conexmetals.com\/es\/producto\/prensaestopas-industriales-e1z\/"]}]},{"@type":"ImageObject","inLanguage":"es","@id":"https:\/\/conexmetals.com\/es\/producto\/prensaestopas-industriales-e1z\/#primaryimage","url":"https:\/\/conexmetals.com\/wp-content\/uploads\/2025\/01\/Prensaestopas-Industriales-E1Z.webp","contentUrl":"https:\/\/conexmetals.com\/wp-content\/uploads\/2025\/01\/Prensaestopas-Industriales-E1Z.webp","width":300,"height":300,"caption":"Prensaestopas Industriales E1Z"},{"@type":"BreadcrumbList","@id":"https:\/\/conexmetals.com\/es\/producto\/prensaestopas-industriales-e1z\/#breadcrumb","itemListElement":[{"@type":"ListItem","position":1,"name":"Home","item":"https:\/\/conexmetals.com\/es\/hogar\/"},{"@type":"ListItem","position":2,"name":"Products","item":"https:\/\/conexmetals.com\/products\/"},{"@type":"ListItem","position":3,"name":"Prensaestopas Industriales E1Z"}]},{"@type":"WebSite","@id":"https:\/\/conexmetals.com\/es\/#website","url":"https:\/\/conexmetals.com\/es\/","name":"Conex Metals Brass Fittings Brass Parts Copper Parts Brass Components Brass Plumbing Fittings India","description":"Manufacturer of Bronze Fittings casting Copper Brass parts components","publisher":{"@id":"https:\/\/conexmetals.com\/es\/#organization"},"potentialAction":[{"@type":"SearchAction","target":{"@type":"EntryPoint","urlTemplate":"https:\/\/conexmetals.com\/es\/?s={search_term_string}"},"query-input":{"@type":"PropertyValueSpecification","valueRequired":true,"valueName":"search_term_string"}}],"inLanguage":"es"},{"@type":"Organization","@id":"https:\/\/conexmetals.com\/es\/#organization","name":"Conex Metals Brass Fittings Brass Parts Copper Parts Brass Components Brass Plumbing Fittings India","url":"https:\/\/conexmetals.com\/es\/","logo":{"@type":"ImageObject","inLanguage":"es","@id":"https:\/\/conexmetals.com\/es\/#\/schema\/logo\/image\/","url":"https:\/\/conexmetals.com\/wp-content\/uploads\/2024\/03\/conex-metals-logo.webp","contentUrl":"https:\/\/conexmetals.com\/wp-content\/uploads\/2024\/03\/conex-metals-logo.webp","width":300,"height":121,"caption":"Conex Metals Brass Fittings Brass Parts Copper Parts Brass Components Brass Plumbing Fittings India"},"image":{"@id":"https:\/\/conexmetals.com\/es\/#\/schema\/logo\/image\/"},"sameAs":["https:\/\/www.facebook.com\/conexbrass","https:\/\/x.com\/conexindia","https:\/\/www.linkedin.com\/company\/conex-metals-india\/","https:\/\/www.instagram.com\/conexindia\/"]}]}},"_links":{"self":[{"href":"https:\/\/conexmetals.com\/es\/wp-json\/wp\/v2\/product\/13454","targetHints":{"allow":["GET"]}}],"collection":[{"href":"https:\/\/conexmetals.com\/es\/wp-json\/wp\/v2\/product"}],"about":[{"href":"https:\/\/conexmetals.com\/es\/wp-json\/wp\/v2\/types\/product"}],"wp:featuredmedia":[{"embeddable":true,"href":"https:\/\/conexmetals.com\/es\/wp-json\/wp\/v2\/media\/13272"}],"wp:attachment":[{"href":"https:\/\/conexmetals.com\/es\/wp-json\/wp\/v2\/media?parent=13454"}],"wp:term":[{"taxonomy":"product_brand","embeddable":true,"href":"https:\/\/conexmetals.com\/es\/wp-json\/wp\/v2\/product_brand?post=13454"},{"taxonomy":"product_cat","embeddable":true,"href":"https:\/\/conexmetals.com\/es\/wp-json\/wp\/v2\/product_cat?post=13454"},{"taxonomy":"product_tag","embeddable":true,"href":"https:\/\/conexmetals.com\/es\/wp-json\/wp\/v2\/product_tag?post=13454"}],"curies":[{"name":"wp","href":"https:\/\/api.w.org\/{rel}","templated":true}]}}