{"id":13459,"date":"2023-08-18T12:55:21","date_gmt":"2023-08-18T07:25:21","guid":{"rendered":"https:\/\/conexmetals.com\/?post_type=product&#038;p=13459"},"modified":"2025-01-21T16:07:17","modified_gmt":"2025-01-21T10:37:17","slug":"prensaestopas-marinas","status":"publish","type":"product","link":"https:\/\/conexmetals.com\/es\/producto\/prensaestopas-marinas\/","title":{"rendered":"Prensaestopas Marinas"},"content":{"rendered":"","protected":false},"excerpt":{"rendered":"<div class=\"elementor-element elementor-element-672075d elementor-widget__width-initial e-transform elementor-widget-mobile__width-initial elementor-widget elementor-widget-woocommerce-product-images\" data-id=\"672075d\" data-element_type=\"widget\" data-settings=\"{&quot;_transform_scale_effect&quot;:{&quot;unit&quot;:&quot;px&quot;,&quot;size&quot;:1,&quot;sizes&quot;:[]},&quot;_transform_scale_effect_tablet&quot;:{&quot;unit&quot;:&quot;px&quot;,&quot;size&quot;:&quot;&quot;,&quot;sizes&quot;:[]},&quot;_transform_scale_effect_mobile&quot;:{&quot;unit&quot;:&quot;px&quot;,&quot;size&quot;:&quot;&quot;,&quot;sizes&quot;:[]}}\" data-widget_type=\"woocommerce-product-images.default\">\n<div class=\"elementor-widget-container\">\n<div class=\"woocommerce-product-gallery woocommerce-product-gallery--with-images woocommerce-product-gallery--columns-4 images\" data-columns=\"4\">\n<div class=\"woocommerce-product-gallery__wrapper\">\n<div class=\"woocommerce-product-gallery__image\" data-thumb=\"https:\/\/conexmetals.com\/wp-content\/uploads\/2023\/08\/Marine-Cable-Glands-100x100.webp\" data-thumb-alt=\"Marine-Cable-Glands\" data-thumb-srcset=\"https:\/\/conexmetals.com\/wp-content\/uploads\/2023\/08\/Marine-Cable-Glands-100x100.webp 100w, https:\/\/conexmetals.com\/wp-content\/uploads\/2023\/08\/Marine-Cable-Glands-300x300.webp 300w, https:\/\/conexmetals.com\/wp-content\/uploads\/2023\/08\/Marine-Cable-Glands-150x150.webp 150w, https:\/\/conexmetals.com\/wp-content\/uploads\/2023\/08\/Marine-Cable-Glands.webp 350w\"><\/div>\n<\/div>\n<\/div>\n<\/div>\n<\/div>\n<div class=\"elementor-element elementor-element-36d2ab8 elementor-widget elementor-widget-woocommerce-product-short-description\" data-id=\"36d2ab8\" data-element_type=\"widget\" data-widget_type=\"woocommerce-product-short-description.default\">\n<div class=\"elementor-widget-container\">\n<div class=\"woocommerce-product-details__short-description\">\n<table id=\"tablepress-420\" class=\"tablepress tablepress-id-420\">\n<caption>\u00a0<\/caption>\n<thead>\n<tr class=\"row-1 odd\">\n<th class=\"column-1\" colspan=\"5\"><strong><span>Ficha t\u00e9cnica<\/span><\/strong><\/th>\n<\/tr>\n<\/thead>\n<tbody class=\"row-hover\">\n<tr class=\"row-2 even\">\n<td class=\"column-1\"><strong><span>Tama\u00f1o de la gl\u00e1ndula<\/span><\/strong><\/td>\n<td class=\"column-2\"><strong><span>Longitud de rosca (en mm) &#8216;D&#8217;<\/span><\/strong><\/td>\n<td class=\"column-3\"><strong><span>&#8216;A&#8217;<\/span><\/strong><\/td>\n<td class=\"column-4\"><strong><span>&#8216;B&#8217;<\/span><\/strong><\/td>\n<td class=\"column-5\"><strong><span>&#8216;DO&#8217;<\/span><\/strong><\/td>\n<\/tr>\n<tr class=\"row-3 odd\">\n<td class=\"column-1\"><span>10<\/span><\/td>\n<td class=\"column-2\"><span>11<\/span><\/td>\n<td class=\"column-3\"><span>45<\/span><\/td>\n<td class=\"column-4\"><span>10<\/span><\/td>\n<td class=\"column-5\"><span>3\/8\u2033 BSP<\/span><\/td>\n<\/tr>\n<tr class=\"row-4 even\">\n<td class=\"column-1\"><span>15<\/span><\/td>\n<td class=\"column-2\"><span>10<\/span><\/td>\n<td class=\"column-3\"><span>50<\/span><\/td>\n<td class=\"column-4\"><span>15<\/span><\/td>\n<td class=\"column-5\"><span>\u00bd\u201d BSP<\/span><\/td>\n<\/tr>\n<tr class=\"row-5 odd\">\n<td class=\"column-1\"><span>20<\/span><\/td>\n<td class=\"column-2\"><span>11<\/span><\/td>\n<td class=\"column-3\"><span>53<\/span><\/td>\n<td class=\"column-4\"><span>20<\/span><\/td>\n<td class=\"column-5\"><span>3\/4\u2033 BSP<\/span><\/td>\n<\/tr>\n<tr class=\"row-6 even\">\n<td class=\"column-1\"><span>25<\/span><\/td>\n<td class=\"column-2\"><span>12<\/span><\/td>\n<td class=\"column-3\"><span>60<\/span><\/td>\n<td class=\"column-4\"><span>25<\/span><\/td>\n<td class=\"column-5\"><span>1\u2033 BSP<\/span><\/td>\n<\/tr>\n<tr class=\"row-7 odd\">\n<td class=\"column-1\"><span>30<\/span><\/td>\n<td class=\"column-2\"><span>12<\/span><\/td>\n<td class=\"column-3\"><span>65<\/span><\/td>\n<td class=\"column-4\"><span>30<\/span><\/td>\n<td class=\"column-5\"><span>1\u00bc\u201d BSP<\/span><\/td>\n<\/tr>\n<tr class=\"row-8 even\">\n<td class=\"column-1\"><span>35<\/span><\/td>\n<td class=\"column-2\"><span>12<\/span><\/td>\n<td class=\"column-3\"><span>70<\/span><\/td>\n<td class=\"column-4\"><span>40<\/span><\/td>\n<td class=\"column-5\"><span>1\u00bd\u201d BSP<\/span><\/td>\n<\/tr>\n<tr class=\"row-9 odd\">\n<td class=\"column-1\"><span>40<\/span><\/td>\n<td class=\"column-2\"><span>12<\/span><\/td>\n<td class=\"column-3\"><span>70<\/span><\/td>\n<td class=\"column-4\"><span>40<\/span><\/td>\n<td class=\"column-5\"><span>1\u00bd\u201d BSP<\/span><\/td>\n<\/tr>\n<tr class=\"row-10 even\">\n<td class=\"column-1\"><span>45<\/span><\/td>\n<td class=\"column-2\"><span>12<\/span><\/td>\n<td class=\"column-3\"><span>85<\/span><\/td>\n<td class=\"column-4\"><span>50<\/span><\/td>\n<td class=\"column-5\"><span>2\u2033 BSP<\/span><\/td>\n<\/tr>\n<tr class=\"row-11 odd\">\n<td class=\"column-1\"><span>50<\/span><\/td>\n<td class=\"column-2\"><span>12<\/span><\/td>\n<td class=\"column-3\"><span>85<\/span><\/td>\n<td class=\"column-4\"><span>50<\/span><\/td>\n<td class=\"column-5\"><span>2\u2033 BSP<\/span><\/td>\n<\/tr>\n<tr class=\"row-12 even\">\n<td class=\"column-1\"><span>55<\/span><\/td>\n<td class=\"column-2\"><span>12<\/span><\/td>\n<td class=\"column-3\"><span>87<\/span><\/td>\n<td class=\"column-4\"><span>60<\/span><\/td>\n<td class=\"column-5\"><span>2\u00bd\u201d BSP<\/span><\/td>\n<\/tr>\n<tr class=\"row-13 odd\">\n<td class=\"column-1\"><span>60<\/span><\/td>\n<td class=\"column-2\"><span>12<\/span><\/td>\n<td class=\"column-3\"><span>88<\/span><\/td>\n<td class=\"column-4\"><span>60<\/span><\/td>\n<td class=\"column-5\"><span>2\u00bd\u201d BSP<\/span><\/td>\n<\/tr>\n<tr class=\"row-14 even\">\n<td class=\"column-1\"><span>65<\/span><\/td>\n<td class=\"column-2\"><span>14<\/span><\/td>\n<td class=\"column-3\"><span>100<\/span><\/td>\n<td class=\"column-4\"><span>70<\/span><\/td>\n<td class=\"column-5\"><span>3\u2033 BSP<\/span><\/td>\n<\/tr>\n<tr class=\"row-15 odd\">\n<td class=\"column-1\"><span>70<\/span><\/td>\n<td class=\"column-2\"><span>14<\/span><\/td>\n<td class=\"column-3\"><span>110<\/span><\/td>\n<td class=\"column-4\"><span>70<\/span><\/td>\n<td class=\"column-5\"><span>3\u2033 BSP<\/span><\/td>\n<\/tr>\n<\/tbody>\n<\/table>\n<p><img fetchpriority=\"high\" decoding=\"async\" class=\"size-full wp-image-13085 alignright lazy loaded\" src=\"https:\/\/conexmetals.com\/wp-content\/uploads\/2023\/08\/MARINE-CABLE-GLANDS-line-drawing.jpg\" alt=\"Dibujo lineal de PRENSAESTOPAS MARINOS\" width=\"273\" height=\"206\" data-src=\"https:\/\/conexmetals.com\/wp-content\/uploads\/2023\/08\/MARINE-CABLE-GLANDS-line-drawing.jpg\" data-was-processed=\"true\" \/><span>Los prensaestopas marinos son accesorios especializados que se utilizan para proporcionar puntos de entrada de cables seguros y herm\u00e9ticos en barcos, embarcaciones, plataformas marinas y otros equipos marinos. Estos prensaestopas est\u00e1n dise\u00f1ados para soportar las duras condiciones de los entornos marinos, incluida la exposici\u00f3n al agua salada, la humedad, las vibraciones y las tensiones mec\u00e1nicas. Desempe\u00f1an un papel crucial para garantizar conexiones el\u00e9ctricas confiables y protecci\u00f3n contra los elementos ambientales.<\/span><\/p>\n<p><span>A continuaci\u00f3n se presentan algunos puntos clave sobre los prensaestopas marinos:<\/span><\/p>\n<p><strong><b><span>Funci\u00f3n:<\/span><\/b><\/strong><span>\u00a0\u00a0Los prensaestopas marinos cumplen varias funciones importantes:<\/span><\/p>\n<ol>\n<li><b><\/b><strong><b><span>Sellado herm\u00e9tico:<\/span><\/b><\/strong><span>\u00a0una de las principales funciones de los prensaestopas marinos es crear un sello herm\u00e9tico alrededor de los cables cuando pasan por mamparos, cubiertas o recintos. Esto evita que el agua, la humedad y los contaminantes entren en \u00e1reas sensibles de los equipos.<\/span><\/li>\n<li><b><\/b><strong><b><span>Gesti\u00f3n de cables:<\/span><\/b><\/strong><span>\u00a0Los prensaestopas proporcionan alivio de tensi\u00f3n y soporte para los cables, lo que reduce el estr\u00e9s mec\u00e1nico y evita da\u00f1os al aislamiento y a los conductores de los cables.<\/span><\/li>\n<li><b><\/b><strong><b><span>Continuidad el\u00e9ctrica:<\/span><\/b><\/strong><span>\u00a0Los prensaestopas marinos ayudan a mantener la continuidad el\u00e9ctrica entre los cables y los equipos, garantizando una conexi\u00f3n el\u00e9ctrica confiable e ininterrumpida.<\/span><\/li>\n<\/ol>\n<p><strong><b><span>Caracter\u00edsticas:<\/span><\/b><\/strong><span>\u00a0\u00a0Los prensaestopas marinos suelen tener caracter\u00edsticas que los hacen adecuados para entornos marinos:<\/span><\/p>\n<ol>\n<li><b><\/b><strong><b><span>Resistencia a la corrosi\u00f3n:<\/span><\/b><\/strong><span>\u00a0estos prensaestopas suelen estar hechos de materiales resistentes a la corrosi\u00f3n, como acero inoxidable o lat\u00f3n de grado marino, para soportar la exposici\u00f3n al agua salada y a las condiciones marinas.<\/span><\/li>\n<li><b><\/b><strong><b><span>Resistente a la intemperie:<\/span><\/b><\/strong><span>\u00a0los prensaestopas marinos est\u00e1n dise\u00f1ados para ser resistentes a la intemperie y a la radiaci\u00f3n UV, protegiendo los cables y equipos del sol, la lluvia y otros elementos clim\u00e1ticos.<\/span><\/li>\n<li><b><\/b><strong><b><span>Mecanismo de sellado:<\/span><\/b><\/strong><span>\u00a0Incluyen mecanismos de sellado como juntas, juntas t\u00f3ricas u otros materiales de sellado que crean un sello herm\u00e9tico alrededor del punto de entrada del cable.<\/span><\/li>\n<li><b><\/b><strong><b><span>Resistencia a la presi\u00f3n:<\/span><\/b><\/strong><span>\u00a0algunos prensaestopas marinos est\u00e1n dise\u00f1ados para soportar las diferencias de presi\u00f3n que se experimentan en entornos de inmersi\u00f3n o en alta mar.<\/span><\/li>\n<\/ol>\n<p><strong><b><span>Tipos de prensaestopas marinos:<\/span><\/b><\/strong><span>\u00a0\u00a0Existen varios tipos de prensaestopas marinos dise\u00f1ados para aplicaciones espec\u00edficas:<\/span><\/p>\n<ol>\n<li><b><\/b><strong><b><span>Prensaestopas marinos est\u00e1ndar:<\/span><\/b><\/strong><span>\u00a0son prensaestopas marinos de uso general adecuados para diversos tama\u00f1os y aplicaciones de cables.<\/span><\/li>\n<li><b><\/b><strong><b><span>Prensaestopas blindados:<\/span><\/b><\/strong><span>\u00a0dise\u00f1ados para cables blindados, estos prensaestopas proporcionan protecci\u00f3n adicional y alivio de tensi\u00f3n para cables con armadura met\u00e1lica.<\/span><\/li>\n<li><b><\/b><strong><b><span>Prensaestopas Ex-e:<\/span><\/b><\/strong><span>\u00a0Las prensaestopas a prueba de explosiones (Ex-e) se utilizan en \u00e1reas peligrosas para evitar la propagaci\u00f3n de explosiones.<\/span><\/li>\n<li><b><\/b><strong><b><span>Gl\u00e1ndulas sumergibles:<\/span><\/b><\/strong><span>\u00a0estas gl\u00e1ndulas est\u00e1n dise\u00f1adas para mantener la integridad herm\u00e9tica incluso cuando est\u00e1n sumergidas, lo que las hace adecuadas para aplicaciones submarinas.<\/span><\/li>\n<\/ol>\n<p><strong><b><span>Aplicaciones:<\/span><\/b><\/strong><span>\u00a0Los prensaestopas marinos se utilizan ampliamente en diversas aplicaciones marinas y de alta mar, incluidos barcos, embarcaciones, yates, plataformas de petr\u00f3leo y gas en alta mar, veh\u00edculos submarinos e infraestructura costera.<\/span><\/p>\n<\/div>\n<\/div>\n<\/div>\n","protected":false},"featured_media":13287,"template":"","meta":[],"product_brand":[],"product_cat":[367],"product_tag":[],"class_list":{"0":"post-13459","1":"product","2":"type-product","3":"status-publish","4":"has-post-thumbnail","6":"product_cat-prensas-de-cable","8":"first","9":"instock","10":"shipping-taxable","11":"product-type-simple"},"yoast_head":"<!-- This site is optimized with the Yoast SEO plugin v27.3 - https:\/\/yoast.com\/product\/yoast-seo-wordpress\/ -->\n<title>Prensaestopas Marinas<\/title>\n<meta name=\"description\" content=\"Explore los Prensaestopas Marinas en Conex Metals, con prensaestopas de doble compresi\u00f3n, cables el\u00e9ctricos marinos y prensaestopas planas. Como principales fabricantes, exportadores y proveedores en India, ofrecemos conectores de cable marino, prensaestopas met\u00e1licos y prensaestopas de lat\u00f3n de primera l\u00ednea.\" \/>\n<meta name=\"robots\" content=\"index, follow, max-snippet:-1, max-image-preview:large, max-video-preview:-1\" \/>\n<link rel=\"canonical\" href=\"https:\/\/conexmetals.com\/es\/producto\/prensaestopas-marinas\/\" \/>\n<script type=\"application\/ld+json\" class=\"yoast-schema-graph\">{\"@context\":\"https:\\\/\\\/schema.org\",\"@graph\":[{\"@type\":\"WebPage\",\"@id\":\"https:\\\/\\\/conexmetals.com\\\/es\\\/producto\\\/prensaestopas-marinas\\\/\",\"url\":\"https:\\\/\\\/conexmetals.com\\\/es\\\/producto\\\/prensaestopas-marinas\\\/\",\"name\":\"Prensaestopas Marinas\",\"isPartOf\":{\"@id\":\"https:\\\/\\\/conexmetals.com\\\/es\\\/#website\"},\"primaryImageOfPage\":{\"@id\":\"https:\\\/\\\/conexmetals.com\\\/es\\\/producto\\\/prensaestopas-marinas\\\/#primaryimage\"},\"image\":{\"@id\":\"https:\\\/\\\/conexmetals.com\\\/es\\\/producto\\\/prensaestopas-marinas\\\/#primaryimage\"},\"thumbnailUrl\":\"https:\\\/\\\/conexmetals.com\\\/wp-content\\\/uploads\\\/2025\\\/01\\\/Prensaestopas-Marinas.webp\",\"datePublished\":\"2023-08-18T07:25:21+00:00\",\"dateModified\":\"2025-01-21T10:37:17+00:00\",\"description\":\"Explore los Prensaestopas Marinas en Conex Metals, con prensaestopas de doble compresi\u00f3n, cables el\u00e9ctricos marinos y prensaestopas planas. Como principales fabricantes, exportadores y proveedores en India, ofrecemos conectores de cable marino, prensaestopas met\u00e1licos y prensaestopas de lat\u00f3n de primera l\u00ednea.\",\"breadcrumb\":{\"@id\":\"https:\\\/\\\/conexmetals.com\\\/es\\\/producto\\\/prensaestopas-marinas\\\/#breadcrumb\"},\"inLanguage\":\"es\",\"potentialAction\":[{\"@type\":\"ReadAction\",\"target\":[\"https:\\\/\\\/conexmetals.com\\\/es\\\/producto\\\/prensaestopas-marinas\\\/\"]}]},{\"@type\":\"ImageObject\",\"inLanguage\":\"es\",\"@id\":\"https:\\\/\\\/conexmetals.com\\\/es\\\/producto\\\/prensaestopas-marinas\\\/#primaryimage\",\"url\":\"https:\\\/\\\/conexmetals.com\\\/wp-content\\\/uploads\\\/2025\\\/01\\\/Prensaestopas-Marinas.webp\",\"contentUrl\":\"https:\\\/\\\/conexmetals.com\\\/wp-content\\\/uploads\\\/2025\\\/01\\\/Prensaestopas-Marinas.webp\",\"width\":300,\"height\":300,\"caption\":\"Prensaestopas Marinas\"},{\"@type\":\"BreadcrumbList\",\"@id\":\"https:\\\/\\\/conexmetals.com\\\/es\\\/producto\\\/prensaestopas-marinas\\\/#breadcrumb\",\"itemListElement\":[{\"@type\":\"ListItem\",\"position\":1,\"name\":\"Home\",\"item\":\"https:\\\/\\\/conexmetals.com\\\/es\\\/hogar\\\/\"},{\"@type\":\"ListItem\",\"position\":2,\"name\":\"Products\",\"item\":\"https:\\\/\\\/conexmetals.com\\\/products\\\/\"},{\"@type\":\"ListItem\",\"position\":3,\"name\":\"Prensaestopas Marinas\"}]},{\"@type\":\"WebSite\",\"@id\":\"https:\\\/\\\/conexmetals.com\\\/es\\\/#website\",\"url\":\"https:\\\/\\\/conexmetals.com\\\/es\\\/\",\"name\":\"Conex Metals Brass Fittings Brass Parts Copper Parts Brass Components Brass Plumbing Fittings India\",\"description\":\"Manufacturer of Bronze Fittings casting Copper Brass parts components\",\"publisher\":{\"@id\":\"https:\\\/\\\/conexmetals.com\\\/es\\\/#organization\"},\"potentialAction\":[{\"@type\":\"SearchAction\",\"target\":{\"@type\":\"EntryPoint\",\"urlTemplate\":\"https:\\\/\\\/conexmetals.com\\\/es\\\/?s={search_term_string}\"},\"query-input\":{\"@type\":\"PropertyValueSpecification\",\"valueRequired\":true,\"valueName\":\"search_term_string\"}}],\"inLanguage\":\"es\"},{\"@type\":\"Organization\",\"@id\":\"https:\\\/\\\/conexmetals.com\\\/es\\\/#organization\",\"name\":\"Conex Metals Brass Fittings Brass Parts Copper Parts Brass Components Brass Plumbing Fittings India\",\"url\":\"https:\\\/\\\/conexmetals.com\\\/es\\\/\",\"logo\":{\"@type\":\"ImageObject\",\"inLanguage\":\"es\",\"@id\":\"https:\\\/\\\/conexmetals.com\\\/es\\\/#\\\/schema\\\/logo\\\/image\\\/\",\"url\":\"https:\\\/\\\/conexmetals.com\\\/wp-content\\\/uploads\\\/2024\\\/03\\\/conex-metals-logo.webp\",\"contentUrl\":\"https:\\\/\\\/conexmetals.com\\\/wp-content\\\/uploads\\\/2024\\\/03\\\/conex-metals-logo.webp\",\"width\":300,\"height\":121,\"caption\":\"Conex Metals Brass Fittings Brass Parts Copper Parts Brass Components Brass Plumbing Fittings India\"},\"image\":{\"@id\":\"https:\\\/\\\/conexmetals.com\\\/es\\\/#\\\/schema\\\/logo\\\/image\\\/\"},\"sameAs\":[\"https:\\\/\\\/www.facebook.com\\\/conexbrass\",\"https:\\\/\\\/x.com\\\/conexindia\",\"https:\\\/\\\/www.linkedin.com\\\/company\\\/conex-metals-india\\\/\",\"https:\\\/\\\/www.instagram.com\\\/conexindia\\\/\"]}]}<\/script>\n<!-- \/ Yoast SEO plugin. -->","yoast_head_json":{"title":"Prensaestopas Marinas","description":"Explore los Prensaestopas Marinas en Conex Metals, con prensaestopas de doble compresi\u00f3n, cables el\u00e9ctricos marinos y prensaestopas planas. Como principales fabricantes, exportadores y proveedores en India, ofrecemos conectores de cable marino, prensaestopas met\u00e1licos y prensaestopas de lat\u00f3n de primera l\u00ednea.","robots":{"index":"index","follow":"follow","max-snippet":"max-snippet:-1","max-image-preview":"max-image-preview:large","max-video-preview":"max-video-preview:-1"},"canonical":"https:\/\/conexmetals.com\/es\/producto\/prensaestopas-marinas\/","schema":{"@context":"https:\/\/schema.org","@graph":[{"@type":"WebPage","@id":"https:\/\/conexmetals.com\/es\/producto\/prensaestopas-marinas\/","url":"https:\/\/conexmetals.com\/es\/producto\/prensaestopas-marinas\/","name":"Prensaestopas Marinas","isPartOf":{"@id":"https:\/\/conexmetals.com\/es\/#website"},"primaryImageOfPage":{"@id":"https:\/\/conexmetals.com\/es\/producto\/prensaestopas-marinas\/#primaryimage"},"image":{"@id":"https:\/\/conexmetals.com\/es\/producto\/prensaestopas-marinas\/#primaryimage"},"thumbnailUrl":"https:\/\/conexmetals.com\/wp-content\/uploads\/2025\/01\/Prensaestopas-Marinas.webp","datePublished":"2023-08-18T07:25:21+00:00","dateModified":"2025-01-21T10:37:17+00:00","description":"Explore los Prensaestopas Marinas en Conex Metals, con prensaestopas de doble compresi\u00f3n, cables el\u00e9ctricos marinos y prensaestopas planas. Como principales fabricantes, exportadores y proveedores en India, ofrecemos conectores de cable marino, prensaestopas met\u00e1licos y prensaestopas de lat\u00f3n de primera l\u00ednea.","breadcrumb":{"@id":"https:\/\/conexmetals.com\/es\/producto\/prensaestopas-marinas\/#breadcrumb"},"inLanguage":"es","potentialAction":[{"@type":"ReadAction","target":["https:\/\/conexmetals.com\/es\/producto\/prensaestopas-marinas\/"]}]},{"@type":"ImageObject","inLanguage":"es","@id":"https:\/\/conexmetals.com\/es\/producto\/prensaestopas-marinas\/#primaryimage","url":"https:\/\/conexmetals.com\/wp-content\/uploads\/2025\/01\/Prensaestopas-Marinas.webp","contentUrl":"https:\/\/conexmetals.com\/wp-content\/uploads\/2025\/01\/Prensaestopas-Marinas.webp","width":300,"height":300,"caption":"Prensaestopas Marinas"},{"@type":"BreadcrumbList","@id":"https:\/\/conexmetals.com\/es\/producto\/prensaestopas-marinas\/#breadcrumb","itemListElement":[{"@type":"ListItem","position":1,"name":"Home","item":"https:\/\/conexmetals.com\/es\/hogar\/"},{"@type":"ListItem","position":2,"name":"Products","item":"https:\/\/conexmetals.com\/products\/"},{"@type":"ListItem","position":3,"name":"Prensaestopas Marinas"}]},{"@type":"WebSite","@id":"https:\/\/conexmetals.com\/es\/#website","url":"https:\/\/conexmetals.com\/es\/","name":"Conex Metals Brass Fittings Brass Parts Copper Parts Brass Components Brass Plumbing Fittings India","description":"Manufacturer of Bronze Fittings casting Copper Brass parts components","publisher":{"@id":"https:\/\/conexmetals.com\/es\/#organization"},"potentialAction":[{"@type":"SearchAction","target":{"@type":"EntryPoint","urlTemplate":"https:\/\/conexmetals.com\/es\/?s={search_term_string}"},"query-input":{"@type":"PropertyValueSpecification","valueRequired":true,"valueName":"search_term_string"}}],"inLanguage":"es"},{"@type":"Organization","@id":"https:\/\/conexmetals.com\/es\/#organization","name":"Conex Metals Brass Fittings Brass Parts Copper Parts Brass Components Brass Plumbing Fittings India","url":"https:\/\/conexmetals.com\/es\/","logo":{"@type":"ImageObject","inLanguage":"es","@id":"https:\/\/conexmetals.com\/es\/#\/schema\/logo\/image\/","url":"https:\/\/conexmetals.com\/wp-content\/uploads\/2024\/03\/conex-metals-logo.webp","contentUrl":"https:\/\/conexmetals.com\/wp-content\/uploads\/2024\/03\/conex-metals-logo.webp","width":300,"height":121,"caption":"Conex Metals Brass Fittings Brass Parts Copper Parts Brass Components Brass Plumbing Fittings India"},"image":{"@id":"https:\/\/conexmetals.com\/es\/#\/schema\/logo\/image\/"},"sameAs":["https:\/\/www.facebook.com\/conexbrass","https:\/\/x.com\/conexindia","https:\/\/www.linkedin.com\/company\/conex-metals-india\/","https:\/\/www.instagram.com\/conexindia\/"]}]}},"_links":{"self":[{"href":"https:\/\/conexmetals.com\/es\/wp-json\/wp\/v2\/product\/13459","targetHints":{"allow":["GET"]}}],"collection":[{"href":"https:\/\/conexmetals.com\/es\/wp-json\/wp\/v2\/product"}],"about":[{"href":"https:\/\/conexmetals.com\/es\/wp-json\/wp\/v2\/types\/product"}],"wp:featuredmedia":[{"embeddable":true,"href":"https:\/\/conexmetals.com\/es\/wp-json\/wp\/v2\/media\/13287"}],"wp:attachment":[{"href":"https:\/\/conexmetals.com\/es\/wp-json\/wp\/v2\/media?parent=13459"}],"wp:term":[{"taxonomy":"product_brand","embeddable":true,"href":"https:\/\/conexmetals.com\/es\/wp-json\/wp\/v2\/product_brand?post=13459"},{"taxonomy":"product_cat","embeddable":true,"href":"https:\/\/conexmetals.com\/es\/wp-json\/wp\/v2\/product_cat?post=13459"},{"taxonomy":"product_tag","embeddable":true,"href":"https:\/\/conexmetals.com\/es\/wp-json\/wp\/v2\/product_tag?post=13459"}],"curies":[{"name":"wp","href":"https:\/\/api.w.org\/{rel}","templated":true}]}}