{"id":13475,"date":"2023-08-18T12:54:18","date_gmt":"2023-08-18T07:24:18","guid":{"rendered":"https:\/\/conexmetals.com\/?post_type=product&#038;p=13475"},"modified":"2025-01-21T17:26:25","modified_gmt":"2025-01-21T11:56:25","slug":"prensaestopas-tipo-pg","status":"publish","type":"product","link":"https:\/\/conexmetals.com\/es\/producto\/prensaestopas-tipo-pg\/","title":{"rendered":"Prensaestopas Tipo PG"},"content":{"rendered":"","protected":false},"excerpt":{"rendered":"<div class=\"elementor-element elementor-element-672075d elementor-widget__width-initial e-transform elementor-widget-mobile__width-initial elementor-widget elementor-widget-woocommerce-product-images\" data-id=\"672075d\" data-element_type=\"widget\" data-settings=\"{&quot;_transform_scale_effect&quot;:{&quot;unit&quot;:&quot;px&quot;,&quot;size&quot;:1,&quot;sizes&quot;:[]},&quot;_transform_scale_effect_tablet&quot;:{&quot;unit&quot;:&quot;px&quot;,&quot;size&quot;:&quot;&quot;,&quot;sizes&quot;:[]},&quot;_transform_scale_effect_mobile&quot;:{&quot;unit&quot;:&quot;px&quot;,&quot;size&quot;:&quot;&quot;,&quot;sizes&quot;:[]}}\" data-widget_type=\"woocommerce-product-images.default\">\n<div class=\"elementor-widget-container\">\n<div class=\"woocommerce-product-gallery woocommerce-product-gallery--with-images woocommerce-product-gallery--columns-4 images\" data-columns=\"4\">\n<div class=\"woocommerce-product-gallery__wrapper\">\n<div class=\"woocommerce-product-gallery__image\" data-thumb=\"https:\/\/conexmetals.com\/wp-content\/uploads\/2023\/08\/PG-Type-Cable-Glands-100x100.webp\" data-thumb-alt=\"PG-Type-Cable-Glands\" data-thumb-srcset=\"https:\/\/conexmetals.com\/wp-content\/uploads\/2023\/08\/PG-Type-Cable-Glands-100x100.webp 100w, https:\/\/conexmetals.com\/wp-content\/uploads\/2023\/08\/PG-Type-Cable-Glands-300x300.webp 300w, https:\/\/conexmetals.com\/wp-content\/uploads\/2023\/08\/PG-Type-Cable-Glands-150x150.webp 150w, https:\/\/conexmetals.com\/wp-content\/uploads\/2023\/08\/PG-Type-Cable-Glands.webp 350w\"><\/div>\n<\/div>\n<\/div>\n<\/div>\n<\/div>\n<div class=\"elementor-element elementor-element-36d2ab8 elementor-widget elementor-widget-woocommerce-product-short-description\" data-id=\"36d2ab8\" data-element_type=\"widget\" data-widget_type=\"woocommerce-product-short-description.default\">\n<div class=\"elementor-widget-container\">\n<div class=\"woocommerce-product-details__short-description\">\n<table id=\"tablepress-423\" class=\"tablepress tablepress-id-423\">\n<caption>\u00a0<\/caption>\n<thead><\/thead>\n<tbody class=\"row-hover\">\n<tr class=\"row-2 even\">\n<td class=\"column-1\" colspan=\"2\"><strong><span>Tama\u00f1o de la gl\u00e1ndula<\/span><\/strong><\/td>\n<td class=\"column-3\" colspan=\"2\"><strong><span>Gama de cables &#8216;A&#8217;<\/span><\/strong><\/td>\n<td class=\"column-5\" colspan=\"2\"><strong><span>Tama\u00f1o de rosca &#8216;B&#8217;<\/span><\/strong><\/td>\n<td class=\"column-7\" rowspan=\"2\"><strong><span>Longitud de rosca &#8216;C&#8217; (en mm)<\/span><\/strong><\/td>\n<\/tr>\n<tr class=\"row-3 odd\">\n<td class=\"column-1\"><strong><span>P\u00e1gina<\/span><\/strong><\/td>\n<td class=\"column-2\"><strong><span>M\u00c9TRICO<\/span><\/strong><\/td>\n<td class=\"column-3\"><strong><span>M\u00cdNIMO.<\/span><\/strong><\/td>\n<td class=\"column-4\"><strong><span>M\u00c1XIMO.<\/span><\/strong><\/td>\n<td class=\"column-5\"><strong><span>P\u00e1gina<\/span><\/strong><\/td>\n<td class=\"column-6\"><strong><span>M\u00c9TRICO<\/span><\/strong><\/td>\n<\/tr>\n<tr class=\"row-4 even\">\n<td class=\"column-1\"><span>PG7<\/span><\/td>\n<td class=\"column-2\"><span>M12<\/span><\/td>\n<td class=\"column-3\"><span>4<\/span><\/td>\n<td class=\"column-4\"><span>6<\/span><\/td>\n<td class=\"column-5\"><span>PG7<\/span><\/td>\n<td class=\"column-6\"><span>M12<\/span><\/td>\n<td class=\"column-7\"><span>5<\/span><\/td>\n<\/tr>\n<tr class=\"row-5 odd\">\n<td class=\"column-1\"><span>PG9<\/span><\/td>\n<td class=\"column-2\"><span>M16<\/span><\/td>\n<td class=\"column-3\"><span>6<\/span><\/td>\n<td class=\"column-4\"><span>10<\/span><\/td>\n<td class=\"column-5\"><span>PG9<\/span><\/td>\n<td class=\"column-6\"><span>M16<\/span><\/td>\n<td class=\"column-7\"><span>6<\/span><\/td>\n<\/tr>\n<tr class=\"row-6 even\">\n<td class=\"column-1\"><span>PG11<\/span><\/td>\n<td class=\"column-2\"><span>\u2013<\/span><\/td>\n<td class=\"column-3\"><span>8<\/span><\/td>\n<td class=\"column-4\"><span>10<\/span><\/td>\n<td class=\"column-5\"><span>PG11<\/span><\/td>\n<td class=\"column-6\"><span>\u2013<\/span><\/td>\n<td class=\"column-7\"><span>6.5<\/span><\/td>\n<\/tr>\n<tr class=\"row-7 odd\">\n<td class=\"column-1\"><span>PG13.5<\/span><\/td>\n<td class=\"column-2\"><span>M20<\/span><\/td>\n<td class=\"column-3\"><span>10<\/span><\/td>\n<td class=\"column-4\"><span>12<\/span><\/td>\n<td class=\"column-5\"><span>PG13.5<\/span><\/td>\n<td class=\"column-6\"><span>M20<\/span><\/td>\n<td class=\"column-7\"><span>7.1<\/span><\/td>\n<\/tr>\n<tr class=\"row-8 even\">\n<td class=\"column-1\"><span>PG16<\/span><\/td>\n<td class=\"column-2\"><span>\u2013<\/span><\/td>\n<td class=\"column-3\"><span>11<\/span><\/td>\n<td class=\"column-4\"><span>14<\/span><\/td>\n<td class=\"column-5\"><span>PG16<\/span><\/td>\n<td class=\"column-6\"><span>\u2013<\/span><\/td>\n<td class=\"column-7\"><span>6.5<\/span><\/td>\n<\/tr>\n<tr class=\"row-9 odd\">\n<td class=\"column-1\"><span>PG21<\/span><\/td>\n<td class=\"column-2\"><span>M25<\/span><\/td>\n<td class=\"column-3\"><span>14<\/span><\/td>\n<td class=\"column-4\"><span>18<\/span><\/td>\n<td class=\"column-5\"><span>PG21<\/span><\/td>\n<td class=\"column-6\"><span>M25<\/span><\/td>\n<td class=\"column-7\"><span>7.1<\/span><\/td>\n<\/tr>\n<tr class=\"row-10 even\">\n<td class=\"column-1\"><span>PG29<\/span><\/td>\n<td class=\"column-2\"><span>M32<\/span><\/td>\n<td class=\"column-3\"><span>18<\/span><\/td>\n<td class=\"column-4\"><span>25<\/span><\/td>\n<td class=\"column-5\"><span>PG29<\/span><\/td>\n<td class=\"column-6\"><span>M32<\/span><\/td>\n<td class=\"column-7\"><span>8.5<\/span><\/td>\n<\/tr>\n<tr class=\"row-11 odd\">\n<td class=\"column-1\"><span>PG36<\/span><\/td>\n<td class=\"column-2\"><span>M40<\/span><\/td>\n<td class=\"column-3\"><span>25<\/span><\/td>\n<td class=\"column-4\"><span>32<\/span><\/td>\n<td class=\"column-5\"><span>PG36<\/span><\/td>\n<td class=\"column-6\"><span>M40<\/span><\/td>\n<td class=\"column-7\"><span>10<\/span><\/td>\n<\/tr>\n<tr class=\"row-12 even\">\n<td class=\"column-1\"><span>PG42<\/span><\/td>\n<td class=\"column-2\"><span>M50<\/span><\/td>\n<td class=\"column-3\"><span>30<\/span><\/td>\n<td class=\"column-4\"><span>38<\/span><\/td>\n<td class=\"column-5\"><span>PG42<\/span><\/td>\n<td class=\"column-6\"><span>M50<\/span><\/td>\n<td class=\"column-7\"><span>10<\/span><\/td>\n<\/tr>\n<tr class=\"row-13 odd\">\n<td class=\"column-1\"><span>PG48<\/span><\/td>\n<td class=\"column-2\"><span>M63<\/span><\/td>\n<td class=\"column-3\"><span>33<\/span><\/td>\n<td class=\"column-4\"><span>42,5<\/span><\/td>\n<td class=\"column-5\"><span>PG48<\/span><\/td>\n<td class=\"column-6\"><span>M63<\/span><\/td>\n<td class=\"column-7\"><span>10<\/span><\/td>\n<\/tr>\n<\/tbody>\n<\/table>\n<p><img fetchpriority=\"high\" decoding=\"async\" class=\"size-medium wp-image-13098 alignright lazy loaded\" src=\"https:\/\/conexmetals.com\/wp-content\/uploads\/2023\/08\/PG-Type-Cable-Glands-line-drawing-300x175.png\" alt=\"Dibujo lineal de prensaestopas tipo PG\" width=\"300\" height=\"175\" data-src=\"https:\/\/conexmetals.com\/wp-content\/uploads\/2023\/08\/PG-Type-Cable-Glands-line-drawing-300x175.png\" data-was-processed=\"true\" srcset=\"https:\/\/conexmetals.com\/wp-content\/uploads\/2023\/08\/PG-Type-Cable-Glands-line-drawing-300x175.png 300w, https:\/\/conexmetals.com\/wp-content\/uploads\/2023\/08\/PG-Type-Cable-Glands-line-drawing.png 312w\" sizes=\"(max-width: 300px) 100vw, 300px\" \/><span>Los prensaestopas tipo PG son un tipo de prensaestopas muy utilizado que cumple con el est\u00e1ndar de rosca PG (Panzer-Gewinde), que es un est\u00e1ndar alem\u00e1n para roscas utilizadas en prensaestopas y otras aplicaciones. Los prensaestopas PG est\u00e1n dise\u00f1ados para proporcionar puntos de entrada de cables seguros y herm\u00e9ticos en gabinetes, cajas de conexiones o equipos, al mismo tiempo que protegen contra factores ambientales como el polvo, la humedad y las tensiones mec\u00e1nicas.<\/span><\/p>\n<p><span>A continuaci\u00f3n se presentan algunos puntos clave sobre los prensaestopas tipo PG:<\/span><\/p>\n<p><strong><b><span>Norma de rosca:<\/span><\/b><\/strong><span>\u00a0\u00a0PG significa \u201cPanzer-Gewinde\u201d, que se traduce como \u201crosca blindada\u201d en espa\u00f1ol. La norma de rosca PG define las dimensiones y especificaciones de las roscas utilizadas en los prensaestopas y otros componentes relacionados.<\/span><\/p>\n<p><strong><b><span>Funciones y caracter\u00edsticas:<\/span><\/b><\/strong><span>\u00a0\u00a0Los prensaestopas tipo PG ofrecen funciones similares a otros prensaestopas:<\/span><\/p>\n<ol>\n<li><b><\/b><strong><b><span>Entrada de cables:<\/span><\/b><\/strong><span>\u00a0Crean un punto de entrada sellado para cables en gabinetes o equipos, evitando la intrusi\u00f3n de polvo, humedad y otros contaminantes.<\/span><\/li>\n<li><b><\/b><strong><b><span>Alivio de tensi\u00f3n:<\/span><\/b><\/strong><span>\u00a0estos prensaestopas brindan soporte mec\u00e1nico a los cables, reduciendo la tensi\u00f3n y evitando flexiones o tensiones excesivas en el punto de entrada.<\/span><\/li>\n<\/ol>\n<p><strong><b><span>Variedad de tama\u00f1os:<\/span><\/b><\/strong><span>\u00a0\u00a0los prensaestopas PG vienen en varios tama\u00f1os (PG7, PG9, PG11, PG13.5, PG16, etc.), cada uno correspondiente a un tama\u00f1o de rosca y di\u00e1metro de cable espec\u00edficos. Esto permite versatilidad para adaptarse a diferentes tama\u00f1os de cable.<\/span><\/p>\n<p><strong><b><span>Elementos de sellado:<\/span><\/b><\/strong><span>\u00a0\u00a0Los prensaestopas PG generalmente incluyen elementos de sellado como sellos de goma o elastom\u00e9ricos que brindan protecci\u00f3n impermeable y resistente a la intemperie.<\/span><\/p>\n<p><strong><b><span>Aplicaciones:<\/span><\/b><\/strong><span>\u00a0\u00a0Los prensaestopas tipo PG se utilizan com\u00fanmente en industrias como la fabricaci\u00f3n, la maquinaria, la automatizaci\u00f3n y las telecomunicaciones. Son especialmente valiosos en aplicaciones en las que los cables deben protegerse contra condiciones ambientales adversas.<\/span><\/p>\n<\/div>\n<\/div>\n<\/div>\n","protected":false},"featured_media":13292,"template":"","meta":[],"product_brand":[],"product_cat":[367],"product_tag":[],"class_list":{"0":"post-13475","1":"product","2":"type-product","3":"status-publish","4":"has-post-thumbnail","6":"product_cat-prensas-de-cable","8":"first","9":"instock","10":"shipping-taxable","11":"product-type-simple"},"yoast_head":"<!-- This site is optimized with the Yoast SEO plugin v27.3 - https:\/\/yoast.com\/product\/yoast-seo-wordpress\/ -->\n<title>Prensaestopas Tipo PG<\/title>\n<meta name=\"description\" content=\"Conex Metals es un fabricante l\u00edder de Prensaestopas de Lat\u00f3n Tipo PG, ofreciendo una amplia variedad de opciones de Rosca PG, incluyendo PG 7, PG 9, PG 11, PG 13.5 y PG 16. Nuestros Prensaestopas de Lat\u00e3o son fabricados en India, perfectos para proveedores y exportadores que buscan tama\u00f1os PG21, PG29 y superiores.\" \/>\n<meta name=\"robots\" content=\"index, follow, max-snippet:-1, max-image-preview:large, max-video-preview:-1\" \/>\n<link rel=\"canonical\" href=\"https:\/\/conexmetals.com\/es\/producto\/prensaestopas-tipo-pg\/\" \/>\n<script type=\"application\/ld+json\" class=\"yoast-schema-graph\">{\"@context\":\"https:\\\/\\\/schema.org\",\"@graph\":[{\"@type\":\"WebPage\",\"@id\":\"https:\\\/\\\/conexmetals.com\\\/es\\\/producto\\\/prensaestopas-tipo-pg\\\/\",\"url\":\"https:\\\/\\\/conexmetals.com\\\/es\\\/producto\\\/prensaestopas-tipo-pg\\\/\",\"name\":\"Prensaestopas Tipo PG\",\"isPartOf\":{\"@id\":\"https:\\\/\\\/conexmetals.com\\\/es\\\/#website\"},\"primaryImageOfPage\":{\"@id\":\"https:\\\/\\\/conexmetals.com\\\/es\\\/producto\\\/prensaestopas-tipo-pg\\\/#primaryimage\"},\"image\":{\"@id\":\"https:\\\/\\\/conexmetals.com\\\/es\\\/producto\\\/prensaestopas-tipo-pg\\\/#primaryimage\"},\"thumbnailUrl\":\"https:\\\/\\\/conexmetals.com\\\/wp-content\\\/uploads\\\/2025\\\/01\\\/Prensaestopas-Tipo-PG.webp\",\"datePublished\":\"2023-08-18T07:24:18+00:00\",\"dateModified\":\"2025-01-21T11:56:25+00:00\",\"description\":\"Conex Metals es un fabricante l\u00edder de Prensaestopas de Lat\u00f3n Tipo PG, ofreciendo una amplia variedad de opciones de Rosca PG, incluyendo PG 7, PG 9, PG 11, PG 13.5 y PG 16. Nuestros Prensaestopas de Lat\u00e3o son fabricados en India, perfectos para proveedores y exportadores que buscan tama\u00f1os PG21, PG29 y superiores.\",\"breadcrumb\":{\"@id\":\"https:\\\/\\\/conexmetals.com\\\/es\\\/producto\\\/prensaestopas-tipo-pg\\\/#breadcrumb\"},\"inLanguage\":\"es\",\"potentialAction\":[{\"@type\":\"ReadAction\",\"target\":[\"https:\\\/\\\/conexmetals.com\\\/es\\\/producto\\\/prensaestopas-tipo-pg\\\/\"]}]},{\"@type\":\"ImageObject\",\"inLanguage\":\"es\",\"@id\":\"https:\\\/\\\/conexmetals.com\\\/es\\\/producto\\\/prensaestopas-tipo-pg\\\/#primaryimage\",\"url\":\"https:\\\/\\\/conexmetals.com\\\/wp-content\\\/uploads\\\/2025\\\/01\\\/Prensaestopas-Tipo-PG.webp\",\"contentUrl\":\"https:\\\/\\\/conexmetals.com\\\/wp-content\\\/uploads\\\/2025\\\/01\\\/Prensaestopas-Tipo-PG.webp\",\"width\":300,\"height\":300,\"caption\":\"Prensaestopas Tipo PG\"},{\"@type\":\"BreadcrumbList\",\"@id\":\"https:\\\/\\\/conexmetals.com\\\/es\\\/producto\\\/prensaestopas-tipo-pg\\\/#breadcrumb\",\"itemListElement\":[{\"@type\":\"ListItem\",\"position\":1,\"name\":\"Home\",\"item\":\"https:\\\/\\\/conexmetals.com\\\/es\\\/hogar\\\/\"},{\"@type\":\"ListItem\",\"position\":2,\"name\":\"Products\",\"item\":\"https:\\\/\\\/conexmetals.com\\\/products\\\/\"},{\"@type\":\"ListItem\",\"position\":3,\"name\":\"Prensaestopas Tipo PG\"}]},{\"@type\":\"WebSite\",\"@id\":\"https:\\\/\\\/conexmetals.com\\\/es\\\/#website\",\"url\":\"https:\\\/\\\/conexmetals.com\\\/es\\\/\",\"name\":\"Conex Metals Brass Fittings Brass Parts Copper Parts Brass Components Brass Plumbing Fittings India\",\"description\":\"Manufacturer of Bronze Fittings casting Copper Brass parts components\",\"publisher\":{\"@id\":\"https:\\\/\\\/conexmetals.com\\\/es\\\/#organization\"},\"potentialAction\":[{\"@type\":\"SearchAction\",\"target\":{\"@type\":\"EntryPoint\",\"urlTemplate\":\"https:\\\/\\\/conexmetals.com\\\/es\\\/?s={search_term_string}\"},\"query-input\":{\"@type\":\"PropertyValueSpecification\",\"valueRequired\":true,\"valueName\":\"search_term_string\"}}],\"inLanguage\":\"es\"},{\"@type\":\"Organization\",\"@id\":\"https:\\\/\\\/conexmetals.com\\\/es\\\/#organization\",\"name\":\"Conex Metals Brass Fittings Brass Parts Copper Parts Brass Components Brass Plumbing Fittings India\",\"url\":\"https:\\\/\\\/conexmetals.com\\\/es\\\/\",\"logo\":{\"@type\":\"ImageObject\",\"inLanguage\":\"es\",\"@id\":\"https:\\\/\\\/conexmetals.com\\\/es\\\/#\\\/schema\\\/logo\\\/image\\\/\",\"url\":\"https:\\\/\\\/conexmetals.com\\\/wp-content\\\/uploads\\\/2024\\\/03\\\/conex-metals-logo.webp\",\"contentUrl\":\"https:\\\/\\\/conexmetals.com\\\/wp-content\\\/uploads\\\/2024\\\/03\\\/conex-metals-logo.webp\",\"width\":300,\"height\":121,\"caption\":\"Conex Metals Brass Fittings Brass Parts Copper Parts Brass Components Brass Plumbing Fittings India\"},\"image\":{\"@id\":\"https:\\\/\\\/conexmetals.com\\\/es\\\/#\\\/schema\\\/logo\\\/image\\\/\"},\"sameAs\":[\"https:\\\/\\\/www.facebook.com\\\/conexbrass\",\"https:\\\/\\\/x.com\\\/conexindia\",\"https:\\\/\\\/www.linkedin.com\\\/company\\\/conex-metals-india\\\/\",\"https:\\\/\\\/www.instagram.com\\\/conexindia\\\/\"]}]}<\/script>\n<!-- \/ Yoast SEO plugin. -->","yoast_head_json":{"title":"Prensaestopas Tipo PG","description":"Conex Metals es un fabricante l\u00edder de Prensaestopas de Lat\u00f3n Tipo PG, ofreciendo una amplia variedad de opciones de Rosca PG, incluyendo PG 7, PG 9, PG 11, PG 13.5 y PG 16. Nuestros Prensaestopas de Lat\u00e3o son fabricados en India, perfectos para proveedores y exportadores que buscan tama\u00f1os PG21, PG29 y superiores.","robots":{"index":"index","follow":"follow","max-snippet":"max-snippet:-1","max-image-preview":"max-image-preview:large","max-video-preview":"max-video-preview:-1"},"canonical":"https:\/\/conexmetals.com\/es\/producto\/prensaestopas-tipo-pg\/","schema":{"@context":"https:\/\/schema.org","@graph":[{"@type":"WebPage","@id":"https:\/\/conexmetals.com\/es\/producto\/prensaestopas-tipo-pg\/","url":"https:\/\/conexmetals.com\/es\/producto\/prensaestopas-tipo-pg\/","name":"Prensaestopas Tipo PG","isPartOf":{"@id":"https:\/\/conexmetals.com\/es\/#website"},"primaryImageOfPage":{"@id":"https:\/\/conexmetals.com\/es\/producto\/prensaestopas-tipo-pg\/#primaryimage"},"image":{"@id":"https:\/\/conexmetals.com\/es\/producto\/prensaestopas-tipo-pg\/#primaryimage"},"thumbnailUrl":"https:\/\/conexmetals.com\/wp-content\/uploads\/2025\/01\/Prensaestopas-Tipo-PG.webp","datePublished":"2023-08-18T07:24:18+00:00","dateModified":"2025-01-21T11:56:25+00:00","description":"Conex Metals es un fabricante l\u00edder de Prensaestopas de Lat\u00f3n Tipo PG, ofreciendo una amplia variedad de opciones de Rosca PG, incluyendo PG 7, PG 9, PG 11, PG 13.5 y PG 16. Nuestros Prensaestopas de Lat\u00e3o son fabricados en India, perfectos para proveedores y exportadores que buscan tama\u00f1os PG21, PG29 y superiores.","breadcrumb":{"@id":"https:\/\/conexmetals.com\/es\/producto\/prensaestopas-tipo-pg\/#breadcrumb"},"inLanguage":"es","potentialAction":[{"@type":"ReadAction","target":["https:\/\/conexmetals.com\/es\/producto\/prensaestopas-tipo-pg\/"]}]},{"@type":"ImageObject","inLanguage":"es","@id":"https:\/\/conexmetals.com\/es\/producto\/prensaestopas-tipo-pg\/#primaryimage","url":"https:\/\/conexmetals.com\/wp-content\/uploads\/2025\/01\/Prensaestopas-Tipo-PG.webp","contentUrl":"https:\/\/conexmetals.com\/wp-content\/uploads\/2025\/01\/Prensaestopas-Tipo-PG.webp","width":300,"height":300,"caption":"Prensaestopas Tipo PG"},{"@type":"BreadcrumbList","@id":"https:\/\/conexmetals.com\/es\/producto\/prensaestopas-tipo-pg\/#breadcrumb","itemListElement":[{"@type":"ListItem","position":1,"name":"Home","item":"https:\/\/conexmetals.com\/es\/hogar\/"},{"@type":"ListItem","position":2,"name":"Products","item":"https:\/\/conexmetals.com\/products\/"},{"@type":"ListItem","position":3,"name":"Prensaestopas Tipo PG"}]},{"@type":"WebSite","@id":"https:\/\/conexmetals.com\/es\/#website","url":"https:\/\/conexmetals.com\/es\/","name":"Conex Metals Brass Fittings Brass Parts Copper Parts Brass Components Brass Plumbing Fittings India","description":"Manufacturer of Bronze Fittings casting Copper Brass parts components","publisher":{"@id":"https:\/\/conexmetals.com\/es\/#organization"},"potentialAction":[{"@type":"SearchAction","target":{"@type":"EntryPoint","urlTemplate":"https:\/\/conexmetals.com\/es\/?s={search_term_string}"},"query-input":{"@type":"PropertyValueSpecification","valueRequired":true,"valueName":"search_term_string"}}],"inLanguage":"es"},{"@type":"Organization","@id":"https:\/\/conexmetals.com\/es\/#organization","name":"Conex Metals Brass Fittings Brass Parts Copper Parts Brass Components Brass Plumbing Fittings India","url":"https:\/\/conexmetals.com\/es\/","logo":{"@type":"ImageObject","inLanguage":"es","@id":"https:\/\/conexmetals.com\/es\/#\/schema\/logo\/image\/","url":"https:\/\/conexmetals.com\/wp-content\/uploads\/2024\/03\/conex-metals-logo.webp","contentUrl":"https:\/\/conexmetals.com\/wp-content\/uploads\/2024\/03\/conex-metals-logo.webp","width":300,"height":121,"caption":"Conex Metals Brass Fittings Brass Parts Copper Parts Brass Components Brass Plumbing Fittings India"},"image":{"@id":"https:\/\/conexmetals.com\/es\/#\/schema\/logo\/image\/"},"sameAs":["https:\/\/www.facebook.com\/conexbrass","https:\/\/x.com\/conexindia","https:\/\/www.linkedin.com\/company\/conex-metals-india\/","https:\/\/www.instagram.com\/conexindia\/"]}]}},"_links":{"self":[{"href":"https:\/\/conexmetals.com\/es\/wp-json\/wp\/v2\/product\/13475","targetHints":{"allow":["GET"]}}],"collection":[{"href":"https:\/\/conexmetals.com\/es\/wp-json\/wp\/v2\/product"}],"about":[{"href":"https:\/\/conexmetals.com\/es\/wp-json\/wp\/v2\/types\/product"}],"wp:featuredmedia":[{"embeddable":true,"href":"https:\/\/conexmetals.com\/es\/wp-json\/wp\/v2\/media\/13292"}],"wp:attachment":[{"href":"https:\/\/conexmetals.com\/es\/wp-json\/wp\/v2\/media?parent=13475"}],"wp:term":[{"taxonomy":"product_brand","embeddable":true,"href":"https:\/\/conexmetals.com\/es\/wp-json\/wp\/v2\/product_brand?post=13475"},{"taxonomy":"product_cat","embeddable":true,"href":"https:\/\/conexmetals.com\/es\/wp-json\/wp\/v2\/product_cat?post=13475"},{"taxonomy":"product_tag","embeddable":true,"href":"https:\/\/conexmetals.com\/es\/wp-json\/wp\/v2\/product_tag?post=13475"}],"curies":[{"name":"wp","href":"https:\/\/api.w.org\/{rel}","templated":true}]}}