{"id":13489,"date":"2023-08-18T12:56:40","date_gmt":"2023-08-18T07:26:40","guid":{"rendered":"https:\/\/conexmetals.com\/?post_type=product&#038;p=13489"},"modified":"2025-01-21T17:56:43","modified_gmt":"2025-01-21T12:26:43","slug":"glandulas-de-limpieza","status":"publish","type":"product","link":"https:\/\/conexmetals.com\/es\/producto\/glandulas-de-limpieza\/","title":{"rendered":"Glandulas de Limpieza"},"content":{"rendered":"","protected":false},"excerpt":{"rendered":"<p><img fetchpriority=\"high\" decoding=\"async\" class=\"alignnone wp-image-13045 size-full lazy loaded\" src=\"https:\/\/conexmetals.com\/wp-content\/uploads\/2023\/08\/BW2-Parts-Cable-Glands-2.webp\" alt=\"BW2-Parts-Prensaestopas (2)\" width=\"863\" height=\"263\" data-src=\"https:\/\/conexmetals.com\/wp-content\/uploads\/2023\/08\/BW2-Parts-Cable-Glands-2.webp\" data-was-processed=\"true\" srcset=\"https:\/\/conexmetals.com\/wp-content\/uploads\/2023\/08\/BW2-Parts-Cable-Glands-2.webp 863w, https:\/\/conexmetals.com\/wp-content\/uploads\/2023\/08\/BW2-Parts-Cable-Glands-2-300x91.webp 300w, https:\/\/conexmetals.com\/wp-content\/uploads\/2023\/08\/BW2-Parts-Cable-Glands-2-768x234.webp 768w, https:\/\/conexmetals.com\/wp-content\/uploads\/2023\/08\/BW2-Parts-Cable-Glands-2-700x213.webp 700w\" sizes=\"(max-width: 863px) 100vw, 863px\" \/><\/p>\n<p><img decoding=\"async\" class=\"alignnone wp-image-13050 size-full lazy loaded\" src=\"https:\/\/conexmetals.com\/wp-content\/uploads\/2023\/08\/BW2-Parts-Cable-Glands-2-1.webp\" alt=\"BW2-Parts-Prensaestopas 2 (1)\" width=\"863\" height=\"350\" data-src=\"https:\/\/conexmetals.com\/wp-content\/uploads\/2023\/08\/BW2-Parts-Cable-Glands-2-1.webp\" data-was-processed=\"true\" srcset=\"https:\/\/conexmetals.com\/wp-content\/uploads\/2023\/08\/BW2-Parts-Cable-Glands-2-1.webp 863w, https:\/\/conexmetals.com\/wp-content\/uploads\/2023\/08\/BW2-Parts-Cable-Glands-2-1-300x122.webp 300w, https:\/\/conexmetals.com\/wp-content\/uploads\/2023\/08\/BW2-Parts-Cable-Glands-2-1-768x311.webp 768w, https:\/\/conexmetals.com\/wp-content\/uploads\/2023\/08\/BW2-Parts-Cable-Glands-2-1-700x284.webp 700w\" sizes=\"(max-width: 863px) 100vw, 863px\" \/><\/p>\n<table id=\"tablepress-414\" class=\"tablepress tablepress-id-414\">\n<caption>\u00a0<\/caption>\n<thead>\n<tr class=\"row-1 odd\">\n<th class=\"column-1\" colspan=\"12\"><strong><span>Ficha t\u00e9cnica<\/span><\/strong><\/th>\n<\/tr>\n<\/thead>\n<tbody class=\"row-hover\">\n<tr class=\"row-2 even\">\n<td class=\"column-1\" rowspan=\"2\"><strong><span>Tama\u00f1o de la gl\u00e1ndula (tipo)<\/span><\/strong><\/td>\n<td class=\"column-2\" rowspan=\"2\"><strong><span>Di\u00e1metro de la vaina met\u00e1lica del cable (mm)<\/span><\/strong><\/td>\n<td class=\"column-3\" colspan=\"10\"><strong><span>Di\u00e1metro total &#8216;A&#8217;<\/span><\/strong><\/td>\n<\/tr>\n<tr class=\"row-3 odd\">\n<td class=\"column-3\"><strong><span>A<\/span><\/strong><\/td>\n<td class=\"column-4\"><strong><span>B<\/span><\/strong><\/td>\n<td class=\"column-5\"><strong><span>mi<\/span><\/strong><\/td>\n<td class=\"column-6\"><strong><span>F<\/span><\/strong><\/td>\n<td class=\"column-7\"><strong><span>GRAMO<\/span><\/strong><\/td>\n<td class=\"column-8\"><strong><span>yo<\/span><\/strong><\/td>\n<td class=\"column-9\"><strong><span>R<\/span><\/strong><\/td>\n<td class=\"column-10\"><strong><span>JEFE<\/span><\/strong><\/td>\n<td class=\"column-11\"><strong><span>SOBREDOSIS<\/span><\/strong><\/td>\n<td class=\"column-12\"><strong><span>Ojo<\/span><\/strong><\/td>\n<\/tr>\n<tr class=\"row-4 even\">\n<td class=\"column-1\"><span>inc\u00f3gnita<\/span><\/td>\n<td class=\"column-2\"><span>12 a 51<\/span><\/td>\n<td class=\"column-3\"><span>137<\/span><\/td>\n<td class=\"column-4\"><span>90<\/span><\/td>\n<td class=\"column-5\"><span>90<\/span><\/td>\n<td class=\"column-6\"><span>90<\/span><\/td>\n<td class=\"column-7\"><span>66<\/span><\/td>\n<td class=\"column-8\"><span>66<\/span><\/td>\n<td class=\"column-9\"><span>12<\/span><\/td>\n<td class=\"column-10\"><span>60<\/span><\/td>\n<td class=\"column-11\"><span>19<\/span><\/td>\n<td class=\"column-12\"><span>12<\/span><\/td>\n<\/tr>\n<tr class=\"row-5 odd\">\n<td class=\"column-1\"><span>Y<\/span><\/td>\n<td class=\"column-2\"><span>25 a 78<\/span><\/td>\n<td class=\"column-3\"><span>155<\/span><\/td>\n<td class=\"column-4\"><span>97<\/span><\/td>\n<td class=\"column-5\"><span>114<\/span><\/td>\n<td class=\"column-6\"><span>123<\/span><\/td>\n<td class=\"column-7\"><span>96<\/span><\/td>\n<td class=\"column-8\"><span>87<\/span><\/td>\n<td class=\"column-9\"><span>12<\/span><\/td>\n<td class=\"column-10\"><span>91<\/span><\/td>\n<td class=\"column-11\"><span>33<\/span><\/td>\n<td class=\"column-12\"><span>14<\/span><\/td>\n<\/tr>\n<tr class=\"row-6 even\">\n<td class=\"column-1\"><span>O<\/span><\/td>\n<td class=\"column-2\"><span>25 a 94<\/span><\/td>\n<td class=\"column-3\"><span>195<\/span><\/td>\n<td class=\"column-4\"><span>140<\/span><\/td>\n<td class=\"column-5\"><span>190<\/span><\/td>\n<td class=\"column-6\"><span>100<\/span><\/td>\n<td class=\"column-7\"><span>&#8211;<\/span><\/td>\n<td class=\"column-8\"><span>&#8211;<\/span><\/td>\n<td class=\"column-9\"><span>&#8211;<\/span><\/td>\n<td class=\"column-10\"><span>108<\/span><\/td>\n<td class=\"column-11\"><span>32<\/span><\/td>\n<td class=\"column-12\"><span>14<\/span><\/td>\n<\/tr>\n<\/tbody>\n<\/table>\n<p><span>Los prensaestopas, tambi\u00e9n conocidos como prensaestopas de limpieza o prensaestopas de limpieza autom\u00e1tica, son un tipo de prensaestopas dise\u00f1ado para proporcionar una acci\u00f3n de limpieza exhaustiva a medida que se insertan o retiran cables de los gabinetes o equipos. Estos prensaestopas se utilizan a menudo en entornos donde el polvo, la suciedad u otros contaminantes podr\u00edan acumularse en los cables y afectar su rendimiento.<\/span><\/p>\n<p><span>A continuaci\u00f3n se presentan algunos puntos clave sobre las gl\u00e1ndulas de limpieza:<\/span><\/p>\n<p><strong><b><span>Funci\u00f3n:<\/span><\/b><\/strong><span>\u00a0\u00a0Los prensaestopas cumplen varias funciones:<\/span><\/p>\n<ol>\n<li><b><\/b><strong><b><span>Entrada de cables:<\/span><\/b><\/strong><span>\u00a0al igual que otros prensaestopas, los prensaestopas de limpieza crean un punto de entrada sellado para los cables en los gabinetes, lo que evita la entrada de polvo, humedad y contaminantes.<\/span><\/li>\n<li><b><\/b><strong><b><span>Acci\u00f3n de limpieza autom\u00e1tica:<\/span><\/b><\/strong><span>\u00a0la caracter\u00edstica \u00fanica de los casquillos de limpieza es su capacidad de limpiar el cable a medida que se inserta o se retira. El dise\u00f1o del casquillo incluye elementos de limpieza o cepillos que eliminan los contaminantes de la superficie del cable a medida que pasa por el casquillo.<\/span><\/li>\n<li><b><\/b><strong><b><span>Alivio de tensi\u00f3n:<\/span><\/b><\/strong><span>\u00a0los prensaestopas brindan soporte mec\u00e1nico a los cables, lo que reduce la tensi\u00f3n y evita que se doblen o tensen excesivamente en el punto de entrada.<\/span><\/li>\n<\/ol>\n<p><strong><b><span>Caracter\u00edsticas:<\/span><\/b><\/strong><span>\u00a0\u00a0Los prensaestopas suelen tener las siguientes caracter\u00edsticas:<\/span><\/p>\n<ol>\n<li><b><\/b><strong><b><span>Elementos Limpiadores:<\/span><\/b><\/strong><span>\u00a0Estos prensaestopas incorporan elementos limpiadores como cepillos o limpiadores hechos de materiales que pueden eliminar eficazmente los contaminantes del cable.<\/span><\/li>\n<li><b><\/b><strong><b><span>Mecanismo de sellado:<\/span><\/b><\/strong><span>\u00a0Los prensaestopas tambi\u00e9n incluyen mecanismos de sellado como juntas de goma, juntas t\u00f3ricas u otros materiales de sellado para crear un sello herm\u00e9tico y resistente a la intemperie alrededor del cable.<\/span><\/li>\n<li><b><\/b><strong><b><span>Amplia gama de tama\u00f1os:<\/span><\/b><\/strong><span>\u00a0los prensaestopas vienen en varios tama\u00f1os para adaptarse a diferentes di\u00e1metros de cable.<\/span><\/li>\n<\/ol>\n<p><strong><b><span>Aplicaciones:<\/span><\/b><\/strong><span>\u00a0\u00a0Los pasacables se utilizan habitualmente en industrias en las que la limpieza de los cables es fundamental para su correcto funcionamiento, como en el procesamiento de alimentos, la fabricaci\u00f3n de productos farmac\u00e9uticos, las salas blancas y otros entornos sensibles. Tambi\u00e9n se utilizan en aplicaciones al aire libre en las que los cables pueden acumular residuos con el tiempo.<\/span><\/p>\n","protected":false},"featured_media":13307,"template":"","meta":[],"product_brand":[],"product_cat":[367],"product_tag":[],"class_list":{"0":"post-13489","1":"product","2":"type-product","3":"status-publish","4":"has-post-thumbnail","6":"product_cat-prensas-de-cable","8":"first","9":"instock","10":"shipping-taxable","11":"product-type-simple"},"yoast_head":"<!-- This site is optimized with the Yoast SEO plugin v27.3 - https:\/\/yoast.com\/product\/yoast-seo-wordpress\/ -->\n<title>Glandulas de Limpieza<\/title>\n<meta name=\"description\" content=\"Conex Metals ofrece Glandulas de Limpieza superiores, incluidas Glandulas de Limpieza de lat\u00f3n, Prensaestopas El\u00e9ctricas, Prensaestopas de Doble Compresi\u00f3n y Prensaestopas Peque\u00f1as. Como principales fabricantes, exportadores y proveedores en India, ofrecemos accesorios de prensaestopas, contratuercas y prensaestopas de PVC de primera l\u00ednea.\" \/>\n<meta name=\"robots\" content=\"index, follow, max-snippet:-1, max-image-preview:large, max-video-preview:-1\" \/>\n<link rel=\"canonical\" href=\"https:\/\/conexmetals.com\/es\/producto\/glandulas-de-limpieza\/\" \/>\n<script type=\"application\/ld+json\" class=\"yoast-schema-graph\">{\"@context\":\"https:\\\/\\\/schema.org\",\"@graph\":[{\"@type\":\"WebPage\",\"@id\":\"https:\\\/\\\/conexmetals.com\\\/es\\\/producto\\\/glandulas-de-limpieza\\\/\",\"url\":\"https:\\\/\\\/conexmetals.com\\\/es\\\/producto\\\/glandulas-de-limpieza\\\/\",\"name\":\"Glandulas de Limpieza\",\"isPartOf\":{\"@id\":\"https:\\\/\\\/conexmetals.com\\\/es\\\/#website\"},\"primaryImageOfPage\":{\"@id\":\"https:\\\/\\\/conexmetals.com\\\/es\\\/producto\\\/glandulas-de-limpieza\\\/#primaryimage\"},\"image\":{\"@id\":\"https:\\\/\\\/conexmetals.com\\\/es\\\/producto\\\/glandulas-de-limpieza\\\/#primaryimage\"},\"thumbnailUrl\":\"https:\\\/\\\/conexmetals.com\\\/wp-content\\\/uploads\\\/2025\\\/01\\\/Glandulas-de-Limpieza.webp\",\"datePublished\":\"2023-08-18T07:26:40+00:00\",\"dateModified\":\"2025-01-21T12:26:43+00:00\",\"description\":\"Conex Metals ofrece Glandulas de Limpieza superiores, incluidas Glandulas de Limpieza de lat\u00f3n, Prensaestopas El\u00e9ctricas, Prensaestopas de Doble Compresi\u00f3n y Prensaestopas Peque\u00f1as. Como principales fabricantes, exportadores y proveedores en India, ofrecemos accesorios de prensaestopas, contratuercas y prensaestopas de PVC de primera l\u00ednea.\",\"breadcrumb\":{\"@id\":\"https:\\\/\\\/conexmetals.com\\\/es\\\/producto\\\/glandulas-de-limpieza\\\/#breadcrumb\"},\"inLanguage\":\"es\",\"potentialAction\":[{\"@type\":\"ReadAction\",\"target\":[\"https:\\\/\\\/conexmetals.com\\\/es\\\/producto\\\/glandulas-de-limpieza\\\/\"]}]},{\"@type\":\"ImageObject\",\"inLanguage\":\"es\",\"@id\":\"https:\\\/\\\/conexmetals.com\\\/es\\\/producto\\\/glandulas-de-limpieza\\\/#primaryimage\",\"url\":\"https:\\\/\\\/conexmetals.com\\\/wp-content\\\/uploads\\\/2025\\\/01\\\/Glandulas-de-Limpieza.webp\",\"contentUrl\":\"https:\\\/\\\/conexmetals.com\\\/wp-content\\\/uploads\\\/2025\\\/01\\\/Glandulas-de-Limpieza.webp\",\"width\":350,\"height\":350,\"caption\":\"Glandulas de Limpieza\"},{\"@type\":\"BreadcrumbList\",\"@id\":\"https:\\\/\\\/conexmetals.com\\\/es\\\/producto\\\/glandulas-de-limpieza\\\/#breadcrumb\",\"itemListElement\":[{\"@type\":\"ListItem\",\"position\":1,\"name\":\"Home\",\"item\":\"https:\\\/\\\/conexmetals.com\\\/es\\\/hogar\\\/\"},{\"@type\":\"ListItem\",\"position\":2,\"name\":\"Products\",\"item\":\"https:\\\/\\\/conexmetals.com\\\/products\\\/\"},{\"@type\":\"ListItem\",\"position\":3,\"name\":\"Glandulas de Limpieza\"}]},{\"@type\":\"WebSite\",\"@id\":\"https:\\\/\\\/conexmetals.com\\\/es\\\/#website\",\"url\":\"https:\\\/\\\/conexmetals.com\\\/es\\\/\",\"name\":\"Conex Metals Brass Fittings Brass Parts Copper Parts Brass Components Brass Plumbing Fittings India\",\"description\":\"Manufacturer of Bronze Fittings casting Copper Brass parts components\",\"publisher\":{\"@id\":\"https:\\\/\\\/conexmetals.com\\\/es\\\/#organization\"},\"potentialAction\":[{\"@type\":\"SearchAction\",\"target\":{\"@type\":\"EntryPoint\",\"urlTemplate\":\"https:\\\/\\\/conexmetals.com\\\/es\\\/?s={search_term_string}\"},\"query-input\":{\"@type\":\"PropertyValueSpecification\",\"valueRequired\":true,\"valueName\":\"search_term_string\"}}],\"inLanguage\":\"es\"},{\"@type\":\"Organization\",\"@id\":\"https:\\\/\\\/conexmetals.com\\\/es\\\/#organization\",\"name\":\"Conex Metals Brass Fittings Brass Parts Copper Parts Brass Components Brass Plumbing Fittings India\",\"url\":\"https:\\\/\\\/conexmetals.com\\\/es\\\/\",\"logo\":{\"@type\":\"ImageObject\",\"inLanguage\":\"es\",\"@id\":\"https:\\\/\\\/conexmetals.com\\\/es\\\/#\\\/schema\\\/logo\\\/image\\\/\",\"url\":\"https:\\\/\\\/conexmetals.com\\\/wp-content\\\/uploads\\\/2024\\\/03\\\/conex-metals-logo.webp\",\"contentUrl\":\"https:\\\/\\\/conexmetals.com\\\/wp-content\\\/uploads\\\/2024\\\/03\\\/conex-metals-logo.webp\",\"width\":300,\"height\":121,\"caption\":\"Conex Metals Brass Fittings Brass Parts Copper Parts Brass Components Brass Plumbing Fittings India\"},\"image\":{\"@id\":\"https:\\\/\\\/conexmetals.com\\\/es\\\/#\\\/schema\\\/logo\\\/image\\\/\"},\"sameAs\":[\"https:\\\/\\\/www.facebook.com\\\/conexbrass\",\"https:\\\/\\\/x.com\\\/conexindia\",\"https:\\\/\\\/www.linkedin.com\\\/company\\\/conex-metals-india\\\/\",\"https:\\\/\\\/www.instagram.com\\\/conexindia\\\/\"]}]}<\/script>\n<!-- \/ Yoast SEO plugin. -->","yoast_head_json":{"title":"Glandulas de Limpieza","description":"Conex Metals ofrece Glandulas de Limpieza superiores, incluidas Glandulas de Limpieza de lat\u00f3n, Prensaestopas El\u00e9ctricas, Prensaestopas de Doble Compresi\u00f3n y Prensaestopas Peque\u00f1as. Como principales fabricantes, exportadores y proveedores en India, ofrecemos accesorios de prensaestopas, contratuercas y prensaestopas de PVC de primera l\u00ednea.","robots":{"index":"index","follow":"follow","max-snippet":"max-snippet:-1","max-image-preview":"max-image-preview:large","max-video-preview":"max-video-preview:-1"},"canonical":"https:\/\/conexmetals.com\/es\/producto\/glandulas-de-limpieza\/","schema":{"@context":"https:\/\/schema.org","@graph":[{"@type":"WebPage","@id":"https:\/\/conexmetals.com\/es\/producto\/glandulas-de-limpieza\/","url":"https:\/\/conexmetals.com\/es\/producto\/glandulas-de-limpieza\/","name":"Glandulas de Limpieza","isPartOf":{"@id":"https:\/\/conexmetals.com\/es\/#website"},"primaryImageOfPage":{"@id":"https:\/\/conexmetals.com\/es\/producto\/glandulas-de-limpieza\/#primaryimage"},"image":{"@id":"https:\/\/conexmetals.com\/es\/producto\/glandulas-de-limpieza\/#primaryimage"},"thumbnailUrl":"https:\/\/conexmetals.com\/wp-content\/uploads\/2025\/01\/Glandulas-de-Limpieza.webp","datePublished":"2023-08-18T07:26:40+00:00","dateModified":"2025-01-21T12:26:43+00:00","description":"Conex Metals ofrece Glandulas de Limpieza superiores, incluidas Glandulas de Limpieza de lat\u00f3n, Prensaestopas El\u00e9ctricas, Prensaestopas de Doble Compresi\u00f3n y Prensaestopas Peque\u00f1as. Como principales fabricantes, exportadores y proveedores en India, ofrecemos accesorios de prensaestopas, contratuercas y prensaestopas de PVC de primera l\u00ednea.","breadcrumb":{"@id":"https:\/\/conexmetals.com\/es\/producto\/glandulas-de-limpieza\/#breadcrumb"},"inLanguage":"es","potentialAction":[{"@type":"ReadAction","target":["https:\/\/conexmetals.com\/es\/producto\/glandulas-de-limpieza\/"]}]},{"@type":"ImageObject","inLanguage":"es","@id":"https:\/\/conexmetals.com\/es\/producto\/glandulas-de-limpieza\/#primaryimage","url":"https:\/\/conexmetals.com\/wp-content\/uploads\/2025\/01\/Glandulas-de-Limpieza.webp","contentUrl":"https:\/\/conexmetals.com\/wp-content\/uploads\/2025\/01\/Glandulas-de-Limpieza.webp","width":350,"height":350,"caption":"Glandulas de Limpieza"},{"@type":"BreadcrumbList","@id":"https:\/\/conexmetals.com\/es\/producto\/glandulas-de-limpieza\/#breadcrumb","itemListElement":[{"@type":"ListItem","position":1,"name":"Home","item":"https:\/\/conexmetals.com\/es\/hogar\/"},{"@type":"ListItem","position":2,"name":"Products","item":"https:\/\/conexmetals.com\/products\/"},{"@type":"ListItem","position":3,"name":"Glandulas de Limpieza"}]},{"@type":"WebSite","@id":"https:\/\/conexmetals.com\/es\/#website","url":"https:\/\/conexmetals.com\/es\/","name":"Conex Metals Brass Fittings Brass Parts Copper Parts Brass Components Brass Plumbing Fittings India","description":"Manufacturer of Bronze Fittings casting Copper Brass parts components","publisher":{"@id":"https:\/\/conexmetals.com\/es\/#organization"},"potentialAction":[{"@type":"SearchAction","target":{"@type":"EntryPoint","urlTemplate":"https:\/\/conexmetals.com\/es\/?s={search_term_string}"},"query-input":{"@type":"PropertyValueSpecification","valueRequired":true,"valueName":"search_term_string"}}],"inLanguage":"es"},{"@type":"Organization","@id":"https:\/\/conexmetals.com\/es\/#organization","name":"Conex Metals Brass Fittings Brass Parts Copper Parts Brass Components Brass Plumbing Fittings India","url":"https:\/\/conexmetals.com\/es\/","logo":{"@type":"ImageObject","inLanguage":"es","@id":"https:\/\/conexmetals.com\/es\/#\/schema\/logo\/image\/","url":"https:\/\/conexmetals.com\/wp-content\/uploads\/2024\/03\/conex-metals-logo.webp","contentUrl":"https:\/\/conexmetals.com\/wp-content\/uploads\/2024\/03\/conex-metals-logo.webp","width":300,"height":121,"caption":"Conex Metals Brass Fittings Brass Parts Copper Parts Brass Components Brass Plumbing Fittings India"},"image":{"@id":"https:\/\/conexmetals.com\/es\/#\/schema\/logo\/image\/"},"sameAs":["https:\/\/www.facebook.com\/conexbrass","https:\/\/x.com\/conexindia","https:\/\/www.linkedin.com\/company\/conex-metals-india\/","https:\/\/www.instagram.com\/conexindia\/"]}]}},"_links":{"self":[{"href":"https:\/\/conexmetals.com\/es\/wp-json\/wp\/v2\/product\/13489","targetHints":{"allow":["GET"]}}],"collection":[{"href":"https:\/\/conexmetals.com\/es\/wp-json\/wp\/v2\/product"}],"about":[{"href":"https:\/\/conexmetals.com\/es\/wp-json\/wp\/v2\/types\/product"}],"wp:featuredmedia":[{"embeddable":true,"href":"https:\/\/conexmetals.com\/es\/wp-json\/wp\/v2\/media\/13307"}],"wp:attachment":[{"href":"https:\/\/conexmetals.com\/es\/wp-json\/wp\/v2\/media?parent=13489"}],"wp:term":[{"taxonomy":"product_brand","embeddable":true,"href":"https:\/\/conexmetals.com\/es\/wp-json\/wp\/v2\/product_brand?post=13489"},{"taxonomy":"product_cat","embeddable":true,"href":"https:\/\/conexmetals.com\/es\/wp-json\/wp\/v2\/product_cat?post=13489"},{"taxonomy":"product_tag","embeddable":true,"href":"https:\/\/conexmetals.com\/es\/wp-json\/wp\/v2\/product_tag?post=13489"}],"curies":[{"name":"wp","href":"https:\/\/api.w.org\/{rel}","templated":true}]}}