{"id":9978,"date":"2024-07-29T19:36:19","date_gmt":"2024-07-29T14:06:19","guid":{"rendered":"https:\/\/conexmetals.com\/product\/acopladores-de-varilla-de-tierra-tipo-compresion\/"},"modified":"2024-12-19T18:21:00","modified_gmt":"2024-12-19T12:51:00","slug":"acopladores-de-barra-de-tierra-tipo-compresion","status":"publish","type":"product","link":"https:\/\/conexmetals.com\/es\/producto\/acopladores-de-barra-de-tierra-tipo-compresion\/","title":{"rendered":"Acopladores de Barra de Tierra Tipo Compresi\u00f3n"},"content":{"rendered":"","protected":false},"excerpt":{"rendered":"<p><span>Son acopladores de compresi\u00f3n sin rosca para usar con varillas de tierra puntiagudas unidas con cobre.<\/span><\/p>\n<p><span>Los acopladores de puesta a tierra por compresi\u00f3n desempe\u00f1an un papel fundamental en los sistemas de puesta a tierra el\u00e9ctricos, en particular cuando se trabaja con varillas de puesta a tierra de cobre. Estos componentes esenciales permiten la extensi\u00f3n de las varillas de puesta a tierra, lo que garantiza una soluci\u00f3n de puesta a tierra s\u00f3lida y confiable para diversas aplicaciones el\u00e9ctricas.<\/span><\/p>\n<p><span>El interior del acoplador de bronce de puesta a tierra es c\u00f3nico para que la varilla de puesta a tierra se comprima para formar una conexi\u00f3n conductora irreversible durante la instalaci\u00f3n.<\/span><\/p>\n<p><span>Los acopladores de varilla de tierra est\u00e1n hechos de C95600 y otros grados similares de bronce de silicio.<\/span><\/p>\n<table id=\"tablepress-330\" class=\"tablepress tablepress-id-330\">\n<caption>\u00a0<\/caption>\n<thead>\n<tr class=\"row-1 odd\">\n<th class=\"column-1\" colspan=\"4\"><span>Acopladores de compresi\u00f3n para varillas de puesta a tierra de cobre<\/span><\/th>\n<\/tr>\n<\/thead>\n<tbody class=\"row-hover\">\n<tr class=\"row-2 even\">\n<td class=\"column-1\"><span>Acopladores de varilla de tierra Conex<\/span><\/td>\n<td class=\"column-2\"><span>Di\u00e1metro nominal de la varilla de tierra<\/span><\/td>\n<td class=\"column-3\"><span>Longitud (L)<\/span><\/td>\n<td class=\"column-4\"><span>Peso unitario<\/span><\/td>\n<\/tr>\n<tr class=\"row-3 odd\">\n<td class=\"column-1\"><span>CC12<\/span><\/td>\n<td class=\"column-2\"><span>1\/2&#8243;<\/span><\/td>\n<td class=\"column-3\"><span>2 3\/4&#8243;<\/span><\/td>\n<td class=\"column-4\"><span>0,28 libras<\/span><\/td>\n<\/tr>\n<tr class=\"row-4 even\">\n<td class=\"column-1\"><span>CC34<\/span><\/td>\n<td class=\"column-2\"><span>3\/4&#8243;<\/span><\/td>\n<td class=\"column-3\"><span>2 3\/4&#8243;<\/span><\/td>\n<td class=\"column-4\"><span>0,45 libras<\/span><\/td>\n<\/tr>\n<tr class=\"row-5 odd\">\n<td class=\"column-1\"><span>CC58<\/span><\/td>\n<td class=\"column-2\"><span>5\/8&#8243;<\/span><\/td>\n<td class=\"column-3\"><span>23\/4&#8243;<\/span><\/td>\n<td class=\"column-4\"><span>0,30 libras<\/span><\/td>\n<\/tr>\n<\/tbody>\n<\/table>\n<p><span>Tambi\u00e9n podemos ofrecer acoplamientos de compresi\u00f3n de bronce seg\u00fan dise\u00f1os e impresiones del cliente.<\/span><\/p>\n<p>&nbsp;<\/p>\n","protected":false},"featured_media":9472,"template":"","meta":[],"product_brand":[],"product_cat":[492],"product_tag":[],"class_list":{"0":"post-9978","1":"product","2":"type-product","3":"status-publish","4":"has-post-thumbnail","6":"product_cat-acopladores-es","8":"first","9":"instock","10":"shipping-taxable","11":"product-type-simple"},"yoast_head":"<!-- This site is optimized with the Yoast SEO plugin v27.3 - https:\/\/yoast.com\/product\/yoast-seo-wordpress\/ -->\n<title>Acopladores de Barra de Tierra Tipo Compresi\u00f3n<\/title>\n<meta name=\"description\" content=\"Acopladores de compresi\u00f3n para barras de tierra de Conex Metals India. Nuestra fundici\u00f3n de bronce produce acopladores de alta calidad para barras de tierra, utilizados con el m\u00e9todo de compresi\u00f3n. Somos fabricantes y exportadores l\u00edderes de acopladores de bronce para barras de tierra y otros accesorios de puesta a tierra.\" \/>\n<meta name=\"robots\" content=\"index, follow, max-snippet:-1, max-image-preview:large, max-video-preview:-1\" \/>\n<link rel=\"canonical\" href=\"https:\/\/conexmetals.com\/es\/producto\/acopladores-de-barra-de-tierra-tipo-compresion\/\" \/>\n<script type=\"application\/ld+json\" class=\"yoast-schema-graph\">{\"@context\":\"https:\\\/\\\/schema.org\",\"@graph\":[{\"@type\":\"WebPage\",\"@id\":\"https:\\\/\\\/conexmetals.com\\\/es\\\/producto\\\/acopladores-de-barra-de-tierra-tipo-compresion\\\/\",\"url\":\"https:\\\/\\\/conexmetals.com\\\/es\\\/producto\\\/acopladores-de-barra-de-tierra-tipo-compresion\\\/\",\"name\":\"Acopladores de Barra de Tierra Tipo Compresi\u00f3n\",\"isPartOf\":{\"@id\":\"https:\\\/\\\/conexmetals.com\\\/es\\\/#website\"},\"primaryImageOfPage\":{\"@id\":\"https:\\\/\\\/conexmetals.com\\\/es\\\/producto\\\/acopladores-de-barra-de-tierra-tipo-compresion\\\/#primaryimage\"},\"image\":{\"@id\":\"https:\\\/\\\/conexmetals.com\\\/es\\\/producto\\\/acopladores-de-barra-de-tierra-tipo-compresion\\\/#primaryimage\"},\"thumbnailUrl\":\"https:\\\/\\\/conexmetals.com\\\/wp-content\\\/uploads\\\/2024\\\/12\\\/Acopladores-de-Barra-de-Tierra-Tipo-Compresion.webp\",\"datePublished\":\"2024-07-29T14:06:19+00:00\",\"dateModified\":\"2024-12-19T12:51:00+00:00\",\"description\":\"Acopladores de compresi\u00f3n para barras de tierra de Conex Metals India. Nuestra fundici\u00f3n de bronce produce acopladores de alta calidad para barras de tierra, utilizados con el m\u00e9todo de compresi\u00f3n. Somos fabricantes y exportadores l\u00edderes de acopladores de bronce para barras de tierra y otros accesorios de puesta a tierra.\",\"breadcrumb\":{\"@id\":\"https:\\\/\\\/conexmetals.com\\\/es\\\/producto\\\/acopladores-de-barra-de-tierra-tipo-compresion\\\/#breadcrumb\"},\"inLanguage\":\"es\",\"potentialAction\":[{\"@type\":\"ReadAction\",\"target\":[\"https:\\\/\\\/conexmetals.com\\\/es\\\/producto\\\/acopladores-de-barra-de-tierra-tipo-compresion\\\/\"]}]},{\"@type\":\"ImageObject\",\"inLanguage\":\"es\",\"@id\":\"https:\\\/\\\/conexmetals.com\\\/es\\\/producto\\\/acopladores-de-barra-de-tierra-tipo-compresion\\\/#primaryimage\",\"url\":\"https:\\\/\\\/conexmetals.com\\\/wp-content\\\/uploads\\\/2024\\\/12\\\/Acopladores-de-Barra-de-Tierra-Tipo-Compresion.webp\",\"contentUrl\":\"https:\\\/\\\/conexmetals.com\\\/wp-content\\\/uploads\\\/2024\\\/12\\\/Acopladores-de-Barra-de-Tierra-Tipo-Compresion.webp\",\"width\":800,\"height\":800,\"caption\":\"Acoplamientos de compresi\u00f3nAcopladores de Barra de Tierra Tipo Compresi\u00f3n\"},{\"@type\":\"BreadcrumbList\",\"@id\":\"https:\\\/\\\/conexmetals.com\\\/es\\\/producto\\\/acopladores-de-barra-de-tierra-tipo-compresion\\\/#breadcrumb\",\"itemListElement\":[{\"@type\":\"ListItem\",\"position\":1,\"name\":\"Home\",\"item\":\"https:\\\/\\\/conexmetals.com\\\/es\\\/hogar\\\/\"},{\"@type\":\"ListItem\",\"position\":2,\"name\":\"Products\",\"item\":\"https:\\\/\\\/conexmetals.com\\\/products\\\/\"},{\"@type\":\"ListItem\",\"position\":3,\"name\":\"Acopladores de Barra de Tierra Tipo Compresi\u00f3n\"}]},{\"@type\":\"WebSite\",\"@id\":\"https:\\\/\\\/conexmetals.com\\\/es\\\/#website\",\"url\":\"https:\\\/\\\/conexmetals.com\\\/es\\\/\",\"name\":\"Conex Metals Brass Fittings Brass Parts Copper Parts Brass Components Brass Plumbing Fittings India\",\"description\":\"Manufacturer of Bronze Fittings casting Copper Brass parts components\",\"publisher\":{\"@id\":\"https:\\\/\\\/conexmetals.com\\\/es\\\/#organization\"},\"potentialAction\":[{\"@type\":\"SearchAction\",\"target\":{\"@type\":\"EntryPoint\",\"urlTemplate\":\"https:\\\/\\\/conexmetals.com\\\/es\\\/?s={search_term_string}\"},\"query-input\":{\"@type\":\"PropertyValueSpecification\",\"valueRequired\":true,\"valueName\":\"search_term_string\"}}],\"inLanguage\":\"es\"},{\"@type\":\"Organization\",\"@id\":\"https:\\\/\\\/conexmetals.com\\\/es\\\/#organization\",\"name\":\"Conex Metals Brass Fittings Brass Parts Copper Parts Brass Components Brass Plumbing Fittings India\",\"url\":\"https:\\\/\\\/conexmetals.com\\\/es\\\/\",\"logo\":{\"@type\":\"ImageObject\",\"inLanguage\":\"es\",\"@id\":\"https:\\\/\\\/conexmetals.com\\\/es\\\/#\\\/schema\\\/logo\\\/image\\\/\",\"url\":\"https:\\\/\\\/conexmetals.com\\\/wp-content\\\/uploads\\\/2024\\\/03\\\/conex-metals-logo.webp\",\"contentUrl\":\"https:\\\/\\\/conexmetals.com\\\/wp-content\\\/uploads\\\/2024\\\/03\\\/conex-metals-logo.webp\",\"width\":300,\"height\":121,\"caption\":\"Conex Metals Brass Fittings Brass Parts Copper Parts Brass Components Brass Plumbing Fittings India\"},\"image\":{\"@id\":\"https:\\\/\\\/conexmetals.com\\\/es\\\/#\\\/schema\\\/logo\\\/image\\\/\"},\"sameAs\":[\"https:\\\/\\\/www.facebook.com\\\/conexbrass\",\"https:\\\/\\\/x.com\\\/conexindia\",\"https:\\\/\\\/www.linkedin.com\\\/company\\\/conex-metals-india\\\/\",\"https:\\\/\\\/www.instagram.com\\\/conexindia\\\/\"]}]}<\/script>\n<!-- \/ Yoast SEO plugin. -->","yoast_head_json":{"title":"Acopladores de Barra de Tierra Tipo Compresi\u00f3n","description":"Acopladores de compresi\u00f3n para barras de tierra de Conex Metals India. Nuestra fundici\u00f3n de bronce produce acopladores de alta calidad para barras de tierra, utilizados con el m\u00e9todo de compresi\u00f3n. Somos fabricantes y exportadores l\u00edderes de acopladores de bronce para barras de tierra y otros accesorios de puesta a tierra.","robots":{"index":"index","follow":"follow","max-snippet":"max-snippet:-1","max-image-preview":"max-image-preview:large","max-video-preview":"max-video-preview:-1"},"canonical":"https:\/\/conexmetals.com\/es\/producto\/acopladores-de-barra-de-tierra-tipo-compresion\/","schema":{"@context":"https:\/\/schema.org","@graph":[{"@type":"WebPage","@id":"https:\/\/conexmetals.com\/es\/producto\/acopladores-de-barra-de-tierra-tipo-compresion\/","url":"https:\/\/conexmetals.com\/es\/producto\/acopladores-de-barra-de-tierra-tipo-compresion\/","name":"Acopladores de Barra de Tierra Tipo Compresi\u00f3n","isPartOf":{"@id":"https:\/\/conexmetals.com\/es\/#website"},"primaryImageOfPage":{"@id":"https:\/\/conexmetals.com\/es\/producto\/acopladores-de-barra-de-tierra-tipo-compresion\/#primaryimage"},"image":{"@id":"https:\/\/conexmetals.com\/es\/producto\/acopladores-de-barra-de-tierra-tipo-compresion\/#primaryimage"},"thumbnailUrl":"https:\/\/conexmetals.com\/wp-content\/uploads\/2024\/12\/Acopladores-de-Barra-de-Tierra-Tipo-Compresion.webp","datePublished":"2024-07-29T14:06:19+00:00","dateModified":"2024-12-19T12:51:00+00:00","description":"Acopladores de compresi\u00f3n para barras de tierra de Conex Metals India. Nuestra fundici\u00f3n de bronce produce acopladores de alta calidad para barras de tierra, utilizados con el m\u00e9todo de compresi\u00f3n. Somos fabricantes y exportadores l\u00edderes de acopladores de bronce para barras de tierra y otros accesorios de puesta a tierra.","breadcrumb":{"@id":"https:\/\/conexmetals.com\/es\/producto\/acopladores-de-barra-de-tierra-tipo-compresion\/#breadcrumb"},"inLanguage":"es","potentialAction":[{"@type":"ReadAction","target":["https:\/\/conexmetals.com\/es\/producto\/acopladores-de-barra-de-tierra-tipo-compresion\/"]}]},{"@type":"ImageObject","inLanguage":"es","@id":"https:\/\/conexmetals.com\/es\/producto\/acopladores-de-barra-de-tierra-tipo-compresion\/#primaryimage","url":"https:\/\/conexmetals.com\/wp-content\/uploads\/2024\/12\/Acopladores-de-Barra-de-Tierra-Tipo-Compresion.webp","contentUrl":"https:\/\/conexmetals.com\/wp-content\/uploads\/2024\/12\/Acopladores-de-Barra-de-Tierra-Tipo-Compresion.webp","width":800,"height":800,"caption":"Acoplamientos de compresi\u00f3nAcopladores de Barra de Tierra Tipo Compresi\u00f3n"},{"@type":"BreadcrumbList","@id":"https:\/\/conexmetals.com\/es\/producto\/acopladores-de-barra-de-tierra-tipo-compresion\/#breadcrumb","itemListElement":[{"@type":"ListItem","position":1,"name":"Home","item":"https:\/\/conexmetals.com\/es\/hogar\/"},{"@type":"ListItem","position":2,"name":"Products","item":"https:\/\/conexmetals.com\/products\/"},{"@type":"ListItem","position":3,"name":"Acopladores de Barra de Tierra Tipo Compresi\u00f3n"}]},{"@type":"WebSite","@id":"https:\/\/conexmetals.com\/es\/#website","url":"https:\/\/conexmetals.com\/es\/","name":"Conex Metals Brass Fittings Brass Parts Copper Parts Brass Components Brass Plumbing Fittings India","description":"Manufacturer of Bronze Fittings casting Copper Brass parts components","publisher":{"@id":"https:\/\/conexmetals.com\/es\/#organization"},"potentialAction":[{"@type":"SearchAction","target":{"@type":"EntryPoint","urlTemplate":"https:\/\/conexmetals.com\/es\/?s={search_term_string}"},"query-input":{"@type":"PropertyValueSpecification","valueRequired":true,"valueName":"search_term_string"}}],"inLanguage":"es"},{"@type":"Organization","@id":"https:\/\/conexmetals.com\/es\/#organization","name":"Conex Metals Brass Fittings Brass Parts Copper Parts Brass Components Brass Plumbing Fittings India","url":"https:\/\/conexmetals.com\/es\/","logo":{"@type":"ImageObject","inLanguage":"es","@id":"https:\/\/conexmetals.com\/es\/#\/schema\/logo\/image\/","url":"https:\/\/conexmetals.com\/wp-content\/uploads\/2024\/03\/conex-metals-logo.webp","contentUrl":"https:\/\/conexmetals.com\/wp-content\/uploads\/2024\/03\/conex-metals-logo.webp","width":300,"height":121,"caption":"Conex Metals Brass Fittings Brass Parts Copper Parts Brass Components Brass Plumbing Fittings India"},"image":{"@id":"https:\/\/conexmetals.com\/es\/#\/schema\/logo\/image\/"},"sameAs":["https:\/\/www.facebook.com\/conexbrass","https:\/\/x.com\/conexindia","https:\/\/www.linkedin.com\/company\/conex-metals-india\/","https:\/\/www.instagram.com\/conexindia\/"]}]}},"_links":{"self":[{"href":"https:\/\/conexmetals.com\/es\/wp-json\/wp\/v2\/product\/9978","targetHints":{"allow":["GET"]}}],"collection":[{"href":"https:\/\/conexmetals.com\/es\/wp-json\/wp\/v2\/product"}],"about":[{"href":"https:\/\/conexmetals.com\/es\/wp-json\/wp\/v2\/types\/product"}],"wp:featuredmedia":[{"embeddable":true,"href":"https:\/\/conexmetals.com\/es\/wp-json\/wp\/v2\/media\/9472"}],"wp:attachment":[{"href":"https:\/\/conexmetals.com\/es\/wp-json\/wp\/v2\/media?parent=9978"}],"wp:term":[{"taxonomy":"product_brand","embeddable":true,"href":"https:\/\/conexmetals.com\/es\/wp-json\/wp\/v2\/product_brand?post=9978"},{"taxonomy":"product_cat","embeddable":true,"href":"https:\/\/conexmetals.com\/es\/wp-json\/wp\/v2\/product_cat?post=9978"},{"taxonomy":"product_tag","embeddable":true,"href":"https:\/\/conexmetals.com\/es\/wp-json\/wp\/v2\/product_tag?post=9978"}],"curies":[{"name":"wp","href":"https:\/\/api.w.org\/{rel}","templated":true}]}}