{"id":9874,"date":"2023-07-05T05:03:11","date_gmt":"2023-07-04T23:33:11","guid":{"rendered":"https:\/\/conexmetals.com\/perfil\/"},"modified":"2024-09-27T12:22:04","modified_gmt":"2024-09-27T06:52:04","slug":"perfil","status":"publish","type":"page","link":"https:\/\/conexmetals.com\/pt-br\/perfil\/","title":{"rendered":"Perfil"},"content":{"rendered":"\t\t<div data-elementor-type=\"wp-page\" data-elementor-id=\"9874\" class=\"elementor elementor-9874 elementor-116\" data-elementor-post-type=\"page\">\n\t\t\t\t\t\t<section class=\"elementor-section elementor-top-section elementor-element elementor-element-c6e2df4 elementor-section-full_width elementor-section-height-default elementor-section-height-default\" data-id=\"c6e2df4\" data-element_type=\"section\" data-e-type=\"section\" data-settings=\"{&quot;background_background&quot;:&quot;classic&quot;}\">\n\t\t\t\t\t\t<div class=\"elementor-container elementor-column-gap-no\">\n\t\t\t\t\t<div class=\"elementor-column elementor-col-100 elementor-top-column elementor-element elementor-element-71b558d\" data-id=\"71b558d\" data-element_type=\"column\" data-e-type=\"column\">\n\t\t\t<div class=\"elementor-widget-wrap elementor-element-populated\">\n\t\t\t\t\t\t<div class=\"elementor-element elementor-element-079b978 elementor-widget-divider--view-line elementor-widget elementor-widget-divider\" data-id=\"079b978\" data-element_type=\"widget\" data-e-type=\"widget\" data-widget_type=\"divider.default\">\n\t\t\t\t<div class=\"elementor-widget-container\">\n\t\t\t\t\t\t\t<div class=\"elementor-divider\">\n\t\t\t<span class=\"elementor-divider-separator\">\n\t\t\t\t\t\t<\/span>\n\t\t<\/div>\n\t\t\t\t\t\t<\/div>\n\t\t\t\t<\/div>\n\t\t\t\t\t<\/div>\n\t\t<\/div>\n\t\t\t\t\t<\/div>\n\t\t<\/section>\n\t\t\t\t<section class=\"elementor-section elementor-top-section elementor-element elementor-element-8c04d12 elementor-section-content-middle elementor-section-boxed elementor-section-height-default elementor-section-height-default\" data-id=\"8c04d12\" data-element_type=\"section\" data-e-type=\"section\">\n\t\t\t\t\t\t<div class=\"elementor-container elementor-column-gap-default\">\n\t\t\t\t\t<div class=\"elementor-column elementor-col-100 elementor-top-column elementor-element elementor-element-0807cf0\" data-id=\"0807cf0\" data-element_type=\"column\" data-e-type=\"column\">\n\t\t\t<div class=\"elementor-widget-wrap elementor-element-populated\">\n\t\t\t\t\t\t<div class=\"elementor-element elementor-element-8c811eb elementor-widget elementor-widget-woocommerce-breadcrumb\" data-id=\"8c811eb\" data-element_type=\"widget\" data-e-type=\"widget\" data-widget_type=\"woocommerce-breadcrumb.default\">\n\t\t\t\t<div class=\"elementor-widget-container\">\n\t\t\t\t\t<nav class=\"woocommerce-breadcrumb\" aria-label=\"Breadcrumb\">In\u00edcio<\/nav>\t\t\t\t<\/div>\n\t\t\t\t<\/div>\n\t\t\t\t\t<\/div>\n\t\t<\/div>\n\t\t\t\t\t<\/div>\n\t\t<\/section>\n\t\t\t\t<section class=\"elementor-section elementor-top-section elementor-element elementor-element-2f1fba3 elementor-section-content-middle elementor-section-boxed elementor-section-height-default elementor-section-height-default\" data-id=\"2f1fba3\" data-element_type=\"section\" data-e-type=\"section\" data-settings=\"{&quot;background_background&quot;:&quot;classic&quot;}\">\n\t\t\t\t\t\t<div class=\"elementor-container elementor-column-gap-default\">\n\t\t\t\t\t<div class=\"elementor-column elementor-col-50 elementor-top-column elementor-element elementor-element-170392a\" data-id=\"170392a\" data-element_type=\"column\" data-e-type=\"column\">\n\t\t\t<div class=\"elementor-widget-wrap elementor-element-populated\">\n\t\t\t\t\t\t<div class=\"elementor-element elementor-element-15f0dc5 elementor-widget elementor-widget-heading\" data-id=\"15f0dc5\" data-element_type=\"widget\" data-e-type=\"widget\" data-widget_type=\"heading.default\">\n\t\t\t\t<div class=\"elementor-widget-container\">\n\t\t\t\t\t<h1 class=\"elementor-heading-title elementor-size-default\">Conex Metals: uma vis\u00e3o geral<\/h1>\t\t\t\t<\/div>\n\t\t\t\t<\/div>\n\t\t\t\t<div class=\"elementor-element elementor-element-e043a3c elementor-widget-divider--view-line elementor-widget elementor-widget-divider\" data-id=\"e043a3c\" data-element_type=\"widget\" data-e-type=\"widget\" data-widget_type=\"divider.default\">\n\t\t\t\t<div class=\"elementor-widget-container\">\n\t\t\t\t\t\t\t<div class=\"elementor-divider\">\n\t\t\t<span class=\"elementor-divider-separator\">\n\t\t\t\t\t\t<\/span>\n\t\t<\/div>\n\t\t\t\t\t\t<\/div>\n\t\t\t\t<\/div>\n\t\t\t\t<div class=\"elementor-element elementor-element-d3176a4 elementor-widget elementor-widget-text-editor\" data-id=\"d3176a4\" data-element_type=\"widget\" data-e-type=\"widget\" data-widget_type=\"text-editor.default\">\n\t\t\t\t<div class=\"elementor-widget-container\">\n\t\t\t\t\t\t\t\t\t<p>A Conex Metals \u00e9 a empresa carro-chefe do grupo CMI envolvida na fabrica\u00e7\u00e3o e exporta\u00e7\u00e3o de componentes de metais n\u00e3o ferrosos de alta qualidade e acess\u00f3rios de fia\u00e7\u00e3o. Produzir componentes de metal baratos, mas de precis\u00e3o, nas tr\u00eas unidades de fabrica\u00e7\u00e3o da empresa tem sido uma arte nas \u00faltimas d\u00e9cadas. <\/p>\n\t\t\t\t\t\t\t\t<\/div>\n\t\t\t\t<\/div>\n\t\t\t\t<div class=\"elementor-element elementor-element-f7a3fb8 elementor-widget elementor-widget-text-editor\" data-id=\"f7a3fb8\" data-element_type=\"widget\" data-e-type=\"widget\" data-widget_type=\"text-editor.default\">\n\t\t\t\t<div class=\"elementor-widget-container\">\n\t\t\t\t\t\t\t\t\t<p>Um anseio por especializa\u00e7\u00e3o e comprometimento total com a qualidade fez com que o grupo tivesse sucesso em mercados estrangeiros. A experi\u00eancia profissional em engenharia combinada com m\u00e3o de obra indiana competitiva, mas qualificada, ajudou a capturar os mercados conscientes de alta qualidade da Europa Ocidental e dos EUA. Temos orgulho em oferecer solu\u00e7\u00f5es econ\u00f4micas para as necessidades exigentes de nossos clientes. A fundi\u00e7\u00e3o interna e o conceito inovador de fundi\u00e7\u00e3o sob press\u00e3o\/usinagem de uma pe\u00e7a d\u00e3o \u00e0 empresa uma vantagem competitiva distinta sobre nossos concorrentes. Verifica\u00e7\u00f5es rigorosas de qualidade s\u00e3o realizadas em diferentes est\u00e1gios da fabrica\u00e7\u00e3o e apenas o material que passa por normas rigorosas encontra seu caminho para o mercado.    <\/p>\n\t\t\t\t\t\t\t\t<\/div>\n\t\t\t\t<\/div>\n\t\t\t\t<div class=\"elementor-element elementor-element-7add50b elementor-widget elementor-widget-text-editor\" data-id=\"7add50b\" data-element_type=\"widget\" data-e-type=\"widget\" data-widget_type=\"text-editor.default\">\n\t\t\t\t<div class=\"elementor-widget-container\">\n\t\t\t\t\t\t\t\t\t<p><b>A lista de produtos<\/b> n\u00e3o \u00e9 de forma alguma exaustiva e, como somos um grupo din\u00e2mico, estamos sempre interessados em adicionar novos produtos \u00e0 nossa linha.<\/p>\n\t\t\t\t\t\t\t\t<\/div>\n\t\t\t\t<\/div>\n\t\t\t\t\t<\/div>\n\t\t<\/div>\n\t\t\t\t<div class=\"elementor-column elementor-col-50 elementor-top-column elementor-element elementor-element-c7a4873\" data-id=\"c7a4873\" data-element_type=\"column\" data-e-type=\"column\" data-settings=\"{&quot;background_background&quot;:&quot;classic&quot;}\">\n\t\t\t<div class=\"elementor-widget-wrap elementor-element-populated\">\n\t\t\t\t\t\t<div class=\"elementor-element elementor-element-e316ddd elementor-widget elementor-widget-image\" data-id=\"e316ddd\" data-element_type=\"widget\" data-e-type=\"widget\" data-widget_type=\"image.default\">\n\t\t\t\t<div class=\"elementor-widget-container\">\n\t\t\t\t\t\t\t\t\t\t\t\t\t\t\t<img fetchpriority=\"high\" decoding=\"async\" width=\"499\" height=\"459\" src=\"https:\/\/conexmetals.com\/wp-content\/uploads\/2024\/03\/aboutImg.webp\" class=\"attachment-large size-large wp-image-4584\" alt=\"about image\" srcset=\"https:\/\/conexmetals.com\/wp-content\/uploads\/2024\/03\/aboutImg.webp 499w, https:\/\/conexmetals.com\/wp-content\/uploads\/2024\/03\/aboutImg-300x276.webp 300w\" sizes=\"(max-width: 499px) 100vw, 499px\" \/>\t\t\t\t\t\t\t\t\t\t\t\t\t\t\t<\/div>\n\t\t\t\t<\/div>\n\t\t\t\t\t<\/div>\n\t\t<\/div>\n\t\t\t\t\t<\/div>\n\t\t<\/section>\n\t\t\t\t<\/div>\n\t\t","protected":false},"excerpt":{"rendered":"<p>Conex Metals: uma vis\u00e3o geral A Conex Metals \u00e9 a empresa carro-chefe do grupo CMI envolvida na fabrica\u00e7\u00e3o e exporta\u00e7\u00e3o de componentes de metais n\u00e3o ferrosos de alta qualidade e acess\u00f3rios de fia\u00e7\u00e3o. Produzir componentes de metal baratos, mas de precis\u00e3o, nas tr\u00eas unidades de fabrica\u00e7\u00e3o da empresa tem sido uma arte nas \u00faltimas d\u00e9cadas. [&hellip;]<\/p>\n","protected":false},"author":1,"featured_media":0,"parent":0,"menu_order":0,"comment_status":"closed","ping_status":"closed","template":"elementor_header_footer","meta":{"footnotes":""},"class_list":["post-9874","page","type-page","status-publish","hentry"],"yoast_head":"<!-- This site is optimized with the Yoast SEO plugin v27.3 - https:\/\/yoast.com\/product\/yoast-seo-wordpress\/ -->\n<title>Perfil<\/title>\n<meta name=\"description\" content=\"A Conex Metals, l\u00edder global em fabrica\u00e7\u00e3o e exporta\u00e7\u00e3o de metais h\u00e1 34 anos, oferece excel\u00eancia em todo o mundo. Especializada em componentes de metais n\u00e3o ferrosos de alta qualidade, como Conex\u00f5es de Lat\u00e3o, Pe\u00e7as de Lat\u00e3o, Pe\u00e7as de Cobre e Conex\u00f5es de Encanamento de Lat\u00e3o. Experimente precis\u00e3o e inova\u00e7\u00e3o com a Conex Metals.\" \/>\n<meta name=\"robots\" content=\"index, follow, max-snippet:-1, max-image-preview:large, max-video-preview:-1\" \/>\n<link rel=\"canonical\" href=\"https:\/\/conexmetals.com\/pt-br\/perfil\/\" \/>\n<script type=\"application\/ld+json\" class=\"yoast-schema-graph\">{\"@context\":\"https:\\\/\\\/schema.org\",\"@graph\":[{\"@type\":\"WebPage\",\"@id\":\"https:\\\/\\\/conexmetals.com\\\/pt-br\\\/perfil\\\/\",\"url\":\"https:\\\/\\\/conexmetals.com\\\/pt-br\\\/perfil\\\/\",\"name\":\"Perfil\",\"isPartOf\":{\"@id\":\"https:\\\/\\\/conexmetals.com\\\/pt-br\\\/#website\"},\"primaryImageOfPage\":{\"@id\":\"https:\\\/\\\/conexmetals.com\\\/pt-br\\\/perfil\\\/#primaryimage\"},\"image\":{\"@id\":\"https:\\\/\\\/conexmetals.com\\\/pt-br\\\/perfil\\\/#primaryimage\"},\"thumbnailUrl\":\"https:\\\/\\\/conexmetals.com\\\/wp-content\\\/uploads\\\/2024\\\/03\\\/aboutImg.webp\",\"datePublished\":\"2023-07-04T23:33:11+00:00\",\"dateModified\":\"2024-09-27T06:52:04+00:00\",\"description\":\"A Conex Metals, l\u00edder global em fabrica\u00e7\u00e3o e exporta\u00e7\u00e3o de metais h\u00e1 34 anos, oferece excel\u00eancia em todo o mundo. Especializada em componentes de metais n\u00e3o ferrosos de alta qualidade, como Conex\u00f5es de Lat\u00e3o, Pe\u00e7as de Lat\u00e3o, Pe\u00e7as de Cobre e Conex\u00f5es de Encanamento de Lat\u00e3o. Experimente precis\u00e3o e inova\u00e7\u00e3o com a Conex Metals.\",\"breadcrumb\":{\"@id\":\"https:\\\/\\\/conexmetals.com\\\/pt-br\\\/perfil\\\/#breadcrumb\"},\"inLanguage\":\"pt-BR\",\"potentialAction\":[{\"@type\":\"ReadAction\",\"target\":[\"https:\\\/\\\/conexmetals.com\\\/pt-br\\\/perfil\\\/\"]}]},{\"@type\":\"ImageObject\",\"inLanguage\":\"pt-BR\",\"@id\":\"https:\\\/\\\/conexmetals.com\\\/pt-br\\\/perfil\\\/#primaryimage\",\"url\":\"https:\\\/\\\/conexmetals.com\\\/wp-content\\\/uploads\\\/2024\\\/03\\\/aboutImg.webp\",\"contentUrl\":\"https:\\\/\\\/conexmetals.com\\\/wp-content\\\/uploads\\\/2024\\\/03\\\/aboutImg.webp\"},{\"@type\":\"BreadcrumbList\",\"@id\":\"https:\\\/\\\/conexmetals.com\\\/pt-br\\\/perfil\\\/#breadcrumb\",\"itemListElement\":[{\"@type\":\"ListItem\",\"position\":1,\"name\":\"Home\",\"item\":\"https:\\\/\\\/conexmetals.com\\\/pt-br\\\/lar\\\/\"},{\"@type\":\"ListItem\",\"position\":2,\"name\":\"Perfil\"}]},{\"@type\":\"WebSite\",\"@id\":\"https:\\\/\\\/conexmetals.com\\\/pt-br\\\/#website\",\"url\":\"https:\\\/\\\/conexmetals.com\\\/pt-br\\\/\",\"name\":\"Conex Metals Brass Fittings Brass Parts Copper Parts Brass Components Brass Plumbing Fittings India\",\"description\":\"Manufacturer of Bronze Fittings casting Copper Brass parts components\",\"publisher\":{\"@id\":\"https:\\\/\\\/conexmetals.com\\\/pt-br\\\/#organization\"},\"potentialAction\":[{\"@type\":\"SearchAction\",\"target\":{\"@type\":\"EntryPoint\",\"urlTemplate\":\"https:\\\/\\\/conexmetals.com\\\/pt-br\\\/?s={search_term_string}\"},\"query-input\":{\"@type\":\"PropertyValueSpecification\",\"valueRequired\":true,\"valueName\":\"search_term_string\"}}],\"inLanguage\":\"pt-BR\"},{\"@type\":\"Organization\",\"@id\":\"https:\\\/\\\/conexmetals.com\\\/pt-br\\\/#organization\",\"name\":\"Conex Metals Brass Fittings Brass Parts Copper Parts Brass Components Brass Plumbing Fittings India\",\"url\":\"https:\\\/\\\/conexmetals.com\\\/pt-br\\\/\",\"logo\":{\"@type\":\"ImageObject\",\"inLanguage\":\"pt-BR\",\"@id\":\"https:\\\/\\\/conexmetals.com\\\/pt-br\\\/#\\\/schema\\\/logo\\\/image\\\/\",\"url\":\"https:\\\/\\\/conexmetals.com\\\/wp-content\\\/uploads\\\/2024\\\/03\\\/conex-metals-logo.webp\",\"contentUrl\":\"https:\\\/\\\/conexmetals.com\\\/wp-content\\\/uploads\\\/2024\\\/03\\\/conex-metals-logo.webp\",\"width\":300,\"height\":121,\"caption\":\"Conex Metals Brass Fittings Brass Parts Copper Parts Brass Components Brass Plumbing Fittings India\"},\"image\":{\"@id\":\"https:\\\/\\\/conexmetals.com\\\/pt-br\\\/#\\\/schema\\\/logo\\\/image\\\/\"},\"sameAs\":[\"https:\\\/\\\/www.facebook.com\\\/conexbrass\",\"https:\\\/\\\/x.com\\\/conexindia\",\"https:\\\/\\\/www.linkedin.com\\\/company\\\/conex-metals-india\\\/\",\"https:\\\/\\\/www.instagram.com\\\/conexindia\\\/\"]}]}<\/script>\n<!-- \/ Yoast SEO plugin. -->","yoast_head_json":{"title":"Perfil","description":"A Conex Metals, l\u00edder global em fabrica\u00e7\u00e3o e exporta\u00e7\u00e3o de metais h\u00e1 34 anos, oferece excel\u00eancia em todo o mundo. Especializada em componentes de metais n\u00e3o ferrosos de alta qualidade, como Conex\u00f5es de Lat\u00e3o, Pe\u00e7as de Lat\u00e3o, Pe\u00e7as de Cobre e Conex\u00f5es de Encanamento de Lat\u00e3o. Experimente precis\u00e3o e inova\u00e7\u00e3o com a Conex Metals.","robots":{"index":"index","follow":"follow","max-snippet":"max-snippet:-1","max-image-preview":"max-image-preview:large","max-video-preview":"max-video-preview:-1"},"canonical":"https:\/\/conexmetals.com\/pt-br\/perfil\/","schema":{"@context":"https:\/\/schema.org","@graph":[{"@type":"WebPage","@id":"https:\/\/conexmetals.com\/pt-br\/perfil\/","url":"https:\/\/conexmetals.com\/pt-br\/perfil\/","name":"Perfil","isPartOf":{"@id":"https:\/\/conexmetals.com\/pt-br\/#website"},"primaryImageOfPage":{"@id":"https:\/\/conexmetals.com\/pt-br\/perfil\/#primaryimage"},"image":{"@id":"https:\/\/conexmetals.com\/pt-br\/perfil\/#primaryimage"},"thumbnailUrl":"https:\/\/conexmetals.com\/wp-content\/uploads\/2024\/03\/aboutImg.webp","datePublished":"2023-07-04T23:33:11+00:00","dateModified":"2024-09-27T06:52:04+00:00","description":"A Conex Metals, l\u00edder global em fabrica\u00e7\u00e3o e exporta\u00e7\u00e3o de metais h\u00e1 34 anos, oferece excel\u00eancia em todo o mundo. Especializada em componentes de metais n\u00e3o ferrosos de alta qualidade, como Conex\u00f5es de Lat\u00e3o, Pe\u00e7as de Lat\u00e3o, Pe\u00e7as de Cobre e Conex\u00f5es de Encanamento de Lat\u00e3o. Experimente precis\u00e3o e inova\u00e7\u00e3o com a Conex Metals.","breadcrumb":{"@id":"https:\/\/conexmetals.com\/pt-br\/perfil\/#breadcrumb"},"inLanguage":"pt-BR","potentialAction":[{"@type":"ReadAction","target":["https:\/\/conexmetals.com\/pt-br\/perfil\/"]}]},{"@type":"ImageObject","inLanguage":"pt-BR","@id":"https:\/\/conexmetals.com\/pt-br\/perfil\/#primaryimage","url":"https:\/\/conexmetals.com\/wp-content\/uploads\/2024\/03\/aboutImg.webp","contentUrl":"https:\/\/conexmetals.com\/wp-content\/uploads\/2024\/03\/aboutImg.webp"},{"@type":"BreadcrumbList","@id":"https:\/\/conexmetals.com\/pt-br\/perfil\/#breadcrumb","itemListElement":[{"@type":"ListItem","position":1,"name":"Home","item":"https:\/\/conexmetals.com\/pt-br\/lar\/"},{"@type":"ListItem","position":2,"name":"Perfil"}]},{"@type":"WebSite","@id":"https:\/\/conexmetals.com\/pt-br\/#website","url":"https:\/\/conexmetals.com\/pt-br\/","name":"Conex Metals Brass Fittings Brass Parts Copper Parts Brass Components Brass Plumbing Fittings India","description":"Manufacturer of Bronze Fittings casting Copper Brass parts components","publisher":{"@id":"https:\/\/conexmetals.com\/pt-br\/#organization"},"potentialAction":[{"@type":"SearchAction","target":{"@type":"EntryPoint","urlTemplate":"https:\/\/conexmetals.com\/pt-br\/?s={search_term_string}"},"query-input":{"@type":"PropertyValueSpecification","valueRequired":true,"valueName":"search_term_string"}}],"inLanguage":"pt-BR"},{"@type":"Organization","@id":"https:\/\/conexmetals.com\/pt-br\/#organization","name":"Conex Metals Brass Fittings Brass Parts Copper Parts Brass Components Brass Plumbing Fittings India","url":"https:\/\/conexmetals.com\/pt-br\/","logo":{"@type":"ImageObject","inLanguage":"pt-BR","@id":"https:\/\/conexmetals.com\/pt-br\/#\/schema\/logo\/image\/","url":"https:\/\/conexmetals.com\/wp-content\/uploads\/2024\/03\/conex-metals-logo.webp","contentUrl":"https:\/\/conexmetals.com\/wp-content\/uploads\/2024\/03\/conex-metals-logo.webp","width":300,"height":121,"caption":"Conex Metals Brass Fittings Brass Parts Copper Parts Brass Components Brass Plumbing Fittings India"},"image":{"@id":"https:\/\/conexmetals.com\/pt-br\/#\/schema\/logo\/image\/"},"sameAs":["https:\/\/www.facebook.com\/conexbrass","https:\/\/x.com\/conexindia","https:\/\/www.linkedin.com\/company\/conex-metals-india\/","https:\/\/www.instagram.com\/conexindia\/"]}]}},"_links":{"self":[{"href":"https:\/\/conexmetals.com\/pt-br\/wp-json\/wp\/v2\/pages\/9874","targetHints":{"allow":["GET"]}}],"collection":[{"href":"https:\/\/conexmetals.com\/pt-br\/wp-json\/wp\/v2\/pages"}],"about":[{"href":"https:\/\/conexmetals.com\/pt-br\/wp-json\/wp\/v2\/types\/page"}],"author":[{"embeddable":true,"href":"https:\/\/conexmetals.com\/pt-br\/wp-json\/wp\/v2\/users\/1"}],"replies":[{"embeddable":true,"href":"https:\/\/conexmetals.com\/pt-br\/wp-json\/wp\/v2\/comments?post=9874"}],"version-history":[{"count":0,"href":"https:\/\/conexmetals.com\/pt-br\/wp-json\/wp\/v2\/pages\/9874\/revisions"}],"wp:attachment":[{"href":"https:\/\/conexmetals.com\/pt-br\/wp-json\/wp\/v2\/media?parent=9874"}],"curies":[{"name":"wp","href":"https:\/\/api.w.org\/{rel}","templated":true}]}}