{"id":10008,"date":"2024-07-15T17:10:47","date_gmt":"2024-07-15T11:40:47","guid":{"rendered":"https:\/\/conexmetals.com\/product\/c92500-bronze-com-chumbo-sae-640-cda-925\/"},"modified":"2024-09-16T12:03:17","modified_gmt":"2024-09-16T06:33:17","slug":"c92500-bronze-com-chumbo-sae-640-cda-925","status":"publish","type":"product","link":"https:\/\/conexmetals.com\/pt-br\/produto\/c92500-bronze-com-chumbo-sae-640-cda-925\/","title":{"rendered":"C92500 Bronze com chumbo, SAE 640 (CDA 925)"},"content":{"rendered":"","protected":false},"excerpt":{"rendered":"<p>C92500 (CDA 925) \u00e9 uma liga de bronze resistente produzida na \u00cdndia, valorizada por sua resist\u00eancia ao desgaste em ambientes industriais exigentes. A Conex Metals \u00e9 sua fonte confi\u00e1vel para Bronze de Estanho com Chumbo C92500, SAE 640, oferecendo s\u00f3lidos e fundidos sob encomenda em m\u00e9todos de fundi\u00e7\u00e3o centr\u00edfuga (ASTM B271) e areia (ASTM B584). Oferecemos op\u00e7\u00f5es de fundi\u00e7\u00e3o prontas para uso e especiais para atender \u00e0s suas necessidades espec\u00edficas. Nossa equipe de especialistas determinar\u00e1 o m\u00e9todo de fundi\u00e7\u00e3o ideal com base em seu tamanho, especifica\u00e7\u00e3o e quantidade desejada.     <strong>O bronze estanho com chumbo C92500 \u00e9 uma liga vers\u00e1til usada em diversas aplica\u00e7\u00f5es exigentes, incluindo:<\/strong><\/p>\n<ul>\n<li>Engrenagens<\/li>\n<li>An\u00e9is sincronizadores automotivos<\/li>\n<li>Buchas<\/li>\n<li>Rolamentos<\/li>\n<li>Componentes da bomba<\/li>\n<li>Componentes da v\u00e1lvula<\/li>\n<li>Equipamentos mar\u00edtimos<\/li>\n<li>Engrenagens sem-fim<\/li>\n<\/ul>\n<p><strong>Composi\u00e7\u00e3o qu\u00edmica %m\u00e1x., a menos que seja mostrado como intervalo ou m\u00edn.)<\/strong>[table id=\"309\" \/] (1) Na determina\u00e7\u00e3o de Cu min., Cu pode ser calculado como Cu + Ni. (2) O valor de Ni inclui Co. (3) Para fundi\u00e7\u00f5es cont\u00ednuas, P deve ser 1,5%, m\u00e1x. Nota: Cu + Soma dos Elementos Nomeados, 99,3% min. <strong>Propriedades Mec\u00e2nicas:<\/strong> medidas \u00e0 temperatura ambiente, 68 F (20 C)[table id=\"310\" \/] *Resist\u00eancia \u00e0 fadiga: 100 x 10 <sup>6<\/sup> ciclos, a menos que indicado como [N]X 10 <sup>6<\/sup> . <strong>Especifica\u00e7\u00f5es aplic\u00e1veis:<\/strong>   [table id=\"311\" \/]<strong><br \/>\n<\/strong><\/p>\n","protected":false},"featured_media":0,"template":"","meta":[],"product_brand":[],"product_cat":[337],"product_tag":[],"class_list":{"0":"post-10008","1":"product","2":"type-product","3":"status-publish","5":"product_cat-produtos","7":"first","8":"instock","9":"shipping-taxable","10":"product-type-simple"},"yoast_head":"<!-- This site is optimized with the Yoast SEO plugin v27.3 - https:\/\/yoast.com\/product\/yoast-seo-wordpress\/ -->\n<title>C92500 Bronze com chumbo, SAE 640 (CDA 925)<\/title>\n<meta name=\"description\" content=\"Liga C92500, Bronze C92500, Liga de Bronze CDA 925, Liga de Bronze Mangan\u00eas, Fundi\u00e7\u00e3o de fundi\u00e7\u00e3o, Fundi\u00e7\u00e3o de Bronze C92500, Fundi\u00e7\u00e3o de liga de Bronze CDA 925, Fundi\u00e7\u00e3o de fundi\u00e7\u00e3o de bronze mangan\u00eas, Bronze C92500, CDA 925, Fundi\u00e7\u00e3o \u00cdndia, Fundi\u00e7\u00e3o indiana, Fundi\u00e7\u00e3o usinada em CNC, Fabricante da \u00cdndia, Fornecedor, \u00cdndia\" \/>\n<meta name=\"robots\" content=\"index, follow, max-snippet:-1, max-image-preview:large, max-video-preview:-1\" \/>\n<link rel=\"canonical\" href=\"https:\/\/conexmetals.com\/pt-br\/produto\/c92500-bronze-com-chumbo-sae-640-cda-925\/\" \/>\n<script type=\"application\/ld+json\" class=\"yoast-schema-graph\">{\"@context\":\"https:\\\/\\\/schema.org\",\"@graph\":[{\"@type\":\"WebPage\",\"@id\":\"https:\\\/\\\/conexmetals.com\\\/pt-br\\\/produto\\\/c92500-bronze-com-chumbo-sae-640-cda-925\\\/\",\"url\":\"https:\\\/\\\/conexmetals.com\\\/pt-br\\\/produto\\\/c92500-bronze-com-chumbo-sae-640-cda-925\\\/\",\"name\":\"C92500 Bronze com chumbo, SAE 640 (CDA 925)\",\"isPartOf\":{\"@id\":\"https:\\\/\\\/conexmetals.com\\\/pt-br\\\/#website\"},\"datePublished\":\"2024-07-15T11:40:47+00:00\",\"dateModified\":\"2024-09-16T06:33:17+00:00\",\"description\":\"Liga C92500, Bronze C92500, Liga de Bronze CDA 925, Liga de Bronze Mangan\u00eas, Fundi\u00e7\u00e3o de fundi\u00e7\u00e3o, Fundi\u00e7\u00e3o de Bronze C92500, Fundi\u00e7\u00e3o de liga de Bronze CDA 925, Fundi\u00e7\u00e3o de fundi\u00e7\u00e3o de bronze mangan\u00eas, Bronze C92500, CDA 925, Fundi\u00e7\u00e3o \u00cdndia, Fundi\u00e7\u00e3o indiana, Fundi\u00e7\u00e3o usinada em CNC, Fabricante da \u00cdndia, Fornecedor, \u00cdndia\",\"breadcrumb\":{\"@id\":\"https:\\\/\\\/conexmetals.com\\\/pt-br\\\/produto\\\/c92500-bronze-com-chumbo-sae-640-cda-925\\\/#breadcrumb\"},\"inLanguage\":\"pt-BR\",\"potentialAction\":[{\"@type\":\"ReadAction\",\"target\":[\"https:\\\/\\\/conexmetals.com\\\/pt-br\\\/produto\\\/c92500-bronze-com-chumbo-sae-640-cda-925\\\/\"]}]},{\"@type\":\"BreadcrumbList\",\"@id\":\"https:\\\/\\\/conexmetals.com\\\/pt-br\\\/produto\\\/c92500-bronze-com-chumbo-sae-640-cda-925\\\/#breadcrumb\",\"itemListElement\":[{\"@type\":\"ListItem\",\"position\":1,\"name\":\"Home\",\"item\":\"https:\\\/\\\/conexmetals.com\\\/pt-br\\\/lar\\\/\"},{\"@type\":\"ListItem\",\"position\":2,\"name\":\"Products\",\"item\":\"https:\\\/\\\/conexmetals.com\\\/products\\\/\"},{\"@type\":\"ListItem\",\"position\":3,\"name\":\"C92500 Bronze com chumbo, SAE 640 (CDA 925)\"}]},{\"@type\":\"WebSite\",\"@id\":\"https:\\\/\\\/conexmetals.com\\\/pt-br\\\/#website\",\"url\":\"https:\\\/\\\/conexmetals.com\\\/pt-br\\\/\",\"name\":\"Conex Metals Brass Fittings Brass Parts Copper Parts Brass Components Brass Plumbing Fittings India\",\"description\":\"Manufacturer of Bronze Fittings casting Copper Brass parts components\",\"publisher\":{\"@id\":\"https:\\\/\\\/conexmetals.com\\\/pt-br\\\/#organization\"},\"potentialAction\":[{\"@type\":\"SearchAction\",\"target\":{\"@type\":\"EntryPoint\",\"urlTemplate\":\"https:\\\/\\\/conexmetals.com\\\/pt-br\\\/?s={search_term_string}\"},\"query-input\":{\"@type\":\"PropertyValueSpecification\",\"valueRequired\":true,\"valueName\":\"search_term_string\"}}],\"inLanguage\":\"pt-BR\"},{\"@type\":\"Organization\",\"@id\":\"https:\\\/\\\/conexmetals.com\\\/pt-br\\\/#organization\",\"name\":\"Conex Metals Brass Fittings Brass Parts Copper Parts Brass Components Brass Plumbing Fittings India\",\"url\":\"https:\\\/\\\/conexmetals.com\\\/pt-br\\\/\",\"logo\":{\"@type\":\"ImageObject\",\"inLanguage\":\"pt-BR\",\"@id\":\"https:\\\/\\\/conexmetals.com\\\/pt-br\\\/#\\\/schema\\\/logo\\\/image\\\/\",\"url\":\"https:\\\/\\\/conexmetals.com\\\/wp-content\\\/uploads\\\/2024\\\/03\\\/conex-metals-logo.webp\",\"contentUrl\":\"https:\\\/\\\/conexmetals.com\\\/wp-content\\\/uploads\\\/2024\\\/03\\\/conex-metals-logo.webp\",\"width\":300,\"height\":121,\"caption\":\"Conex Metals Brass Fittings Brass Parts Copper Parts Brass Components Brass Plumbing Fittings India\"},\"image\":{\"@id\":\"https:\\\/\\\/conexmetals.com\\\/pt-br\\\/#\\\/schema\\\/logo\\\/image\\\/\"},\"sameAs\":[\"https:\\\/\\\/www.facebook.com\\\/conexbrass\",\"https:\\\/\\\/x.com\\\/conexindia\",\"https:\\\/\\\/www.linkedin.com\\\/company\\\/conex-metals-india\\\/\",\"https:\\\/\\\/www.instagram.com\\\/conexindia\\\/\"]}]}<\/script>\n<!-- \/ Yoast SEO plugin. -->","yoast_head_json":{"title":"C92500 Bronze com chumbo, SAE 640 (CDA 925)","description":"Liga C92500, Bronze C92500, Liga de Bronze CDA 925, Liga de Bronze Mangan\u00eas, Fundi\u00e7\u00e3o de fundi\u00e7\u00e3o, Fundi\u00e7\u00e3o de Bronze C92500, Fundi\u00e7\u00e3o de liga de Bronze CDA 925, Fundi\u00e7\u00e3o de fundi\u00e7\u00e3o de bronze mangan\u00eas, Bronze C92500, CDA 925, Fundi\u00e7\u00e3o \u00cdndia, Fundi\u00e7\u00e3o indiana, Fundi\u00e7\u00e3o usinada em CNC, Fabricante da \u00cdndia, Fornecedor, \u00cdndia","robots":{"index":"index","follow":"follow","max-snippet":"max-snippet:-1","max-image-preview":"max-image-preview:large","max-video-preview":"max-video-preview:-1"},"canonical":"https:\/\/conexmetals.com\/pt-br\/produto\/c92500-bronze-com-chumbo-sae-640-cda-925\/","schema":{"@context":"https:\/\/schema.org","@graph":[{"@type":"WebPage","@id":"https:\/\/conexmetals.com\/pt-br\/produto\/c92500-bronze-com-chumbo-sae-640-cda-925\/","url":"https:\/\/conexmetals.com\/pt-br\/produto\/c92500-bronze-com-chumbo-sae-640-cda-925\/","name":"C92500 Bronze com chumbo, SAE 640 (CDA 925)","isPartOf":{"@id":"https:\/\/conexmetals.com\/pt-br\/#website"},"datePublished":"2024-07-15T11:40:47+00:00","dateModified":"2024-09-16T06:33:17+00:00","description":"Liga C92500, Bronze C92500, Liga de Bronze CDA 925, Liga de Bronze Mangan\u00eas, Fundi\u00e7\u00e3o de fundi\u00e7\u00e3o, Fundi\u00e7\u00e3o de Bronze C92500, Fundi\u00e7\u00e3o de liga de Bronze CDA 925, Fundi\u00e7\u00e3o de fundi\u00e7\u00e3o de bronze mangan\u00eas, Bronze C92500, CDA 925, Fundi\u00e7\u00e3o \u00cdndia, Fundi\u00e7\u00e3o indiana, Fundi\u00e7\u00e3o usinada em CNC, Fabricante da \u00cdndia, Fornecedor, \u00cdndia","breadcrumb":{"@id":"https:\/\/conexmetals.com\/pt-br\/produto\/c92500-bronze-com-chumbo-sae-640-cda-925\/#breadcrumb"},"inLanguage":"pt-BR","potentialAction":[{"@type":"ReadAction","target":["https:\/\/conexmetals.com\/pt-br\/produto\/c92500-bronze-com-chumbo-sae-640-cda-925\/"]}]},{"@type":"BreadcrumbList","@id":"https:\/\/conexmetals.com\/pt-br\/produto\/c92500-bronze-com-chumbo-sae-640-cda-925\/#breadcrumb","itemListElement":[{"@type":"ListItem","position":1,"name":"Home","item":"https:\/\/conexmetals.com\/pt-br\/lar\/"},{"@type":"ListItem","position":2,"name":"Products","item":"https:\/\/conexmetals.com\/products\/"},{"@type":"ListItem","position":3,"name":"C92500 Bronze com chumbo, SAE 640 (CDA 925)"}]},{"@type":"WebSite","@id":"https:\/\/conexmetals.com\/pt-br\/#website","url":"https:\/\/conexmetals.com\/pt-br\/","name":"Conex Metals Brass Fittings Brass Parts Copper Parts Brass Components Brass Plumbing Fittings India","description":"Manufacturer of Bronze Fittings casting Copper Brass parts components","publisher":{"@id":"https:\/\/conexmetals.com\/pt-br\/#organization"},"potentialAction":[{"@type":"SearchAction","target":{"@type":"EntryPoint","urlTemplate":"https:\/\/conexmetals.com\/pt-br\/?s={search_term_string}"},"query-input":{"@type":"PropertyValueSpecification","valueRequired":true,"valueName":"search_term_string"}}],"inLanguage":"pt-BR"},{"@type":"Organization","@id":"https:\/\/conexmetals.com\/pt-br\/#organization","name":"Conex Metals Brass Fittings Brass Parts Copper Parts Brass Components Brass Plumbing Fittings India","url":"https:\/\/conexmetals.com\/pt-br\/","logo":{"@type":"ImageObject","inLanguage":"pt-BR","@id":"https:\/\/conexmetals.com\/pt-br\/#\/schema\/logo\/image\/","url":"https:\/\/conexmetals.com\/wp-content\/uploads\/2024\/03\/conex-metals-logo.webp","contentUrl":"https:\/\/conexmetals.com\/wp-content\/uploads\/2024\/03\/conex-metals-logo.webp","width":300,"height":121,"caption":"Conex Metals Brass Fittings Brass Parts Copper Parts Brass Components Brass Plumbing Fittings India"},"image":{"@id":"https:\/\/conexmetals.com\/pt-br\/#\/schema\/logo\/image\/"},"sameAs":["https:\/\/www.facebook.com\/conexbrass","https:\/\/x.com\/conexindia","https:\/\/www.linkedin.com\/company\/conex-metals-india\/","https:\/\/www.instagram.com\/conexindia\/"]}]}},"_links":{"self":[{"href":"https:\/\/conexmetals.com\/pt-br\/wp-json\/wp\/v2\/product\/10008","targetHints":{"allow":["GET"]}}],"collection":[{"href":"https:\/\/conexmetals.com\/pt-br\/wp-json\/wp\/v2\/product"}],"about":[{"href":"https:\/\/conexmetals.com\/pt-br\/wp-json\/wp\/v2\/types\/product"}],"wp:attachment":[{"href":"https:\/\/conexmetals.com\/pt-br\/wp-json\/wp\/v2\/media?parent=10008"}],"wp:term":[{"taxonomy":"product_brand","embeddable":true,"href":"https:\/\/conexmetals.com\/pt-br\/wp-json\/wp\/v2\/product_brand?post=10008"},{"taxonomy":"product_cat","embeddable":true,"href":"https:\/\/conexmetals.com\/pt-br\/wp-json\/wp\/v2\/product_cat?post=10008"},{"taxonomy":"product_tag","embeddable":true,"href":"https:\/\/conexmetals.com\/pt-br\/wp-json\/wp\/v2\/product_tag?post=10008"}],"curies":[{"name":"wp","href":"https:\/\/api.w.org\/{rel}","templated":true}]}}